{"id":48721,"date":"2026-03-15T21:19:41","date_gmt":"2026-03-15T20:19:41","guid":{"rendered":"https:\/\/idonim-lingerie.fr\/?post_type=product&#038;p=48721"},"modified":"2026-03-30T08:07:45","modified_gmt":"2026-03-30T06:07:45","slug":"coffret-boxer-homme-jersey-gris-chine-clair","status":"publish","type":"product","link":"https:\/\/idonim-lingerie.fr\/en\/product\/coffret-boxer-homme-jersey-gris-chine-clair\/","title":{"rendered":"Coffret boxer homme &#8211; jersey gris chin\u00e9 clair"},"content":{"rendered":"<p>One kit contains:<\/p>\n<p>-50x140cm de jersey de coton extensible<\/p>\n<p>&#8211; 1m d&rsquo;\u00e9lastique de taille 32mm<\/p>\n<p>&#8211; 1 bobine de fil polyester 200m<\/p>\n<p>&#8211; 1 \u00e9tui d&rsquo;aiguilles jersey Schmetz<\/p>\n<p>&#8211; 1 \u00e9tui d&rsquo;aiguilles extra fines de la marque Bohin<\/p>\n<p>-1 Pochon en coton<\/p>\n<p><span style=\"color: #b68457;\"><strong>Composition:<\/strong><\/span><\/p>\n<p>Origin : FRANCE<\/p>\n<p><span style=\"color: #b68457;\"><strong>Advice :<\/strong><\/span><\/p>\n<p>&#8211; Utilisation vivement conseill\u00e9e d&rsquo;aiguilles pour tissu extensible<\/p>\n<p>- Wash at 40\u00b0C max.<\/p>","protected":false},"excerpt":{"rendered":"<p data-start=\"173\" data-end=\"375\">R\u00e9alisez votre propre <strong data-start=\"70\" data-end=\"85\">boxer homme<\/strong> gr\u00e2ce \u00e0 ce coffret complet, pens\u00e9 pour allier <strong data-start=\"132\" data-end=\"186\">confort, qualit\u00e9 des mati\u00e8res et plaisir de coudre<\/strong>. Coffret adapt\u00e9 aux d\u00e9butants en couture lingerie.<\/p>\n<div class=\"flex flex-col text-sm pb-25\">\n<article class=\"text-token-text-primary w-full focus:outline-none [--shadow-height:45px] has-data-writing-block:pointer-events-none has-data-writing-block:-mt-(--shadow-height) has-data-writing-block:pt-(--shadow-height) [&amp;:has([data-writing-block])&gt;*]:pointer-events-auto scroll-mt-[calc(var(--header-height)+min(200px,max(70px,20svh)))]\" dir=\"auto\" tabindex=\"-1\" data-turn-id=\"request-69aa0770-f3fc-8393-b6b6-215f56432e3f-0\" data-testid=\"conversation-turn-6\" data-scroll-anchor=\"true\" data-turn=\"assistant\">\n<div class=\"text-base my-auto mx-auto pb-10 [--thread-content-margin:var(--thread-content-margin-xs,calc(var(--spacing)*4))] @w-sm\/main:[--thread-content-margin:var(--thread-content-margin-sm,calc(var(--spacing)*6))] @w-lg\/main:[--thread-content-margin:var(--thread-content-margin-lg,calc(var(--spacing)*16))] px-(--thread-content-margin)\">\n<div class=\"[--thread-content-max-width:40rem] @w-lg\/main:[--thread-content-max-width:48rem] mx-auto max-w-(--thread-content-max-width) flex-1 group\/turn-messages focus-visible:outline-hidden relative flex w-full min-w-0 flex-col agent-turn\" tabindex=\"-1\">\n<div class=\"flex max-w-full flex-col gap-4 grow\">\n<div class=\"min-h-8 text-message relative flex w-full flex-col items-end gap-2 text-start break-words whitespace-normal [.text-message+&amp;]:mt-1\" dir=\"auto\" data-message-author-role=\"assistant\" data-message-id=\"01b26235-5f43-470e-a90d-f055bec28dbf\" data-message-model-slug=\"gpt-5-3\">\n<div class=\"flex w-full flex-col gap-1 empty:hidden\">\n<div class=\"markdown prose dark:prose-invert w-full wrap-break-word light markdown-new-styling\">\n<p data-start=\"189\" data-end=\"444\">Au c\u0153ur de ce coffret, un <strong data-start=\"215\" data-end=\"252\">tissu en jersey de coton extensible de tr\u00e8s belle qualit\u00e9<\/strong>, souple et doux, offrant <strong data-start=\"281\" data-end=\"320\">une excellente tenue<\/strong>. Sa maille extensible garantit un boxer confortable au port\u00e9, parfaitement adapt\u00e9 \u00e0 la couture de sous-v\u00eatements masculins.<\/p>\n<p data-start=\"446\" data-end=\"559\">Ce coffret rassemble les fournitures essentielles pour vous lancer sereinement dans la confection de votre boxer.<\/p>\n<h4 data-start=\"561\" data-end=\"585\">Le coffret comprend<\/h4>\n<ul data-start=\"586\" data-end=\"878\">\n<li data-section-id=\"n4ukn7\" data-start=\"586\" data-end=\"675\">\n<p data-start=\"588\" data-end=\"675\">un <strong data-start=\"591\" data-end=\"616\">coupon de tissu Jersey<\/strong>\u00a0de <strong data-start=\"620\" data-end=\"629\">50 cm<\/strong> de long, id\u00e9al pour la r\u00e9alisation du boxer que vous pourrez \u00e9galement utiliser pour la doublure du gousset et de la poche<\/p>\n<\/li>\n<li data-section-id=\"1sif8zv\" data-start=\"729\" data-end=\"784\">\n<p data-start=\"731\" data-end=\"784\">un <strong data-start=\"734\" data-end=\"757\">\u00e9lastique de taille<\/strong> confortable et r\u00e9sistant<\/p>\n<\/li>\n<li data-section-id=\"zvuvnx\" data-start=\"785\" data-end=\"845\">\n<p data-start=\"787\" data-end=\"845\">un <strong data-start=\"790\" data-end=\"810\">\u00e9tui d\u2019aiguilles<\/strong> adapt\u00e9 \u00e0 la couture de la maille<\/p>\n<\/li>\n<li data-section-id=\"imnsjh\" data-start=\"846\" data-end=\"878\">\n<p data-start=\"848\" data-end=\"878\">une <strong data-start=\"852\" data-end=\"869\">bobine de fil<\/strong> assortie<\/p>\n<\/li>\n<li data-section-id=\"imnsjh\" data-start=\"846\" data-end=\"878\">un \u00e9tui d&rsquo;\u00e9pingles extra fines adapt\u00e9es \u00e0 la lingerie<\/li>\n<\/ul>\n<p data-start=\"880\" data-end=\"1002\">Le <strong data-start=\"883\" data-end=\"902\">patron Ambroise<\/strong>, sp\u00e9cialement con\u00e7u pour la r\u00e9alisation de boxers homme, est <strong data-start=\"964\" data-end=\"985\">propos\u00e9 en option dans sa version t\u00e9l\u00e9chargeable au format\u00a0 A4 et A1<\/strong>.<\/p>\n<p data-start=\"1004\" data-end=\"1110\">L\u2019ensemble est pr\u00e9sent\u00e9 dans un <strong data-start=\"1036\" data-end=\"1055\">pochon en coton<\/strong>, pour un coffret soign\u00e9, pr\u00eat \u00e0 offrir\u2026 ou \u00e0 s\u2019offrir.<\/p>\n<h4 data-start=\"1112\" data-end=\"1144\">Pourquoi vous allez l\u2019aimer<\/h4>\n<ul data-start=\"1145\" data-end=\"1338\">\n<li data-section-id=\"gvlolt\" data-start=\"1145\" data-end=\"1230\">\n<p data-start=\"1147\" data-end=\"1230\">une s\u00e9lection de <strong data-start=\"1164\" data-end=\"1187\">mati\u00e8res de qualit\u00e9<\/strong>, adapt\u00e9es \u00e0 la couture de sous-v\u00eatements<\/p>\n<\/li>\n<li data-section-id=\"a1rzc4\" data-start=\"1231\" data-end=\"1275\">\n<p data-start=\"1233\" data-end=\"1275\">un coffret <strong data-start=\"1244\" data-end=\"1273\">pratique et pr\u00eat \u00e0 coudre<\/strong><\/p>\n<\/li>\n<li data-section-id=\"zj0a6h\" data-start=\"1276\" data-end=\"1338\">\n<p data-start=\"1278\" data-end=\"1338\">la satisfaction de <strong data-start=\"1297\" data-end=\"1338\">cr\u00e9er un boxer confortable et durable<\/strong><\/p>\n<\/li>\n<\/ul>\n<p data-start=\"1340\" data-end=\"1479\" data-is-last-node=\"\" data-is-only-node=\"\">Un coffret id\u00e9al pour d\u00e9couvrir ou approfondir la <strong data-start=\"1390\" data-end=\"1419\">couture de lingerie homme<\/strong>, avec l\u2019exigence et le soin apport\u00e9s aux s\u00e9lections Idonim.<\/p>\n<\/div>\n<\/div>\n<\/div>\n<\/div>\n<div><\/div>\n<div class=\"z-0 flex min-h-[46px] justify-start\"><strong>Vendu \u00e0 l&rsquo;unit\u00e9<\/strong><\/div>\n<div class=\"mt-3 w-full empty:hidden\">\n<div class=\"text-center\"><\/div>\n<\/div>\n<\/div>\n<\/div>\n<\/article>\n<\/div>\n<div class=\"pointer-events-none h-px w-px absolute bottom-0\" aria-hidden=\"true\" data-edge=\"true\"><\/div>\n","protected":false},"featured_media":48738,"comment_status":"closed","ping_status":"closed","template":"","meta":[],"product_brand":[],"product_cat":[723,184,710,161],"product_tag":[],"class_list":{"0":"post-48721","1":"product","2":"type-product","3":"status-publish","4":"has-post-thumbnail","6":"product_cat-coffret-homme","7":"product_cat-kits","8":"product_cat-kits-speciales-debutantes","9":"product_cat-nouveautes","10":"product_shipping_class-outils","12":"first","13":"instock","14":"taxable","15":"shipping-taxable","16":"purchasable","17":"product-type-variable"},"yoast_head":"<!-- This site is optimized with the Yoast SEO plugin v27.3 - https:\/\/yoast.com\/product\/yoast-seo-wordpress\/ -->\n<title>Coffret boxer homme - jersey gris chin\u00e9 clair - Idonim Lingerie<\/title>\n<meta name=\"description\" content=\"kit pour coudre un boxer homme en jersey de coton gris. Facile d&#039;utilisation sp\u00e9cial d\u00e9butant. Il comprend toutes les fournitures n\u00e9cessaires.\" \/>\n<meta name=\"robots\" content=\"index, follow, max-snippet:-1, max-image-preview:large, max-video-preview:-1\" \/>\n<link rel=\"canonical\" href=\"https:\/\/idonim-lingerie.fr\/en\/product\/coffret-boxer-homme-jersey-gris-chine-clair\/\" \/>\n<meta property=\"og:locale\" content=\"en_GB\" \/>\n<meta property=\"og:type\" content=\"article\" \/>\n<meta property=\"og:title\" content=\"Coffret boxer homme - jersey gris chin\u00e9 clair - Idonim Lingerie\" \/>\n<meta property=\"og:description\" content=\"kit pour coudre un boxer homme en jersey de coton gris. Facile d&#039;utilisation sp\u00e9cial d\u00e9butant. Il comprend toutes les fournitures n\u00e9cessaires.\" \/>\n<meta property=\"og:url\" content=\"https:\/\/idonim-lingerie.fr\/en\/product\/coffret-boxer-homme-jersey-gris-chine-clair\/\" \/>\n<meta property=\"og:site_name\" content=\"Idonim Lingerie\" \/>\n<meta property=\"article:modified_time\" content=\"2026-03-30T06:07:45+00:00\" \/>\n<meta property=\"og:image\" content=\"https:\/\/idonim-lingerie.fr\/wp-content\/uploads\/2026\/03\/boxer-homme-gris-chine-clair.png\" \/>\n\t<meta property=\"og:image:width\" content=\"427\" \/>\n\t<meta property=\"og:image:height\" content=\"640\" \/>\n\t<meta property=\"og:image:type\" content=\"image\/png\" \/>\n<meta name=\"twitter:card\" content=\"summary_large_image\" \/>\n<meta name=\"twitter:label1\" content=\"Estimated reading time\" \/>\n\t<meta name=\"twitter:data1\" content=\"1 minute\" \/>\n<script type=\"application\/ld+json\" class=\"yoast-schema-graph\">{\"@context\":\"https:\\\/\\\/schema.org\",\"@graph\":[{\"@type\":\"WebPage\",\"@id\":\"https:\\\/\\\/idonim-lingerie.fr\\\/produit\\\/coffret-boxer-homme-jersey-gris-chine-clair\\\/\",\"url\":\"https:\\\/\\\/idonim-lingerie.fr\\\/produit\\\/coffret-boxer-homme-jersey-gris-chine-clair\\\/\",\"name\":\"Coffret boxer homme - jersey gris chin\u00e9 clair - Idonim Lingerie\",\"isPartOf\":{\"@id\":\"https:\\\/\\\/idonim-lingerie.fr\\\/#website\"},\"primaryImageOfPage\":{\"@id\":\"https:\\\/\\\/idonim-lingerie.fr\\\/produit\\\/coffret-boxer-homme-jersey-gris-chine-clair\\\/#primaryimage\"},\"image\":{\"@id\":\"https:\\\/\\\/idonim-lingerie.fr\\\/produit\\\/coffret-boxer-homme-jersey-gris-chine-clair\\\/#primaryimage\"},\"thumbnailUrl\":\"https:\\\/\\\/idonim-lingerie.fr\\\/wp-content\\\/uploads\\\/2026\\\/03\\\/boxer-homme-gris-chine-clair.png\",\"datePublished\":\"2026-03-15T20:19:41+00:00\",\"dateModified\":\"2026-03-30T06:07:45+00:00\",\"description\":\"kit pour coudre un boxer homme en jersey de coton gris. Facile d'utilisation sp\u00e9cial d\u00e9butant. Il comprend toutes les fournitures n\u00e9cessaires.\",\"breadcrumb\":{\"@id\":\"https:\\\/\\\/idonim-lingerie.fr\\\/produit\\\/coffret-boxer-homme-jersey-gris-chine-clair\\\/#breadcrumb\"},\"inLanguage\":\"en-GB\",\"potentialAction\":[{\"@type\":\"ReadAction\",\"target\":[\"https:\\\/\\\/idonim-lingerie.fr\\\/produit\\\/coffret-boxer-homme-jersey-gris-chine-clair\\\/\"]}]},{\"@type\":\"ImageObject\",\"inLanguage\":\"en-GB\",\"@id\":\"https:\\\/\\\/idonim-lingerie.fr\\\/produit\\\/coffret-boxer-homme-jersey-gris-chine-clair\\\/#primaryimage\",\"url\":\"https:\\\/\\\/idonim-lingerie.fr\\\/wp-content\\\/uploads\\\/2026\\\/03\\\/boxer-homme-gris-chine-clair.png\",\"contentUrl\":\"https:\\\/\\\/idonim-lingerie.fr\\\/wp-content\\\/uploads\\\/2026\\\/03\\\/boxer-homme-gris-chine-clair.png\",\"width\":427,\"height\":640,\"caption\":\"coffret couture boxer jersey gris chin\u00e9 clair\"},{\"@type\":\"BreadcrumbList\",\"@id\":\"https:\\\/\\\/idonim-lingerie.fr\\\/produit\\\/coffret-boxer-homme-jersey-gris-chine-clair\\\/#breadcrumb\",\"itemListElement\":[{\"@type\":\"ListItem\",\"position\":1,\"name\":\"Accueil\",\"item\":\"https:\\\/\\\/idonim-lingerie.fr\\\/en\\\/\"},{\"@type\":\"ListItem\",\"position\":2,\"name\":\"Boutique\",\"item\":\"https:\\\/\\\/idonim-lingerie.fr\\\/shop\\\/\"},{\"@type\":\"ListItem\",\"position\":3,\"name\":\"Coffret boxer homme &#8211; jersey gris chin\u00e9 clair\"}]},{\"@type\":\"WebSite\",\"@id\":\"https:\\\/\\\/idonim-lingerie.fr\\\/#website\",\"url\":\"https:\\\/\\\/idonim-lingerie.fr\\\/\",\"name\":\"Idonim Lingerie\",\"description\":\"Idonim offre une s\u00e9lection vari\u00e9e de tissus, dentelles et accessoires pour vos cr\u00e9ations. Livraison rapide. Ateliers P\u00e9dagogiques. Cr\u00e9ation De Qualit\u00e9. M\u00ealant Style Et Confort.\",\"publisher\":{\"@id\":\"https:\\\/\\\/idonim-lingerie.fr\\\/#organization\"},\"potentialAction\":[{\"@type\":\"SearchAction\",\"target\":{\"@type\":\"EntryPoint\",\"urlTemplate\":\"https:\\\/\\\/idonim-lingerie.fr\\\/?s={search_term_string}\"},\"query-input\":{\"@type\":\"PropertyValueSpecification\",\"valueRequired\":true,\"valueName\":\"search_term_string\"}}],\"inLanguage\":\"en-GB\"},{\"@type\":\"Organization\",\"@id\":\"https:\\\/\\\/idonim-lingerie.fr\\\/#organization\",\"name\":\"Idonim Lingerie\",\"url\":\"https:\\\/\\\/idonim-lingerie.fr\\\/\",\"logo\":{\"@type\":\"ImageObject\",\"inLanguage\":\"en-GB\",\"@id\":\"https:\\\/\\\/idonim-lingerie.fr\\\/#\\\/schema\\\/logo\\\/image\\\/\",\"url\":\"https:\\\/\\\/idonim-lingerie.fr\\\/wp-content\\\/uploads\\\/2025\\\/12\\\/idonim_h28.webp\",\"contentUrl\":\"https:\\\/\\\/idonim-lingerie.fr\\\/wp-content\\\/uploads\\\/2025\\\/12\\\/idonim_h28.webp\",\"width\":111,\"height\":28,\"caption\":\"Idonim Lingerie\"},\"image\":{\"@id\":\"https:\\\/\\\/idonim-lingerie.fr\\\/#\\\/schema\\\/logo\\\/image\\\/\"}}]}<\/script>\n<!-- \/ Yoast SEO plugin. -->","yoast_head_json":{"title":"Coffret boxer homme - jersey gris chin\u00e9 clair - Idonim Lingerie","description":"kit pour coudre un boxer homme en jersey de coton gris. Facile d'utilisation sp\u00e9cial d\u00e9butant. Il comprend toutes les fournitures n\u00e9cessaires.","robots":{"index":"index","follow":"follow","max-snippet":"max-snippet:-1","max-image-preview":"max-image-preview:large","max-video-preview":"max-video-preview:-1"},"canonical":"https:\/\/idonim-lingerie.fr\/en\/product\/coffret-boxer-homme-jersey-gris-chine-clair\/","og_locale":"en_GB","og_type":"article","og_title":"Coffret boxer homme - jersey gris chin\u00e9 clair - Idonim Lingerie","og_description":"kit pour coudre un boxer homme en jersey de coton gris. Facile d'utilisation sp\u00e9cial d\u00e9butant. Il comprend toutes les fournitures n\u00e9cessaires.","og_url":"https:\/\/idonim-lingerie.fr\/en\/product\/coffret-boxer-homme-jersey-gris-chine-clair\/","og_site_name":"Idonim Lingerie","article_modified_time":"2026-03-30T06:07:45+00:00","og_image":[{"width":427,"height":640,"url":"https:\/\/idonim-lingerie.fr\/wp-content\/uploads\/2026\/03\/boxer-homme-gris-chine-clair.png","type":"image\/png"}],"twitter_card":"summary_large_image","twitter_misc":{"Estimated reading time":"1 minute"},"schema":{"@context":"https:\/\/schema.org","@graph":[{"@type":"WebPage","@id":"https:\/\/idonim-lingerie.fr\/produit\/coffret-boxer-homme-jersey-gris-chine-clair\/","url":"https:\/\/idonim-lingerie.fr\/produit\/coffret-boxer-homme-jersey-gris-chine-clair\/","name":"Coffret boxer homme - jersey gris chin\u00e9 clair - Idonim Lingerie","isPartOf":{"@id":"https:\/\/idonim-lingerie.fr\/#website"},"primaryImageOfPage":{"@id":"https:\/\/idonim-lingerie.fr\/produit\/coffret-boxer-homme-jersey-gris-chine-clair\/#primaryimage"},"image":{"@id":"https:\/\/idonim-lingerie.fr\/produit\/coffret-boxer-homme-jersey-gris-chine-clair\/#primaryimage"},"thumbnailUrl":"https:\/\/idonim-lingerie.fr\/wp-content\/uploads\/2026\/03\/boxer-homme-gris-chine-clair.png","datePublished":"2026-03-15T20:19:41+00:00","dateModified":"2026-03-30T06:07:45+00:00","description":"kit pour coudre un boxer homme en jersey de coton gris. Facile d'utilisation sp\u00e9cial d\u00e9butant. Il comprend toutes les fournitures n\u00e9cessaires.","breadcrumb":{"@id":"https:\/\/idonim-lingerie.fr\/produit\/coffret-boxer-homme-jersey-gris-chine-clair\/#breadcrumb"},"inLanguage":"en-GB","potentialAction":[{"@type":"ReadAction","target":["https:\/\/idonim-lingerie.fr\/produit\/coffret-boxer-homme-jersey-gris-chine-clair\/"]}]},{"@type":"ImageObject","inLanguage":"en-GB","@id":"https:\/\/idonim-lingerie.fr\/produit\/coffret-boxer-homme-jersey-gris-chine-clair\/#primaryimage","url":"https:\/\/idonim-lingerie.fr\/wp-content\/uploads\/2026\/03\/boxer-homme-gris-chine-clair.png","contentUrl":"https:\/\/idonim-lingerie.fr\/wp-content\/uploads\/2026\/03\/boxer-homme-gris-chine-clair.png","width":427,"height":640,"caption":"coffret couture boxer jersey gris chin\u00e9 clair"},{"@type":"BreadcrumbList","@id":"https:\/\/idonim-lingerie.fr\/produit\/coffret-boxer-homme-jersey-gris-chine-clair\/#breadcrumb","itemListElement":[{"@type":"ListItem","position":1,"name":"Accueil","item":"https:\/\/idonim-lingerie.fr\/en\/"},{"@type":"ListItem","position":2,"name":"Boutique","item":"https:\/\/idonim-lingerie.fr\/shop\/"},{"@type":"ListItem","position":3,"name":"Coffret boxer homme &#8211; jersey gris chin\u00e9 clair"}]},{"@type":"WebSite","@id":"https:\/\/idonim-lingerie.fr\/#website","url":"https:\/\/idonim-lingerie.fr\/","name":"Idonim Lingerie","description":"Idonim offers a wide selection of fabrics, laces and accessories for your creations. Fast delivery. Educational workshops. Quality creation. Mixing Style and Comfort.","publisher":{"@id":"https:\/\/idonim-lingerie.fr\/#organization"},"potentialAction":[{"@type":"SearchAction","target":{"@type":"EntryPoint","urlTemplate":"https:\/\/idonim-lingerie.fr\/?s={search_term_string}"},"query-input":{"@type":"PropertyValueSpecification","valueRequired":true,"valueName":"search_term_string"}}],"inLanguage":"en-GB"},{"@type":"Organization","@id":"https:\/\/idonim-lingerie.fr\/#organization","name":"Idonim Lingerie","url":"https:\/\/idonim-lingerie.fr\/","logo":{"@type":"ImageObject","inLanguage":"en-GB","@id":"https:\/\/idonim-lingerie.fr\/#\/schema\/logo\/image\/","url":"https:\/\/idonim-lingerie.fr\/wp-content\/uploads\/2025\/12\/idonim_h28.webp","contentUrl":"https:\/\/idonim-lingerie.fr\/wp-content\/uploads\/2025\/12\/idonim_h28.webp","width":111,"height":28,"caption":"Idonim Lingerie"},"image":{"@id":"https:\/\/idonim-lingerie.fr\/#\/schema\/logo\/image\/"}}]}},"_links":{"self":[{"href":"https:\/\/idonim-lingerie.fr\/en\/wp-json\/wp\/v2\/product\/48721","targetHints":{"allow":["GET"]}}],"collection":[{"href":"https:\/\/idonim-lingerie.fr\/en\/wp-json\/wp\/v2\/product"}],"about":[{"href":"https:\/\/idonim-lingerie.fr\/en\/wp-json\/wp\/v2\/types\/product"}],"replies":[{"embeddable":true,"href":"https:\/\/idonim-lingerie.fr\/en\/wp-json\/wp\/v2\/comments?post=48721"}],"wp:featuredmedia":[{"embeddable":true,"href":"https:\/\/idonim-lingerie.fr\/en\/wp-json\/wp\/v2\/media\/48738"}],"wp:attachment":[{"href":"https:\/\/idonim-lingerie.fr\/en\/wp-json\/wp\/v2\/media?parent=48721"}],"wp:term":[{"taxonomy":"product_brand","embeddable":true,"href":"https:\/\/idonim-lingerie.fr\/en\/wp-json\/wp\/v2\/product_brand?post=48721"},{"taxonomy":"product_cat","embeddable":true,"href":"https:\/\/idonim-lingerie.fr\/en\/wp-json\/wp\/v2\/product_cat?post=48721"},{"taxonomy":"product_tag","embeddable":true,"href":"https:\/\/idonim-lingerie.fr\/en\/wp-json\/wp\/v2\/product_tag?post=48721"}],"curies":[{"name":"wp","href":"https:\/\/api.w.org\/{rel}","templated":true}]}}