{"id":48346,"date":"2026-02-21T14:14:51","date_gmt":"2026-02-21T13:14:51","guid":{"rendered":"https:\/\/idonim-lingerie.fr\/?post_type=product&#038;p=48346"},"modified":"2026-03-30T14:33:19","modified_gmt":"2026-03-30T12:33:19","slug":"kit-matieres-soutien-gorge-moyenne-ou-grande-taille-dentelle-florale-chair-bordeaux","status":"publish","type":"product","link":"https:\/\/idonim-lingerie.fr\/en\/product\/kit-matieres-soutien-gorge-moyenne-ou-grande-taille-dentelle-florale-chair-bordeaux\/","title":{"rendered":"Kit mati\u00e8res soutien gorge moyenne ou grande taille &#8211;  dentelle florale chair bordeaux"},"content":{"rendered":"<p>One kit contains:<\/p>\n<p>-30x75cm of powernet medium<\/p>\n<p>&#8211; 3m de dentelle\u00a0 &#8211; largeur 21cm &#8211; festonn\u00e9e des 2 c\u00f4t\u00e9s &#8211;<strong> elle est extensible<\/strong><\/p>\n<p>&#8211; 30x140cm de marquisette<\/p>\n<p>&#8211; 2m d&rsquo;\u00e9lastique \u00e0 bretelles 15mm (taille moyenne)\u00a0 &#8211; 18mm (grande taille)<\/p>\n<p>-2m of 15mm support elastic<\/p>\n<p>-2m of 10-12mm scalloped elastic<\/p>\n<p>-1m of 6mm flat elastic<\/p>\n<p>- 1m of 10mm armature cover<\/p>\n<p>- a set of 3\u00d73 bra fasteners<\/p>\n<p>- 2 rings, 2 adjusters and 1 knot<\/p>\n<p><span style=\"color: #b68457\"><strong>Composition:<\/strong><\/span><\/p>\n<p>Origin : FRANCE<\/p>\n<p><span style=\"color: #b68457\"><strong>Advice :<\/strong><\/span><\/p>\n<p>- Use of stretch needles is highly recommended<\/p>\n<p>- Wash at 40\u00b0C max.<\/p>","protected":false},"excerpt":{"rendered":"<p data-start=\"305\" data-end=\"589\">Ce kit mati\u00e8re a \u00e9t\u00e9 imagin\u00e9 pour r\u00e9aliser un soutien-gorge \u00e9l\u00e9gant et structur\u00e9 dans une <strong data-start=\"395\" data-end=\"440\">dentelle extensible de tr\u00e8s belle qualit\u00e9<\/strong>, sublim\u00e9e par un motif floral aux nuances chairs, bordeaux et rouges profonds.<br data-start=\"519\" data-end=\"522\" \/>Une s\u00e9lection raffin\u00e9e, pens\u00e9e pour conjuguer f\u00e9minit\u00e9 et maintien.<\/p>\n<p data-start=\"591\" data-end=\"810\">Con\u00e7u pour les <strong data-start=\"606\" data-end=\"637\">moyennes et grandes tailles<\/strong>, ce kit comprend des <strong data-start=\"659\" data-end=\"710\">bretelles et accessoires adapt\u00e9s (15 ou 180 mm selon la taille)<\/strong> afin d\u2019assurer un meilleur soutien et un confort optimal, sans compromettre l\u2019esth\u00e9tique du mod\u00e8le.<\/p>\n<p data-start=\"812\" data-end=\"1079\">Le coffret est <strong data-start=\"827\" data-end=\"838\">complet<\/strong> et contient l\u2019ensemble des fournitures n\u00e9cessaires \u00e0 la confection de votre soutien-gorge :<br data-start=\"930\" data-end=\"933\" \/>\u2013 dentelle extensible<br data-start=\"954\" data-end=\"957\" \/>\u2013 \u00e9lastiques coordonn\u00e9s<br data-start=\"980\" data-end=\"983\" \/>\u2013 cache armatures<br data-start=\"994\" data-end=\"997\" \/>\u2013 agrafage adapt\u00e9<br data-start=\"1014\" data-end=\"1017\" \/>\u2013 anneaux et r\u00e9gleurs proportionn\u00e9s \u00e0 la largeur de bretelle<\/p>\n<p data-start=\"1081\" data-end=\"1200\"><em data-start=\"1081\" data-end=\"1200\">(hors armatures, disponibles s\u00e9par\u00e9ment sur le site afin d\u2019ajuster pr\u00e9cis\u00e9ment \u00e0 votre taille et \u00e0 votre morphologie)<\/em><\/p>\n<p data-start=\"1202\" data-end=\"1549\">Les mati\u00e8res ont \u00e9t\u00e9 <strong data-start=\"1223\" data-end=\"1278\">sp\u00e9cialement s\u00e9lectionn\u00e9es pour la couture lingerie<\/strong>, avec une attention particuli\u00e8re port\u00e9e \u00e0 leur r\u00e9sistance, leur \u00e9lasticit\u00e9 ma\u00eetris\u00e9e et leur capacit\u00e9 de maintien. Cette exigence dans le choix des fournitures constitue un v\u00e9ritable <strong data-start=\"1462\" data-end=\"1482\">gage de r\u00e9ussite<\/strong>, notamment pour les tailles n\u00e9cessitant un soutien plus structur\u00e9.<\/p>\n<p data-start=\"1551\" data-end=\"1765\">Ce kit est parfaitement adapt\u00e9 aux patrons <strong data-start=\"1592\" data-end=\"1601\"><a href=\"https:\/\/idonim-lingerie.fr\/en\/product\/patron-soutien-gorge-luccia-format-pdf\/\">Luccia<\/a> and <a href=\"https:\/\/idonim-lingerie.fr\/en\/product\/patron-soutien-gorge-a-armatures-lilly\/\">Lilly<\/a><\/strong>.<br data-start=\"1602\" data-end=\"1605\" \/>Si vous ne poss\u00e9dez pas encore le patron, vous pouvez \u00e9galement les retrouver sur le site, ainsi que la <strong data-start=\"1708\" data-end=\"1730\">culotte coordonn\u00e9e<\/strong> pour cr\u00e9er un ensemble harmonieux.<\/p>\n<p data-start=\"1767\" data-end=\"1943\">Un projet technique, \u00e9l\u00e9gant et parfaitement \u00e9quilibr\u00e9, soutenu par des mati\u00e8res professionnelles soigneusement choisies pour garantir un r\u00e9sultat \u00e0 la hauteur de vos attentes.<\/p>\n<p>Le fil polyester Mettler coordonn\u00e9 est le coloris 0779.<\/p>\n<p>Sold per unit<\/p>","protected":false},"featured_media":48357,"comment_status":"closed","ping_status":"closed","template":"","meta":[],"product_brand":[],"product_cat":[664,576,184,185,161],"product_tag":[],"class_list":{"0":"post-48346","1":"product","2":"type-product","3":"status-publish","4":"has-post-thumbnail","6":"product_cat-kit-soutien-gorge-grande-taille","7":"product_cat-kit-soutien-gorge-moyenne-taille","8":"product_cat-kits","9":"product_cat-kits-soutien-gorge","10":"product_cat-nouveautes","11":"product_shipping_class-outils","13":"first","14":"instock","15":"taxable","16":"shipping-taxable","17":"purchasable","18":"product-type-variable"},"yoast_head":"<!-- This site is optimized with the Yoast SEO plugin v27.3 - https:\/\/yoast.com\/product\/yoast-seo-wordpress\/ -->\n<title>Kit mati\u00e8res soutien gorge moyenne ou grande taille - dentelle florale chair bordeaux - Idonim Lingerie<\/title>\n<meta name=\"description\" content=\"kit pour coudre son soutien gorge en dentelle avec armatures. Facile d&#039;utilisation il comprend toutes les fournitures n\u00e9cessaires de tr\u00e8s belle qualit\u00e9.\" \/>\n<meta name=\"robots\" content=\"index, follow, max-snippet:-1, max-image-preview:large, max-video-preview:-1\" \/>\n<link rel=\"canonical\" href=\"https:\/\/idonim-lingerie.fr\/en\/product\/kit-matieres-soutien-gorge-moyenne-ou-grande-taille-dentelle-florale-chair-bordeaux\/\" \/>\n<meta property=\"og:locale\" content=\"en_GB\" \/>\n<meta property=\"og:type\" content=\"article\" \/>\n<meta property=\"og:title\" content=\"Kit mati\u00e8res soutien gorge moyenne ou grande taille - dentelle florale chair bordeaux - Idonim Lingerie\" \/>\n<meta property=\"og:description\" content=\"kit pour coudre son soutien gorge en dentelle avec armatures. Facile d&#039;utilisation il comprend toutes les fournitures n\u00e9cessaires de tr\u00e8s belle qualit\u00e9.\" \/>\n<meta property=\"og:url\" content=\"https:\/\/idonim-lingerie.fr\/en\/product\/kit-matieres-soutien-gorge-moyenne-ou-grande-taille-dentelle-florale-chair-bordeaux\/\" \/>\n<meta property=\"og:site_name\" content=\"Idonim Lingerie\" \/>\n<meta property=\"article:modified_time\" content=\"2026-03-30T12:33:19+00:00\" \/>\n<meta name=\"twitter:card\" content=\"summary_large_image\" \/>\n<meta name=\"twitter:label1\" content=\"Estimated reading time\" \/>\n\t<meta name=\"twitter:data1\" content=\"1 minute\" \/>\n<script type=\"application\/ld+json\" class=\"yoast-schema-graph\">{\"@context\":\"https:\\\/\\\/schema.org\",\"@graph\":[{\"@type\":\"WebPage\",\"@id\":\"https:\\\/\\\/idonim-lingerie.fr\\\/produit\\\/kit-matieres-soutien-gorge-moyenne-ou-grande-taille-dentelle-florale-chair-bordeaux\\\/\",\"url\":\"https:\\\/\\\/idonim-lingerie.fr\\\/produit\\\/kit-matieres-soutien-gorge-moyenne-ou-grande-taille-dentelle-florale-chair-bordeaux\\\/\",\"name\":\"Kit mati\u00e8res soutien gorge moyenne ou grande taille - dentelle florale chair bordeaux - Idonim Lingerie\",\"isPartOf\":{\"@id\":\"https:\\\/\\\/idonim-lingerie.fr\\\/#website\"},\"primaryImageOfPage\":{\"@id\":\"https:\\\/\\\/idonim-lingerie.fr\\\/produit\\\/kit-matieres-soutien-gorge-moyenne-ou-grande-taille-dentelle-florale-chair-bordeaux\\\/#primaryimage\"},\"image\":{\"@id\":\"https:\\\/\\\/idonim-lingerie.fr\\\/produit\\\/kit-matieres-soutien-gorge-moyenne-ou-grande-taille-dentelle-florale-chair-bordeaux\\\/#primaryimage\"},\"thumbnailUrl\":\"https:\\\/\\\/idonim-lingerie.fr\\\/wp-content\\\/uploads\\\/2026\\\/02\\\/kit-matieres-soutien-gorge-medium-grand-pdf.jpg\",\"datePublished\":\"2026-02-21T13:14:51+00:00\",\"dateModified\":\"2026-03-30T12:33:19+00:00\",\"description\":\"kit pour coudre son soutien gorge en dentelle avec armatures. Facile d'utilisation il comprend toutes les fournitures n\u00e9cessaires de tr\u00e8s belle qualit\u00e9.\",\"breadcrumb\":{\"@id\":\"https:\\\/\\\/idonim-lingerie.fr\\\/produit\\\/kit-matieres-soutien-gorge-moyenne-ou-grande-taille-dentelle-florale-chair-bordeaux\\\/#breadcrumb\"},\"inLanguage\":\"en-GB\",\"potentialAction\":[{\"@type\":\"ReadAction\",\"target\":[\"https:\\\/\\\/idonim-lingerie.fr\\\/produit\\\/kit-matieres-soutien-gorge-moyenne-ou-grande-taille-dentelle-florale-chair-bordeaux\\\/\"]}]},{\"@type\":\"ImageObject\",\"inLanguage\":\"en-GB\",\"@id\":\"https:\\\/\\\/idonim-lingerie.fr\\\/produit\\\/kit-matieres-soutien-gorge-moyenne-ou-grande-taille-dentelle-florale-chair-bordeaux\\\/#primaryimage\",\"url\":\"https:\\\/\\\/idonim-lingerie.fr\\\/wp-content\\\/uploads\\\/2026\\\/02\\\/kit-matieres-soutien-gorge-medium-grand-pdf.jpg\",\"contentUrl\":\"https:\\\/\\\/idonim-lingerie.fr\\\/wp-content\\\/uploads\\\/2026\\\/02\\\/kit-matieres-soutien-gorge-medium-grand-pdf.jpg\",\"caption\":\"kit mati\u00e8res soutien gorge m\u00e9dium & grand\"},{\"@type\":\"BreadcrumbList\",\"@id\":\"https:\\\/\\\/idonim-lingerie.fr\\\/produit\\\/kit-matieres-soutien-gorge-moyenne-ou-grande-taille-dentelle-florale-chair-bordeaux\\\/#breadcrumb\",\"itemListElement\":[{\"@type\":\"ListItem\",\"position\":1,\"name\":\"Accueil\",\"item\":\"https:\\\/\\\/idonim-lingerie.fr\\\/en\\\/\"},{\"@type\":\"ListItem\",\"position\":2,\"name\":\"Boutique\",\"item\":\"https:\\\/\\\/idonim-lingerie.fr\\\/shop\\\/\"},{\"@type\":\"ListItem\",\"position\":3,\"name\":\"Kit mati\u00e8res soutien gorge moyenne ou grande taille &#8211; dentelle florale chair bordeaux\"}]},{\"@type\":\"WebSite\",\"@id\":\"https:\\\/\\\/idonim-lingerie.fr\\\/#website\",\"url\":\"https:\\\/\\\/idonim-lingerie.fr\\\/\",\"name\":\"Idonim Lingerie\",\"description\":\"Idonim offre une s\u00e9lection vari\u00e9e de tissus, dentelles et accessoires pour vos cr\u00e9ations. Livraison rapide. Ateliers P\u00e9dagogiques. Cr\u00e9ation De Qualit\u00e9. M\u00ealant Style Et Confort.\",\"publisher\":{\"@id\":\"https:\\\/\\\/idonim-lingerie.fr\\\/#organization\"},\"potentialAction\":[{\"@type\":\"SearchAction\",\"target\":{\"@type\":\"EntryPoint\",\"urlTemplate\":\"https:\\\/\\\/idonim-lingerie.fr\\\/?s={search_term_string}\"},\"query-input\":{\"@type\":\"PropertyValueSpecification\",\"valueRequired\":true,\"valueName\":\"search_term_string\"}}],\"inLanguage\":\"en-GB\"},{\"@type\":\"Organization\",\"@id\":\"https:\\\/\\\/idonim-lingerie.fr\\\/#organization\",\"name\":\"Idonim Lingerie\",\"url\":\"https:\\\/\\\/idonim-lingerie.fr\\\/\",\"logo\":{\"@type\":\"ImageObject\",\"inLanguage\":\"en-GB\",\"@id\":\"https:\\\/\\\/idonim-lingerie.fr\\\/#\\\/schema\\\/logo\\\/image\\\/\",\"url\":\"https:\\\/\\\/idonim-lingerie.fr\\\/wp-content\\\/uploads\\\/2025\\\/12\\\/idonim_h28.webp\",\"contentUrl\":\"https:\\\/\\\/idonim-lingerie.fr\\\/wp-content\\\/uploads\\\/2025\\\/12\\\/idonim_h28.webp\",\"width\":111,\"height\":28,\"caption\":\"Idonim Lingerie\"},\"image\":{\"@id\":\"https:\\\/\\\/idonim-lingerie.fr\\\/#\\\/schema\\\/logo\\\/image\\\/\"}}]}<\/script>\n<!-- \/ Yoast SEO plugin. -->","yoast_head_json":{"title":"Kit mati\u00e8res soutien gorge moyenne ou grande taille - dentelle florale chair bordeaux - Idonim Lingerie","description":"kit pour coudre son soutien gorge en dentelle avec armatures. Facile d'utilisation il comprend toutes les fournitures n\u00e9cessaires de tr\u00e8s belle qualit\u00e9.","robots":{"index":"index","follow":"follow","max-snippet":"max-snippet:-1","max-image-preview":"max-image-preview:large","max-video-preview":"max-video-preview:-1"},"canonical":"https:\/\/idonim-lingerie.fr\/en\/product\/kit-matieres-soutien-gorge-moyenne-ou-grande-taille-dentelle-florale-chair-bordeaux\/","og_locale":"en_GB","og_type":"article","og_title":"Kit mati\u00e8res soutien gorge moyenne ou grande taille - dentelle florale chair bordeaux - Idonim Lingerie","og_description":"kit pour coudre son soutien gorge en dentelle avec armatures. Facile d'utilisation il comprend toutes les fournitures n\u00e9cessaires de tr\u00e8s belle qualit\u00e9.","og_url":"https:\/\/idonim-lingerie.fr\/en\/product\/kit-matieres-soutien-gorge-moyenne-ou-grande-taille-dentelle-florale-chair-bordeaux\/","og_site_name":"Idonim Lingerie","article_modified_time":"2026-03-30T12:33:19+00:00","twitter_card":"summary_large_image","twitter_misc":{"Estimated reading time":"1 minute"},"schema":{"@context":"https:\/\/schema.org","@graph":[{"@type":"WebPage","@id":"https:\/\/idonim-lingerie.fr\/produit\/kit-matieres-soutien-gorge-moyenne-ou-grande-taille-dentelle-florale-chair-bordeaux\/","url":"https:\/\/idonim-lingerie.fr\/produit\/kit-matieres-soutien-gorge-moyenne-ou-grande-taille-dentelle-florale-chair-bordeaux\/","name":"Kit mati\u00e8res soutien gorge moyenne ou grande taille - dentelle florale chair bordeaux - Idonim Lingerie","isPartOf":{"@id":"https:\/\/idonim-lingerie.fr\/#website"},"primaryImageOfPage":{"@id":"https:\/\/idonim-lingerie.fr\/produit\/kit-matieres-soutien-gorge-moyenne-ou-grande-taille-dentelle-florale-chair-bordeaux\/#primaryimage"},"image":{"@id":"https:\/\/idonim-lingerie.fr\/produit\/kit-matieres-soutien-gorge-moyenne-ou-grande-taille-dentelle-florale-chair-bordeaux\/#primaryimage"},"thumbnailUrl":"https:\/\/idonim-lingerie.fr\/wp-content\/uploads\/2026\/02\/kit-matieres-soutien-gorge-medium-grand-pdf.jpg","datePublished":"2026-02-21T13:14:51+00:00","dateModified":"2026-03-30T12:33:19+00:00","description":"kit pour coudre son soutien gorge en dentelle avec armatures. Facile d'utilisation il comprend toutes les fournitures n\u00e9cessaires de tr\u00e8s belle qualit\u00e9.","breadcrumb":{"@id":"https:\/\/idonim-lingerie.fr\/produit\/kit-matieres-soutien-gorge-moyenne-ou-grande-taille-dentelle-florale-chair-bordeaux\/#breadcrumb"},"inLanguage":"en-GB","potentialAction":[{"@type":"ReadAction","target":["https:\/\/idonim-lingerie.fr\/produit\/kit-matieres-soutien-gorge-moyenne-ou-grande-taille-dentelle-florale-chair-bordeaux\/"]}]},{"@type":"ImageObject","inLanguage":"en-GB","@id":"https:\/\/idonim-lingerie.fr\/produit\/kit-matieres-soutien-gorge-moyenne-ou-grande-taille-dentelle-florale-chair-bordeaux\/#primaryimage","url":"https:\/\/idonim-lingerie.fr\/wp-content\/uploads\/2026\/02\/kit-matieres-soutien-gorge-medium-grand-pdf.jpg","contentUrl":"https:\/\/idonim-lingerie.fr\/wp-content\/uploads\/2026\/02\/kit-matieres-soutien-gorge-medium-grand-pdf.jpg","caption":"kit mati\u00e8res soutien gorge m\u00e9dium & grand"},{"@type":"BreadcrumbList","@id":"https:\/\/idonim-lingerie.fr\/produit\/kit-matieres-soutien-gorge-moyenne-ou-grande-taille-dentelle-florale-chair-bordeaux\/#breadcrumb","itemListElement":[{"@type":"ListItem","position":1,"name":"Accueil","item":"https:\/\/idonim-lingerie.fr\/en\/"},{"@type":"ListItem","position":2,"name":"Boutique","item":"https:\/\/idonim-lingerie.fr\/shop\/"},{"@type":"ListItem","position":3,"name":"Kit mati\u00e8res soutien gorge moyenne ou grande taille &#8211; dentelle florale chair bordeaux"}]},{"@type":"WebSite","@id":"https:\/\/idonim-lingerie.fr\/#website","url":"https:\/\/idonim-lingerie.fr\/","name":"Idonim Lingerie","description":"Idonim offers a wide selection of fabrics, laces and accessories for your creations. Fast delivery. Educational workshops. Quality creation. Mixing Style and Comfort.","publisher":{"@id":"https:\/\/idonim-lingerie.fr\/#organization"},"potentialAction":[{"@type":"SearchAction","target":{"@type":"EntryPoint","urlTemplate":"https:\/\/idonim-lingerie.fr\/?s={search_term_string}"},"query-input":{"@type":"PropertyValueSpecification","valueRequired":true,"valueName":"search_term_string"}}],"inLanguage":"en-GB"},{"@type":"Organization","@id":"https:\/\/idonim-lingerie.fr\/#organization","name":"Idonim Lingerie","url":"https:\/\/idonim-lingerie.fr\/","logo":{"@type":"ImageObject","inLanguage":"en-GB","@id":"https:\/\/idonim-lingerie.fr\/#\/schema\/logo\/image\/","url":"https:\/\/idonim-lingerie.fr\/wp-content\/uploads\/2025\/12\/idonim_h28.webp","contentUrl":"https:\/\/idonim-lingerie.fr\/wp-content\/uploads\/2025\/12\/idonim_h28.webp","width":111,"height":28,"caption":"Idonim Lingerie"},"image":{"@id":"https:\/\/idonim-lingerie.fr\/#\/schema\/logo\/image\/"}}]}},"_links":{"self":[{"href":"https:\/\/idonim-lingerie.fr\/en\/wp-json\/wp\/v2\/product\/48346","targetHints":{"allow":["GET"]}}],"collection":[{"href":"https:\/\/idonim-lingerie.fr\/en\/wp-json\/wp\/v2\/product"}],"about":[{"href":"https:\/\/idonim-lingerie.fr\/en\/wp-json\/wp\/v2\/types\/product"}],"replies":[{"embeddable":true,"href":"https:\/\/idonim-lingerie.fr\/en\/wp-json\/wp\/v2\/comments?post=48346"}],"wp:featuredmedia":[{"embeddable":true,"href":"https:\/\/idonim-lingerie.fr\/en\/wp-json\/wp\/v2\/media\/48357"}],"wp:attachment":[{"href":"https:\/\/idonim-lingerie.fr\/en\/wp-json\/wp\/v2\/media?parent=48346"}],"wp:term":[{"taxonomy":"product_brand","embeddable":true,"href":"https:\/\/idonim-lingerie.fr\/en\/wp-json\/wp\/v2\/product_brand?post=48346"},{"taxonomy":"product_cat","embeddable":true,"href":"https:\/\/idonim-lingerie.fr\/en\/wp-json\/wp\/v2\/product_cat?post=48346"},{"taxonomy":"product_tag","embeddable":true,"href":"https:\/\/idonim-lingerie.fr\/en\/wp-json\/wp\/v2\/product_tag?post=48346"}],"curies":[{"name":"wp","href":"https:\/\/api.w.org\/{rel}","templated":true}]}}