{"id":48345,"date":"2026-02-21T12:42:47","date_gmt":"2026-02-21T11:42:47","guid":{"rendered":"https:\/\/idonim-lingerie.fr\/?post_type=product&#038;p=48345"},"modified":"2026-03-30T11:44:49","modified_gmt":"2026-03-30T09:44:49","slug":"kit-matiere-culotte-en-jersey-dentelle-florale-bordeaux","status":"publish","type":"product","link":"https:\/\/idonim-lingerie.fr\/en\/product\/kit-matiere-culotte-en-jersey-dentelle-florale-bordeaux\/","title":{"rendered":"Kit mati\u00e8re culotte en jersey \u2013 Dentelle florale bordeaux"},"content":{"rendered":"<p>One kit contains:<\/p>\n<p>&#8211; 35cm x 1402m de jersey de coton extenseible<\/p>\n<p>-1m de dentelle extensible\u00a0 &#8211; 21cm de large<\/p>\n<p>- 25x25cm of matching cotton jersey for the bottom of the knickers<\/p>\n<p>-3m of elastic with assorted pimples<\/p>\n<p>- 1 node<\/p>\n<p><span style=\"color: #b68457\"><strong>Composition of the fabric for the panties :<\/strong><\/span><\/p>\n<p>Jersey CO \/ EA<\/p>\n<p>Dentelle N \/ EA<\/p>\n<p>&nbsp;<\/p>\n<p><span style=\"color: #b68457\"><strong>Advice :<\/strong><\/span><\/p>\n<p>- Use of stretch needles is highly recommended<\/p>\n<p>- Wash at 40\u00b0C max.<\/p>","protected":false},"excerpt":{"rendered":"<p data-start=\"212\" data-end=\"385\">Ce kit mati\u00e8re vous permet de r\u00e9aliser une <strong data-start=\"255\" data-end=\"308\">culotte en jersey de coton confortable avec ou sans\u00a0 empi\u00e8cement de dentelle<\/strong>, dans le m\u00eame esprit floral aux nuances chairs, bordeaux et rouges profonds.<\/p>\n<p data-start=\"387\" data-end=\"588\">Le jersey de coton souple et confortable, a \u00e9t\u00e9 s\u00e9lectionn\u00e9 pour sa qualit\u00e9, sa tenue et son \u00e9l\u00e9gance. C&rsquo;est une mati\u00e8re particuli\u00e8rement adapt\u00e9e si vous vous lancez dans la couture de pi\u00e8ces de lingerie. Il vous permettra de vous concentrer sur les \u00e9tapes de montage du fond de culotte, de couture des \u00e9lastiques et de l&rsquo;insertion de la dentelle.<\/p>\n<p data-start=\"590\" data-end=\"779\">Le kit comprend l\u2019ensemble des fournitures n\u00e9cessaires \u00e0 la confection :<br data-start=\"662\" data-end=\"665\" \/>\u2013 jersey de coton et dentelle<br data-start=\"686\" data-end=\"689\" \/>\u2013 \u00e9lastique coordonn\u00e9<br data-start=\"712\" data-end=\"715\" \/>\u2013 petit n\u0153ud d\u00e9coratif<br data-start=\"737\" data-end=\"740\" \/>\u2013 jersey doux pour le fond de culotte<\/p>\n<p data-start=\"781\" data-end=\"1000\">Chaque mati\u00e8re a \u00e9t\u00e9 choisie sp\u00e9cifiquement pour la couture lingerie : \u00e9lasticit\u00e9 adapt\u00e9e, confort au porter et finitions nettes. Cette s\u00e9lection rigoureuse constitue un v\u00e9ritable <strong data-start=\"961\" data-end=\"981\">gage de r\u00e9ussite<\/strong> pour votre projet.<\/p>\n<p data-start=\"1002\" data-end=\"1135\">Vous pouvez ainsi cr\u00e9er une pi\u00e8ce confortable, harmonieuse et professionnelle, m\u00eame si vous r\u00e9alisez votre premi\u00e8re culotte.<\/p>\n<p data-start=\"1137\" data-end=\"1267\">Le <strong data-start=\"1140\" data-end=\"1167\">soutien-gorge coordonn\u00e9<\/strong> est \u00e9galement disponible sur la boutique pour composer un ensemble complet et parfaitement assorti.<\/p>\n<p>Vous cherchez un patron ? Ce kit est entre autre adapt\u00e9 \u00e0 la version A du <a href=\"https:\/\/idonim-lingerie.fr\/en\/product\/patron-culotte-slip-first-t34-a-42-format-pochette-papier\/\">patron First<\/a> (not included in the kit)<\/p>\n<p>Couleur : chair, bordeaux et kaki<\/p>\n<p><strong>Sold individually<\/strong><\/p>\n<p>&nbsp;<\/p>\n<p>The coordinated Mettler polyester thread is colour 0779.<\/p>","protected":false},"featured_media":48361,"comment_status":"closed","ping_status":"closed","template":"","meta":[],"product_brand":[],"product_cat":[203,184,161],"product_tag":[],"class_list":{"0":"post-48345","1":"product","2":"type-product","3":"status-publish","4":"has-post-thumbnail","6":"product_cat-kit-culotte-slip","7":"product_cat-kits","8":"product_cat-nouveautes","9":"product_shipping_class-tissus-lycra","11":"first","12":"instock","13":"taxable","14":"shipping-taxable","15":"purchasable","16":"product-type-simple"},"yoast_head":"<!-- This site is optimized with the Yoast SEO plugin v27.3 - https:\/\/yoast.com\/product\/yoast-seo-wordpress\/ -->\n<title>Kit mati\u00e8re culotte en jersey \u2013 Dentelle florale bordeaux - Idonim Lingerie<\/title>\n<meta name=\"description\" content=\"Kit id\u00e9al pour la confection d&#039;une culotte en jersey avec empi\u00e8cement de dentelle ultra f\u00e9minin. Adapt\u00e9 aux d\u00e9butants, il est facile d&#039;utilisation.\" \/>\n<meta name=\"robots\" content=\"index, follow, max-snippet:-1, max-image-preview:large, max-video-preview:-1\" \/>\n<link rel=\"canonical\" href=\"https:\/\/idonim-lingerie.fr\/en\/product\/kit-matiere-culotte-en-jersey-dentelle-florale-bordeaux\/\" \/>\n<meta property=\"og:locale\" content=\"en_GB\" \/>\n<meta property=\"og:type\" content=\"article\" \/>\n<meta property=\"og:title\" content=\"Kit mati\u00e8re culotte en jersey \u2013 Dentelle florale bordeaux - Idonim Lingerie\" \/>\n<meta property=\"og:description\" content=\"Kit id\u00e9al pour la confection d&#039;une culotte en jersey avec empi\u00e8cement de dentelle ultra f\u00e9minin. Adapt\u00e9 aux d\u00e9butants, il est facile d&#039;utilisation.\" \/>\n<meta property=\"og:url\" content=\"https:\/\/idonim-lingerie.fr\/en\/product\/kit-matiere-culotte-en-jersey-dentelle-florale-bordeaux\/\" \/>\n<meta property=\"og:site_name\" content=\"Idonim Lingerie\" \/>\n<meta property=\"article:modified_time\" content=\"2026-03-30T09:44:49+00:00\" \/>\n<meta property=\"og:image\" content=\"https:\/\/idonim-lingerie.fr\/wp-content\/uploads\/2026\/02\/kit-shorty-dentelle-chair-floral-3.jpg\" \/>\n\t<meta property=\"og:image:width\" content=\"640\" \/>\n\t<meta property=\"og:image:height\" content=\"640\" \/>\n\t<meta property=\"og:image:type\" content=\"image\/jpeg\" \/>\n<meta name=\"twitter:card\" content=\"summary_large_image\" \/>\n<meta name=\"twitter:label1\" content=\"Estimated reading time\" \/>\n\t<meta name=\"twitter:data1\" content=\"1 minute\" \/>\n<script type=\"application\/ld+json\" class=\"yoast-schema-graph\">{\"@context\":\"https:\\\/\\\/schema.org\",\"@graph\":[{\"@type\":\"WebPage\",\"@id\":\"https:\\\/\\\/idonim-lingerie.fr\\\/produit\\\/kit-matiere-culotte-en-jersey-dentelle-florale-bordeaux\\\/\",\"url\":\"https:\\\/\\\/idonim-lingerie.fr\\\/produit\\\/kit-matiere-culotte-en-jersey-dentelle-florale-bordeaux\\\/\",\"name\":\"Kit mati\u00e8re culotte en jersey \u2013 Dentelle florale bordeaux - Idonim Lingerie\",\"isPartOf\":{\"@id\":\"https:\\\/\\\/idonim-lingerie.fr\\\/#website\"},\"primaryImageOfPage\":{\"@id\":\"https:\\\/\\\/idonim-lingerie.fr\\\/produit\\\/kit-matiere-culotte-en-jersey-dentelle-florale-bordeaux\\\/#primaryimage\"},\"image\":{\"@id\":\"https:\\\/\\\/idonim-lingerie.fr\\\/produit\\\/kit-matiere-culotte-en-jersey-dentelle-florale-bordeaux\\\/#primaryimage\"},\"thumbnailUrl\":\"https:\\\/\\\/idonim-lingerie.fr\\\/wp-content\\\/uploads\\\/2026\\\/02\\\/kit-shorty-dentelle-chair-floral-3.jpg\",\"datePublished\":\"2026-02-21T11:42:47+00:00\",\"dateModified\":\"2026-03-30T09:44:49+00:00\",\"description\":\"Kit id\u00e9al pour la confection d'une culotte en jersey avec empi\u00e8cement de dentelle ultra f\u00e9minin. Adapt\u00e9 aux d\u00e9butants, il est facile d'utilisation.\",\"breadcrumb\":{\"@id\":\"https:\\\/\\\/idonim-lingerie.fr\\\/produit\\\/kit-matiere-culotte-en-jersey-dentelle-florale-bordeaux\\\/#breadcrumb\"},\"inLanguage\":\"en-GB\",\"potentialAction\":[{\"@type\":\"ReadAction\",\"target\":[\"https:\\\/\\\/idonim-lingerie.fr\\\/produit\\\/kit-matiere-culotte-en-jersey-dentelle-florale-bordeaux\\\/\"]}]},{\"@type\":\"ImageObject\",\"inLanguage\":\"en-GB\",\"@id\":\"https:\\\/\\\/idonim-lingerie.fr\\\/produit\\\/kit-matiere-culotte-en-jersey-dentelle-florale-bordeaux\\\/#primaryimage\",\"url\":\"https:\\\/\\\/idonim-lingerie.fr\\\/wp-content\\\/uploads\\\/2026\\\/02\\\/kit-shorty-dentelle-chair-floral-3.jpg\",\"contentUrl\":\"https:\\\/\\\/idonim-lingerie.fr\\\/wp-content\\\/uploads\\\/2026\\\/02\\\/kit-shorty-dentelle-chair-floral-3.jpg\",\"width\":640,\"height\":640,\"caption\":\"kit culotte dentelle chair floral\"},{\"@type\":\"BreadcrumbList\",\"@id\":\"https:\\\/\\\/idonim-lingerie.fr\\\/produit\\\/kit-matiere-culotte-en-jersey-dentelle-florale-bordeaux\\\/#breadcrumb\",\"itemListElement\":[{\"@type\":\"ListItem\",\"position\":1,\"name\":\"Accueil\",\"item\":\"https:\\\/\\\/idonim-lingerie.fr\\\/en\\\/\"},{\"@type\":\"ListItem\",\"position\":2,\"name\":\"Boutique\",\"item\":\"https:\\\/\\\/idonim-lingerie.fr\\\/shop\\\/\"},{\"@type\":\"ListItem\",\"position\":3,\"name\":\"Kit mati\u00e8re culotte en jersey \u2013 Dentelle florale bordeaux\"}]},{\"@type\":\"WebSite\",\"@id\":\"https:\\\/\\\/idonim-lingerie.fr\\\/#website\",\"url\":\"https:\\\/\\\/idonim-lingerie.fr\\\/\",\"name\":\"Idonim Lingerie\",\"description\":\"Idonim offre une s\u00e9lection vari\u00e9e de tissus, dentelles et accessoires pour vos cr\u00e9ations. Livraison rapide. Ateliers P\u00e9dagogiques. Cr\u00e9ation De Qualit\u00e9. M\u00ealant Style Et Confort.\",\"publisher\":{\"@id\":\"https:\\\/\\\/idonim-lingerie.fr\\\/#organization\"},\"potentialAction\":[{\"@type\":\"SearchAction\",\"target\":{\"@type\":\"EntryPoint\",\"urlTemplate\":\"https:\\\/\\\/idonim-lingerie.fr\\\/?s={search_term_string}\"},\"query-input\":{\"@type\":\"PropertyValueSpecification\",\"valueRequired\":true,\"valueName\":\"search_term_string\"}}],\"inLanguage\":\"en-GB\"},{\"@type\":\"Organization\",\"@id\":\"https:\\\/\\\/idonim-lingerie.fr\\\/#organization\",\"name\":\"Idonim Lingerie\",\"url\":\"https:\\\/\\\/idonim-lingerie.fr\\\/\",\"logo\":{\"@type\":\"ImageObject\",\"inLanguage\":\"en-GB\",\"@id\":\"https:\\\/\\\/idonim-lingerie.fr\\\/#\\\/schema\\\/logo\\\/image\\\/\",\"url\":\"https:\\\/\\\/idonim-lingerie.fr\\\/wp-content\\\/uploads\\\/2025\\\/12\\\/idonim_h28.webp\",\"contentUrl\":\"https:\\\/\\\/idonim-lingerie.fr\\\/wp-content\\\/uploads\\\/2025\\\/12\\\/idonim_h28.webp\",\"width\":111,\"height\":28,\"caption\":\"Idonim Lingerie\"},\"image\":{\"@id\":\"https:\\\/\\\/idonim-lingerie.fr\\\/#\\\/schema\\\/logo\\\/image\\\/\"}}]}<\/script>\n<!-- \/ Yoast SEO plugin. -->","yoast_head_json":{"title":"Kit mati\u00e8re culotte en jersey \u2013 Dentelle florale bordeaux - Idonim Lingerie","description":"Kit id\u00e9al pour la confection d'une culotte en jersey avec empi\u00e8cement de dentelle ultra f\u00e9minin. Adapt\u00e9 aux d\u00e9butants, il est facile d'utilisation.","robots":{"index":"index","follow":"follow","max-snippet":"max-snippet:-1","max-image-preview":"max-image-preview:large","max-video-preview":"max-video-preview:-1"},"canonical":"https:\/\/idonim-lingerie.fr\/en\/product\/kit-matiere-culotte-en-jersey-dentelle-florale-bordeaux\/","og_locale":"en_GB","og_type":"article","og_title":"Kit mati\u00e8re culotte en jersey \u2013 Dentelle florale bordeaux - Idonim Lingerie","og_description":"Kit id\u00e9al pour la confection d'une culotte en jersey avec empi\u00e8cement de dentelle ultra f\u00e9minin. Adapt\u00e9 aux d\u00e9butants, il est facile d'utilisation.","og_url":"https:\/\/idonim-lingerie.fr\/en\/product\/kit-matiere-culotte-en-jersey-dentelle-florale-bordeaux\/","og_site_name":"Idonim Lingerie","article_modified_time":"2026-03-30T09:44:49+00:00","og_image":[{"width":640,"height":640,"url":"https:\/\/idonim-lingerie.fr\/wp-content\/uploads\/2026\/02\/kit-shorty-dentelle-chair-floral-3.jpg","type":"image\/jpeg"}],"twitter_card":"summary_large_image","twitter_misc":{"Estimated reading time":"1 minute"},"schema":{"@context":"https:\/\/schema.org","@graph":[{"@type":"WebPage","@id":"https:\/\/idonim-lingerie.fr\/produit\/kit-matiere-culotte-en-jersey-dentelle-florale-bordeaux\/","url":"https:\/\/idonim-lingerie.fr\/produit\/kit-matiere-culotte-en-jersey-dentelle-florale-bordeaux\/","name":"Kit mati\u00e8re culotte en jersey \u2013 Dentelle florale bordeaux - Idonim Lingerie","isPartOf":{"@id":"https:\/\/idonim-lingerie.fr\/#website"},"primaryImageOfPage":{"@id":"https:\/\/idonim-lingerie.fr\/produit\/kit-matiere-culotte-en-jersey-dentelle-florale-bordeaux\/#primaryimage"},"image":{"@id":"https:\/\/idonim-lingerie.fr\/produit\/kit-matiere-culotte-en-jersey-dentelle-florale-bordeaux\/#primaryimage"},"thumbnailUrl":"https:\/\/idonim-lingerie.fr\/wp-content\/uploads\/2026\/02\/kit-shorty-dentelle-chair-floral-3.jpg","datePublished":"2026-02-21T11:42:47+00:00","dateModified":"2026-03-30T09:44:49+00:00","description":"Kit id\u00e9al pour la confection d'une culotte en jersey avec empi\u00e8cement de dentelle ultra f\u00e9minin. Adapt\u00e9 aux d\u00e9butants, il est facile d'utilisation.","breadcrumb":{"@id":"https:\/\/idonim-lingerie.fr\/produit\/kit-matiere-culotte-en-jersey-dentelle-florale-bordeaux\/#breadcrumb"},"inLanguage":"en-GB","potentialAction":[{"@type":"ReadAction","target":["https:\/\/idonim-lingerie.fr\/produit\/kit-matiere-culotte-en-jersey-dentelle-florale-bordeaux\/"]}]},{"@type":"ImageObject","inLanguage":"en-GB","@id":"https:\/\/idonim-lingerie.fr\/produit\/kit-matiere-culotte-en-jersey-dentelle-florale-bordeaux\/#primaryimage","url":"https:\/\/idonim-lingerie.fr\/wp-content\/uploads\/2026\/02\/kit-shorty-dentelle-chair-floral-3.jpg","contentUrl":"https:\/\/idonim-lingerie.fr\/wp-content\/uploads\/2026\/02\/kit-shorty-dentelle-chair-floral-3.jpg","width":640,"height":640,"caption":"kit culotte dentelle chair floral"},{"@type":"BreadcrumbList","@id":"https:\/\/idonim-lingerie.fr\/produit\/kit-matiere-culotte-en-jersey-dentelle-florale-bordeaux\/#breadcrumb","itemListElement":[{"@type":"ListItem","position":1,"name":"Accueil","item":"https:\/\/idonim-lingerie.fr\/en\/"},{"@type":"ListItem","position":2,"name":"Boutique","item":"https:\/\/idonim-lingerie.fr\/shop\/"},{"@type":"ListItem","position":3,"name":"Kit mati\u00e8re culotte en jersey \u2013 Dentelle florale bordeaux"}]},{"@type":"WebSite","@id":"https:\/\/idonim-lingerie.fr\/#website","url":"https:\/\/idonim-lingerie.fr\/","name":"Idonim Lingerie","description":"Idonim offers a wide selection of fabrics, laces and accessories for your creations. Fast delivery. Educational workshops. Quality creation. Mixing Style and Comfort.","publisher":{"@id":"https:\/\/idonim-lingerie.fr\/#organization"},"potentialAction":[{"@type":"SearchAction","target":{"@type":"EntryPoint","urlTemplate":"https:\/\/idonim-lingerie.fr\/?s={search_term_string}"},"query-input":{"@type":"PropertyValueSpecification","valueRequired":true,"valueName":"search_term_string"}}],"inLanguage":"en-GB"},{"@type":"Organization","@id":"https:\/\/idonim-lingerie.fr\/#organization","name":"Idonim Lingerie","url":"https:\/\/idonim-lingerie.fr\/","logo":{"@type":"ImageObject","inLanguage":"en-GB","@id":"https:\/\/idonim-lingerie.fr\/#\/schema\/logo\/image\/","url":"https:\/\/idonim-lingerie.fr\/wp-content\/uploads\/2025\/12\/idonim_h28.webp","contentUrl":"https:\/\/idonim-lingerie.fr\/wp-content\/uploads\/2025\/12\/idonim_h28.webp","width":111,"height":28,"caption":"Idonim Lingerie"},"image":{"@id":"https:\/\/idonim-lingerie.fr\/#\/schema\/logo\/image\/"}}]}},"_links":{"self":[{"href":"https:\/\/idonim-lingerie.fr\/en\/wp-json\/wp\/v2\/product\/48345","targetHints":{"allow":["GET"]}}],"collection":[{"href":"https:\/\/idonim-lingerie.fr\/en\/wp-json\/wp\/v2\/product"}],"about":[{"href":"https:\/\/idonim-lingerie.fr\/en\/wp-json\/wp\/v2\/types\/product"}],"replies":[{"embeddable":true,"href":"https:\/\/idonim-lingerie.fr\/en\/wp-json\/wp\/v2\/comments?post=48345"}],"wp:featuredmedia":[{"embeddable":true,"href":"https:\/\/idonim-lingerie.fr\/en\/wp-json\/wp\/v2\/media\/48361"}],"wp:attachment":[{"href":"https:\/\/idonim-lingerie.fr\/en\/wp-json\/wp\/v2\/media?parent=48345"}],"wp:term":[{"taxonomy":"product_brand","embeddable":true,"href":"https:\/\/idonim-lingerie.fr\/en\/wp-json\/wp\/v2\/product_brand?post=48345"},{"taxonomy":"product_cat","embeddable":true,"href":"https:\/\/idonim-lingerie.fr\/en\/wp-json\/wp\/v2\/product_cat?post=48345"},{"taxonomy":"product_tag","embeddable":true,"href":"https:\/\/idonim-lingerie.fr\/en\/wp-json\/wp\/v2\/product_tag?post=48345"}],"curies":[{"name":"wp","href":"https:\/\/api.w.org\/{rel}","templated":true}]}}