{"id":48335,"date":"2026-02-21T10:35:17","date_gmt":"2026-02-21T09:35:17","guid":{"rendered":"https:\/\/idonim-lingerie.fr\/?post_type=product&#038;p=48335"},"modified":"2026-03-17T14:52:27","modified_gmt":"2026-03-17T13:52:27","slug":"kit-matieres-soutien-gorge-dentelle-petite-taille-motif-floral-chair-bordeaux","status":"publish","type":"product","link":"https:\/\/idonim-lingerie.fr\/en\/product\/kit-matieres-soutien-gorge-dentelle-petite-taille-motif-floral-chair-bordeaux\/","title":{"rendered":"Kit mati\u00e8res soutien-gorge dentelle PETITE TAILLE &#8211; motif floral chair bordeaux"},"content":{"rendered":"<p>One kit contains:<\/p>\n<p>- 30x70cm powernet medium<\/p>\n<p>&#8211; 2m de dentelle\u00a0 &#8211; largeur 21cm &#8211; festonn\u00e9e des 2 c\u00f4t\u00e9s &#8211;<strong> stretch<\/strong><\/p>\n<p>- 50x75cm of marquisette<\/p>\n<p>- 1.5m 12mm elasticated braces<\/p>\n<p>-3.5m of 10-12mm scalloped elastic<\/p>\n<p>-1 m of 6 mm elastic<\/p>\n<p>- 1m of 10mm armature cover<\/p>\n<p>&#8211; un jeu d&rsquo;attache pour soutien-gorge 2&#215;4<\/p>\n<p>- 2 rings, 2 adjusters and 1 knot<\/p>\n<p><span style=\"color: #b68457;\"><strong>Composition:<\/strong><\/span><\/p>\n<p><span style=\"color: #b68457;\"><strong>Advice :<\/strong><\/span><\/p>\n<p>- Use of stretch needles is highly recommended<\/p>\n<p>- Wash at 40\u00b0C max.<\/p>","protected":false},"excerpt":{"rendered":"<p data-start=\"229\" data-end=\"537\">Ce kit mati\u00e8re a \u00e9t\u00e9 imagin\u00e9 pour r\u00e9aliser un soutien-gorge d\u00e9licat et structur\u00e9 dans une <strong data-start=\"319\" data-end=\"364\">dentelle extensible de tr\u00e8s belle qualit\u00e9<\/strong>, orn\u00e9e d\u2019un somptueux motif floral aux nuances chairs, bordeaux et rouges profonds.<br data-start=\"448\" data-end=\"451\" \/>Une s\u00e9lection \u00e9l\u00e9gante et raffin\u00e9e, id\u00e9ale pour une lingerie f\u00e9minine et sophistiqu\u00e9e.<\/p>\n<p data-start=\"539\" data-end=\"725\">Con\u00e7u pour les <strong data-start=\"554\" data-end=\"573\">petites tailles<\/strong> (jusqu\u2019au 95B ou C \/ 85D environ). Vous pouvez vous baser sur la largeur desbretelles : <strong data-start=\"616\" data-end=\"638\">bretelles de 12 mm dans ce kit.<\/strong><\/p>\n<p data-start=\"727\" data-end=\"1050\">Le coffret est <strong data-start=\"742\" data-end=\"753\">complet<\/strong> et contient l\u2019ensemble des fournitures n\u00e9cessaires \u00e0 la confection de votre soutien-gorge (vous trouverez le d\u00e9tail dans le descriptif technique plus bas):<br data-start=\"845\" data-end=\"848\" \/>\u2013 dentelle extensible<br data-start=\"869\" data-end=\"872\" \/>\u2013 \u00e9lastiques coordonn\u00e9s<br data-start=\"895\" data-end=\"898\" \/>\u2013 agrafage<br data-start=\"922\" data-end=\"925\" \/>\u2013 anneaux et r\u00e9gleurs<br data-start=\"946\" data-end=\"949\" \/><em data-start=\"949\" data-end=\"1050\">(hors armatures, disponibles s\u00e9par\u00e9ment sur le site afin d\u2019adapter pr\u00e9cis\u00e9ment \u00e0 votre patron et votre taille)<\/em><\/p>\n<p data-start=\"1052\" data-end=\"1326\">Les mati\u00e8res ont \u00e9t\u00e9 <strong data-start=\"1073\" data-end=\"1128\">sp\u00e9cialement s\u00e9lectionn\u00e9es pour la couture lingerie<\/strong>, avec une attention particuli\u00e8re port\u00e9e \u00e0 leur \u00e9lasticit\u00e9, leur maintien et leur confort. Cette exigence dans le choix des fournitures constitue un v\u00e9ritable <strong data-start=\"1287\" data-end=\"1307\">gage de r\u00e9ussite<\/strong> pour votre projet.<\/p>\n<p data-start=\"1328\" data-end=\"1542\">Ce kit est parfaitement adapt\u00e9 au patron <strong data-start=\"1369\" data-end=\"1378\">Luccia<\/strong>.<br data-start=\"1379\" data-end=\"1382\" \/>Si vous ne poss\u00e9dez pas encore le patron, vous pouvez \u00e9galement le retrouver sur le site, ainsi que la <strong data-start=\"1485\" data-end=\"1507\">culotte coordonn\u00e9e<\/strong> pour cr\u00e9er un ensemble harmonieux.<\/p>\n<p data-start=\"1544\" data-end=\"1661\">Un projet accessible, encadr\u00e9 par des mati\u00e8res professionnelles, pour coudre une pi\u00e8ce \u00e0 la hauteur de vos exigences.<\/p>\n<p>Couleur : chair bordeaux, rouge, kaki<\/p>\n<p><strong>Sold individually<\/strong><\/p>\n<p>&nbsp;<\/p>\n<p>Looking for a boss? <a href=\"https:\/\/idonim-lingerie.fr\/en\/product\/patron-soutien-gorge-luccia-format-pdf\/\">The LUCCIA bra pattern<\/a> is perfectly suited to the use of this kit. Available from our shop in downloadable or paper version.<\/p>\n<p>Le kit culotte coordonn\u00e9 est \u00e9galement en vente sur la boutique.<\/p>\n<p>The coordinated Mettler polyester thread is colour 0779.<\/p>\n<p>&nbsp;<\/p>","protected":false},"featured_media":48339,"comment_status":"closed","ping_status":"closed","template":"","meta":[],"product_brand":[],"product_cat":[575,184,185,161],"product_tag":[],"class_list":{"0":"post-48335","1":"product","2":"type-product","3":"status-publish","4":"has-post-thumbnail","6":"product_cat-kit-soutien-gorge-petite-taille","7":"product_cat-kits","8":"product_cat-kits-soutien-gorge","9":"product_cat-nouveautes","10":"product_shipping_class-outils","12":"first","13":"instock","14":"taxable","15":"shipping-taxable","16":"purchasable","17":"product-type-simple"},"yoast_head":"<!-- This site is optimized with the Yoast SEO plugin v27.3 - https:\/\/yoast.com\/product\/yoast-seo-wordpress\/ -->\n<title>Kit mati\u00e8res soutien-gorge dentelle PETITE TAILLE - motif floral chair bordeaux - Idonim Lingerie<\/title>\n<meta name=\"description\" content=\"kit pour coudre son soutien gorge chair bordeaux \u00e0 armatures. Facile d&#039;utilisation il comprend toutes les fournitures n\u00e9cessaires de tr\u00e8s belle qualit\u00e9.\" \/>\n<meta name=\"robots\" content=\"index, follow, max-snippet:-1, max-image-preview:large, max-video-preview:-1\" \/>\n<link rel=\"canonical\" href=\"https:\/\/idonim-lingerie.fr\/en\/product\/kit-matieres-soutien-gorge-dentelle-petite-taille-motif-floral-chair-bordeaux\/\" \/>\n<meta property=\"og:locale\" content=\"en_GB\" \/>\n<meta property=\"og:type\" content=\"article\" \/>\n<meta property=\"og:title\" content=\"Kit mati\u00e8res soutien-gorge dentelle PETITE TAILLE - motif floral chair bordeaux - Idonim Lingerie\" \/>\n<meta property=\"og:description\" content=\"kit pour coudre son soutien gorge chair bordeaux \u00e0 armatures. Facile d&#039;utilisation il comprend toutes les fournitures n\u00e9cessaires de tr\u00e8s belle qualit\u00e9.\" \/>\n<meta property=\"og:url\" content=\"https:\/\/idonim-lingerie.fr\/en\/product\/kit-matieres-soutien-gorge-dentelle-petite-taille-motif-floral-chair-bordeaux\/\" \/>\n<meta property=\"og:site_name\" content=\"Idonim Lingerie\" \/>\n<meta property=\"article:modified_time\" content=\"2026-03-17T13:52:27+00:00\" \/>\n<meta property=\"og:image\" content=\"https:\/\/idonim-lingerie.fr\/wp-content\/uploads\/2026\/02\/kit-soutien-gorge-chair-floral.jpg\" \/>\n\t<meta property=\"og:image:width\" content=\"640\" \/>\n\t<meta property=\"og:image:height\" content=\"640\" \/>\n\t<meta property=\"og:image:type\" content=\"image\/jpeg\" \/>\n<meta name=\"twitter:card\" content=\"summary_large_image\" \/>\n<meta name=\"twitter:label1\" content=\"Estimated reading time\" \/>\n\t<meta name=\"twitter:data1\" content=\"1 minute\" \/>\n<script type=\"application\/ld+json\" class=\"yoast-schema-graph\">{\"@context\":\"https:\\\/\\\/schema.org\",\"@graph\":[{\"@type\":\"WebPage\",\"@id\":\"https:\\\/\\\/idonim-lingerie.fr\\\/produit\\\/kit-matieres-soutien-gorge-dentelle-petite-taille-motif-floral-chair-bordeaux\\\/\",\"url\":\"https:\\\/\\\/idonim-lingerie.fr\\\/produit\\\/kit-matieres-soutien-gorge-dentelle-petite-taille-motif-floral-chair-bordeaux\\\/\",\"name\":\"Kit mati\u00e8res soutien-gorge dentelle PETITE TAILLE - motif floral chair bordeaux - Idonim Lingerie\",\"isPartOf\":{\"@id\":\"https:\\\/\\\/idonim-lingerie.fr\\\/#website\"},\"primaryImageOfPage\":{\"@id\":\"https:\\\/\\\/idonim-lingerie.fr\\\/produit\\\/kit-matieres-soutien-gorge-dentelle-petite-taille-motif-floral-chair-bordeaux\\\/#primaryimage\"},\"image\":{\"@id\":\"https:\\\/\\\/idonim-lingerie.fr\\\/produit\\\/kit-matieres-soutien-gorge-dentelle-petite-taille-motif-floral-chair-bordeaux\\\/#primaryimage\"},\"thumbnailUrl\":\"https:\\\/\\\/idonim-lingerie.fr\\\/wp-content\\\/uploads\\\/2026\\\/02\\\/kit-soutien-gorge-chair-floral.jpg\",\"datePublished\":\"2026-02-21T09:35:17+00:00\",\"dateModified\":\"2026-03-17T13:52:27+00:00\",\"description\":\"kit pour coudre son soutien gorge chair bordeaux \u00e0 armatures. Facile d'utilisation il comprend toutes les fournitures n\u00e9cessaires de tr\u00e8s belle qualit\u00e9.\",\"breadcrumb\":{\"@id\":\"https:\\\/\\\/idonim-lingerie.fr\\\/produit\\\/kit-matieres-soutien-gorge-dentelle-petite-taille-motif-floral-chair-bordeaux\\\/#breadcrumb\"},\"inLanguage\":\"en-GB\",\"potentialAction\":[{\"@type\":\"ReadAction\",\"target\":[\"https:\\\/\\\/idonim-lingerie.fr\\\/produit\\\/kit-matieres-soutien-gorge-dentelle-petite-taille-motif-floral-chair-bordeaux\\\/\"]}]},{\"@type\":\"ImageObject\",\"inLanguage\":\"en-GB\",\"@id\":\"https:\\\/\\\/idonim-lingerie.fr\\\/produit\\\/kit-matieres-soutien-gorge-dentelle-petite-taille-motif-floral-chair-bordeaux\\\/#primaryimage\",\"url\":\"https:\\\/\\\/idonim-lingerie.fr\\\/wp-content\\\/uploads\\\/2026\\\/02\\\/kit-soutien-gorge-chair-floral.jpg\",\"contentUrl\":\"https:\\\/\\\/idonim-lingerie.fr\\\/wp-content\\\/uploads\\\/2026\\\/02\\\/kit-soutien-gorge-chair-floral.jpg\",\"width\":640,\"height\":640,\"caption\":\"kit soutien gorge chair floral\"},{\"@type\":\"BreadcrumbList\",\"@id\":\"https:\\\/\\\/idonim-lingerie.fr\\\/produit\\\/kit-matieres-soutien-gorge-dentelle-petite-taille-motif-floral-chair-bordeaux\\\/#breadcrumb\",\"itemListElement\":[{\"@type\":\"ListItem\",\"position\":1,\"name\":\"Accueil\",\"item\":\"https:\\\/\\\/idonim-lingerie.fr\\\/en\\\/\"},{\"@type\":\"ListItem\",\"position\":2,\"name\":\"Boutique\",\"item\":\"https:\\\/\\\/idonim-lingerie.fr\\\/shop\\\/\"},{\"@type\":\"ListItem\",\"position\":3,\"name\":\"Kit mati\u00e8res soutien-gorge dentelle PETITE TAILLE &#8211; motif floral chair bordeaux\"}]},{\"@type\":\"WebSite\",\"@id\":\"https:\\\/\\\/idonim-lingerie.fr\\\/#website\",\"url\":\"https:\\\/\\\/idonim-lingerie.fr\\\/\",\"name\":\"Idonim Lingerie\",\"description\":\"Idonim offre une s\u00e9lection vari\u00e9e de tissus, dentelles et accessoires pour vos cr\u00e9ations. Livraison rapide. Ateliers P\u00e9dagogiques. Cr\u00e9ation De Qualit\u00e9. M\u00ealant Style Et Confort.\",\"publisher\":{\"@id\":\"https:\\\/\\\/idonim-lingerie.fr\\\/#organization\"},\"potentialAction\":[{\"@type\":\"SearchAction\",\"target\":{\"@type\":\"EntryPoint\",\"urlTemplate\":\"https:\\\/\\\/idonim-lingerie.fr\\\/?s={search_term_string}\"},\"query-input\":{\"@type\":\"PropertyValueSpecification\",\"valueRequired\":true,\"valueName\":\"search_term_string\"}}],\"inLanguage\":\"en-GB\"},{\"@type\":\"Organization\",\"@id\":\"https:\\\/\\\/idonim-lingerie.fr\\\/#organization\",\"name\":\"Idonim Lingerie\",\"url\":\"https:\\\/\\\/idonim-lingerie.fr\\\/\",\"logo\":{\"@type\":\"ImageObject\",\"inLanguage\":\"en-GB\",\"@id\":\"https:\\\/\\\/idonim-lingerie.fr\\\/#\\\/schema\\\/logo\\\/image\\\/\",\"url\":\"https:\\\/\\\/idonim-lingerie.fr\\\/wp-content\\\/uploads\\\/2025\\\/12\\\/idonim_h28.webp\",\"contentUrl\":\"https:\\\/\\\/idonim-lingerie.fr\\\/wp-content\\\/uploads\\\/2025\\\/12\\\/idonim_h28.webp\",\"width\":111,\"height\":28,\"caption\":\"Idonim Lingerie\"},\"image\":{\"@id\":\"https:\\\/\\\/idonim-lingerie.fr\\\/#\\\/schema\\\/logo\\\/image\\\/\"}}]}<\/script>\n<!-- \/ Yoast SEO plugin. -->","yoast_head_json":{"title":"Kit mati\u00e8res soutien-gorge dentelle PETITE TAILLE - motif floral chair bordeaux - Idonim Lingerie","description":"kit pour coudre son soutien gorge chair bordeaux \u00e0 armatures. Facile d'utilisation il comprend toutes les fournitures n\u00e9cessaires de tr\u00e8s belle qualit\u00e9.","robots":{"index":"index","follow":"follow","max-snippet":"max-snippet:-1","max-image-preview":"max-image-preview:large","max-video-preview":"max-video-preview:-1"},"canonical":"https:\/\/idonim-lingerie.fr\/en\/product\/kit-matieres-soutien-gorge-dentelle-petite-taille-motif-floral-chair-bordeaux\/","og_locale":"en_GB","og_type":"article","og_title":"Kit mati\u00e8res soutien-gorge dentelle PETITE TAILLE - motif floral chair bordeaux - Idonim Lingerie","og_description":"kit pour coudre son soutien gorge chair bordeaux \u00e0 armatures. Facile d'utilisation il comprend toutes les fournitures n\u00e9cessaires de tr\u00e8s belle qualit\u00e9.","og_url":"https:\/\/idonim-lingerie.fr\/en\/product\/kit-matieres-soutien-gorge-dentelle-petite-taille-motif-floral-chair-bordeaux\/","og_site_name":"Idonim Lingerie","article_modified_time":"2026-03-17T13:52:27+00:00","og_image":[{"width":640,"height":640,"url":"https:\/\/idonim-lingerie.fr\/wp-content\/uploads\/2026\/02\/kit-soutien-gorge-chair-floral.jpg","type":"image\/jpeg"}],"twitter_card":"summary_large_image","twitter_misc":{"Estimated reading time":"1 minute"},"schema":{"@context":"https:\/\/schema.org","@graph":[{"@type":"WebPage","@id":"https:\/\/idonim-lingerie.fr\/produit\/kit-matieres-soutien-gorge-dentelle-petite-taille-motif-floral-chair-bordeaux\/","url":"https:\/\/idonim-lingerie.fr\/produit\/kit-matieres-soutien-gorge-dentelle-petite-taille-motif-floral-chair-bordeaux\/","name":"Kit mati\u00e8res soutien-gorge dentelle PETITE TAILLE - motif floral chair bordeaux - Idonim Lingerie","isPartOf":{"@id":"https:\/\/idonim-lingerie.fr\/#website"},"primaryImageOfPage":{"@id":"https:\/\/idonim-lingerie.fr\/produit\/kit-matieres-soutien-gorge-dentelle-petite-taille-motif-floral-chair-bordeaux\/#primaryimage"},"image":{"@id":"https:\/\/idonim-lingerie.fr\/produit\/kit-matieres-soutien-gorge-dentelle-petite-taille-motif-floral-chair-bordeaux\/#primaryimage"},"thumbnailUrl":"https:\/\/idonim-lingerie.fr\/wp-content\/uploads\/2026\/02\/kit-soutien-gorge-chair-floral.jpg","datePublished":"2026-02-21T09:35:17+00:00","dateModified":"2026-03-17T13:52:27+00:00","description":"kit pour coudre son soutien gorge chair bordeaux \u00e0 armatures. Facile d'utilisation il comprend toutes les fournitures n\u00e9cessaires de tr\u00e8s belle qualit\u00e9.","breadcrumb":{"@id":"https:\/\/idonim-lingerie.fr\/produit\/kit-matieres-soutien-gorge-dentelle-petite-taille-motif-floral-chair-bordeaux\/#breadcrumb"},"inLanguage":"en-GB","potentialAction":[{"@type":"ReadAction","target":["https:\/\/idonim-lingerie.fr\/produit\/kit-matieres-soutien-gorge-dentelle-petite-taille-motif-floral-chair-bordeaux\/"]}]},{"@type":"ImageObject","inLanguage":"en-GB","@id":"https:\/\/idonim-lingerie.fr\/produit\/kit-matieres-soutien-gorge-dentelle-petite-taille-motif-floral-chair-bordeaux\/#primaryimage","url":"https:\/\/idonim-lingerie.fr\/wp-content\/uploads\/2026\/02\/kit-soutien-gorge-chair-floral.jpg","contentUrl":"https:\/\/idonim-lingerie.fr\/wp-content\/uploads\/2026\/02\/kit-soutien-gorge-chair-floral.jpg","width":640,"height":640,"caption":"kit soutien gorge chair floral"},{"@type":"BreadcrumbList","@id":"https:\/\/idonim-lingerie.fr\/produit\/kit-matieres-soutien-gorge-dentelle-petite-taille-motif-floral-chair-bordeaux\/#breadcrumb","itemListElement":[{"@type":"ListItem","position":1,"name":"Accueil","item":"https:\/\/idonim-lingerie.fr\/en\/"},{"@type":"ListItem","position":2,"name":"Boutique","item":"https:\/\/idonim-lingerie.fr\/shop\/"},{"@type":"ListItem","position":3,"name":"Kit mati\u00e8res soutien-gorge dentelle PETITE TAILLE &#8211; motif floral chair bordeaux"}]},{"@type":"WebSite","@id":"https:\/\/idonim-lingerie.fr\/#website","url":"https:\/\/idonim-lingerie.fr\/","name":"Idonim Lingerie","description":"Idonim offers a wide selection of fabrics, laces and accessories for your creations. Fast delivery. Educational workshops. Quality creation. Mixing Style and Comfort.","publisher":{"@id":"https:\/\/idonim-lingerie.fr\/#organization"},"potentialAction":[{"@type":"SearchAction","target":{"@type":"EntryPoint","urlTemplate":"https:\/\/idonim-lingerie.fr\/?s={search_term_string}"},"query-input":{"@type":"PropertyValueSpecification","valueRequired":true,"valueName":"search_term_string"}}],"inLanguage":"en-GB"},{"@type":"Organization","@id":"https:\/\/idonim-lingerie.fr\/#organization","name":"Idonim Lingerie","url":"https:\/\/idonim-lingerie.fr\/","logo":{"@type":"ImageObject","inLanguage":"en-GB","@id":"https:\/\/idonim-lingerie.fr\/#\/schema\/logo\/image\/","url":"https:\/\/idonim-lingerie.fr\/wp-content\/uploads\/2025\/12\/idonim_h28.webp","contentUrl":"https:\/\/idonim-lingerie.fr\/wp-content\/uploads\/2025\/12\/idonim_h28.webp","width":111,"height":28,"caption":"Idonim Lingerie"},"image":{"@id":"https:\/\/idonim-lingerie.fr\/#\/schema\/logo\/image\/"}}]}},"_links":{"self":[{"href":"https:\/\/idonim-lingerie.fr\/en\/wp-json\/wp\/v2\/product\/48335","targetHints":{"allow":["GET"]}}],"collection":[{"href":"https:\/\/idonim-lingerie.fr\/en\/wp-json\/wp\/v2\/product"}],"about":[{"href":"https:\/\/idonim-lingerie.fr\/en\/wp-json\/wp\/v2\/types\/product"}],"replies":[{"embeddable":true,"href":"https:\/\/idonim-lingerie.fr\/en\/wp-json\/wp\/v2\/comments?post=48335"}],"wp:featuredmedia":[{"embeddable":true,"href":"https:\/\/idonim-lingerie.fr\/en\/wp-json\/wp\/v2\/media\/48339"}],"wp:attachment":[{"href":"https:\/\/idonim-lingerie.fr\/en\/wp-json\/wp\/v2\/media?parent=48335"}],"wp:term":[{"taxonomy":"product_brand","embeddable":true,"href":"https:\/\/idonim-lingerie.fr\/en\/wp-json\/wp\/v2\/product_brand?post=48335"},{"taxonomy":"product_cat","embeddable":true,"href":"https:\/\/idonim-lingerie.fr\/en\/wp-json\/wp\/v2\/product_cat?post=48335"},{"taxonomy":"product_tag","embeddable":true,"href":"https:\/\/idonim-lingerie.fr\/en\/wp-json\/wp\/v2\/product_tag?post=48335"}],"curies":[{"name":"wp","href":"https:\/\/api.w.org\/{rel}","templated":true}]}}