{"id":47281,"date":"2025-11-26T14:42:12","date_gmt":"2025-11-26T13:42:12","guid":{"rendered":"https:\/\/idonim-lingerie.fr\/?post_type=product&#038;p=47281"},"modified":"2026-03-10T10:09:50","modified_gmt":"2026-03-10T09:09:50","slug":"kit-soutien-gorge-taille-medium-ou-grande-taille-annabelle-noir","status":"publish","type":"product","link":"https:\/\/idonim-lingerie.fr\/en\/product\/kit-soutien-gorge-taille-medium-ou-grande-taille-annabelle-noir\/","title":{"rendered":"Kit soutien-gorge TAILLE MEDIUM ou GRANDE TAILLE &#8211; Annabelle noir"},"content":{"rendered":"<p>One kit contains:<\/p>\n<p>-30x75cm of powernet medium<\/p>\n<p>&#8211; 2m de dentelle tulle brod\u00e9\u00a0 &#8211; largeur 32cm &#8211; festonn\u00e9e des 2 c\u00f4t\u00e9s &#8211;<strong> avec stretch m\u00e9canique dans le sens de la longueur\u00a0<\/strong><\/p>\n<p>&#8211; 30x140cm de marquisette<\/p>\n<p>&#8211; 2m d&rsquo;\u00e9lastique \u00e0 bretelles 15mm (taille moyenne)\u00a0 &#8211; 18mm (grande taille)<\/p>\n<p>-2m of 15mm support elastic<\/p>\n<p>-2m of 10-12mm scalloped elastic<\/p>\n<p>-1m of 6mm flat elastic<\/p>\n<p>- 1m of 10mm armature cover<\/p>\n<p>- a set of 3\u00d73 bra fasteners<\/p>\n<p>- 2 rings, 2 adjusters and 1 knot<\/p>\n<p><span style=\"color: #b68457;\"><strong>Composition:<\/strong><\/span><\/p>\n<p>Origin : FRANCE<\/p>\n<p><span style=\"color: #b68457;\"><strong>Advice :<\/strong><\/span><\/p>\n<p>- Use of stretch needles is highly recommended<\/p>\n<p>- Wash at 40\u00b0C max.<\/p>","protected":false},"excerpt":{"rendered":"<p data-start=\"173\" data-end=\"375\">Want to sew a bra? This <strong data-start=\"232\" data-end=\"245\">kit<\/strong> is specially designed to create an underwired bra, from the <strong data-start=\"316\" data-end=\"350\">medium to large caps. <\/strong>Nous vous proposons 2 tailles au choix (ce sont les tailles des \u00e9lastiques bretelles qui changent!)<\/p>\n<p data-start=\"377\" data-end=\"508\">This kit includes <strong data-start=\"393\" data-end=\"415\">everything you need<\/strong>carefully coordinated around a <strong data-start=\"454\" data-end=\"483\">magnifique dentelle en tulle brod\u00e9 noir<\/strong>.<\/p>\n<p data-start=\"677\" data-end=\"845\">Please note <strong data-start=\"698\" data-end=\"732\">fittings are not included<\/strong> in this kit, but are available in our \"Underwiring\" section, for an optimal fit.<\/p>\n<p data-start=\"847\" data-end=\"1030\">The pattern is not supplied with this kit, but is perfectly suited to any underwired bra pattern.<\/p>\n<p>Vous souhaitez r\u00e9aliser un ensemble coordonn\u00e9, nous vous proposons le kit culotte assorti; \u00e9galement disponible \u00e0 la vente.<\/p>\n<p>Colour: black<\/p>\n<p>&nbsp;<\/p>\n<p><strong>Sold individually<\/strong><\/p>\n<p>&nbsp;<\/p>\n<p>Looking for a boss? Visit<a href=\"https:\/\/idonim-lingerie.fr\/en\/product\/patron-soutien-gorge-a-armatures-lilly\/\"> patron de soutien gorge LILLY<\/a> is perfectly suited to the use of this kit. Available from our shop in downloadable or paper version.<\/p>\n<p>Vous cherchez du fil coordonn\u00e9 &#8211; nous vous proposons le fil polyester Mettler coloris 4000 ou G\u00fcttermann 0000<\/p>","protected":false},"featured_media":47284,"comment_status":"closed","ping_status":"closed","template":"","meta":[],"product_brand":[],"product_cat":[664,576,184,185],"product_tag":[],"class_list":{"0":"post-47281","1":"product","2":"type-product","3":"status-publish","4":"has-post-thumbnail","6":"product_cat-kit-soutien-gorge-grande-taille","7":"product_cat-kit-soutien-gorge-moyenne-taille","8":"product_cat-kits","9":"product_cat-kits-soutien-gorge","10":"product_shipping_class-outils","12":"first","13":"instock","14":"taxable","15":"shipping-taxable","16":"purchasable","17":"product-type-variable"},"yoast_head":"<!-- This site is optimized with the Yoast SEO plugin v27.3 - https:\/\/yoast.com\/product\/yoast-seo-wordpress\/ -->\n<title>Kit soutien-gorge TAILLE MEDIUM ou GRANDE TAILLE - Annabelle noir - Idonim Lingerie<\/title>\n<meta name=\"description\" content=\"kit pour coudre son soutien gorge \u00e0 armatures noir. Facile d&#039;utilisation il comprend toutes les fournitures n\u00e9cessaires de tr\u00e8s belle qualit\u00e9.\" \/>\n<meta name=\"robots\" content=\"index, follow, max-snippet:-1, max-image-preview:large, max-video-preview:-1\" \/>\n<link rel=\"canonical\" href=\"https:\/\/idonim-lingerie.fr\/en\/product\/kit-soutien-gorge-taille-medium-ou-grande-taille-annabelle-noir\/\" \/>\n<meta property=\"og:locale\" content=\"en_GB\" \/>\n<meta property=\"og:type\" content=\"article\" \/>\n<meta property=\"og:title\" content=\"Kit soutien-gorge TAILLE MEDIUM ou GRANDE TAILLE - Annabelle noir - Idonim Lingerie\" \/>\n<meta property=\"og:description\" content=\"kit pour coudre son soutien gorge \u00e0 armatures noir. Facile d&#039;utilisation il comprend toutes les fournitures n\u00e9cessaires de tr\u00e8s belle qualit\u00e9.\" \/>\n<meta property=\"og:url\" content=\"https:\/\/idonim-lingerie.fr\/en\/product\/kit-soutien-gorge-taille-medium-ou-grande-taille-annabelle-noir\/\" \/>\n<meta property=\"og:site_name\" content=\"Idonim Lingerie\" \/>\n<meta property=\"article:modified_time\" content=\"2026-03-10T09:09:50+00:00\" \/>\n<meta property=\"og:image\" content=\"https:\/\/idonim-lingerie.fr\/wp-content\/uploads\/2025\/11\/kit-soutien-gorge-noir-2.jpg\" \/>\n\t<meta property=\"og:image:width\" content=\"640\" \/>\n\t<meta property=\"og:image:height\" content=\"640\" \/>\n\t<meta property=\"og:image:type\" content=\"image\/jpeg\" \/>\n<meta name=\"twitter:card\" content=\"summary_large_image\" \/>\n<meta name=\"twitter:label1\" content=\"Estimated reading time\" \/>\n\t<meta name=\"twitter:data1\" content=\"1 minute\" \/>\n<script type=\"application\/ld+json\" class=\"yoast-schema-graph\">{\"@context\":\"https:\\\/\\\/schema.org\",\"@graph\":[{\"@type\":\"WebPage\",\"@id\":\"https:\\\/\\\/idonim-lingerie.fr\\\/produit\\\/kit-soutien-gorge-taille-medium-ou-grande-taille-annabelle-noir\\\/\",\"url\":\"https:\\\/\\\/idonim-lingerie.fr\\\/produit\\\/kit-soutien-gorge-taille-medium-ou-grande-taille-annabelle-noir\\\/\",\"name\":\"Kit soutien-gorge TAILLE MEDIUM ou GRANDE TAILLE - Annabelle noir - Idonim Lingerie\",\"isPartOf\":{\"@id\":\"https:\\\/\\\/idonim-lingerie.fr\\\/#website\"},\"primaryImageOfPage\":{\"@id\":\"https:\\\/\\\/idonim-lingerie.fr\\\/produit\\\/kit-soutien-gorge-taille-medium-ou-grande-taille-annabelle-noir\\\/#primaryimage\"},\"image\":{\"@id\":\"https:\\\/\\\/idonim-lingerie.fr\\\/produit\\\/kit-soutien-gorge-taille-medium-ou-grande-taille-annabelle-noir\\\/#primaryimage\"},\"thumbnailUrl\":\"https:\\\/\\\/idonim-lingerie.fr\\\/wp-content\\\/uploads\\\/2025\\\/11\\\/kit-soutien-gorge-noir-2.jpg\",\"datePublished\":\"2025-11-26T13:42:12+00:00\",\"dateModified\":\"2026-03-10T09:09:50+00:00\",\"description\":\"kit pour coudre son soutien gorge \u00e0 armatures noir. Facile d'utilisation il comprend toutes les fournitures n\u00e9cessaires de tr\u00e8s belle qualit\u00e9.\",\"breadcrumb\":{\"@id\":\"https:\\\/\\\/idonim-lingerie.fr\\\/produit\\\/kit-soutien-gorge-taille-medium-ou-grande-taille-annabelle-noir\\\/#breadcrumb\"},\"inLanguage\":\"en-GB\",\"potentialAction\":[{\"@type\":\"ReadAction\",\"target\":[\"https:\\\/\\\/idonim-lingerie.fr\\\/produit\\\/kit-soutien-gorge-taille-medium-ou-grande-taille-annabelle-noir\\\/\"]}]},{\"@type\":\"ImageObject\",\"inLanguage\":\"en-GB\",\"@id\":\"https:\\\/\\\/idonim-lingerie.fr\\\/produit\\\/kit-soutien-gorge-taille-medium-ou-grande-taille-annabelle-noir\\\/#primaryimage\",\"url\":\"https:\\\/\\\/idonim-lingerie.fr\\\/wp-content\\\/uploads\\\/2025\\\/11\\\/kit-soutien-gorge-noir-2.jpg\",\"contentUrl\":\"https:\\\/\\\/idonim-lingerie.fr\\\/wp-content\\\/uploads\\\/2025\\\/11\\\/kit-soutien-gorge-noir-2.jpg\",\"width\":640,\"height\":640,\"caption\":\"kit soutien gorge noir\"},{\"@type\":\"BreadcrumbList\",\"@id\":\"https:\\\/\\\/idonim-lingerie.fr\\\/produit\\\/kit-soutien-gorge-taille-medium-ou-grande-taille-annabelle-noir\\\/#breadcrumb\",\"itemListElement\":[{\"@type\":\"ListItem\",\"position\":1,\"name\":\"Accueil\",\"item\":\"https:\\\/\\\/idonim-lingerie.fr\\\/en\\\/\"},{\"@type\":\"ListItem\",\"position\":2,\"name\":\"Boutique\",\"item\":\"https:\\\/\\\/idonim-lingerie.fr\\\/shop\\\/\"},{\"@type\":\"ListItem\",\"position\":3,\"name\":\"Kit soutien-gorge TAILLE MEDIUM ou GRANDE TAILLE &#8211; Annabelle noir\"}]},{\"@type\":\"WebSite\",\"@id\":\"https:\\\/\\\/idonim-lingerie.fr\\\/#website\",\"url\":\"https:\\\/\\\/idonim-lingerie.fr\\\/\",\"name\":\"Idonim Lingerie\",\"description\":\"Idonim offre une s\u00e9lection vari\u00e9e de tissus, dentelles et accessoires pour vos cr\u00e9ations. Livraison rapide. Ateliers P\u00e9dagogiques. Cr\u00e9ation De Qualit\u00e9. M\u00ealant Style Et Confort.\",\"publisher\":{\"@id\":\"https:\\\/\\\/idonim-lingerie.fr\\\/#organization\"},\"potentialAction\":[{\"@type\":\"SearchAction\",\"target\":{\"@type\":\"EntryPoint\",\"urlTemplate\":\"https:\\\/\\\/idonim-lingerie.fr\\\/?s={search_term_string}\"},\"query-input\":{\"@type\":\"PropertyValueSpecification\",\"valueRequired\":true,\"valueName\":\"search_term_string\"}}],\"inLanguage\":\"en-GB\"},{\"@type\":\"Organization\",\"@id\":\"https:\\\/\\\/idonim-lingerie.fr\\\/#organization\",\"name\":\"Idonim Lingerie\",\"url\":\"https:\\\/\\\/idonim-lingerie.fr\\\/\",\"logo\":{\"@type\":\"ImageObject\",\"inLanguage\":\"en-GB\",\"@id\":\"https:\\\/\\\/idonim-lingerie.fr\\\/#\\\/schema\\\/logo\\\/image\\\/\",\"url\":\"https:\\\/\\\/idonim-lingerie.fr\\\/wp-content\\\/uploads\\\/2025\\\/12\\\/idonim_h28.webp\",\"contentUrl\":\"https:\\\/\\\/idonim-lingerie.fr\\\/wp-content\\\/uploads\\\/2025\\\/12\\\/idonim_h28.webp\",\"width\":111,\"height\":28,\"caption\":\"Idonim Lingerie\"},\"image\":{\"@id\":\"https:\\\/\\\/idonim-lingerie.fr\\\/#\\\/schema\\\/logo\\\/image\\\/\"}}]}<\/script>\n<!-- \/ Yoast SEO plugin. -->","yoast_head_json":{"title":"Kit soutien-gorge TAILLE MEDIUM ou GRANDE TAILLE - Annabelle noir - Idonim Lingerie","description":"kit pour coudre son soutien gorge \u00e0 armatures noir. Facile d'utilisation il comprend toutes les fournitures n\u00e9cessaires de tr\u00e8s belle qualit\u00e9.","robots":{"index":"index","follow":"follow","max-snippet":"max-snippet:-1","max-image-preview":"max-image-preview:large","max-video-preview":"max-video-preview:-1"},"canonical":"https:\/\/idonim-lingerie.fr\/en\/product\/kit-soutien-gorge-taille-medium-ou-grande-taille-annabelle-noir\/","og_locale":"en_GB","og_type":"article","og_title":"Kit soutien-gorge TAILLE MEDIUM ou GRANDE TAILLE - Annabelle noir - Idonim Lingerie","og_description":"kit pour coudre son soutien gorge \u00e0 armatures noir. Facile d'utilisation il comprend toutes les fournitures n\u00e9cessaires de tr\u00e8s belle qualit\u00e9.","og_url":"https:\/\/idonim-lingerie.fr\/en\/product\/kit-soutien-gorge-taille-medium-ou-grande-taille-annabelle-noir\/","og_site_name":"Idonim Lingerie","article_modified_time":"2026-03-10T09:09:50+00:00","og_image":[{"width":640,"height":640,"url":"https:\/\/idonim-lingerie.fr\/wp-content\/uploads\/2025\/11\/kit-soutien-gorge-noir-2.jpg","type":"image\/jpeg"}],"twitter_card":"summary_large_image","twitter_misc":{"Estimated reading time":"1 minute"},"schema":{"@context":"https:\/\/schema.org","@graph":[{"@type":"WebPage","@id":"https:\/\/idonim-lingerie.fr\/produit\/kit-soutien-gorge-taille-medium-ou-grande-taille-annabelle-noir\/","url":"https:\/\/idonim-lingerie.fr\/produit\/kit-soutien-gorge-taille-medium-ou-grande-taille-annabelle-noir\/","name":"Kit soutien-gorge TAILLE MEDIUM ou GRANDE TAILLE - Annabelle noir - Idonim Lingerie","isPartOf":{"@id":"https:\/\/idonim-lingerie.fr\/#website"},"primaryImageOfPage":{"@id":"https:\/\/idonim-lingerie.fr\/produit\/kit-soutien-gorge-taille-medium-ou-grande-taille-annabelle-noir\/#primaryimage"},"image":{"@id":"https:\/\/idonim-lingerie.fr\/produit\/kit-soutien-gorge-taille-medium-ou-grande-taille-annabelle-noir\/#primaryimage"},"thumbnailUrl":"https:\/\/idonim-lingerie.fr\/wp-content\/uploads\/2025\/11\/kit-soutien-gorge-noir-2.jpg","datePublished":"2025-11-26T13:42:12+00:00","dateModified":"2026-03-10T09:09:50+00:00","description":"kit pour coudre son soutien gorge \u00e0 armatures noir. Facile d'utilisation il comprend toutes les fournitures n\u00e9cessaires de tr\u00e8s belle qualit\u00e9.","breadcrumb":{"@id":"https:\/\/idonim-lingerie.fr\/produit\/kit-soutien-gorge-taille-medium-ou-grande-taille-annabelle-noir\/#breadcrumb"},"inLanguage":"en-GB","potentialAction":[{"@type":"ReadAction","target":["https:\/\/idonim-lingerie.fr\/produit\/kit-soutien-gorge-taille-medium-ou-grande-taille-annabelle-noir\/"]}]},{"@type":"ImageObject","inLanguage":"en-GB","@id":"https:\/\/idonim-lingerie.fr\/produit\/kit-soutien-gorge-taille-medium-ou-grande-taille-annabelle-noir\/#primaryimage","url":"https:\/\/idonim-lingerie.fr\/wp-content\/uploads\/2025\/11\/kit-soutien-gorge-noir-2.jpg","contentUrl":"https:\/\/idonim-lingerie.fr\/wp-content\/uploads\/2025\/11\/kit-soutien-gorge-noir-2.jpg","width":640,"height":640,"caption":"kit soutien gorge noir"},{"@type":"BreadcrumbList","@id":"https:\/\/idonim-lingerie.fr\/produit\/kit-soutien-gorge-taille-medium-ou-grande-taille-annabelle-noir\/#breadcrumb","itemListElement":[{"@type":"ListItem","position":1,"name":"Accueil","item":"https:\/\/idonim-lingerie.fr\/en\/"},{"@type":"ListItem","position":2,"name":"Boutique","item":"https:\/\/idonim-lingerie.fr\/shop\/"},{"@type":"ListItem","position":3,"name":"Kit soutien-gorge TAILLE MEDIUM ou GRANDE TAILLE &#8211; Annabelle noir"}]},{"@type":"WebSite","@id":"https:\/\/idonim-lingerie.fr\/#website","url":"https:\/\/idonim-lingerie.fr\/","name":"Idonim Lingerie","description":"Idonim offers a wide selection of fabrics, laces and accessories for your creations. Fast delivery. Educational workshops. Quality creation. Mixing Style and Comfort.","publisher":{"@id":"https:\/\/idonim-lingerie.fr\/#organization"},"potentialAction":[{"@type":"SearchAction","target":{"@type":"EntryPoint","urlTemplate":"https:\/\/idonim-lingerie.fr\/?s={search_term_string}"},"query-input":{"@type":"PropertyValueSpecification","valueRequired":true,"valueName":"search_term_string"}}],"inLanguage":"en-GB"},{"@type":"Organization","@id":"https:\/\/idonim-lingerie.fr\/#organization","name":"Idonim Lingerie","url":"https:\/\/idonim-lingerie.fr\/","logo":{"@type":"ImageObject","inLanguage":"en-GB","@id":"https:\/\/idonim-lingerie.fr\/#\/schema\/logo\/image\/","url":"https:\/\/idonim-lingerie.fr\/wp-content\/uploads\/2025\/12\/idonim_h28.webp","contentUrl":"https:\/\/idonim-lingerie.fr\/wp-content\/uploads\/2025\/12\/idonim_h28.webp","width":111,"height":28,"caption":"Idonim Lingerie"},"image":{"@id":"https:\/\/idonim-lingerie.fr\/#\/schema\/logo\/image\/"}}]}},"_links":{"self":[{"href":"https:\/\/idonim-lingerie.fr\/en\/wp-json\/wp\/v2\/product\/47281","targetHints":{"allow":["GET"]}}],"collection":[{"href":"https:\/\/idonim-lingerie.fr\/en\/wp-json\/wp\/v2\/product"}],"about":[{"href":"https:\/\/idonim-lingerie.fr\/en\/wp-json\/wp\/v2\/types\/product"}],"replies":[{"embeddable":true,"href":"https:\/\/idonim-lingerie.fr\/en\/wp-json\/wp\/v2\/comments?post=47281"}],"wp:featuredmedia":[{"embeddable":true,"href":"https:\/\/idonim-lingerie.fr\/en\/wp-json\/wp\/v2\/media\/47284"}],"wp:attachment":[{"href":"https:\/\/idonim-lingerie.fr\/en\/wp-json\/wp\/v2\/media?parent=47281"}],"wp:term":[{"taxonomy":"product_brand","embeddable":true,"href":"https:\/\/idonim-lingerie.fr\/en\/wp-json\/wp\/v2\/product_brand?post=47281"},{"taxonomy":"product_cat","embeddable":true,"href":"https:\/\/idonim-lingerie.fr\/en\/wp-json\/wp\/v2\/product_cat?post=47281"},{"taxonomy":"product_tag","embeddable":true,"href":"https:\/\/idonim-lingerie.fr\/en\/wp-json\/wp\/v2\/product_tag?post=47281"}],"curies":[{"name":"wp","href":"https:\/\/api.w.org\/{rel}","templated":true}]}}