{"id":47139,"date":"2025-11-14T23:27:51","date_gmt":"2025-11-14T22:27:51","guid":{"rendered":"https:\/\/idonim-lingerie.fr\/?post_type=product&#038;p=47139"},"modified":"2026-01-22T07:41:15","modified_gmt":"2026-01-22T06:41:15","slug":"coffret-lingerie-oceane-collection-didonim","status":"publish","type":"product","link":"https:\/\/idonim-lingerie.fr\/en\/product\/coffret-lingerie-oceane-collection-didonim\/","title":{"rendered":"Coffret Body Oc\u00e9ane \u2013 Collection d\u2019IDONIM"},"content":{"rendered":"<p>One kit contains:<\/p>\n<p>-160 x 140cm de maille extensible floqu\u00e9e<\/p>\n<p>-4m d&rsquo;\u00e9lastique d\u00e9coratif 10mm<\/p>\n<p>-un coupon de jersey de coton pour le fond de culotte<\/p>\n<p>-1 bobine de fil polyester Mettler coordonn\u00e9 &#8211; 200m<\/p>\n<p>&nbsp;<\/p>\n<p><span style=\"color: #b68457;\"><strong>Composition:<\/strong><\/span><\/p>\n<p>Origin : FRANCE<\/p>\n<p><span style=\"color: #b68457;\"><strong>Advice :<\/strong><\/span><\/p>\n<p>- Use of stretch needles is highly recommended<\/p>\n<p>- Wash at 40\u00b0C max.<\/p>","protected":false},"excerpt":{"rendered":"<p data-start=\"250\" data-end=\"564\">Retrouvez l\u2019\u00e9l\u00e9gance absolue de notre maille extensible floqu\u00e9e noire, un textile haut de gamme : une mati\u00e8re rare dont le velours floqu\u00e9 rehauss\u00e9 de petites paillettes sublimera votre body.<\/p>\n<p data-start=\"566\" data-end=\"968\">Ce coffret premium r\u00e9unit <strong data-start=\"592\" data-end=\"630\">toutes les fournitures n\u00e9cessaires<\/strong> pour cr\u00e9er un body d\u2019exception : une maille souple et confortable, des flocages velout\u00e9s d\u2019une finesse remarquable, ainsi que les \u00e9lastiques et accessoires parfaitement coordonn\u00e9s. Aucun compromis : chaque \u00e9l\u00e9ment a \u00e9t\u00e9 s\u00e9lectionn\u00e9 pour vous offrir une exp\u00e9rience couture hautement qualitative, digne des plus belles pi\u00e8ces de cr\u00e9ateurs.<\/p>\n<p data-start=\"970\" data-end=\"1216\">Pens\u00e9 pour les couturi\u00e8res passionn\u00e9es, ce coffret vous permet de r\u00e9aliser une pi\u00e8ce unique, sophistiqu\u00e9e, f\u00e9minine, et enti\u00e8rement fa\u00e7onn\u00e9e par vos mains. Un moment couture qui devient un plaisir sensoriel, une parenth\u00e8se cr\u00e9ative \u00e0 votre image.<\/p>\n<p data-start=\"1218\" data-end=\"1276\"><strong data-start=\"1218\" data-end=\"1276\">Une signature Idonim : idyllique, raffin\u00e9e, m\u00e9morable.<\/strong><\/p>\n<p data-start=\"1077\" data-end=\"1123\"><strong data-start=\"1077\" data-end=\"1121\">Ce coffret est id\u00e9al si vous souhaitez :<\/strong><\/p>\n<ul data-start=\"1124\" data-end=\"1378\">\n<li data-start=\"1124\" data-end=\"1194\">\n<p data-start=\"1126\" data-end=\"1194\">cr\u00e9er un body d&rsquo;exception<\/p>\n<\/li>\n<li data-start=\"1195\" data-end=\"1248\">\n<p data-start=\"1197\" data-end=\"1248\">gagner du temps dans la s\u00e9lection des fournitures<\/p>\n<\/li>\n<li data-start=\"1249\" data-end=\"1308\">\n<p data-start=\"1251\" data-end=\"1308\">s\u00e9curiser un rendu premium sans risque de mauvais choix<\/p>\n<\/li>\n<li data-start=\"1309\" data-end=\"1378\">\n<p data-start=\"1311\" data-end=\"1378\">vous offrir une exp\u00e9rience couture qualitative, cr\u00e9ative, plaisante<\/p>\n<\/li>\n<\/ul>\n<p data-start=\"189\" data-end=\"675\">Chaque coffret est soigneusement <strong data-start=\"616\" data-end=\"663\">conditionn\u00e9 dans un pochon en coton naturel<\/strong>, pour une pr\u00e9sentation aussi \u00e9l\u00e9gante que responsable.<\/p>\n<p>Colour: black<\/p>\n<p><strong>Sold individually\u00a0<\/strong><\/p>\n<p>Disponible <strong data-start=\"598\" data-end=\"621\">avec ou sans patron<\/strong>, selon ton niveau ou ton envie de personnalisation &#8211; le patron est d\u00e9livr\u00e9 sous format papier avec livret dans sa pochette.<\/p>\n<p data-start=\"750\" data-end=\"828\">Nous vous proposons un patron compatible de notre collection accessible aux d\u00e9butants:<\/p>\n<ul data-start=\"829\" data-end=\"883\">\n<li data-start=\"829\" data-end=\"854\">\n<p data-start=\"831\" data-end=\"854\"><strong data-start=\"831\" data-end=\"852\">Le body Serena II<\/strong><\/p>\n<\/li>\n<\/ul>\n<p>&nbsp;<\/p>","protected":false},"featured_media":47184,"comment_status":"closed","ping_status":"closed","template":"","meta":[],"product_brand":[],"product_cat":[602,184,702,708],"product_tag":[],"class_list":{"0":"post-47139","1":"product","2":"type-product","3":"status-publish","4":"has-post-thumbnail","6":"product_cat-autres-kits","7":"product_cat-kits","8":"product_cat-la-collection-didonim","9":"product_cat-les-coffrets-body","10":"product_shipping_class-outils","12":"first","13":"instock","14":"sale","15":"taxable","16":"shipping-taxable","17":"purchasable","18":"product-type-variable"},"yoast_head":"<!-- This site is optimized with the Yoast SEO plugin v27.3 - https:\/\/yoast.com\/product\/yoast-seo-wordpress\/ -->\n<title>Coffret Body Oc\u00e9ane \u2013 Collection d\u2019IDONIM - Idonim Lingerie<\/title>\n<meta name=\"description\" content=\"Le coffret cr\u00e9ation exclusif pour coudre un fabuleux body en maille floqu\u00e9e. Il comprend toutes les fournitures n\u00e9cessaires pr\u00e9sent\u00e9es dans un pochon.\" \/>\n<meta name=\"robots\" content=\"index, follow, max-snippet:-1, max-image-preview:large, max-video-preview:-1\" \/>\n<link rel=\"canonical\" href=\"https:\/\/idonim-lingerie.fr\/en\/product\/coffret-lingerie-oceane-collection-didonim\/\" \/>\n<meta property=\"og:locale\" content=\"en_GB\" \/>\n<meta property=\"og:type\" content=\"article\" \/>\n<meta property=\"og:title\" content=\"Coffret Body Oc\u00e9ane \u2013 Collection d\u2019IDONIM - Idonim Lingerie\" \/>\n<meta property=\"og:description\" content=\"Le coffret cr\u00e9ation exclusif pour coudre un fabuleux body en maille floqu\u00e9e. Il comprend toutes les fournitures n\u00e9cessaires pr\u00e9sent\u00e9es dans un pochon.\" \/>\n<meta property=\"og:url\" content=\"https:\/\/idonim-lingerie.fr\/en\/product\/coffret-lingerie-oceane-collection-didonim\/\" \/>\n<meta property=\"og:site_name\" content=\"Idonim Lingerie\" \/>\n<meta property=\"article:modified_time\" content=\"2026-01-22T06:41:15+00:00\" \/>\n<meta property=\"og:image\" content=\"https:\/\/idonim-lingerie.fr\/wp-content\/uploads\/2025\/11\/coffret-oceane.png\" \/>\n\t<meta property=\"og:image:width\" content=\"1080\" \/>\n\t<meta property=\"og:image:height\" content=\"1350\" \/>\n\t<meta property=\"og:image:type\" content=\"image\/png\" \/>\n<meta name=\"twitter:card\" content=\"summary_large_image\" \/>\n<meta name=\"twitter:label1\" content=\"Estimated reading time\" \/>\n\t<meta name=\"twitter:data1\" content=\"1 minute\" \/>\n<script type=\"application\/ld+json\" class=\"yoast-schema-graph\">{\"@context\":\"https:\\\/\\\/schema.org\",\"@graph\":[{\"@type\":\"WebPage\",\"@id\":\"https:\\\/\\\/idonim-lingerie.fr\\\/produit\\\/coffret-lingerie-oceane-collection-didonim\\\/\",\"url\":\"https:\\\/\\\/idonim-lingerie.fr\\\/produit\\\/coffret-lingerie-oceane-collection-didonim\\\/\",\"name\":\"Coffret Body Oc\u00e9ane \u2013 Collection d\u2019IDONIM - Idonim Lingerie\",\"isPartOf\":{\"@id\":\"https:\\\/\\\/idonim-lingerie.fr\\\/#website\"},\"primaryImageOfPage\":{\"@id\":\"https:\\\/\\\/idonim-lingerie.fr\\\/produit\\\/coffret-lingerie-oceane-collection-didonim\\\/#primaryimage\"},\"image\":{\"@id\":\"https:\\\/\\\/idonim-lingerie.fr\\\/produit\\\/coffret-lingerie-oceane-collection-didonim\\\/#primaryimage\"},\"thumbnailUrl\":\"https:\\\/\\\/idonim-lingerie.fr\\\/wp-content\\\/uploads\\\/2025\\\/11\\\/coffret-oceane.png\",\"datePublished\":\"2025-11-14T22:27:51+00:00\",\"dateModified\":\"2026-01-22T06:41:15+00:00\",\"description\":\"Le coffret cr\u00e9ation exclusif pour coudre un fabuleux body en maille floqu\u00e9e. Il comprend toutes les fournitures n\u00e9cessaires pr\u00e9sent\u00e9es dans un pochon.\",\"breadcrumb\":{\"@id\":\"https:\\\/\\\/idonim-lingerie.fr\\\/produit\\\/coffret-lingerie-oceane-collection-didonim\\\/#breadcrumb\"},\"inLanguage\":\"en-GB\",\"potentialAction\":[{\"@type\":\"ReadAction\",\"target\":[\"https:\\\/\\\/idonim-lingerie.fr\\\/produit\\\/coffret-lingerie-oceane-collection-didonim\\\/\"]}]},{\"@type\":\"ImageObject\",\"inLanguage\":\"en-GB\",\"@id\":\"https:\\\/\\\/idonim-lingerie.fr\\\/produit\\\/coffret-lingerie-oceane-collection-didonim\\\/#primaryimage\",\"url\":\"https:\\\/\\\/idonim-lingerie.fr\\\/wp-content\\\/uploads\\\/2025\\\/11\\\/coffret-oceane.png\",\"contentUrl\":\"https:\\\/\\\/idonim-lingerie.fr\\\/wp-content\\\/uploads\\\/2025\\\/11\\\/coffret-oceane.png\",\"width\":1080,\"height\":1350,\"caption\":\"coffret body\"},{\"@type\":\"BreadcrumbList\",\"@id\":\"https:\\\/\\\/idonim-lingerie.fr\\\/produit\\\/coffret-lingerie-oceane-collection-didonim\\\/#breadcrumb\",\"itemListElement\":[{\"@type\":\"ListItem\",\"position\":1,\"name\":\"Accueil\",\"item\":\"https:\\\/\\\/idonim-lingerie.fr\\\/en\\\/\"},{\"@type\":\"ListItem\",\"position\":2,\"name\":\"Boutique\",\"item\":\"https:\\\/\\\/idonim-lingerie.fr\\\/shop\\\/\"},{\"@type\":\"ListItem\",\"position\":3,\"name\":\"Coffret Body Oc\u00e9ane \u2013 Collection d\u2019IDONIM\"}]},{\"@type\":\"WebSite\",\"@id\":\"https:\\\/\\\/idonim-lingerie.fr\\\/#website\",\"url\":\"https:\\\/\\\/idonim-lingerie.fr\\\/\",\"name\":\"Idonim Lingerie\",\"description\":\"Idonim offre une s\u00e9lection vari\u00e9e de tissus, dentelles et accessoires pour vos cr\u00e9ations. Livraison rapide. Ateliers P\u00e9dagogiques. Cr\u00e9ation De Qualit\u00e9. M\u00ealant Style Et Confort.\",\"publisher\":{\"@id\":\"https:\\\/\\\/idonim-lingerie.fr\\\/#organization\"},\"potentialAction\":[{\"@type\":\"SearchAction\",\"target\":{\"@type\":\"EntryPoint\",\"urlTemplate\":\"https:\\\/\\\/idonim-lingerie.fr\\\/?s={search_term_string}\"},\"query-input\":{\"@type\":\"PropertyValueSpecification\",\"valueRequired\":true,\"valueName\":\"search_term_string\"}}],\"inLanguage\":\"en-GB\"},{\"@type\":\"Organization\",\"@id\":\"https:\\\/\\\/idonim-lingerie.fr\\\/#organization\",\"name\":\"Idonim Lingerie\",\"url\":\"https:\\\/\\\/idonim-lingerie.fr\\\/\",\"logo\":{\"@type\":\"ImageObject\",\"inLanguage\":\"en-GB\",\"@id\":\"https:\\\/\\\/idonim-lingerie.fr\\\/#\\\/schema\\\/logo\\\/image\\\/\",\"url\":\"https:\\\/\\\/idonim-lingerie.fr\\\/wp-content\\\/uploads\\\/2025\\\/12\\\/idonim_h28.webp\",\"contentUrl\":\"https:\\\/\\\/idonim-lingerie.fr\\\/wp-content\\\/uploads\\\/2025\\\/12\\\/idonim_h28.webp\",\"width\":111,\"height\":28,\"caption\":\"Idonim Lingerie\"},\"image\":{\"@id\":\"https:\\\/\\\/idonim-lingerie.fr\\\/#\\\/schema\\\/logo\\\/image\\\/\"}}]}<\/script>\n<!-- \/ Yoast SEO plugin. -->","yoast_head_json":{"title":"Coffret Body Oc\u00e9ane \u2013 Collection d\u2019IDONIM - Idonim Lingerie","description":"Le coffret cr\u00e9ation exclusif pour coudre un fabuleux body en maille floqu\u00e9e. Il comprend toutes les fournitures n\u00e9cessaires pr\u00e9sent\u00e9es dans un pochon.","robots":{"index":"index","follow":"follow","max-snippet":"max-snippet:-1","max-image-preview":"max-image-preview:large","max-video-preview":"max-video-preview:-1"},"canonical":"https:\/\/idonim-lingerie.fr\/en\/product\/coffret-lingerie-oceane-collection-didonim\/","og_locale":"en_GB","og_type":"article","og_title":"Coffret Body Oc\u00e9ane \u2013 Collection d\u2019IDONIM - Idonim Lingerie","og_description":"Le coffret cr\u00e9ation exclusif pour coudre un fabuleux body en maille floqu\u00e9e. Il comprend toutes les fournitures n\u00e9cessaires pr\u00e9sent\u00e9es dans un pochon.","og_url":"https:\/\/idonim-lingerie.fr\/en\/product\/coffret-lingerie-oceane-collection-didonim\/","og_site_name":"Idonim Lingerie","article_modified_time":"2026-01-22T06:41:15+00:00","og_image":[{"width":1080,"height":1350,"url":"https:\/\/idonim-lingerie.fr\/wp-content\/uploads\/2025\/11\/coffret-oceane.png","type":"image\/png"}],"twitter_card":"summary_large_image","twitter_misc":{"Estimated reading time":"1 minute"},"schema":{"@context":"https:\/\/schema.org","@graph":[{"@type":"WebPage","@id":"https:\/\/idonim-lingerie.fr\/produit\/coffret-lingerie-oceane-collection-didonim\/","url":"https:\/\/idonim-lingerie.fr\/produit\/coffret-lingerie-oceane-collection-didonim\/","name":"Coffret Body Oc\u00e9ane \u2013 Collection d\u2019IDONIM - Idonim Lingerie","isPartOf":{"@id":"https:\/\/idonim-lingerie.fr\/#website"},"primaryImageOfPage":{"@id":"https:\/\/idonim-lingerie.fr\/produit\/coffret-lingerie-oceane-collection-didonim\/#primaryimage"},"image":{"@id":"https:\/\/idonim-lingerie.fr\/produit\/coffret-lingerie-oceane-collection-didonim\/#primaryimage"},"thumbnailUrl":"https:\/\/idonim-lingerie.fr\/wp-content\/uploads\/2025\/11\/coffret-oceane.png","datePublished":"2025-11-14T22:27:51+00:00","dateModified":"2026-01-22T06:41:15+00:00","description":"Le coffret cr\u00e9ation exclusif pour coudre un fabuleux body en maille floqu\u00e9e. Il comprend toutes les fournitures n\u00e9cessaires pr\u00e9sent\u00e9es dans un pochon.","breadcrumb":{"@id":"https:\/\/idonim-lingerie.fr\/produit\/coffret-lingerie-oceane-collection-didonim\/#breadcrumb"},"inLanguage":"en-GB","potentialAction":[{"@type":"ReadAction","target":["https:\/\/idonim-lingerie.fr\/produit\/coffret-lingerie-oceane-collection-didonim\/"]}]},{"@type":"ImageObject","inLanguage":"en-GB","@id":"https:\/\/idonim-lingerie.fr\/produit\/coffret-lingerie-oceane-collection-didonim\/#primaryimage","url":"https:\/\/idonim-lingerie.fr\/wp-content\/uploads\/2025\/11\/coffret-oceane.png","contentUrl":"https:\/\/idonim-lingerie.fr\/wp-content\/uploads\/2025\/11\/coffret-oceane.png","width":1080,"height":1350,"caption":"coffret body"},{"@type":"BreadcrumbList","@id":"https:\/\/idonim-lingerie.fr\/produit\/coffret-lingerie-oceane-collection-didonim\/#breadcrumb","itemListElement":[{"@type":"ListItem","position":1,"name":"Accueil","item":"https:\/\/idonim-lingerie.fr\/en\/"},{"@type":"ListItem","position":2,"name":"Boutique","item":"https:\/\/idonim-lingerie.fr\/shop\/"},{"@type":"ListItem","position":3,"name":"Coffret Body Oc\u00e9ane \u2013 Collection d\u2019IDONIM"}]},{"@type":"WebSite","@id":"https:\/\/idonim-lingerie.fr\/#website","url":"https:\/\/idonim-lingerie.fr\/","name":"Idonim Lingerie","description":"Idonim offers a wide selection of fabrics, laces and accessories for your creations. Fast delivery. Educational workshops. Quality creation. Mixing Style and Comfort.","publisher":{"@id":"https:\/\/idonim-lingerie.fr\/#organization"},"potentialAction":[{"@type":"SearchAction","target":{"@type":"EntryPoint","urlTemplate":"https:\/\/idonim-lingerie.fr\/?s={search_term_string}"},"query-input":{"@type":"PropertyValueSpecification","valueRequired":true,"valueName":"search_term_string"}}],"inLanguage":"en-GB"},{"@type":"Organization","@id":"https:\/\/idonim-lingerie.fr\/#organization","name":"Idonim Lingerie","url":"https:\/\/idonim-lingerie.fr\/","logo":{"@type":"ImageObject","inLanguage":"en-GB","@id":"https:\/\/idonim-lingerie.fr\/#\/schema\/logo\/image\/","url":"https:\/\/idonim-lingerie.fr\/wp-content\/uploads\/2025\/12\/idonim_h28.webp","contentUrl":"https:\/\/idonim-lingerie.fr\/wp-content\/uploads\/2025\/12\/idonim_h28.webp","width":111,"height":28,"caption":"Idonim Lingerie"},"image":{"@id":"https:\/\/idonim-lingerie.fr\/#\/schema\/logo\/image\/"}}]}},"_links":{"self":[{"href":"https:\/\/idonim-lingerie.fr\/en\/wp-json\/wp\/v2\/product\/47139","targetHints":{"allow":["GET"]}}],"collection":[{"href":"https:\/\/idonim-lingerie.fr\/en\/wp-json\/wp\/v2\/product"}],"about":[{"href":"https:\/\/idonim-lingerie.fr\/en\/wp-json\/wp\/v2\/types\/product"}],"replies":[{"embeddable":true,"href":"https:\/\/idonim-lingerie.fr\/en\/wp-json\/wp\/v2\/comments?post=47139"}],"wp:featuredmedia":[{"embeddable":true,"href":"https:\/\/idonim-lingerie.fr\/en\/wp-json\/wp\/v2\/media\/47184"}],"wp:attachment":[{"href":"https:\/\/idonim-lingerie.fr\/en\/wp-json\/wp\/v2\/media?parent=47139"}],"wp:term":[{"taxonomy":"product_brand","embeddable":true,"href":"https:\/\/idonim-lingerie.fr\/en\/wp-json\/wp\/v2\/product_brand?post=47139"},{"taxonomy":"product_cat","embeddable":true,"href":"https:\/\/idonim-lingerie.fr\/en\/wp-json\/wp\/v2\/product_cat?post=47139"},{"taxonomy":"product_tag","embeddable":true,"href":"https:\/\/idonim-lingerie.fr\/en\/wp-json\/wp\/v2\/product_tag?post=47139"}],"curies":[{"name":"wp","href":"https:\/\/api.w.org\/{rel}","templated":true}]}}