{"id":47136,"date":"2025-11-14T23:12:59","date_gmt":"2025-11-14T22:12:59","guid":{"rendered":"https:\/\/idonim-lingerie.fr\/?post_type=product&#038;p=47136"},"modified":"2026-02-19T23:43:31","modified_gmt":"2026-02-19T22:43:31","slug":"coffret-lingerie-ines-collection-didonim","status":"publish","type":"product","link":"https:\/\/idonim-lingerie.fr\/en\/product\/coffret-lingerie-ines-collection-didonim\/","title":{"rendered":"Coffret Body In\u00e8s \u2013 Collection d\u2019IDONIM"},"content":{"rendered":"<p>One kit contains:<\/p>\n<p>-160 x 140cm de velours extensible noir<\/p>\n<p>-2m d&rsquo;\u00e9lastique d\u00e9coratif 10mm<\/p>\n<p>-2m de galon en dentelle<\/p>\n<p>-un coupon de jersey de coton de 25x25cm<\/p>\n<p>-1 bobine de fil polyester Mettler coordonn\u00e9 &#8211; 200m<\/p>\n<p>&nbsp;<\/p>\n<p><span style=\"color: #b68457;\"><strong>Composition:<\/strong><\/span><\/p>\n<p>Origin : FRANCE<\/p>\n<p><span style=\"color: #b68457;\"><strong>Advice :<\/strong><\/span><\/p>\n<p>- Use of stretch needles is highly recommended<\/p>\n<p>- Wash at 40\u00b0C max.<\/p>","protected":false},"excerpt":{"rendered":"<p data-start=\"145\" data-end=\"450\">Laissez-vous s\u00e9duire par la profondeur et la douceur de notre velours noir, une mati\u00e8re somptueuse au toucher soyeux qui offre un tomb\u00e9 impeccable et un rendu intens\u00e9ment f\u00e9minin. Ce textile haut de gamme apporte imm\u00e9diatement une allure couture \u00e0 votre cr\u00e9ation, tout en garantissant confort et \u00e9l\u00e9gance.<\/p>\n<p data-start=\"452\" data-end=\"546\">Ce coffret r\u00e9unit <strong data-start=\"470\" data-end=\"508\">toutes les fournitures n\u00e9cessaires<\/strong> pour r\u00e9aliszer un body \u00e0 manches longues.<\/p>\n<p data-start=\"726\" data-end=\"961\">Chaque \u00e9l\u00e9ment a \u00e9t\u00e9 soigneusement s\u00e9lectionn\u00e9 pour magnifier votre mod\u00e8le et vous permettre de cr\u00e9er une pi\u00e8ce raffin\u00e9e, moderne et unique. Un body qui se distingue par son \u00e9l\u00e9gance intemporelle et sa finition d\u00e9licatement travaill\u00e9e.<\/p>\n<p data-start=\"963\" data-end=\"1023\"><strong data-start=\"963\" data-end=\"1023\">Une signature Idonim : f\u00e9minine, pr\u00e9cieuse, inoubliable.<\/strong><\/p>\n<p data-start=\"1077\" data-end=\"1123\"><strong data-start=\"1077\" data-end=\"1121\">Ce coffret est id\u00e9al si vous souhaitez :<\/strong><\/p>\n<ul data-start=\"1124\" data-end=\"1378\">\n<li data-start=\"1124\" data-end=\"1194\">\n<p data-start=\"1126\" data-end=\"1194\">cr\u00e9er un body d&rsquo;exception<\/p>\n<\/li>\n<li data-start=\"1195\" data-end=\"1248\">\n<p data-start=\"1197\" data-end=\"1248\">gagner du temps dans la s\u00e9lection des fournitures<\/p>\n<\/li>\n<li data-start=\"1249\" data-end=\"1308\">\n<p data-start=\"1251\" data-end=\"1308\">s\u00e9curiser un rendu premium sans risque de mauvais choix<\/p>\n<\/li>\n<li data-start=\"1309\" data-end=\"1378\">\n<p data-start=\"1311\" data-end=\"1378\">vous offrir une exp\u00e9rience couture qualitative, cr\u00e9ative, plaisante<\/p>\n<\/li>\n<\/ul>\n<p data-start=\"189\" data-end=\"675\">Chaque coffret est soigneusement <strong data-start=\"616\" data-end=\"663\">conditionn\u00e9 dans un pochon en coton naturel<\/strong>, pour une pr\u00e9sentation aussi \u00e9l\u00e9gante que responsable.<\/p>\n<p>Colour: black<\/p>\n<p><strong>Sold individually\u00a0<\/strong><\/p>\n<p>Disponible <strong data-start=\"598\" data-end=\"621\">avec ou sans patron<\/strong>, selon ton niveau ou ton envie de personnalisation &#8211; le patron est d\u00e9livr\u00e9 sous format papier avec livret dans sa pochette.<\/p>\n<p data-start=\"750\" data-end=\"828\">Nous vous proposons un patron compatible de notre collection accessible aux d\u00e9butants:<\/p>\n<ul data-start=\"829\" data-end=\"883\">\n<li data-start=\"829\" data-end=\"854\">\n<p data-start=\"831\" data-end=\"854\"><strong data-start=\"831\" data-end=\"852\">Le body Serena II<\/strong><\/p>\n<\/li>\n<\/ul>\n<p>&nbsp;<\/p>","protected":false},"featured_media":47185,"comment_status":"closed","ping_status":"closed","template":"","meta":[],"product_brand":[],"product_cat":[602,184,702,708],"product_tag":[],"class_list":{"0":"post-47136","1":"product","2":"type-product","3":"status-publish","4":"has-post-thumbnail","6":"product_cat-autres-kits","7":"product_cat-kits","8":"product_cat-la-collection-didonim","9":"product_cat-les-coffrets-body","10":"product_shipping_class-outils","12":"first","13":"instock","14":"sale","15":"taxable","16":"shipping-taxable","17":"purchasable","18":"product-type-variable"},"yoast_head":"<!-- This site is optimized with the Yoast SEO plugin v27.3 - https:\/\/yoast.com\/product\/yoast-seo-wordpress\/ -->\n<title>Coffret Body In\u00e8s \u2013 Collection d\u2019IDONIM - Idonim Lingerie<\/title>\n<meta name=\"description\" content=\"Le coffret cr\u00e9ation exclusif In\u00e8s pour coudre un fabuleux body en velours noir. Il comprend toutes les fournitures n\u00e9cessaires pr\u00e9sent\u00e9es dans un pochon.\" \/>\n<meta name=\"robots\" content=\"index, follow, max-snippet:-1, max-image-preview:large, max-video-preview:-1\" \/>\n<link rel=\"canonical\" href=\"https:\/\/idonim-lingerie.fr\/en\/product\/coffret-lingerie-ines-collection-didonim\/\" \/>\n<meta property=\"og:locale\" content=\"en_GB\" \/>\n<meta property=\"og:type\" content=\"article\" \/>\n<meta property=\"og:title\" content=\"Coffret Body In\u00e8s \u2013 Collection d\u2019IDONIM - Idonim Lingerie\" \/>\n<meta property=\"og:description\" content=\"Le coffret cr\u00e9ation exclusif In\u00e8s pour coudre un fabuleux body en velours noir. Il comprend toutes les fournitures n\u00e9cessaires pr\u00e9sent\u00e9es dans un pochon.\" \/>\n<meta property=\"og:url\" content=\"https:\/\/idonim-lingerie.fr\/en\/product\/coffret-lingerie-ines-collection-didonim\/\" \/>\n<meta property=\"og:site_name\" content=\"Idonim Lingerie\" \/>\n<meta property=\"article:modified_time\" content=\"2026-02-19T22:43:31+00:00\" \/>\n<meta property=\"og:image\" content=\"https:\/\/idonim-lingerie.fr\/wp-content\/uploads\/2025\/11\/coffret-body-ines.png\" \/>\n\t<meta property=\"og:image:width\" content=\"1080\" \/>\n\t<meta property=\"og:image:height\" content=\"1350\" \/>\n\t<meta property=\"og:image:type\" content=\"image\/png\" \/>\n<meta name=\"twitter:card\" content=\"summary_large_image\" \/>\n<meta name=\"twitter:label1\" content=\"Estimated reading time\" \/>\n\t<meta name=\"twitter:data1\" content=\"1 minute\" \/>\n<script type=\"application\/ld+json\" class=\"yoast-schema-graph\">{\"@context\":\"https:\\\/\\\/schema.org\",\"@graph\":[{\"@type\":\"WebPage\",\"@id\":\"https:\\\/\\\/idonim-lingerie.fr\\\/produit\\\/coffret-lingerie-ines-collection-didonim\\\/\",\"url\":\"https:\\\/\\\/idonim-lingerie.fr\\\/produit\\\/coffret-lingerie-ines-collection-didonim\\\/\",\"name\":\"Coffret Body In\u00e8s \u2013 Collection d\u2019IDONIM - Idonim Lingerie\",\"isPartOf\":{\"@id\":\"https:\\\/\\\/idonim-lingerie.fr\\\/#website\"},\"primaryImageOfPage\":{\"@id\":\"https:\\\/\\\/idonim-lingerie.fr\\\/produit\\\/coffret-lingerie-ines-collection-didonim\\\/#primaryimage\"},\"image\":{\"@id\":\"https:\\\/\\\/idonim-lingerie.fr\\\/produit\\\/coffret-lingerie-ines-collection-didonim\\\/#primaryimage\"},\"thumbnailUrl\":\"https:\\\/\\\/idonim-lingerie.fr\\\/wp-content\\\/uploads\\\/2025\\\/11\\\/coffret-body-ines.png\",\"datePublished\":\"2025-11-14T22:12:59+00:00\",\"dateModified\":\"2026-02-19T22:43:31+00:00\",\"description\":\"Le coffret cr\u00e9ation exclusif In\u00e8s pour coudre un fabuleux body en velours noir. Il comprend toutes les fournitures n\u00e9cessaires pr\u00e9sent\u00e9es dans un pochon.\",\"breadcrumb\":{\"@id\":\"https:\\\/\\\/idonim-lingerie.fr\\\/produit\\\/coffret-lingerie-ines-collection-didonim\\\/#breadcrumb\"},\"inLanguage\":\"en-GB\",\"potentialAction\":[{\"@type\":\"ReadAction\",\"target\":[\"https:\\\/\\\/idonim-lingerie.fr\\\/produit\\\/coffret-lingerie-ines-collection-didonim\\\/\"]}]},{\"@type\":\"ImageObject\",\"inLanguage\":\"en-GB\",\"@id\":\"https:\\\/\\\/idonim-lingerie.fr\\\/produit\\\/coffret-lingerie-ines-collection-didonim\\\/#primaryimage\",\"url\":\"https:\\\/\\\/idonim-lingerie.fr\\\/wp-content\\\/uploads\\\/2025\\\/11\\\/coffret-body-ines.png\",\"contentUrl\":\"https:\\\/\\\/idonim-lingerie.fr\\\/wp-content\\\/uploads\\\/2025\\\/11\\\/coffret-body-ines.png\",\"width\":1080,\"height\":1350,\"caption\":\"coffret body\"},{\"@type\":\"BreadcrumbList\",\"@id\":\"https:\\\/\\\/idonim-lingerie.fr\\\/produit\\\/coffret-lingerie-ines-collection-didonim\\\/#breadcrumb\",\"itemListElement\":[{\"@type\":\"ListItem\",\"position\":1,\"name\":\"Accueil\",\"item\":\"https:\\\/\\\/idonim-lingerie.fr\\\/en\\\/\"},{\"@type\":\"ListItem\",\"position\":2,\"name\":\"Boutique\",\"item\":\"https:\\\/\\\/idonim-lingerie.fr\\\/shop\\\/\"},{\"@type\":\"ListItem\",\"position\":3,\"name\":\"Coffret Body In\u00e8s \u2013 Collection d\u2019IDONIM\"}]},{\"@type\":\"WebSite\",\"@id\":\"https:\\\/\\\/idonim-lingerie.fr\\\/#website\",\"url\":\"https:\\\/\\\/idonim-lingerie.fr\\\/\",\"name\":\"Idonim Lingerie\",\"description\":\"Idonim offre une s\u00e9lection vari\u00e9e de tissus, dentelles et accessoires pour vos cr\u00e9ations. Livraison rapide. Ateliers P\u00e9dagogiques. Cr\u00e9ation De Qualit\u00e9. M\u00ealant Style Et Confort.\",\"publisher\":{\"@id\":\"https:\\\/\\\/idonim-lingerie.fr\\\/#organization\"},\"potentialAction\":[{\"@type\":\"SearchAction\",\"target\":{\"@type\":\"EntryPoint\",\"urlTemplate\":\"https:\\\/\\\/idonim-lingerie.fr\\\/?s={search_term_string}\"},\"query-input\":{\"@type\":\"PropertyValueSpecification\",\"valueRequired\":true,\"valueName\":\"search_term_string\"}}],\"inLanguage\":\"en-GB\"},{\"@type\":\"Organization\",\"@id\":\"https:\\\/\\\/idonim-lingerie.fr\\\/#organization\",\"name\":\"Idonim Lingerie\",\"url\":\"https:\\\/\\\/idonim-lingerie.fr\\\/\",\"logo\":{\"@type\":\"ImageObject\",\"inLanguage\":\"en-GB\",\"@id\":\"https:\\\/\\\/idonim-lingerie.fr\\\/#\\\/schema\\\/logo\\\/image\\\/\",\"url\":\"https:\\\/\\\/idonim-lingerie.fr\\\/wp-content\\\/uploads\\\/2025\\\/12\\\/idonim_h28.webp\",\"contentUrl\":\"https:\\\/\\\/idonim-lingerie.fr\\\/wp-content\\\/uploads\\\/2025\\\/12\\\/idonim_h28.webp\",\"width\":111,\"height\":28,\"caption\":\"Idonim Lingerie\"},\"image\":{\"@id\":\"https:\\\/\\\/idonim-lingerie.fr\\\/#\\\/schema\\\/logo\\\/image\\\/\"}}]}<\/script>\n<!-- \/ Yoast SEO plugin. -->","yoast_head_json":{"title":"Coffret Body In\u00e8s \u2013 Collection d\u2019IDONIM - Idonim Lingerie","description":"Le coffret cr\u00e9ation exclusif In\u00e8s pour coudre un fabuleux body en velours noir. Il comprend toutes les fournitures n\u00e9cessaires pr\u00e9sent\u00e9es dans un pochon.","robots":{"index":"index","follow":"follow","max-snippet":"max-snippet:-1","max-image-preview":"max-image-preview:large","max-video-preview":"max-video-preview:-1"},"canonical":"https:\/\/idonim-lingerie.fr\/en\/product\/coffret-lingerie-ines-collection-didonim\/","og_locale":"en_GB","og_type":"article","og_title":"Coffret Body In\u00e8s \u2013 Collection d\u2019IDONIM - Idonim Lingerie","og_description":"Le coffret cr\u00e9ation exclusif In\u00e8s pour coudre un fabuleux body en velours noir. Il comprend toutes les fournitures n\u00e9cessaires pr\u00e9sent\u00e9es dans un pochon.","og_url":"https:\/\/idonim-lingerie.fr\/en\/product\/coffret-lingerie-ines-collection-didonim\/","og_site_name":"Idonim Lingerie","article_modified_time":"2026-02-19T22:43:31+00:00","og_image":[{"width":1080,"height":1350,"url":"https:\/\/idonim-lingerie.fr\/wp-content\/uploads\/2025\/11\/coffret-body-ines.png","type":"image\/png"}],"twitter_card":"summary_large_image","twitter_misc":{"Estimated reading time":"1 minute"},"schema":{"@context":"https:\/\/schema.org","@graph":[{"@type":"WebPage","@id":"https:\/\/idonim-lingerie.fr\/produit\/coffret-lingerie-ines-collection-didonim\/","url":"https:\/\/idonim-lingerie.fr\/produit\/coffret-lingerie-ines-collection-didonim\/","name":"Coffret Body In\u00e8s \u2013 Collection d\u2019IDONIM - Idonim Lingerie","isPartOf":{"@id":"https:\/\/idonim-lingerie.fr\/#website"},"primaryImageOfPage":{"@id":"https:\/\/idonim-lingerie.fr\/produit\/coffret-lingerie-ines-collection-didonim\/#primaryimage"},"image":{"@id":"https:\/\/idonim-lingerie.fr\/produit\/coffret-lingerie-ines-collection-didonim\/#primaryimage"},"thumbnailUrl":"https:\/\/idonim-lingerie.fr\/wp-content\/uploads\/2025\/11\/coffret-body-ines.png","datePublished":"2025-11-14T22:12:59+00:00","dateModified":"2026-02-19T22:43:31+00:00","description":"Le coffret cr\u00e9ation exclusif In\u00e8s pour coudre un fabuleux body en velours noir. Il comprend toutes les fournitures n\u00e9cessaires pr\u00e9sent\u00e9es dans un pochon.","breadcrumb":{"@id":"https:\/\/idonim-lingerie.fr\/produit\/coffret-lingerie-ines-collection-didonim\/#breadcrumb"},"inLanguage":"en-GB","potentialAction":[{"@type":"ReadAction","target":["https:\/\/idonim-lingerie.fr\/produit\/coffret-lingerie-ines-collection-didonim\/"]}]},{"@type":"ImageObject","inLanguage":"en-GB","@id":"https:\/\/idonim-lingerie.fr\/produit\/coffret-lingerie-ines-collection-didonim\/#primaryimage","url":"https:\/\/idonim-lingerie.fr\/wp-content\/uploads\/2025\/11\/coffret-body-ines.png","contentUrl":"https:\/\/idonim-lingerie.fr\/wp-content\/uploads\/2025\/11\/coffret-body-ines.png","width":1080,"height":1350,"caption":"coffret body"},{"@type":"BreadcrumbList","@id":"https:\/\/idonim-lingerie.fr\/produit\/coffret-lingerie-ines-collection-didonim\/#breadcrumb","itemListElement":[{"@type":"ListItem","position":1,"name":"Accueil","item":"https:\/\/idonim-lingerie.fr\/en\/"},{"@type":"ListItem","position":2,"name":"Boutique","item":"https:\/\/idonim-lingerie.fr\/shop\/"},{"@type":"ListItem","position":3,"name":"Coffret Body In\u00e8s \u2013 Collection d\u2019IDONIM"}]},{"@type":"WebSite","@id":"https:\/\/idonim-lingerie.fr\/#website","url":"https:\/\/idonim-lingerie.fr\/","name":"Idonim Lingerie","description":"Idonim offers a wide selection of fabrics, laces and accessories for your creations. Fast delivery. Educational workshops. Quality creation. Mixing Style and Comfort.","publisher":{"@id":"https:\/\/idonim-lingerie.fr\/#organization"},"potentialAction":[{"@type":"SearchAction","target":{"@type":"EntryPoint","urlTemplate":"https:\/\/idonim-lingerie.fr\/?s={search_term_string}"},"query-input":{"@type":"PropertyValueSpecification","valueRequired":true,"valueName":"search_term_string"}}],"inLanguage":"en-GB"},{"@type":"Organization","@id":"https:\/\/idonim-lingerie.fr\/#organization","name":"Idonim Lingerie","url":"https:\/\/idonim-lingerie.fr\/","logo":{"@type":"ImageObject","inLanguage":"en-GB","@id":"https:\/\/idonim-lingerie.fr\/#\/schema\/logo\/image\/","url":"https:\/\/idonim-lingerie.fr\/wp-content\/uploads\/2025\/12\/idonim_h28.webp","contentUrl":"https:\/\/idonim-lingerie.fr\/wp-content\/uploads\/2025\/12\/idonim_h28.webp","width":111,"height":28,"caption":"Idonim Lingerie"},"image":{"@id":"https:\/\/idonim-lingerie.fr\/#\/schema\/logo\/image\/"}}]}},"_links":{"self":[{"href":"https:\/\/idonim-lingerie.fr\/en\/wp-json\/wp\/v2\/product\/47136","targetHints":{"allow":["GET"]}}],"collection":[{"href":"https:\/\/idonim-lingerie.fr\/en\/wp-json\/wp\/v2\/product"}],"about":[{"href":"https:\/\/idonim-lingerie.fr\/en\/wp-json\/wp\/v2\/types\/product"}],"replies":[{"embeddable":true,"href":"https:\/\/idonim-lingerie.fr\/en\/wp-json\/wp\/v2\/comments?post=47136"}],"wp:featuredmedia":[{"embeddable":true,"href":"https:\/\/idonim-lingerie.fr\/en\/wp-json\/wp\/v2\/media\/47185"}],"wp:attachment":[{"href":"https:\/\/idonim-lingerie.fr\/en\/wp-json\/wp\/v2\/media?parent=47136"}],"wp:term":[{"taxonomy":"product_brand","embeddable":true,"href":"https:\/\/idonim-lingerie.fr\/en\/wp-json\/wp\/v2\/product_brand?post=47136"},{"taxonomy":"product_cat","embeddable":true,"href":"https:\/\/idonim-lingerie.fr\/en\/wp-json\/wp\/v2\/product_cat?post=47136"},{"taxonomy":"product_tag","embeddable":true,"href":"https:\/\/idonim-lingerie.fr\/en\/wp-json\/wp\/v2\/product_tag?post=47136"}],"curies":[{"name":"wp","href":"https:\/\/api.w.org\/{rel}","templated":true}]}}