{"id":47121,"date":"2025-11-14T22:26:40","date_gmt":"2025-11-14T21:26:40","guid":{"rendered":"https:\/\/idonim-lingerie.fr\/?post_type=product&#038;p=47121"},"modified":"2026-04-07T18:22:45","modified_gmt":"2026-04-07T16:22:45","slug":"maille-extensible-floquee-chair-et-noir","status":"publish","type":"product","link":"https:\/\/idonim-lingerie.fr\/en\/product\/maille-extensible-floquee-chair-et-noir\/","title":{"rendered":"Maille extensible floqu\u00e9e &#8211; chair et noir"},"content":{"rendered":"<p><span style=\"color: #b68457;\"><strong>Composition:<\/strong><\/span><\/p>\n<ul data-start=\"470\" data-end=\"755\">\n<li data-start=\"470\" data-end=\"518\">\n<p data-start=\"472\" data-end=\"518\"><strong data-start=\"472\" data-end=\"489\">Composition:<\/strong> maille synth\u00e9tique\u00a0 80% PA \/ 20% LY floqu\u00e9e 100% VISCOSE<\/p>\n<\/li>\n<li data-start=\"560\" data-end=\"583\">\n<p data-start=\"562\" data-end=\"583\"><strong data-start=\"562\" data-end=\"573\">Poids :<\/strong> 115 g\/m\u00b2<\/p>\n<\/li>\n<li data-start=\"584\" data-end=\"608\">\n<p data-start=\"586\" data-end=\"608\"><strong data-start=\"586\" data-end=\"599\">Largeur :<\/strong> 140 cm<\/p>\n<\/li>\n<li data-start=\"609\" data-end=\"672\">\n<p data-start=\"611\" data-end=\"672\"><strong data-start=\"611\" data-end=\"627\">\u00c9lasticit\u00e9 :<\/strong> extensible dans les deux sens (bi-stretch) &#8211; le sens le plus extensible est dans la longueur du tissu<\/p>\n<\/li>\n<li data-start=\"673\" data-end=\"715\">\n<p data-start=\"675\" data-end=\"715\"><strong data-start=\"675\" data-end=\"685\">Main :<\/strong> souple, fluide, confortable<\/p>\n<\/li>\n<li data-start=\"716\" data-end=\"755\">\n<p data-start=\"718\" data-end=\"755\"><strong data-start=\"718\" data-end=\"731\">Origine :<\/strong> French production<\/p>\n<\/li>\n<\/ul>\n<p>&nbsp;<\/p>\n<p><span style=\"color: #b68457;\"><strong>Advice :<\/strong><\/span><\/p>\n<p>Shrink-proofing not permitted - delicate hand wash, 30\u00b0C maximum<\/p>","protected":false},"excerpt":{"rendered":"<p data-start=\"230\" data-end=\"468\">Cette superbe <strong data-start=\"244\" data-end=\"268\">maille floqu\u00e9e noire et chair<\/strong>\u00a0s\u00e9duit par son rendu raffin\u00e9 et sa texture unique. Souple et l\u00e9g\u00e8re, elle offre un <strong data-start=\"352\" data-end=\"379\">toucher doux et velout\u00e9<\/strong> gr\u00e2ce \u00e0 son effet floqu\u00e9 au motif floral qui lui conf\u00e8rent un <strong data-start=\"502\" data-end=\"532\">aspect haute couture<\/strong>.<\/p>\n<p data-start=\"718\" data-end=\"755\">Id\u00e9ale pour la confection de <strong data-start=\"786\" data-end=\"849\">pi\u00e8ces de lingerie, bodies, tops ou v\u00eatements pr\u00e8s du corps (ou pas)<\/strong>, cette maille d\u2019exception allie <strong data-start=\"882\" data-end=\"918\">confort, originalit\u00e9 et \u00e9l\u00e9gance<\/strong>. Son motif floqu\u00e9 apporte du relief et de la profondeur, tout en conservant une grande finesse, parfaite pour des cr\u00e9ations haut de gamme.<\/p>\n<p>Coloris : noir et chair<\/p>\n<p><strong>Sold in units of 10cm length (to order 1m length order 10 units)\u00a0<\/strong><\/p>","protected":false},"featured_media":47122,"comment_status":"closed","ping_status":"closed","template":"","meta":[],"product_brand":[],"product_cat":[698,164,609],"product_tag":[],"class_list":{"0":"post-47121","1":"product","2":"type-product","3":"status-publish","4":"has-post-thumbnail","6":"product_cat-articles-haut-de-gamme","7":"product_cat-power-net-resilles","8":"product_cat-powernet-imprime-ou-floque","9":"product_shipping_class-tissus-leges","11":"first","12":"instock","13":"taxable","14":"shipping-taxable","15":"purchasable","16":"product-type-simple"},"yoast_head":"<!-- This site is optimized with the Yoast SEO plugin v27.3 - https:\/\/yoast.com\/product\/yoast-seo-wordpress\/ -->\n<title>Maille extensible floqu\u00e9e - chair et noir - Idonim Lingerie<\/title>\n<meta name=\"description\" content=\"Maille en grande largeur floqu\u00e9e chair et noir de qualit\u00e9 haute couture. Id\u00e9ale pour r\u00e9aliser des v\u00eatements, bodies, de la lingerie ou danse ... Fabrication fran\u00e7aise.\" \/>\n<meta name=\"robots\" content=\"index, follow, max-snippet:-1, max-image-preview:large, max-video-preview:-1\" \/>\n<link rel=\"canonical\" href=\"https:\/\/idonim-lingerie.fr\/en\/product\/maille-extensible-floquee-chair-et-noir\/\" \/>\n<meta property=\"og:locale\" content=\"en_GB\" \/>\n<meta property=\"og:type\" content=\"article\" \/>\n<meta property=\"og:title\" content=\"Maille extensible floqu\u00e9e - chair et noir - Idonim Lingerie\" \/>\n<meta property=\"og:description\" content=\"Maille en grande largeur floqu\u00e9e chair et noir de qualit\u00e9 haute couture. Id\u00e9ale pour r\u00e9aliser des v\u00eatements, bodies, de la lingerie ou danse ... Fabrication fran\u00e7aise.\" \/>\n<meta property=\"og:url\" content=\"https:\/\/idonim-lingerie.fr\/en\/product\/maille-extensible-floquee-chair-et-noir\/\" \/>\n<meta property=\"og:site_name\" content=\"Idonim Lingerie\" \/>\n<meta property=\"article:modified_time\" content=\"2026-04-07T16:22:45+00:00\" \/>\n<meta property=\"og:image\" content=\"https:\/\/idonim-lingerie.fr\/wp-content\/uploads\/2025\/11\/maille-flockee-noir-chair1.jpg\" \/>\n\t<meta property=\"og:image:width\" content=\"640\" \/>\n\t<meta property=\"og:image:height\" content=\"640\" \/>\n\t<meta property=\"og:image:type\" content=\"image\/jpeg\" \/>\n<meta name=\"twitter:card\" content=\"summary_large_image\" \/>\n<meta name=\"twitter:label1\" content=\"Estimated reading time\" \/>\n\t<meta name=\"twitter:data1\" content=\"1 minute\" \/>\n<script type=\"application\/ld+json\" class=\"yoast-schema-graph\">{\"@context\":\"https:\\\/\\\/schema.org\",\"@graph\":[{\"@type\":\"WebPage\",\"@id\":\"https:\\\/\\\/idonim-lingerie.fr\\\/produit\\\/maille-extensible-floquee-chair-et-noir\\\/\",\"url\":\"https:\\\/\\\/idonim-lingerie.fr\\\/produit\\\/maille-extensible-floquee-chair-et-noir\\\/\",\"name\":\"Maille extensible floqu\u00e9e - chair et noir - Idonim Lingerie\",\"isPartOf\":{\"@id\":\"https:\\\/\\\/idonim-lingerie.fr\\\/#website\"},\"primaryImageOfPage\":{\"@id\":\"https:\\\/\\\/idonim-lingerie.fr\\\/produit\\\/maille-extensible-floquee-chair-et-noir\\\/#primaryimage\"},\"image\":{\"@id\":\"https:\\\/\\\/idonim-lingerie.fr\\\/produit\\\/maille-extensible-floquee-chair-et-noir\\\/#primaryimage\"},\"thumbnailUrl\":\"https:\\\/\\\/idonim-lingerie.fr\\\/wp-content\\\/uploads\\\/2025\\\/11\\\/maille-flockee-noir-chair1.jpg\",\"datePublished\":\"2025-11-14T21:26:40+00:00\",\"dateModified\":\"2026-04-07T16:22:45+00:00\",\"description\":\"Maille en grande largeur floqu\u00e9e chair et noir de qualit\u00e9 haute couture. Id\u00e9ale pour r\u00e9aliser des v\u00eatements, bodies, de la lingerie ou danse ... Fabrication fran\u00e7aise.\",\"breadcrumb\":{\"@id\":\"https:\\\/\\\/idonim-lingerie.fr\\\/produit\\\/maille-extensible-floquee-chair-et-noir\\\/#breadcrumb\"},\"inLanguage\":\"en-GB\",\"potentialAction\":[{\"@type\":\"ReadAction\",\"target\":[\"https:\\\/\\\/idonim-lingerie.fr\\\/produit\\\/maille-extensible-floquee-chair-et-noir\\\/\"]}]},{\"@type\":\"ImageObject\",\"inLanguage\":\"en-GB\",\"@id\":\"https:\\\/\\\/idonim-lingerie.fr\\\/produit\\\/maille-extensible-floquee-chair-et-noir\\\/#primaryimage\",\"url\":\"https:\\\/\\\/idonim-lingerie.fr\\\/wp-content\\\/uploads\\\/2025\\\/11\\\/maille-flockee-noir-chair1.jpg\",\"contentUrl\":\"https:\\\/\\\/idonim-lingerie.fr\\\/wp-content\\\/uploads\\\/2025\\\/11\\\/maille-flockee-noir-chair1.jpg\",\"width\":640,\"height\":640,\"caption\":\"maille flock\u00e9e noir chair\"},{\"@type\":\"BreadcrumbList\",\"@id\":\"https:\\\/\\\/idonim-lingerie.fr\\\/produit\\\/maille-extensible-floquee-chair-et-noir\\\/#breadcrumb\",\"itemListElement\":[{\"@type\":\"ListItem\",\"position\":1,\"name\":\"Accueil\",\"item\":\"https:\\\/\\\/idonim-lingerie.fr\\\/en\\\/\"},{\"@type\":\"ListItem\",\"position\":2,\"name\":\"Boutique\",\"item\":\"https:\\\/\\\/idonim-lingerie.fr\\\/shop\\\/\"},{\"@type\":\"ListItem\",\"position\":3,\"name\":\"Maille extensible floqu\u00e9e &#8211; chair et noir\"}]},{\"@type\":\"WebSite\",\"@id\":\"https:\\\/\\\/idonim-lingerie.fr\\\/#website\",\"url\":\"https:\\\/\\\/idonim-lingerie.fr\\\/\",\"name\":\"Idonim Lingerie\",\"description\":\"Idonim offre une s\u00e9lection vari\u00e9e de tissus, dentelles et accessoires pour vos cr\u00e9ations. Livraison rapide. Ateliers P\u00e9dagogiques. Cr\u00e9ation De Qualit\u00e9. M\u00ealant Style Et Confort.\",\"publisher\":{\"@id\":\"https:\\\/\\\/idonim-lingerie.fr\\\/#organization\"},\"potentialAction\":[{\"@type\":\"SearchAction\",\"target\":{\"@type\":\"EntryPoint\",\"urlTemplate\":\"https:\\\/\\\/idonim-lingerie.fr\\\/?s={search_term_string}\"},\"query-input\":{\"@type\":\"PropertyValueSpecification\",\"valueRequired\":true,\"valueName\":\"search_term_string\"}}],\"inLanguage\":\"en-GB\"},{\"@type\":\"Organization\",\"@id\":\"https:\\\/\\\/idonim-lingerie.fr\\\/#organization\",\"name\":\"Idonim Lingerie\",\"url\":\"https:\\\/\\\/idonim-lingerie.fr\\\/\",\"logo\":{\"@type\":\"ImageObject\",\"inLanguage\":\"en-GB\",\"@id\":\"https:\\\/\\\/idonim-lingerie.fr\\\/#\\\/schema\\\/logo\\\/image\\\/\",\"url\":\"https:\\\/\\\/idonim-lingerie.fr\\\/wp-content\\\/uploads\\\/2025\\\/12\\\/idonim_h28.webp\",\"contentUrl\":\"https:\\\/\\\/idonim-lingerie.fr\\\/wp-content\\\/uploads\\\/2025\\\/12\\\/idonim_h28.webp\",\"width\":111,\"height\":28,\"caption\":\"Idonim Lingerie\"},\"image\":{\"@id\":\"https:\\\/\\\/idonim-lingerie.fr\\\/#\\\/schema\\\/logo\\\/image\\\/\"}}]}<\/script>\n<!-- \/ Yoast SEO plugin. -->","yoast_head_json":{"title":"Maille extensible floqu\u00e9e - chair et noir - Idonim Lingerie","description":"Maille en grande largeur floqu\u00e9e chair et noir de qualit\u00e9 haute couture. Id\u00e9ale pour r\u00e9aliser des v\u00eatements, bodies, de la lingerie ou danse ... Fabrication fran\u00e7aise.","robots":{"index":"index","follow":"follow","max-snippet":"max-snippet:-1","max-image-preview":"max-image-preview:large","max-video-preview":"max-video-preview:-1"},"canonical":"https:\/\/idonim-lingerie.fr\/en\/product\/maille-extensible-floquee-chair-et-noir\/","og_locale":"en_GB","og_type":"article","og_title":"Maille extensible floqu\u00e9e - chair et noir - Idonim Lingerie","og_description":"Maille en grande largeur floqu\u00e9e chair et noir de qualit\u00e9 haute couture. Id\u00e9ale pour r\u00e9aliser des v\u00eatements, bodies, de la lingerie ou danse ... Fabrication fran\u00e7aise.","og_url":"https:\/\/idonim-lingerie.fr\/en\/product\/maille-extensible-floquee-chair-et-noir\/","og_site_name":"Idonim Lingerie","article_modified_time":"2026-04-07T16:22:45+00:00","og_image":[{"width":640,"height":640,"url":"https:\/\/idonim-lingerie.fr\/wp-content\/uploads\/2025\/11\/maille-flockee-noir-chair1.jpg","type":"image\/jpeg"}],"twitter_card":"summary_large_image","twitter_misc":{"Estimated reading time":"1 minute"},"schema":{"@context":"https:\/\/schema.org","@graph":[{"@type":"WebPage","@id":"https:\/\/idonim-lingerie.fr\/produit\/maille-extensible-floquee-chair-et-noir\/","url":"https:\/\/idonim-lingerie.fr\/produit\/maille-extensible-floquee-chair-et-noir\/","name":"Maille extensible floqu\u00e9e - chair et noir - Idonim Lingerie","isPartOf":{"@id":"https:\/\/idonim-lingerie.fr\/#website"},"primaryImageOfPage":{"@id":"https:\/\/idonim-lingerie.fr\/produit\/maille-extensible-floquee-chair-et-noir\/#primaryimage"},"image":{"@id":"https:\/\/idonim-lingerie.fr\/produit\/maille-extensible-floquee-chair-et-noir\/#primaryimage"},"thumbnailUrl":"https:\/\/idonim-lingerie.fr\/wp-content\/uploads\/2025\/11\/maille-flockee-noir-chair1.jpg","datePublished":"2025-11-14T21:26:40+00:00","dateModified":"2026-04-07T16:22:45+00:00","description":"Maille en grande largeur floqu\u00e9e chair et noir de qualit\u00e9 haute couture. Id\u00e9ale pour r\u00e9aliser des v\u00eatements, bodies, de la lingerie ou danse ... Fabrication fran\u00e7aise.","breadcrumb":{"@id":"https:\/\/idonim-lingerie.fr\/produit\/maille-extensible-floquee-chair-et-noir\/#breadcrumb"},"inLanguage":"en-GB","potentialAction":[{"@type":"ReadAction","target":["https:\/\/idonim-lingerie.fr\/produit\/maille-extensible-floquee-chair-et-noir\/"]}]},{"@type":"ImageObject","inLanguage":"en-GB","@id":"https:\/\/idonim-lingerie.fr\/produit\/maille-extensible-floquee-chair-et-noir\/#primaryimage","url":"https:\/\/idonim-lingerie.fr\/wp-content\/uploads\/2025\/11\/maille-flockee-noir-chair1.jpg","contentUrl":"https:\/\/idonim-lingerie.fr\/wp-content\/uploads\/2025\/11\/maille-flockee-noir-chair1.jpg","width":640,"height":640,"caption":"maille flock\u00e9e noir chair"},{"@type":"BreadcrumbList","@id":"https:\/\/idonim-lingerie.fr\/produit\/maille-extensible-floquee-chair-et-noir\/#breadcrumb","itemListElement":[{"@type":"ListItem","position":1,"name":"Accueil","item":"https:\/\/idonim-lingerie.fr\/en\/"},{"@type":"ListItem","position":2,"name":"Boutique","item":"https:\/\/idonim-lingerie.fr\/shop\/"},{"@type":"ListItem","position":3,"name":"Maille extensible floqu\u00e9e &#8211; chair et noir"}]},{"@type":"WebSite","@id":"https:\/\/idonim-lingerie.fr\/#website","url":"https:\/\/idonim-lingerie.fr\/","name":"Idonim Lingerie","description":"Idonim offers a wide selection of fabrics, laces and accessories for your creations. Fast delivery. Educational workshops. Quality creation. Mixing Style and Comfort.","publisher":{"@id":"https:\/\/idonim-lingerie.fr\/#organization"},"potentialAction":[{"@type":"SearchAction","target":{"@type":"EntryPoint","urlTemplate":"https:\/\/idonim-lingerie.fr\/?s={search_term_string}"},"query-input":{"@type":"PropertyValueSpecification","valueRequired":true,"valueName":"search_term_string"}}],"inLanguage":"en-GB"},{"@type":"Organization","@id":"https:\/\/idonim-lingerie.fr\/#organization","name":"Idonim Lingerie","url":"https:\/\/idonim-lingerie.fr\/","logo":{"@type":"ImageObject","inLanguage":"en-GB","@id":"https:\/\/idonim-lingerie.fr\/#\/schema\/logo\/image\/","url":"https:\/\/idonim-lingerie.fr\/wp-content\/uploads\/2025\/12\/idonim_h28.webp","contentUrl":"https:\/\/idonim-lingerie.fr\/wp-content\/uploads\/2025\/12\/idonim_h28.webp","width":111,"height":28,"caption":"Idonim Lingerie"},"image":{"@id":"https:\/\/idonim-lingerie.fr\/#\/schema\/logo\/image\/"}}]}},"_links":{"self":[{"href":"https:\/\/idonim-lingerie.fr\/en\/wp-json\/wp\/v2\/product\/47121","targetHints":{"allow":["GET"]}}],"collection":[{"href":"https:\/\/idonim-lingerie.fr\/en\/wp-json\/wp\/v2\/product"}],"about":[{"href":"https:\/\/idonim-lingerie.fr\/en\/wp-json\/wp\/v2\/types\/product"}],"replies":[{"embeddable":true,"href":"https:\/\/idonim-lingerie.fr\/en\/wp-json\/wp\/v2\/comments?post=47121"}],"wp:featuredmedia":[{"embeddable":true,"href":"https:\/\/idonim-lingerie.fr\/en\/wp-json\/wp\/v2\/media\/47122"}],"wp:attachment":[{"href":"https:\/\/idonim-lingerie.fr\/en\/wp-json\/wp\/v2\/media?parent=47121"}],"wp:term":[{"taxonomy":"product_brand","embeddable":true,"href":"https:\/\/idonim-lingerie.fr\/en\/wp-json\/wp\/v2\/product_brand?post=47121"},{"taxonomy":"product_cat","embeddable":true,"href":"https:\/\/idonim-lingerie.fr\/en\/wp-json\/wp\/v2\/product_cat?post=47121"},{"taxonomy":"product_tag","embeddable":true,"href":"https:\/\/idonim-lingerie.fr\/en\/wp-json\/wp\/v2\/product_tag?post=47121"}],"curies":[{"name":"wp","href":"https:\/\/api.w.org\/{rel}","templated":true}]}}