{"id":47079,"date":"2025-11-11T18:55:01","date_gmt":"2025-11-11T17:55:01","guid":{"rendered":"https:\/\/idonim-lingerie.fr\/?post_type=product&#038;p=47079"},"modified":"2026-01-22T07:38:00","modified_gmt":"2026-01-22T06:38:00","slug":"coffret-lingerie-melissa-collection-didonim","status":"publish","type":"product","link":"https:\/\/idonim-lingerie.fr\/en\/product\/coffret-lingerie-melissa-collection-didonim\/","title":{"rendered":"Coffret Lingerie M\u00e9lissa \u2013 Collection d\u2019IDONIM"},"content":{"rendered":"<p>One kit contains:<\/p>\n<p>-55 x 140cm de lycra imprim\u00e9<\/p>\n<p>-4m de dentelle extensible<\/p>\n<p>-4m de dentelle extensible<\/p>\n<p>-50x75cm de powernet m\u00e9dium<\/p>\n<p>-40x140cm de maille doublure stabilisatrice<\/p>\n<p>-un coupon de jersey de coton<\/p>\n<p>-4m \u00e9lastique festonn\u00e9 dessous poitrine 15mm<\/p>\n<p>-4m d&rsquo;\u00e9lastique festonn\u00e9 de maintien 11\/12mm<\/p>\n<p>-4m d&rsquo;\u00e9lastique \u00e0 bretelles 15mm<\/p>\n<p>-6m d&rsquo;\u00e9lastique d\u00e9coratif 10mm<\/p>\n<p>-2m d&rsquo;\u00e9lastique plat 6mm<\/p>\n<p>-2m de cache armature<\/p>\n<p>-1 agrafe de 32mm et 1 agrafe de 57mm<\/p>\n<p>-2 paires d&rsquo;anneaux et 2 paires de r\u00e9gleurs<\/p>\n<p>-4 noeuds<\/p>\n<p>-1 bobine de fil coordonn\u00e9<\/p>\n<p>&nbsp;<\/p>\n<p><span style=\"color: #b68457;\"><strong>Composition:<\/strong><\/span><\/p>\n<p>Origin : FRANCE<\/p>\n<p><span style=\"color: #b68457;\"><strong>Advice :<\/strong><\/span><\/p>\n<p>- Use of stretch needles is highly recommended<\/p>\n<p>- Wash at 40\u00b0C max.<\/p>","protected":false},"excerpt":{"rendered":"<p data-start=\"131\" data-end=\"198\"><strong data-start=\"131\" data-end=\"198\">Coffret cr\u00e9ation fournitures premium lingerie \u2013 culottes &amp; soutien-gorge<\/strong><\/p>\n<p data-start=\"200\" data-end=\"454\">Le coffret <strong data-start=\"211\" data-end=\"220\">M\u00e9lissa<\/strong> r\u00e9unit toutes les fournitures n\u00e9cessaires pour r\u00e9aliser <strong data-start=\"277\" data-end=\"315\">au minimum deux ensembles complets<\/strong> lingerie (soit deux culottes + deux soutien-gorges).<br data-start=\"368\" data-end=\"371\" \/>Les fournitures sont calibr\u00e9es pour des grandes tailles, vous aurez ainsi la possibilit\u00e9, selon votre taille et les mod\u00e8les r\u00e9alis\u00e9s, assez de mat\u00e9riel pour r\u00e9aliser des pi\u00e8ces supplamentaires.<\/p>\n<p data-start=\"456\" data-end=\"748\">Les mati\u00e8res ont \u00e9t\u00e9 <strong data-start=\"477\" data-end=\"504\">s\u00e9lectionn\u00e9es une \u00e0 une<\/strong>, avec la m\u00eame exigence qualitative qui fait la signature d\u2019IDONIM : dentelles premium, \u00e9lastiques haut-de-gamme, doublures adapt\u00e9es, finitions soign\u00e9es.<br data-start=\"657\" data-end=\"660\" \/>Un coffret pens\u00e9 pour celles qui veulent cr\u00e9er des pi\u00e8ces uniques, raffin\u00e9es, assorties.<\/p>\n<p data-start=\"1077\" data-end=\"1123\"><strong data-start=\"1077\" data-end=\"1121\">Ce coffret est id\u00e9al si vous souhaitez :<\/strong><\/p>\n<ul data-start=\"1124\" data-end=\"1378\">\n<li data-start=\"1124\" data-end=\"1194\">\n<p data-start=\"1126\" data-end=\"1194\">cr\u00e9er plusieurs ensembles coordonn\u00e9s avec une harmonie de mati\u00e8res<\/p>\n<\/li>\n<li data-start=\"1195\" data-end=\"1248\">\n<p data-start=\"1197\" data-end=\"1248\">gagner du temps dans la s\u00e9lection des fournitures<\/p>\n<\/li>\n<li data-start=\"1249\" data-end=\"1308\">\n<p data-start=\"1251\" data-end=\"1308\">s\u00e9curiser un rendu premium sans risque de mauvais choix<\/p>\n<\/li>\n<li data-start=\"1309\" data-end=\"1378\">\n<p data-start=\"1311\" data-end=\"1378\">vous offrir une exp\u00e9rience couture qualitative, cr\u00e9ative, plaisante<\/p>\n<\/li>\n<\/ul>\n<p data-start=\"1385\" data-end=\"1460\"><strong data-start=\"1385\" data-end=\"1404\">\u00c9dition limit\u00e9e<\/strong> \u2013 mati\u00e8res premium exclusives \u00e0 la Collection d\u2019IDONIM.<\/p>\n<p data-start=\"189\" data-end=\"675\">Chaque coffret est soigneusement <strong data-start=\"616\" data-end=\"663\">conditionn\u00e9 dans un pochon en coton naturel<\/strong>, pour une pr\u00e9sentation aussi \u00e9l\u00e9gante que responsable.<\/p>\n<p>Couleur : ivoire, ocre<\/p>\n<p><strong>Sold individually\u00a0<\/strong><\/p>\n<p data-start=\"750\" data-end=\"828\">Nous sugg\u00e9rons deux patrons compatibles de notre collection :<\/p>\n<ul data-start=\"829\" data-end=\"883\">\n<li data-start=\"829\" data-end=\"854\">\n<p data-start=\"831\" data-end=\"854\"><strong data-start=\"831\" data-end=\"852\">La culotte First<\/strong><\/p>\n<\/li>\n<li data-start=\"855\" data-end=\"883\">\n<p data-start=\"857\" data-end=\"883\"><strong data-start=\"857\" data-end=\"883\">Le soutien-gorge Luccia<\/strong><\/p>\n<\/li>\n<\/ul>\n<p>En choisissant l&rsquo;option avec patrons ces 2 patrons seront fournis dans leur pochette avec leur livret d&rsquo;instructions respectif.<\/p>\n<p data-start=\"857\" data-end=\"883\"><strong data-start=\"887\" data-end=\"913\">Non inclus : Les armatures . <\/strong>Elles doivent \u00eatre choisies selon <em data-start=\"950\" data-end=\"957\">votre<\/em> taille et <em data-start=\"968\" data-end=\"975\">votre<\/em> patron. Si vous avez besoin d&rsquo;aide pour la s\u00e9lection de vos armatrures nous vous sugg\u00e9rons de consulter la rubrique du blog : Les armatures comment les choisir<br data-start=\"983\" data-end=\"986\" \/>Pour Luccia, on utilisera des armatures Regular \u2013 disponibles sur la boutique.<\/p>\n<p>&nbsp;<\/p>","protected":false},"featured_media":47099,"comment_status":"closed","ping_status":"closed","template":"","meta":[],"product_brand":[],"product_cat":[602,184,702,706],"product_tag":[],"class_list":{"0":"post-47079","1":"product","2":"type-product","3":"status-publish","4":"has-post-thumbnail","6":"product_cat-autres-kits","7":"product_cat-kits","8":"product_cat-la-collection-didonim","9":"product_cat-les-coffrets-ensembles-lingerie","10":"product_shipping_class-outils","12":"first","13":"instock","14":"sale","15":"taxable","16":"shipping-taxable","17":"purchasable","18":"product-type-variable"},"yoast_head":"<!-- This site is optimized with the Yoast SEO plugin v27.3 - https:\/\/yoast.com\/product\/yoast-seo-wordpress\/ -->\n<title>Coffret Lingerie M\u00e9lissa \u2013 Collection d\u2019IDONIM - Idonim Lingerie<\/title>\n<meta name=\"description\" content=\"le coffret cr\u00e9ation exclusif au motif imprim\u00e9 pour coudre votre lingerie. Facile d&#039;utilisation il comprend les fournitures pour coudre 2 ensembles.\" \/>\n<meta name=\"robots\" content=\"index, follow, max-snippet:-1, max-image-preview:large, max-video-preview:-1\" \/>\n<link rel=\"canonical\" href=\"https:\/\/idonim-lingerie.fr\/en\/product\/coffret-lingerie-melissa-collection-didonim\/\" \/>\n<meta property=\"og:locale\" content=\"en_GB\" \/>\n<meta property=\"og:type\" content=\"article\" \/>\n<meta property=\"og:title\" content=\"Coffret Lingerie M\u00e9lissa \u2013 Collection d\u2019IDONIM - Idonim Lingerie\" \/>\n<meta property=\"og:description\" content=\"le coffret cr\u00e9ation exclusif au motif imprim\u00e9 pour coudre votre lingerie. Facile d&#039;utilisation il comprend les fournitures pour coudre 2 ensembles.\" \/>\n<meta property=\"og:url\" content=\"https:\/\/idonim-lingerie.fr\/en\/product\/coffret-lingerie-melissa-collection-didonim\/\" \/>\n<meta property=\"og:site_name\" content=\"Idonim Lingerie\" \/>\n<meta property=\"article:modified_time\" content=\"2026-01-22T06:38:00+00:00\" \/>\n<meta property=\"og:image\" content=\"https:\/\/idonim-lingerie.fr\/wp-content\/uploads\/2025\/11\/Coffret-Melissa-2.png\" \/>\n\t<meta property=\"og:image:width\" content=\"1080\" \/>\n\t<meta property=\"og:image:height\" content=\"1350\" \/>\n\t<meta property=\"og:image:type\" content=\"image\/png\" \/>\n<meta name=\"twitter:card\" content=\"summary_large_image\" \/>\n<meta name=\"twitter:label1\" content=\"Estimated reading time\" \/>\n\t<meta name=\"twitter:data1\" content=\"1 minute\" \/>\n<script type=\"application\/ld+json\" class=\"yoast-schema-graph\">{\"@context\":\"https:\\\/\\\/schema.org\",\"@graph\":[{\"@type\":\"WebPage\",\"@id\":\"https:\\\/\\\/idonim-lingerie.fr\\\/produit\\\/coffret-lingerie-melissa-collection-didonim\\\/\",\"url\":\"https:\\\/\\\/idonim-lingerie.fr\\\/produit\\\/coffret-lingerie-melissa-collection-didonim\\\/\",\"name\":\"Coffret Lingerie M\u00e9lissa \u2013 Collection d\u2019IDONIM - Idonim Lingerie\",\"isPartOf\":{\"@id\":\"https:\\\/\\\/idonim-lingerie.fr\\\/#website\"},\"primaryImageOfPage\":{\"@id\":\"https:\\\/\\\/idonim-lingerie.fr\\\/produit\\\/coffret-lingerie-melissa-collection-didonim\\\/#primaryimage\"},\"image\":{\"@id\":\"https:\\\/\\\/idonim-lingerie.fr\\\/produit\\\/coffret-lingerie-melissa-collection-didonim\\\/#primaryimage\"},\"thumbnailUrl\":\"https:\\\/\\\/idonim-lingerie.fr\\\/wp-content\\\/uploads\\\/2025\\\/11\\\/Coffret-Melissa-2.png\",\"datePublished\":\"2025-11-11T17:55:01+00:00\",\"dateModified\":\"2026-01-22T06:38:00+00:00\",\"description\":\"le coffret cr\u00e9ation exclusif au motif imprim\u00e9 pour coudre votre lingerie. Facile d'utilisation il comprend les fournitures pour coudre 2 ensembles.\",\"breadcrumb\":{\"@id\":\"https:\\\/\\\/idonim-lingerie.fr\\\/produit\\\/coffret-lingerie-melissa-collection-didonim\\\/#breadcrumb\"},\"inLanguage\":\"en-GB\",\"potentialAction\":[{\"@type\":\"ReadAction\",\"target\":[\"https:\\\/\\\/idonim-lingerie.fr\\\/produit\\\/coffret-lingerie-melissa-collection-didonim\\\/\"]}]},{\"@type\":\"ImageObject\",\"inLanguage\":\"en-GB\",\"@id\":\"https:\\\/\\\/idonim-lingerie.fr\\\/produit\\\/coffret-lingerie-melissa-collection-didonim\\\/#primaryimage\",\"url\":\"https:\\\/\\\/idonim-lingerie.fr\\\/wp-content\\\/uploads\\\/2025\\\/11\\\/Coffret-Melissa-2.png\",\"contentUrl\":\"https:\\\/\\\/idonim-lingerie.fr\\\/wp-content\\\/uploads\\\/2025\\\/11\\\/Coffret-Melissa-2.png\",\"width\":1080,\"height\":1350,\"caption\":\"Coffret M\u00e9lissa\"},{\"@type\":\"BreadcrumbList\",\"@id\":\"https:\\\/\\\/idonim-lingerie.fr\\\/produit\\\/coffret-lingerie-melissa-collection-didonim\\\/#breadcrumb\",\"itemListElement\":[{\"@type\":\"ListItem\",\"position\":1,\"name\":\"Accueil\",\"item\":\"https:\\\/\\\/idonim-lingerie.fr\\\/en\\\/\"},{\"@type\":\"ListItem\",\"position\":2,\"name\":\"Boutique\",\"item\":\"https:\\\/\\\/idonim-lingerie.fr\\\/shop\\\/\"},{\"@type\":\"ListItem\",\"position\":3,\"name\":\"Coffret Lingerie M\u00e9lissa \u2013 Collection d\u2019IDONIM\"}]},{\"@type\":\"WebSite\",\"@id\":\"https:\\\/\\\/idonim-lingerie.fr\\\/#website\",\"url\":\"https:\\\/\\\/idonim-lingerie.fr\\\/\",\"name\":\"Idonim Lingerie\",\"description\":\"Idonim offre une s\u00e9lection vari\u00e9e de tissus, dentelles et accessoires pour vos cr\u00e9ations. Livraison rapide. Ateliers P\u00e9dagogiques. Cr\u00e9ation De Qualit\u00e9. M\u00ealant Style Et Confort.\",\"publisher\":{\"@id\":\"https:\\\/\\\/idonim-lingerie.fr\\\/#organization\"},\"potentialAction\":[{\"@type\":\"SearchAction\",\"target\":{\"@type\":\"EntryPoint\",\"urlTemplate\":\"https:\\\/\\\/idonim-lingerie.fr\\\/?s={search_term_string}\"},\"query-input\":{\"@type\":\"PropertyValueSpecification\",\"valueRequired\":true,\"valueName\":\"search_term_string\"}}],\"inLanguage\":\"en-GB\"},{\"@type\":\"Organization\",\"@id\":\"https:\\\/\\\/idonim-lingerie.fr\\\/#organization\",\"name\":\"Idonim Lingerie\",\"url\":\"https:\\\/\\\/idonim-lingerie.fr\\\/\",\"logo\":{\"@type\":\"ImageObject\",\"inLanguage\":\"en-GB\",\"@id\":\"https:\\\/\\\/idonim-lingerie.fr\\\/#\\\/schema\\\/logo\\\/image\\\/\",\"url\":\"https:\\\/\\\/idonim-lingerie.fr\\\/wp-content\\\/uploads\\\/2025\\\/12\\\/idonim_h28.webp\",\"contentUrl\":\"https:\\\/\\\/idonim-lingerie.fr\\\/wp-content\\\/uploads\\\/2025\\\/12\\\/idonim_h28.webp\",\"width\":111,\"height\":28,\"caption\":\"Idonim Lingerie\"},\"image\":{\"@id\":\"https:\\\/\\\/idonim-lingerie.fr\\\/#\\\/schema\\\/logo\\\/image\\\/\"}}]}<\/script>\n<!-- \/ Yoast SEO plugin. -->","yoast_head_json":{"title":"Coffret Lingerie M\u00e9lissa \u2013 Collection d\u2019IDONIM - Idonim Lingerie","description":"le coffret cr\u00e9ation exclusif au motif imprim\u00e9 pour coudre votre lingerie. Facile d'utilisation il comprend les fournitures pour coudre 2 ensembles.","robots":{"index":"index","follow":"follow","max-snippet":"max-snippet:-1","max-image-preview":"max-image-preview:large","max-video-preview":"max-video-preview:-1"},"canonical":"https:\/\/idonim-lingerie.fr\/en\/product\/coffret-lingerie-melissa-collection-didonim\/","og_locale":"en_GB","og_type":"article","og_title":"Coffret Lingerie M\u00e9lissa \u2013 Collection d\u2019IDONIM - Idonim Lingerie","og_description":"le coffret cr\u00e9ation exclusif au motif imprim\u00e9 pour coudre votre lingerie. Facile d'utilisation il comprend les fournitures pour coudre 2 ensembles.","og_url":"https:\/\/idonim-lingerie.fr\/en\/product\/coffret-lingerie-melissa-collection-didonim\/","og_site_name":"Idonim Lingerie","article_modified_time":"2026-01-22T06:38:00+00:00","og_image":[{"width":1080,"height":1350,"url":"https:\/\/idonim-lingerie.fr\/wp-content\/uploads\/2025\/11\/Coffret-Melissa-2.png","type":"image\/png"}],"twitter_card":"summary_large_image","twitter_misc":{"Estimated reading time":"1 minute"},"schema":{"@context":"https:\/\/schema.org","@graph":[{"@type":"WebPage","@id":"https:\/\/idonim-lingerie.fr\/produit\/coffret-lingerie-melissa-collection-didonim\/","url":"https:\/\/idonim-lingerie.fr\/produit\/coffret-lingerie-melissa-collection-didonim\/","name":"Coffret Lingerie M\u00e9lissa \u2013 Collection d\u2019IDONIM - Idonim Lingerie","isPartOf":{"@id":"https:\/\/idonim-lingerie.fr\/#website"},"primaryImageOfPage":{"@id":"https:\/\/idonim-lingerie.fr\/produit\/coffret-lingerie-melissa-collection-didonim\/#primaryimage"},"image":{"@id":"https:\/\/idonim-lingerie.fr\/produit\/coffret-lingerie-melissa-collection-didonim\/#primaryimage"},"thumbnailUrl":"https:\/\/idonim-lingerie.fr\/wp-content\/uploads\/2025\/11\/Coffret-Melissa-2.png","datePublished":"2025-11-11T17:55:01+00:00","dateModified":"2026-01-22T06:38:00+00:00","description":"le coffret cr\u00e9ation exclusif au motif imprim\u00e9 pour coudre votre lingerie. Facile d'utilisation il comprend les fournitures pour coudre 2 ensembles.","breadcrumb":{"@id":"https:\/\/idonim-lingerie.fr\/produit\/coffret-lingerie-melissa-collection-didonim\/#breadcrumb"},"inLanguage":"en-GB","potentialAction":[{"@type":"ReadAction","target":["https:\/\/idonim-lingerie.fr\/produit\/coffret-lingerie-melissa-collection-didonim\/"]}]},{"@type":"ImageObject","inLanguage":"en-GB","@id":"https:\/\/idonim-lingerie.fr\/produit\/coffret-lingerie-melissa-collection-didonim\/#primaryimage","url":"https:\/\/idonim-lingerie.fr\/wp-content\/uploads\/2025\/11\/Coffret-Melissa-2.png","contentUrl":"https:\/\/idonim-lingerie.fr\/wp-content\/uploads\/2025\/11\/Coffret-Melissa-2.png","width":1080,"height":1350,"caption":"Coffret M\u00e9lissa"},{"@type":"BreadcrumbList","@id":"https:\/\/idonim-lingerie.fr\/produit\/coffret-lingerie-melissa-collection-didonim\/#breadcrumb","itemListElement":[{"@type":"ListItem","position":1,"name":"Accueil","item":"https:\/\/idonim-lingerie.fr\/en\/"},{"@type":"ListItem","position":2,"name":"Boutique","item":"https:\/\/idonim-lingerie.fr\/shop\/"},{"@type":"ListItem","position":3,"name":"Coffret Lingerie M\u00e9lissa \u2013 Collection d\u2019IDONIM"}]},{"@type":"WebSite","@id":"https:\/\/idonim-lingerie.fr\/#website","url":"https:\/\/idonim-lingerie.fr\/","name":"Idonim Lingerie","description":"Idonim offers a wide selection of fabrics, laces and accessories for your creations. Fast delivery. Educational workshops. Quality creation. Mixing Style and Comfort.","publisher":{"@id":"https:\/\/idonim-lingerie.fr\/#organization"},"potentialAction":[{"@type":"SearchAction","target":{"@type":"EntryPoint","urlTemplate":"https:\/\/idonim-lingerie.fr\/?s={search_term_string}"},"query-input":{"@type":"PropertyValueSpecification","valueRequired":true,"valueName":"search_term_string"}}],"inLanguage":"en-GB"},{"@type":"Organization","@id":"https:\/\/idonim-lingerie.fr\/#organization","name":"Idonim Lingerie","url":"https:\/\/idonim-lingerie.fr\/","logo":{"@type":"ImageObject","inLanguage":"en-GB","@id":"https:\/\/idonim-lingerie.fr\/#\/schema\/logo\/image\/","url":"https:\/\/idonim-lingerie.fr\/wp-content\/uploads\/2025\/12\/idonim_h28.webp","contentUrl":"https:\/\/idonim-lingerie.fr\/wp-content\/uploads\/2025\/12\/idonim_h28.webp","width":111,"height":28,"caption":"Idonim Lingerie"},"image":{"@id":"https:\/\/idonim-lingerie.fr\/#\/schema\/logo\/image\/"}}]}},"_links":{"self":[{"href":"https:\/\/idonim-lingerie.fr\/en\/wp-json\/wp\/v2\/product\/47079","targetHints":{"allow":["GET"]}}],"collection":[{"href":"https:\/\/idonim-lingerie.fr\/en\/wp-json\/wp\/v2\/product"}],"about":[{"href":"https:\/\/idonim-lingerie.fr\/en\/wp-json\/wp\/v2\/types\/product"}],"replies":[{"embeddable":true,"href":"https:\/\/idonim-lingerie.fr\/en\/wp-json\/wp\/v2\/comments?post=47079"}],"wp:featuredmedia":[{"embeddable":true,"href":"https:\/\/idonim-lingerie.fr\/en\/wp-json\/wp\/v2\/media\/47099"}],"wp:attachment":[{"href":"https:\/\/idonim-lingerie.fr\/en\/wp-json\/wp\/v2\/media?parent=47079"}],"wp:term":[{"taxonomy":"product_brand","embeddable":true,"href":"https:\/\/idonim-lingerie.fr\/en\/wp-json\/wp\/v2\/product_brand?post=47079"},{"taxonomy":"product_cat","embeddable":true,"href":"https:\/\/idonim-lingerie.fr\/en\/wp-json\/wp\/v2\/product_cat?post=47079"},{"taxonomy":"product_tag","embeddable":true,"href":"https:\/\/idonim-lingerie.fr\/en\/wp-json\/wp\/v2\/product_tag?post=47079"}],"curies":[{"name":"wp","href":"https:\/\/api.w.org\/{rel}","templated":true}]}}