{"id":46743,"date":"2025-10-13T21:01:01","date_gmt":"2025-10-13T19:01:01","guid":{"rendered":"https:\/\/idonim-lingerie.fr\/?post_type=product&#038;p=46743"},"modified":"2026-02-24T19:07:00","modified_gmt":"2026-02-24T18:07:00","slug":"dentelle-extensible-16cm-prune-et-ocre","status":"publish","type":"product","link":"https:\/\/idonim-lingerie.fr\/en\/product\/dentelle-extensible-16cm-prune-et-ocre\/","title":{"rendered":"Dentelle extensible &#8211; 16cm &#8211; prune et ocre"},"content":{"rendered":"<p><span style=\"color: #b68457;\"><strong>Composition:<\/strong><\/span><\/p>\n<p>Composition : VISCOSE\/EA<\/p>\n<p>Extensibilit\u00e9 : dans le sens de la longueur<\/p>\n<p>Origin : Germany<\/p>\n<p><span style=\"color: #b68457;\"><strong>Advice :<\/strong><\/span><\/p>\n<p>Delicate wash 40\u00b0C maximum<\/p>","protected":false},"excerpt":{"rendered":"<p data-start=\"190\" data-end=\"466\">Une <strong data-start=\"194\" data-end=\"218\">dentelle d\u2019exception<\/strong>, douce, souple et raffin\u00e9e, sp\u00e9cialement s\u00e9lectionn\u00e9e pour la confection de lingerie haut de gamme.<br data-start=\"318\" data-end=\"321\" \/>Cette dentelle s\u00e9duit par sa <strong data-start=\"416\" data-end=\"436\">finesse de motif<\/strong> et son <strong data-start=\"444\" data-end=\"463\">toucher d\u00e9licat<\/strong>.<\/p>\n<p data-start=\"468\" data-end=\"696\">Elle offre une belle<strong data-start=\"521\" data-end=\"573\">\u00a0extensibilit\u00e9 dans le sens de la longueur<\/strong>, id\u00e9ale pour des finitions \u00e9l\u00e9gantes et confortables : brassi\u00e8res, culottes, empi\u00e8cements de body ou bordures raffin\u00e9es.<\/p>\n<p data-start=\"468\" data-end=\"696\">Scalloped on 2 sides<\/p>\n<p data-start=\"698\" data-end=\"862\">Une <strong data-start=\"702\" data-end=\"724\">qualit\u00e9 sup\u00e9rieure<\/strong>, issue de <strong data-start=\"735\" data-end=\"777\">fabrications fran\u00e7aises et europ\u00e9ennes<\/strong>, choisie pour la beaut\u00e9 de ses <strong data-start=\"809\" data-end=\"830\">motifs et coloris<\/strong> uniques.<\/p>\n<p data-start=\"698\" data-end=\"862\"><br data-start=\"839\" data-end=\"842\" \/>Coloris : prune et ocre<\/p>\n<p>Width: 16cm<\/p>\n<p>Vendue <strong data-start=\"849\" data-end=\"861\">au m\u00e8tre<\/strong>.<\/p>","protected":false},"featured_media":46744,"comment_status":"open","ping_status":"closed","template":"","meta":[],"product_brand":[],"product_cat":[698,194,174],"product_tag":[],"class_list":{"0":"post-46743","1":"product","2":"type-product","3":"status-publish","4":"has-post-thumbnail","6":"product_cat-articles-haut-de-gamme","7":"product_cat-dentelles-stretchs","8":"product_cat-dentelles","9":"product_shipping_class-tissus-leges","11":"first","12":"instock","13":"taxable","14":"shipping-taxable","15":"purchasable","16":"product-type-simple"},"yoast_head":"<!-- This site is optimized with the Yoast SEO plugin v27.3 - https:\/\/yoast.com\/product\/yoast-seo-wordpress\/ -->\n<title>Dentelle extensible - 16cm - prune et ocre - Idonim Lingerie<\/title>\n<meta name=\"description\" content=\"Dentelle extensible haut de gamme prune et ocre parfaite pour la r\u00e9alisation de pi\u00e8ces de lingerie. Elle est douce, souple. Fabrication Allemagne\" \/>\n<meta name=\"robots\" content=\"index, follow, max-snippet:-1, max-image-preview:large, max-video-preview:-1\" \/>\n<link rel=\"canonical\" href=\"https:\/\/idonim-lingerie.fr\/en\/product\/dentelle-extensible-16cm-prune-et-ocre\/\" \/>\n<meta property=\"og:locale\" content=\"en_GB\" \/>\n<meta property=\"og:type\" content=\"article\" \/>\n<meta property=\"og:title\" content=\"Dentelle extensible - 16cm - prune et ocre - Idonim Lingerie\" \/>\n<meta property=\"og:description\" content=\"Dentelle extensible haut de gamme prune et ocre parfaite pour la r\u00e9alisation de pi\u00e8ces de lingerie. Elle est douce, souple. Fabrication Allemagne\" \/>\n<meta property=\"og:url\" content=\"https:\/\/idonim-lingerie.fr\/en\/product\/dentelle-extensible-16cm-prune-et-ocre\/\" \/>\n<meta property=\"og:site_name\" content=\"Idonim Lingerie\" \/>\n<meta property=\"article:modified_time\" content=\"2026-02-24T18:07:00+00:00\" \/>\n<meta property=\"og:image\" content=\"https:\/\/idonim-lingerie.fr\/wp-content\/uploads\/2025\/10\/dentelle-extensible-prune-et-ocre.jpg\" \/>\n\t<meta property=\"og:image:width\" content=\"640\" \/>\n\t<meta property=\"og:image:height\" content=\"640\" \/>\n\t<meta property=\"og:image:type\" content=\"image\/jpeg\" \/>\n<meta name=\"twitter:card\" content=\"summary_large_image\" \/>\n<meta name=\"twitter:label1\" content=\"Estimated reading time\" \/>\n\t<meta name=\"twitter:data1\" content=\"1 minute\" \/>\n<script type=\"application\/ld+json\" class=\"yoast-schema-graph\">{\"@context\":\"https:\\\/\\\/schema.org\",\"@graph\":[{\"@type\":\"WebPage\",\"@id\":\"https:\\\/\\\/idonim-lingerie.fr\\\/produit\\\/dentelle-extensible-16cm-prune-et-ocre\\\/\",\"url\":\"https:\\\/\\\/idonim-lingerie.fr\\\/produit\\\/dentelle-extensible-16cm-prune-et-ocre\\\/\",\"name\":\"Dentelle extensible - 16cm - prune et ocre - Idonim Lingerie\",\"isPartOf\":{\"@id\":\"https:\\\/\\\/idonim-lingerie.fr\\\/#website\"},\"primaryImageOfPage\":{\"@id\":\"https:\\\/\\\/idonim-lingerie.fr\\\/produit\\\/dentelle-extensible-16cm-prune-et-ocre\\\/#primaryimage\"},\"image\":{\"@id\":\"https:\\\/\\\/idonim-lingerie.fr\\\/produit\\\/dentelle-extensible-16cm-prune-et-ocre\\\/#primaryimage\"},\"thumbnailUrl\":\"https:\\\/\\\/idonim-lingerie.fr\\\/wp-content\\\/uploads\\\/2025\\\/10\\\/dentelle-extensible-prune-et-ocre.jpg\",\"datePublished\":\"2025-10-13T19:01:01+00:00\",\"dateModified\":\"2026-02-24T18:07:00+00:00\",\"description\":\"Dentelle extensible haut de gamme prune et ocre parfaite pour la r\u00e9alisation de pi\u00e8ces de lingerie. Elle est douce, souple. Fabrication Allemagne\",\"breadcrumb\":{\"@id\":\"https:\\\/\\\/idonim-lingerie.fr\\\/produit\\\/dentelle-extensible-16cm-prune-et-ocre\\\/#breadcrumb\"},\"inLanguage\":\"en-GB\",\"potentialAction\":[{\"@type\":\"ReadAction\",\"target\":[\"https:\\\/\\\/idonim-lingerie.fr\\\/produit\\\/dentelle-extensible-16cm-prune-et-ocre\\\/\"]}]},{\"@type\":\"ImageObject\",\"inLanguage\":\"en-GB\",\"@id\":\"https:\\\/\\\/idonim-lingerie.fr\\\/produit\\\/dentelle-extensible-16cm-prune-et-ocre\\\/#primaryimage\",\"url\":\"https:\\\/\\\/idonim-lingerie.fr\\\/wp-content\\\/uploads\\\/2025\\\/10\\\/dentelle-extensible-prune-et-ocre.jpg\",\"contentUrl\":\"https:\\\/\\\/idonim-lingerie.fr\\\/wp-content\\\/uploads\\\/2025\\\/10\\\/dentelle-extensible-prune-et-ocre.jpg\",\"width\":640,\"height\":640,\"caption\":\"dentelle extensible prune et ocre\"},{\"@type\":\"BreadcrumbList\",\"@id\":\"https:\\\/\\\/idonim-lingerie.fr\\\/produit\\\/dentelle-extensible-16cm-prune-et-ocre\\\/#breadcrumb\",\"itemListElement\":[{\"@type\":\"ListItem\",\"position\":1,\"name\":\"Accueil\",\"item\":\"https:\\\/\\\/idonim-lingerie.fr\\\/en\\\/\"},{\"@type\":\"ListItem\",\"position\":2,\"name\":\"Boutique\",\"item\":\"https:\\\/\\\/idonim-lingerie.fr\\\/shop\\\/\"},{\"@type\":\"ListItem\",\"position\":3,\"name\":\"Dentelle extensible &#8211; 16cm &#8211; prune et ocre\"}]},{\"@type\":\"WebSite\",\"@id\":\"https:\\\/\\\/idonim-lingerie.fr\\\/#website\",\"url\":\"https:\\\/\\\/idonim-lingerie.fr\\\/\",\"name\":\"Idonim Lingerie\",\"description\":\"Idonim offre une s\u00e9lection vari\u00e9e de tissus, dentelles et accessoires pour vos cr\u00e9ations. Livraison rapide. Ateliers P\u00e9dagogiques. Cr\u00e9ation De Qualit\u00e9. M\u00ealant Style Et Confort.\",\"publisher\":{\"@id\":\"https:\\\/\\\/idonim-lingerie.fr\\\/#organization\"},\"potentialAction\":[{\"@type\":\"SearchAction\",\"target\":{\"@type\":\"EntryPoint\",\"urlTemplate\":\"https:\\\/\\\/idonim-lingerie.fr\\\/?s={search_term_string}\"},\"query-input\":{\"@type\":\"PropertyValueSpecification\",\"valueRequired\":true,\"valueName\":\"search_term_string\"}}],\"inLanguage\":\"en-GB\"},{\"@type\":\"Organization\",\"@id\":\"https:\\\/\\\/idonim-lingerie.fr\\\/#organization\",\"name\":\"Idonim Lingerie\",\"url\":\"https:\\\/\\\/idonim-lingerie.fr\\\/\",\"logo\":{\"@type\":\"ImageObject\",\"inLanguage\":\"en-GB\",\"@id\":\"https:\\\/\\\/idonim-lingerie.fr\\\/#\\\/schema\\\/logo\\\/image\\\/\",\"url\":\"https:\\\/\\\/idonim-lingerie.fr\\\/wp-content\\\/uploads\\\/2025\\\/12\\\/idonim_h28.webp\",\"contentUrl\":\"https:\\\/\\\/idonim-lingerie.fr\\\/wp-content\\\/uploads\\\/2025\\\/12\\\/idonim_h28.webp\",\"width\":111,\"height\":28,\"caption\":\"Idonim Lingerie\"},\"image\":{\"@id\":\"https:\\\/\\\/idonim-lingerie.fr\\\/#\\\/schema\\\/logo\\\/image\\\/\"}}]}<\/script>\n<!-- \/ Yoast SEO plugin. -->","yoast_head_json":{"title":"Dentelle extensible - 16cm - prune et ocre - Idonim Lingerie","description":"Dentelle extensible haut de gamme prune et ocre parfaite pour la r\u00e9alisation de pi\u00e8ces de lingerie. Elle est douce, souple. Fabrication Allemagne","robots":{"index":"index","follow":"follow","max-snippet":"max-snippet:-1","max-image-preview":"max-image-preview:large","max-video-preview":"max-video-preview:-1"},"canonical":"https:\/\/idonim-lingerie.fr\/en\/product\/dentelle-extensible-16cm-prune-et-ocre\/","og_locale":"en_GB","og_type":"article","og_title":"Dentelle extensible - 16cm - prune et ocre - Idonim Lingerie","og_description":"Dentelle extensible haut de gamme prune et ocre parfaite pour la r\u00e9alisation de pi\u00e8ces de lingerie. Elle est douce, souple. Fabrication Allemagne","og_url":"https:\/\/idonim-lingerie.fr\/en\/product\/dentelle-extensible-16cm-prune-et-ocre\/","og_site_name":"Idonim Lingerie","article_modified_time":"2026-02-24T18:07:00+00:00","og_image":[{"width":640,"height":640,"url":"https:\/\/idonim-lingerie.fr\/wp-content\/uploads\/2025\/10\/dentelle-extensible-prune-et-ocre.jpg","type":"image\/jpeg"}],"twitter_card":"summary_large_image","twitter_misc":{"Estimated reading time":"1 minute"},"schema":{"@context":"https:\/\/schema.org","@graph":[{"@type":"WebPage","@id":"https:\/\/idonim-lingerie.fr\/produit\/dentelle-extensible-16cm-prune-et-ocre\/","url":"https:\/\/idonim-lingerie.fr\/produit\/dentelle-extensible-16cm-prune-et-ocre\/","name":"Dentelle extensible - 16cm - prune et ocre - Idonim Lingerie","isPartOf":{"@id":"https:\/\/idonim-lingerie.fr\/#website"},"primaryImageOfPage":{"@id":"https:\/\/idonim-lingerie.fr\/produit\/dentelle-extensible-16cm-prune-et-ocre\/#primaryimage"},"image":{"@id":"https:\/\/idonim-lingerie.fr\/produit\/dentelle-extensible-16cm-prune-et-ocre\/#primaryimage"},"thumbnailUrl":"https:\/\/idonim-lingerie.fr\/wp-content\/uploads\/2025\/10\/dentelle-extensible-prune-et-ocre.jpg","datePublished":"2025-10-13T19:01:01+00:00","dateModified":"2026-02-24T18:07:00+00:00","description":"Dentelle extensible haut de gamme prune et ocre parfaite pour la r\u00e9alisation de pi\u00e8ces de lingerie. Elle est douce, souple. Fabrication Allemagne","breadcrumb":{"@id":"https:\/\/idonim-lingerie.fr\/produit\/dentelle-extensible-16cm-prune-et-ocre\/#breadcrumb"},"inLanguage":"en-GB","potentialAction":[{"@type":"ReadAction","target":["https:\/\/idonim-lingerie.fr\/produit\/dentelle-extensible-16cm-prune-et-ocre\/"]}]},{"@type":"ImageObject","inLanguage":"en-GB","@id":"https:\/\/idonim-lingerie.fr\/produit\/dentelle-extensible-16cm-prune-et-ocre\/#primaryimage","url":"https:\/\/idonim-lingerie.fr\/wp-content\/uploads\/2025\/10\/dentelle-extensible-prune-et-ocre.jpg","contentUrl":"https:\/\/idonim-lingerie.fr\/wp-content\/uploads\/2025\/10\/dentelle-extensible-prune-et-ocre.jpg","width":640,"height":640,"caption":"dentelle extensible prune et ocre"},{"@type":"BreadcrumbList","@id":"https:\/\/idonim-lingerie.fr\/produit\/dentelle-extensible-16cm-prune-et-ocre\/#breadcrumb","itemListElement":[{"@type":"ListItem","position":1,"name":"Accueil","item":"https:\/\/idonim-lingerie.fr\/en\/"},{"@type":"ListItem","position":2,"name":"Boutique","item":"https:\/\/idonim-lingerie.fr\/shop\/"},{"@type":"ListItem","position":3,"name":"Dentelle extensible &#8211; 16cm &#8211; prune et ocre"}]},{"@type":"WebSite","@id":"https:\/\/idonim-lingerie.fr\/#website","url":"https:\/\/idonim-lingerie.fr\/","name":"Idonim Lingerie","description":"Idonim offers a wide selection of fabrics, laces and accessories for your creations. Fast delivery. Educational workshops. Quality creation. Mixing Style and Comfort.","publisher":{"@id":"https:\/\/idonim-lingerie.fr\/#organization"},"potentialAction":[{"@type":"SearchAction","target":{"@type":"EntryPoint","urlTemplate":"https:\/\/idonim-lingerie.fr\/?s={search_term_string}"},"query-input":{"@type":"PropertyValueSpecification","valueRequired":true,"valueName":"search_term_string"}}],"inLanguage":"en-GB"},{"@type":"Organization","@id":"https:\/\/idonim-lingerie.fr\/#organization","name":"Idonim Lingerie","url":"https:\/\/idonim-lingerie.fr\/","logo":{"@type":"ImageObject","inLanguage":"en-GB","@id":"https:\/\/idonim-lingerie.fr\/#\/schema\/logo\/image\/","url":"https:\/\/idonim-lingerie.fr\/wp-content\/uploads\/2025\/12\/idonim_h28.webp","contentUrl":"https:\/\/idonim-lingerie.fr\/wp-content\/uploads\/2025\/12\/idonim_h28.webp","width":111,"height":28,"caption":"Idonim Lingerie"},"image":{"@id":"https:\/\/idonim-lingerie.fr\/#\/schema\/logo\/image\/"}}]}},"_links":{"self":[{"href":"https:\/\/idonim-lingerie.fr\/en\/wp-json\/wp\/v2\/product\/46743","targetHints":{"allow":["GET"]}}],"collection":[{"href":"https:\/\/idonim-lingerie.fr\/en\/wp-json\/wp\/v2\/product"}],"about":[{"href":"https:\/\/idonim-lingerie.fr\/en\/wp-json\/wp\/v2\/types\/product"}],"replies":[{"embeddable":true,"href":"https:\/\/idonim-lingerie.fr\/en\/wp-json\/wp\/v2\/comments?post=46743"}],"wp:featuredmedia":[{"embeddable":true,"href":"https:\/\/idonim-lingerie.fr\/en\/wp-json\/wp\/v2\/media\/46744"}],"wp:attachment":[{"href":"https:\/\/idonim-lingerie.fr\/en\/wp-json\/wp\/v2\/media?parent=46743"}],"wp:term":[{"taxonomy":"product_brand","embeddable":true,"href":"https:\/\/idonim-lingerie.fr\/en\/wp-json\/wp\/v2\/product_brand?post=46743"},{"taxonomy":"product_cat","embeddable":true,"href":"https:\/\/idonim-lingerie.fr\/en\/wp-json\/wp\/v2\/product_cat?post=46743"},{"taxonomy":"product_tag","embeddable":true,"href":"https:\/\/idonim-lingerie.fr\/en\/wp-json\/wp\/v2\/product_tag?post=46743"}],"curies":[{"name":"wp","href":"https:\/\/api.w.org\/{rel}","templated":true}]}}