{"id":46444,"date":"2025-09-20T11:18:47","date_gmt":"2025-09-20T09:18:47","guid":{"rendered":"https:\/\/idonim-lingerie.fr\/?post_type=product&#038;p=46444"},"modified":"2025-11-25T17:38:04","modified_gmt":"2025-11-25T16:38:04","slug":"le-soutien-gorge-sans-armature-la-brassiere-6-decembre-2025","status":"publish","type":"product","link":"https:\/\/idonim-lingerie.fr\/en\/product\/le-soutien-gorge-sans-armature-la-brassiere-6-decembre-2025\/","title":{"rendered":"le soutien gorge sans armature &#8211; la brassi\u00e8re &#8211; 6 d\u00e9cembre 2025"},"content":{"rendered":"<p>&nbsp;<\/p>\n<p>&nbsp;<\/p>\n<p>&nbsp;<\/p>","protected":false},"excerpt":{"rendered":"<p data-start=\"155\" data-end=\"293\">Venez passer une journ\u00e9e cr\u00e9ative et technique autour de la lingerie en apprenant \u00e0 confectionner une <strong data-start=\"257\" data-end=\"290\">soutien gorge sans armature ou une brassi\u00e8re<\/strong>.<\/p>\n<p data-start=\"189\" data-end=\"396\">Une journ\u00e9e enti\u00e8rement d\u00e9di\u00e9e \u00e0 la d\u00e9couverte et la pratique des techniques sp\u00e9cifiques de la <strong data-start=\"284\" data-end=\"304\">couture lingerie<\/strong>, avec pour objectif de cr\u00e9er votre propre soutien-gorge sans armature ou votre brassi\u00e8re.<\/p>\n<p data-start=\"398\" data-end=\"414\">Au programme :<\/p>\n<ul data-start=\"415\" data-end=\"990\">\n<li data-start=\"415\" data-end=\"500\">\n<p data-start=\"417\" data-end=\"500\"><strong data-start=\"417\" data-end=\"458\">Travail des textiles fins et d\u00e9licats<\/strong> : dentelle, r\u00e9sille, microfibre, satin\u2026<\/p>\n<\/li>\n<li data-start=\"501\" data-end=\"582\">\n<p data-start=\"503\" data-end=\"582\"><strong data-start=\"503\" data-end=\"537\">Pose et couture de la dentelle<\/strong> : placement harmonieux, d\u00e9coupes pr\u00e9cises.<\/p>\n<\/li>\n<li data-start=\"583\" data-end=\"746\">\n<p data-start=\"585\" data-end=\"746\"><strong data-start=\"585\" data-end=\"648\">D\u00e9couverte et couture des diff\u00e9rents \u00e9lastiques de lingerie<\/strong> : fins, plats, \u00e0 picots, \u00e9lastiques de maintien, et leur utilisation selon les zones du mod\u00e8le.<\/p>\n<\/li>\n<li data-start=\"747\" data-end=\"836\">\n<p data-start=\"749\" data-end=\"836\"><strong data-start=\"749\" data-end=\"780\">Mise en place des bretelles<\/strong> et astuces pour un r\u00e9glage confortable et esth\u00e9tique.<\/p>\n<\/li>\n<li data-start=\"837\" data-end=\"915\">\n<p data-start=\"839\" data-end=\"915\"><strong data-start=\"839\" data-end=\"879\">Choix et pose des doublures adapt\u00e9es<\/strong> pour assurer confort et maintien.<\/p>\n<\/li>\n<li data-start=\"916\" data-end=\"990\">\n<p data-start=\"918\" data-end=\"990\"><strong data-start=\"918\" data-end=\"938\">Pose des agrafes<\/strong> et finitions propres pour un rendu professionnel.<\/p>\n<\/li>\n<\/ul>\n<p data-start=\"992\" data-end=\"1256\">Tout au long de l\u2019atelier, vous apprendrez \u00e0 manipuler ces mati\u00e8res raffin\u00e9es, \u00e0 comprendre leur comportement et \u00e0 utiliser des techniques sp\u00e9cifiques qui vous permettront d\u2019obtenir un soutien-gorge\/brassi\u00e8re \u00e0 la fois <strong data-start=\"1211\" data-end=\"1253\">confortable, bien fini et personnalis\u00e9<\/strong>.<\/p>\n<p data-start=\"1258\" data-end=\"1391\">\u00c0 la fin de la journ\u00e9e, vous repartez avec <strong data-start=\"1301\" data-end=\"1326\">votre cr\u00e9ation unique<\/strong>, confectionn\u00e9e \u00e0 la main et parfaitement adapt\u00e9e \u00e0 vos envies.<\/p>\n<p>Nous vous aiderons \u00e0 construire votre projet en s\u00e9lectionnant les fournitures adapt\u00e9es.<\/p>\n<p>Vous aurez le choix entre les patrons LUDIVINE et ALMA.<\/p>\n<p>&nbsp;<\/p>\n<p>Cet atelier est id\u00e9al pour les couturier.e.s qui souhaitent s&rsquo;initier au secteur de la lingerie. Il est n\u00e9cessaire de savoir utiliser sa machine \u00e0 coudre pour\u00a0participer \u00e0 ce cours.<\/p>\n<p>&nbsp;<\/p>\n<p>The course lasts 1 day, i.e. 7 hours.<\/p>\n<p>&nbsp;<\/p>\n<p><strong>Sold individually<\/strong><\/p>\n<p>&nbsp;<\/p>","protected":false},"featured_media":46525,"comment_status":"closed","ping_status":"closed","template":"","meta":[],"product_brand":[],"product_cat":[15],"product_tag":[],"class_list":{"0":"post-46444","1":"product","2":"type-product","3":"status-publish","4":"has-post-thumbnail","6":"product_cat-autre","7":"product_shipping_class-outils","9":"first","10":"instock","11":"taxable","12":"shipping-taxable","13":"purchasable","14":"product-type-atelier"},"yoast_head":"<!-- This site is optimized with the Yoast SEO plugin v27.3 - https:\/\/yoast.com\/product\/yoast-seo-wordpress\/ -->\n<title>le soutien gorge sans armature - la brassi\u00e8re - 6 d\u00e9cembre 2025 - Idonim Lingerie<\/title>\n<meta name=\"description\" content=\"Venez apprendre \u00e0 coudre un soutien gorge sans armature ou une brassi\u00e8re avec Idonim - 7h de cours en pr\u00e9sentiel en petit groupe de 4 personnes max.\" \/>\n<meta name=\"robots\" content=\"index, follow, max-snippet:-1, max-image-preview:large, max-video-preview:-1\" \/>\n<link rel=\"canonical\" href=\"https:\/\/idonim-lingerie.fr\/en\/product\/le-soutien-gorge-sans-armature-la-brassiere-6-decembre-2025\/\" \/>\n<meta property=\"og:locale\" content=\"en_GB\" \/>\n<meta property=\"og:type\" content=\"article\" \/>\n<meta property=\"og:title\" content=\"le soutien gorge sans armature - la brassi\u00e8re - 6 d\u00e9cembre 2025 - Idonim Lingerie\" \/>\n<meta property=\"og:description\" content=\"Venez apprendre \u00e0 coudre un soutien gorge sans armature ou une brassi\u00e8re avec Idonim - 7h de cours en pr\u00e9sentiel en petit groupe de 4 personnes max.\" \/>\n<meta property=\"og:url\" content=\"https:\/\/idonim-lingerie.fr\/en\/product\/le-soutien-gorge-sans-armature-la-brassiere-6-decembre-2025\/\" \/>\n<meta property=\"og:site_name\" content=\"Idonim Lingerie\" \/>\n<meta property=\"article:modified_time\" content=\"2025-11-25T16:38:04+00:00\" \/>\n<meta property=\"og:image\" content=\"https:\/\/idonim-lingerie.fr\/wp-content\/uploads\/2025\/09\/patron-Ludivine-2.jpg\" \/>\n\t<meta property=\"og:image:width\" content=\"480\" \/>\n\t<meta property=\"og:image:height\" content=\"640\" \/>\n\t<meta property=\"og:image:type\" content=\"image\/jpeg\" \/>\n<meta name=\"twitter:card\" content=\"summary_large_image\" \/>\n<meta name=\"twitter:label1\" content=\"Estimated reading time\" \/>\n\t<meta name=\"twitter:data1\" content=\"1 minute\" \/>\n<script type=\"application\/ld+json\" class=\"yoast-schema-graph\">{\"@context\":\"https:\\\/\\\/schema.org\",\"@graph\":[{\"@type\":\"WebPage\",\"@id\":\"https:\\\/\\\/idonim-lingerie.fr\\\/produit\\\/le-soutien-gorge-sans-armature-la-brassiere-6-decembre-2025\\\/\",\"url\":\"https:\\\/\\\/idonim-lingerie.fr\\\/produit\\\/le-soutien-gorge-sans-armature-la-brassiere-6-decembre-2025\\\/\",\"name\":\"le soutien gorge sans armature - la brassi\u00e8re - 6 d\u00e9cembre 2025 - Idonim Lingerie\",\"isPartOf\":{\"@id\":\"https:\\\/\\\/idonim-lingerie.fr\\\/#website\"},\"primaryImageOfPage\":{\"@id\":\"https:\\\/\\\/idonim-lingerie.fr\\\/produit\\\/le-soutien-gorge-sans-armature-la-brassiere-6-decembre-2025\\\/#primaryimage\"},\"image\":{\"@id\":\"https:\\\/\\\/idonim-lingerie.fr\\\/produit\\\/le-soutien-gorge-sans-armature-la-brassiere-6-decembre-2025\\\/#primaryimage\"},\"thumbnailUrl\":\"https:\\\/\\\/idonim-lingerie.fr\\\/wp-content\\\/uploads\\\/2025\\\/09\\\/patron-Ludivine-2.jpg\",\"datePublished\":\"2025-09-20T09:18:47+00:00\",\"dateModified\":\"2025-11-25T16:38:04+00:00\",\"description\":\"Venez apprendre \u00e0 coudre un soutien gorge sans armature ou une brassi\u00e8re avec Idonim - 7h de cours en pr\u00e9sentiel en petit groupe de 4 personnes max.\",\"breadcrumb\":{\"@id\":\"https:\\\/\\\/idonim-lingerie.fr\\\/produit\\\/le-soutien-gorge-sans-armature-la-brassiere-6-decembre-2025\\\/#breadcrumb\"},\"inLanguage\":\"en-GB\",\"potentialAction\":[{\"@type\":\"ReadAction\",\"target\":[\"https:\\\/\\\/idonim-lingerie.fr\\\/produit\\\/le-soutien-gorge-sans-armature-la-brassiere-6-decembre-2025\\\/\"]}]},{\"@type\":\"ImageObject\",\"inLanguage\":\"en-GB\",\"@id\":\"https:\\\/\\\/idonim-lingerie.fr\\\/produit\\\/le-soutien-gorge-sans-armature-la-brassiere-6-decembre-2025\\\/#primaryimage\",\"url\":\"https:\\\/\\\/idonim-lingerie.fr\\\/wp-content\\\/uploads\\\/2025\\\/09\\\/patron-Ludivine-2.jpg\",\"contentUrl\":\"https:\\\/\\\/idonim-lingerie.fr\\\/wp-content\\\/uploads\\\/2025\\\/09\\\/patron-Ludivine-2.jpg\",\"width\":480,\"height\":640,\"caption\":\"patron Ludivine\"},{\"@type\":\"BreadcrumbList\",\"@id\":\"https:\\\/\\\/idonim-lingerie.fr\\\/produit\\\/le-soutien-gorge-sans-armature-la-brassiere-6-decembre-2025\\\/#breadcrumb\",\"itemListElement\":[{\"@type\":\"ListItem\",\"position\":1,\"name\":\"Accueil\",\"item\":\"https:\\\/\\\/idonim-lingerie.fr\\\/en\\\/\"},{\"@type\":\"ListItem\",\"position\":2,\"name\":\"Boutique\",\"item\":\"https:\\\/\\\/idonim-lingerie.fr\\\/shop\\\/\"},{\"@type\":\"ListItem\",\"position\":3,\"name\":\"le soutien gorge sans armature &#8211; la brassi\u00e8re &#8211; 6 d\u00e9cembre 2025\"}]},{\"@type\":\"WebSite\",\"@id\":\"https:\\\/\\\/idonim-lingerie.fr\\\/#website\",\"url\":\"https:\\\/\\\/idonim-lingerie.fr\\\/\",\"name\":\"Idonim Lingerie\",\"description\":\"Idonim offre une s\u00e9lection vari\u00e9e de tissus, dentelles et accessoires pour vos cr\u00e9ations. Livraison rapide. Ateliers P\u00e9dagogiques. Cr\u00e9ation De Qualit\u00e9. M\u00ealant Style Et Confort.\",\"publisher\":{\"@id\":\"https:\\\/\\\/idonim-lingerie.fr\\\/#organization\"},\"potentialAction\":[{\"@type\":\"SearchAction\",\"target\":{\"@type\":\"EntryPoint\",\"urlTemplate\":\"https:\\\/\\\/idonim-lingerie.fr\\\/?s={search_term_string}\"},\"query-input\":{\"@type\":\"PropertyValueSpecification\",\"valueRequired\":true,\"valueName\":\"search_term_string\"}}],\"inLanguage\":\"en-GB\"},{\"@type\":\"Organization\",\"@id\":\"https:\\\/\\\/idonim-lingerie.fr\\\/#organization\",\"name\":\"Idonim Lingerie\",\"url\":\"https:\\\/\\\/idonim-lingerie.fr\\\/\",\"logo\":{\"@type\":\"ImageObject\",\"inLanguage\":\"en-GB\",\"@id\":\"https:\\\/\\\/idonim-lingerie.fr\\\/#\\\/schema\\\/logo\\\/image\\\/\",\"url\":\"https:\\\/\\\/idonim-lingerie.fr\\\/wp-content\\\/uploads\\\/2025\\\/12\\\/idonim_h28.webp\",\"contentUrl\":\"https:\\\/\\\/idonim-lingerie.fr\\\/wp-content\\\/uploads\\\/2025\\\/12\\\/idonim_h28.webp\",\"width\":111,\"height\":28,\"caption\":\"Idonim Lingerie\"},\"image\":{\"@id\":\"https:\\\/\\\/idonim-lingerie.fr\\\/#\\\/schema\\\/logo\\\/image\\\/\"}}]}<\/script>\n<!-- \/ Yoast SEO plugin. -->","yoast_head_json":{"title":"le soutien gorge sans armature - la brassi\u00e8re - 6 d\u00e9cembre 2025 - Idonim Lingerie","description":"Venez apprendre \u00e0 coudre un soutien gorge sans armature ou une brassi\u00e8re avec Idonim - 7h de cours en pr\u00e9sentiel en petit groupe de 4 personnes max.","robots":{"index":"index","follow":"follow","max-snippet":"max-snippet:-1","max-image-preview":"max-image-preview:large","max-video-preview":"max-video-preview:-1"},"canonical":"https:\/\/idonim-lingerie.fr\/en\/product\/le-soutien-gorge-sans-armature-la-brassiere-6-decembre-2025\/","og_locale":"en_GB","og_type":"article","og_title":"le soutien gorge sans armature - la brassi\u00e8re - 6 d\u00e9cembre 2025 - Idonim Lingerie","og_description":"Venez apprendre \u00e0 coudre un soutien gorge sans armature ou une brassi\u00e8re avec Idonim - 7h de cours en pr\u00e9sentiel en petit groupe de 4 personnes max.","og_url":"https:\/\/idonim-lingerie.fr\/en\/product\/le-soutien-gorge-sans-armature-la-brassiere-6-decembre-2025\/","og_site_name":"Idonim Lingerie","article_modified_time":"2025-11-25T16:38:04+00:00","og_image":[{"width":480,"height":640,"url":"https:\/\/idonim-lingerie.fr\/wp-content\/uploads\/2025\/09\/patron-Ludivine-2.jpg","type":"image\/jpeg"}],"twitter_card":"summary_large_image","twitter_misc":{"Estimated reading time":"1 minute"},"schema":{"@context":"https:\/\/schema.org","@graph":[{"@type":"WebPage","@id":"https:\/\/idonim-lingerie.fr\/produit\/le-soutien-gorge-sans-armature-la-brassiere-6-decembre-2025\/","url":"https:\/\/idonim-lingerie.fr\/produit\/le-soutien-gorge-sans-armature-la-brassiere-6-decembre-2025\/","name":"le soutien gorge sans armature - la brassi\u00e8re - 6 d\u00e9cembre 2025 - Idonim Lingerie","isPartOf":{"@id":"https:\/\/idonim-lingerie.fr\/#website"},"primaryImageOfPage":{"@id":"https:\/\/idonim-lingerie.fr\/produit\/le-soutien-gorge-sans-armature-la-brassiere-6-decembre-2025\/#primaryimage"},"image":{"@id":"https:\/\/idonim-lingerie.fr\/produit\/le-soutien-gorge-sans-armature-la-brassiere-6-decembre-2025\/#primaryimage"},"thumbnailUrl":"https:\/\/idonim-lingerie.fr\/wp-content\/uploads\/2025\/09\/patron-Ludivine-2.jpg","datePublished":"2025-09-20T09:18:47+00:00","dateModified":"2025-11-25T16:38:04+00:00","description":"Venez apprendre \u00e0 coudre un soutien gorge sans armature ou une brassi\u00e8re avec Idonim - 7h de cours en pr\u00e9sentiel en petit groupe de 4 personnes max.","breadcrumb":{"@id":"https:\/\/idonim-lingerie.fr\/produit\/le-soutien-gorge-sans-armature-la-brassiere-6-decembre-2025\/#breadcrumb"},"inLanguage":"en-GB","potentialAction":[{"@type":"ReadAction","target":["https:\/\/idonim-lingerie.fr\/produit\/le-soutien-gorge-sans-armature-la-brassiere-6-decembre-2025\/"]}]},{"@type":"ImageObject","inLanguage":"en-GB","@id":"https:\/\/idonim-lingerie.fr\/produit\/le-soutien-gorge-sans-armature-la-brassiere-6-decembre-2025\/#primaryimage","url":"https:\/\/idonim-lingerie.fr\/wp-content\/uploads\/2025\/09\/patron-Ludivine-2.jpg","contentUrl":"https:\/\/idonim-lingerie.fr\/wp-content\/uploads\/2025\/09\/patron-Ludivine-2.jpg","width":480,"height":640,"caption":"patron Ludivine"},{"@type":"BreadcrumbList","@id":"https:\/\/idonim-lingerie.fr\/produit\/le-soutien-gorge-sans-armature-la-brassiere-6-decembre-2025\/#breadcrumb","itemListElement":[{"@type":"ListItem","position":1,"name":"Accueil","item":"https:\/\/idonim-lingerie.fr\/en\/"},{"@type":"ListItem","position":2,"name":"Boutique","item":"https:\/\/idonim-lingerie.fr\/shop\/"},{"@type":"ListItem","position":3,"name":"le soutien gorge sans armature &#8211; la brassi\u00e8re &#8211; 6 d\u00e9cembre 2025"}]},{"@type":"WebSite","@id":"https:\/\/idonim-lingerie.fr\/#website","url":"https:\/\/idonim-lingerie.fr\/","name":"Idonim Lingerie","description":"Idonim offers a wide selection of fabrics, laces and accessories for your creations. Fast delivery. Educational workshops. Quality creation. Mixing Style and Comfort.","publisher":{"@id":"https:\/\/idonim-lingerie.fr\/#organization"},"potentialAction":[{"@type":"SearchAction","target":{"@type":"EntryPoint","urlTemplate":"https:\/\/idonim-lingerie.fr\/?s={search_term_string}"},"query-input":{"@type":"PropertyValueSpecification","valueRequired":true,"valueName":"search_term_string"}}],"inLanguage":"en-GB"},{"@type":"Organization","@id":"https:\/\/idonim-lingerie.fr\/#organization","name":"Idonim Lingerie","url":"https:\/\/idonim-lingerie.fr\/","logo":{"@type":"ImageObject","inLanguage":"en-GB","@id":"https:\/\/idonim-lingerie.fr\/#\/schema\/logo\/image\/","url":"https:\/\/idonim-lingerie.fr\/wp-content\/uploads\/2025\/12\/idonim_h28.webp","contentUrl":"https:\/\/idonim-lingerie.fr\/wp-content\/uploads\/2025\/12\/idonim_h28.webp","width":111,"height":28,"caption":"Idonim Lingerie"},"image":{"@id":"https:\/\/idonim-lingerie.fr\/#\/schema\/logo\/image\/"}}]}},"_links":{"self":[{"href":"https:\/\/idonim-lingerie.fr\/en\/wp-json\/wp\/v2\/product\/46444","targetHints":{"allow":["GET"]}}],"collection":[{"href":"https:\/\/idonim-lingerie.fr\/en\/wp-json\/wp\/v2\/product"}],"about":[{"href":"https:\/\/idonim-lingerie.fr\/en\/wp-json\/wp\/v2\/types\/product"}],"replies":[{"embeddable":true,"href":"https:\/\/idonim-lingerie.fr\/en\/wp-json\/wp\/v2\/comments?post=46444"}],"wp:featuredmedia":[{"embeddable":true,"href":"https:\/\/idonim-lingerie.fr\/en\/wp-json\/wp\/v2\/media\/46525"}],"wp:attachment":[{"href":"https:\/\/idonim-lingerie.fr\/en\/wp-json\/wp\/v2\/media?parent=46444"}],"wp:term":[{"taxonomy":"product_brand","embeddable":true,"href":"https:\/\/idonim-lingerie.fr\/en\/wp-json\/wp\/v2\/product_brand?post=46444"},{"taxonomy":"product_cat","embeddable":true,"href":"https:\/\/idonim-lingerie.fr\/en\/wp-json\/wp\/v2\/product_cat?post=46444"},{"taxonomy":"product_tag","embeddable":true,"href":"https:\/\/idonim-lingerie.fr\/en\/wp-json\/wp\/v2\/product_tag?post=46444"}],"curies":[{"name":"wp","href":"https:\/\/api.w.org\/{rel}","templated":true}]}}