{"id":46439,"date":"2025-09-20T10:23:50","date_gmt":"2025-09-20T08:23:50","guid":{"rendered":"https:\/\/idonim-lingerie.fr\/?post_type=product&#038;p=46439"},"modified":"2025-09-20T11:08:59","modified_gmt":"2025-09-20T09:08:59","slug":"la-nuisette-15-novembre-2025","status":"publish","type":"product","link":"https:\/\/idonim-lingerie.fr\/en\/product\/la-nuisette-15-novembre-2025\/","title":{"rendered":"la nuisette &#8211; 15 novembre 2025"},"content":{"rendered":"<p>&nbsp;<\/p>\n<p>&nbsp;<\/p>\n<p>&nbsp;<\/p>","protected":false},"excerpt":{"rendered":"<p data-start=\"155\" data-end=\"293\">Venez passer une journ\u00e9e cr\u00e9ative et technique autour de la lingerie en apprenant \u00e0 confectionner une <strong data-start=\"257\" data-end=\"290\">nuisette d\u00e9licate et \u00e9l\u00e9gante<\/strong>.<\/p>\n<p data-start=\"295\" data-end=\"311\">Au programme :<\/p>\n<ul data-start=\"312\" data-end=\"701\">\n<li data-start=\"312\" data-end=\"389\">\n<p data-start=\"314\" data-end=\"389\"><strong data-start=\"314\" data-end=\"361\">D\u00e9couverte et pr\u00e9paration des textiles<\/strong>\u00a0: satin, dentelle, voile\u2026<\/p>\n<\/li>\n<li data-start=\"390\" data-end=\"455\">\n<p data-start=\"392\" data-end=\"455\"><strong data-start=\"392\" data-end=\"436\">Pose de dentelle et placement harmonieux<\/strong> sur le v\u00eatement.<\/p>\n<\/li>\n<li data-start=\"456\" data-end=\"532\">\n<p data-start=\"458\" data-end=\"532\"><strong data-start=\"458\" data-end=\"490\">Couture de petits \u00e9lastiques<\/strong> et finitions sp\u00e9cifiques \u00e0 la lingerie.<\/p>\n<\/li>\n<li data-start=\"533\" data-end=\"637\">\n<p data-start=\"535\" data-end=\"637\"><strong data-start=\"535\" data-end=\"578\">Techniques adapt\u00e9es aux tissus d\u00e9licats<\/strong> : couture en sandwich, coutures selon le textile choisi.<\/p>\n<\/li>\n<li data-start=\"638\" data-end=\"701\">\n<p data-start=\"640\" data-end=\"701\">Astuces pour r\u00e9ussir des finitions propres et confortables.<\/p>\n<\/li>\n<\/ul>\n<p data-start=\"703\" data-end=\"949\">Cet atelier est l\u2019occasion d\u2019apprendre \u00e0 travailler des mati\u00e8res raffin\u00e9es tout en d\u00e9couvrant les sp\u00e9cificit\u00e9s de la couture lingerie.<br data-start=\"837\" data-end=\"840\" \/>\u00c0 la fin de la journ\u00e9e, vous repartez avec <strong data-start=\"883\" data-end=\"915\">votre nuisette personnalis\u00e9e<\/strong>, r\u00e9alis\u00e9e de vos propres mains.<\/p>\n<p>Nous vous aiderons \u00e0 construire votre projet en s\u00e9lectionnant les fournitures adapt\u00e9es.<\/p>\n<p>Vous aurez le choix entre les patrons ALICE et LOUISE.<\/p>\n<p>&nbsp;<\/p>\n<p>Cet atelier est id\u00e9al pour les couturier.e.s qui souhaitent s&rsquo;initier au secteur de la lingerie. Il est n\u00e9cessaire de savoir utiliser sa machine \u00e0 coudre pour\u00a0participer \u00e0 ce cours.<\/p>\n<p>&nbsp;<\/p>\n<p>The course lasts 1 day, i.e. 7 hours.<\/p>\n<p>&nbsp;<\/p>\n<p><strong>Sold individually<\/strong><\/p>\n<p>&nbsp;<\/p>","protected":false},"featured_media":46443,"comment_status":"closed","ping_status":"closed","template":"","meta":[],"product_brand":[],"product_cat":[15],"product_tag":[],"class_list":{"0":"post-46439","1":"product","2":"type-product","3":"status-publish","4":"has-post-thumbnail","6":"product_cat-autre","7":"product_shipping_class-outils","9":"first","10":"instock","11":"taxable","12":"shipping-taxable","13":"purchasable","14":"product-type-atelier"},"yoast_head":"<!-- This site is optimized with the Yoast SEO plugin v27.3 - https:\/\/yoast.com\/product\/yoast-seo-wordpress\/ -->\n<title>la nuisette - 15 novembre 2025 - Idonim Lingerie<\/title>\n<meta name=\"description\" content=\"Venez apprendre \u00e0 coudre une nuisette avec Idonim - 7h de cours en pr\u00e9sentiel en petit groupe de 4 personnes max.\" \/>\n<meta name=\"robots\" content=\"index, follow, max-snippet:-1, max-image-preview:large, max-video-preview:-1\" \/>\n<link rel=\"canonical\" href=\"https:\/\/idonim-lingerie.fr\/en\/product\/la-nuisette-15-novembre-2025\/\" \/>\n<meta property=\"og:locale\" content=\"en_GB\" \/>\n<meta property=\"og:type\" content=\"article\" \/>\n<meta property=\"og:title\" content=\"la nuisette - 15 novembre 2025 - Idonim Lingerie\" \/>\n<meta property=\"og:description\" content=\"Venez apprendre \u00e0 coudre une nuisette avec Idonim - 7h de cours en pr\u00e9sentiel en petit groupe de 4 personnes max.\" \/>\n<meta property=\"og:url\" content=\"https:\/\/idonim-lingerie.fr\/en\/product\/la-nuisette-15-novembre-2025\/\" \/>\n<meta property=\"og:site_name\" content=\"Idonim Lingerie\" \/>\n<meta property=\"article:modified_time\" content=\"2025-09-20T09:08:59+00:00\" \/>\n<meta property=\"og:image\" content=\"https:\/\/idonim-lingerie.fr\/wp-content\/uploads\/2025\/09\/post-atelier-couture-nuisette-1.jpg\" \/>\n\t<meta property=\"og:image:width\" content=\"800\" \/>\n\t<meta property=\"og:image:height\" content=\"833\" \/>\n\t<meta property=\"og:image:type\" content=\"image\/jpeg\" \/>\n<meta name=\"twitter:card\" content=\"summary_large_image\" \/>\n<meta name=\"twitter:label1\" content=\"Estimated reading time\" \/>\n\t<meta name=\"twitter:data1\" content=\"1 minute\" \/>\n<script type=\"application\/ld+json\" class=\"yoast-schema-graph\">{\"@context\":\"https:\\\/\\\/schema.org\",\"@graph\":[{\"@type\":\"WebPage\",\"@id\":\"https:\\\/\\\/idonim-lingerie.fr\\\/produit\\\/la-nuisette-15-novembre-2025\\\/\",\"url\":\"https:\\\/\\\/idonim-lingerie.fr\\\/produit\\\/la-nuisette-15-novembre-2025\\\/\",\"name\":\"la nuisette - 15 novembre 2025 - Idonim Lingerie\",\"isPartOf\":{\"@id\":\"https:\\\/\\\/idonim-lingerie.fr\\\/#website\"},\"primaryImageOfPage\":{\"@id\":\"https:\\\/\\\/idonim-lingerie.fr\\\/produit\\\/la-nuisette-15-novembre-2025\\\/#primaryimage\"},\"image\":{\"@id\":\"https:\\\/\\\/idonim-lingerie.fr\\\/produit\\\/la-nuisette-15-novembre-2025\\\/#primaryimage\"},\"thumbnailUrl\":\"https:\\\/\\\/idonim-lingerie.fr\\\/wp-content\\\/uploads\\\/2025\\\/09\\\/post-atelier-couture-nuisette-1.jpg\",\"datePublished\":\"2025-09-20T08:23:50+00:00\",\"dateModified\":\"2025-09-20T09:08:59+00:00\",\"description\":\"Venez apprendre \u00e0 coudre une nuisette avec Idonim - 7h de cours en pr\u00e9sentiel en petit groupe de 4 personnes max.\",\"breadcrumb\":{\"@id\":\"https:\\\/\\\/idonim-lingerie.fr\\\/produit\\\/la-nuisette-15-novembre-2025\\\/#breadcrumb\"},\"inLanguage\":\"en-GB\",\"potentialAction\":[{\"@type\":\"ReadAction\",\"target\":[\"https:\\\/\\\/idonim-lingerie.fr\\\/produit\\\/la-nuisette-15-novembre-2025\\\/\"]}]},{\"@type\":\"ImageObject\",\"inLanguage\":\"en-GB\",\"@id\":\"https:\\\/\\\/idonim-lingerie.fr\\\/produit\\\/la-nuisette-15-novembre-2025\\\/#primaryimage\",\"url\":\"https:\\\/\\\/idonim-lingerie.fr\\\/wp-content\\\/uploads\\\/2025\\\/09\\\/post-atelier-couture-nuisette-1.jpg\",\"contentUrl\":\"https:\\\/\\\/idonim-lingerie.fr\\\/wp-content\\\/uploads\\\/2025\\\/09\\\/post-atelier-couture-nuisette-1.jpg\",\"width\":800,\"height\":833,\"caption\":\"post atelier couture nuisette\"},{\"@type\":\"BreadcrumbList\",\"@id\":\"https:\\\/\\\/idonim-lingerie.fr\\\/produit\\\/la-nuisette-15-novembre-2025\\\/#breadcrumb\",\"itemListElement\":[{\"@type\":\"ListItem\",\"position\":1,\"name\":\"Accueil\",\"item\":\"https:\\\/\\\/idonim-lingerie.fr\\\/en\\\/\"},{\"@type\":\"ListItem\",\"position\":2,\"name\":\"Boutique\",\"item\":\"https:\\\/\\\/idonim-lingerie.fr\\\/shop\\\/\"},{\"@type\":\"ListItem\",\"position\":3,\"name\":\"la nuisette &#8211; 15 novembre 2025\"}]},{\"@type\":\"WebSite\",\"@id\":\"https:\\\/\\\/idonim-lingerie.fr\\\/#website\",\"url\":\"https:\\\/\\\/idonim-lingerie.fr\\\/\",\"name\":\"Idonim Lingerie\",\"description\":\"Idonim offre une s\u00e9lection vari\u00e9e de tissus, dentelles et accessoires pour vos cr\u00e9ations. Livraison rapide. Ateliers P\u00e9dagogiques. Cr\u00e9ation De Qualit\u00e9. M\u00ealant Style Et Confort.\",\"publisher\":{\"@id\":\"https:\\\/\\\/idonim-lingerie.fr\\\/#organization\"},\"potentialAction\":[{\"@type\":\"SearchAction\",\"target\":{\"@type\":\"EntryPoint\",\"urlTemplate\":\"https:\\\/\\\/idonim-lingerie.fr\\\/?s={search_term_string}\"},\"query-input\":{\"@type\":\"PropertyValueSpecification\",\"valueRequired\":true,\"valueName\":\"search_term_string\"}}],\"inLanguage\":\"en-GB\"},{\"@type\":\"Organization\",\"@id\":\"https:\\\/\\\/idonim-lingerie.fr\\\/#organization\",\"name\":\"Idonim Lingerie\",\"url\":\"https:\\\/\\\/idonim-lingerie.fr\\\/\",\"logo\":{\"@type\":\"ImageObject\",\"inLanguage\":\"en-GB\",\"@id\":\"https:\\\/\\\/idonim-lingerie.fr\\\/#\\\/schema\\\/logo\\\/image\\\/\",\"url\":\"https:\\\/\\\/idonim-lingerie.fr\\\/wp-content\\\/uploads\\\/2025\\\/12\\\/idonim_h28.webp\",\"contentUrl\":\"https:\\\/\\\/idonim-lingerie.fr\\\/wp-content\\\/uploads\\\/2025\\\/12\\\/idonim_h28.webp\",\"width\":111,\"height\":28,\"caption\":\"Idonim Lingerie\"},\"image\":{\"@id\":\"https:\\\/\\\/idonim-lingerie.fr\\\/#\\\/schema\\\/logo\\\/image\\\/\"}}]}<\/script>\n<!-- \/ Yoast SEO plugin. -->","yoast_head_json":{"title":"la nuisette - 15 novembre 2025 - Idonim Lingerie","description":"Venez apprendre \u00e0 coudre une nuisette avec Idonim - 7h de cours en pr\u00e9sentiel en petit groupe de 4 personnes max.","robots":{"index":"index","follow":"follow","max-snippet":"max-snippet:-1","max-image-preview":"max-image-preview:large","max-video-preview":"max-video-preview:-1"},"canonical":"https:\/\/idonim-lingerie.fr\/en\/product\/la-nuisette-15-novembre-2025\/","og_locale":"en_GB","og_type":"article","og_title":"la nuisette - 15 novembre 2025 - Idonim Lingerie","og_description":"Venez apprendre \u00e0 coudre une nuisette avec Idonim - 7h de cours en pr\u00e9sentiel en petit groupe de 4 personnes max.","og_url":"https:\/\/idonim-lingerie.fr\/en\/product\/la-nuisette-15-novembre-2025\/","og_site_name":"Idonim Lingerie","article_modified_time":"2025-09-20T09:08:59+00:00","og_image":[{"width":800,"height":833,"url":"https:\/\/idonim-lingerie.fr\/wp-content\/uploads\/2025\/09\/post-atelier-couture-nuisette-1.jpg","type":"image\/jpeg"}],"twitter_card":"summary_large_image","twitter_misc":{"Estimated reading time":"1 minute"},"schema":{"@context":"https:\/\/schema.org","@graph":[{"@type":"WebPage","@id":"https:\/\/idonim-lingerie.fr\/produit\/la-nuisette-15-novembre-2025\/","url":"https:\/\/idonim-lingerie.fr\/produit\/la-nuisette-15-novembre-2025\/","name":"la nuisette - 15 novembre 2025 - Idonim Lingerie","isPartOf":{"@id":"https:\/\/idonim-lingerie.fr\/#website"},"primaryImageOfPage":{"@id":"https:\/\/idonim-lingerie.fr\/produit\/la-nuisette-15-novembre-2025\/#primaryimage"},"image":{"@id":"https:\/\/idonim-lingerie.fr\/produit\/la-nuisette-15-novembre-2025\/#primaryimage"},"thumbnailUrl":"https:\/\/idonim-lingerie.fr\/wp-content\/uploads\/2025\/09\/post-atelier-couture-nuisette-1.jpg","datePublished":"2025-09-20T08:23:50+00:00","dateModified":"2025-09-20T09:08:59+00:00","description":"Venez apprendre \u00e0 coudre une nuisette avec Idonim - 7h de cours en pr\u00e9sentiel en petit groupe de 4 personnes max.","breadcrumb":{"@id":"https:\/\/idonim-lingerie.fr\/produit\/la-nuisette-15-novembre-2025\/#breadcrumb"},"inLanguage":"en-GB","potentialAction":[{"@type":"ReadAction","target":["https:\/\/idonim-lingerie.fr\/produit\/la-nuisette-15-novembre-2025\/"]}]},{"@type":"ImageObject","inLanguage":"en-GB","@id":"https:\/\/idonim-lingerie.fr\/produit\/la-nuisette-15-novembre-2025\/#primaryimage","url":"https:\/\/idonim-lingerie.fr\/wp-content\/uploads\/2025\/09\/post-atelier-couture-nuisette-1.jpg","contentUrl":"https:\/\/idonim-lingerie.fr\/wp-content\/uploads\/2025\/09\/post-atelier-couture-nuisette-1.jpg","width":800,"height":833,"caption":"post atelier couture nuisette"},{"@type":"BreadcrumbList","@id":"https:\/\/idonim-lingerie.fr\/produit\/la-nuisette-15-novembre-2025\/#breadcrumb","itemListElement":[{"@type":"ListItem","position":1,"name":"Accueil","item":"https:\/\/idonim-lingerie.fr\/en\/"},{"@type":"ListItem","position":2,"name":"Boutique","item":"https:\/\/idonim-lingerie.fr\/shop\/"},{"@type":"ListItem","position":3,"name":"la nuisette &#8211; 15 novembre 2025"}]},{"@type":"WebSite","@id":"https:\/\/idonim-lingerie.fr\/#website","url":"https:\/\/idonim-lingerie.fr\/","name":"Idonim Lingerie","description":"Idonim offers a wide selection of fabrics, laces and accessories for your creations. Fast delivery. Educational workshops. Quality creation. Mixing Style and Comfort.","publisher":{"@id":"https:\/\/idonim-lingerie.fr\/#organization"},"potentialAction":[{"@type":"SearchAction","target":{"@type":"EntryPoint","urlTemplate":"https:\/\/idonim-lingerie.fr\/?s={search_term_string}"},"query-input":{"@type":"PropertyValueSpecification","valueRequired":true,"valueName":"search_term_string"}}],"inLanguage":"en-GB"},{"@type":"Organization","@id":"https:\/\/idonim-lingerie.fr\/#organization","name":"Idonim Lingerie","url":"https:\/\/idonim-lingerie.fr\/","logo":{"@type":"ImageObject","inLanguage":"en-GB","@id":"https:\/\/idonim-lingerie.fr\/#\/schema\/logo\/image\/","url":"https:\/\/idonim-lingerie.fr\/wp-content\/uploads\/2025\/12\/idonim_h28.webp","contentUrl":"https:\/\/idonim-lingerie.fr\/wp-content\/uploads\/2025\/12\/idonim_h28.webp","width":111,"height":28,"caption":"Idonim Lingerie"},"image":{"@id":"https:\/\/idonim-lingerie.fr\/#\/schema\/logo\/image\/"}}]}},"_links":{"self":[{"href":"https:\/\/idonim-lingerie.fr\/en\/wp-json\/wp\/v2\/product\/46439","targetHints":{"allow":["GET"]}}],"collection":[{"href":"https:\/\/idonim-lingerie.fr\/en\/wp-json\/wp\/v2\/product"}],"about":[{"href":"https:\/\/idonim-lingerie.fr\/en\/wp-json\/wp\/v2\/types\/product"}],"replies":[{"embeddable":true,"href":"https:\/\/idonim-lingerie.fr\/en\/wp-json\/wp\/v2\/comments?post=46439"}],"wp:featuredmedia":[{"embeddable":true,"href":"https:\/\/idonim-lingerie.fr\/en\/wp-json\/wp\/v2\/media\/46443"}],"wp:attachment":[{"href":"https:\/\/idonim-lingerie.fr\/en\/wp-json\/wp\/v2\/media?parent=46439"}],"wp:term":[{"taxonomy":"product_brand","embeddable":true,"href":"https:\/\/idonim-lingerie.fr\/en\/wp-json\/wp\/v2\/product_brand?post=46439"},{"taxonomy":"product_cat","embeddable":true,"href":"https:\/\/idonim-lingerie.fr\/en\/wp-json\/wp\/v2\/product_cat?post=46439"},{"taxonomy":"product_tag","embeddable":true,"href":"https:\/\/idonim-lingerie.fr\/en\/wp-json\/wp\/v2\/product_tag?post=46439"}],"curies":[{"name":"wp","href":"https:\/\/api.w.org\/{rel}","templated":true}]}}