{"id":46398,"date":"2025-09-14T20:32:08","date_gmt":"2025-09-14T18:32:08","guid":{"rendered":"https:\/\/idonim-lingerie.fr\/?post_type=product&#038;p=46398"},"modified":"2026-03-28T23:14:30","modified_gmt":"2026-03-28T22:14:30","slug":"dentelle-extensible-motif-zebre-noir","status":"publish","type":"product","link":"https:\/\/idonim-lingerie.fr\/en\/product\/dentelle-extensible-motif-zebre-noir\/","title":{"rendered":"Maille extensible floqu\u00e9e &#8211; motif z\u00e9br\u00e9 &#8211; noir"},"content":{"rendered":"<p><span style=\"color: #b68457;\"><strong>Composition:<\/strong><\/span><\/p>\n<ul data-start=\"642\" data-end=\"985\">\n<li data-start=\"642\" data-end=\"690\">\n<p data-start=\"644\" data-end=\"690\"><strong data-start=\"644\" data-end=\"661\">Composition:<\/strong> maille synth\u00e9tique floqu\u00e9e 62% PA \/ 7% EA \/ 31% VISCOSE<\/p>\n<\/li>\n<li data-start=\"783\" data-end=\"806\">\n<p data-start=\"785\" data-end=\"806\"><strong data-start=\"785\" data-end=\"796\">Poids :<\/strong> 104 g\/m\u00b2<\/p>\n<\/li>\n<li data-start=\"807\" data-end=\"831\">\n<p data-start=\"809\" data-end=\"831\"><strong data-start=\"809\" data-end=\"822\">Largeur :<\/strong> 155 cm<\/p>\n<\/li>\n<li data-start=\"832\" data-end=\"895\">\n<p data-start=\"834\" data-end=\"895\"><strong data-start=\"834\" data-end=\"850\">\u00c9lasticit\u00e9 :<\/strong> bi-stretch (extensible dans les deux sens)<\/p>\n<\/li>\n<li data-start=\"896\" data-end=\"945\">\n<p data-start=\"898\" data-end=\"945\"><strong data-start=\"898\" data-end=\"908\">Main :<\/strong>\u00a0 textur\u00e9e<\/p>\n<\/li>\n<li data-start=\"946\" data-end=\"985\">\n<p data-start=\"948\" data-end=\"985\"><strong data-start=\"948\" data-end=\"961\">Origine :<\/strong> French production<\/p>\n<\/li>\n<\/ul>\n<p>&nbsp;<\/p>\n<p>&nbsp;<\/p>\n<p><span style=\"color: #b68457;\"><strong>Advice :<\/strong><\/span><\/p>\n<p>delicate hand wash, 30\u00b0C maximum<\/p>","protected":false},"excerpt":{"rendered":"<p data-start=\"241\" data-end=\"479\">Cette <strong data-start=\"247\" data-end=\"271\">maille floqu\u00e9e noire<\/strong> s\u00e9duit par son <strong data-start=\"287\" data-end=\"323\">motif z\u00e9br\u00e9 graphique et raffin\u00e9<\/strong>, enti\u00e8rement ton sur ton. Le jeu de contrastes entremate et le <strong data-start=\"405\" data-end=\"424\">flocage velout\u00e9<\/strong> cr\u00e9e un relief, \u00e0 la fois moderne et \u00e9l\u00e9gant.<\/p>\n<p data-start=\"481\" data-end=\"640\"><span data-start=\"499\" data-end=\"532\">E<\/span><strong data-start=\"499\" data-end=\"532\">xtensible dans les deux sens<\/strong>, elle offre un confort parfait et s\u2019adapte id\u00e9alement aux pi\u00e8ces ajust\u00e9es ou aux cr\u00e9ations pr\u00e8s du corps.<\/p>\n<p data-start=\"987\" data-end=\"1291\">Parfaite pour la cr\u00e9ation de <strong data-start=\"1016\" data-end=\"1091\">bodies, soutiens-gorge, brassi\u00e8res, tops ou pi\u00e8ces de lingerie au caract\u00e8re affirm\u00e9<\/strong>, cette maille associe <strong data-start=\"1114\" data-end=\"1162\">intensit\u00e9 du noir et sophistication du motif<\/strong>. Son relief discret apporte une <strong data-start=\"1195\" data-end=\"1237\">touche de sensualit\u00e9 et de distinction<\/strong>, id\u00e9ale pour des mod\u00e8les \u00e9l\u00e9gants et contemporains.<\/p>\n<p>Colour: black<\/p>\n<p><strong>Sold in units of 10cm length (to order 1m length order 10 units)\u00a0<\/strong><\/p>\n<p>&nbsp;<\/p>\n<p>Fil polyester Mettler coordonn\u00e9 coloris n\u00b04000<\/p>","protected":false},"featured_media":46397,"comment_status":"closed","ping_status":"closed","template":"","meta":[],"product_brand":[],"product_cat":[698,164,609],"product_tag":[],"class_list":{"0":"post-46398","1":"product","2":"type-product","3":"status-publish","4":"has-post-thumbnail","6":"product_cat-articles-haut-de-gamme","7":"product_cat-power-net-resilles","8":"product_cat-powernet-imprime-ou-floque","9":"product_shipping_class-tissus-leges","11":"first","12":"instock","13":"taxable","14":"shipping-taxable","15":"purchasable","16":"product-type-simple"},"yoast_head":"<!-- This site is optimized with the Yoast SEO plugin v27.3 - https:\/\/yoast.com\/product\/yoast-seo-wordpress\/ -->\n<title>Maille extensible floqu\u00e9e - motif z\u00e9br\u00e9 - noir - Idonim Lingerie<\/title>\n<meta name=\"description\" content=\"Dentelle en grande largeur noir z\u00e9br\u00e9e est d\u00e9licate et \u00e9l\u00e9gante, qui peut \u00eatre utilis\u00e9e pour r\u00e9aliser des v\u00eatements, de la lingerie... Fabrication France.\" \/>\n<meta name=\"robots\" content=\"index, follow, max-snippet:-1, max-image-preview:large, max-video-preview:-1\" \/>\n<link rel=\"canonical\" href=\"https:\/\/idonim-lingerie.fr\/en\/product\/dentelle-extensible-motif-zebre-noir\/\" \/>\n<meta property=\"og:locale\" content=\"en_GB\" \/>\n<meta property=\"og:type\" content=\"article\" \/>\n<meta property=\"og:title\" content=\"Maille extensible floqu\u00e9e - motif z\u00e9br\u00e9 - noir - Idonim Lingerie\" \/>\n<meta property=\"og:description\" content=\"Dentelle en grande largeur noir z\u00e9br\u00e9e est d\u00e9licate et \u00e9l\u00e9gante, qui peut \u00eatre utilis\u00e9e pour r\u00e9aliser des v\u00eatements, de la lingerie... Fabrication France.\" \/>\n<meta property=\"og:url\" content=\"https:\/\/idonim-lingerie.fr\/en\/product\/dentelle-extensible-motif-zebre-noir\/\" \/>\n<meta property=\"og:site_name\" content=\"Idonim Lingerie\" \/>\n<meta property=\"article:modified_time\" content=\"2026-03-28T22:14:30+00:00\" \/>\n<meta property=\"og:image\" content=\"https:\/\/idonim-lingerie.fr\/wp-content\/uploads\/2025\/09\/dentelle-extensible-zebree.jpg\" \/>\n\t<meta property=\"og:image:width\" content=\"640\" \/>\n\t<meta property=\"og:image:height\" content=\"640\" \/>\n\t<meta property=\"og:image:type\" content=\"image\/jpeg\" \/>\n<meta name=\"twitter:card\" content=\"summary_large_image\" \/>\n<meta name=\"twitter:label1\" content=\"Estimated reading time\" \/>\n\t<meta name=\"twitter:data1\" content=\"1 minute\" \/>\n<script type=\"application\/ld+json\" class=\"yoast-schema-graph\">{\"@context\":\"https:\\\/\\\/schema.org\",\"@graph\":[{\"@type\":\"WebPage\",\"@id\":\"https:\\\/\\\/idonim-lingerie.fr\\\/produit\\\/dentelle-extensible-motif-zebre-noir\\\/\",\"url\":\"https:\\\/\\\/idonim-lingerie.fr\\\/produit\\\/dentelle-extensible-motif-zebre-noir\\\/\",\"name\":\"Maille extensible floqu\u00e9e - motif z\u00e9br\u00e9 - noir - Idonim Lingerie\",\"isPartOf\":{\"@id\":\"https:\\\/\\\/idonim-lingerie.fr\\\/#website\"},\"primaryImageOfPage\":{\"@id\":\"https:\\\/\\\/idonim-lingerie.fr\\\/produit\\\/dentelle-extensible-motif-zebre-noir\\\/#primaryimage\"},\"image\":{\"@id\":\"https:\\\/\\\/idonim-lingerie.fr\\\/produit\\\/dentelle-extensible-motif-zebre-noir\\\/#primaryimage\"},\"thumbnailUrl\":\"https:\\\/\\\/idonim-lingerie.fr\\\/wp-content\\\/uploads\\\/2025\\\/09\\\/dentelle-extensible-zebree.jpg\",\"datePublished\":\"2025-09-14T18:32:08+00:00\",\"dateModified\":\"2026-03-28T22:14:30+00:00\",\"description\":\"Dentelle en grande largeur noir z\u00e9br\u00e9e est d\u00e9licate et \u00e9l\u00e9gante, qui peut \u00eatre utilis\u00e9e pour r\u00e9aliser des v\u00eatements, de la lingerie... Fabrication France.\",\"breadcrumb\":{\"@id\":\"https:\\\/\\\/idonim-lingerie.fr\\\/produit\\\/dentelle-extensible-motif-zebre-noir\\\/#breadcrumb\"},\"inLanguage\":\"en-GB\",\"potentialAction\":[{\"@type\":\"ReadAction\",\"target\":[\"https:\\\/\\\/idonim-lingerie.fr\\\/produit\\\/dentelle-extensible-motif-zebre-noir\\\/\"]}]},{\"@type\":\"ImageObject\",\"inLanguage\":\"en-GB\",\"@id\":\"https:\\\/\\\/idonim-lingerie.fr\\\/produit\\\/dentelle-extensible-motif-zebre-noir\\\/#primaryimage\",\"url\":\"https:\\\/\\\/idonim-lingerie.fr\\\/wp-content\\\/uploads\\\/2025\\\/09\\\/dentelle-extensible-zebree.jpg\",\"contentUrl\":\"https:\\\/\\\/idonim-lingerie.fr\\\/wp-content\\\/uploads\\\/2025\\\/09\\\/dentelle-extensible-zebree.jpg\",\"width\":640,\"height\":640,\"caption\":\"dentelle extensible z\u00e9br\u00e9e\"},{\"@type\":\"BreadcrumbList\",\"@id\":\"https:\\\/\\\/idonim-lingerie.fr\\\/produit\\\/dentelle-extensible-motif-zebre-noir\\\/#breadcrumb\",\"itemListElement\":[{\"@type\":\"ListItem\",\"position\":1,\"name\":\"Accueil\",\"item\":\"https:\\\/\\\/idonim-lingerie.fr\\\/en\\\/\"},{\"@type\":\"ListItem\",\"position\":2,\"name\":\"Boutique\",\"item\":\"https:\\\/\\\/idonim-lingerie.fr\\\/shop\\\/\"},{\"@type\":\"ListItem\",\"position\":3,\"name\":\"Maille extensible floqu\u00e9e &#8211; motif z\u00e9br\u00e9 &#8211; noir\"}]},{\"@type\":\"WebSite\",\"@id\":\"https:\\\/\\\/idonim-lingerie.fr\\\/#website\",\"url\":\"https:\\\/\\\/idonim-lingerie.fr\\\/\",\"name\":\"Idonim Lingerie\",\"description\":\"Idonim offre une s\u00e9lection vari\u00e9e de tissus, dentelles et accessoires pour vos cr\u00e9ations. Livraison rapide. Ateliers P\u00e9dagogiques. Cr\u00e9ation De Qualit\u00e9. M\u00ealant Style Et Confort.\",\"publisher\":{\"@id\":\"https:\\\/\\\/idonim-lingerie.fr\\\/#organization\"},\"potentialAction\":[{\"@type\":\"SearchAction\",\"target\":{\"@type\":\"EntryPoint\",\"urlTemplate\":\"https:\\\/\\\/idonim-lingerie.fr\\\/?s={search_term_string}\"},\"query-input\":{\"@type\":\"PropertyValueSpecification\",\"valueRequired\":true,\"valueName\":\"search_term_string\"}}],\"inLanguage\":\"en-GB\"},{\"@type\":\"Organization\",\"@id\":\"https:\\\/\\\/idonim-lingerie.fr\\\/#organization\",\"name\":\"Idonim Lingerie\",\"url\":\"https:\\\/\\\/idonim-lingerie.fr\\\/\",\"logo\":{\"@type\":\"ImageObject\",\"inLanguage\":\"en-GB\",\"@id\":\"https:\\\/\\\/idonim-lingerie.fr\\\/#\\\/schema\\\/logo\\\/image\\\/\",\"url\":\"https:\\\/\\\/idonim-lingerie.fr\\\/wp-content\\\/uploads\\\/2025\\\/12\\\/idonim_h28.webp\",\"contentUrl\":\"https:\\\/\\\/idonim-lingerie.fr\\\/wp-content\\\/uploads\\\/2025\\\/12\\\/idonim_h28.webp\",\"width\":111,\"height\":28,\"caption\":\"Idonim Lingerie\"},\"image\":{\"@id\":\"https:\\\/\\\/idonim-lingerie.fr\\\/#\\\/schema\\\/logo\\\/image\\\/\"}}]}<\/script>\n<!-- \/ Yoast SEO plugin. -->","yoast_head_json":{"title":"Maille extensible floqu\u00e9e - motif z\u00e9br\u00e9 - noir - Idonim Lingerie","description":"Dentelle en grande largeur noir z\u00e9br\u00e9e est d\u00e9licate et \u00e9l\u00e9gante, qui peut \u00eatre utilis\u00e9e pour r\u00e9aliser des v\u00eatements, de la lingerie... Fabrication France.","robots":{"index":"index","follow":"follow","max-snippet":"max-snippet:-1","max-image-preview":"max-image-preview:large","max-video-preview":"max-video-preview:-1"},"canonical":"https:\/\/idonim-lingerie.fr\/en\/product\/dentelle-extensible-motif-zebre-noir\/","og_locale":"en_GB","og_type":"article","og_title":"Maille extensible floqu\u00e9e - motif z\u00e9br\u00e9 - noir - Idonim Lingerie","og_description":"Dentelle en grande largeur noir z\u00e9br\u00e9e est d\u00e9licate et \u00e9l\u00e9gante, qui peut \u00eatre utilis\u00e9e pour r\u00e9aliser des v\u00eatements, de la lingerie... Fabrication France.","og_url":"https:\/\/idonim-lingerie.fr\/en\/product\/dentelle-extensible-motif-zebre-noir\/","og_site_name":"Idonim Lingerie","article_modified_time":"2026-03-28T22:14:30+00:00","og_image":[{"width":640,"height":640,"url":"https:\/\/idonim-lingerie.fr\/wp-content\/uploads\/2025\/09\/dentelle-extensible-zebree.jpg","type":"image\/jpeg"}],"twitter_card":"summary_large_image","twitter_misc":{"Estimated reading time":"1 minute"},"schema":{"@context":"https:\/\/schema.org","@graph":[{"@type":"WebPage","@id":"https:\/\/idonim-lingerie.fr\/produit\/dentelle-extensible-motif-zebre-noir\/","url":"https:\/\/idonim-lingerie.fr\/produit\/dentelle-extensible-motif-zebre-noir\/","name":"Maille extensible floqu\u00e9e - motif z\u00e9br\u00e9 - noir - Idonim Lingerie","isPartOf":{"@id":"https:\/\/idonim-lingerie.fr\/#website"},"primaryImageOfPage":{"@id":"https:\/\/idonim-lingerie.fr\/produit\/dentelle-extensible-motif-zebre-noir\/#primaryimage"},"image":{"@id":"https:\/\/idonim-lingerie.fr\/produit\/dentelle-extensible-motif-zebre-noir\/#primaryimage"},"thumbnailUrl":"https:\/\/idonim-lingerie.fr\/wp-content\/uploads\/2025\/09\/dentelle-extensible-zebree.jpg","datePublished":"2025-09-14T18:32:08+00:00","dateModified":"2026-03-28T22:14:30+00:00","description":"Dentelle en grande largeur noir z\u00e9br\u00e9e est d\u00e9licate et \u00e9l\u00e9gante, qui peut \u00eatre utilis\u00e9e pour r\u00e9aliser des v\u00eatements, de la lingerie... Fabrication France.","breadcrumb":{"@id":"https:\/\/idonim-lingerie.fr\/produit\/dentelle-extensible-motif-zebre-noir\/#breadcrumb"},"inLanguage":"en-GB","potentialAction":[{"@type":"ReadAction","target":["https:\/\/idonim-lingerie.fr\/produit\/dentelle-extensible-motif-zebre-noir\/"]}]},{"@type":"ImageObject","inLanguage":"en-GB","@id":"https:\/\/idonim-lingerie.fr\/produit\/dentelle-extensible-motif-zebre-noir\/#primaryimage","url":"https:\/\/idonim-lingerie.fr\/wp-content\/uploads\/2025\/09\/dentelle-extensible-zebree.jpg","contentUrl":"https:\/\/idonim-lingerie.fr\/wp-content\/uploads\/2025\/09\/dentelle-extensible-zebree.jpg","width":640,"height":640,"caption":"dentelle extensible z\u00e9br\u00e9e"},{"@type":"BreadcrumbList","@id":"https:\/\/idonim-lingerie.fr\/produit\/dentelle-extensible-motif-zebre-noir\/#breadcrumb","itemListElement":[{"@type":"ListItem","position":1,"name":"Accueil","item":"https:\/\/idonim-lingerie.fr\/en\/"},{"@type":"ListItem","position":2,"name":"Boutique","item":"https:\/\/idonim-lingerie.fr\/shop\/"},{"@type":"ListItem","position":3,"name":"Maille extensible floqu\u00e9e &#8211; motif z\u00e9br\u00e9 &#8211; noir"}]},{"@type":"WebSite","@id":"https:\/\/idonim-lingerie.fr\/#website","url":"https:\/\/idonim-lingerie.fr\/","name":"Idonim Lingerie","description":"Idonim offers a wide selection of fabrics, laces and accessories for your creations. Fast delivery. Educational workshops. Quality creation. Mixing Style and Comfort.","publisher":{"@id":"https:\/\/idonim-lingerie.fr\/#organization"},"potentialAction":[{"@type":"SearchAction","target":{"@type":"EntryPoint","urlTemplate":"https:\/\/idonim-lingerie.fr\/?s={search_term_string}"},"query-input":{"@type":"PropertyValueSpecification","valueRequired":true,"valueName":"search_term_string"}}],"inLanguage":"en-GB"},{"@type":"Organization","@id":"https:\/\/idonim-lingerie.fr\/#organization","name":"Idonim Lingerie","url":"https:\/\/idonim-lingerie.fr\/","logo":{"@type":"ImageObject","inLanguage":"en-GB","@id":"https:\/\/idonim-lingerie.fr\/#\/schema\/logo\/image\/","url":"https:\/\/idonim-lingerie.fr\/wp-content\/uploads\/2025\/12\/idonim_h28.webp","contentUrl":"https:\/\/idonim-lingerie.fr\/wp-content\/uploads\/2025\/12\/idonim_h28.webp","width":111,"height":28,"caption":"Idonim Lingerie"},"image":{"@id":"https:\/\/idonim-lingerie.fr\/#\/schema\/logo\/image\/"}}]}},"_links":{"self":[{"href":"https:\/\/idonim-lingerie.fr\/en\/wp-json\/wp\/v2\/product\/46398","targetHints":{"allow":["GET"]}}],"collection":[{"href":"https:\/\/idonim-lingerie.fr\/en\/wp-json\/wp\/v2\/product"}],"about":[{"href":"https:\/\/idonim-lingerie.fr\/en\/wp-json\/wp\/v2\/types\/product"}],"replies":[{"embeddable":true,"href":"https:\/\/idonim-lingerie.fr\/en\/wp-json\/wp\/v2\/comments?post=46398"}],"wp:featuredmedia":[{"embeddable":true,"href":"https:\/\/idonim-lingerie.fr\/en\/wp-json\/wp\/v2\/media\/46397"}],"wp:attachment":[{"href":"https:\/\/idonim-lingerie.fr\/en\/wp-json\/wp\/v2\/media?parent=46398"}],"wp:term":[{"taxonomy":"product_brand","embeddable":true,"href":"https:\/\/idonim-lingerie.fr\/en\/wp-json\/wp\/v2\/product_brand?post=46398"},{"taxonomy":"product_cat","embeddable":true,"href":"https:\/\/idonim-lingerie.fr\/en\/wp-json\/wp\/v2\/product_cat?post=46398"},{"taxonomy":"product_tag","embeddable":true,"href":"https:\/\/idonim-lingerie.fr\/en\/wp-json\/wp\/v2\/product_tag?post=46398"}],"curies":[{"name":"wp","href":"https:\/\/api.w.org\/{rel}","templated":true}]}}