{"id":46237,"date":"2025-08-28T18:50:46","date_gmt":"2025-08-28T16:50:46","guid":{"rendered":"https:\/\/idonim-lingerie.fr\/?post_type=product&#038;p=46237"},"modified":"2026-02-25T12:52:58","modified_gmt":"2026-02-25T11:52:58","slug":"patron-corsage-chloe","status":"publish","type":"product","link":"https:\/\/idonim-lingerie.fr\/en\/product\/patron-corsage-chloe\/","title":{"rendered":"Patron corsage &#8211; CHLOE"},"content":{"rendered":"<p>All our patterns come with an explanatory booklet.<\/p>\n<p>In downloadable format, the pattern includes the pattern in A0 and A4 format<\/p>\n<p>1 planche au format A0<\/p>\n<p>1 x 25 feuilles au format A4<\/p>\n<p>&nbsp;<\/p>\n<p>In pocket format, the pattern includes 1 A0 sheet<\/p>\n<p>&nbsp;<\/p>\n<p>Toutes les fournitures pr\u00e9conis\u00e9es sont d\u00e9taill\u00e9es dans la galerie photo du produit ainsi que le tableau des tailles<\/p>\n<p>&nbsp;<\/p>\n<p><span style=\"color: #b68457;\"><strong> Level required : <\/strong><\/span><\/p>\n<p>- know how to use a sewing machine, have some knowledge of sewing<\/p>\n<p>- Difficulty: 2\/4<\/p>\n<p>&nbsp;<\/p>","protected":false},"excerpt":{"rendered":"<p>Les lignes \u00e9pur\u00e9es et \u00e9l\u00e9gantes du corsage CHLOE font de lui, une pi\u00e8ce f\u00e9minine, confortable et sophistiqu\u00e9e. Entre lingerie et pr\u00eat-\u00e0-porter, ce patron est id\u00e9al pour confectionner une pi\u00e8ce de nuit tout comme un haut glamour pour les f\u00eates.<\/p>\n<p>C\u2019est un mod\u00e8le parfait pour diff\u00e9rentes occasions. En satin, en jersey, en dentelle ou en mousseline, le choix des \u00e9toffes est vaste pour une version plus classique ou tr\u00e8s raffin\u00e9e.<\/p>\n<p>Il pr\u00e9sente une coupe ample et droite, l\u00e9g\u00e8rement \u00e9vas\u00e9e \u00e0 la base, offrant un tomb\u00e9 fluide et \u00e9l\u00e9gant.<br \/>\nIl est propos\u00e9 avec une encolure ronde et des manches courtes. Le mod\u00e8le s\u2019enfile facilement sans aucune fermeture.<br \/>\nLes finitions sont soign\u00e9es : l\u2019encolure est bord\u00e9e d\u2019un biais et les manches sont termin\u00e9es par des bandes rapport\u00e9es pour un rendu pr\u00e9cis. En option nous proposons une bande de finition au bas du corsage en remplacment d\u2019un simple ourlet<\/p>\n<p>Vous avez le choix entre 3 mod\u00e8les :<br \/>\n&#8211; mod\u00e8le A : corsage basique<br \/>\n&#8211; mod\u00e8le B : corsage avec bande centrale en dentelle appliqu\u00e9e<br \/>\n&#8211; mod\u00e8le C : corsage avec dentelle et bandes de tissu appliqu\u00e9es<\/p>\n<p>Le mod\u00e8le A est le plus simple \u00e0 r\u00e9aliser.<\/p>\n<p>&nbsp;<\/p>\n<p>Patron et instructions disponibles en version fran\u00e7aise, au format t\u00e9l\u00e9chargeable ou sous format pochette papier.<\/p>\n<p>&nbsp;<\/p>\n<p><strong>The pattern is sold with its instruction booklet<\/strong><strong> for sizes 34 to 50 (FR) \/ 02 to 18 (US) included<\/strong><\/p>\n<p>&nbsp;<\/p>","protected":false},"featured_media":46289,"comment_status":"closed","ping_status":"closed","template":"","meta":[],"product_brand":[],"product_cat":[270,699,268,156],"product_tag":[],"class_list":{"0":"post-46237","1":"product","2":"type-product","3":"status-publish","4":"has-post-thumbnail","6":"product_cat-patrons","7":"product_cat-patrons-debutants","8":"product_cat-patrons-nuisettes-kimono-short","9":"product_cat-patrons-pdf","11":"first","12":"instock","13":"featured","14":"taxable","15":"shipping-taxable","16":"purchasable","17":"product-type-variable"},"yoast_head":"<!-- This site is optimized with the Yoast SEO plugin v27.3 - https:\/\/yoast.com\/product\/yoast-seo-wordpress\/ -->\n<title>Patron corsage - CHLOE - Idonim Lingerie<\/title>\n<meta name=\"description\" content=\"Patron de couture lingerie pour cr\u00e9er un corsage. Id\u00e9al pour d\u00e9buter en lingerie mais \u00e9galement pour les couturiers exp\u00e9riment\u00e9s.\" \/>\n<meta name=\"robots\" content=\"index, follow, max-snippet:-1, max-image-preview:large, max-video-preview:-1\" \/>\n<link rel=\"canonical\" href=\"https:\/\/idonim-lingerie.fr\/en\/product\/patron-corsage-chloe\/\" \/>\n<meta property=\"og:locale\" content=\"en_GB\" \/>\n<meta property=\"og:type\" content=\"article\" \/>\n<meta property=\"og:title\" content=\"Patron corsage - CHLOE - Idonim Lingerie\" \/>\n<meta property=\"og:description\" content=\"Patron de couture lingerie pour cr\u00e9er un corsage. Id\u00e9al pour d\u00e9buter en lingerie mais \u00e9galement pour les couturiers exp\u00e9riment\u00e9s.\" \/>\n<meta property=\"og:url\" content=\"https:\/\/idonim-lingerie.fr\/en\/product\/patron-corsage-chloe\/\" \/>\n<meta property=\"og:site_name\" content=\"Idonim Lingerie\" \/>\n<meta property=\"article:modified_time\" content=\"2026-02-25T11:52:58+00:00\" \/>\n<meta name=\"twitter:card\" content=\"summary_large_image\" \/>\n<meta name=\"twitter:label1\" content=\"Estimated reading time\" \/>\n\t<meta name=\"twitter:data1\" content=\"1 minute\" \/>\n<script type=\"application\/ld+json\" class=\"yoast-schema-graph\">{\"@context\":\"https:\\\/\\\/schema.org\",\"@graph\":[{\"@type\":\"WebPage\",\"@id\":\"https:\\\/\\\/idonim-lingerie.fr\\\/produit\\\/patron-corsage-chloe\\\/\",\"url\":\"https:\\\/\\\/idonim-lingerie.fr\\\/produit\\\/patron-corsage-chloe\\\/\",\"name\":\"Patron corsage - CHLOE - Idonim Lingerie\",\"isPartOf\":{\"@id\":\"https:\\\/\\\/idonim-lingerie.fr\\\/#website\"},\"primaryImageOfPage\":{\"@id\":\"https:\\\/\\\/idonim-lingerie.fr\\\/produit\\\/patron-corsage-chloe\\\/#primaryimage\"},\"image\":{\"@id\":\"https:\\\/\\\/idonim-lingerie.fr\\\/produit\\\/patron-corsage-chloe\\\/#primaryimage\"},\"thumbnailUrl\":\"https:\\\/\\\/idonim-lingerie.fr\\\/wp-content\\\/uploads\\\/2025\\\/08\\\/patron-Chloe-pdf.jpg\",\"datePublished\":\"2025-08-28T16:50:46+00:00\",\"dateModified\":\"2026-02-25T11:52:58+00:00\",\"description\":\"Patron de couture lingerie pour cr\u00e9er un corsage. Id\u00e9al pour d\u00e9buter en lingerie mais \u00e9galement pour les couturiers exp\u00e9riment\u00e9s.\",\"breadcrumb\":{\"@id\":\"https:\\\/\\\/idonim-lingerie.fr\\\/produit\\\/patron-corsage-chloe\\\/#breadcrumb\"},\"inLanguage\":\"en-GB\",\"potentialAction\":[{\"@type\":\"ReadAction\",\"target\":[\"https:\\\/\\\/idonim-lingerie.fr\\\/produit\\\/patron-corsage-chloe\\\/\"]}]},{\"@type\":\"ImageObject\",\"inLanguage\":\"en-GB\",\"@id\":\"https:\\\/\\\/idonim-lingerie.fr\\\/produit\\\/patron-corsage-chloe\\\/#primaryimage\",\"url\":\"https:\\\/\\\/idonim-lingerie.fr\\\/wp-content\\\/uploads\\\/2025\\\/08\\\/patron-Chloe-pdf.jpg\",\"contentUrl\":\"https:\\\/\\\/idonim-lingerie.fr\\\/wp-content\\\/uploads\\\/2025\\\/08\\\/patron-Chloe-pdf.jpg\",\"caption\":\"patron Chlo\u00e9\"},{\"@type\":\"BreadcrumbList\",\"@id\":\"https:\\\/\\\/idonim-lingerie.fr\\\/produit\\\/patron-corsage-chloe\\\/#breadcrumb\",\"itemListElement\":[{\"@type\":\"ListItem\",\"position\":1,\"name\":\"Accueil\",\"item\":\"https:\\\/\\\/idonim-lingerie.fr\\\/en\\\/\"},{\"@type\":\"ListItem\",\"position\":2,\"name\":\"Boutique\",\"item\":\"https:\\\/\\\/idonim-lingerie.fr\\\/shop\\\/\"},{\"@type\":\"ListItem\",\"position\":3,\"name\":\"Patron corsage &#8211; CHLOE\"}]},{\"@type\":\"WebSite\",\"@id\":\"https:\\\/\\\/idonim-lingerie.fr\\\/#website\",\"url\":\"https:\\\/\\\/idonim-lingerie.fr\\\/\",\"name\":\"Idonim Lingerie\",\"description\":\"Idonim offre une s\u00e9lection vari\u00e9e de tissus, dentelles et accessoires pour vos cr\u00e9ations. Livraison rapide. Ateliers P\u00e9dagogiques. Cr\u00e9ation De Qualit\u00e9. M\u00ealant Style Et Confort.\",\"publisher\":{\"@id\":\"https:\\\/\\\/idonim-lingerie.fr\\\/#organization\"},\"potentialAction\":[{\"@type\":\"SearchAction\",\"target\":{\"@type\":\"EntryPoint\",\"urlTemplate\":\"https:\\\/\\\/idonim-lingerie.fr\\\/?s={search_term_string}\"},\"query-input\":{\"@type\":\"PropertyValueSpecification\",\"valueRequired\":true,\"valueName\":\"search_term_string\"}}],\"inLanguage\":\"en-GB\"},{\"@type\":\"Organization\",\"@id\":\"https:\\\/\\\/idonim-lingerie.fr\\\/#organization\",\"name\":\"Idonim Lingerie\",\"url\":\"https:\\\/\\\/idonim-lingerie.fr\\\/\",\"logo\":{\"@type\":\"ImageObject\",\"inLanguage\":\"en-GB\",\"@id\":\"https:\\\/\\\/idonim-lingerie.fr\\\/#\\\/schema\\\/logo\\\/image\\\/\",\"url\":\"https:\\\/\\\/idonim-lingerie.fr\\\/wp-content\\\/uploads\\\/2025\\\/12\\\/idonim_h28.webp\",\"contentUrl\":\"https:\\\/\\\/idonim-lingerie.fr\\\/wp-content\\\/uploads\\\/2025\\\/12\\\/idonim_h28.webp\",\"width\":111,\"height\":28,\"caption\":\"Idonim Lingerie\"},\"image\":{\"@id\":\"https:\\\/\\\/idonim-lingerie.fr\\\/#\\\/schema\\\/logo\\\/image\\\/\"}}]}<\/script>\n<!-- \/ Yoast SEO plugin. -->","yoast_head_json":{"title":"Patron corsage - CHLOE - Idonim Lingerie","description":"Patron de couture lingerie pour cr\u00e9er un corsage. Id\u00e9al pour d\u00e9buter en lingerie mais \u00e9galement pour les couturiers exp\u00e9riment\u00e9s.","robots":{"index":"index","follow":"follow","max-snippet":"max-snippet:-1","max-image-preview":"max-image-preview:large","max-video-preview":"max-video-preview:-1"},"canonical":"https:\/\/idonim-lingerie.fr\/en\/product\/patron-corsage-chloe\/","og_locale":"en_GB","og_type":"article","og_title":"Patron corsage - CHLOE - Idonim Lingerie","og_description":"Patron de couture lingerie pour cr\u00e9er un corsage. Id\u00e9al pour d\u00e9buter en lingerie mais \u00e9galement pour les couturiers exp\u00e9riment\u00e9s.","og_url":"https:\/\/idonim-lingerie.fr\/en\/product\/patron-corsage-chloe\/","og_site_name":"Idonim Lingerie","article_modified_time":"2026-02-25T11:52:58+00:00","twitter_card":"summary_large_image","twitter_misc":{"Estimated reading time":"1 minute"},"schema":{"@context":"https:\/\/schema.org","@graph":[{"@type":"WebPage","@id":"https:\/\/idonim-lingerie.fr\/produit\/patron-corsage-chloe\/","url":"https:\/\/idonim-lingerie.fr\/produit\/patron-corsage-chloe\/","name":"Patron corsage - CHLOE - Idonim Lingerie","isPartOf":{"@id":"https:\/\/idonim-lingerie.fr\/#website"},"primaryImageOfPage":{"@id":"https:\/\/idonim-lingerie.fr\/produit\/patron-corsage-chloe\/#primaryimage"},"image":{"@id":"https:\/\/idonim-lingerie.fr\/produit\/patron-corsage-chloe\/#primaryimage"},"thumbnailUrl":"https:\/\/idonim-lingerie.fr\/wp-content\/uploads\/2025\/08\/patron-Chloe-pdf.jpg","datePublished":"2025-08-28T16:50:46+00:00","dateModified":"2026-02-25T11:52:58+00:00","description":"Patron de couture lingerie pour cr\u00e9er un corsage. Id\u00e9al pour d\u00e9buter en lingerie mais \u00e9galement pour les couturiers exp\u00e9riment\u00e9s.","breadcrumb":{"@id":"https:\/\/idonim-lingerie.fr\/produit\/patron-corsage-chloe\/#breadcrumb"},"inLanguage":"en-GB","potentialAction":[{"@type":"ReadAction","target":["https:\/\/idonim-lingerie.fr\/produit\/patron-corsage-chloe\/"]}]},{"@type":"ImageObject","inLanguage":"en-GB","@id":"https:\/\/idonim-lingerie.fr\/produit\/patron-corsage-chloe\/#primaryimage","url":"https:\/\/idonim-lingerie.fr\/wp-content\/uploads\/2025\/08\/patron-Chloe-pdf.jpg","contentUrl":"https:\/\/idonim-lingerie.fr\/wp-content\/uploads\/2025\/08\/patron-Chloe-pdf.jpg","caption":"patron Chlo\u00e9"},{"@type":"BreadcrumbList","@id":"https:\/\/idonim-lingerie.fr\/produit\/patron-corsage-chloe\/#breadcrumb","itemListElement":[{"@type":"ListItem","position":1,"name":"Accueil","item":"https:\/\/idonim-lingerie.fr\/en\/"},{"@type":"ListItem","position":2,"name":"Boutique","item":"https:\/\/idonim-lingerie.fr\/shop\/"},{"@type":"ListItem","position":3,"name":"Patron corsage &#8211; CHLOE"}]},{"@type":"WebSite","@id":"https:\/\/idonim-lingerie.fr\/#website","url":"https:\/\/idonim-lingerie.fr\/","name":"Idonim Lingerie","description":"Idonim offers a wide selection of fabrics, laces and accessories for your creations. Fast delivery. Educational workshops. Quality creation. Mixing Style and Comfort.","publisher":{"@id":"https:\/\/idonim-lingerie.fr\/#organization"},"potentialAction":[{"@type":"SearchAction","target":{"@type":"EntryPoint","urlTemplate":"https:\/\/idonim-lingerie.fr\/?s={search_term_string}"},"query-input":{"@type":"PropertyValueSpecification","valueRequired":true,"valueName":"search_term_string"}}],"inLanguage":"en-GB"},{"@type":"Organization","@id":"https:\/\/idonim-lingerie.fr\/#organization","name":"Idonim Lingerie","url":"https:\/\/idonim-lingerie.fr\/","logo":{"@type":"ImageObject","inLanguage":"en-GB","@id":"https:\/\/idonim-lingerie.fr\/#\/schema\/logo\/image\/","url":"https:\/\/idonim-lingerie.fr\/wp-content\/uploads\/2025\/12\/idonim_h28.webp","contentUrl":"https:\/\/idonim-lingerie.fr\/wp-content\/uploads\/2025\/12\/idonim_h28.webp","width":111,"height":28,"caption":"Idonim Lingerie"},"image":{"@id":"https:\/\/idonim-lingerie.fr\/#\/schema\/logo\/image\/"}}]}},"_links":{"self":[{"href":"https:\/\/idonim-lingerie.fr\/en\/wp-json\/wp\/v2\/product\/46237","targetHints":{"allow":["GET"]}}],"collection":[{"href":"https:\/\/idonim-lingerie.fr\/en\/wp-json\/wp\/v2\/product"}],"about":[{"href":"https:\/\/idonim-lingerie.fr\/en\/wp-json\/wp\/v2\/types\/product"}],"replies":[{"embeddable":true,"href":"https:\/\/idonim-lingerie.fr\/en\/wp-json\/wp\/v2\/comments?post=46237"}],"wp:featuredmedia":[{"embeddable":true,"href":"https:\/\/idonim-lingerie.fr\/en\/wp-json\/wp\/v2\/media\/46289"}],"wp:attachment":[{"href":"https:\/\/idonim-lingerie.fr\/en\/wp-json\/wp\/v2\/media?parent=46237"}],"wp:term":[{"taxonomy":"product_brand","embeddable":true,"href":"https:\/\/idonim-lingerie.fr\/en\/wp-json\/wp\/v2\/product_brand?post=46237"},{"taxonomy":"product_cat","embeddable":true,"href":"https:\/\/idonim-lingerie.fr\/en\/wp-json\/wp\/v2\/product_cat?post=46237"},{"taxonomy":"product_tag","embeddable":true,"href":"https:\/\/idonim-lingerie.fr\/en\/wp-json\/wp\/v2\/product_tag?post=46237"}],"curies":[{"name":"wp","href":"https:\/\/api.w.org\/{rel}","templated":true}]}}