{"id":46179,"date":"2025-08-23T13:18:19","date_gmt":"2025-08-23T11:18:19","guid":{"rendered":"https:\/\/idonim-lingerie.fr\/?post_type=product&#038;p=46179"},"modified":"2026-03-18T13:19:14","modified_gmt":"2026-03-18T12:19:14","slug":"broderie-23cm-noir-rose","status":"publish","type":"product","link":"https:\/\/idonim-lingerie.fr\/en\/product\/broderie-23cm-noir-rose\/","title":{"rendered":"Broderie &#8211; 23cm &#8211; noir rose"},"content":{"rendered":"<p><span style=\"color: #b68457\"><strong>Composition:<\/strong><\/span><\/p>\n<p>N<\/p>\n<p>Origin : CN<\/p>\n<p><span style=\"color: #b68457\"><strong>Advice :<\/strong><\/span><\/p>\n<p>Delicate wash 40\u00b0C maximum<\/p>","protected":false},"excerpt":{"rendered":"<p>\u00c9l\u00e9gante et raffin\u00e9e, cette dentelle de type <strong data-start=\"176\" data-end=\"194\">tulle brod\u00e9 noire<\/strong> et rose se distingue par son motif et ses bords festonn\u00e9s des deux c\u00f4t\u00e9s. Sa largeur de <strong data-start=\"283\" data-end=\"292\">23cm<\/strong> en fait un choix id\u00e9al pour la cr\u00e9ation de <strong data-start=\"336\" data-end=\"367\">soutiens gorges sophistiqu\u00e9s<\/strong>, ainsi que pour des <strong data-start=\"388\" data-end=\"404\">empi\u00e8cements<\/strong> or <strong data-start=\"408\" data-end=\"419\">inserts<\/strong> sur vos pi\u00e8ces de lingerie.<\/p>\n<p>Colour: black and pink<\/p>\n<p>Width: 23cm<\/p>\n<p><strong>Sold by the metre<\/strong><\/p>\n<p>&nbsp;<\/p>\n<p>Le fil polyester Mettler coordonn\u00e9 est <strong>le coloris 4000<\/strong><\/p>\n<p>&nbsp;<\/p>","protected":false},"featured_media":46180,"comment_status":"closed","ping_status":"closed","template":"","meta":[],"product_brand":[],"product_cat":[175,174],"product_tag":[],"class_list":{"0":"post-46179","1":"product","2":"type-product","3":"status-publish","4":"has-post-thumbnail","6":"product_cat-broderies-sur-tulle","7":"product_cat-dentelles","8":"product_shipping_class-tissus-leges","10":"first","11":"instock","12":"taxable","13":"shipping-taxable","14":"purchasable","15":"product-type-simple"},"yoast_head":"<!-- This site is optimized with the Yoast SEO plugin v27.3 - https:\/\/yoast.com\/product\/yoast-seo-wordpress\/ -->\n<title>Broderie - 23cm - noir rose - Idonim Lingerie<\/title>\n<meta name=\"description\" content=\"Tulle brod\u00e9 non extensible de couleur noire et rose; avec 2 bords festonn\u00e9s pour la cr\u00e9ation de vos soutien gorges et pi\u00e8ces de lingerie.\" \/>\n<meta name=\"robots\" content=\"index, follow, max-snippet:-1, max-image-preview:large, max-video-preview:-1\" \/>\n<link rel=\"canonical\" href=\"https:\/\/idonim-lingerie.fr\/en\/product\/broderie-23cm-noir-rose\/\" \/>\n<meta property=\"og:locale\" content=\"en_GB\" \/>\n<meta property=\"og:type\" content=\"article\" \/>\n<meta property=\"og:title\" content=\"Broderie - 23cm - noir rose - Idonim Lingerie\" \/>\n<meta property=\"og:description\" content=\"Tulle brod\u00e9 non extensible de couleur noire et rose; avec 2 bords festonn\u00e9s pour la cr\u00e9ation de vos soutien gorges et pi\u00e8ces de lingerie.\" \/>\n<meta property=\"og:url\" content=\"https:\/\/idonim-lingerie.fr\/en\/product\/broderie-23cm-noir-rose\/\" \/>\n<meta property=\"og:site_name\" content=\"Idonim Lingerie\" \/>\n<meta property=\"article:modified_time\" content=\"2026-03-18T12:19:14+00:00\" \/>\n<meta property=\"og:image\" content=\"https:\/\/idonim-lingerie.fr\/wp-content\/uploads\/2025\/08\/detail-broderie-noire-et-rose.jpg\" \/>\n\t<meta property=\"og:image:width\" content=\"640\" \/>\n\t<meta property=\"og:image:height\" content=\"640\" \/>\n\t<meta property=\"og:image:type\" content=\"image\/jpeg\" \/>\n<meta name=\"twitter:card\" content=\"summary_large_image\" \/>\n<meta name=\"twitter:label1\" content=\"Estimated reading time\" \/>\n\t<meta name=\"twitter:data1\" content=\"1 minute\" \/>\n<script type=\"application\/ld+json\" class=\"yoast-schema-graph\">{\"@context\":\"https:\\\/\\\/schema.org\",\"@graph\":[{\"@type\":\"WebPage\",\"@id\":\"https:\\\/\\\/idonim-lingerie.fr\\\/produit\\\/broderie-23cm-noir-rose\\\/\",\"url\":\"https:\\\/\\\/idonim-lingerie.fr\\\/produit\\\/broderie-23cm-noir-rose\\\/\",\"name\":\"Broderie - 23cm - noir rose - Idonim Lingerie\",\"isPartOf\":{\"@id\":\"https:\\\/\\\/idonim-lingerie.fr\\\/#website\"},\"primaryImageOfPage\":{\"@id\":\"https:\\\/\\\/idonim-lingerie.fr\\\/produit\\\/broderie-23cm-noir-rose\\\/#primaryimage\"},\"image\":{\"@id\":\"https:\\\/\\\/idonim-lingerie.fr\\\/produit\\\/broderie-23cm-noir-rose\\\/#primaryimage\"},\"thumbnailUrl\":\"https:\\\/\\\/idonim-lingerie.fr\\\/wp-content\\\/uploads\\\/2025\\\/08\\\/detail-broderie-noire-et-rose.jpg\",\"datePublished\":\"2025-08-23T11:18:19+00:00\",\"dateModified\":\"2026-03-18T12:19:14+00:00\",\"description\":\"Tulle brod\u00e9 non extensible de couleur noire et rose; avec 2 bords festonn\u00e9s pour la cr\u00e9ation de vos soutien gorges et pi\u00e8ces de lingerie.\",\"breadcrumb\":{\"@id\":\"https:\\\/\\\/idonim-lingerie.fr\\\/produit\\\/broderie-23cm-noir-rose\\\/#breadcrumb\"},\"inLanguage\":\"en-GB\",\"potentialAction\":[{\"@type\":\"ReadAction\",\"target\":[\"https:\\\/\\\/idonim-lingerie.fr\\\/produit\\\/broderie-23cm-noir-rose\\\/\"]}]},{\"@type\":\"ImageObject\",\"inLanguage\":\"en-GB\",\"@id\":\"https:\\\/\\\/idonim-lingerie.fr\\\/produit\\\/broderie-23cm-noir-rose\\\/#primaryimage\",\"url\":\"https:\\\/\\\/idonim-lingerie.fr\\\/wp-content\\\/uploads\\\/2025\\\/08\\\/detail-broderie-noire-et-rose.jpg\",\"contentUrl\":\"https:\\\/\\\/idonim-lingerie.fr\\\/wp-content\\\/uploads\\\/2025\\\/08\\\/detail-broderie-noire-et-rose.jpg\",\"width\":640,\"height\":640,\"caption\":\"broderie noire et rose\"},{\"@type\":\"BreadcrumbList\",\"@id\":\"https:\\\/\\\/idonim-lingerie.fr\\\/produit\\\/broderie-23cm-noir-rose\\\/#breadcrumb\",\"itemListElement\":[{\"@type\":\"ListItem\",\"position\":1,\"name\":\"Accueil\",\"item\":\"https:\\\/\\\/idonim-lingerie.fr\\\/en\\\/\"},{\"@type\":\"ListItem\",\"position\":2,\"name\":\"Boutique\",\"item\":\"https:\\\/\\\/idonim-lingerie.fr\\\/shop\\\/\"},{\"@type\":\"ListItem\",\"position\":3,\"name\":\"Broderie &#8211; 23cm &#8211; noir rose\"}]},{\"@type\":\"WebSite\",\"@id\":\"https:\\\/\\\/idonim-lingerie.fr\\\/#website\",\"url\":\"https:\\\/\\\/idonim-lingerie.fr\\\/\",\"name\":\"Idonim Lingerie\",\"description\":\"Idonim offre une s\u00e9lection vari\u00e9e de tissus, dentelles et accessoires pour vos cr\u00e9ations. Livraison rapide. Ateliers P\u00e9dagogiques. Cr\u00e9ation De Qualit\u00e9. M\u00ealant Style Et Confort.\",\"publisher\":{\"@id\":\"https:\\\/\\\/idonim-lingerie.fr\\\/#organization\"},\"potentialAction\":[{\"@type\":\"SearchAction\",\"target\":{\"@type\":\"EntryPoint\",\"urlTemplate\":\"https:\\\/\\\/idonim-lingerie.fr\\\/?s={search_term_string}\"},\"query-input\":{\"@type\":\"PropertyValueSpecification\",\"valueRequired\":true,\"valueName\":\"search_term_string\"}}],\"inLanguage\":\"en-GB\"},{\"@type\":\"Organization\",\"@id\":\"https:\\\/\\\/idonim-lingerie.fr\\\/#organization\",\"name\":\"Idonim Lingerie\",\"url\":\"https:\\\/\\\/idonim-lingerie.fr\\\/\",\"logo\":{\"@type\":\"ImageObject\",\"inLanguage\":\"en-GB\",\"@id\":\"https:\\\/\\\/idonim-lingerie.fr\\\/#\\\/schema\\\/logo\\\/image\\\/\",\"url\":\"https:\\\/\\\/idonim-lingerie.fr\\\/wp-content\\\/uploads\\\/2025\\\/12\\\/idonim_h28.webp\",\"contentUrl\":\"https:\\\/\\\/idonim-lingerie.fr\\\/wp-content\\\/uploads\\\/2025\\\/12\\\/idonim_h28.webp\",\"width\":111,\"height\":28,\"caption\":\"Idonim Lingerie\"},\"image\":{\"@id\":\"https:\\\/\\\/idonim-lingerie.fr\\\/#\\\/schema\\\/logo\\\/image\\\/\"}}]}<\/script>\n<!-- \/ Yoast SEO plugin. -->","yoast_head_json":{"title":"Broderie - 23cm - noir rose - Idonim Lingerie","description":"Tulle brod\u00e9 non extensible de couleur noire et rose; avec 2 bords festonn\u00e9s pour la cr\u00e9ation de vos soutien gorges et pi\u00e8ces de lingerie.","robots":{"index":"index","follow":"follow","max-snippet":"max-snippet:-1","max-image-preview":"max-image-preview:large","max-video-preview":"max-video-preview:-1"},"canonical":"https:\/\/idonim-lingerie.fr\/en\/product\/broderie-23cm-noir-rose\/","og_locale":"en_GB","og_type":"article","og_title":"Broderie - 23cm - noir rose - Idonim Lingerie","og_description":"Tulle brod\u00e9 non extensible de couleur noire et rose; avec 2 bords festonn\u00e9s pour la cr\u00e9ation de vos soutien gorges et pi\u00e8ces de lingerie.","og_url":"https:\/\/idonim-lingerie.fr\/en\/product\/broderie-23cm-noir-rose\/","og_site_name":"Idonim Lingerie","article_modified_time":"2026-03-18T12:19:14+00:00","og_image":[{"width":640,"height":640,"url":"https:\/\/idonim-lingerie.fr\/wp-content\/uploads\/2025\/08\/detail-broderie-noire-et-rose.jpg","type":"image\/jpeg"}],"twitter_card":"summary_large_image","twitter_misc":{"Estimated reading time":"1 minute"},"schema":{"@context":"https:\/\/schema.org","@graph":[{"@type":"WebPage","@id":"https:\/\/idonim-lingerie.fr\/produit\/broderie-23cm-noir-rose\/","url":"https:\/\/idonim-lingerie.fr\/produit\/broderie-23cm-noir-rose\/","name":"Broderie - 23cm - noir rose - Idonim Lingerie","isPartOf":{"@id":"https:\/\/idonim-lingerie.fr\/#website"},"primaryImageOfPage":{"@id":"https:\/\/idonim-lingerie.fr\/produit\/broderie-23cm-noir-rose\/#primaryimage"},"image":{"@id":"https:\/\/idonim-lingerie.fr\/produit\/broderie-23cm-noir-rose\/#primaryimage"},"thumbnailUrl":"https:\/\/idonim-lingerie.fr\/wp-content\/uploads\/2025\/08\/detail-broderie-noire-et-rose.jpg","datePublished":"2025-08-23T11:18:19+00:00","dateModified":"2026-03-18T12:19:14+00:00","description":"Tulle brod\u00e9 non extensible de couleur noire et rose; avec 2 bords festonn\u00e9s pour la cr\u00e9ation de vos soutien gorges et pi\u00e8ces de lingerie.","breadcrumb":{"@id":"https:\/\/idonim-lingerie.fr\/produit\/broderie-23cm-noir-rose\/#breadcrumb"},"inLanguage":"en-GB","potentialAction":[{"@type":"ReadAction","target":["https:\/\/idonim-lingerie.fr\/produit\/broderie-23cm-noir-rose\/"]}]},{"@type":"ImageObject","inLanguage":"en-GB","@id":"https:\/\/idonim-lingerie.fr\/produit\/broderie-23cm-noir-rose\/#primaryimage","url":"https:\/\/idonim-lingerie.fr\/wp-content\/uploads\/2025\/08\/detail-broderie-noire-et-rose.jpg","contentUrl":"https:\/\/idonim-lingerie.fr\/wp-content\/uploads\/2025\/08\/detail-broderie-noire-et-rose.jpg","width":640,"height":640,"caption":"broderie noire et rose"},{"@type":"BreadcrumbList","@id":"https:\/\/idonim-lingerie.fr\/produit\/broderie-23cm-noir-rose\/#breadcrumb","itemListElement":[{"@type":"ListItem","position":1,"name":"Accueil","item":"https:\/\/idonim-lingerie.fr\/en\/"},{"@type":"ListItem","position":2,"name":"Boutique","item":"https:\/\/idonim-lingerie.fr\/shop\/"},{"@type":"ListItem","position":3,"name":"Broderie &#8211; 23cm &#8211; noir rose"}]},{"@type":"WebSite","@id":"https:\/\/idonim-lingerie.fr\/#website","url":"https:\/\/idonim-lingerie.fr\/","name":"Idonim Lingerie","description":"Idonim offers a wide selection of fabrics, laces and accessories for your creations. Fast delivery. Educational workshops. Quality creation. Mixing Style and Comfort.","publisher":{"@id":"https:\/\/idonim-lingerie.fr\/#organization"},"potentialAction":[{"@type":"SearchAction","target":{"@type":"EntryPoint","urlTemplate":"https:\/\/idonim-lingerie.fr\/?s={search_term_string}"},"query-input":{"@type":"PropertyValueSpecification","valueRequired":true,"valueName":"search_term_string"}}],"inLanguage":"en-GB"},{"@type":"Organization","@id":"https:\/\/idonim-lingerie.fr\/#organization","name":"Idonim Lingerie","url":"https:\/\/idonim-lingerie.fr\/","logo":{"@type":"ImageObject","inLanguage":"en-GB","@id":"https:\/\/idonim-lingerie.fr\/#\/schema\/logo\/image\/","url":"https:\/\/idonim-lingerie.fr\/wp-content\/uploads\/2025\/12\/idonim_h28.webp","contentUrl":"https:\/\/idonim-lingerie.fr\/wp-content\/uploads\/2025\/12\/idonim_h28.webp","width":111,"height":28,"caption":"Idonim Lingerie"},"image":{"@id":"https:\/\/idonim-lingerie.fr\/#\/schema\/logo\/image\/"}}]}},"_links":{"self":[{"href":"https:\/\/idonim-lingerie.fr\/en\/wp-json\/wp\/v2\/product\/46179","targetHints":{"allow":["GET"]}}],"collection":[{"href":"https:\/\/idonim-lingerie.fr\/en\/wp-json\/wp\/v2\/product"}],"about":[{"href":"https:\/\/idonim-lingerie.fr\/en\/wp-json\/wp\/v2\/types\/product"}],"replies":[{"embeddable":true,"href":"https:\/\/idonim-lingerie.fr\/en\/wp-json\/wp\/v2\/comments?post=46179"}],"wp:featuredmedia":[{"embeddable":true,"href":"https:\/\/idonim-lingerie.fr\/en\/wp-json\/wp\/v2\/media\/46180"}],"wp:attachment":[{"href":"https:\/\/idonim-lingerie.fr\/en\/wp-json\/wp\/v2\/media?parent=46179"}],"wp:term":[{"taxonomy":"product_brand","embeddable":true,"href":"https:\/\/idonim-lingerie.fr\/en\/wp-json\/wp\/v2\/product_brand?post=46179"},{"taxonomy":"product_cat","embeddable":true,"href":"https:\/\/idonim-lingerie.fr\/en\/wp-json\/wp\/v2\/product_cat?post=46179"},{"taxonomy":"product_tag","embeddable":true,"href":"https:\/\/idonim-lingerie.fr\/en\/wp-json\/wp\/v2\/product_tag?post=46179"}],"curies":[{"name":"wp","href":"https:\/\/api.w.org\/{rel}","templated":true}]}}