{"id":46161,"date":"2025-08-23T09:51:33","date_gmt":"2025-08-23T07:51:33","guid":{"rendered":"https:\/\/idonim-lingerie.fr\/?post_type=product&#038;p=46161"},"modified":"2026-03-12T16:20:45","modified_gmt":"2026-03-12T15:20:45","slug":"dentelle-stretch-21cm-jaune-rose","status":"publish","type":"product","link":"https:\/\/idonim-lingerie.fr\/en\/product\/dentelle-stretch-21cm-jaune-rose\/","title":{"rendered":"Dentelle stretch &#8211; 21cm &#8211; jaune rose"},"content":{"rendered":"<p><span style=\"color: #b68457\"><strong>Composition:<\/strong><\/span><\/p>\n<p>N \/ SP<\/p>\n<p>Origin : CN<\/p>\n<p><span style=\"color: #b68457\"><strong>Advice :<\/strong><\/span><\/p>\n<p>Delicate wash 40\u00b0C maximum<\/p>","protected":false},"excerpt":{"rendered":"<p data-start=\"69\" data-end=\"127\"><strong data-start=\"69\" data-end=\"125\">Dentelle stretch festonn\u00e9e \u2013 id\u00e9ale pour la lingerie<\/strong><\/p>\n<p data-start=\"129\" data-end=\"421\">Cette dentelle extensible est parfaite pour vos cr\u00e9ations de lingerie raffin\u00e9e. Fine, souple et son tomb\u00e9 fluide et son \u00e9lasticit\u00e9 en font un choix id\u00e9al pour la confection de soutiens gorges, culottes ou encore bodys.<\/p>\n<p data-start=\"423\" data-end=\"562\">Festonn\u00e9e sur les deux c\u00f4t\u00e9s, elle permet de r\u00e9aliser de jolies finitions sans ajout d\u2019\u00e9lastique, pour un rendu \u00e9l\u00e9gant et professionnel.<\/p>\n<p data-start=\"564\" data-end=\"688\">Cette dentelle se pr\u00eate aussi bien aux d\u00e9tails subtils qu\u2019aux pi\u00e8ces enti\u00e8rement travaill\u00e9es en dentelle.<\/p>\n<p>Couleur : jaune et rose<\/p>\n<p>Width: 21cm<\/p>\n<p><strong>Sold by the metre<\/strong><\/p>\n<p>&nbsp;<\/p>\n<p>Matching thread: Mettler polyester<strong> coloris 0116<\/strong><\/p>","protected":false},"featured_media":46166,"comment_status":"open","ping_status":"closed","template":"","meta":[],"product_brand":[],"product_cat":[194,174],"product_tag":[],"class_list":{"0":"post-46161","1":"product","2":"type-product","3":"status-publish","4":"has-post-thumbnail","6":"product_cat-dentelles-stretchs","7":"product_cat-dentelles","8":"product_shipping_class-tissus-leges","10":"first","11":"instock","12":"taxable","13":"shipping-taxable","14":"purchasable","15":"product-type-simple"},"yoast_head":"<!-- This site is optimized with the Yoast SEO plugin v27.3 - https:\/\/yoast.com\/product\/yoast-seo-wordpress\/ -->\n<title>Dentelle stretch - 21cm - jaune rose - Idonim Lingerie<\/title>\n<meta name=\"description\" content=\"Dentelle extensible jaune et rose parfaite pour la r\u00e9alisation de pi\u00e8ces de lingerie. Elle est douce, souple et agr\u00e9mentera parfaitement vos dessous.\" \/>\n<meta name=\"robots\" content=\"index, follow, max-snippet:-1, max-image-preview:large, max-video-preview:-1\" \/>\n<link rel=\"canonical\" href=\"https:\/\/idonim-lingerie.fr\/en\/product\/dentelle-stretch-21cm-jaune-rose\/\" \/>\n<meta property=\"og:locale\" content=\"en_GB\" \/>\n<meta property=\"og:type\" content=\"article\" \/>\n<meta property=\"og:title\" content=\"Dentelle stretch - 21cm - jaune rose - Idonim Lingerie\" \/>\n<meta property=\"og:description\" content=\"Dentelle extensible jaune et rose parfaite pour la r\u00e9alisation de pi\u00e8ces de lingerie. Elle est douce, souple et agr\u00e9mentera parfaitement vos dessous.\" \/>\n<meta property=\"og:url\" content=\"https:\/\/idonim-lingerie.fr\/en\/product\/dentelle-stretch-21cm-jaune-rose\/\" \/>\n<meta property=\"og:site_name\" content=\"Idonim Lingerie\" \/>\n<meta property=\"article:modified_time\" content=\"2026-03-12T15:20:45+00:00\" \/>\n<meta property=\"og:image\" content=\"https:\/\/idonim-lingerie.fr\/wp-content\/uploads\/2025\/08\/dentelle-extensible-jaune-rose.jpg\" \/>\n\t<meta property=\"og:image:width\" content=\"640\" \/>\n\t<meta property=\"og:image:height\" content=\"640\" \/>\n\t<meta property=\"og:image:type\" content=\"image\/jpeg\" \/>\n<meta name=\"twitter:card\" content=\"summary_large_image\" \/>\n<meta name=\"twitter:label1\" content=\"Estimated reading time\" \/>\n\t<meta name=\"twitter:data1\" content=\"1 minute\" \/>\n<script type=\"application\/ld+json\" class=\"yoast-schema-graph\">{\"@context\":\"https:\\\/\\\/schema.org\",\"@graph\":[{\"@type\":\"WebPage\",\"@id\":\"https:\\\/\\\/idonim-lingerie.fr\\\/produit\\\/dentelle-stretch-21cm-jaune-rose\\\/\",\"url\":\"https:\\\/\\\/idonim-lingerie.fr\\\/produit\\\/dentelle-stretch-21cm-jaune-rose\\\/\",\"name\":\"Dentelle stretch - 21cm - jaune rose - Idonim Lingerie\",\"isPartOf\":{\"@id\":\"https:\\\/\\\/idonim-lingerie.fr\\\/#website\"},\"primaryImageOfPage\":{\"@id\":\"https:\\\/\\\/idonim-lingerie.fr\\\/produit\\\/dentelle-stretch-21cm-jaune-rose\\\/#primaryimage\"},\"image\":{\"@id\":\"https:\\\/\\\/idonim-lingerie.fr\\\/produit\\\/dentelle-stretch-21cm-jaune-rose\\\/#primaryimage\"},\"thumbnailUrl\":\"https:\\\/\\\/idonim-lingerie.fr\\\/wp-content\\\/uploads\\\/2025\\\/08\\\/dentelle-extensible-jaune-rose.jpg\",\"datePublished\":\"2025-08-23T07:51:33+00:00\",\"dateModified\":\"2026-03-12T15:20:45+00:00\",\"description\":\"Dentelle extensible jaune et rose parfaite pour la r\u00e9alisation de pi\u00e8ces de lingerie. Elle est douce, souple et agr\u00e9mentera parfaitement vos dessous.\",\"breadcrumb\":{\"@id\":\"https:\\\/\\\/idonim-lingerie.fr\\\/produit\\\/dentelle-stretch-21cm-jaune-rose\\\/#breadcrumb\"},\"inLanguage\":\"en-GB\",\"potentialAction\":[{\"@type\":\"ReadAction\",\"target\":[\"https:\\\/\\\/idonim-lingerie.fr\\\/produit\\\/dentelle-stretch-21cm-jaune-rose\\\/\"]}]},{\"@type\":\"ImageObject\",\"inLanguage\":\"en-GB\",\"@id\":\"https:\\\/\\\/idonim-lingerie.fr\\\/produit\\\/dentelle-stretch-21cm-jaune-rose\\\/#primaryimage\",\"url\":\"https:\\\/\\\/idonim-lingerie.fr\\\/wp-content\\\/uploads\\\/2025\\\/08\\\/dentelle-extensible-jaune-rose.jpg\",\"contentUrl\":\"https:\\\/\\\/idonim-lingerie.fr\\\/wp-content\\\/uploads\\\/2025\\\/08\\\/dentelle-extensible-jaune-rose.jpg\",\"width\":640,\"height\":640,\"caption\":\"dentelle extensible jaune rose\"},{\"@type\":\"BreadcrumbList\",\"@id\":\"https:\\\/\\\/idonim-lingerie.fr\\\/produit\\\/dentelle-stretch-21cm-jaune-rose\\\/#breadcrumb\",\"itemListElement\":[{\"@type\":\"ListItem\",\"position\":1,\"name\":\"Accueil\",\"item\":\"https:\\\/\\\/idonim-lingerie.fr\\\/en\\\/\"},{\"@type\":\"ListItem\",\"position\":2,\"name\":\"Boutique\",\"item\":\"https:\\\/\\\/idonim-lingerie.fr\\\/shop\\\/\"},{\"@type\":\"ListItem\",\"position\":3,\"name\":\"Dentelle stretch &#8211; 21cm &#8211; jaune rose\"}]},{\"@type\":\"WebSite\",\"@id\":\"https:\\\/\\\/idonim-lingerie.fr\\\/#website\",\"url\":\"https:\\\/\\\/idonim-lingerie.fr\\\/\",\"name\":\"Idonim Lingerie\",\"description\":\"Idonim offre une s\u00e9lection vari\u00e9e de tissus, dentelles et accessoires pour vos cr\u00e9ations. Livraison rapide. Ateliers P\u00e9dagogiques. Cr\u00e9ation De Qualit\u00e9. M\u00ealant Style Et Confort.\",\"publisher\":{\"@id\":\"https:\\\/\\\/idonim-lingerie.fr\\\/#organization\"},\"potentialAction\":[{\"@type\":\"SearchAction\",\"target\":{\"@type\":\"EntryPoint\",\"urlTemplate\":\"https:\\\/\\\/idonim-lingerie.fr\\\/?s={search_term_string}\"},\"query-input\":{\"@type\":\"PropertyValueSpecification\",\"valueRequired\":true,\"valueName\":\"search_term_string\"}}],\"inLanguage\":\"en-GB\"},{\"@type\":\"Organization\",\"@id\":\"https:\\\/\\\/idonim-lingerie.fr\\\/#organization\",\"name\":\"Idonim Lingerie\",\"url\":\"https:\\\/\\\/idonim-lingerie.fr\\\/\",\"logo\":{\"@type\":\"ImageObject\",\"inLanguage\":\"en-GB\",\"@id\":\"https:\\\/\\\/idonim-lingerie.fr\\\/#\\\/schema\\\/logo\\\/image\\\/\",\"url\":\"https:\\\/\\\/idonim-lingerie.fr\\\/wp-content\\\/uploads\\\/2025\\\/12\\\/idonim_h28.webp\",\"contentUrl\":\"https:\\\/\\\/idonim-lingerie.fr\\\/wp-content\\\/uploads\\\/2025\\\/12\\\/idonim_h28.webp\",\"width\":111,\"height\":28,\"caption\":\"Idonim Lingerie\"},\"image\":{\"@id\":\"https:\\\/\\\/idonim-lingerie.fr\\\/#\\\/schema\\\/logo\\\/image\\\/\"}}]}<\/script>\n<!-- \/ Yoast SEO plugin. -->","yoast_head_json":{"title":"Dentelle stretch - 21cm - jaune rose - Idonim Lingerie","description":"Dentelle extensible jaune et rose parfaite pour la r\u00e9alisation de pi\u00e8ces de lingerie. Elle est douce, souple et agr\u00e9mentera parfaitement vos dessous.","robots":{"index":"index","follow":"follow","max-snippet":"max-snippet:-1","max-image-preview":"max-image-preview:large","max-video-preview":"max-video-preview:-1"},"canonical":"https:\/\/idonim-lingerie.fr\/en\/product\/dentelle-stretch-21cm-jaune-rose\/","og_locale":"en_GB","og_type":"article","og_title":"Dentelle stretch - 21cm - jaune rose - Idonim Lingerie","og_description":"Dentelle extensible jaune et rose parfaite pour la r\u00e9alisation de pi\u00e8ces de lingerie. Elle est douce, souple et agr\u00e9mentera parfaitement vos dessous.","og_url":"https:\/\/idonim-lingerie.fr\/en\/product\/dentelle-stretch-21cm-jaune-rose\/","og_site_name":"Idonim Lingerie","article_modified_time":"2026-03-12T15:20:45+00:00","og_image":[{"width":640,"height":640,"url":"https:\/\/idonim-lingerie.fr\/wp-content\/uploads\/2025\/08\/dentelle-extensible-jaune-rose.jpg","type":"image\/jpeg"}],"twitter_card":"summary_large_image","twitter_misc":{"Estimated reading time":"1 minute"},"schema":{"@context":"https:\/\/schema.org","@graph":[{"@type":"WebPage","@id":"https:\/\/idonim-lingerie.fr\/produit\/dentelle-stretch-21cm-jaune-rose\/","url":"https:\/\/idonim-lingerie.fr\/produit\/dentelle-stretch-21cm-jaune-rose\/","name":"Dentelle stretch - 21cm - jaune rose - Idonim Lingerie","isPartOf":{"@id":"https:\/\/idonim-lingerie.fr\/#website"},"primaryImageOfPage":{"@id":"https:\/\/idonim-lingerie.fr\/produit\/dentelle-stretch-21cm-jaune-rose\/#primaryimage"},"image":{"@id":"https:\/\/idonim-lingerie.fr\/produit\/dentelle-stretch-21cm-jaune-rose\/#primaryimage"},"thumbnailUrl":"https:\/\/idonim-lingerie.fr\/wp-content\/uploads\/2025\/08\/dentelle-extensible-jaune-rose.jpg","datePublished":"2025-08-23T07:51:33+00:00","dateModified":"2026-03-12T15:20:45+00:00","description":"Dentelle extensible jaune et rose parfaite pour la r\u00e9alisation de pi\u00e8ces de lingerie. Elle est douce, souple et agr\u00e9mentera parfaitement vos dessous.","breadcrumb":{"@id":"https:\/\/idonim-lingerie.fr\/produit\/dentelle-stretch-21cm-jaune-rose\/#breadcrumb"},"inLanguage":"en-GB","potentialAction":[{"@type":"ReadAction","target":["https:\/\/idonim-lingerie.fr\/produit\/dentelle-stretch-21cm-jaune-rose\/"]}]},{"@type":"ImageObject","inLanguage":"en-GB","@id":"https:\/\/idonim-lingerie.fr\/produit\/dentelle-stretch-21cm-jaune-rose\/#primaryimage","url":"https:\/\/idonim-lingerie.fr\/wp-content\/uploads\/2025\/08\/dentelle-extensible-jaune-rose.jpg","contentUrl":"https:\/\/idonim-lingerie.fr\/wp-content\/uploads\/2025\/08\/dentelle-extensible-jaune-rose.jpg","width":640,"height":640,"caption":"dentelle extensible jaune rose"},{"@type":"BreadcrumbList","@id":"https:\/\/idonim-lingerie.fr\/produit\/dentelle-stretch-21cm-jaune-rose\/#breadcrumb","itemListElement":[{"@type":"ListItem","position":1,"name":"Accueil","item":"https:\/\/idonim-lingerie.fr\/en\/"},{"@type":"ListItem","position":2,"name":"Boutique","item":"https:\/\/idonim-lingerie.fr\/shop\/"},{"@type":"ListItem","position":3,"name":"Dentelle stretch &#8211; 21cm &#8211; jaune rose"}]},{"@type":"WebSite","@id":"https:\/\/idonim-lingerie.fr\/#website","url":"https:\/\/idonim-lingerie.fr\/","name":"Idonim Lingerie","description":"Idonim offers a wide selection of fabrics, laces and accessories for your creations. Fast delivery. Educational workshops. Quality creation. Mixing Style and Comfort.","publisher":{"@id":"https:\/\/idonim-lingerie.fr\/#organization"},"potentialAction":[{"@type":"SearchAction","target":{"@type":"EntryPoint","urlTemplate":"https:\/\/idonim-lingerie.fr\/?s={search_term_string}"},"query-input":{"@type":"PropertyValueSpecification","valueRequired":true,"valueName":"search_term_string"}}],"inLanguage":"en-GB"},{"@type":"Organization","@id":"https:\/\/idonim-lingerie.fr\/#organization","name":"Idonim Lingerie","url":"https:\/\/idonim-lingerie.fr\/","logo":{"@type":"ImageObject","inLanguage":"en-GB","@id":"https:\/\/idonim-lingerie.fr\/#\/schema\/logo\/image\/","url":"https:\/\/idonim-lingerie.fr\/wp-content\/uploads\/2025\/12\/idonim_h28.webp","contentUrl":"https:\/\/idonim-lingerie.fr\/wp-content\/uploads\/2025\/12\/idonim_h28.webp","width":111,"height":28,"caption":"Idonim Lingerie"},"image":{"@id":"https:\/\/idonim-lingerie.fr\/#\/schema\/logo\/image\/"}}]}},"_links":{"self":[{"href":"https:\/\/idonim-lingerie.fr\/en\/wp-json\/wp\/v2\/product\/46161","targetHints":{"allow":["GET"]}}],"collection":[{"href":"https:\/\/idonim-lingerie.fr\/en\/wp-json\/wp\/v2\/product"}],"about":[{"href":"https:\/\/idonim-lingerie.fr\/en\/wp-json\/wp\/v2\/types\/product"}],"replies":[{"embeddable":true,"href":"https:\/\/idonim-lingerie.fr\/en\/wp-json\/wp\/v2\/comments?post=46161"}],"wp:featuredmedia":[{"embeddable":true,"href":"https:\/\/idonim-lingerie.fr\/en\/wp-json\/wp\/v2\/media\/46166"}],"wp:attachment":[{"href":"https:\/\/idonim-lingerie.fr\/en\/wp-json\/wp\/v2\/media?parent=46161"}],"wp:term":[{"taxonomy":"product_brand","embeddable":true,"href":"https:\/\/idonim-lingerie.fr\/en\/wp-json\/wp\/v2\/product_brand?post=46161"},{"taxonomy":"product_cat","embeddable":true,"href":"https:\/\/idonim-lingerie.fr\/en\/wp-json\/wp\/v2\/product_cat?post=46161"},{"taxonomy":"product_tag","embeddable":true,"href":"https:\/\/idonim-lingerie.fr\/en\/wp-json\/wp\/v2\/product_tag?post=46161"}],"curies":[{"name":"wp","href":"https:\/\/api.w.org\/{rel}","templated":true}]}}