{"id":44067,"date":"2025-03-30T21:49:24","date_gmt":"2025-03-30T19:49:24","guid":{"rendered":"https:\/\/idonim-lingerie.fr\/?post_type=product&#038;p=44067"},"modified":"2025-04-12T21:56:22","modified_gmt":"2025-04-12T19:56:22","slug":"le-maillot-de-bain-1-piece-7-juin-2025","status":"publish","type":"product","link":"https:\/\/idonim-lingerie.fr\/en\/product\/le-maillot-de-bain-1-piece-7-juin-2025\/","title":{"rendered":"the 1-piece swimming costume - 7 June 2025"},"content":{"rendered":"<p>&nbsp;<\/p>\n<p>&nbsp;<\/p>\n<p>&nbsp;<\/p>","protected":false},"excerpt":{"rendered":"<p>Learn how to make a 1-piece swimming costume.<\/p>\n<p>You can choose your pattern from our range of patterns: MILA, JULLIAN, MAEVA, ...<\/p>\n<p>These models adapt to a wide variety of body shapes and are offered in different sizes. The course is adapted to make a swimming costume from size 34 to 52.<\/p>\n<p>We'll help you build your project by selecting the right supplies for your needs<\/p>\n<p>&nbsp;<\/p>\n<p>You'll discover sewing techniques for the beach, such as how to fit laminette elastic ...<\/p>\n<p>This workshop is ideal for experienced dressmakers who want to perfect their skills and take on the challenge of a refined, technical project.<\/p>\n<p>An intermediate to advanced level is required to take part in this course.<\/p>\n<p>&nbsp;<\/p>\n<p>The course lasts 1 day, i.e. 7 hours.<\/p>\n<p>&nbsp;<\/p>\n<p><strong>Sold individually<\/strong><\/p>\n<p>&nbsp;<\/p>","protected":false},"featured_media":44217,"comment_status":"closed","ping_status":"closed","template":"","meta":[],"product_brand":[],"product_cat":[15],"product_tag":[],"class_list":{"0":"post-44067","1":"product","2":"type-product","3":"status-publish","4":"has-post-thumbnail","6":"product_cat-autre","7":"product_shipping_class-outils","9":"first","10":"instock","11":"taxable","12":"shipping-taxable","13":"purchasable","14":"product-type-atelier"},"yoast_head":"<!-- This site is optimized with the Yoast SEO plugin v27.3 - https:\/\/yoast.com\/product\/yoast-seo-wordpress\/ -->\n<title>le maillot de bain 1 pi\u00e8ce - 7 juin 2025 - Idonim Lingerie<\/title>\n<meta name=\"description\" content=\"Venez apprendre \u00e0 coudre un maillot de bain 1 pi\u00e8ce chez Idonim - 7h de cours en pr\u00e9sentiel en petit groupe de 4 personnes max.\" \/>\n<meta name=\"robots\" content=\"index, follow, max-snippet:-1, max-image-preview:large, max-video-preview:-1\" \/>\n<link rel=\"canonical\" href=\"https:\/\/idonim-lingerie.fr\/en\/product\/le-maillot-de-bain-1-piece-7-juin-2025\/\" \/>\n<meta property=\"og:locale\" content=\"en_GB\" \/>\n<meta property=\"og:type\" content=\"article\" \/>\n<meta property=\"og:title\" content=\"le maillot de bain 1 pi\u00e8ce - 7 juin 2025 - Idonim Lingerie\" \/>\n<meta property=\"og:description\" content=\"Venez apprendre \u00e0 coudre un maillot de bain 1 pi\u00e8ce chez Idonim - 7h de cours en pr\u00e9sentiel en petit groupe de 4 personnes max.\" \/>\n<meta property=\"og:url\" content=\"https:\/\/idonim-lingerie.fr\/en\/product\/le-maillot-de-bain-1-piece-7-juin-2025\/\" \/>\n<meta property=\"og:site_name\" content=\"Idonim Lingerie\" \/>\n<meta property=\"article:modified_time\" content=\"2025-04-12T19:56:22+00:00\" \/>\n<meta name=\"twitter:card\" content=\"summary_large_image\" \/>\n<meta name=\"twitter:label1\" content=\"Estimated reading time\" \/>\n\t<meta name=\"twitter:data1\" content=\"1 minute\" \/>\n<script type=\"application\/ld+json\" class=\"yoast-schema-graph\">{\"@context\":\"https:\\\/\\\/schema.org\",\"@graph\":[{\"@type\":\"WebPage\",\"@id\":\"https:\\\/\\\/idonim-lingerie.fr\\\/produit\\\/le-maillot-de-bain-1-piece-7-juin-2025\\\/\",\"url\":\"https:\\\/\\\/idonim-lingerie.fr\\\/produit\\\/le-maillot-de-bain-1-piece-7-juin-2025\\\/\",\"name\":\"le maillot de bain 1 pi\u00e8ce - 7 juin 2025 - Idonim Lingerie\",\"isPartOf\":{\"@id\":\"https:\\\/\\\/idonim-lingerie.fr\\\/#website\"},\"primaryImageOfPage\":{\"@id\":\"https:\\\/\\\/idonim-lingerie.fr\\\/produit\\\/le-maillot-de-bain-1-piece-7-juin-2025\\\/#primaryimage\"},\"image\":{\"@id\":\"https:\\\/\\\/idonim-lingerie.fr\\\/produit\\\/le-maillot-de-bain-1-piece-7-juin-2025\\\/#primaryimage\"},\"thumbnailUrl\":\"https:\\\/\\\/idonim-lingerie.fr\\\/wp-content\\\/uploads\\\/2025\\\/03\\\/cours-maillot-de-bain-1-pdf.jpg\",\"datePublished\":\"2025-03-30T19:49:24+00:00\",\"dateModified\":\"2025-04-12T19:56:22+00:00\",\"description\":\"Venez apprendre \u00e0 coudre un maillot de bain 1 pi\u00e8ce chez Idonim - 7h de cours en pr\u00e9sentiel en petit groupe de 4 personnes max.\",\"breadcrumb\":{\"@id\":\"https:\\\/\\\/idonim-lingerie.fr\\\/produit\\\/le-maillot-de-bain-1-piece-7-juin-2025\\\/#breadcrumb\"},\"inLanguage\":\"en-GB\",\"potentialAction\":[{\"@type\":\"ReadAction\",\"target\":[\"https:\\\/\\\/idonim-lingerie.fr\\\/produit\\\/le-maillot-de-bain-1-piece-7-juin-2025\\\/\"]}]},{\"@type\":\"ImageObject\",\"inLanguage\":\"en-GB\",\"@id\":\"https:\\\/\\\/idonim-lingerie.fr\\\/produit\\\/le-maillot-de-bain-1-piece-7-juin-2025\\\/#primaryimage\",\"url\":\"https:\\\/\\\/idonim-lingerie.fr\\\/wp-content\\\/uploads\\\/2025\\\/03\\\/cours-maillot-de-bain-1-pdf.jpg\",\"contentUrl\":\"https:\\\/\\\/idonim-lingerie.fr\\\/wp-content\\\/uploads\\\/2025\\\/03\\\/cours-maillot-de-bain-1-pdf.jpg\",\"caption\":\"cours maillot de bain\"},{\"@type\":\"BreadcrumbList\",\"@id\":\"https:\\\/\\\/idonim-lingerie.fr\\\/produit\\\/le-maillot-de-bain-1-piece-7-juin-2025\\\/#breadcrumb\",\"itemListElement\":[{\"@type\":\"ListItem\",\"position\":1,\"name\":\"Accueil\",\"item\":\"https:\\\/\\\/idonim-lingerie.fr\\\/en\\\/\"},{\"@type\":\"ListItem\",\"position\":2,\"name\":\"Boutique\",\"item\":\"https:\\\/\\\/idonim-lingerie.fr\\\/shop\\\/\"},{\"@type\":\"ListItem\",\"position\":3,\"name\":\"le maillot de bain 1 pi\u00e8ce &#8211; 7 juin 2025\"}]},{\"@type\":\"WebSite\",\"@id\":\"https:\\\/\\\/idonim-lingerie.fr\\\/#website\",\"url\":\"https:\\\/\\\/idonim-lingerie.fr\\\/\",\"name\":\"Idonim Lingerie\",\"description\":\"Idonim offre une s\u00e9lection vari\u00e9e de tissus, dentelles et accessoires pour vos cr\u00e9ations. Livraison rapide. Ateliers P\u00e9dagogiques. Cr\u00e9ation De Qualit\u00e9. M\u00ealant Style Et Confort.\",\"publisher\":{\"@id\":\"https:\\\/\\\/idonim-lingerie.fr\\\/#organization\"},\"potentialAction\":[{\"@type\":\"SearchAction\",\"target\":{\"@type\":\"EntryPoint\",\"urlTemplate\":\"https:\\\/\\\/idonim-lingerie.fr\\\/?s={search_term_string}\"},\"query-input\":{\"@type\":\"PropertyValueSpecification\",\"valueRequired\":true,\"valueName\":\"search_term_string\"}}],\"inLanguage\":\"en-GB\"},{\"@type\":\"Organization\",\"@id\":\"https:\\\/\\\/idonim-lingerie.fr\\\/#organization\",\"name\":\"Idonim Lingerie\",\"url\":\"https:\\\/\\\/idonim-lingerie.fr\\\/\",\"logo\":{\"@type\":\"ImageObject\",\"inLanguage\":\"en-GB\",\"@id\":\"https:\\\/\\\/idonim-lingerie.fr\\\/#\\\/schema\\\/logo\\\/image\\\/\",\"url\":\"https:\\\/\\\/idonim-lingerie.fr\\\/wp-content\\\/uploads\\\/2025\\\/12\\\/idonim_h28.webp\",\"contentUrl\":\"https:\\\/\\\/idonim-lingerie.fr\\\/wp-content\\\/uploads\\\/2025\\\/12\\\/idonim_h28.webp\",\"width\":111,\"height\":28,\"caption\":\"Idonim Lingerie\"},\"image\":{\"@id\":\"https:\\\/\\\/idonim-lingerie.fr\\\/#\\\/schema\\\/logo\\\/image\\\/\"}}]}<\/script>\n<!-- \/ Yoast SEO plugin. -->","yoast_head_json":{"title":"le maillot de bain 1 pi\u00e8ce - 7 juin 2025 - Idonim Lingerie","description":"Venez apprendre \u00e0 coudre un maillot de bain 1 pi\u00e8ce chez Idonim - 7h de cours en pr\u00e9sentiel en petit groupe de 4 personnes max.","robots":{"index":"index","follow":"follow","max-snippet":"max-snippet:-1","max-image-preview":"max-image-preview:large","max-video-preview":"max-video-preview:-1"},"canonical":"https:\/\/idonim-lingerie.fr\/en\/product\/le-maillot-de-bain-1-piece-7-juin-2025\/","og_locale":"en_GB","og_type":"article","og_title":"le maillot de bain 1 pi\u00e8ce - 7 juin 2025 - Idonim Lingerie","og_description":"Venez apprendre \u00e0 coudre un maillot de bain 1 pi\u00e8ce chez Idonim - 7h de cours en pr\u00e9sentiel en petit groupe de 4 personnes max.","og_url":"https:\/\/idonim-lingerie.fr\/en\/product\/le-maillot-de-bain-1-piece-7-juin-2025\/","og_site_name":"Idonim Lingerie","article_modified_time":"2025-04-12T19:56:22+00:00","twitter_card":"summary_large_image","twitter_misc":{"Estimated reading time":"1 minute"},"schema":{"@context":"https:\/\/schema.org","@graph":[{"@type":"WebPage","@id":"https:\/\/idonim-lingerie.fr\/produit\/le-maillot-de-bain-1-piece-7-juin-2025\/","url":"https:\/\/idonim-lingerie.fr\/produit\/le-maillot-de-bain-1-piece-7-juin-2025\/","name":"le maillot de bain 1 pi\u00e8ce - 7 juin 2025 - Idonim Lingerie","isPartOf":{"@id":"https:\/\/idonim-lingerie.fr\/#website"},"primaryImageOfPage":{"@id":"https:\/\/idonim-lingerie.fr\/produit\/le-maillot-de-bain-1-piece-7-juin-2025\/#primaryimage"},"image":{"@id":"https:\/\/idonim-lingerie.fr\/produit\/le-maillot-de-bain-1-piece-7-juin-2025\/#primaryimage"},"thumbnailUrl":"https:\/\/idonim-lingerie.fr\/wp-content\/uploads\/2025\/03\/cours-maillot-de-bain-1-pdf.jpg","datePublished":"2025-03-30T19:49:24+00:00","dateModified":"2025-04-12T19:56:22+00:00","description":"Venez apprendre \u00e0 coudre un maillot de bain 1 pi\u00e8ce chez Idonim - 7h de cours en pr\u00e9sentiel en petit groupe de 4 personnes max.","breadcrumb":{"@id":"https:\/\/idonim-lingerie.fr\/produit\/le-maillot-de-bain-1-piece-7-juin-2025\/#breadcrumb"},"inLanguage":"en-GB","potentialAction":[{"@type":"ReadAction","target":["https:\/\/idonim-lingerie.fr\/produit\/le-maillot-de-bain-1-piece-7-juin-2025\/"]}]},{"@type":"ImageObject","inLanguage":"en-GB","@id":"https:\/\/idonim-lingerie.fr\/produit\/le-maillot-de-bain-1-piece-7-juin-2025\/#primaryimage","url":"https:\/\/idonim-lingerie.fr\/wp-content\/uploads\/2025\/03\/cours-maillot-de-bain-1-pdf.jpg","contentUrl":"https:\/\/idonim-lingerie.fr\/wp-content\/uploads\/2025\/03\/cours-maillot-de-bain-1-pdf.jpg","caption":"cours maillot de bain"},{"@type":"BreadcrumbList","@id":"https:\/\/idonim-lingerie.fr\/produit\/le-maillot-de-bain-1-piece-7-juin-2025\/#breadcrumb","itemListElement":[{"@type":"ListItem","position":1,"name":"Accueil","item":"https:\/\/idonim-lingerie.fr\/en\/"},{"@type":"ListItem","position":2,"name":"Boutique","item":"https:\/\/idonim-lingerie.fr\/shop\/"},{"@type":"ListItem","position":3,"name":"le maillot de bain 1 pi\u00e8ce &#8211; 7 juin 2025"}]},{"@type":"WebSite","@id":"https:\/\/idonim-lingerie.fr\/#website","url":"https:\/\/idonim-lingerie.fr\/","name":"Idonim Lingerie","description":"Idonim offers a wide selection of fabrics, laces and accessories for your creations. Fast delivery. Educational workshops. Quality creation. Mixing Style and Comfort.","publisher":{"@id":"https:\/\/idonim-lingerie.fr\/#organization"},"potentialAction":[{"@type":"SearchAction","target":{"@type":"EntryPoint","urlTemplate":"https:\/\/idonim-lingerie.fr\/?s={search_term_string}"},"query-input":{"@type":"PropertyValueSpecification","valueRequired":true,"valueName":"search_term_string"}}],"inLanguage":"en-GB"},{"@type":"Organization","@id":"https:\/\/idonim-lingerie.fr\/#organization","name":"Idonim Lingerie","url":"https:\/\/idonim-lingerie.fr\/","logo":{"@type":"ImageObject","inLanguage":"en-GB","@id":"https:\/\/idonim-lingerie.fr\/#\/schema\/logo\/image\/","url":"https:\/\/idonim-lingerie.fr\/wp-content\/uploads\/2025\/12\/idonim_h28.webp","contentUrl":"https:\/\/idonim-lingerie.fr\/wp-content\/uploads\/2025\/12\/idonim_h28.webp","width":111,"height":28,"caption":"Idonim Lingerie"},"image":{"@id":"https:\/\/idonim-lingerie.fr\/#\/schema\/logo\/image\/"}}]}},"_links":{"self":[{"href":"https:\/\/idonim-lingerie.fr\/en\/wp-json\/wp\/v2\/product\/44067","targetHints":{"allow":["GET"]}}],"collection":[{"href":"https:\/\/idonim-lingerie.fr\/en\/wp-json\/wp\/v2\/product"}],"about":[{"href":"https:\/\/idonim-lingerie.fr\/en\/wp-json\/wp\/v2\/types\/product"}],"replies":[{"embeddable":true,"href":"https:\/\/idonim-lingerie.fr\/en\/wp-json\/wp\/v2\/comments?post=44067"}],"wp:featuredmedia":[{"embeddable":true,"href":"https:\/\/idonim-lingerie.fr\/en\/wp-json\/wp\/v2\/media\/44217"}],"wp:attachment":[{"href":"https:\/\/idonim-lingerie.fr\/en\/wp-json\/wp\/v2\/media?parent=44067"}],"wp:term":[{"taxonomy":"product_brand","embeddable":true,"href":"https:\/\/idonim-lingerie.fr\/en\/wp-json\/wp\/v2\/product_brand?post=44067"},{"taxonomy":"product_cat","embeddable":true,"href":"https:\/\/idonim-lingerie.fr\/en\/wp-json\/wp\/v2\/product_cat?post=44067"},{"taxonomy":"product_tag","embeddable":true,"href":"https:\/\/idonim-lingerie.fr\/en\/wp-json\/wp\/v2\/product_tag?post=44067"}],"curies":[{"name":"wp","href":"https:\/\/api.w.org\/{rel}","templated":true}]}}