{"id":44050,"date":"2025-03-30T15:14:44","date_gmt":"2025-03-30T13:14:44","guid":{"rendered":"https:\/\/idonim-lingerie.fr\/?post_type=product&#038;p=44050"},"modified":"2025-05-04T21:03:19","modified_gmt":"2025-05-04T19:03:19","slug":"cours-le-soutien-gorge","status":"publish","type":"product","link":"https:\/\/idonim-lingerie.fr\/en\/product\/cours-le-soutien-gorge\/","title":{"rendered":"the underwired bra - 29 and 30 May 2025"},"content":{"rendered":"<p>&nbsp;<\/p>\n<p>&nbsp;<\/p>\n<p>&nbsp;<\/p>","protected":false},"excerpt":{"rendered":"<p>Learn how to make one of the most technical pieces of lingerie: the underwired bra.<\/p>\n<p>You can choose from 2 patterns from our brand: LUCCIA or LILLY<\/p>\n<p>These models fit a wide range of body shapes and are available in different sizes.<\/p>\n<p>We'll help you build your project by selecting the right supplies: with or without foam, for example, ...<\/p>\n<p>You'll learn all about lingerie sewing techniques, such as assembling cups, fitting elastic bands, underwiring covers, etc.<\/p>\n<p>This workshop is ideal for experienced dressmakers who want to perfect their skills and take on the challenge of a refined, technical project.<\/p>\n<p>Sewing a bra requires precision and concentration. An intermediate to advanced level is required to take part in this course.<\/p>\n<p>&nbsp;<\/p>\n<p>The course lasts 2 days, i.e. 14 hours.<\/p>\n<p>&nbsp;<\/p>\n<p><strong>Sold individually<\/strong><\/p>\n<p>&nbsp;<\/p>","protected":false},"featured_media":44218,"comment_status":"closed","ping_status":"closed","template":"","meta":[],"product_brand":[],"product_cat":[15],"product_tag":[],"class_list":{"0":"post-44050","1":"product","2":"type-product","3":"status-publish","4":"has-post-thumbnail","6":"product_cat-autre","7":"product_shipping_class-outils","9":"first","10":"instock","11":"taxable","12":"shipping-taxable","13":"purchasable","14":"product-type-atelier"},"yoast_head":"<!-- This site is optimized with the Yoast SEO plugin v27.3 - https:\/\/yoast.com\/product\/yoast-seo-wordpress\/ -->\n<title>le soutien gorge \u00e0 armatures - 29 et 30 mai 2025 - Idonim Lingerie<\/title>\n<meta name=\"description\" content=\"Venez apprendre \u00e0 coudre un soutien gorge \u00e0 armatures avec Idonim - 14h de cours en pr\u00e9sentiel en petit groupe de 4 personnes max.\" \/>\n<meta name=\"robots\" content=\"index, follow, max-snippet:-1, max-image-preview:large, max-video-preview:-1\" \/>\n<link rel=\"canonical\" href=\"https:\/\/idonim-lingerie.fr\/en\/product\/cours-le-soutien-gorge\/\" \/>\n<meta property=\"og:locale\" content=\"en_GB\" \/>\n<meta property=\"og:type\" content=\"article\" \/>\n<meta property=\"og:title\" content=\"le soutien gorge \u00e0 armatures - 29 et 30 mai 2025 - Idonim Lingerie\" \/>\n<meta property=\"og:description\" content=\"Venez apprendre \u00e0 coudre un soutien gorge \u00e0 armatures avec Idonim - 14h de cours en pr\u00e9sentiel en petit groupe de 4 personnes max.\" \/>\n<meta property=\"og:url\" content=\"https:\/\/idonim-lingerie.fr\/en\/product\/cours-le-soutien-gorge\/\" \/>\n<meta property=\"og:site_name\" content=\"Idonim Lingerie\" \/>\n<meta property=\"article:modified_time\" content=\"2025-05-04T19:03:19+00:00\" \/>\n<meta name=\"twitter:card\" content=\"summary_large_image\" \/>\n<meta name=\"twitter:label1\" content=\"Estimated reading time\" \/>\n\t<meta name=\"twitter:data1\" content=\"1 minute\" \/>\n<script type=\"application\/ld+json\" class=\"yoast-schema-graph\">{\"@context\":\"https:\\\/\\\/schema.org\",\"@graph\":[{\"@type\":\"WebPage\",\"@id\":\"https:\\\/\\\/idonim-lingerie.fr\\\/produit\\\/cours-le-soutien-gorge\\\/\",\"url\":\"https:\\\/\\\/idonim-lingerie.fr\\\/produit\\\/cours-le-soutien-gorge\\\/\",\"name\":\"le soutien gorge \u00e0 armatures - 29 et 30 mai 2025 - Idonim Lingerie\",\"isPartOf\":{\"@id\":\"https:\\\/\\\/idonim-lingerie.fr\\\/#website\"},\"primaryImageOfPage\":{\"@id\":\"https:\\\/\\\/idonim-lingerie.fr\\\/produit\\\/cours-le-soutien-gorge\\\/#primaryimage\"},\"image\":{\"@id\":\"https:\\\/\\\/idonim-lingerie.fr\\\/produit\\\/cours-le-soutien-gorge\\\/#primaryimage\"},\"thumbnailUrl\":\"https:\\\/\\\/idonim-lingerie.fr\\\/wp-content\\\/uploads\\\/2025\\\/03\\\/cours-soutien-gorge-photo1-1-pdf.jpg\",\"datePublished\":\"2025-03-30T13:14:44+00:00\",\"dateModified\":\"2025-05-04T19:03:19+00:00\",\"description\":\"Venez apprendre \u00e0 coudre un soutien gorge \u00e0 armatures avec Idonim - 14h de cours en pr\u00e9sentiel en petit groupe de 4 personnes max.\",\"breadcrumb\":{\"@id\":\"https:\\\/\\\/idonim-lingerie.fr\\\/produit\\\/cours-le-soutien-gorge\\\/#breadcrumb\"},\"inLanguage\":\"en-GB\",\"potentialAction\":[{\"@type\":\"ReadAction\",\"target\":[\"https:\\\/\\\/idonim-lingerie.fr\\\/produit\\\/cours-le-soutien-gorge\\\/\"]}]},{\"@type\":\"ImageObject\",\"inLanguage\":\"en-GB\",\"@id\":\"https:\\\/\\\/idonim-lingerie.fr\\\/produit\\\/cours-le-soutien-gorge\\\/#primaryimage\",\"url\":\"https:\\\/\\\/idonim-lingerie.fr\\\/wp-content\\\/uploads\\\/2025\\\/03\\\/cours-soutien-gorge-photo1-1-pdf.jpg\",\"contentUrl\":\"https:\\\/\\\/idonim-lingerie.fr\\\/wp-content\\\/uploads\\\/2025\\\/03\\\/cours-soutien-gorge-photo1-1-pdf.jpg\",\"caption\":\"cours soutien gorge\"},{\"@type\":\"BreadcrumbList\",\"@id\":\"https:\\\/\\\/idonim-lingerie.fr\\\/produit\\\/cours-le-soutien-gorge\\\/#breadcrumb\",\"itemListElement\":[{\"@type\":\"ListItem\",\"position\":1,\"name\":\"Accueil\",\"item\":\"https:\\\/\\\/idonim-lingerie.fr\\\/en\\\/\"},{\"@type\":\"ListItem\",\"position\":2,\"name\":\"Boutique\",\"item\":\"https:\\\/\\\/idonim-lingerie.fr\\\/shop\\\/\"},{\"@type\":\"ListItem\",\"position\":3,\"name\":\"le soutien gorge \u00e0 armatures &#8211; 29 et 30 mai 2025\"}]},{\"@type\":\"WebSite\",\"@id\":\"https:\\\/\\\/idonim-lingerie.fr\\\/#website\",\"url\":\"https:\\\/\\\/idonim-lingerie.fr\\\/\",\"name\":\"Idonim Lingerie\",\"description\":\"Idonim offre une s\u00e9lection vari\u00e9e de tissus, dentelles et accessoires pour vos cr\u00e9ations. Livraison rapide. Ateliers P\u00e9dagogiques. Cr\u00e9ation De Qualit\u00e9. M\u00ealant Style Et Confort.\",\"publisher\":{\"@id\":\"https:\\\/\\\/idonim-lingerie.fr\\\/#organization\"},\"potentialAction\":[{\"@type\":\"SearchAction\",\"target\":{\"@type\":\"EntryPoint\",\"urlTemplate\":\"https:\\\/\\\/idonim-lingerie.fr\\\/?s={search_term_string}\"},\"query-input\":{\"@type\":\"PropertyValueSpecification\",\"valueRequired\":true,\"valueName\":\"search_term_string\"}}],\"inLanguage\":\"en-GB\"},{\"@type\":\"Organization\",\"@id\":\"https:\\\/\\\/idonim-lingerie.fr\\\/#organization\",\"name\":\"Idonim Lingerie\",\"url\":\"https:\\\/\\\/idonim-lingerie.fr\\\/\",\"logo\":{\"@type\":\"ImageObject\",\"inLanguage\":\"en-GB\",\"@id\":\"https:\\\/\\\/idonim-lingerie.fr\\\/#\\\/schema\\\/logo\\\/image\\\/\",\"url\":\"https:\\\/\\\/idonim-lingerie.fr\\\/wp-content\\\/uploads\\\/2025\\\/12\\\/idonim_h28.webp\",\"contentUrl\":\"https:\\\/\\\/idonim-lingerie.fr\\\/wp-content\\\/uploads\\\/2025\\\/12\\\/idonim_h28.webp\",\"width\":111,\"height\":28,\"caption\":\"Idonim Lingerie\"},\"image\":{\"@id\":\"https:\\\/\\\/idonim-lingerie.fr\\\/#\\\/schema\\\/logo\\\/image\\\/\"}}]}<\/script>\n<!-- \/ Yoast SEO plugin. -->","yoast_head_json":{"title":"le soutien gorge \u00e0 armatures - 29 et 30 mai 2025 - Idonim Lingerie","description":"Venez apprendre \u00e0 coudre un soutien gorge \u00e0 armatures avec Idonim - 14h de cours en pr\u00e9sentiel en petit groupe de 4 personnes max.","robots":{"index":"index","follow":"follow","max-snippet":"max-snippet:-1","max-image-preview":"max-image-preview:large","max-video-preview":"max-video-preview:-1"},"canonical":"https:\/\/idonim-lingerie.fr\/en\/product\/cours-le-soutien-gorge\/","og_locale":"en_GB","og_type":"article","og_title":"le soutien gorge \u00e0 armatures - 29 et 30 mai 2025 - Idonim Lingerie","og_description":"Venez apprendre \u00e0 coudre un soutien gorge \u00e0 armatures avec Idonim - 14h de cours en pr\u00e9sentiel en petit groupe de 4 personnes max.","og_url":"https:\/\/idonim-lingerie.fr\/en\/product\/cours-le-soutien-gorge\/","og_site_name":"Idonim Lingerie","article_modified_time":"2025-05-04T19:03:19+00:00","twitter_card":"summary_large_image","twitter_misc":{"Estimated reading time":"1 minute"},"schema":{"@context":"https:\/\/schema.org","@graph":[{"@type":"WebPage","@id":"https:\/\/idonim-lingerie.fr\/produit\/cours-le-soutien-gorge\/","url":"https:\/\/idonim-lingerie.fr\/produit\/cours-le-soutien-gorge\/","name":"le soutien gorge \u00e0 armatures - 29 et 30 mai 2025 - Idonim Lingerie","isPartOf":{"@id":"https:\/\/idonim-lingerie.fr\/#website"},"primaryImageOfPage":{"@id":"https:\/\/idonim-lingerie.fr\/produit\/cours-le-soutien-gorge\/#primaryimage"},"image":{"@id":"https:\/\/idonim-lingerie.fr\/produit\/cours-le-soutien-gorge\/#primaryimage"},"thumbnailUrl":"https:\/\/idonim-lingerie.fr\/wp-content\/uploads\/2025\/03\/cours-soutien-gorge-photo1-1-pdf.jpg","datePublished":"2025-03-30T13:14:44+00:00","dateModified":"2025-05-04T19:03:19+00:00","description":"Venez apprendre \u00e0 coudre un soutien gorge \u00e0 armatures avec Idonim - 14h de cours en pr\u00e9sentiel en petit groupe de 4 personnes max.","breadcrumb":{"@id":"https:\/\/idonim-lingerie.fr\/produit\/cours-le-soutien-gorge\/#breadcrumb"},"inLanguage":"en-GB","potentialAction":[{"@type":"ReadAction","target":["https:\/\/idonim-lingerie.fr\/produit\/cours-le-soutien-gorge\/"]}]},{"@type":"ImageObject","inLanguage":"en-GB","@id":"https:\/\/idonim-lingerie.fr\/produit\/cours-le-soutien-gorge\/#primaryimage","url":"https:\/\/idonim-lingerie.fr\/wp-content\/uploads\/2025\/03\/cours-soutien-gorge-photo1-1-pdf.jpg","contentUrl":"https:\/\/idonim-lingerie.fr\/wp-content\/uploads\/2025\/03\/cours-soutien-gorge-photo1-1-pdf.jpg","caption":"cours soutien gorge"},{"@type":"BreadcrumbList","@id":"https:\/\/idonim-lingerie.fr\/produit\/cours-le-soutien-gorge\/#breadcrumb","itemListElement":[{"@type":"ListItem","position":1,"name":"Accueil","item":"https:\/\/idonim-lingerie.fr\/en\/"},{"@type":"ListItem","position":2,"name":"Boutique","item":"https:\/\/idonim-lingerie.fr\/shop\/"},{"@type":"ListItem","position":3,"name":"le soutien gorge \u00e0 armatures &#8211; 29 et 30 mai 2025"}]},{"@type":"WebSite","@id":"https:\/\/idonim-lingerie.fr\/#website","url":"https:\/\/idonim-lingerie.fr\/","name":"Idonim Lingerie","description":"Idonim offers a wide selection of fabrics, laces and accessories for your creations. Fast delivery. Educational workshops. Quality creation. Mixing Style and Comfort.","publisher":{"@id":"https:\/\/idonim-lingerie.fr\/#organization"},"potentialAction":[{"@type":"SearchAction","target":{"@type":"EntryPoint","urlTemplate":"https:\/\/idonim-lingerie.fr\/?s={search_term_string}"},"query-input":{"@type":"PropertyValueSpecification","valueRequired":true,"valueName":"search_term_string"}}],"inLanguage":"en-GB"},{"@type":"Organization","@id":"https:\/\/idonim-lingerie.fr\/#organization","name":"Idonim Lingerie","url":"https:\/\/idonim-lingerie.fr\/","logo":{"@type":"ImageObject","inLanguage":"en-GB","@id":"https:\/\/idonim-lingerie.fr\/#\/schema\/logo\/image\/","url":"https:\/\/idonim-lingerie.fr\/wp-content\/uploads\/2025\/12\/idonim_h28.webp","contentUrl":"https:\/\/idonim-lingerie.fr\/wp-content\/uploads\/2025\/12\/idonim_h28.webp","width":111,"height":28,"caption":"Idonim Lingerie"},"image":{"@id":"https:\/\/idonim-lingerie.fr\/#\/schema\/logo\/image\/"}}]}},"_links":{"self":[{"href":"https:\/\/idonim-lingerie.fr\/en\/wp-json\/wp\/v2\/product\/44050","targetHints":{"allow":["GET"]}}],"collection":[{"href":"https:\/\/idonim-lingerie.fr\/en\/wp-json\/wp\/v2\/product"}],"about":[{"href":"https:\/\/idonim-lingerie.fr\/en\/wp-json\/wp\/v2\/types\/product"}],"replies":[{"embeddable":true,"href":"https:\/\/idonim-lingerie.fr\/en\/wp-json\/wp\/v2\/comments?post=44050"}],"wp:featuredmedia":[{"embeddable":true,"href":"https:\/\/idonim-lingerie.fr\/en\/wp-json\/wp\/v2\/media\/44218"}],"wp:attachment":[{"href":"https:\/\/idonim-lingerie.fr\/en\/wp-json\/wp\/v2\/media?parent=44050"}],"wp:term":[{"taxonomy":"product_brand","embeddable":true,"href":"https:\/\/idonim-lingerie.fr\/en\/wp-json\/wp\/v2\/product_brand?post=44050"},{"taxonomy":"product_cat","embeddable":true,"href":"https:\/\/idonim-lingerie.fr\/en\/wp-json\/wp\/v2\/product_cat?post=44050"},{"taxonomy":"product_tag","embeddable":true,"href":"https:\/\/idonim-lingerie.fr\/en\/wp-json\/wp\/v2\/product_tag?post=44050"}],"curies":[{"name":"wp","href":"https:\/\/api.w.org\/{rel}","templated":true}]}}