{"id":43849,"date":"2025-03-10T22:33:46","date_gmt":"2025-03-10T21:33:46","guid":{"rendered":"https:\/\/idonim-lingerie.fr\/?post_type=product&#038;p=43849"},"modified":"2026-02-25T10:17:20","modified_gmt":"2026-02-25T09:17:20","slug":"cache-armature-105mm-beige-fonce","status":"publish","type":"product","link":"https:\/\/idonim-lingerie.fr\/en\/product\/cache-armature-105mm-beige-fonce\/","title":{"rendered":"Armature cover 10.5mm - dark beige"},"content":{"rendered":"<p><span style=\"color: #b68457;\"><strong>Composition:<\/strong><\/span><\/p>\n<p>polyamide<\/p>\n<p>Origin : CN<\/p>\n<p><span style=\"color: #b68457;\"><strong>Advice :<\/strong><\/span><\/p>","protected":false},"excerpt":{"rendered":"<p>10.5mm wide woven frame cover.<\/p>\n<p>Very flexible and strong. It is easy to bend.<\/p>\n<p>I recommend this type of underwire cover for your bras and swimwear.<\/p>\n<p>Colour: dark beige<\/p>\n<p><strong>Sold by the metre<\/strong><\/p>","protected":false},"featured_media":43850,"comment_status":"closed","ping_status":"closed","template":"","meta":[],"product_brand":[],"product_cat":[673,179],"product_tag":[],"class_list":{"0":"post-43849","1":"product","2":"type-product","3":"status-publish","4":"has-post-thumbnail","6":"product_cat-cache-armature-tisse","7":"product_cat-cache-armatures","8":"product_shipping_class-tissus-leges","10":"first","11":"instock","12":"taxable","13":"shipping-taxable","14":"purchasable","15":"product-type-simple"},"yoast_head":"<!-- This site is optimized with the Yoast SEO plugin v27.3 - https:\/\/yoast.com\/product\/yoast-seo-wordpress\/ -->\n<title>Cache armature 10,5mm - beige fonc\u00e9 - Idonim Lingerie<\/title>\n<meta name=\"description\" content=\"Cache armature tiss\u00e9 de largeur 10,5mm. Tr\u00e8s souple, r\u00e9sistant et facile \u00e0 courber. Pr\u00e9conis\u00e9 pour la r\u00e9alisation de vos soutien gorges et maillots.\" \/>\n<meta name=\"robots\" content=\"index, follow, max-snippet:-1, max-image-preview:large, max-video-preview:-1\" \/>\n<link rel=\"canonical\" href=\"https:\/\/idonim-lingerie.fr\/en\/product\/cache-armature-105mm-beige-fonce\/\" \/>\n<meta property=\"og:locale\" content=\"en_GB\" \/>\n<meta property=\"og:type\" content=\"article\" \/>\n<meta property=\"og:title\" content=\"Cache armature 10,5mm - beige fonc\u00e9 - Idonim Lingerie\" \/>\n<meta property=\"og:description\" content=\"Cache armature tiss\u00e9 de largeur 10,5mm. Tr\u00e8s souple, r\u00e9sistant et facile \u00e0 courber. Pr\u00e9conis\u00e9 pour la r\u00e9alisation de vos soutien gorges et maillots.\" \/>\n<meta property=\"og:url\" content=\"https:\/\/idonim-lingerie.fr\/en\/product\/cache-armature-105mm-beige-fonce\/\" \/>\n<meta property=\"og:site_name\" content=\"Idonim Lingerie\" \/>\n<meta property=\"article:modified_time\" content=\"2026-02-25T09:17:20+00:00\" \/>\n<meta property=\"og:image\" content=\"https:\/\/idonim-lingerie.fr\/wp-content\/uploads\/2025\/03\/cache-armature-beige.jpg\" \/>\n\t<meta property=\"og:image:width\" content=\"640\" \/>\n\t<meta property=\"og:image:height\" content=\"640\" \/>\n\t<meta property=\"og:image:type\" content=\"image\/jpeg\" \/>\n<meta name=\"twitter:card\" content=\"summary_large_image\" \/>\n<meta name=\"twitter:label1\" content=\"Estimated reading time\" \/>\n\t<meta name=\"twitter:data1\" content=\"1 minute\" \/>\n<script type=\"application\/ld+json\" class=\"yoast-schema-graph\">{\"@context\":\"https:\\\/\\\/schema.org\",\"@graph\":[{\"@type\":\"WebPage\",\"@id\":\"https:\\\/\\\/idonim-lingerie.fr\\\/produit\\\/cache-armature-105mm-beige-fonce\\\/\",\"url\":\"https:\\\/\\\/idonim-lingerie.fr\\\/produit\\\/cache-armature-105mm-beige-fonce\\\/\",\"name\":\"Cache armature 10,5mm - beige fonc\u00e9 - Idonim Lingerie\",\"isPartOf\":{\"@id\":\"https:\\\/\\\/idonim-lingerie.fr\\\/#website\"},\"primaryImageOfPage\":{\"@id\":\"https:\\\/\\\/idonim-lingerie.fr\\\/produit\\\/cache-armature-105mm-beige-fonce\\\/#primaryimage\"},\"image\":{\"@id\":\"https:\\\/\\\/idonim-lingerie.fr\\\/produit\\\/cache-armature-105mm-beige-fonce\\\/#primaryimage\"},\"thumbnailUrl\":\"https:\\\/\\\/idonim-lingerie.fr\\\/wp-content\\\/uploads\\\/2025\\\/03\\\/cache-armature-beige.jpg\",\"datePublished\":\"2025-03-10T21:33:46+00:00\",\"dateModified\":\"2026-02-25T09:17:20+00:00\",\"description\":\"Cache armature tiss\u00e9 de largeur 10,5mm. Tr\u00e8s souple, r\u00e9sistant et facile \u00e0 courber. Pr\u00e9conis\u00e9 pour la r\u00e9alisation de vos soutien gorges et maillots.\",\"breadcrumb\":{\"@id\":\"https:\\\/\\\/idonim-lingerie.fr\\\/produit\\\/cache-armature-105mm-beige-fonce\\\/#breadcrumb\"},\"inLanguage\":\"en-GB\",\"potentialAction\":[{\"@type\":\"ReadAction\",\"target\":[\"https:\\\/\\\/idonim-lingerie.fr\\\/produit\\\/cache-armature-105mm-beige-fonce\\\/\"]}]},{\"@type\":\"ImageObject\",\"inLanguage\":\"en-GB\",\"@id\":\"https:\\\/\\\/idonim-lingerie.fr\\\/produit\\\/cache-armature-105mm-beige-fonce\\\/#primaryimage\",\"url\":\"https:\\\/\\\/idonim-lingerie.fr\\\/wp-content\\\/uploads\\\/2025\\\/03\\\/cache-armature-beige.jpg\",\"contentUrl\":\"https:\\\/\\\/idonim-lingerie.fr\\\/wp-content\\\/uploads\\\/2025\\\/03\\\/cache-armature-beige.jpg\",\"width\":640,\"height\":640,\"caption\":\"cache armature beige\"},{\"@type\":\"BreadcrumbList\",\"@id\":\"https:\\\/\\\/idonim-lingerie.fr\\\/produit\\\/cache-armature-105mm-beige-fonce\\\/#breadcrumb\",\"itemListElement\":[{\"@type\":\"ListItem\",\"position\":1,\"name\":\"Accueil\",\"item\":\"https:\\\/\\\/idonim-lingerie.fr\\\/en\\\/\"},{\"@type\":\"ListItem\",\"position\":2,\"name\":\"Boutique\",\"item\":\"https:\\\/\\\/idonim-lingerie.fr\\\/shop\\\/\"},{\"@type\":\"ListItem\",\"position\":3,\"name\":\"Cache armature 10,5mm &#8211; beige fonc\u00e9\"}]},{\"@type\":\"WebSite\",\"@id\":\"https:\\\/\\\/idonim-lingerie.fr\\\/#website\",\"url\":\"https:\\\/\\\/idonim-lingerie.fr\\\/\",\"name\":\"Idonim Lingerie\",\"description\":\"Idonim offre une s\u00e9lection vari\u00e9e de tissus, dentelles et accessoires pour vos cr\u00e9ations. Livraison rapide. Ateliers P\u00e9dagogiques. Cr\u00e9ation De Qualit\u00e9. M\u00ealant Style Et Confort.\",\"publisher\":{\"@id\":\"https:\\\/\\\/idonim-lingerie.fr\\\/#organization\"},\"potentialAction\":[{\"@type\":\"SearchAction\",\"target\":{\"@type\":\"EntryPoint\",\"urlTemplate\":\"https:\\\/\\\/idonim-lingerie.fr\\\/?s={search_term_string}\"},\"query-input\":{\"@type\":\"PropertyValueSpecification\",\"valueRequired\":true,\"valueName\":\"search_term_string\"}}],\"inLanguage\":\"en-GB\"},{\"@type\":\"Organization\",\"@id\":\"https:\\\/\\\/idonim-lingerie.fr\\\/#organization\",\"name\":\"Idonim Lingerie\",\"url\":\"https:\\\/\\\/idonim-lingerie.fr\\\/\",\"logo\":{\"@type\":\"ImageObject\",\"inLanguage\":\"en-GB\",\"@id\":\"https:\\\/\\\/idonim-lingerie.fr\\\/#\\\/schema\\\/logo\\\/image\\\/\",\"url\":\"https:\\\/\\\/idonim-lingerie.fr\\\/wp-content\\\/uploads\\\/2025\\\/12\\\/idonim_h28.webp\",\"contentUrl\":\"https:\\\/\\\/idonim-lingerie.fr\\\/wp-content\\\/uploads\\\/2025\\\/12\\\/idonim_h28.webp\",\"width\":111,\"height\":28,\"caption\":\"Idonim Lingerie\"},\"image\":{\"@id\":\"https:\\\/\\\/idonim-lingerie.fr\\\/#\\\/schema\\\/logo\\\/image\\\/\"}}]}<\/script>\n<!-- \/ Yoast SEO plugin. -->","yoast_head_json":{"title":"Cache armature 10,5mm - beige fonc\u00e9 - Idonim Lingerie","description":"10.5mm wide woven frame cover. Very flexible, strong and easy to bend. Ideal for bras and swimwear.","robots":{"index":"index","follow":"follow","max-snippet":"max-snippet:-1","max-image-preview":"max-image-preview:large","max-video-preview":"max-video-preview:-1"},"canonical":"https:\/\/idonim-lingerie.fr\/en\/product\/cache-armature-105mm-beige-fonce\/","og_locale":"en_GB","og_type":"article","og_title":"Cache armature 10,5mm - beige fonc\u00e9 - Idonim Lingerie","og_description":"Cache armature tiss\u00e9 de largeur 10,5mm. Tr\u00e8s souple, r\u00e9sistant et facile \u00e0 courber. Pr\u00e9conis\u00e9 pour la r\u00e9alisation de vos soutien gorges et maillots.","og_url":"https:\/\/idonim-lingerie.fr\/en\/product\/cache-armature-105mm-beige-fonce\/","og_site_name":"Idonim Lingerie","article_modified_time":"2026-02-25T09:17:20+00:00","og_image":[{"width":640,"height":640,"url":"https:\/\/idonim-lingerie.fr\/wp-content\/uploads\/2025\/03\/cache-armature-beige.jpg","type":"image\/jpeg"}],"twitter_card":"summary_large_image","twitter_misc":{"Estimated reading time":"1 minute"},"schema":{"@context":"https:\/\/schema.org","@graph":[{"@type":"WebPage","@id":"https:\/\/idonim-lingerie.fr\/produit\/cache-armature-105mm-beige-fonce\/","url":"https:\/\/idonim-lingerie.fr\/produit\/cache-armature-105mm-beige-fonce\/","name":"Cache armature 10,5mm - beige fonc\u00e9 - Idonim Lingerie","isPartOf":{"@id":"https:\/\/idonim-lingerie.fr\/#website"},"primaryImageOfPage":{"@id":"https:\/\/idonim-lingerie.fr\/produit\/cache-armature-105mm-beige-fonce\/#primaryimage"},"image":{"@id":"https:\/\/idonim-lingerie.fr\/produit\/cache-armature-105mm-beige-fonce\/#primaryimage"},"thumbnailUrl":"https:\/\/idonim-lingerie.fr\/wp-content\/uploads\/2025\/03\/cache-armature-beige.jpg","datePublished":"2025-03-10T21:33:46+00:00","dateModified":"2026-02-25T09:17:20+00:00","description":"10.5mm wide woven frame cover. Very flexible, strong and easy to bend. Ideal for bras and swimwear.","breadcrumb":{"@id":"https:\/\/idonim-lingerie.fr\/produit\/cache-armature-105mm-beige-fonce\/#breadcrumb"},"inLanguage":"en-GB","potentialAction":[{"@type":"ReadAction","target":["https:\/\/idonim-lingerie.fr\/produit\/cache-armature-105mm-beige-fonce\/"]}]},{"@type":"ImageObject","inLanguage":"en-GB","@id":"https:\/\/idonim-lingerie.fr\/produit\/cache-armature-105mm-beige-fonce\/#primaryimage","url":"https:\/\/idonim-lingerie.fr\/wp-content\/uploads\/2025\/03\/cache-armature-beige.jpg","contentUrl":"https:\/\/idonim-lingerie.fr\/wp-content\/uploads\/2025\/03\/cache-armature-beige.jpg","width":640,"height":640,"caption":"cache armature beige"},{"@type":"BreadcrumbList","@id":"https:\/\/idonim-lingerie.fr\/produit\/cache-armature-105mm-beige-fonce\/#breadcrumb","itemListElement":[{"@type":"ListItem","position":1,"name":"Accueil","item":"https:\/\/idonim-lingerie.fr\/en\/"},{"@type":"ListItem","position":2,"name":"Boutique","item":"https:\/\/idonim-lingerie.fr\/shop\/"},{"@type":"ListItem","position":3,"name":"Cache armature 10,5mm &#8211; beige fonc\u00e9"}]},{"@type":"WebSite","@id":"https:\/\/idonim-lingerie.fr\/#website","url":"https:\/\/idonim-lingerie.fr\/","name":"Idonim Lingerie","description":"Idonim offers a wide selection of fabrics, laces and accessories for your creations. Fast delivery. Educational workshops. Quality creation. Mixing Style and Comfort.","publisher":{"@id":"https:\/\/idonim-lingerie.fr\/#organization"},"potentialAction":[{"@type":"SearchAction","target":{"@type":"EntryPoint","urlTemplate":"https:\/\/idonim-lingerie.fr\/?s={search_term_string}"},"query-input":{"@type":"PropertyValueSpecification","valueRequired":true,"valueName":"search_term_string"}}],"inLanguage":"en-GB"},{"@type":"Organization","@id":"https:\/\/idonim-lingerie.fr\/#organization","name":"Idonim Lingerie","url":"https:\/\/idonim-lingerie.fr\/","logo":{"@type":"ImageObject","inLanguage":"en-GB","@id":"https:\/\/idonim-lingerie.fr\/#\/schema\/logo\/image\/","url":"https:\/\/idonim-lingerie.fr\/wp-content\/uploads\/2025\/12\/idonim_h28.webp","contentUrl":"https:\/\/idonim-lingerie.fr\/wp-content\/uploads\/2025\/12\/idonim_h28.webp","width":111,"height":28,"caption":"Idonim Lingerie"},"image":{"@id":"https:\/\/idonim-lingerie.fr\/#\/schema\/logo\/image\/"}}]}},"_links":{"self":[{"href":"https:\/\/idonim-lingerie.fr\/en\/wp-json\/wp\/v2\/product\/43849","targetHints":{"allow":["GET"]}}],"collection":[{"href":"https:\/\/idonim-lingerie.fr\/en\/wp-json\/wp\/v2\/product"}],"about":[{"href":"https:\/\/idonim-lingerie.fr\/en\/wp-json\/wp\/v2\/types\/product"}],"replies":[{"embeddable":true,"href":"https:\/\/idonim-lingerie.fr\/en\/wp-json\/wp\/v2\/comments?post=43849"}],"wp:featuredmedia":[{"embeddable":true,"href":"https:\/\/idonim-lingerie.fr\/en\/wp-json\/wp\/v2\/media\/43850"}],"wp:attachment":[{"href":"https:\/\/idonim-lingerie.fr\/en\/wp-json\/wp\/v2\/media?parent=43849"}],"wp:term":[{"taxonomy":"product_brand","embeddable":true,"href":"https:\/\/idonim-lingerie.fr\/en\/wp-json\/wp\/v2\/product_brand?post=43849"},{"taxonomy":"product_cat","embeddable":true,"href":"https:\/\/idonim-lingerie.fr\/en\/wp-json\/wp\/v2\/product_cat?post=43849"},{"taxonomy":"product_tag","embeddable":true,"href":"https:\/\/idonim-lingerie.fr\/en\/wp-json\/wp\/v2\/product_tag?post=43849"}],"curies":[{"name":"wp","href":"https:\/\/api.w.org\/{rel}","templated":true}]}}