{"id":43231,"date":"2025-02-11T13:29:43","date_gmt":"2025-02-11T12:29:43","guid":{"rendered":"https:\/\/idonim-lingerie.fr\/?post_type=product&#038;p=43231"},"modified":"2026-03-30T14:26:44","modified_gmt":"2026-03-30T12:26:44","slug":"kit-culotte-slip-en-jersey-de-coton-motif-colore-vert","status":"publish","type":"product","link":"https:\/\/idonim-lingerie.fr\/en\/product\/kit-culotte-slip-en-jersey-de-coton-motif-colore-vert\/","title":{"rendered":"Cotton jersey knickers and briefs kit - colourful green and blue pattern"},"content":{"rendered":"<p>One kit contains:<\/p>\n<p>&#8211; 35x150cm de tissu extensible de type jersey de coton 150g\/m2 &#8211; 95%CO \/5%EA<\/p>\n<p>- 20x20cm of matching cotton jersey for the bottom of the panties<\/p>\n<p>- 3m of elastic with assorted pimples<\/p>\n<p>- 1 node<\/p>\n<p><span style=\"color: #b68457;\"><strong>Composition of the fabric for the panties :<\/strong><\/span><\/p>\n<p>CO \/ EA<\/p>\n<p>Width: 150cm<\/p>\n<p>Elasticity in both directions FR (4 directions US)<\/p>\n<p>Origin : FR<\/p>\n<p><span style=\"color: #b68457;\"><strong>Advice :<\/strong><\/span><\/p>\n<p>- Use of stretch needles is highly recommended<\/p>\n<p>- Wash at 40\u00b0C max.<\/p>","protected":false},"excerpt":{"rendered":"<p>Ideal kit for making panties or briefs.<\/p>\n<p>Beautiful floral motif, very feminine.<\/p>\n<p>The cotton jersey makes it easy to sew the knickers; if you're a beginner, we recommend using this kit for your first project.<\/p>\n<p>The kit contains enough fabric and supplies for any size and type of panty you wish to make.<\/p>\n<p>The fabric is also sold by the metre<\/p>\n<p>&nbsp;<\/p>\n<p>Colour: green and blue<\/p>\n<p>&nbsp;<\/p>\n<p>This kit is adapted to the First knickers sewing pattern which you can find on the site in a downloadable version or in a pocket.<\/p>\n<p>&nbsp;<\/p>\n<p><strong>Sold individually<\/strong><\/p>","protected":false},"featured_media":45773,"comment_status":"closed","ping_status":"closed","template":"","meta":[],"product_brand":[],"product_cat":[203,184,710],"product_tag":[],"class_list":{"0":"post-43231","1":"product","2":"type-product","3":"status-publish","4":"has-post-thumbnail","6":"product_cat-kit-culotte-slip","7":"product_cat-kits","8":"product_cat-kits-speciales-debutantes","9":"product_shipping_class-tissus-lycra","11":"first","12":"instock","13":"taxable","14":"shipping-taxable","15":"purchasable","16":"product-type-simple"},"yoast_head":"<!-- This site is optimized with the Yoast SEO plugin v27.3 - https:\/\/yoast.com\/product\/yoast-seo-wordpress\/ -->\n<title>Kit culotte \/ slip en jersey de coton - motif color\u00e9 vert et bleu - Idonim Lingerie<\/title>\n<meta name=\"description\" content=\"Kit couture lingerie pour r\u00e9aliser une culotte ou slip en jersey de coton imprim\u00e9. Facile \u00e0 utiliser il contient toutes les fournitures pour commencer.\" \/>\n<meta name=\"robots\" content=\"index, follow, max-snippet:-1, max-image-preview:large, max-video-preview:-1\" \/>\n<link rel=\"canonical\" href=\"https:\/\/idonim-lingerie.fr\/en\/product\/kit-culotte-slip-en-jersey-de-coton-motif-colore-vert\/\" \/>\n<meta property=\"og:locale\" content=\"en_GB\" \/>\n<meta property=\"og:type\" content=\"article\" \/>\n<meta property=\"og:title\" content=\"Kit culotte \/ slip en jersey de coton - motif color\u00e9 vert et bleu - Idonim Lingerie\" \/>\n<meta property=\"og:description\" content=\"Kit couture lingerie pour r\u00e9aliser une culotte ou slip en jersey de coton imprim\u00e9. Facile \u00e0 utiliser il contient toutes les fournitures pour commencer.\" \/>\n<meta property=\"og:url\" content=\"https:\/\/idonim-lingerie.fr\/en\/product\/kit-culotte-slip-en-jersey-de-coton-motif-colore-vert\/\" \/>\n<meta property=\"og:site_name\" content=\"Idonim Lingerie\" \/>\n<meta property=\"article:modified_time\" content=\"2026-03-30T12:26:44+00:00\" \/>\n<meta property=\"og:image\" content=\"https:\/\/idonim-lingerie.fr\/wp-content\/uploads\/2025\/02\/kit-culotte-jersey-colore-1.jpg\" \/>\n\t<meta property=\"og:image:width\" content=\"640\" \/>\n\t<meta property=\"og:image:height\" content=\"640\" \/>\n\t<meta property=\"og:image:type\" content=\"image\/jpeg\" \/>\n<meta name=\"twitter:card\" content=\"summary_large_image\" \/>\n<meta name=\"twitter:label1\" content=\"Estimated reading time\" \/>\n\t<meta name=\"twitter:data1\" content=\"1 minute\" \/>\n<script type=\"application\/ld+json\" class=\"yoast-schema-graph\">{\"@context\":\"https:\\\/\\\/schema.org\",\"@graph\":[{\"@type\":\"WebPage\",\"@id\":\"https:\\\/\\\/idonim-lingerie.fr\\\/produit\\\/kit-culotte-slip-en-jersey-de-coton-motif-colore-vert\\\/\",\"url\":\"https:\\\/\\\/idonim-lingerie.fr\\\/produit\\\/kit-culotte-slip-en-jersey-de-coton-motif-colore-vert\\\/\",\"name\":\"Kit culotte \\\/ slip en jersey de coton - motif color\u00e9 vert et bleu - Idonim Lingerie\",\"isPartOf\":{\"@id\":\"https:\\\/\\\/idonim-lingerie.fr\\\/#website\"},\"primaryImageOfPage\":{\"@id\":\"https:\\\/\\\/idonim-lingerie.fr\\\/produit\\\/kit-culotte-slip-en-jersey-de-coton-motif-colore-vert\\\/#primaryimage\"},\"image\":{\"@id\":\"https:\\\/\\\/idonim-lingerie.fr\\\/produit\\\/kit-culotte-slip-en-jersey-de-coton-motif-colore-vert\\\/#primaryimage\"},\"thumbnailUrl\":\"https:\\\/\\\/idonim-lingerie.fr\\\/wp-content\\\/uploads\\\/2025\\\/02\\\/kit-culotte-jersey-colore-1.jpg\",\"datePublished\":\"2025-02-11T12:29:43+00:00\",\"dateModified\":\"2026-03-30T12:26:44+00:00\",\"description\":\"Kit couture lingerie pour r\u00e9aliser une culotte ou slip en jersey de coton imprim\u00e9. Facile \u00e0 utiliser il contient toutes les fournitures pour commencer.\",\"breadcrumb\":{\"@id\":\"https:\\\/\\\/idonim-lingerie.fr\\\/produit\\\/kit-culotte-slip-en-jersey-de-coton-motif-colore-vert\\\/#breadcrumb\"},\"inLanguage\":\"en-GB\",\"potentialAction\":[{\"@type\":\"ReadAction\",\"target\":[\"https:\\\/\\\/idonim-lingerie.fr\\\/produit\\\/kit-culotte-slip-en-jersey-de-coton-motif-colore-vert\\\/\"]}]},{\"@type\":\"ImageObject\",\"inLanguage\":\"en-GB\",\"@id\":\"https:\\\/\\\/idonim-lingerie.fr\\\/produit\\\/kit-culotte-slip-en-jersey-de-coton-motif-colore-vert\\\/#primaryimage\",\"url\":\"https:\\\/\\\/idonim-lingerie.fr\\\/wp-content\\\/uploads\\\/2025\\\/02\\\/kit-culotte-jersey-colore-1.jpg\",\"contentUrl\":\"https:\\\/\\\/idonim-lingerie.fr\\\/wp-content\\\/uploads\\\/2025\\\/02\\\/kit-culotte-jersey-colore-1.jpg\",\"width\":640,\"height\":640,\"caption\":\"kit culotte jersey color\u00e9\"},{\"@type\":\"BreadcrumbList\",\"@id\":\"https:\\\/\\\/idonim-lingerie.fr\\\/produit\\\/kit-culotte-slip-en-jersey-de-coton-motif-colore-vert\\\/#breadcrumb\",\"itemListElement\":[{\"@type\":\"ListItem\",\"position\":1,\"name\":\"Accueil\",\"item\":\"https:\\\/\\\/idonim-lingerie.fr\\\/en\\\/\"},{\"@type\":\"ListItem\",\"position\":2,\"name\":\"Boutique\",\"item\":\"https:\\\/\\\/idonim-lingerie.fr\\\/shop\\\/\"},{\"@type\":\"ListItem\",\"position\":3,\"name\":\"Kit culotte \\\/ slip en jersey de coton &#8211; motif color\u00e9 vert et bleu\"}]},{\"@type\":\"WebSite\",\"@id\":\"https:\\\/\\\/idonim-lingerie.fr\\\/#website\",\"url\":\"https:\\\/\\\/idonim-lingerie.fr\\\/\",\"name\":\"Idonim Lingerie\",\"description\":\"Idonim offre une s\u00e9lection vari\u00e9e de tissus, dentelles et accessoires pour vos cr\u00e9ations. Livraison rapide. Ateliers P\u00e9dagogiques. Cr\u00e9ation De Qualit\u00e9. M\u00ealant Style Et Confort.\",\"publisher\":{\"@id\":\"https:\\\/\\\/idonim-lingerie.fr\\\/#organization\"},\"potentialAction\":[{\"@type\":\"SearchAction\",\"target\":{\"@type\":\"EntryPoint\",\"urlTemplate\":\"https:\\\/\\\/idonim-lingerie.fr\\\/?s={search_term_string}\"},\"query-input\":{\"@type\":\"PropertyValueSpecification\",\"valueRequired\":true,\"valueName\":\"search_term_string\"}}],\"inLanguage\":\"en-GB\"},{\"@type\":\"Organization\",\"@id\":\"https:\\\/\\\/idonim-lingerie.fr\\\/#organization\",\"name\":\"Idonim Lingerie\",\"url\":\"https:\\\/\\\/idonim-lingerie.fr\\\/\",\"logo\":{\"@type\":\"ImageObject\",\"inLanguage\":\"en-GB\",\"@id\":\"https:\\\/\\\/idonim-lingerie.fr\\\/#\\\/schema\\\/logo\\\/image\\\/\",\"url\":\"https:\\\/\\\/idonim-lingerie.fr\\\/wp-content\\\/uploads\\\/2025\\\/12\\\/idonim_h28.webp\",\"contentUrl\":\"https:\\\/\\\/idonim-lingerie.fr\\\/wp-content\\\/uploads\\\/2025\\\/12\\\/idonim_h28.webp\",\"width\":111,\"height\":28,\"caption\":\"Idonim Lingerie\"},\"image\":{\"@id\":\"https:\\\/\\\/idonim-lingerie.fr\\\/#\\\/schema\\\/logo\\\/image\\\/\"}}]}<\/script>\n<!-- \/ Yoast SEO plugin. -->","yoast_head_json":{"title":"Kit culotte \/ slip en jersey de coton - motif color\u00e9 vert et bleu - Idonim Lingerie","description":"Kit couture lingerie pour r\u00e9aliser une culotte ou slip en jersey de coton imprim\u00e9. Facile \u00e0 utiliser il contient toutes les fournitures pour commencer.","robots":{"index":"index","follow":"follow","max-snippet":"max-snippet:-1","max-image-preview":"max-image-preview:large","max-video-preview":"max-video-preview:-1"},"canonical":"https:\/\/idonim-lingerie.fr\/en\/product\/kit-culotte-slip-en-jersey-de-coton-motif-colore-vert\/","og_locale":"en_GB","og_type":"article","og_title":"Kit culotte \/ slip en jersey de coton - motif color\u00e9 vert et bleu - Idonim Lingerie","og_description":"Kit couture lingerie pour r\u00e9aliser une culotte ou slip en jersey de coton imprim\u00e9. Facile \u00e0 utiliser il contient toutes les fournitures pour commencer.","og_url":"https:\/\/idonim-lingerie.fr\/en\/product\/kit-culotte-slip-en-jersey-de-coton-motif-colore-vert\/","og_site_name":"Idonim Lingerie","article_modified_time":"2026-03-30T12:26:44+00:00","og_image":[{"width":640,"height":640,"url":"https:\/\/idonim-lingerie.fr\/wp-content\/uploads\/2025\/02\/kit-culotte-jersey-colore-1.jpg","type":"image\/jpeg"}],"twitter_card":"summary_large_image","twitter_misc":{"Estimated reading time":"1 minute"},"schema":{"@context":"https:\/\/schema.org","@graph":[{"@type":"WebPage","@id":"https:\/\/idonim-lingerie.fr\/produit\/kit-culotte-slip-en-jersey-de-coton-motif-colore-vert\/","url":"https:\/\/idonim-lingerie.fr\/produit\/kit-culotte-slip-en-jersey-de-coton-motif-colore-vert\/","name":"Kit culotte \/ slip en jersey de coton - motif color\u00e9 vert et bleu - Idonim Lingerie","isPartOf":{"@id":"https:\/\/idonim-lingerie.fr\/#website"},"primaryImageOfPage":{"@id":"https:\/\/idonim-lingerie.fr\/produit\/kit-culotte-slip-en-jersey-de-coton-motif-colore-vert\/#primaryimage"},"image":{"@id":"https:\/\/idonim-lingerie.fr\/produit\/kit-culotte-slip-en-jersey-de-coton-motif-colore-vert\/#primaryimage"},"thumbnailUrl":"https:\/\/idonim-lingerie.fr\/wp-content\/uploads\/2025\/02\/kit-culotte-jersey-colore-1.jpg","datePublished":"2025-02-11T12:29:43+00:00","dateModified":"2026-03-30T12:26:44+00:00","description":"Kit couture lingerie pour r\u00e9aliser une culotte ou slip en jersey de coton imprim\u00e9. Facile \u00e0 utiliser il contient toutes les fournitures pour commencer.","breadcrumb":{"@id":"https:\/\/idonim-lingerie.fr\/produit\/kit-culotte-slip-en-jersey-de-coton-motif-colore-vert\/#breadcrumb"},"inLanguage":"en-GB","potentialAction":[{"@type":"ReadAction","target":["https:\/\/idonim-lingerie.fr\/produit\/kit-culotte-slip-en-jersey-de-coton-motif-colore-vert\/"]}]},{"@type":"ImageObject","inLanguage":"en-GB","@id":"https:\/\/idonim-lingerie.fr\/produit\/kit-culotte-slip-en-jersey-de-coton-motif-colore-vert\/#primaryimage","url":"https:\/\/idonim-lingerie.fr\/wp-content\/uploads\/2025\/02\/kit-culotte-jersey-colore-1.jpg","contentUrl":"https:\/\/idonim-lingerie.fr\/wp-content\/uploads\/2025\/02\/kit-culotte-jersey-colore-1.jpg","width":640,"height":640,"caption":"kit culotte jersey color\u00e9"},{"@type":"BreadcrumbList","@id":"https:\/\/idonim-lingerie.fr\/produit\/kit-culotte-slip-en-jersey-de-coton-motif-colore-vert\/#breadcrumb","itemListElement":[{"@type":"ListItem","position":1,"name":"Accueil","item":"https:\/\/idonim-lingerie.fr\/en\/"},{"@type":"ListItem","position":2,"name":"Boutique","item":"https:\/\/idonim-lingerie.fr\/shop\/"},{"@type":"ListItem","position":3,"name":"Kit culotte \/ slip en jersey de coton &#8211; motif color\u00e9 vert et bleu"}]},{"@type":"WebSite","@id":"https:\/\/idonim-lingerie.fr\/#website","url":"https:\/\/idonim-lingerie.fr\/","name":"Idonim Lingerie","description":"Idonim offers a wide selection of fabrics, laces and accessories for your creations. Fast delivery. Educational workshops. Quality creation. Mixing Style and Comfort.","publisher":{"@id":"https:\/\/idonim-lingerie.fr\/#organization"},"potentialAction":[{"@type":"SearchAction","target":{"@type":"EntryPoint","urlTemplate":"https:\/\/idonim-lingerie.fr\/?s={search_term_string}"},"query-input":{"@type":"PropertyValueSpecification","valueRequired":true,"valueName":"search_term_string"}}],"inLanguage":"en-GB"},{"@type":"Organization","@id":"https:\/\/idonim-lingerie.fr\/#organization","name":"Idonim Lingerie","url":"https:\/\/idonim-lingerie.fr\/","logo":{"@type":"ImageObject","inLanguage":"en-GB","@id":"https:\/\/idonim-lingerie.fr\/#\/schema\/logo\/image\/","url":"https:\/\/idonim-lingerie.fr\/wp-content\/uploads\/2025\/12\/idonim_h28.webp","contentUrl":"https:\/\/idonim-lingerie.fr\/wp-content\/uploads\/2025\/12\/idonim_h28.webp","width":111,"height":28,"caption":"Idonim Lingerie"},"image":{"@id":"https:\/\/idonim-lingerie.fr\/#\/schema\/logo\/image\/"}}]}},"_links":{"self":[{"href":"https:\/\/idonim-lingerie.fr\/en\/wp-json\/wp\/v2\/product\/43231","targetHints":{"allow":["GET"]}}],"collection":[{"href":"https:\/\/idonim-lingerie.fr\/en\/wp-json\/wp\/v2\/product"}],"about":[{"href":"https:\/\/idonim-lingerie.fr\/en\/wp-json\/wp\/v2\/types\/product"}],"replies":[{"embeddable":true,"href":"https:\/\/idonim-lingerie.fr\/en\/wp-json\/wp\/v2\/comments?post=43231"}],"wp:featuredmedia":[{"embeddable":true,"href":"https:\/\/idonim-lingerie.fr\/en\/wp-json\/wp\/v2\/media\/45773"}],"wp:attachment":[{"href":"https:\/\/idonim-lingerie.fr\/en\/wp-json\/wp\/v2\/media?parent=43231"}],"wp:term":[{"taxonomy":"product_brand","embeddable":true,"href":"https:\/\/idonim-lingerie.fr\/en\/wp-json\/wp\/v2\/product_brand?post=43231"},{"taxonomy":"product_cat","embeddable":true,"href":"https:\/\/idonim-lingerie.fr\/en\/wp-json\/wp\/v2\/product_cat?post=43231"},{"taxonomy":"product_tag","embeddable":true,"href":"https:\/\/idonim-lingerie.fr\/en\/wp-json\/wp\/v2\/product_tag?post=43231"}],"curies":[{"name":"wp","href":"https:\/\/api.w.org\/{rel}","templated":true}]}}