{"id":41881,"date":"2025-01-23T14:08:58","date_gmt":"2025-01-23T13:08:58","guid":{"rendered":"https:\/\/idonim-lingerie.fr\/?post_type=product&#038;p=41881"},"modified":"2026-02-09T18:25:17","modified_gmt":"2026-02-09T17:25:17","slug":"kit-soutien-gorge-petite-taille-vert-anis","status":"publish","type":"product","link":"https:\/\/idonim-lingerie.fr\/en\/product\/kit-soutien-gorge-petite-taille-vert-anis\/","title":{"rendered":"PETITE TAILLET bra kit - anise green"},"content":{"rendered":"<p>One kit contains:<\/p>\n<p>- 50x70cm of lightweight powernet<\/p>\n<p>- 2m lace - 18.5cm wide - scalloped on both sides -<strong> stretch<\/strong><\/p>\n<p>- 50x75cm of marquisette<\/p>\n<p>- 1.5m 12mm elasticated braces<\/p>\n<p>-3.5m of 10-12mm scalloped elastic<\/p>\n<p>-1 m of 6 mm elastic<\/p>\n<p>- 1m of 10mm armature cover<\/p>\n<p>- a set of 2\u00d73 bra fasteners<\/p>\n<p>- 2 rings, 2 adjusters and 1 knot<\/p>\n<p><span style=\"color: #b68457\"><strong>Composition:<\/strong><\/span><\/p>\n<p><span style=\"color: #b68457\"><strong>Advice :<\/strong><\/span><\/p>\n<p>- Use of stretch needles is highly recommended<\/p>\n<p>- Wash at 40\u00b0C max.<\/p>","protected":false},"excerpt":{"rendered":"<p>Ideal kit for making a small bra.<\/p>\n<p>The lace is stretchable.<\/p>\n<p>The kit contains all the textiles and accessories you need to make a bra, except for the underwires (which you can find in the underwires section).<\/p>\n<p>The kit does not include a pattern.<\/p>\n<p>Colour: aniseed green<\/p>\n<p>Looking for a boss? <a href=\"https:\/\/idonim-lingerie.fr\/en\/product\/patron-soutien-gorge-luccia-format-pdf\/\">The LUCCIA bra pattern<\/a> is perfectly suited to the use of this kit. Available from our shop in downloadable or paper version.<\/p>\n<p>&nbsp;<\/p>\n<p><strong>Sold individually<\/strong><\/p>","protected":false},"featured_media":45616,"comment_status":"closed","ping_status":"closed","template":"","meta":[],"product_brand":[],"product_cat":[575,184,185],"product_tag":[],"class_list":{"0":"post-41881","1":"product","2":"type-product","3":"status-publish","4":"has-post-thumbnail","6":"product_cat-kit-soutien-gorge-petite-taille","7":"product_cat-kits","8":"product_cat-kits-soutien-gorge","9":"product_shipping_class-outils","11":"first","12":"instock","13":"taxable","14":"shipping-taxable","15":"purchasable","16":"product-type-simple"},"yoast_head":"<!-- This site is optimized with the Yoast SEO plugin v27.3 - https:\/\/yoast.com\/product\/yoast-seo-wordpress\/ -->\n<title>Kit soutien-gorge PETITE TAILLE - vert anis - Idonim Lingerie<\/title>\n<meta name=\"description\" content=\"kit pour coudre son soutien gorge \u00e0 armatures vert anis (petite taille). Facile d&#039;utilisation il comprend toutes les fournitures n\u00e9cessaires de tr\u00e8s belle qualit\u00e9.\" \/>\n<meta name=\"robots\" content=\"index, follow, max-snippet:-1, max-image-preview:large, max-video-preview:-1\" \/>\n<link rel=\"canonical\" href=\"https:\/\/idonim-lingerie.fr\/en\/product\/kit-soutien-gorge-petite-taille-vert-anis\/\" \/>\n<meta property=\"og:locale\" content=\"en_GB\" \/>\n<meta property=\"og:type\" content=\"article\" \/>\n<meta property=\"og:title\" content=\"Kit soutien-gorge PETITE TAILLE - vert anis - Idonim Lingerie\" \/>\n<meta property=\"og:description\" content=\"kit pour coudre son soutien gorge \u00e0 armatures vert anis (petite taille). Facile d&#039;utilisation il comprend toutes les fournitures n\u00e9cessaires de tr\u00e8s belle qualit\u00e9.\" \/>\n<meta property=\"og:url\" content=\"https:\/\/idonim-lingerie.fr\/en\/product\/kit-soutien-gorge-petite-taille-vert-anis\/\" \/>\n<meta property=\"og:site_name\" content=\"Idonim Lingerie\" \/>\n<meta property=\"article:modified_time\" content=\"2026-02-09T17:25:17+00:00\" \/>\n<meta property=\"og:image\" content=\"https:\/\/idonim-lingerie.fr\/wp-content\/uploads\/2025\/01\/kit-soutien-gorge-vert-anis-1.jpg\" \/>\n\t<meta property=\"og:image:width\" content=\"640\" \/>\n\t<meta property=\"og:image:height\" content=\"640\" \/>\n\t<meta property=\"og:image:type\" content=\"image\/jpeg\" \/>\n<meta name=\"twitter:card\" content=\"summary_large_image\" \/>\n<meta name=\"twitter:label1\" content=\"Estimated reading time\" \/>\n\t<meta name=\"twitter:data1\" content=\"1 minute\" \/>\n<script type=\"application\/ld+json\" class=\"yoast-schema-graph\">{\"@context\":\"https:\\\/\\\/schema.org\",\"@graph\":[{\"@type\":\"WebPage\",\"@id\":\"https:\\\/\\\/idonim-lingerie.fr\\\/produit\\\/kit-soutien-gorge-petite-taille-vert-anis\\\/\",\"url\":\"https:\\\/\\\/idonim-lingerie.fr\\\/produit\\\/kit-soutien-gorge-petite-taille-vert-anis\\\/\",\"name\":\"Kit soutien-gorge PETITE TAILLE - vert anis - Idonim Lingerie\",\"isPartOf\":{\"@id\":\"https:\\\/\\\/idonim-lingerie.fr\\\/#website\"},\"primaryImageOfPage\":{\"@id\":\"https:\\\/\\\/idonim-lingerie.fr\\\/produit\\\/kit-soutien-gorge-petite-taille-vert-anis\\\/#primaryimage\"},\"image\":{\"@id\":\"https:\\\/\\\/idonim-lingerie.fr\\\/produit\\\/kit-soutien-gorge-petite-taille-vert-anis\\\/#primaryimage\"},\"thumbnailUrl\":\"https:\\\/\\\/idonim-lingerie.fr\\\/wp-content\\\/uploads\\\/2025\\\/01\\\/kit-soutien-gorge-vert-anis-1.jpg\",\"datePublished\":\"2025-01-23T13:08:58+00:00\",\"dateModified\":\"2026-02-09T17:25:17+00:00\",\"description\":\"kit pour coudre son soutien gorge \u00e0 armatures vert anis (petite taille). Facile d'utilisation il comprend toutes les fournitures n\u00e9cessaires de tr\u00e8s belle qualit\u00e9.\",\"breadcrumb\":{\"@id\":\"https:\\\/\\\/idonim-lingerie.fr\\\/produit\\\/kit-soutien-gorge-petite-taille-vert-anis\\\/#breadcrumb\"},\"inLanguage\":\"en-GB\",\"potentialAction\":[{\"@type\":\"ReadAction\",\"target\":[\"https:\\\/\\\/idonim-lingerie.fr\\\/produit\\\/kit-soutien-gorge-petite-taille-vert-anis\\\/\"]}]},{\"@type\":\"ImageObject\",\"inLanguage\":\"en-GB\",\"@id\":\"https:\\\/\\\/idonim-lingerie.fr\\\/produit\\\/kit-soutien-gorge-petite-taille-vert-anis\\\/#primaryimage\",\"url\":\"https:\\\/\\\/idonim-lingerie.fr\\\/wp-content\\\/uploads\\\/2025\\\/01\\\/kit-soutien-gorge-vert-anis-1.jpg\",\"contentUrl\":\"https:\\\/\\\/idonim-lingerie.fr\\\/wp-content\\\/uploads\\\/2025\\\/01\\\/kit-soutien-gorge-vert-anis-1.jpg\",\"width\":640,\"height\":640,\"caption\":\"kit soutien gorge vert anis\"},{\"@type\":\"BreadcrumbList\",\"@id\":\"https:\\\/\\\/idonim-lingerie.fr\\\/produit\\\/kit-soutien-gorge-petite-taille-vert-anis\\\/#breadcrumb\",\"itemListElement\":[{\"@type\":\"ListItem\",\"position\":1,\"name\":\"Accueil\",\"item\":\"https:\\\/\\\/idonim-lingerie.fr\\\/en\\\/\"},{\"@type\":\"ListItem\",\"position\":2,\"name\":\"Boutique\",\"item\":\"https:\\\/\\\/idonim-lingerie.fr\\\/shop\\\/\"},{\"@type\":\"ListItem\",\"position\":3,\"name\":\"Kit soutien-gorge PETITE TAILLE &#8211; vert anis\"}]},{\"@type\":\"WebSite\",\"@id\":\"https:\\\/\\\/idonim-lingerie.fr\\\/#website\",\"url\":\"https:\\\/\\\/idonim-lingerie.fr\\\/\",\"name\":\"Idonim Lingerie\",\"description\":\"Idonim offre une s\u00e9lection vari\u00e9e de tissus, dentelles et accessoires pour vos cr\u00e9ations. Livraison rapide. Ateliers P\u00e9dagogiques. Cr\u00e9ation De Qualit\u00e9. M\u00ealant Style Et Confort.\",\"publisher\":{\"@id\":\"https:\\\/\\\/idonim-lingerie.fr\\\/#organization\"},\"potentialAction\":[{\"@type\":\"SearchAction\",\"target\":{\"@type\":\"EntryPoint\",\"urlTemplate\":\"https:\\\/\\\/idonim-lingerie.fr\\\/?s={search_term_string}\"},\"query-input\":{\"@type\":\"PropertyValueSpecification\",\"valueRequired\":true,\"valueName\":\"search_term_string\"}}],\"inLanguage\":\"en-GB\"},{\"@type\":\"Organization\",\"@id\":\"https:\\\/\\\/idonim-lingerie.fr\\\/#organization\",\"name\":\"Idonim Lingerie\",\"url\":\"https:\\\/\\\/idonim-lingerie.fr\\\/\",\"logo\":{\"@type\":\"ImageObject\",\"inLanguage\":\"en-GB\",\"@id\":\"https:\\\/\\\/idonim-lingerie.fr\\\/#\\\/schema\\\/logo\\\/image\\\/\",\"url\":\"https:\\\/\\\/idonim-lingerie.fr\\\/wp-content\\\/uploads\\\/2025\\\/12\\\/idonim_h28.webp\",\"contentUrl\":\"https:\\\/\\\/idonim-lingerie.fr\\\/wp-content\\\/uploads\\\/2025\\\/12\\\/idonim_h28.webp\",\"width\":111,\"height\":28,\"caption\":\"Idonim Lingerie\"},\"image\":{\"@id\":\"https:\\\/\\\/idonim-lingerie.fr\\\/#\\\/schema\\\/logo\\\/image\\\/\"}}]}<\/script>\n<!-- \/ Yoast SEO plugin. -->","yoast_head_json":{"title":"Kit soutien-gorge PETITE TAILLE - vert anis - Idonim Lingerie","description":"kit pour coudre son soutien gorge \u00e0 armatures vert anis (petite taille). Facile d'utilisation il comprend toutes les fournitures n\u00e9cessaires de tr\u00e8s belle qualit\u00e9.","robots":{"index":"index","follow":"follow","max-snippet":"max-snippet:-1","max-image-preview":"max-image-preview:large","max-video-preview":"max-video-preview:-1"},"canonical":"https:\/\/idonim-lingerie.fr\/en\/product\/kit-soutien-gorge-petite-taille-vert-anis\/","og_locale":"en_GB","og_type":"article","og_title":"Kit soutien-gorge PETITE TAILLE - vert anis - Idonim Lingerie","og_description":"kit pour coudre son soutien gorge \u00e0 armatures vert anis (petite taille). Facile d'utilisation il comprend toutes les fournitures n\u00e9cessaires de tr\u00e8s belle qualit\u00e9.","og_url":"https:\/\/idonim-lingerie.fr\/en\/product\/kit-soutien-gorge-petite-taille-vert-anis\/","og_site_name":"Idonim Lingerie","article_modified_time":"2026-02-09T17:25:17+00:00","og_image":[{"width":640,"height":640,"url":"https:\/\/idonim-lingerie.fr\/wp-content\/uploads\/2025\/01\/kit-soutien-gorge-vert-anis-1.jpg","type":"image\/jpeg"}],"twitter_card":"summary_large_image","twitter_misc":{"Estimated reading time":"1 minute"},"schema":{"@context":"https:\/\/schema.org","@graph":[{"@type":"WebPage","@id":"https:\/\/idonim-lingerie.fr\/produit\/kit-soutien-gorge-petite-taille-vert-anis\/","url":"https:\/\/idonim-lingerie.fr\/produit\/kit-soutien-gorge-petite-taille-vert-anis\/","name":"Kit soutien-gorge PETITE TAILLE - vert anis - Idonim Lingerie","isPartOf":{"@id":"https:\/\/idonim-lingerie.fr\/#website"},"primaryImageOfPage":{"@id":"https:\/\/idonim-lingerie.fr\/produit\/kit-soutien-gorge-petite-taille-vert-anis\/#primaryimage"},"image":{"@id":"https:\/\/idonim-lingerie.fr\/produit\/kit-soutien-gorge-petite-taille-vert-anis\/#primaryimage"},"thumbnailUrl":"https:\/\/idonim-lingerie.fr\/wp-content\/uploads\/2025\/01\/kit-soutien-gorge-vert-anis-1.jpg","datePublished":"2025-01-23T13:08:58+00:00","dateModified":"2026-02-09T17:25:17+00:00","description":"kit pour coudre son soutien gorge \u00e0 armatures vert anis (petite taille). Facile d'utilisation il comprend toutes les fournitures n\u00e9cessaires de tr\u00e8s belle qualit\u00e9.","breadcrumb":{"@id":"https:\/\/idonim-lingerie.fr\/produit\/kit-soutien-gorge-petite-taille-vert-anis\/#breadcrumb"},"inLanguage":"en-GB","potentialAction":[{"@type":"ReadAction","target":["https:\/\/idonim-lingerie.fr\/produit\/kit-soutien-gorge-petite-taille-vert-anis\/"]}]},{"@type":"ImageObject","inLanguage":"en-GB","@id":"https:\/\/idonim-lingerie.fr\/produit\/kit-soutien-gorge-petite-taille-vert-anis\/#primaryimage","url":"https:\/\/idonim-lingerie.fr\/wp-content\/uploads\/2025\/01\/kit-soutien-gorge-vert-anis-1.jpg","contentUrl":"https:\/\/idonim-lingerie.fr\/wp-content\/uploads\/2025\/01\/kit-soutien-gorge-vert-anis-1.jpg","width":640,"height":640,"caption":"kit soutien gorge vert anis"},{"@type":"BreadcrumbList","@id":"https:\/\/idonim-lingerie.fr\/produit\/kit-soutien-gorge-petite-taille-vert-anis\/#breadcrumb","itemListElement":[{"@type":"ListItem","position":1,"name":"Accueil","item":"https:\/\/idonim-lingerie.fr\/en\/"},{"@type":"ListItem","position":2,"name":"Boutique","item":"https:\/\/idonim-lingerie.fr\/shop\/"},{"@type":"ListItem","position":3,"name":"Kit soutien-gorge PETITE TAILLE &#8211; vert anis"}]},{"@type":"WebSite","@id":"https:\/\/idonim-lingerie.fr\/#website","url":"https:\/\/idonim-lingerie.fr\/","name":"Idonim Lingerie","description":"Idonim offers a wide selection of fabrics, laces and accessories for your creations. Fast delivery. Educational workshops. Quality creation. Mixing Style and Comfort.","publisher":{"@id":"https:\/\/idonim-lingerie.fr\/#organization"},"potentialAction":[{"@type":"SearchAction","target":{"@type":"EntryPoint","urlTemplate":"https:\/\/idonim-lingerie.fr\/?s={search_term_string}"},"query-input":{"@type":"PropertyValueSpecification","valueRequired":true,"valueName":"search_term_string"}}],"inLanguage":"en-GB"},{"@type":"Organization","@id":"https:\/\/idonim-lingerie.fr\/#organization","name":"Idonim Lingerie","url":"https:\/\/idonim-lingerie.fr\/","logo":{"@type":"ImageObject","inLanguage":"en-GB","@id":"https:\/\/idonim-lingerie.fr\/#\/schema\/logo\/image\/","url":"https:\/\/idonim-lingerie.fr\/wp-content\/uploads\/2025\/12\/idonim_h28.webp","contentUrl":"https:\/\/idonim-lingerie.fr\/wp-content\/uploads\/2025\/12\/idonim_h28.webp","width":111,"height":28,"caption":"Idonim Lingerie"},"image":{"@id":"https:\/\/idonim-lingerie.fr\/#\/schema\/logo\/image\/"}}]}},"_links":{"self":[{"href":"https:\/\/idonim-lingerie.fr\/en\/wp-json\/wp\/v2\/product\/41881","targetHints":{"allow":["GET"]}}],"collection":[{"href":"https:\/\/idonim-lingerie.fr\/en\/wp-json\/wp\/v2\/product"}],"about":[{"href":"https:\/\/idonim-lingerie.fr\/en\/wp-json\/wp\/v2\/types\/product"}],"replies":[{"embeddable":true,"href":"https:\/\/idonim-lingerie.fr\/en\/wp-json\/wp\/v2\/comments?post=41881"}],"wp:featuredmedia":[{"embeddable":true,"href":"https:\/\/idonim-lingerie.fr\/en\/wp-json\/wp\/v2\/media\/45616"}],"wp:attachment":[{"href":"https:\/\/idonim-lingerie.fr\/en\/wp-json\/wp\/v2\/media?parent=41881"}],"wp:term":[{"taxonomy":"product_brand","embeddable":true,"href":"https:\/\/idonim-lingerie.fr\/en\/wp-json\/wp\/v2\/product_brand?post=41881"},{"taxonomy":"product_cat","embeddable":true,"href":"https:\/\/idonim-lingerie.fr\/en\/wp-json\/wp\/v2\/product_cat?post=41881"},{"taxonomy":"product_tag","embeddable":true,"href":"https:\/\/idonim-lingerie.fr\/en\/wp-json\/wp\/v2\/product_tag?post=41881"}],"curies":[{"name":"wp","href":"https:\/\/api.w.org\/{rel}","templated":true}]}}