{"id":40605,"date":"2024-10-02T09:19:43","date_gmt":"2024-10-02T07:19:43","guid":{"rendered":"https:\/\/idonim-lingerie.fr\/?post_type=product&#038;p=40605"},"modified":"2026-02-25T12:52:55","modified_gmt":"2026-02-25T11:52:55","slug":"accessories-for-19mm-braces-silver-pair","status":"publish","type":"product","link":"https:\/\/idonim-lingerie.fr\/en\/product\/accessories-for-19mm-braces-silver-pair\/","title":{"rendered":"Accessories - 19mm shoulder strap loop (PAIR) - Silver"},"content":{"rendered":"<p><span style=\"color: #b68457;\"><strong>Composition:<\/strong><\/span><\/p>\n<p>nickel-free, lead-free zamak metal<\/p>\n<p>Eco responsible<\/p>\n<p>Origin : SPAIN<\/p>\n<p><span style=\"color: #b68457;\"><strong>Advice :<\/strong><\/span><\/p>","protected":false},"excerpt":{"rendered":"<p>Metal loop accessory to accessorise your swimming costume straps or lingerie.<\/p>\n<p>Very nice high quality.<\/p>\n<p>Chlorine and seawater resistant.<\/p>\n<p>Inside passage width: 19mm<\/p>\n<p>Colour: silver<\/p>\n<p>&nbsp;<\/p>\n<p><strong>Sold in pairs<\/strong><\/p>","protected":false},"featured_media":40606,"comment_status":"closed","ping_status":"closed","template":"","meta":[],"product_brand":[],"product_cat":[200,173,180],"product_tag":[],"class_list":{"0":"post-40605","1":"product","2":"type-product","3":"status-publish","4":"has-post-thumbnail","6":"product_cat-accessoires-maillot-de-bain","7":"product_cat-decoration","8":"product_cat-espace-maillot-bain","9":"product_shipping_class-tissus-leges","11":"first","12":"instock","13":"taxable","14":"shipping-taxable","15":"purchasable","16":"product-type-simple"},"yoast_head":"<!-- This site is optimized with the Yoast SEO plugin v27.3 - https:\/\/yoast.com\/product\/yoast-seo-wordpress\/ -->\n<title>Accessoires - Passant pour bretelles 19mm (PAIRE) - Argent - Idonim Lingerie<\/title>\n<meta name=\"description\" content=\"Accessoire d\u00e9coratif pour agr\u00e9menter vos bretelles de maillots de bain ou pi\u00e8ces de lingerie. En zamak r\u00e9sistant au chlore et eau de mer.\" \/>\n<meta name=\"robots\" content=\"index, follow, max-snippet:-1, max-image-preview:large, max-video-preview:-1\" \/>\n<link rel=\"canonical\" href=\"https:\/\/idonim-lingerie.fr\/en\/product\/accessories-for-19mm-braces-silver-pair\/\" \/>\n<meta property=\"og:locale\" content=\"en_GB\" \/>\n<meta property=\"og:type\" content=\"article\" \/>\n<meta property=\"og:title\" content=\"Accessoires - Passant pour bretelles 19mm (PAIRE) - Argent - Idonim Lingerie\" \/>\n<meta property=\"og:description\" content=\"Accessoire d\u00e9coratif pour agr\u00e9menter vos bretelles de maillots de bain ou pi\u00e8ces de lingerie. En zamak r\u00e9sistant au chlore et eau de mer.\" \/>\n<meta property=\"og:url\" content=\"https:\/\/idonim-lingerie.fr\/en\/product\/accessories-for-19mm-braces-silver-pair\/\" \/>\n<meta property=\"og:site_name\" content=\"Idonim Lingerie\" \/>\n<meta property=\"article:modified_time\" content=\"2026-02-25T11:52:55+00:00\" \/>\n<meta property=\"og:image\" content=\"https:\/\/idonim-lingerie.fr\/wp-content\/uploads\/2024\/10\/mercerie-accessoire-passant-argent-19mm.jpg\" \/>\n\t<meta property=\"og:image:width\" content=\"640\" \/>\n\t<meta property=\"og:image:height\" content=\"640\" \/>\n\t<meta property=\"og:image:type\" content=\"image\/jpeg\" \/>\n<meta name=\"twitter:card\" content=\"summary_large_image\" \/>\n<meta name=\"twitter:label1\" content=\"Estimated reading time\" \/>\n\t<meta name=\"twitter:data1\" content=\"1 minute\" \/>\n<script type=\"application\/ld+json\" class=\"yoast-schema-graph\">{\"@context\":\"https:\\\/\\\/schema.org\",\"@graph\":[{\"@type\":\"WebPage\",\"@id\":\"https:\\\/\\\/idonim-lingerie.fr\\\/produit\\\/accessoires-passant-pour-bretelles-19mm-paire-argent\\\/\",\"url\":\"https:\\\/\\\/idonim-lingerie.fr\\\/produit\\\/accessoires-passant-pour-bretelles-19mm-paire-argent\\\/\",\"name\":\"Accessoires - Passant pour bretelles 19mm (PAIRE) - Argent - Idonim Lingerie\",\"isPartOf\":{\"@id\":\"https:\\\/\\\/idonim-lingerie.fr\\\/#website\"},\"primaryImageOfPage\":{\"@id\":\"https:\\\/\\\/idonim-lingerie.fr\\\/produit\\\/accessoires-passant-pour-bretelles-19mm-paire-argent\\\/#primaryimage\"},\"image\":{\"@id\":\"https:\\\/\\\/idonim-lingerie.fr\\\/produit\\\/accessoires-passant-pour-bretelles-19mm-paire-argent\\\/#primaryimage\"},\"thumbnailUrl\":\"https:\\\/\\\/idonim-lingerie.fr\\\/wp-content\\\/uploads\\\/2024\\\/10\\\/mercerie-accessoire-passant-argent-19mm.jpg\",\"datePublished\":\"2024-10-02T07:19:43+00:00\",\"dateModified\":\"2026-02-25T11:52:55+00:00\",\"description\":\"Accessoire d\u00e9coratif pour agr\u00e9menter vos bretelles de maillots de bain ou pi\u00e8ces de lingerie. En zamak r\u00e9sistant au chlore et eau de mer.\",\"breadcrumb\":{\"@id\":\"https:\\\/\\\/idonim-lingerie.fr\\\/produit\\\/accessoires-passant-pour-bretelles-19mm-paire-argent\\\/#breadcrumb\"},\"inLanguage\":\"en-GB\",\"potentialAction\":[{\"@type\":\"ReadAction\",\"target\":[\"https:\\\/\\\/idonim-lingerie.fr\\\/produit\\\/accessoires-passant-pour-bretelles-19mm-paire-argent\\\/\"]}]},{\"@type\":\"ImageObject\",\"inLanguage\":\"en-GB\",\"@id\":\"https:\\\/\\\/idonim-lingerie.fr\\\/produit\\\/accessoires-passant-pour-bretelles-19mm-paire-argent\\\/#primaryimage\",\"url\":\"https:\\\/\\\/idonim-lingerie.fr\\\/wp-content\\\/uploads\\\/2024\\\/10\\\/mercerie-accessoire-passant-argent-19mm.jpg\",\"contentUrl\":\"https:\\\/\\\/idonim-lingerie.fr\\\/wp-content\\\/uploads\\\/2024\\\/10\\\/mercerie-accessoire-passant-argent-19mm.jpg\",\"width\":640,\"height\":640,\"caption\":\"mercerie accessoire passant argent 19mm\"},{\"@type\":\"BreadcrumbList\",\"@id\":\"https:\\\/\\\/idonim-lingerie.fr\\\/produit\\\/accessoires-passant-pour-bretelles-19mm-paire-argent\\\/#breadcrumb\",\"itemListElement\":[{\"@type\":\"ListItem\",\"position\":1,\"name\":\"Accueil\",\"item\":\"https:\\\/\\\/idonim-lingerie.fr\\\/en\\\/\"},{\"@type\":\"ListItem\",\"position\":2,\"name\":\"Boutique\",\"item\":\"https:\\\/\\\/idonim-lingerie.fr\\\/shop\\\/\"},{\"@type\":\"ListItem\",\"position\":3,\"name\":\"Accessoires &#8211; Passant pour bretelles 19mm (PAIRE) &#8211; Argent\"}]},{\"@type\":\"WebSite\",\"@id\":\"https:\\\/\\\/idonim-lingerie.fr\\\/#website\",\"url\":\"https:\\\/\\\/idonim-lingerie.fr\\\/\",\"name\":\"Idonim Lingerie\",\"description\":\"Idonim offre une s\u00e9lection vari\u00e9e de tissus, dentelles et accessoires pour vos cr\u00e9ations. Livraison rapide. Ateliers P\u00e9dagogiques. Cr\u00e9ation De Qualit\u00e9. M\u00ealant Style Et Confort.\",\"publisher\":{\"@id\":\"https:\\\/\\\/idonim-lingerie.fr\\\/#organization\"},\"potentialAction\":[{\"@type\":\"SearchAction\",\"target\":{\"@type\":\"EntryPoint\",\"urlTemplate\":\"https:\\\/\\\/idonim-lingerie.fr\\\/?s={search_term_string}\"},\"query-input\":{\"@type\":\"PropertyValueSpecification\",\"valueRequired\":true,\"valueName\":\"search_term_string\"}}],\"inLanguage\":\"en-GB\"},{\"@type\":\"Organization\",\"@id\":\"https:\\\/\\\/idonim-lingerie.fr\\\/#organization\",\"name\":\"Idonim Lingerie\",\"url\":\"https:\\\/\\\/idonim-lingerie.fr\\\/\",\"logo\":{\"@type\":\"ImageObject\",\"inLanguage\":\"en-GB\",\"@id\":\"https:\\\/\\\/idonim-lingerie.fr\\\/#\\\/schema\\\/logo\\\/image\\\/\",\"url\":\"https:\\\/\\\/idonim-lingerie.fr\\\/wp-content\\\/uploads\\\/2025\\\/12\\\/idonim_h28.webp\",\"contentUrl\":\"https:\\\/\\\/idonim-lingerie.fr\\\/wp-content\\\/uploads\\\/2025\\\/12\\\/idonim_h28.webp\",\"width\":111,\"height\":28,\"caption\":\"Idonim Lingerie\"},\"image\":{\"@id\":\"https:\\\/\\\/idonim-lingerie.fr\\\/#\\\/schema\\\/logo\\\/image\\\/\"}}]}<\/script>\n<!-- \/ Yoast SEO plugin. -->","yoast_head_json":{"title":"Accessories - Strap loop 19mm (PAIR) - Silver - Idonim Lingerie","description":"Decorative accessory to embellish your swimwear straps or lingerie. Made from chlorine- and seawater-resistant zamak.","robots":{"index":"index","follow":"follow","max-snippet":"max-snippet:-1","max-image-preview":"max-image-preview:large","max-video-preview":"max-video-preview:-1"},"canonical":"https:\/\/idonim-lingerie.fr\/en\/product\/accessories-for-19mm-braces-silver-pair\/","og_locale":"en_GB","og_type":"article","og_title":"Accessoires - Passant pour bretelles 19mm (PAIRE) - Argent - Idonim Lingerie","og_description":"Accessoire d\u00e9coratif pour agr\u00e9menter vos bretelles de maillots de bain ou pi\u00e8ces de lingerie. En zamak r\u00e9sistant au chlore et eau de mer.","og_url":"https:\/\/idonim-lingerie.fr\/en\/product\/accessories-for-19mm-braces-silver-pair\/","og_site_name":"Idonim Lingerie","article_modified_time":"2026-02-25T11:52:55+00:00","og_image":[{"width":640,"height":640,"url":"https:\/\/idonim-lingerie.fr\/wp-content\/uploads\/2024\/10\/mercerie-accessoire-passant-argent-19mm.jpg","type":"image\/jpeg"}],"twitter_card":"summary_large_image","twitter_misc":{"Estimated reading time":"1 minute"},"schema":{"@context":"https:\/\/schema.org","@graph":[{"@type":"WebPage","@id":"https:\/\/idonim-lingerie.fr\/produit\/accessoires-passant-pour-bretelles-19mm-paire-argent\/","url":"https:\/\/idonim-lingerie.fr\/produit\/accessoires-passant-pour-bretelles-19mm-paire-argent\/","name":"Accessories - Strap loop 19mm (PAIR) - Silver - Idonim Lingerie","isPartOf":{"@id":"https:\/\/idonim-lingerie.fr\/#website"},"primaryImageOfPage":{"@id":"https:\/\/idonim-lingerie.fr\/produit\/accessoires-passant-pour-bretelles-19mm-paire-argent\/#primaryimage"},"image":{"@id":"https:\/\/idonim-lingerie.fr\/produit\/accessoires-passant-pour-bretelles-19mm-paire-argent\/#primaryimage"},"thumbnailUrl":"https:\/\/idonim-lingerie.fr\/wp-content\/uploads\/2024\/10\/mercerie-accessoire-passant-argent-19mm.jpg","datePublished":"2024-10-02T07:19:43+00:00","dateModified":"2026-02-25T11:52:55+00:00","description":"Decorative accessory to embellish your swimwear straps or lingerie. Made from chlorine- and seawater-resistant zamak.","breadcrumb":{"@id":"https:\/\/idonim-lingerie.fr\/produit\/accessoires-passant-pour-bretelles-19mm-paire-argent\/#breadcrumb"},"inLanguage":"en-GB","potentialAction":[{"@type":"ReadAction","target":["https:\/\/idonim-lingerie.fr\/produit\/accessoires-passant-pour-bretelles-19mm-paire-argent\/"]}]},{"@type":"ImageObject","inLanguage":"en-GB","@id":"https:\/\/idonim-lingerie.fr\/produit\/accessoires-passant-pour-bretelles-19mm-paire-argent\/#primaryimage","url":"https:\/\/idonim-lingerie.fr\/wp-content\/uploads\/2024\/10\/mercerie-accessoire-passant-argent-19mm.jpg","contentUrl":"https:\/\/idonim-lingerie.fr\/wp-content\/uploads\/2024\/10\/mercerie-accessoire-passant-argent-19mm.jpg","width":640,"height":640,"caption":"mercerie accessoire passant argent 19mm"},{"@type":"BreadcrumbList","@id":"https:\/\/idonim-lingerie.fr\/produit\/accessoires-passant-pour-bretelles-19mm-paire-argent\/#breadcrumb","itemListElement":[{"@type":"ListItem","position":1,"name":"Accueil","item":"https:\/\/idonim-lingerie.fr\/en\/"},{"@type":"ListItem","position":2,"name":"Boutique","item":"https:\/\/idonim-lingerie.fr\/shop\/"},{"@type":"ListItem","position":3,"name":"Accessoires &#8211; Passant pour bretelles 19mm (PAIRE) &#8211; Argent"}]},{"@type":"WebSite","@id":"https:\/\/idonim-lingerie.fr\/#website","url":"https:\/\/idonim-lingerie.fr\/","name":"Idonim Lingerie","description":"Idonim offers a wide selection of fabrics, laces and accessories for your creations. Fast delivery. Educational workshops. Quality creation. Mixing Style and Comfort.","publisher":{"@id":"https:\/\/idonim-lingerie.fr\/#organization"},"potentialAction":[{"@type":"SearchAction","target":{"@type":"EntryPoint","urlTemplate":"https:\/\/idonim-lingerie.fr\/?s={search_term_string}"},"query-input":{"@type":"PropertyValueSpecification","valueRequired":true,"valueName":"search_term_string"}}],"inLanguage":"en-GB"},{"@type":"Organization","@id":"https:\/\/idonim-lingerie.fr\/#organization","name":"Idonim Lingerie","url":"https:\/\/idonim-lingerie.fr\/","logo":{"@type":"ImageObject","inLanguage":"en-GB","@id":"https:\/\/idonim-lingerie.fr\/#\/schema\/logo\/image\/","url":"https:\/\/idonim-lingerie.fr\/wp-content\/uploads\/2025\/12\/idonim_h28.webp","contentUrl":"https:\/\/idonim-lingerie.fr\/wp-content\/uploads\/2025\/12\/idonim_h28.webp","width":111,"height":28,"caption":"Idonim Lingerie"},"image":{"@id":"https:\/\/idonim-lingerie.fr\/#\/schema\/logo\/image\/"}}]}},"_links":{"self":[{"href":"https:\/\/idonim-lingerie.fr\/en\/wp-json\/wp\/v2\/product\/40605","targetHints":{"allow":["GET"]}}],"collection":[{"href":"https:\/\/idonim-lingerie.fr\/en\/wp-json\/wp\/v2\/product"}],"about":[{"href":"https:\/\/idonim-lingerie.fr\/en\/wp-json\/wp\/v2\/types\/product"}],"replies":[{"embeddable":true,"href":"https:\/\/idonim-lingerie.fr\/en\/wp-json\/wp\/v2\/comments?post=40605"}],"wp:featuredmedia":[{"embeddable":true,"href":"https:\/\/idonim-lingerie.fr\/en\/wp-json\/wp\/v2\/media\/40606"}],"wp:attachment":[{"href":"https:\/\/idonim-lingerie.fr\/en\/wp-json\/wp\/v2\/media?parent=40605"}],"wp:term":[{"taxonomy":"product_brand","embeddable":true,"href":"https:\/\/idonim-lingerie.fr\/en\/wp-json\/wp\/v2\/product_brand?post=40605"},{"taxonomy":"product_cat","embeddable":true,"href":"https:\/\/idonim-lingerie.fr\/en\/wp-json\/wp\/v2\/product_cat?post=40605"},{"taxonomy":"product_tag","embeddable":true,"href":"https:\/\/idonim-lingerie.fr\/en\/wp-json\/wp\/v2\/product_tag?post=40605"}],"curies":[{"name":"wp","href":"https:\/\/api.w.org\/{rel}","templated":true}]}}