{"id":40465,"date":"2024-09-18T19:05:20","date_gmt":"2024-09-18T17:05:20","guid":{"rendered":"https:\/\/idonim-lingerie.fr\/?post_type=product&#038;p=40465"},"modified":"2026-02-25T10:54:34","modified_gmt":"2026-02-25T09:54:34","slug":"crochet-40mm-piece-argent","status":"publish","type":"product","link":"https:\/\/idonim-lingerie.fr\/en\/product\/crochet-40mm-piece-argent\/","title":{"rendered":"Hook 40mm (piece) - silver"},"content":{"rendered":"<p><span style=\"color: #b68457;\"><strong>Composition:<\/strong><\/span><\/p>\n<p>zamak<\/p>\n<p>nickel-free lead-free<\/p>\n<p>Origin : SPAIN<\/p>\n<p><span style=\"color: #b68457;\"><strong>Advice :<\/strong><\/span><\/p>","protected":false},"excerpt":{"rendered":"<p>Metal hook for 40mm wide elastic bands.<\/p>\n<p>Seawater and chlorine resistant.<\/p>\n<p>This beautiful piece is perfect for closing the back of a swimming costume, for example. Are you looking for a hook to close the front of a bra or swimming costume? Or a removable wide strap? This is the piece for you!<\/p>\n<p>Colour: silver<\/p>\n<p><strong>Sold by piece<\/strong><\/p>","protected":false},"featured_media":40466,"comment_status":"closed","ping_status":"closed","template":"","meta":[],"product_brand":[],"product_cat":[642,170,181],"product_tag":[],"class_list":{"0":"post-40465","1":"product","2":"type-product","3":"status-publish","4":"has-post-thumbnail","6":"product_cat-20mm","7":"product_cat-anneaux-regleurs","8":"product_cat-fermoirs-maillots-bain","9":"product_shipping_class-hyper-light","11":"first","12":"instock","13":"taxable","14":"shipping-taxable","15":"purchasable","16":"product-type-simple"},"yoast_head":"<!-- This site is optimized with the Yoast SEO plugin v27.3 - https:\/\/yoast.com\/product\/yoast-seo-wordpress\/ -->\n<title>Crochet 40mm (pi\u00e8ce) - argent - Idonim Lingerie<\/title>\n<meta name=\"description\" content=\"Crochet m\u00e9tallique pour \u00e9lastiques de largeur 40mm; id\u00e9al pour fermer un maillot de bain ou une bretelle large. Accessoire en zamak.\" \/>\n<meta name=\"robots\" content=\"index, follow, max-snippet:-1, max-image-preview:large, max-video-preview:-1\" \/>\n<link rel=\"canonical\" href=\"https:\/\/idonim-lingerie.fr\/en\/product\/crochet-40mm-piece-argent\/\" \/>\n<meta property=\"og:locale\" content=\"en_GB\" \/>\n<meta property=\"og:type\" content=\"article\" \/>\n<meta property=\"og:title\" content=\"Crochet 40mm (pi\u00e8ce) - argent - Idonim Lingerie\" \/>\n<meta property=\"og:description\" content=\"Crochet m\u00e9tallique pour \u00e9lastiques de largeur 40mm; id\u00e9al pour fermer un maillot de bain ou une bretelle large. Accessoire en zamak.\" \/>\n<meta property=\"og:url\" content=\"https:\/\/idonim-lingerie.fr\/en\/product\/crochet-40mm-piece-argent\/\" \/>\n<meta property=\"og:site_name\" content=\"Idonim Lingerie\" \/>\n<meta property=\"article:modified_time\" content=\"2026-02-25T09:54:34+00:00\" \/>\n<meta property=\"og:image\" content=\"https:\/\/idonim-lingerie.fr\/wp-content\/uploads\/2024\/09\/mercerie-crochet-argent-40mm.jpg\" \/>\n\t<meta property=\"og:image:width\" content=\"640\" \/>\n\t<meta property=\"og:image:height\" content=\"640\" \/>\n\t<meta property=\"og:image:type\" content=\"image\/jpeg\" \/>\n<meta name=\"twitter:card\" content=\"summary_large_image\" \/>\n<meta name=\"twitter:label1\" content=\"Estimated reading time\" \/>\n\t<meta name=\"twitter:data1\" content=\"1 minute\" \/>\n<script type=\"application\/ld+json\" class=\"yoast-schema-graph\">{\"@context\":\"https:\\\/\\\/schema.org\",\"@graph\":[{\"@type\":\"WebPage\",\"@id\":\"https:\\\/\\\/idonim-lingerie.fr\\\/produit\\\/crochet-40mm-piece-argent\\\/\",\"url\":\"https:\\\/\\\/idonim-lingerie.fr\\\/produit\\\/crochet-40mm-piece-argent\\\/\",\"name\":\"Crochet 40mm (pi\u00e8ce) - argent - Idonim Lingerie\",\"isPartOf\":{\"@id\":\"https:\\\/\\\/idonim-lingerie.fr\\\/#website\"},\"primaryImageOfPage\":{\"@id\":\"https:\\\/\\\/idonim-lingerie.fr\\\/produit\\\/crochet-40mm-piece-argent\\\/#primaryimage\"},\"image\":{\"@id\":\"https:\\\/\\\/idonim-lingerie.fr\\\/produit\\\/crochet-40mm-piece-argent\\\/#primaryimage\"},\"thumbnailUrl\":\"https:\\\/\\\/idonim-lingerie.fr\\\/wp-content\\\/uploads\\\/2024\\\/09\\\/mercerie-crochet-argent-40mm.jpg\",\"datePublished\":\"2024-09-18T17:05:20+00:00\",\"dateModified\":\"2026-02-25T09:54:34+00:00\",\"description\":\"Crochet m\u00e9tallique pour \u00e9lastiques de largeur 40mm; id\u00e9al pour fermer un maillot de bain ou une bretelle large. Accessoire en zamak.\",\"breadcrumb\":{\"@id\":\"https:\\\/\\\/idonim-lingerie.fr\\\/produit\\\/crochet-40mm-piece-argent\\\/#breadcrumb\"},\"inLanguage\":\"en-GB\",\"potentialAction\":[{\"@type\":\"ReadAction\",\"target\":[\"https:\\\/\\\/idonim-lingerie.fr\\\/produit\\\/crochet-40mm-piece-argent\\\/\"]}]},{\"@type\":\"ImageObject\",\"inLanguage\":\"en-GB\",\"@id\":\"https:\\\/\\\/idonim-lingerie.fr\\\/produit\\\/crochet-40mm-piece-argent\\\/#primaryimage\",\"url\":\"https:\\\/\\\/idonim-lingerie.fr\\\/wp-content\\\/uploads\\\/2024\\\/09\\\/mercerie-crochet-argent-40mm.jpg\",\"contentUrl\":\"https:\\\/\\\/idonim-lingerie.fr\\\/wp-content\\\/uploads\\\/2024\\\/09\\\/mercerie-crochet-argent-40mm.jpg\",\"width\":640,\"height\":640,\"caption\":\"mercerie crochet argent 40mm\"},{\"@type\":\"BreadcrumbList\",\"@id\":\"https:\\\/\\\/idonim-lingerie.fr\\\/produit\\\/crochet-40mm-piece-argent\\\/#breadcrumb\",\"itemListElement\":[{\"@type\":\"ListItem\",\"position\":1,\"name\":\"Accueil\",\"item\":\"https:\\\/\\\/idonim-lingerie.fr\\\/en\\\/\"},{\"@type\":\"ListItem\",\"position\":2,\"name\":\"Boutique\",\"item\":\"https:\\\/\\\/idonim-lingerie.fr\\\/shop\\\/\"},{\"@type\":\"ListItem\",\"position\":3,\"name\":\"Crochet 40mm (pi\u00e8ce) &#8211; argent\"}]},{\"@type\":\"WebSite\",\"@id\":\"https:\\\/\\\/idonim-lingerie.fr\\\/#website\",\"url\":\"https:\\\/\\\/idonim-lingerie.fr\\\/\",\"name\":\"Idonim Lingerie\",\"description\":\"Idonim offre une s\u00e9lection vari\u00e9e de tissus, dentelles et accessoires pour vos cr\u00e9ations. Livraison rapide. Ateliers P\u00e9dagogiques. Cr\u00e9ation De Qualit\u00e9. M\u00ealant Style Et Confort.\",\"publisher\":{\"@id\":\"https:\\\/\\\/idonim-lingerie.fr\\\/#organization\"},\"potentialAction\":[{\"@type\":\"SearchAction\",\"target\":{\"@type\":\"EntryPoint\",\"urlTemplate\":\"https:\\\/\\\/idonim-lingerie.fr\\\/?s={search_term_string}\"},\"query-input\":{\"@type\":\"PropertyValueSpecification\",\"valueRequired\":true,\"valueName\":\"search_term_string\"}}],\"inLanguage\":\"en-GB\"},{\"@type\":\"Organization\",\"@id\":\"https:\\\/\\\/idonim-lingerie.fr\\\/#organization\",\"name\":\"Idonim Lingerie\",\"url\":\"https:\\\/\\\/idonim-lingerie.fr\\\/\",\"logo\":{\"@type\":\"ImageObject\",\"inLanguage\":\"en-GB\",\"@id\":\"https:\\\/\\\/idonim-lingerie.fr\\\/#\\\/schema\\\/logo\\\/image\\\/\",\"url\":\"https:\\\/\\\/idonim-lingerie.fr\\\/wp-content\\\/uploads\\\/2025\\\/12\\\/idonim_h28.webp\",\"contentUrl\":\"https:\\\/\\\/idonim-lingerie.fr\\\/wp-content\\\/uploads\\\/2025\\\/12\\\/idonim_h28.webp\",\"width\":111,\"height\":28,\"caption\":\"Idonim Lingerie\"},\"image\":{\"@id\":\"https:\\\/\\\/idonim-lingerie.fr\\\/#\\\/schema\\\/logo\\\/image\\\/\"}}]}<\/script>\n<!-- \/ Yoast SEO plugin. -->","yoast_head_json":{"title":"Crochet 40mm (pi\u00e8ce) - argent - Idonim Lingerie","description":"Crochet m\u00e9tallique pour \u00e9lastiques de largeur 40mm; id\u00e9al pour fermer un maillot de bain ou une bretelle large. Accessoire en zamak.","robots":{"index":"index","follow":"follow","max-snippet":"max-snippet:-1","max-image-preview":"max-image-preview:large","max-video-preview":"max-video-preview:-1"},"canonical":"https:\/\/idonim-lingerie.fr\/en\/product\/crochet-40mm-piece-argent\/","og_locale":"en_GB","og_type":"article","og_title":"Crochet 40mm (pi\u00e8ce) - argent - Idonim Lingerie","og_description":"Crochet m\u00e9tallique pour \u00e9lastiques de largeur 40mm; id\u00e9al pour fermer un maillot de bain ou une bretelle large. Accessoire en zamak.","og_url":"https:\/\/idonim-lingerie.fr\/en\/product\/crochet-40mm-piece-argent\/","og_site_name":"Idonim Lingerie","article_modified_time":"2026-02-25T09:54:34+00:00","og_image":[{"width":640,"height":640,"url":"https:\/\/idonim-lingerie.fr\/wp-content\/uploads\/2024\/09\/mercerie-crochet-argent-40mm.jpg","type":"image\/jpeg"}],"twitter_card":"summary_large_image","twitter_misc":{"Estimated reading time":"1 minute"},"schema":{"@context":"https:\/\/schema.org","@graph":[{"@type":"WebPage","@id":"https:\/\/idonim-lingerie.fr\/produit\/crochet-40mm-piece-argent\/","url":"https:\/\/idonim-lingerie.fr\/produit\/crochet-40mm-piece-argent\/","name":"Crochet 40mm (pi\u00e8ce) - argent - Idonim Lingerie","isPartOf":{"@id":"https:\/\/idonim-lingerie.fr\/#website"},"primaryImageOfPage":{"@id":"https:\/\/idonim-lingerie.fr\/produit\/crochet-40mm-piece-argent\/#primaryimage"},"image":{"@id":"https:\/\/idonim-lingerie.fr\/produit\/crochet-40mm-piece-argent\/#primaryimage"},"thumbnailUrl":"https:\/\/idonim-lingerie.fr\/wp-content\/uploads\/2024\/09\/mercerie-crochet-argent-40mm.jpg","datePublished":"2024-09-18T17:05:20+00:00","dateModified":"2026-02-25T09:54:34+00:00","description":"Crochet m\u00e9tallique pour \u00e9lastiques de largeur 40mm; id\u00e9al pour fermer un maillot de bain ou une bretelle large. Accessoire en zamak.","breadcrumb":{"@id":"https:\/\/idonim-lingerie.fr\/produit\/crochet-40mm-piece-argent\/#breadcrumb"},"inLanguage":"en-GB","potentialAction":[{"@type":"ReadAction","target":["https:\/\/idonim-lingerie.fr\/produit\/crochet-40mm-piece-argent\/"]}]},{"@type":"ImageObject","inLanguage":"en-GB","@id":"https:\/\/idonim-lingerie.fr\/produit\/crochet-40mm-piece-argent\/#primaryimage","url":"https:\/\/idonim-lingerie.fr\/wp-content\/uploads\/2024\/09\/mercerie-crochet-argent-40mm.jpg","contentUrl":"https:\/\/idonim-lingerie.fr\/wp-content\/uploads\/2024\/09\/mercerie-crochet-argent-40mm.jpg","width":640,"height":640,"caption":"mercerie crochet argent 40mm"},{"@type":"BreadcrumbList","@id":"https:\/\/idonim-lingerie.fr\/produit\/crochet-40mm-piece-argent\/#breadcrumb","itemListElement":[{"@type":"ListItem","position":1,"name":"Accueil","item":"https:\/\/idonim-lingerie.fr\/en\/"},{"@type":"ListItem","position":2,"name":"Boutique","item":"https:\/\/idonim-lingerie.fr\/shop\/"},{"@type":"ListItem","position":3,"name":"Crochet 40mm (pi\u00e8ce) &#8211; argent"}]},{"@type":"WebSite","@id":"https:\/\/idonim-lingerie.fr\/#website","url":"https:\/\/idonim-lingerie.fr\/","name":"Idonim Lingerie","description":"Idonim offers a wide selection of fabrics, laces and accessories for your creations. Fast delivery. Educational workshops. Quality creation. Mixing Style and Comfort.","publisher":{"@id":"https:\/\/idonim-lingerie.fr\/#organization"},"potentialAction":[{"@type":"SearchAction","target":{"@type":"EntryPoint","urlTemplate":"https:\/\/idonim-lingerie.fr\/?s={search_term_string}"},"query-input":{"@type":"PropertyValueSpecification","valueRequired":true,"valueName":"search_term_string"}}],"inLanguage":"en-GB"},{"@type":"Organization","@id":"https:\/\/idonim-lingerie.fr\/#organization","name":"Idonim Lingerie","url":"https:\/\/idonim-lingerie.fr\/","logo":{"@type":"ImageObject","inLanguage":"en-GB","@id":"https:\/\/idonim-lingerie.fr\/#\/schema\/logo\/image\/","url":"https:\/\/idonim-lingerie.fr\/wp-content\/uploads\/2025\/12\/idonim_h28.webp","contentUrl":"https:\/\/idonim-lingerie.fr\/wp-content\/uploads\/2025\/12\/idonim_h28.webp","width":111,"height":28,"caption":"Idonim Lingerie"},"image":{"@id":"https:\/\/idonim-lingerie.fr\/#\/schema\/logo\/image\/"}}]}},"_links":{"self":[{"href":"https:\/\/idonim-lingerie.fr\/en\/wp-json\/wp\/v2\/product\/40465","targetHints":{"allow":["GET"]}}],"collection":[{"href":"https:\/\/idonim-lingerie.fr\/en\/wp-json\/wp\/v2\/product"}],"about":[{"href":"https:\/\/idonim-lingerie.fr\/en\/wp-json\/wp\/v2\/types\/product"}],"replies":[{"embeddable":true,"href":"https:\/\/idonim-lingerie.fr\/en\/wp-json\/wp\/v2\/comments?post=40465"}],"wp:featuredmedia":[{"embeddable":true,"href":"https:\/\/idonim-lingerie.fr\/en\/wp-json\/wp\/v2\/media\/40466"}],"wp:attachment":[{"href":"https:\/\/idonim-lingerie.fr\/en\/wp-json\/wp\/v2\/media?parent=40465"}],"wp:term":[{"taxonomy":"product_brand","embeddable":true,"href":"https:\/\/idonim-lingerie.fr\/en\/wp-json\/wp\/v2\/product_brand?post=40465"},{"taxonomy":"product_cat","embeddable":true,"href":"https:\/\/idonim-lingerie.fr\/en\/wp-json\/wp\/v2\/product_cat?post=40465"},{"taxonomy":"product_tag","embeddable":true,"href":"https:\/\/idonim-lingerie.fr\/en\/wp-json\/wp\/v2\/product_tag?post=40465"}],"curies":[{"name":"wp","href":"https:\/\/api.w.org\/{rel}","templated":true}]}}