{"id":39840,"date":"2024-08-15T18:38:48","date_gmt":"2024-08-15T16:38:48","guid":{"rendered":"https:\/\/idonim-lingerie.fr\/?post_type=product&#038;p=39840"},"modified":"2026-02-28T12:03:02","modified_gmt":"2026-02-28T11:03:02","slug":"pattern-body-adele","status":"publish","type":"product","link":"https:\/\/idonim-lingerie.fr\/en\/product\/pattern-body-adele\/","title":{"rendered":"Pattern body - ADELE"},"content":{"rendered":"<p>All our patterns come with an explanatory booklet.<\/p>\n<p>In downloadable format, the pattern includes the pattern in A0 and A4 format -<\/p>\n<p>3 plates in A0 format + 1 plan in A2 format<\/p>\n<p>3 x 18 A4 sheets + 1 x 6 A4 sheets<\/p>\n<p>&nbsp;<\/p>\n<p>In pocket format, the pattern includes 3 A0 format plates and an A2 format plan.<\/p>\n<p>&nbsp;<\/p>\n<p>All supplies are detailed in the product photo gallery as well as the size table.<\/p>\n<p>&nbsp;<\/p>\n<p><span style=\"color: #b68457;\"><strong> Level required : <\/strong><\/span><\/p>\n<p>- know how to use a sewing machine, have some knowledge of sewing<\/p>\n<p>- Difficulty: 3\/4<\/p>\n<p>&nbsp;<\/p>","protected":false},"excerpt":{"rendered":"<p>The modern, harmonious lines of the ADELE bodysuit make it an ultra-feminine piece available in several styles. It will enhance your figure and emphasise your shape with its beautiful lace finishings.<br \/>\nThis model has been specially designed to use lace braids\/trims.<\/p>\n<p>This pattern comes with cups with \"princess\" breast cut-outs to enhance your figure and adapt to your cup size.<\/p>\n<p>The Ad\u00e8le pattern is available in sizes 34 to 50 for cup sizes B\/C, D\/E and F\/G.<br \/>\nThe different versions all add a sophisticated and original touch.<\/p>\n<p>You can choose between :<br \/>\n- 4 models<br \/>\nThe back of model C is also suitable for the other 3 models.<\/p>\n<p>You can also choose between bottoms with or without press studs.<\/p>\n<p>The models are presented as follows:<\/p>\n<p>- model A: bodysuit with wrap-around neckline and horizontal lace yoke at the waist<br \/>\n- model B: bodysuit with wrap-around neckline and horizontal lycra yoke at the waist and 2 lace inserts on the sides<br \/>\n- model C: V-neck bodysuit with horizontal lace yoke<br \/>\n- model D: body with wrap-around neckline, the seam line is at the waist<br \/>\nModel D is the simplest model to create.<\/p>\n<p>Patterns and instructions available in English or French, in downloadable format or in a paper folder.<\/p>\n<p>&nbsp;<\/p>\n<p><strong>The pattern is sold with its instruction booklet<\/strong><strong> for sizes 34 to 50 (FR) \/ 02 to 18 (US) included<\/strong><\/p>\n<p>&nbsp;<\/p>","protected":false},"featured_media":40789,"comment_status":"closed","ping_status":"closed","template":"","meta":[],"product_brand":[],"product_cat":[685,270,192,156],"product_tag":[],"class_list":{"0":"post-39840","1":"product","2":"type-product","3":"status-publish","4":"has-post-thumbnail","6":"product_cat-patron-body-femme","7":"product_cat-patrons","8":"product_cat-patrons-expedies","9":"product_cat-patrons-pdf","11":"first","12":"instock","13":"featured","14":"taxable","15":"shipping-taxable","16":"purchasable","17":"product-type-variable"},"yoast_head":"<!-- This site is optimized with the Yoast SEO plugin v27.3 - https:\/\/yoast.com\/product\/yoast-seo-wordpress\/ -->\n<title>Patron body - ADELE - Idonim Lingerie<\/title>\n<meta name=\"description\" content=\"Patron ADELE : Un patron de couture lingerie pour cr\u00e9er un body unique et \u00e9l\u00e9gant. Id\u00e9al pour d\u00e9buter en lingerie comme pour les couturiers exp\u00e9riment\u00e9s.\" \/>\n<meta name=\"robots\" content=\"index, follow, max-snippet:-1, max-image-preview:large, max-video-preview:-1\" \/>\n<link rel=\"canonical\" href=\"https:\/\/idonim-lingerie.fr\/en\/product\/pattern-body-adele\/\" \/>\n<meta property=\"og:locale\" content=\"en_GB\" \/>\n<meta property=\"og:type\" content=\"article\" \/>\n<meta property=\"og:title\" content=\"Patron body - ADELE - Idonim Lingerie\" \/>\n<meta property=\"og:description\" content=\"Patron ADELE : Un patron de couture lingerie pour cr\u00e9er un body unique et \u00e9l\u00e9gant. Id\u00e9al pour d\u00e9buter en lingerie comme pour les couturiers exp\u00e9riment\u00e9s.\" \/>\n<meta property=\"og:url\" content=\"https:\/\/idonim-lingerie.fr\/en\/product\/pattern-body-adele\/\" \/>\n<meta property=\"og:site_name\" content=\"Idonim Lingerie\" \/>\n<meta property=\"article:modified_time\" content=\"2026-02-28T11:03:02+00:00\" \/>\n<meta name=\"twitter:card\" content=\"summary_large_image\" \/>\n<meta name=\"twitter:label1\" content=\"Estimated reading time\" \/>\n\t<meta name=\"twitter:data1\" content=\"1 minute\" \/>\n<script type=\"application\/ld+json\" class=\"yoast-schema-graph\">{\"@context\":\"https:\\\/\\\/schema.org\",\"@graph\":[{\"@type\":\"WebPage\",\"@id\":\"https:\\\/\\\/idonim-lingerie.fr\\\/produit\\\/patron-body-adele\\\/\",\"url\":\"https:\\\/\\\/idonim-lingerie.fr\\\/produit\\\/patron-body-adele\\\/\",\"name\":\"Patron body - ADELE - Idonim Lingerie\",\"isPartOf\":{\"@id\":\"https:\\\/\\\/idonim-lingerie.fr\\\/#website\"},\"primaryImageOfPage\":{\"@id\":\"https:\\\/\\\/idonim-lingerie.fr\\\/produit\\\/patron-body-adele\\\/#primaryimage\"},\"image\":{\"@id\":\"https:\\\/\\\/idonim-lingerie.fr\\\/produit\\\/patron-body-adele\\\/#primaryimage\"},\"thumbnailUrl\":\"https:\\\/\\\/idonim-lingerie.fr\\\/wp-content\\\/uploads\\\/2024\\\/08\\\/patron-body-Adele-pdf.jpg\",\"datePublished\":\"2024-08-15T16:38:48+00:00\",\"dateModified\":\"2026-02-28T11:03:02+00:00\",\"description\":\"Patron ADELE : Un patron de couture lingerie pour cr\u00e9er un body unique et \u00e9l\u00e9gant. Id\u00e9al pour d\u00e9buter en lingerie comme pour les couturiers exp\u00e9riment\u00e9s.\",\"breadcrumb\":{\"@id\":\"https:\\\/\\\/idonim-lingerie.fr\\\/produit\\\/patron-body-adele\\\/#breadcrumb\"},\"inLanguage\":\"en-GB\",\"potentialAction\":[{\"@type\":\"ReadAction\",\"target\":[\"https:\\\/\\\/idonim-lingerie.fr\\\/produit\\\/patron-body-adele\\\/\"]}]},{\"@type\":\"ImageObject\",\"inLanguage\":\"en-GB\",\"@id\":\"https:\\\/\\\/idonim-lingerie.fr\\\/produit\\\/patron-body-adele\\\/#primaryimage\",\"url\":\"https:\\\/\\\/idonim-lingerie.fr\\\/wp-content\\\/uploads\\\/2024\\\/08\\\/patron-body-Adele-pdf.jpg\",\"contentUrl\":\"https:\\\/\\\/idonim-lingerie.fr\\\/wp-content\\\/uploads\\\/2024\\\/08\\\/patron-body-Adele-pdf.jpg\",\"caption\":\"patron body Adele\"},{\"@type\":\"BreadcrumbList\",\"@id\":\"https:\\\/\\\/idonim-lingerie.fr\\\/produit\\\/patron-body-adele\\\/#breadcrumb\",\"itemListElement\":[{\"@type\":\"ListItem\",\"position\":1,\"name\":\"Accueil\",\"item\":\"https:\\\/\\\/idonim-lingerie.fr\\\/en\\\/\"},{\"@type\":\"ListItem\",\"position\":2,\"name\":\"Boutique\",\"item\":\"https:\\\/\\\/idonim-lingerie.fr\\\/shop\\\/\"},{\"@type\":\"ListItem\",\"position\":3,\"name\":\"Patron body &#8211; ADELE\"}]},{\"@type\":\"WebSite\",\"@id\":\"https:\\\/\\\/idonim-lingerie.fr\\\/#website\",\"url\":\"https:\\\/\\\/idonim-lingerie.fr\\\/\",\"name\":\"Idonim Lingerie\",\"description\":\"Idonim offre une s\u00e9lection vari\u00e9e de tissus, dentelles et accessoires pour vos cr\u00e9ations. Livraison rapide. Ateliers P\u00e9dagogiques. Cr\u00e9ation De Qualit\u00e9. M\u00ealant Style Et Confort.\",\"publisher\":{\"@id\":\"https:\\\/\\\/idonim-lingerie.fr\\\/#organization\"},\"potentialAction\":[{\"@type\":\"SearchAction\",\"target\":{\"@type\":\"EntryPoint\",\"urlTemplate\":\"https:\\\/\\\/idonim-lingerie.fr\\\/?s={search_term_string}\"},\"query-input\":{\"@type\":\"PropertyValueSpecification\",\"valueRequired\":true,\"valueName\":\"search_term_string\"}}],\"inLanguage\":\"en-GB\"},{\"@type\":\"Organization\",\"@id\":\"https:\\\/\\\/idonim-lingerie.fr\\\/#organization\",\"name\":\"Idonim Lingerie\",\"url\":\"https:\\\/\\\/idonim-lingerie.fr\\\/\",\"logo\":{\"@type\":\"ImageObject\",\"inLanguage\":\"en-GB\",\"@id\":\"https:\\\/\\\/idonim-lingerie.fr\\\/#\\\/schema\\\/logo\\\/image\\\/\",\"url\":\"https:\\\/\\\/idonim-lingerie.fr\\\/wp-content\\\/uploads\\\/2025\\\/12\\\/idonim_h28.webp\",\"contentUrl\":\"https:\\\/\\\/idonim-lingerie.fr\\\/wp-content\\\/uploads\\\/2025\\\/12\\\/idonim_h28.webp\",\"width\":111,\"height\":28,\"caption\":\"Idonim Lingerie\"},\"image\":{\"@id\":\"https:\\\/\\\/idonim-lingerie.fr\\\/#\\\/schema\\\/logo\\\/image\\\/\"}}]}<\/script>\n<!-- \/ Yoast SEO plugin. -->","yoast_head_json":{"title":"Pattern body - ADELE - Idonim Lingerie","description":"Pattern ADELE: A lingerie sewing pattern to create a unique and elegant bodysuit. Ideal for beginners and experienced sewers alike.","robots":{"index":"index","follow":"follow","max-snippet":"max-snippet:-1","max-image-preview":"max-image-preview:large","max-video-preview":"max-video-preview:-1"},"canonical":"https:\/\/idonim-lingerie.fr\/en\/product\/pattern-body-adele\/","og_locale":"en_GB","og_type":"article","og_title":"Patron body - ADELE - Idonim Lingerie","og_description":"Patron ADELE : Un patron de couture lingerie pour cr\u00e9er un body unique et \u00e9l\u00e9gant. Id\u00e9al pour d\u00e9buter en lingerie comme pour les couturiers exp\u00e9riment\u00e9s.","og_url":"https:\/\/idonim-lingerie.fr\/en\/product\/pattern-body-adele\/","og_site_name":"Idonim Lingerie","article_modified_time":"2026-02-28T11:03:02+00:00","twitter_card":"summary_large_image","twitter_misc":{"Estimated reading time":"1 minute"},"schema":{"@context":"https:\/\/schema.org","@graph":[{"@type":"WebPage","@id":"https:\/\/idonim-lingerie.fr\/produit\/patron-body-adele\/","url":"https:\/\/idonim-lingerie.fr\/produit\/patron-body-adele\/","name":"Pattern body - ADELE - Idonim Lingerie","isPartOf":{"@id":"https:\/\/idonim-lingerie.fr\/#website"},"primaryImageOfPage":{"@id":"https:\/\/idonim-lingerie.fr\/produit\/patron-body-adele\/#primaryimage"},"image":{"@id":"https:\/\/idonim-lingerie.fr\/produit\/patron-body-adele\/#primaryimage"},"thumbnailUrl":"https:\/\/idonim-lingerie.fr\/wp-content\/uploads\/2024\/08\/patron-body-Adele-pdf.jpg","datePublished":"2024-08-15T16:38:48+00:00","dateModified":"2026-02-28T11:03:02+00:00","description":"Pattern ADELE: A lingerie sewing pattern to create a unique and elegant bodysuit. Ideal for beginners and experienced sewers alike.","breadcrumb":{"@id":"https:\/\/idonim-lingerie.fr\/produit\/patron-body-adele\/#breadcrumb"},"inLanguage":"en-GB","potentialAction":[{"@type":"ReadAction","target":["https:\/\/idonim-lingerie.fr\/produit\/patron-body-adele\/"]}]},{"@type":"ImageObject","inLanguage":"en-GB","@id":"https:\/\/idonim-lingerie.fr\/produit\/patron-body-adele\/#primaryimage","url":"https:\/\/idonim-lingerie.fr\/wp-content\/uploads\/2024\/08\/patron-body-Adele-pdf.jpg","contentUrl":"https:\/\/idonim-lingerie.fr\/wp-content\/uploads\/2024\/08\/patron-body-Adele-pdf.jpg","caption":"patron body Adele"},{"@type":"BreadcrumbList","@id":"https:\/\/idonim-lingerie.fr\/produit\/patron-body-adele\/#breadcrumb","itemListElement":[{"@type":"ListItem","position":1,"name":"Accueil","item":"https:\/\/idonim-lingerie.fr\/en\/"},{"@type":"ListItem","position":2,"name":"Boutique","item":"https:\/\/idonim-lingerie.fr\/shop\/"},{"@type":"ListItem","position":3,"name":"Patron body &#8211; ADELE"}]},{"@type":"WebSite","@id":"https:\/\/idonim-lingerie.fr\/#website","url":"https:\/\/idonim-lingerie.fr\/","name":"Idonim Lingerie","description":"Idonim offers a wide selection of fabrics, laces and accessories for your creations. Fast delivery. Educational workshops. Quality creation. Mixing Style and Comfort.","publisher":{"@id":"https:\/\/idonim-lingerie.fr\/#organization"},"potentialAction":[{"@type":"SearchAction","target":{"@type":"EntryPoint","urlTemplate":"https:\/\/idonim-lingerie.fr\/?s={search_term_string}"},"query-input":{"@type":"PropertyValueSpecification","valueRequired":true,"valueName":"search_term_string"}}],"inLanguage":"en-GB"},{"@type":"Organization","@id":"https:\/\/idonim-lingerie.fr\/#organization","name":"Idonim Lingerie","url":"https:\/\/idonim-lingerie.fr\/","logo":{"@type":"ImageObject","inLanguage":"en-GB","@id":"https:\/\/idonim-lingerie.fr\/#\/schema\/logo\/image\/","url":"https:\/\/idonim-lingerie.fr\/wp-content\/uploads\/2025\/12\/idonim_h28.webp","contentUrl":"https:\/\/idonim-lingerie.fr\/wp-content\/uploads\/2025\/12\/idonim_h28.webp","width":111,"height":28,"caption":"Idonim Lingerie"},"image":{"@id":"https:\/\/idonim-lingerie.fr\/#\/schema\/logo\/image\/"}}]}},"_links":{"self":[{"href":"https:\/\/idonim-lingerie.fr\/en\/wp-json\/wp\/v2\/product\/39840","targetHints":{"allow":["GET"]}}],"collection":[{"href":"https:\/\/idonim-lingerie.fr\/en\/wp-json\/wp\/v2\/product"}],"about":[{"href":"https:\/\/idonim-lingerie.fr\/en\/wp-json\/wp\/v2\/types\/product"}],"replies":[{"embeddable":true,"href":"https:\/\/idonim-lingerie.fr\/en\/wp-json\/wp\/v2\/comments?post=39840"}],"wp:featuredmedia":[{"embeddable":true,"href":"https:\/\/idonim-lingerie.fr\/en\/wp-json\/wp\/v2\/media\/40789"}],"wp:attachment":[{"href":"https:\/\/idonim-lingerie.fr\/en\/wp-json\/wp\/v2\/media?parent=39840"}],"wp:term":[{"taxonomy":"product_brand","embeddable":true,"href":"https:\/\/idonim-lingerie.fr\/en\/wp-json\/wp\/v2\/product_brand?post=39840"},{"taxonomy":"product_cat","embeddable":true,"href":"https:\/\/idonim-lingerie.fr\/en\/wp-json\/wp\/v2\/product_cat?post=39840"},{"taxonomy":"product_tag","embeddable":true,"href":"https:\/\/idonim-lingerie.fr\/en\/wp-json\/wp\/v2\/product_tag?post=39840"}],"curies":[{"name":"wp","href":"https:\/\/api.w.org\/{rel}","templated":true}]}}