{"id":39395,"date":"2024-07-23T18:33:23","date_gmt":"2024-07-23T16:33:23","guid":{"rendered":"https:\/\/idonim-lingerie.fr\/?post_type=product&#038;p=39395"},"modified":"2026-04-02T15:06:18","modified_gmt":"2026-04-02T13:06:18","slug":"flat-elastic-6mm-ivory","status":"publish","type":"product","link":"https:\/\/idonim-lingerie.fr\/en\/product\/flat-elastic-6mm-ivory\/","title":{"rendered":"Flat elastic - 6mm - ivory"},"content":{"rendered":"<p><span style=\"color: #b68457;\"><strong>Composition:<\/strong><\/span><\/p>\n<p>Origin : Spain<\/p>\n<p>&nbsp;<\/p>\n<p><span style=\"color: #b68457;\"><strong>Advice :<\/strong><\/span><\/p>","protected":false},"excerpt":{"rendered":"<p>Flat elastic used to make knickers and to line the tops of bras.<\/p>\n<p>This elastic is soft, strong and supple. It is a special lingerie elastic of very good quality.<\/p>\n<p>&nbsp;<\/p>\n<p>Colour: ivory<\/p>\n<p>Width: 6mm<\/p>\n<p><strong>Sold by the metre\u00a0<\/strong><\/p>","protected":false},"featured_media":39396,"comment_status":"closed","ping_status":"closed","template":"","meta":[],"product_brand":[],"product_cat":[715,153,178],"product_tag":[],"class_list":{"0":"post-39395","1":"product","2":"type-product","3":"status-publish","4":"has-post-thumbnail","6":"product_cat-elastique-6-9mm","7":"product_cat-elastiques","8":"product_cat-elastiques-plats","9":"product_shipping_class-tissus-leges","11":"first","12":"instock","13":"taxable","14":"shipping-taxable","15":"purchasable","16":"product-type-simple"},"yoast_head":"<!-- This site is optimized with the Yoast SEO plugin v27.3 - https:\/\/yoast.com\/product\/yoast-seo-wordpress\/ -->\n<title>Elastique plat - 6mm - ivoire - Idonim Lingerie<\/title>\n<meta name=\"description\" content=\"Petit \u00e9lastique plat de 6mm parfait pour la r\u00e9alisation de pi\u00e8ces de lingerie; culottes, border les bonnets des soutien gorges. Tr\u00e8s belle qualit\u00e9.\" \/>\n<meta name=\"robots\" content=\"index, follow, max-snippet:-1, max-image-preview:large, max-video-preview:-1\" \/>\n<link rel=\"canonical\" href=\"https:\/\/idonim-lingerie.fr\/en\/product\/flat-elastic-6mm-ivory\/\" \/>\n<meta property=\"og:locale\" content=\"en_GB\" \/>\n<meta property=\"og:type\" content=\"article\" \/>\n<meta property=\"og:title\" content=\"Elastique plat - 6mm - ivoire - Idonim Lingerie\" \/>\n<meta property=\"og:description\" content=\"Petit \u00e9lastique plat de 6mm parfait pour la r\u00e9alisation de pi\u00e8ces de lingerie; culottes, border les bonnets des soutien gorges. Tr\u00e8s belle qualit\u00e9.\" \/>\n<meta property=\"og:url\" content=\"https:\/\/idonim-lingerie.fr\/en\/product\/flat-elastic-6mm-ivory\/\" \/>\n<meta property=\"og:site_name\" content=\"Idonim Lingerie\" \/>\n<meta property=\"article:modified_time\" content=\"2026-04-02T13:06:18+00:00\" \/>\n<meta property=\"og:image\" content=\"https:\/\/idonim-lingerie.fr\/wp-content\/uploads\/2024\/07\/elastique-plat-6mm-ivoire.jpg\" \/>\n\t<meta property=\"og:image:width\" content=\"640\" \/>\n\t<meta property=\"og:image:height\" content=\"640\" \/>\n\t<meta property=\"og:image:type\" content=\"image\/jpeg\" \/>\n<meta name=\"twitter:card\" content=\"summary_large_image\" \/>\n<meta name=\"twitter:label1\" content=\"Estimated reading time\" \/>\n\t<meta name=\"twitter:data1\" content=\"1 minute\" \/>\n<script type=\"application\/ld+json\" class=\"yoast-schema-graph\">{\"@context\":\"https:\\\/\\\/schema.org\",\"@graph\":[{\"@type\":\"WebPage\",\"@id\":\"https:\\\/\\\/idonim-lingerie.fr\\\/produit\\\/elastique-plat-6mm-ivoire\\\/\",\"url\":\"https:\\\/\\\/idonim-lingerie.fr\\\/produit\\\/elastique-plat-6mm-ivoire\\\/\",\"name\":\"Elastique plat - 6mm - ivoire - Idonim Lingerie\",\"isPartOf\":{\"@id\":\"https:\\\/\\\/idonim-lingerie.fr\\\/#website\"},\"primaryImageOfPage\":{\"@id\":\"https:\\\/\\\/idonim-lingerie.fr\\\/produit\\\/elastique-plat-6mm-ivoire\\\/#primaryimage\"},\"image\":{\"@id\":\"https:\\\/\\\/idonim-lingerie.fr\\\/produit\\\/elastique-plat-6mm-ivoire\\\/#primaryimage\"},\"thumbnailUrl\":\"https:\\\/\\\/idonim-lingerie.fr\\\/wp-content\\\/uploads\\\/2024\\\/07\\\/elastique-plat-6mm-ivoire.jpg\",\"datePublished\":\"2024-07-23T16:33:23+00:00\",\"dateModified\":\"2026-04-02T13:06:18+00:00\",\"description\":\"Petit \u00e9lastique plat de 6mm parfait pour la r\u00e9alisation de pi\u00e8ces de lingerie; culottes, border les bonnets des soutien gorges. Tr\u00e8s belle qualit\u00e9.\",\"breadcrumb\":{\"@id\":\"https:\\\/\\\/idonim-lingerie.fr\\\/produit\\\/elastique-plat-6mm-ivoire\\\/#breadcrumb\"},\"inLanguage\":\"en-GB\",\"potentialAction\":[{\"@type\":\"ReadAction\",\"target\":[\"https:\\\/\\\/idonim-lingerie.fr\\\/produit\\\/elastique-plat-6mm-ivoire\\\/\"]}]},{\"@type\":\"ImageObject\",\"inLanguage\":\"en-GB\",\"@id\":\"https:\\\/\\\/idonim-lingerie.fr\\\/produit\\\/elastique-plat-6mm-ivoire\\\/#primaryimage\",\"url\":\"https:\\\/\\\/idonim-lingerie.fr\\\/wp-content\\\/uploads\\\/2024\\\/07\\\/elastique-plat-6mm-ivoire.jpg\",\"contentUrl\":\"https:\\\/\\\/idonim-lingerie.fr\\\/wp-content\\\/uploads\\\/2024\\\/07\\\/elastique-plat-6mm-ivoire.jpg\",\"width\":640,\"height\":640,\"caption\":\"\u00e9lastique plat 6mm ivoire\"},{\"@type\":\"BreadcrumbList\",\"@id\":\"https:\\\/\\\/idonim-lingerie.fr\\\/produit\\\/elastique-plat-6mm-ivoire\\\/#breadcrumb\",\"itemListElement\":[{\"@type\":\"ListItem\",\"position\":1,\"name\":\"Accueil\",\"item\":\"https:\\\/\\\/idonim-lingerie.fr\\\/en\\\/\"},{\"@type\":\"ListItem\",\"position\":2,\"name\":\"Boutique\",\"item\":\"https:\\\/\\\/idonim-lingerie.fr\\\/shop\\\/\"},{\"@type\":\"ListItem\",\"position\":3,\"name\":\"Elastique plat &#8211; 6mm &#8211; ivoire\"}]},{\"@type\":\"WebSite\",\"@id\":\"https:\\\/\\\/idonim-lingerie.fr\\\/#website\",\"url\":\"https:\\\/\\\/idonim-lingerie.fr\\\/\",\"name\":\"Idonim Lingerie\",\"description\":\"Idonim offre une s\u00e9lection vari\u00e9e de tissus, dentelles et accessoires pour vos cr\u00e9ations. Livraison rapide. Ateliers P\u00e9dagogiques. Cr\u00e9ation De Qualit\u00e9. M\u00ealant Style Et Confort.\",\"publisher\":{\"@id\":\"https:\\\/\\\/idonim-lingerie.fr\\\/#organization\"},\"potentialAction\":[{\"@type\":\"SearchAction\",\"target\":{\"@type\":\"EntryPoint\",\"urlTemplate\":\"https:\\\/\\\/idonim-lingerie.fr\\\/?s={search_term_string}\"},\"query-input\":{\"@type\":\"PropertyValueSpecification\",\"valueRequired\":true,\"valueName\":\"search_term_string\"}}],\"inLanguage\":\"en-GB\"},{\"@type\":\"Organization\",\"@id\":\"https:\\\/\\\/idonim-lingerie.fr\\\/#organization\",\"name\":\"Idonim Lingerie\",\"url\":\"https:\\\/\\\/idonim-lingerie.fr\\\/\",\"logo\":{\"@type\":\"ImageObject\",\"inLanguage\":\"en-GB\",\"@id\":\"https:\\\/\\\/idonim-lingerie.fr\\\/#\\\/schema\\\/logo\\\/image\\\/\",\"url\":\"https:\\\/\\\/idonim-lingerie.fr\\\/wp-content\\\/uploads\\\/2025\\\/12\\\/idonim_h28.webp\",\"contentUrl\":\"https:\\\/\\\/idonim-lingerie.fr\\\/wp-content\\\/uploads\\\/2025\\\/12\\\/idonim_h28.webp\",\"width\":111,\"height\":28,\"caption\":\"Idonim Lingerie\"},\"image\":{\"@id\":\"https:\\\/\\\/idonim-lingerie.fr\\\/#\\\/schema\\\/logo\\\/image\\\/\"}}]}<\/script>\n<!-- \/ Yoast SEO plugin. -->","yoast_head_json":{"title":"Flat elastic - 6mm - ivory - Idonim Lingerie","description":"Small 6mm flat elastic perfect for making lingerie, panties and bra cups. Very high quality.","robots":{"index":"index","follow":"follow","max-snippet":"max-snippet:-1","max-image-preview":"max-image-preview:large","max-video-preview":"max-video-preview:-1"},"canonical":"https:\/\/idonim-lingerie.fr\/en\/product\/flat-elastic-6mm-ivory\/","og_locale":"en_GB","og_type":"article","og_title":"Elastique plat - 6mm - ivoire - Idonim Lingerie","og_description":"Petit \u00e9lastique plat de 6mm parfait pour la r\u00e9alisation de pi\u00e8ces de lingerie; culottes, border les bonnets des soutien gorges. Tr\u00e8s belle qualit\u00e9.","og_url":"https:\/\/idonim-lingerie.fr\/en\/product\/flat-elastic-6mm-ivory\/","og_site_name":"Idonim Lingerie","article_modified_time":"2026-04-02T13:06:18+00:00","og_image":[{"width":640,"height":640,"url":"https:\/\/idonim-lingerie.fr\/wp-content\/uploads\/2024\/07\/elastique-plat-6mm-ivoire.jpg","type":"image\/jpeg"}],"twitter_card":"summary_large_image","twitter_misc":{"Estimated reading time":"1 minute"},"schema":{"@context":"https:\/\/schema.org","@graph":[{"@type":"WebPage","@id":"https:\/\/idonim-lingerie.fr\/produit\/elastique-plat-6mm-ivoire\/","url":"https:\/\/idonim-lingerie.fr\/produit\/elastique-plat-6mm-ivoire\/","name":"Flat elastic - 6mm - ivory - Idonim Lingerie","isPartOf":{"@id":"https:\/\/idonim-lingerie.fr\/#website"},"primaryImageOfPage":{"@id":"https:\/\/idonim-lingerie.fr\/produit\/elastique-plat-6mm-ivoire\/#primaryimage"},"image":{"@id":"https:\/\/idonim-lingerie.fr\/produit\/elastique-plat-6mm-ivoire\/#primaryimage"},"thumbnailUrl":"https:\/\/idonim-lingerie.fr\/wp-content\/uploads\/2024\/07\/elastique-plat-6mm-ivoire.jpg","datePublished":"2024-07-23T16:33:23+00:00","dateModified":"2026-04-02T13:06:18+00:00","description":"Small 6mm flat elastic perfect for making lingerie, panties and bra cups. Very high quality.","breadcrumb":{"@id":"https:\/\/idonim-lingerie.fr\/produit\/elastique-plat-6mm-ivoire\/#breadcrumb"},"inLanguage":"en-GB","potentialAction":[{"@type":"ReadAction","target":["https:\/\/idonim-lingerie.fr\/produit\/elastique-plat-6mm-ivoire\/"]}]},{"@type":"ImageObject","inLanguage":"en-GB","@id":"https:\/\/idonim-lingerie.fr\/produit\/elastique-plat-6mm-ivoire\/#primaryimage","url":"https:\/\/idonim-lingerie.fr\/wp-content\/uploads\/2024\/07\/elastique-plat-6mm-ivoire.jpg","contentUrl":"https:\/\/idonim-lingerie.fr\/wp-content\/uploads\/2024\/07\/elastique-plat-6mm-ivoire.jpg","width":640,"height":640,"caption":"\u00e9lastique plat 6mm ivoire"},{"@type":"BreadcrumbList","@id":"https:\/\/idonim-lingerie.fr\/produit\/elastique-plat-6mm-ivoire\/#breadcrumb","itemListElement":[{"@type":"ListItem","position":1,"name":"Accueil","item":"https:\/\/idonim-lingerie.fr\/en\/"},{"@type":"ListItem","position":2,"name":"Boutique","item":"https:\/\/idonim-lingerie.fr\/shop\/"},{"@type":"ListItem","position":3,"name":"Elastique plat &#8211; 6mm &#8211; ivoire"}]},{"@type":"WebSite","@id":"https:\/\/idonim-lingerie.fr\/#website","url":"https:\/\/idonim-lingerie.fr\/","name":"Idonim Lingerie","description":"Idonim offers a wide selection of fabrics, laces and accessories for your creations. Fast delivery. Educational workshops. Quality creation. Mixing Style and Comfort.","publisher":{"@id":"https:\/\/idonim-lingerie.fr\/#organization"},"potentialAction":[{"@type":"SearchAction","target":{"@type":"EntryPoint","urlTemplate":"https:\/\/idonim-lingerie.fr\/?s={search_term_string}"},"query-input":{"@type":"PropertyValueSpecification","valueRequired":true,"valueName":"search_term_string"}}],"inLanguage":"en-GB"},{"@type":"Organization","@id":"https:\/\/idonim-lingerie.fr\/#organization","name":"Idonim Lingerie","url":"https:\/\/idonim-lingerie.fr\/","logo":{"@type":"ImageObject","inLanguage":"en-GB","@id":"https:\/\/idonim-lingerie.fr\/#\/schema\/logo\/image\/","url":"https:\/\/idonim-lingerie.fr\/wp-content\/uploads\/2025\/12\/idonim_h28.webp","contentUrl":"https:\/\/idonim-lingerie.fr\/wp-content\/uploads\/2025\/12\/idonim_h28.webp","width":111,"height":28,"caption":"Idonim Lingerie"},"image":{"@id":"https:\/\/idonim-lingerie.fr\/#\/schema\/logo\/image\/"}}]}},"_links":{"self":[{"href":"https:\/\/idonim-lingerie.fr\/en\/wp-json\/wp\/v2\/product\/39395","targetHints":{"allow":["GET"]}}],"collection":[{"href":"https:\/\/idonim-lingerie.fr\/en\/wp-json\/wp\/v2\/product"}],"about":[{"href":"https:\/\/idonim-lingerie.fr\/en\/wp-json\/wp\/v2\/types\/product"}],"replies":[{"embeddable":true,"href":"https:\/\/idonim-lingerie.fr\/en\/wp-json\/wp\/v2\/comments?post=39395"}],"wp:featuredmedia":[{"embeddable":true,"href":"https:\/\/idonim-lingerie.fr\/en\/wp-json\/wp\/v2\/media\/39396"}],"wp:attachment":[{"href":"https:\/\/idonim-lingerie.fr\/en\/wp-json\/wp\/v2\/media?parent=39395"}],"wp:term":[{"taxonomy":"product_brand","embeddable":true,"href":"https:\/\/idonim-lingerie.fr\/en\/wp-json\/wp\/v2\/product_brand?post=39395"},{"taxonomy":"product_cat","embeddable":true,"href":"https:\/\/idonim-lingerie.fr\/en\/wp-json\/wp\/v2\/product_cat?post=39395"},{"taxonomy":"product_tag","embeddable":true,"href":"https:\/\/idonim-lingerie.fr\/en\/wp-json\/wp\/v2\/product_tag?post=39395"}],"curies":[{"name":"wp","href":"https:\/\/api.w.org\/{rel}","templated":true}]}}