{"id":35971,"date":"2023-12-22T10:25:02","date_gmt":"2023-12-22T09:25:02","guid":{"rendered":"https:\/\/idonim-lingerie.fr\/?post_type=product&#038;p=35971"},"modified":"2026-01-16T20:52:36","modified_gmt":"2026-01-16T19:52:36","slug":"kit-culotte-slip-menstruelle-bordeaux","status":"publish","type":"product","link":"https:\/\/idonim-lingerie.fr\/en\/product\/kit-culotte-slip-menstruelle-bordeaux\/","title":{"rendered":"Kit\/box panties \/ briefs - menstrual - burgundy"},"content":{"rendered":"<p>One kit contains:<\/p>\n<p>- 45x140cm stretch jersey<\/p>\n<p>-30x35cm ZORB MEDIUM 3D absorbent fabric with antimicrobial treatment<\/p>\n<p>-30x35cm of waterproof PULFOOD fabric for an airtight seal<\/p>\n<p>-30x35cm cotton jersey for the bottom of the knickers<\/p>\n<p>- 3m jumper\/fold over 20mm elastic band<\/p>\n<p>&nbsp;<\/p>\n<p><strong>Option: the LILOU pattern<\/strong><\/p>\n<p><strong>The pattern comes with an instruction booklet<\/strong><strong> for sizes 36 to 48 (FR) \/ 04 to 16 (US) included in paper format in the couture box.<\/strong><\/p>\n<p>&nbsp;<\/p>\n<p><span style=\"color: #b68457;\"><strong>Composition of the fabric for the panties :<\/strong><\/span><\/p>\n<p>PA \/ EA \/ polyurethane<\/p>\n<p>Width: 140cm<\/p>\n<p>Fabric origin: US and Italy<\/p>\n<p><span style=\"color: #b68457;\"><strong>Advice :<\/strong><\/span><\/p>\n<p>- Use of stretch needles is highly recommended<\/p>\n<p>- Wash at 40\u00b0C max without fabric softener or chlorine<\/p>\n<p>- No tumble drying<\/p>\n<p>-Leave to soak for a maximum of 4 hours<\/p>","protected":false},"excerpt":{"rendered":"<p>Ideal kit for making one or 2 menstrual pants.<\/p>\n<p>This kit is specially adapted to make our LILOU menstrual panties, which are available as an option.<\/p>\n<p>The kit contains enough fabric and supplies for all sizes and types of knickers. The quantities are therefore sufficient to make up to 2 pairs of knickers, depending on the pattern or model you are going to make.<\/p>\n<p>The technical fabrics are from ZORB, the world leader in absorption. We have selected the ZORB 3D Stay Dry MEDIUM fabric for medium flows.<\/p>\n<p>You'll also find the HEAVY reference on the site, suitable for heavy flows. Please note that I do not recommend menstrual panties for haemorrhagic flows.<\/p>\n<p>Colour: burgundy<\/p>\n<p><strong>Sold individually with or without pattern.<\/strong><\/p>","protected":false},"featured_media":35974,"comment_status":"closed","ping_status":"closed","template":"","meta":[],"product_brand":[],"product_cat":[203,184],"product_tag":[],"class_list":{"0":"post-35971","1":"product","2":"type-product","3":"status-publish","4":"has-post-thumbnail","6":"product_cat-kit-culotte-slip","7":"product_cat-kits","8":"product_shipping_class-tissus-lourds","10":"first","11":"instock","12":"taxable","13":"shipping-taxable","14":"purchasable","15":"product-type-variable"},"yoast_head":"<!-- This site is optimized with the Yoast SEO plugin v27.3 - https:\/\/yoast.com\/product\/yoast-seo-wordpress\/ -->\n<title>Kit\/box culotte \/ slip - menstruelle - bordeaux - Idonim Lingerie<\/title>\n<meta name=\"robots\" content=\"index, follow, max-snippet:-1, max-image-preview:large, max-video-preview:-1\" \/>\n<link rel=\"canonical\" href=\"https:\/\/idonim-lingerie.fr\/en\/product\/kit-culotte-slip-menstruelle-bordeaux\/\" \/>\n<meta property=\"og:locale\" content=\"en_GB\" \/>\n<meta property=\"og:type\" content=\"article\" \/>\n<meta property=\"og:title\" content=\"Kit\/box culotte \/ slip - menstruelle - bordeaux - Idonim Lingerie\" \/>\n<meta property=\"og:description\" content=\"Kit id\u00e9al pour la r\u00e9alisation d&#039;une ou 2 culottes menstruelle.  Ce kit est sp\u00e9cialement adapt\u00e9 pour r\u00e9aliser la culotte menstruelle LILOU de notre marque qui est propos\u00e9 en option.  Le kit contient assez de tissu et fourniture quelque soit votre taille et le type de culotte que vous souhaitez r\u00e9aliser. Les quantit\u00e9s seront donc suffisantes pour r\u00e9aliser jusqu&#039;\u00e0 2 culottes selon le patron ou mod\u00e8le que vous allez r\u00e9aliser.  Les tissus techniques sont de la marque ZORB le leader mondial de l&#039;absorption. Nous avons s\u00e9lectionn\u00e9 le tissu de type ZORB 3D Stay Dry MEDIUM adapt\u00e9 aux flux moyens.  Vous trouverez \u00e9galement sur le site la r\u00e9f\u00e9rence HEAVY adapt\u00e9e aux flux importants. Attention je ne pr\u00e9conise pas les culottes menstruelles pour des flux de type h\u00e9morragiques.  Couleur : bordeaux  Vendu \u00e0 l&#039;unit\u00e9 avec ou sans patron.\" \/>\n<meta property=\"og:url\" content=\"https:\/\/idonim-lingerie.fr\/en\/product\/kit-culotte-slip-menstruelle-bordeaux\/\" \/>\n<meta property=\"og:site_name\" content=\"Idonim Lingerie\" \/>\n<meta property=\"article:modified_time\" content=\"2026-01-16T19:52:36+00:00\" \/>\n<meta property=\"og:image\" content=\"https:\/\/idonim-lingerie.fr\/wp-content\/uploads\/2023\/12\/IMG_9105.jpg\" \/>\n\t<meta property=\"og:image:width\" content=\"640\" \/>\n\t<meta property=\"og:image:height\" content=\"640\" \/>\n\t<meta property=\"og:image:type\" content=\"image\/jpeg\" \/>\n<meta name=\"twitter:card\" content=\"summary_large_image\" \/>\n<meta name=\"twitter:label1\" content=\"Estimated reading time\" \/>\n\t<meta name=\"twitter:data1\" content=\"1 minute\" \/>\n<script type=\"application\/ld+json\" class=\"yoast-schema-graph\">{\"@context\":\"https:\\\/\\\/schema.org\",\"@graph\":[{\"@type\":\"WebPage\",\"@id\":\"https:\\\/\\\/idonim-lingerie.fr\\\/produit\\\/kit-culotte-slip-menstruelle-bordeaux\\\/\",\"url\":\"https:\\\/\\\/idonim-lingerie.fr\\\/produit\\\/kit-culotte-slip-menstruelle-bordeaux\\\/\",\"name\":\"Kit\\\/box culotte \\\/ slip - menstruelle - bordeaux - Idonim Lingerie\",\"isPartOf\":{\"@id\":\"https:\\\/\\\/idonim-lingerie.fr\\\/#website\"},\"primaryImageOfPage\":{\"@id\":\"https:\\\/\\\/idonim-lingerie.fr\\\/produit\\\/kit-culotte-slip-menstruelle-bordeaux\\\/#primaryimage\"},\"image\":{\"@id\":\"https:\\\/\\\/idonim-lingerie.fr\\\/produit\\\/kit-culotte-slip-menstruelle-bordeaux\\\/#primaryimage\"},\"thumbnailUrl\":\"https:\\\/\\\/idonim-lingerie.fr\\\/wp-content\\\/uploads\\\/2023\\\/12\\\/IMG_9105.jpg\",\"datePublished\":\"2023-12-22T09:25:02+00:00\",\"dateModified\":\"2026-01-16T19:52:36+00:00\",\"breadcrumb\":{\"@id\":\"https:\\\/\\\/idonim-lingerie.fr\\\/produit\\\/kit-culotte-slip-menstruelle-bordeaux\\\/#breadcrumb\"},\"inLanguage\":\"en-GB\",\"potentialAction\":[{\"@type\":\"ReadAction\",\"target\":[\"https:\\\/\\\/idonim-lingerie.fr\\\/produit\\\/kit-culotte-slip-menstruelle-bordeaux\\\/\"]}]},{\"@type\":\"ImageObject\",\"inLanguage\":\"en-GB\",\"@id\":\"https:\\\/\\\/idonim-lingerie.fr\\\/produit\\\/kit-culotte-slip-menstruelle-bordeaux\\\/#primaryimage\",\"url\":\"https:\\\/\\\/idonim-lingerie.fr\\\/wp-content\\\/uploads\\\/2023\\\/12\\\/IMG_9105.jpg\",\"contentUrl\":\"https:\\\/\\\/idonim-lingerie.fr\\\/wp-content\\\/uploads\\\/2023\\\/12\\\/IMG_9105.jpg\",\"width\":640,\"height\":640},{\"@type\":\"BreadcrumbList\",\"@id\":\"https:\\\/\\\/idonim-lingerie.fr\\\/produit\\\/kit-culotte-slip-menstruelle-bordeaux\\\/#breadcrumb\",\"itemListElement\":[{\"@type\":\"ListItem\",\"position\":1,\"name\":\"Accueil\",\"item\":\"https:\\\/\\\/idonim-lingerie.fr\\\/en\\\/\"},{\"@type\":\"ListItem\",\"position\":2,\"name\":\"Boutique\",\"item\":\"https:\\\/\\\/idonim-lingerie.fr\\\/shop\\\/\"},{\"@type\":\"ListItem\",\"position\":3,\"name\":\"Kit\\\/box culotte \\\/ slip &#8211; menstruelle &#8211; bordeaux\"}]},{\"@type\":\"WebSite\",\"@id\":\"https:\\\/\\\/idonim-lingerie.fr\\\/#website\",\"url\":\"https:\\\/\\\/idonim-lingerie.fr\\\/\",\"name\":\"Idonim Lingerie\",\"description\":\"Idonim offre une s\u00e9lection vari\u00e9e de tissus, dentelles et accessoires pour vos cr\u00e9ations. Livraison rapide. Ateliers P\u00e9dagogiques. Cr\u00e9ation De Qualit\u00e9. M\u00ealant Style Et Confort.\",\"publisher\":{\"@id\":\"https:\\\/\\\/idonim-lingerie.fr\\\/#organization\"},\"potentialAction\":[{\"@type\":\"SearchAction\",\"target\":{\"@type\":\"EntryPoint\",\"urlTemplate\":\"https:\\\/\\\/idonim-lingerie.fr\\\/?s={search_term_string}\"},\"query-input\":{\"@type\":\"PropertyValueSpecification\",\"valueRequired\":true,\"valueName\":\"search_term_string\"}}],\"inLanguage\":\"en-GB\"},{\"@type\":\"Organization\",\"@id\":\"https:\\\/\\\/idonim-lingerie.fr\\\/#organization\",\"name\":\"Idonim Lingerie\",\"url\":\"https:\\\/\\\/idonim-lingerie.fr\\\/\",\"logo\":{\"@type\":\"ImageObject\",\"inLanguage\":\"en-GB\",\"@id\":\"https:\\\/\\\/idonim-lingerie.fr\\\/#\\\/schema\\\/logo\\\/image\\\/\",\"url\":\"https:\\\/\\\/idonim-lingerie.fr\\\/wp-content\\\/uploads\\\/2025\\\/12\\\/idonim_h28.webp\",\"contentUrl\":\"https:\\\/\\\/idonim-lingerie.fr\\\/wp-content\\\/uploads\\\/2025\\\/12\\\/idonim_h28.webp\",\"width\":111,\"height\":28,\"caption\":\"Idonim Lingerie\"},\"image\":{\"@id\":\"https:\\\/\\\/idonim-lingerie.fr\\\/#\\\/schema\\\/logo\\\/image\\\/\"}}]}<\/script>\n<!-- \/ Yoast SEO plugin. -->","yoast_head_json":{"title":"Kit\/box culotte \/ slip - menstruelle - bordeaux - Idonim Lingerie","robots":{"index":"index","follow":"follow","max-snippet":"max-snippet:-1","max-image-preview":"max-image-preview:large","max-video-preview":"max-video-preview:-1"},"canonical":"https:\/\/idonim-lingerie.fr\/en\/product\/kit-culotte-slip-menstruelle-bordeaux\/","og_locale":"en_GB","og_type":"article","og_title":"Kit\/box culotte \/ slip - menstruelle - bordeaux - Idonim Lingerie","og_description":"Kit id\u00e9al pour la r\u00e9alisation d'une ou 2 culottes menstruelle.  Ce kit est sp\u00e9cialement adapt\u00e9 pour r\u00e9aliser la culotte menstruelle LILOU de notre marque qui est propos\u00e9 en option.  Le kit contient assez de tissu et fourniture quelque soit votre taille et le type de culotte que vous souhaitez r\u00e9aliser. Les quantit\u00e9s seront donc suffisantes pour r\u00e9aliser jusqu'\u00e0 2 culottes selon le patron ou mod\u00e8le que vous allez r\u00e9aliser.  Les tissus techniques sont de la marque ZORB le leader mondial de l'absorption. Nous avons s\u00e9lectionn\u00e9 le tissu de type ZORB 3D Stay Dry MEDIUM adapt\u00e9 aux flux moyens.  Vous trouverez \u00e9galement sur le site la r\u00e9f\u00e9rence HEAVY adapt\u00e9e aux flux importants. Attention je ne pr\u00e9conise pas les culottes menstruelles pour des flux de type h\u00e9morragiques.  Couleur : bordeaux  Vendu \u00e0 l'unit\u00e9 avec ou sans patron.","og_url":"https:\/\/idonim-lingerie.fr\/en\/product\/kit-culotte-slip-menstruelle-bordeaux\/","og_site_name":"Idonim Lingerie","article_modified_time":"2026-01-16T19:52:36+00:00","og_image":[{"width":640,"height":640,"url":"https:\/\/idonim-lingerie.fr\/wp-content\/uploads\/2023\/12\/IMG_9105.jpg","type":"image\/jpeg"}],"twitter_card":"summary_large_image","twitter_misc":{"Estimated reading time":"1 minute"},"schema":{"@context":"https:\/\/schema.org","@graph":[{"@type":"WebPage","@id":"https:\/\/idonim-lingerie.fr\/produit\/kit-culotte-slip-menstruelle-bordeaux\/","url":"https:\/\/idonim-lingerie.fr\/produit\/kit-culotte-slip-menstruelle-bordeaux\/","name":"Kit\/box culotte \/ slip - menstruelle - bordeaux - Idonim Lingerie","isPartOf":{"@id":"https:\/\/idonim-lingerie.fr\/#website"},"primaryImageOfPage":{"@id":"https:\/\/idonim-lingerie.fr\/produit\/kit-culotte-slip-menstruelle-bordeaux\/#primaryimage"},"image":{"@id":"https:\/\/idonim-lingerie.fr\/produit\/kit-culotte-slip-menstruelle-bordeaux\/#primaryimage"},"thumbnailUrl":"https:\/\/idonim-lingerie.fr\/wp-content\/uploads\/2023\/12\/IMG_9105.jpg","datePublished":"2023-12-22T09:25:02+00:00","dateModified":"2026-01-16T19:52:36+00:00","breadcrumb":{"@id":"https:\/\/idonim-lingerie.fr\/produit\/kit-culotte-slip-menstruelle-bordeaux\/#breadcrumb"},"inLanguage":"en-GB","potentialAction":[{"@type":"ReadAction","target":["https:\/\/idonim-lingerie.fr\/produit\/kit-culotte-slip-menstruelle-bordeaux\/"]}]},{"@type":"ImageObject","inLanguage":"en-GB","@id":"https:\/\/idonim-lingerie.fr\/produit\/kit-culotte-slip-menstruelle-bordeaux\/#primaryimage","url":"https:\/\/idonim-lingerie.fr\/wp-content\/uploads\/2023\/12\/IMG_9105.jpg","contentUrl":"https:\/\/idonim-lingerie.fr\/wp-content\/uploads\/2023\/12\/IMG_9105.jpg","width":640,"height":640},{"@type":"BreadcrumbList","@id":"https:\/\/idonim-lingerie.fr\/produit\/kit-culotte-slip-menstruelle-bordeaux\/#breadcrumb","itemListElement":[{"@type":"ListItem","position":1,"name":"Accueil","item":"https:\/\/idonim-lingerie.fr\/en\/"},{"@type":"ListItem","position":2,"name":"Boutique","item":"https:\/\/idonim-lingerie.fr\/shop\/"},{"@type":"ListItem","position":3,"name":"Kit\/box culotte \/ slip &#8211; menstruelle &#8211; bordeaux"}]},{"@type":"WebSite","@id":"https:\/\/idonim-lingerie.fr\/#website","url":"https:\/\/idonim-lingerie.fr\/","name":"Idonim Lingerie","description":"Idonim offers a wide selection of fabrics, laces and accessories for your creations. Fast delivery. Educational workshops. Quality creation. Mixing Style and Comfort.","publisher":{"@id":"https:\/\/idonim-lingerie.fr\/#organization"},"potentialAction":[{"@type":"SearchAction","target":{"@type":"EntryPoint","urlTemplate":"https:\/\/idonim-lingerie.fr\/?s={search_term_string}"},"query-input":{"@type":"PropertyValueSpecification","valueRequired":true,"valueName":"search_term_string"}}],"inLanguage":"en-GB"},{"@type":"Organization","@id":"https:\/\/idonim-lingerie.fr\/#organization","name":"Idonim Lingerie","url":"https:\/\/idonim-lingerie.fr\/","logo":{"@type":"ImageObject","inLanguage":"en-GB","@id":"https:\/\/idonim-lingerie.fr\/#\/schema\/logo\/image\/","url":"https:\/\/idonim-lingerie.fr\/wp-content\/uploads\/2025\/12\/idonim_h28.webp","contentUrl":"https:\/\/idonim-lingerie.fr\/wp-content\/uploads\/2025\/12\/idonim_h28.webp","width":111,"height":28,"caption":"Idonim Lingerie"},"image":{"@id":"https:\/\/idonim-lingerie.fr\/#\/schema\/logo\/image\/"}}]}},"_links":{"self":[{"href":"https:\/\/idonim-lingerie.fr\/en\/wp-json\/wp\/v2\/product\/35971","targetHints":{"allow":["GET"]}}],"collection":[{"href":"https:\/\/idonim-lingerie.fr\/en\/wp-json\/wp\/v2\/product"}],"about":[{"href":"https:\/\/idonim-lingerie.fr\/en\/wp-json\/wp\/v2\/types\/product"}],"replies":[{"embeddable":true,"href":"https:\/\/idonim-lingerie.fr\/en\/wp-json\/wp\/v2\/comments?post=35971"}],"wp:featuredmedia":[{"embeddable":true,"href":"https:\/\/idonim-lingerie.fr\/en\/wp-json\/wp\/v2\/media\/35974"}],"wp:attachment":[{"href":"https:\/\/idonim-lingerie.fr\/en\/wp-json\/wp\/v2\/media?parent=35971"}],"wp:term":[{"taxonomy":"product_brand","embeddable":true,"href":"https:\/\/idonim-lingerie.fr\/en\/wp-json\/wp\/v2\/product_brand?post=35971"},{"taxonomy":"product_cat","embeddable":true,"href":"https:\/\/idonim-lingerie.fr\/en\/wp-json\/wp\/v2\/product_cat?post=35971"},{"taxonomy":"product_tag","embeddable":true,"href":"https:\/\/idonim-lingerie.fr\/en\/wp-json\/wp\/v2\/product_tag?post=35971"}],"curies":[{"name":"wp","href":"https:\/\/api.w.org\/{rel}","templated":true}]}}