{"id":35618,"date":"2023-11-18T18:13:11","date_gmt":"2023-11-18T17:13:11","guid":{"rendered":"https:\/\/idonim-lingerie.fr\/?post_type=product&#038;p=35618"},"modified":"2026-04-02T19:06:56","modified_gmt":"2026-04-02T17:06:56","slug":"lycra-uni-serie-2-polyamide-blanc","status":"publish","type":"product","link":"https:\/\/idonim-lingerie.fr\/en\/product\/lycra-uni-serie-2-polyamide-blanc\/","title":{"rendered":"lycra lingerie series 2 - plain - white"},"content":{"rendered":"<p><span style=\"color: #b68457;\"><strong>Composition:<\/strong><\/span><\/p>\n<p>85% N \/ 15% EA<\/p>\n<p>Approx. 115g\/m2<\/p>\n<p>Width: 160cm<\/p>\n<p>Elasticity in both directions FR (4 directions US)<\/p>\n<p>Origin : Italy<\/p>\n<p><span style=\"color: #b68457;\"><strong>Advice :<\/strong><\/span><\/p>\n<p>- Use of stretch needles is highly recommended<\/p>\n<p>- Wash at 40\u00b0C max.<\/p>","protected":false},"excerpt":{"rendered":"<p>This fabric contains elastane. It is supple and very light.<\/p>\n<p>Ideal for making lingerie items such as knickers, nighties, ....<\/p>\n<p>Very good quality, thin, I particularly recommend it for lining lace or any other textile. If you want to make reversible shorty knickers (double layer) without elastic on the buttocks so as not to leave traces under clothes, this is the ideal fabric.<\/p>\n<p>You can also use it to line a swimming costume.<\/p>\n<p>Very good quality.<\/p>\n<p>Colour: white<\/p>\n<p><strong>Sold in 10cm lengths<\/strong> (to order 1m order 10 units)<\/p>","protected":false},"featured_media":36247,"comment_status":"closed","ping_status":"closed","template":"","meta":[],"product_brand":[],"product_cat":[159,651,157],"product_tag":[],"class_list":{"0":"post-35618","1":"product","2":"type-product","3":"status-publish","4":"has-post-thumbnail","6":"product_cat-extensibles-unis","7":"product_cat-lycra-serie-lingerie","8":"product_cat-tissus-lingerie","9":"product_shipping_class-tissus-lycra","11":"first","12":"instock","13":"taxable","14":"shipping-taxable","15":"purchasable","16":"product-type-simple"},"yoast_head":"<!-- This site is optimized with the Yoast SEO plugin v27.3 - https:\/\/yoast.com\/product\/yoast-seo-wordpress\/ -->\n<title>lycra lingerie s\u00e9rie 2 - uni - blanc - Idonim Lingerie<\/title>\n<meta name=\"description\" content=\"Tissu lycra, tissu stretch id\u00e9al pour confectionner des v\u00eatements tels que sous-v\u00eatements, lingerie. Il est souple et d&#039;une belle qualit\u00e9.\" \/>\n<meta name=\"robots\" content=\"index, follow, max-snippet:-1, max-image-preview:large, max-video-preview:-1\" \/>\n<link rel=\"canonical\" href=\"https:\/\/idonim-lingerie.fr\/en\/product\/lycra-uni-serie-2-polyamide-blanc\/\" \/>\n<meta property=\"og:locale\" content=\"en_GB\" \/>\n<meta property=\"og:type\" content=\"article\" \/>\n<meta property=\"og:title\" content=\"lycra lingerie s\u00e9rie 2 - uni - blanc - Idonim Lingerie\" \/>\n<meta property=\"og:description\" content=\"Tissu lycra, tissu stretch id\u00e9al pour confectionner des v\u00eatements tels que sous-v\u00eatements, lingerie. Il est souple et d&#039;une belle qualit\u00e9.\" \/>\n<meta property=\"og:url\" content=\"https:\/\/idonim-lingerie.fr\/en\/product\/lycra-uni-serie-2-polyamide-blanc\/\" \/>\n<meta property=\"og:site_name\" content=\"Idonim Lingerie\" \/>\n<meta property=\"article:modified_time\" content=\"2026-04-02T17:06:56+00:00\" \/>\n<meta property=\"og:image\" content=\"https:\/\/idonim-lingerie.fr\/wp-content\/uploads\/2023\/11\/lycra-blanc.jpg\" \/>\n\t<meta property=\"og:image:width\" content=\"640\" \/>\n\t<meta property=\"og:image:height\" content=\"640\" \/>\n\t<meta property=\"og:image:type\" content=\"image\/jpeg\" \/>\n<meta name=\"twitter:card\" content=\"summary_large_image\" \/>\n<meta name=\"twitter:label1\" content=\"Estimated reading time\" \/>\n\t<meta name=\"twitter:data1\" content=\"1 minute\" \/>\n<script type=\"application\/ld+json\" class=\"yoast-schema-graph\">{\"@context\":\"https:\\\/\\\/schema.org\",\"@graph\":[{\"@type\":\"WebPage\",\"@id\":\"https:\\\/\\\/idonim-lingerie.fr\\\/produit\\\/lycra-uni-serie-2-polyamide-blanc\\\/\",\"url\":\"https:\\\/\\\/idonim-lingerie.fr\\\/produit\\\/lycra-uni-serie-2-polyamide-blanc\\\/\",\"name\":\"lycra lingerie s\u00e9rie 2 - uni - blanc - Idonim Lingerie\",\"isPartOf\":{\"@id\":\"https:\\\/\\\/idonim-lingerie.fr\\\/#website\"},\"primaryImageOfPage\":{\"@id\":\"https:\\\/\\\/idonim-lingerie.fr\\\/produit\\\/lycra-uni-serie-2-polyamide-blanc\\\/#primaryimage\"},\"image\":{\"@id\":\"https:\\\/\\\/idonim-lingerie.fr\\\/produit\\\/lycra-uni-serie-2-polyamide-blanc\\\/#primaryimage\"},\"thumbnailUrl\":\"https:\\\/\\\/idonim-lingerie.fr\\\/wp-content\\\/uploads\\\/2023\\\/11\\\/lycra-blanc.jpg\",\"datePublished\":\"2023-11-18T17:13:11+00:00\",\"dateModified\":\"2026-04-02T17:06:56+00:00\",\"description\":\"Tissu lycra, tissu stretch id\u00e9al pour confectionner des v\u00eatements tels que sous-v\u00eatements, lingerie. Il est souple et d'une belle qualit\u00e9.\",\"breadcrumb\":{\"@id\":\"https:\\\/\\\/idonim-lingerie.fr\\\/produit\\\/lycra-uni-serie-2-polyamide-blanc\\\/#breadcrumb\"},\"inLanguage\":\"en-GB\",\"potentialAction\":[{\"@type\":\"ReadAction\",\"target\":[\"https:\\\/\\\/idonim-lingerie.fr\\\/produit\\\/lycra-uni-serie-2-polyamide-blanc\\\/\"]}]},{\"@type\":\"ImageObject\",\"inLanguage\":\"en-GB\",\"@id\":\"https:\\\/\\\/idonim-lingerie.fr\\\/produit\\\/lycra-uni-serie-2-polyamide-blanc\\\/#primaryimage\",\"url\":\"https:\\\/\\\/idonim-lingerie.fr\\\/wp-content\\\/uploads\\\/2023\\\/11\\\/lycra-blanc.jpg\",\"contentUrl\":\"https:\\\/\\\/idonim-lingerie.fr\\\/wp-content\\\/uploads\\\/2023\\\/11\\\/lycra-blanc.jpg\",\"width\":640,\"height\":640,\"caption\":\"lycra blanc\"},{\"@type\":\"BreadcrumbList\",\"@id\":\"https:\\\/\\\/idonim-lingerie.fr\\\/produit\\\/lycra-uni-serie-2-polyamide-blanc\\\/#breadcrumb\",\"itemListElement\":[{\"@type\":\"ListItem\",\"position\":1,\"name\":\"Accueil\",\"item\":\"https:\\\/\\\/idonim-lingerie.fr\\\/en\\\/\"},{\"@type\":\"ListItem\",\"position\":2,\"name\":\"Boutique\",\"item\":\"https:\\\/\\\/idonim-lingerie.fr\\\/shop\\\/\"},{\"@type\":\"ListItem\",\"position\":3,\"name\":\"lycra lingerie s\u00e9rie 2 &#8211; uni &#8211; blanc\"}]},{\"@type\":\"WebSite\",\"@id\":\"https:\\\/\\\/idonim-lingerie.fr\\\/#website\",\"url\":\"https:\\\/\\\/idonim-lingerie.fr\\\/\",\"name\":\"Idonim Lingerie\",\"description\":\"Idonim offre une s\u00e9lection vari\u00e9e de tissus, dentelles et accessoires pour vos cr\u00e9ations. Livraison rapide. Ateliers P\u00e9dagogiques. Cr\u00e9ation De Qualit\u00e9. M\u00ealant Style Et Confort.\",\"publisher\":{\"@id\":\"https:\\\/\\\/idonim-lingerie.fr\\\/#organization\"},\"potentialAction\":[{\"@type\":\"SearchAction\",\"target\":{\"@type\":\"EntryPoint\",\"urlTemplate\":\"https:\\\/\\\/idonim-lingerie.fr\\\/?s={search_term_string}\"},\"query-input\":{\"@type\":\"PropertyValueSpecification\",\"valueRequired\":true,\"valueName\":\"search_term_string\"}}],\"inLanguage\":\"en-GB\"},{\"@type\":\"Organization\",\"@id\":\"https:\\\/\\\/idonim-lingerie.fr\\\/#organization\",\"name\":\"Idonim Lingerie\",\"url\":\"https:\\\/\\\/idonim-lingerie.fr\\\/\",\"logo\":{\"@type\":\"ImageObject\",\"inLanguage\":\"en-GB\",\"@id\":\"https:\\\/\\\/idonim-lingerie.fr\\\/#\\\/schema\\\/logo\\\/image\\\/\",\"url\":\"https:\\\/\\\/idonim-lingerie.fr\\\/wp-content\\\/uploads\\\/2025\\\/12\\\/idonim_h28.webp\",\"contentUrl\":\"https:\\\/\\\/idonim-lingerie.fr\\\/wp-content\\\/uploads\\\/2025\\\/12\\\/idonim_h28.webp\",\"width\":111,\"height\":28,\"caption\":\"Idonim Lingerie\"},\"image\":{\"@id\":\"https:\\\/\\\/idonim-lingerie.fr\\\/#\\\/schema\\\/logo\\\/image\\\/\"}}]}<\/script>\n<!-- \/ Yoast SEO plugin. -->","yoast_head_json":{"title":"lycra lingerie s\u00e9rie 2 - uni - blanc - Idonim Lingerie","description":"Tissu lycra, tissu stretch id\u00e9al pour confectionner des v\u00eatements tels que sous-v\u00eatements, lingerie. Il est souple et d'une belle qualit\u00e9.","robots":{"index":"index","follow":"follow","max-snippet":"max-snippet:-1","max-image-preview":"max-image-preview:large","max-video-preview":"max-video-preview:-1"},"canonical":"https:\/\/idonim-lingerie.fr\/en\/product\/lycra-uni-serie-2-polyamide-blanc\/","og_locale":"en_GB","og_type":"article","og_title":"lycra lingerie s\u00e9rie 2 - uni - blanc - Idonim Lingerie","og_description":"Tissu lycra, tissu stretch id\u00e9al pour confectionner des v\u00eatements tels que sous-v\u00eatements, lingerie. Il est souple et d'une belle qualit\u00e9.","og_url":"https:\/\/idonim-lingerie.fr\/en\/product\/lycra-uni-serie-2-polyamide-blanc\/","og_site_name":"Idonim Lingerie","article_modified_time":"2026-04-02T17:06:56+00:00","og_image":[{"width":640,"height":640,"url":"https:\/\/idonim-lingerie.fr\/wp-content\/uploads\/2023\/11\/lycra-blanc.jpg","type":"image\/jpeg"}],"twitter_card":"summary_large_image","twitter_misc":{"Estimated reading time":"1 minute"},"schema":{"@context":"https:\/\/schema.org","@graph":[{"@type":"WebPage","@id":"https:\/\/idonim-lingerie.fr\/produit\/lycra-uni-serie-2-polyamide-blanc\/","url":"https:\/\/idonim-lingerie.fr\/produit\/lycra-uni-serie-2-polyamide-blanc\/","name":"lycra lingerie s\u00e9rie 2 - uni - blanc - Idonim Lingerie","isPartOf":{"@id":"https:\/\/idonim-lingerie.fr\/#website"},"primaryImageOfPage":{"@id":"https:\/\/idonim-lingerie.fr\/produit\/lycra-uni-serie-2-polyamide-blanc\/#primaryimage"},"image":{"@id":"https:\/\/idonim-lingerie.fr\/produit\/lycra-uni-serie-2-polyamide-blanc\/#primaryimage"},"thumbnailUrl":"https:\/\/idonim-lingerie.fr\/wp-content\/uploads\/2023\/11\/lycra-blanc.jpg","datePublished":"2023-11-18T17:13:11+00:00","dateModified":"2026-04-02T17:06:56+00:00","description":"Tissu lycra, tissu stretch id\u00e9al pour confectionner des v\u00eatements tels que sous-v\u00eatements, lingerie. Il est souple et d'une belle qualit\u00e9.","breadcrumb":{"@id":"https:\/\/idonim-lingerie.fr\/produit\/lycra-uni-serie-2-polyamide-blanc\/#breadcrumb"},"inLanguage":"en-GB","potentialAction":[{"@type":"ReadAction","target":["https:\/\/idonim-lingerie.fr\/produit\/lycra-uni-serie-2-polyamide-blanc\/"]}]},{"@type":"ImageObject","inLanguage":"en-GB","@id":"https:\/\/idonim-lingerie.fr\/produit\/lycra-uni-serie-2-polyamide-blanc\/#primaryimage","url":"https:\/\/idonim-lingerie.fr\/wp-content\/uploads\/2023\/11\/lycra-blanc.jpg","contentUrl":"https:\/\/idonim-lingerie.fr\/wp-content\/uploads\/2023\/11\/lycra-blanc.jpg","width":640,"height":640,"caption":"lycra blanc"},{"@type":"BreadcrumbList","@id":"https:\/\/idonim-lingerie.fr\/produit\/lycra-uni-serie-2-polyamide-blanc\/#breadcrumb","itemListElement":[{"@type":"ListItem","position":1,"name":"Accueil","item":"https:\/\/idonim-lingerie.fr\/en\/"},{"@type":"ListItem","position":2,"name":"Boutique","item":"https:\/\/idonim-lingerie.fr\/shop\/"},{"@type":"ListItem","position":3,"name":"lycra lingerie s\u00e9rie 2 &#8211; uni &#8211; blanc"}]},{"@type":"WebSite","@id":"https:\/\/idonim-lingerie.fr\/#website","url":"https:\/\/idonim-lingerie.fr\/","name":"Idonim Lingerie","description":"Idonim offers a wide selection of fabrics, laces and accessories for your creations. Fast delivery. Educational workshops. Quality creation. Mixing Style and Comfort.","publisher":{"@id":"https:\/\/idonim-lingerie.fr\/#organization"},"potentialAction":[{"@type":"SearchAction","target":{"@type":"EntryPoint","urlTemplate":"https:\/\/idonim-lingerie.fr\/?s={search_term_string}"},"query-input":{"@type":"PropertyValueSpecification","valueRequired":true,"valueName":"search_term_string"}}],"inLanguage":"en-GB"},{"@type":"Organization","@id":"https:\/\/idonim-lingerie.fr\/#organization","name":"Idonim Lingerie","url":"https:\/\/idonim-lingerie.fr\/","logo":{"@type":"ImageObject","inLanguage":"en-GB","@id":"https:\/\/idonim-lingerie.fr\/#\/schema\/logo\/image\/","url":"https:\/\/idonim-lingerie.fr\/wp-content\/uploads\/2025\/12\/idonim_h28.webp","contentUrl":"https:\/\/idonim-lingerie.fr\/wp-content\/uploads\/2025\/12\/idonim_h28.webp","width":111,"height":28,"caption":"Idonim Lingerie"},"image":{"@id":"https:\/\/idonim-lingerie.fr\/#\/schema\/logo\/image\/"}}]}},"_links":{"self":[{"href":"https:\/\/idonim-lingerie.fr\/en\/wp-json\/wp\/v2\/product\/35618","targetHints":{"allow":["GET"]}}],"collection":[{"href":"https:\/\/idonim-lingerie.fr\/en\/wp-json\/wp\/v2\/product"}],"about":[{"href":"https:\/\/idonim-lingerie.fr\/en\/wp-json\/wp\/v2\/types\/product"}],"replies":[{"embeddable":true,"href":"https:\/\/idonim-lingerie.fr\/en\/wp-json\/wp\/v2\/comments?post=35618"}],"wp:featuredmedia":[{"embeddable":true,"href":"https:\/\/idonim-lingerie.fr\/en\/wp-json\/wp\/v2\/media\/36247"}],"wp:attachment":[{"href":"https:\/\/idonim-lingerie.fr\/en\/wp-json\/wp\/v2\/media?parent=35618"}],"wp:term":[{"taxonomy":"product_brand","embeddable":true,"href":"https:\/\/idonim-lingerie.fr\/en\/wp-json\/wp\/v2\/product_brand?post=35618"},{"taxonomy":"product_cat","embeddable":true,"href":"https:\/\/idonim-lingerie.fr\/en\/wp-json\/wp\/v2\/product_cat?post=35618"},{"taxonomy":"product_tag","embeddable":true,"href":"https:\/\/idonim-lingerie.fr\/en\/wp-json\/wp\/v2\/product_tag?post=35618"}],"curies":[{"name":"wp","href":"https:\/\/api.w.org\/{rel}","templated":true}]}}