{"id":35364,"date":"2023-10-23T23:01:10","date_gmt":"2023-10-23T21:01:10","guid":{"rendered":"https:\/\/idonim-lingerie.fr\/?post_type=product&#038;p=35364"},"modified":"2026-02-25T12:04:32","modified_gmt":"2026-02-25T11:04:32","slug":"patron-body-maria-ii-bonnets-d-e","status":"publish","type":"product","link":"https:\/\/idonim-lingerie.fr\/en\/product\/patron-body-maria-ii-bonnets-d-e\/","title":{"rendered":"Pattern body - MARIA II - cups D\/E"},"content":{"rendered":"<p>All patterns come with an explanatory booklet.<\/p>\n<p>In downloadable format, the pattern includes 2 A0 format sheets and 2 x 18 A4 format sheets.<\/p>\n<p>In pocket format, the pattern includes 2 A0 format sheets<\/p>\n<p>&nbsp;<\/p>\n<p>Depending on the model, you will need :<\/p>\n<p><strong>Fabric \/ lace :<\/strong><\/p>\n<p>- Version A :<\/p>\n<p>fabric 1: a 1m length of fabric with a width of 1.4m<\/p>\n<p>fabric 2: 0.5m x 1m or 2m lace strip<\/p>\n<p>- Version B :<\/p>\n<p>fabric 1: a 0.6m length of fabric 1.4m wide<\/p>\n<p>fabric 2: 0.5m x 1.4m or 3m lace strip<\/p>\n<p>- Version C :<\/p>\n<p>fabric 1: a 0.6m length of fabric with a width of 1.4m<\/p>\n<p>fabric 2: 0.5m x 1.4m or 3m lace strip<\/p>\n<p>&nbsp;<\/p>\n<p>**30 to 40cm wide strip lace is required.<\/p>\n<p><strong>Lining<\/strong><\/p>\n<p>mesh, lightweight powernet 0.4m x 1m<\/p>\n<p><strong>Elastics :<\/strong><\/p>\n<p>Model A:<br \/>\n- 15-20mm wide under-chest elastic: 1m<br \/>\n- 15mm elastic strap: 2.5m<br \/>\n- 15-20mm rider\/fold over elastic or 10-12mm picot\/festoon elastic for cup neckline: 1m<br \/>\n- 15-20mm rider\/fold over elastic or 10-12mm picot\/festoon elastic: 3m<br \/>\n- decorative elastic with 10mm pins around the thighs: 2m<\/p>\n<p>Models B &amp; C:<br \/>\n- 15-20mm wide under-chest elastic: 1m<br \/>\n- 15mm elastic strap: 2m<br \/>\n- decorative elastic for the neckline of 10 to 12mm cups: 1m<br \/>\n- 10 to 12mm pimpled\/festooned elastic: 3m<br \/>\n- decorative elastic with 10mm pins around the thighs: 2m<\/p>\n<p><strong>Accessories:<\/strong><\/p>\n<p>- 1 pair of adjusters and 2 pairs of 15mm rings<br \/>\n- snap fasteners and 20cm of grosgrain at least 15mm wide for the snap fastener version.<\/p>\n<p><span style=\"color: #b68457;\"><strong> Level required : <\/strong><\/span><\/p>\n<p>- know how to use a sewing machine, have some knowledge of sewing<\/p>\n<p>- Difficulty: 3\/4<\/p>\n<p>&nbsp;<\/p>","protected":false},"excerpt":{"rendered":"<p>The modern, harmonious lines of the Maria bodysuit make it a feminine piece available in a range of finishes. It's the perfect compromise between style and functionality to enhance your curves with confidence.<\/p>\n<p>Maria is available in sizes 34 to 50 in cup sizes D and E.<br \/>\nThe pattern is specially designed for larger breasts. The model is without underwiring, and the cups have two chest clips to adapt perfectly to the shape of the bust. The cups are lined for support and comfort.<\/p>\n<p>You can choose between :<br \/>\n- 3 front versions<br \/>\n- 3 back versions<br \/>\n- a bottom with or without press studs.<\/p>\n<p>The models are presented as follows:<br \/>\n- model A: plunging back bodysuit with crossed straps<br \/>\n- model B: bodysuit with front side panels<br \/>\n- pattern C: bodysuit with horizontal yokes; the pattern for this pattern will need to be adapted and manipulated to fit the width of your lace perfectly. This is the most complicated pattern to make.<\/p>\n<p>Cups are finished with rider elastic or decorative elastic for model A and only with decorative elastic for models B and C.<\/p>\n<p>Patterns and instructions available in English or French, in downloadable format or in a paper folder.<\/p>\n<p>&nbsp;<\/p>\n<p><strong>The pattern is sold with its instruction booklet<\/strong><strong> for sizes 34 to 50 (FR) \/ 02 to 18 (US) included<\/strong><\/p>\n<p>&nbsp;<\/p>","protected":false},"featured_media":35397,"comment_status":"closed","ping_status":"closed","template":"","meta":[],"product_brand":[],"product_cat":[685,270,192,156],"product_tag":[],"class_list":{"0":"post-35364","1":"product","2":"type-product","3":"status-publish","4":"has-post-thumbnail","6":"product_cat-patron-body-femme","7":"product_cat-patrons","8":"product_cat-patrons-expedies","9":"product_cat-patrons-pdf","11":"first","12":"instock","13":"taxable","14":"shipping-taxable","15":"purchasable","16":"product-type-variable"},"yoast_head":"<!-- This site is optimized with the Yoast SEO plugin v27.3 - https:\/\/yoast.com\/product\/yoast-seo-wordpress\/ -->\n<title>Patron body - MARIA II - bonnets D\/E - Idonim Lingerie<\/title>\n<meta name=\"robots\" content=\"index, follow, max-snippet:-1, max-image-preview:large, max-video-preview:-1\" \/>\n<link rel=\"canonical\" href=\"https:\/\/idonim-lingerie.fr\/en\/product\/patron-body-maria-ii-bonnets-d-e\/\" \/>\n<meta property=\"og:locale\" content=\"en_GB\" \/>\n<meta property=\"og:type\" content=\"article\" \/>\n<meta property=\"og:title\" content=\"Patron body - MARIA II - bonnets D\/E - Idonim Lingerie\" \/>\n<meta property=\"og:description\" content=\"Les lignes modernes et harmonieuses du body Maria font de lui, une pi\u00e8ce f\u00e9mine d\u00e9clin\u00e9 en plusieurs finitions. Il est le parfait compromis entre style et fonctionnalit\u00e9 pour sublimer vos courbes en toute confiance.  Maria est disponible de la taille 34 au 50 pour une taille de bonnets D et E. Le patron est con\u00e7u sp\u00e9cialement pour les poitrines plus g\u00e9n\u00e9reuses. Le mod\u00e8le est sans armatures, les bonnets sont d\u00f4t\u00e9s de deux pinces poitrines pour s\u2019adapter parfaitement au galbe de la poitrine . Les bonnets sont doubl\u00e9s afin d\u2019offrir maintien et confort.  Vous avez le choix entre : - 3 versions devant - 3 versions dos - un fond de culotte avec ou sans boutons pression.  Les mod\u00e8les se pr\u00e9sentent de la fa\u00e7on suivante : - mod\u00e8le A : body d\u00e9collet\u00e9 plongeant dans le dos avec des bretelles crois\u00e9es - mod\u00e8le B : body avec empi\u00e8cements de c\u00f4t\u00e9s sur le devant - mod\u00e8le C : body avec empi\u00e8cements horizontaux; une adaptation et manipulation du patron de ce mod\u00e8le sera n\u00e9cessaire pour s\u2019adapter parfaitement \u00e0 la largeur de votre dentelle. C\u2019est le mod\u00e8le le plus compliqu\u00e9 \u00e0 r\u00e9aliser.  Les finitions des bonnets sont propos\u00e9es avec elastique cavalier ou \u00e9lastique d\u00e9coratif pour le mod\u00e8le A et uniquement avec \u00e9lastique d\u00e9coratif pour les mod\u00e8les B et C.  Patron et instructions disponibles en version fran\u00e7aise ou anglaise, au format t\u00e9l\u00e9chargeable ou sous format pochette papier.  &nbsp;  Le patron est vendu avec son livret d&#039;instructions pour les tailles 34 \u00e0 50 (FR) \/ 02 \u00e0 18 (US) inclus  &nbsp;\" \/>\n<meta property=\"og:url\" content=\"https:\/\/idonim-lingerie.fr\/en\/product\/patron-body-maria-ii-bonnets-d-e\/\" \/>\n<meta property=\"og:site_name\" content=\"Idonim Lingerie\" \/>\n<meta property=\"article:modified_time\" content=\"2026-02-25T11:04:32+00:00\" \/>\n<meta property=\"og:image\" content=\"https:\/\/idonim-lingerie.fr\/wp-content\/uploads\/2023\/10\/LIVRET_MARIA_-D_E_REV_23_10_12-FR.jpg\" \/>\n\t<meta property=\"og:image:width\" content=\"420\" \/>\n\t<meta property=\"og:image:height\" content=\"595\" \/>\n\t<meta property=\"og:image:type\" content=\"image\/jpeg\" \/>\n<meta name=\"twitter:card\" content=\"summary_large_image\" \/>\n<meta name=\"twitter:label1\" content=\"Estimated reading time\" \/>\n\t<meta name=\"twitter:data1\" content=\"2 minutes\" \/>\n<script type=\"application\/ld+json\" class=\"yoast-schema-graph\">{\"@context\":\"https:\\\/\\\/schema.org\",\"@graph\":[{\"@type\":\"WebPage\",\"@id\":\"https:\\\/\\\/idonim-lingerie.fr\\\/produit\\\/patron-body-maria-ii-bonnets-d-e\\\/\",\"url\":\"https:\\\/\\\/idonim-lingerie.fr\\\/produit\\\/patron-body-maria-ii-bonnets-d-e\\\/\",\"name\":\"Patron body - MARIA II - bonnets D\\\/E - Idonim Lingerie\",\"isPartOf\":{\"@id\":\"https:\\\/\\\/idonim-lingerie.fr\\\/#website\"},\"primaryImageOfPage\":{\"@id\":\"https:\\\/\\\/idonim-lingerie.fr\\\/produit\\\/patron-body-maria-ii-bonnets-d-e\\\/#primaryimage\"},\"image\":{\"@id\":\"https:\\\/\\\/idonim-lingerie.fr\\\/produit\\\/patron-body-maria-ii-bonnets-d-e\\\/#primaryimage\"},\"thumbnailUrl\":\"https:\\\/\\\/idonim-lingerie.fr\\\/wp-content\\\/uploads\\\/2023\\\/10\\\/LIVRET_MARIA_-D_E_REV_23_10_12-FR.jpg\",\"datePublished\":\"2023-10-23T21:01:10+00:00\",\"dateModified\":\"2026-02-25T11:04:32+00:00\",\"breadcrumb\":{\"@id\":\"https:\\\/\\\/idonim-lingerie.fr\\\/produit\\\/patron-body-maria-ii-bonnets-d-e\\\/#breadcrumb\"},\"inLanguage\":\"en-GB\",\"potentialAction\":[{\"@type\":\"ReadAction\",\"target\":[\"https:\\\/\\\/idonim-lingerie.fr\\\/produit\\\/patron-body-maria-ii-bonnets-d-e\\\/\"]}]},{\"@type\":\"ImageObject\",\"inLanguage\":\"en-GB\",\"@id\":\"https:\\\/\\\/idonim-lingerie.fr\\\/produit\\\/patron-body-maria-ii-bonnets-d-e\\\/#primaryimage\",\"url\":\"https:\\\/\\\/idonim-lingerie.fr\\\/wp-content\\\/uploads\\\/2023\\\/10\\\/LIVRET_MARIA_-D_E_REV_23_10_12-FR.jpg\",\"contentUrl\":\"https:\\\/\\\/idonim-lingerie.fr\\\/wp-content\\\/uploads\\\/2023\\\/10\\\/LIVRET_MARIA_-D_E_REV_23_10_12-FR.jpg\",\"width\":420,\"height\":595},{\"@type\":\"BreadcrumbList\",\"@id\":\"https:\\\/\\\/idonim-lingerie.fr\\\/produit\\\/patron-body-maria-ii-bonnets-d-e\\\/#breadcrumb\",\"itemListElement\":[{\"@type\":\"ListItem\",\"position\":1,\"name\":\"Accueil\",\"item\":\"https:\\\/\\\/idonim-lingerie.fr\\\/en\\\/\"},{\"@type\":\"ListItem\",\"position\":2,\"name\":\"Boutique\",\"item\":\"https:\\\/\\\/idonim-lingerie.fr\\\/shop\\\/\"},{\"@type\":\"ListItem\",\"position\":3,\"name\":\"Patron body &#8211; MARIA II &#8211; bonnets D\\\/E\"}]},{\"@type\":\"WebSite\",\"@id\":\"https:\\\/\\\/idonim-lingerie.fr\\\/#website\",\"url\":\"https:\\\/\\\/idonim-lingerie.fr\\\/\",\"name\":\"Idonim Lingerie\",\"description\":\"Idonim offre une s\u00e9lection vari\u00e9e de tissus, dentelles et accessoires pour vos cr\u00e9ations. Livraison rapide. Ateliers P\u00e9dagogiques. Cr\u00e9ation De Qualit\u00e9. M\u00ealant Style Et Confort.\",\"publisher\":{\"@id\":\"https:\\\/\\\/idonim-lingerie.fr\\\/#organization\"},\"potentialAction\":[{\"@type\":\"SearchAction\",\"target\":{\"@type\":\"EntryPoint\",\"urlTemplate\":\"https:\\\/\\\/idonim-lingerie.fr\\\/?s={search_term_string}\"},\"query-input\":{\"@type\":\"PropertyValueSpecification\",\"valueRequired\":true,\"valueName\":\"search_term_string\"}}],\"inLanguage\":\"en-GB\"},{\"@type\":\"Organization\",\"@id\":\"https:\\\/\\\/idonim-lingerie.fr\\\/#organization\",\"name\":\"Idonim Lingerie\",\"url\":\"https:\\\/\\\/idonim-lingerie.fr\\\/\",\"logo\":{\"@type\":\"ImageObject\",\"inLanguage\":\"en-GB\",\"@id\":\"https:\\\/\\\/idonim-lingerie.fr\\\/#\\\/schema\\\/logo\\\/image\\\/\",\"url\":\"https:\\\/\\\/idonim-lingerie.fr\\\/wp-content\\\/uploads\\\/2025\\\/12\\\/idonim_h28.webp\",\"contentUrl\":\"https:\\\/\\\/idonim-lingerie.fr\\\/wp-content\\\/uploads\\\/2025\\\/12\\\/idonim_h28.webp\",\"width\":111,\"height\":28,\"caption\":\"Idonim Lingerie\"},\"image\":{\"@id\":\"https:\\\/\\\/idonim-lingerie.fr\\\/#\\\/schema\\\/logo\\\/image\\\/\"}}]}<\/script>\n<!-- \/ Yoast SEO plugin. -->","yoast_head_json":{"title":"Patron body - MARIA II - bonnets D\/E - Idonim Lingerie","robots":{"index":"index","follow":"follow","max-snippet":"max-snippet:-1","max-image-preview":"max-image-preview:large","max-video-preview":"max-video-preview:-1"},"canonical":"https:\/\/idonim-lingerie.fr\/en\/product\/patron-body-maria-ii-bonnets-d-e\/","og_locale":"en_GB","og_type":"article","og_title":"Patron body - MARIA II - bonnets D\/E - Idonim Lingerie","og_description":"Les lignes modernes et harmonieuses du body Maria font de lui, une pi\u00e8ce f\u00e9mine d\u00e9clin\u00e9 en plusieurs finitions. Il est le parfait compromis entre style et fonctionnalit\u00e9 pour sublimer vos courbes en toute confiance.  Maria est disponible de la taille 34 au 50 pour une taille de bonnets D et E. Le patron est con\u00e7u sp\u00e9cialement pour les poitrines plus g\u00e9n\u00e9reuses. Le mod\u00e8le est sans armatures, les bonnets sont d\u00f4t\u00e9s de deux pinces poitrines pour s\u2019adapter parfaitement au galbe de la poitrine . Les bonnets sont doubl\u00e9s afin d\u2019offrir maintien et confort.  Vous avez le choix entre : - 3 versions devant - 3 versions dos - un fond de culotte avec ou sans boutons pression.  Les mod\u00e8les se pr\u00e9sentent de la fa\u00e7on suivante : - mod\u00e8le A : body d\u00e9collet\u00e9 plongeant dans le dos avec des bretelles crois\u00e9es - mod\u00e8le B : body avec empi\u00e8cements de c\u00f4t\u00e9s sur le devant - mod\u00e8le C : body avec empi\u00e8cements horizontaux; une adaptation et manipulation du patron de ce mod\u00e8le sera n\u00e9cessaire pour s\u2019adapter parfaitement \u00e0 la largeur de votre dentelle. C\u2019est le mod\u00e8le le plus compliqu\u00e9 \u00e0 r\u00e9aliser.  Les finitions des bonnets sont propos\u00e9es avec elastique cavalier ou \u00e9lastique d\u00e9coratif pour le mod\u00e8le A et uniquement avec \u00e9lastique d\u00e9coratif pour les mod\u00e8les B et C.  Patron et instructions disponibles en version fran\u00e7aise ou anglaise, au format t\u00e9l\u00e9chargeable ou sous format pochette papier.  &nbsp;  Le patron est vendu avec son livret d'instructions pour les tailles 34 \u00e0 50 (FR) \/ 02 \u00e0 18 (US) inclus  &nbsp;","og_url":"https:\/\/idonim-lingerie.fr\/en\/product\/patron-body-maria-ii-bonnets-d-e\/","og_site_name":"Idonim Lingerie","article_modified_time":"2026-02-25T11:04:32+00:00","og_image":[{"width":420,"height":595,"url":"https:\/\/idonim-lingerie.fr\/wp-content\/uploads\/2023\/10\/LIVRET_MARIA_-D_E_REV_23_10_12-FR.jpg","type":"image\/jpeg"}],"twitter_card":"summary_large_image","twitter_misc":{"Estimated reading time":"2 minutes"},"schema":{"@context":"https:\/\/schema.org","@graph":[{"@type":"WebPage","@id":"https:\/\/idonim-lingerie.fr\/produit\/patron-body-maria-ii-bonnets-d-e\/","url":"https:\/\/idonim-lingerie.fr\/produit\/patron-body-maria-ii-bonnets-d-e\/","name":"Patron body - MARIA II - bonnets D\/E - Idonim Lingerie","isPartOf":{"@id":"https:\/\/idonim-lingerie.fr\/#website"},"primaryImageOfPage":{"@id":"https:\/\/idonim-lingerie.fr\/produit\/patron-body-maria-ii-bonnets-d-e\/#primaryimage"},"image":{"@id":"https:\/\/idonim-lingerie.fr\/produit\/patron-body-maria-ii-bonnets-d-e\/#primaryimage"},"thumbnailUrl":"https:\/\/idonim-lingerie.fr\/wp-content\/uploads\/2023\/10\/LIVRET_MARIA_-D_E_REV_23_10_12-FR.jpg","datePublished":"2023-10-23T21:01:10+00:00","dateModified":"2026-02-25T11:04:32+00:00","breadcrumb":{"@id":"https:\/\/idonim-lingerie.fr\/produit\/patron-body-maria-ii-bonnets-d-e\/#breadcrumb"},"inLanguage":"en-GB","potentialAction":[{"@type":"ReadAction","target":["https:\/\/idonim-lingerie.fr\/produit\/patron-body-maria-ii-bonnets-d-e\/"]}]},{"@type":"ImageObject","inLanguage":"en-GB","@id":"https:\/\/idonim-lingerie.fr\/produit\/patron-body-maria-ii-bonnets-d-e\/#primaryimage","url":"https:\/\/idonim-lingerie.fr\/wp-content\/uploads\/2023\/10\/LIVRET_MARIA_-D_E_REV_23_10_12-FR.jpg","contentUrl":"https:\/\/idonim-lingerie.fr\/wp-content\/uploads\/2023\/10\/LIVRET_MARIA_-D_E_REV_23_10_12-FR.jpg","width":420,"height":595},{"@type":"BreadcrumbList","@id":"https:\/\/idonim-lingerie.fr\/produit\/patron-body-maria-ii-bonnets-d-e\/#breadcrumb","itemListElement":[{"@type":"ListItem","position":1,"name":"Accueil","item":"https:\/\/idonim-lingerie.fr\/en\/"},{"@type":"ListItem","position":2,"name":"Boutique","item":"https:\/\/idonim-lingerie.fr\/shop\/"},{"@type":"ListItem","position":3,"name":"Patron body &#8211; MARIA II &#8211; bonnets D\/E"}]},{"@type":"WebSite","@id":"https:\/\/idonim-lingerie.fr\/#website","url":"https:\/\/idonim-lingerie.fr\/","name":"Idonim Lingerie","description":"Idonim offers a wide selection of fabrics, laces and accessories for your creations. Fast delivery. Educational workshops. Quality creation. Mixing Style and Comfort.","publisher":{"@id":"https:\/\/idonim-lingerie.fr\/#organization"},"potentialAction":[{"@type":"SearchAction","target":{"@type":"EntryPoint","urlTemplate":"https:\/\/idonim-lingerie.fr\/?s={search_term_string}"},"query-input":{"@type":"PropertyValueSpecification","valueRequired":true,"valueName":"search_term_string"}}],"inLanguage":"en-GB"},{"@type":"Organization","@id":"https:\/\/idonim-lingerie.fr\/#organization","name":"Idonim Lingerie","url":"https:\/\/idonim-lingerie.fr\/","logo":{"@type":"ImageObject","inLanguage":"en-GB","@id":"https:\/\/idonim-lingerie.fr\/#\/schema\/logo\/image\/","url":"https:\/\/idonim-lingerie.fr\/wp-content\/uploads\/2025\/12\/idonim_h28.webp","contentUrl":"https:\/\/idonim-lingerie.fr\/wp-content\/uploads\/2025\/12\/idonim_h28.webp","width":111,"height":28,"caption":"Idonim Lingerie"},"image":{"@id":"https:\/\/idonim-lingerie.fr\/#\/schema\/logo\/image\/"}}]}},"_links":{"self":[{"href":"https:\/\/idonim-lingerie.fr\/en\/wp-json\/wp\/v2\/product\/35364","targetHints":{"allow":["GET"]}}],"collection":[{"href":"https:\/\/idonim-lingerie.fr\/en\/wp-json\/wp\/v2\/product"}],"about":[{"href":"https:\/\/idonim-lingerie.fr\/en\/wp-json\/wp\/v2\/types\/product"}],"replies":[{"embeddable":true,"href":"https:\/\/idonim-lingerie.fr\/en\/wp-json\/wp\/v2\/comments?post=35364"}],"wp:featuredmedia":[{"embeddable":true,"href":"https:\/\/idonim-lingerie.fr\/en\/wp-json\/wp\/v2\/media\/35397"}],"wp:attachment":[{"href":"https:\/\/idonim-lingerie.fr\/en\/wp-json\/wp\/v2\/media?parent=35364"}],"wp:term":[{"taxonomy":"product_brand","embeddable":true,"href":"https:\/\/idonim-lingerie.fr\/en\/wp-json\/wp\/v2\/product_brand?post=35364"},{"taxonomy":"product_cat","embeddable":true,"href":"https:\/\/idonim-lingerie.fr\/en\/wp-json\/wp\/v2\/product_cat?post=35364"},{"taxonomy":"product_tag","embeddable":true,"href":"https:\/\/idonim-lingerie.fr\/en\/wp-json\/wp\/v2\/product_tag?post=35364"}],"curies":[{"name":"wp","href":"https:\/\/api.w.org\/{rel}","templated":true}]}}