{"id":35232,"date":"2023-10-02T21:14:35","date_gmt":"2023-10-02T19:14:35","guid":{"rendered":"https:\/\/idonim-lingerie.fr\/?post_type=product&#038;p=35232"},"modified":"2026-02-25T12:04:32","modified_gmt":"2026-02-25T11:04:32","slug":"louise-babydoll-pattern","status":"publish","type":"product","link":"https:\/\/idonim-lingerie.fr\/en\/product\/louise-babydoll-pattern\/","title":{"rendered":"Nightie pattern - LOUISE"},"content":{"rendered":"<p>All patterns come with an explanatory booklet.<\/p>\n<p>In downloadable format, the pattern includes 2 A0 format sheets and 2 x 18 A4 format sheets.<\/p>\n<p>In pocket format, the pattern includes 2 A0 format sheets<\/p>\n<p>&nbsp;<\/p>\n<p>Depending on the model, you will need :<\/p>\n<p><strong>Fabric :<\/strong><\/p>\n<p>- Short version: 1.1m length of fabric, 1.4m width<br \/>\n- Mid-length version: 1.3m length of fabric, 1.4m width<br \/>\n- Long version: 1.5m length of fabric, 1.4m width<\/p>\n<p><strong>Lace or braid :<\/strong><\/p>\n<p>- Models A, B, D: provide lace in 3m strips **.<br \/>\n- for model C: 2 m<br \/>\n**A lace band at least 45mm wide is recommended.<\/p>\n<p><strong>Elastics :<\/strong><\/p>\n<p>The Louise pattern has adjustable straps in the same fabric as the babydoll.<\/p>\n<p>There are 2 options for finishing the armholes and back: with elastic or bias binding.<\/p>\n<p>Version biased :<br \/>\nAllow for: 4m slope<\/p>\n<p>Elastic version :<br \/>\nAllow: 3m of 10mm scalloped or picot elastic.<br \/>\n1m bias for straps<\/p>\n<p><strong>Accessories:<\/strong><\/p>\n<p>- for models A, B or C: 2 rings or 2 hooks and 2 strap width adjusters: 12mm*.<br \/>\n- for model D: 2 rings adapted to the width of the shoulder straps: 12mm*.<\/p>\n<p>*wider straps can be made; simply adapt the size of the accessories to the width of the bias.<\/p>\n<p><span style=\"color: #b68457;\"><strong> Level required : <\/strong><\/span><\/p>\n<p>- know how to use a sewing machine, have some knowledge of sewing<\/p>\n<p>- Difficulty: 2\/4<\/p>\n<p>&nbsp;<\/p>","protected":false},"excerpt":{"rendered":"<p>With its V-neckline and lace trim, LOUISE is an ultra-feminine and very comfortable nightie that adapts to all body shapes. A must-have for your wardrobe!<\/p>\n<p>LOUISE can be worn as underwear, nightwear with matching shorts or as daywear in summer.<\/p>\n<p>There are several versions of the nightie to choose from:<\/p>\n<p>- model A: with crossed straps<br \/>\n- model B: with a plunging back neckline<br \/>\n- model C: with 2 lace inserts on the bottom of the nightie<br \/>\n- model D: with a lace insert at the back<\/p>\n<p>With the exception of model D, the straps are adjustable for added comfort.<\/p>\n<p>2 lace neckline options are available for each model.<\/p>\n<p>Each pattern is also available in three lengths, with the exception of version C, which is only available in a long version for aesthetic reasons. So you can make..:<br \/>\n- a short version that goes down to the level of the small hips<br \/>\n- a mid-length version that reaches down to the hips<br \/>\n- a long version<\/p>\n<p>&nbsp;<\/p>\n<p>Patterns and instructions available in English or French, in downloadable format or in a paper folder.<\/p>\n<p>&nbsp;<\/p>\n<p><strong>The pattern is sold with its instruction booklet<\/strong><strong> for sizes 34 to 48 (FR) \/ 02 to 16 (US) included<\/strong><\/p>\n<p>&nbsp;<\/p>","protected":false},"featured_media":40793,"comment_status":"closed","ping_status":"closed","template":"","meta":[],"product_brand":[],"product_cat":[270,699,192,268,156],"product_tag":[],"class_list":{"0":"post-35232","1":"product","2":"type-product","3":"status-publish","4":"has-post-thumbnail","6":"product_cat-patrons","7":"product_cat-patrons-debutants","8":"product_cat-patrons-expedies","9":"product_cat-patrons-nuisettes-kimono-short","10":"product_cat-patrons-pdf","12":"first","13":"instock","14":"taxable","15":"shipping-taxable","16":"purchasable","17":"product-type-variable"},"yoast_head":"<!-- This site is optimized with the Yoast SEO plugin v27.3 - https:\/\/yoast.com\/product\/yoast-seo-wordpress\/ -->\n<title>Patron nuisette - LOUISE - Idonim Lingerie<\/title>\n<meta name=\"description\" content=\"Patron de couture lingerie &quot;Louise&quot; pour cr\u00e9er un belle nuisette. Id\u00e9al pour d\u00e9buter en lingerie, facile \u00e0 r\u00e9aliser - \u00e0 associer avec notre short Laura.\" \/>\n<meta name=\"robots\" content=\"index, follow, max-snippet:-1, max-image-preview:large, max-video-preview:-1\" \/>\n<link rel=\"canonical\" href=\"https:\/\/idonim-lingerie.fr\/en\/product\/louise-babydoll-pattern\/\" \/>\n<meta property=\"og:locale\" content=\"en_GB\" \/>\n<meta property=\"og:type\" content=\"article\" \/>\n<meta property=\"og:title\" content=\"Patron nuisette - LOUISE - Idonim Lingerie\" \/>\n<meta property=\"og:description\" content=\"Patron de couture lingerie &quot;Louise&quot; pour cr\u00e9er un belle nuisette. Id\u00e9al pour d\u00e9buter en lingerie, facile \u00e0 r\u00e9aliser - \u00e0 associer avec notre short Laura.\" \/>\n<meta property=\"og:url\" content=\"https:\/\/idonim-lingerie.fr\/en\/product\/louise-babydoll-pattern\/\" \/>\n<meta property=\"og:site_name\" content=\"Idonim Lingerie\" \/>\n<meta property=\"article:modified_time\" content=\"2026-02-25T11:04:32+00:00\" \/>\n<meta property=\"og:image\" content=\"https:\/\/idonim-lingerie.fr\/wp-content\/uploads\/2023\/10\/patron-nuisette-Louise.jpg\" \/>\n\t<meta property=\"og:image:width\" content=\"420\" \/>\n\t<meta property=\"og:image:height\" content=\"595\" \/>\n\t<meta property=\"og:image:type\" content=\"image\/jpeg\" \/>\n<meta name=\"twitter:card\" content=\"summary_large_image\" \/>\n<meta name=\"twitter:label1\" content=\"Estimated reading time\" \/>\n\t<meta name=\"twitter:data1\" content=\"2 minutes\" \/>\n<script type=\"application\/ld+json\" class=\"yoast-schema-graph\">{\"@context\":\"https:\\\/\\\/schema.org\",\"@graph\":[{\"@type\":\"WebPage\",\"@id\":\"https:\\\/\\\/idonim-lingerie.fr\\\/produit\\\/patron-nuisette-louise\\\/\",\"url\":\"https:\\\/\\\/idonim-lingerie.fr\\\/produit\\\/patron-nuisette-louise\\\/\",\"name\":\"Patron nuisette - LOUISE - Idonim Lingerie\",\"isPartOf\":{\"@id\":\"https:\\\/\\\/idonim-lingerie.fr\\\/#website\"},\"primaryImageOfPage\":{\"@id\":\"https:\\\/\\\/idonim-lingerie.fr\\\/produit\\\/patron-nuisette-louise\\\/#primaryimage\"},\"image\":{\"@id\":\"https:\\\/\\\/idonim-lingerie.fr\\\/produit\\\/patron-nuisette-louise\\\/#primaryimage\"},\"thumbnailUrl\":\"https:\\\/\\\/idonim-lingerie.fr\\\/wp-content\\\/uploads\\\/2023\\\/10\\\/patron-nuisette-Louise.jpg\",\"datePublished\":\"2023-10-02T19:14:35+00:00\",\"dateModified\":\"2026-02-25T11:04:32+00:00\",\"description\":\"Patron de couture lingerie \\\"Louise\\\" pour cr\u00e9er un belle nuisette. Id\u00e9al pour d\u00e9buter en lingerie, facile \u00e0 r\u00e9aliser - \u00e0 associer avec notre short Laura.\",\"breadcrumb\":{\"@id\":\"https:\\\/\\\/idonim-lingerie.fr\\\/produit\\\/patron-nuisette-louise\\\/#breadcrumb\"},\"inLanguage\":\"en-GB\",\"potentialAction\":[{\"@type\":\"ReadAction\",\"target\":[\"https:\\\/\\\/idonim-lingerie.fr\\\/produit\\\/patron-nuisette-louise\\\/\"]}]},{\"@type\":\"ImageObject\",\"inLanguage\":\"en-GB\",\"@id\":\"https:\\\/\\\/idonim-lingerie.fr\\\/produit\\\/patron-nuisette-louise\\\/#primaryimage\",\"url\":\"https:\\\/\\\/idonim-lingerie.fr\\\/wp-content\\\/uploads\\\/2023\\\/10\\\/patron-nuisette-Louise.jpg\",\"contentUrl\":\"https:\\\/\\\/idonim-lingerie.fr\\\/wp-content\\\/uploads\\\/2023\\\/10\\\/patron-nuisette-Louise.jpg\",\"width\":420,\"height\":595,\"caption\":\"patron nuisette Louise\"},{\"@type\":\"BreadcrumbList\",\"@id\":\"https:\\\/\\\/idonim-lingerie.fr\\\/produit\\\/patron-nuisette-louise\\\/#breadcrumb\",\"itemListElement\":[{\"@type\":\"ListItem\",\"position\":1,\"name\":\"Accueil\",\"item\":\"https:\\\/\\\/idonim-lingerie.fr\\\/en\\\/\"},{\"@type\":\"ListItem\",\"position\":2,\"name\":\"Boutique\",\"item\":\"https:\\\/\\\/idonim-lingerie.fr\\\/shop\\\/\"},{\"@type\":\"ListItem\",\"position\":3,\"name\":\"Patron nuisette &#8211; LOUISE\"}]},{\"@type\":\"WebSite\",\"@id\":\"https:\\\/\\\/idonim-lingerie.fr\\\/#website\",\"url\":\"https:\\\/\\\/idonim-lingerie.fr\\\/\",\"name\":\"Idonim Lingerie\",\"description\":\"Idonim offre une s\u00e9lection vari\u00e9e de tissus, dentelles et accessoires pour vos cr\u00e9ations. Livraison rapide. Ateliers P\u00e9dagogiques. Cr\u00e9ation De Qualit\u00e9. M\u00ealant Style Et Confort.\",\"publisher\":{\"@id\":\"https:\\\/\\\/idonim-lingerie.fr\\\/#organization\"},\"potentialAction\":[{\"@type\":\"SearchAction\",\"target\":{\"@type\":\"EntryPoint\",\"urlTemplate\":\"https:\\\/\\\/idonim-lingerie.fr\\\/?s={search_term_string}\"},\"query-input\":{\"@type\":\"PropertyValueSpecification\",\"valueRequired\":true,\"valueName\":\"search_term_string\"}}],\"inLanguage\":\"en-GB\"},{\"@type\":\"Organization\",\"@id\":\"https:\\\/\\\/idonim-lingerie.fr\\\/#organization\",\"name\":\"Idonim Lingerie\",\"url\":\"https:\\\/\\\/idonim-lingerie.fr\\\/\",\"logo\":{\"@type\":\"ImageObject\",\"inLanguage\":\"en-GB\",\"@id\":\"https:\\\/\\\/idonim-lingerie.fr\\\/#\\\/schema\\\/logo\\\/image\\\/\",\"url\":\"https:\\\/\\\/idonim-lingerie.fr\\\/wp-content\\\/uploads\\\/2025\\\/12\\\/idonim_h28.webp\",\"contentUrl\":\"https:\\\/\\\/idonim-lingerie.fr\\\/wp-content\\\/uploads\\\/2025\\\/12\\\/idonim_h28.webp\",\"width\":111,\"height\":28,\"caption\":\"Idonim Lingerie\"},\"image\":{\"@id\":\"https:\\\/\\\/idonim-lingerie.fr\\\/#\\\/schema\\\/logo\\\/image\\\/\"}}]}<\/script>\n<!-- \/ Yoast SEO plugin. -->","yoast_head_json":{"title":"Nightie pattern - LOUISE - Idonim Lingerie","description":"Patron de couture lingerie \"Louise\" pour cr\u00e9er un belle nuisette. Id\u00e9al pour d\u00e9buter en lingerie, facile \u00e0 r\u00e9aliser - \u00e0 associer avec notre short Laura.","robots":{"index":"index","follow":"follow","max-snippet":"max-snippet:-1","max-image-preview":"max-image-preview:large","max-video-preview":"max-video-preview:-1"},"canonical":"https:\/\/idonim-lingerie.fr\/en\/product\/louise-babydoll-pattern\/","og_locale":"en_GB","og_type":"article","og_title":"Patron nuisette - LOUISE - Idonim Lingerie","og_description":"Patron de couture lingerie \"Louise\" pour cr\u00e9er un belle nuisette. Id\u00e9al pour d\u00e9buter en lingerie, facile \u00e0 r\u00e9aliser - \u00e0 associer avec notre short Laura.","og_url":"https:\/\/idonim-lingerie.fr\/en\/product\/louise-babydoll-pattern\/","og_site_name":"Idonim Lingerie","article_modified_time":"2026-02-25T11:04:32+00:00","og_image":[{"width":420,"height":595,"url":"https:\/\/idonim-lingerie.fr\/wp-content\/uploads\/2023\/10\/patron-nuisette-Louise.jpg","type":"image\/jpeg"}],"twitter_card":"summary_large_image","twitter_misc":{"Estimated reading time":"2 minutes"},"schema":{"@context":"https:\/\/schema.org","@graph":[{"@type":"WebPage","@id":"https:\/\/idonim-lingerie.fr\/produit\/patron-nuisette-louise\/","url":"https:\/\/idonim-lingerie.fr\/produit\/patron-nuisette-louise\/","name":"Nightie pattern - LOUISE - Idonim Lingerie","isPartOf":{"@id":"https:\/\/idonim-lingerie.fr\/#website"},"primaryImageOfPage":{"@id":"https:\/\/idonim-lingerie.fr\/produit\/patron-nuisette-louise\/#primaryimage"},"image":{"@id":"https:\/\/idonim-lingerie.fr\/produit\/patron-nuisette-louise\/#primaryimage"},"thumbnailUrl":"https:\/\/idonim-lingerie.fr\/wp-content\/uploads\/2023\/10\/patron-nuisette-Louise.jpg","datePublished":"2023-10-02T19:14:35+00:00","dateModified":"2026-02-25T11:04:32+00:00","description":"Patron de couture lingerie \"Louise\" pour cr\u00e9er un belle nuisette. Id\u00e9al pour d\u00e9buter en lingerie, facile \u00e0 r\u00e9aliser - \u00e0 associer avec notre short Laura.","breadcrumb":{"@id":"https:\/\/idonim-lingerie.fr\/produit\/patron-nuisette-louise\/#breadcrumb"},"inLanguage":"en-GB","potentialAction":[{"@type":"ReadAction","target":["https:\/\/idonim-lingerie.fr\/produit\/patron-nuisette-louise\/"]}]},{"@type":"ImageObject","inLanguage":"en-GB","@id":"https:\/\/idonim-lingerie.fr\/produit\/patron-nuisette-louise\/#primaryimage","url":"https:\/\/idonim-lingerie.fr\/wp-content\/uploads\/2023\/10\/patron-nuisette-Louise.jpg","contentUrl":"https:\/\/idonim-lingerie.fr\/wp-content\/uploads\/2023\/10\/patron-nuisette-Louise.jpg","width":420,"height":595,"caption":"patron nuisette Louise"},{"@type":"BreadcrumbList","@id":"https:\/\/idonim-lingerie.fr\/produit\/patron-nuisette-louise\/#breadcrumb","itemListElement":[{"@type":"ListItem","position":1,"name":"Accueil","item":"https:\/\/idonim-lingerie.fr\/en\/"},{"@type":"ListItem","position":2,"name":"Boutique","item":"https:\/\/idonim-lingerie.fr\/shop\/"},{"@type":"ListItem","position":3,"name":"Patron nuisette &#8211; LOUISE"}]},{"@type":"WebSite","@id":"https:\/\/idonim-lingerie.fr\/#website","url":"https:\/\/idonim-lingerie.fr\/","name":"Idonim Lingerie","description":"Idonim offers a wide selection of fabrics, laces and accessories for your creations. Fast delivery. Educational workshops. Quality creation. Mixing Style and Comfort.","publisher":{"@id":"https:\/\/idonim-lingerie.fr\/#organization"},"potentialAction":[{"@type":"SearchAction","target":{"@type":"EntryPoint","urlTemplate":"https:\/\/idonim-lingerie.fr\/?s={search_term_string}"},"query-input":{"@type":"PropertyValueSpecification","valueRequired":true,"valueName":"search_term_string"}}],"inLanguage":"en-GB"},{"@type":"Organization","@id":"https:\/\/idonim-lingerie.fr\/#organization","name":"Idonim Lingerie","url":"https:\/\/idonim-lingerie.fr\/","logo":{"@type":"ImageObject","inLanguage":"en-GB","@id":"https:\/\/idonim-lingerie.fr\/#\/schema\/logo\/image\/","url":"https:\/\/idonim-lingerie.fr\/wp-content\/uploads\/2025\/12\/idonim_h28.webp","contentUrl":"https:\/\/idonim-lingerie.fr\/wp-content\/uploads\/2025\/12\/idonim_h28.webp","width":111,"height":28,"caption":"Idonim Lingerie"},"image":{"@id":"https:\/\/idonim-lingerie.fr\/#\/schema\/logo\/image\/"}}]}},"_links":{"self":[{"href":"https:\/\/idonim-lingerie.fr\/en\/wp-json\/wp\/v2\/product\/35232","targetHints":{"allow":["GET"]}}],"collection":[{"href":"https:\/\/idonim-lingerie.fr\/en\/wp-json\/wp\/v2\/product"}],"about":[{"href":"https:\/\/idonim-lingerie.fr\/en\/wp-json\/wp\/v2\/types\/product"}],"replies":[{"embeddable":true,"href":"https:\/\/idonim-lingerie.fr\/en\/wp-json\/wp\/v2\/comments?post=35232"}],"wp:featuredmedia":[{"embeddable":true,"href":"https:\/\/idonim-lingerie.fr\/en\/wp-json\/wp\/v2\/media\/40793"}],"wp:attachment":[{"href":"https:\/\/idonim-lingerie.fr\/en\/wp-json\/wp\/v2\/media?parent=35232"}],"wp:term":[{"taxonomy":"product_brand","embeddable":true,"href":"https:\/\/idonim-lingerie.fr\/en\/wp-json\/wp\/v2\/product_brand?post=35232"},{"taxonomy":"product_cat","embeddable":true,"href":"https:\/\/idonim-lingerie.fr\/en\/wp-json\/wp\/v2\/product_cat?post=35232"},{"taxonomy":"product_tag","embeddable":true,"href":"https:\/\/idonim-lingerie.fr\/en\/wp-json\/wp\/v2\/product_tag?post=35232"}],"curies":[{"name":"wp","href":"https:\/\/api.w.org\/{rel}","templated":true}]}}