{"id":34364,"date":"2023-07-15T17:16:13","date_gmt":"2023-07-15T15:16:13","guid":{"rendered":"https:\/\/idonim-lingerie.fr\/?post_type=product&#038;p=34364"},"modified":"2026-03-07T10:17:02","modified_gmt":"2026-03-07T09:17:02","slug":"body-maria-pattern","status":"publish","type":"product","link":"https:\/\/idonim-lingerie.fr\/en\/product\/body-maria-pattern\/","title":{"rendered":"Pattern body - MARIA - cups A-C"},"content":{"rendered":"<p>All patterns come with an explanatory booklet.<\/p>\n<p>In downloadable format, the pattern includes 2 sheets in A0 format and 2 x 18 sheets each in A4 format.<\/p>\n<p>In pocket format, the pattern includes 2 A0 format sheets<\/p>\n<p>&nbsp;<\/p>\n<p>Depending on the model, you will need :<\/p>\n<p><strong>Fabrics :<\/strong><\/p>\n<p>- fabric 1: 1m x 1.4m<br \/>\n- fabric 2: 0.3m x 1.4m OR 3.5m of strip lace<\/p>\n<p>For the bottom of the knickers, use cotton jersey: 20cm x 25cm<\/p>\n<p><strong>Elastics :<\/strong><\/p>\n<p>Model A:<br \/>\n- 12-15mm wide under-chest elastic: 1m<br \/>\n- 15mm elastic strap: 2.5m<br \/>\n- 10mm rider\/fold over or picot\/festoon elastic: 8m<br \/>\n- decorative elastic with 10mm pins around the thighs: 2m<\/p>\n<p>Models B &amp; C:<br \/>\n- 12-15mm wide under-chest elastic: 1m<br \/>\n- 15mm elastic strap: 2m<br \/>\n- flat elastic for 6mm cup neckline: 1m<br \/>\n- decorative elastic with 10mm pins: 7m<\/p>\n<p><strong>Accessories:<\/strong><\/p>\n<p>- 1 pair of adjusters and 1 pair of 15mm rings<br \/>\n- snap fasteners and 20cm of grosgrain at least 15mm wide (snap fastener version)<\/p>\n<p>&nbsp;<\/p>\n<p><span style=\"color: #b68457;\"><strong> Level required : <\/strong><\/span><\/p>\n<p>- know how to use a sewing machine, have some knowledge of sewing<\/p>\n<p>- Difficulty: 3\/4<\/p>\n<p>&nbsp;<\/p>","protected":false},"excerpt":{"rendered":"<p>The modern, harmonious lines of the Maria bodysuit make it a feminine piece available in a range of finishes. It's the perfect way to show off your shape, with beautiful lace trims.<\/p>\n<p>The Maria pattern is available in sizes 34 to 50 for cup sizes A to C inclusive.<br \/>\nThis underwired, V-neck model is as elegant as it is comfortable. It offers medium support for the bust. The available variations all add a touch of originality and sophistication.<\/p>\n<p>You can choose between :<br \/>\n- 3 front versions<br \/>\n- 3 versions of the back<br \/>\n- a bottom with or without press studs.<\/p>\n<p>The models are presented as follows:<\/p>\n<p>- model A: plunging back bodysuit with crossed straps<br \/>\n- model B: bodysuit with front side panels and lace-trimmed cups.<br \/>\n- model C: bodysuit with horizontal lace inserts and lace-trimmed cups.<br \/>\nThis last model will require you to adapt and manipulate the pattern to fit the width of the lace perfectly. This is the most complicated pattern to make.<\/p>\n<p>Idonim's patterns are easy to understand and use. A step-by-step guide with photos will help you make your tunic.<\/p>\n<p>You will also find some additional tips and tricks for choosing your supplies (type of needle, appropriate textiles ...).<\/p>\n<p>Patterns and instructions available in English or French, in downloadable format or in a paper folder.<\/p>\n<p><strong>The pattern is sold with its instruction booklet<\/strong><strong> for sizes 34 to 50 (FR) \/ 02 to 18 (US) included<\/strong><\/p>\n<p>&nbsp;<\/p>","protected":false},"featured_media":34369,"comment_status":"closed","ping_status":"closed","template":"","meta":[],"product_brand":[],"product_cat":[685,270,192,156],"product_tag":[],"class_list":{"0":"post-34364","1":"product","2":"type-product","3":"status-publish","4":"has-post-thumbnail","6":"product_cat-patron-body-femme","7":"product_cat-patrons","8":"product_cat-patrons-expedies","9":"product_cat-patrons-pdf","11":"first","12":"instock","13":"taxable","14":"shipping-taxable","15":"purchasable","16":"product-type-variable"},"yoast_head":"<!-- This site is optimized with the Yoast SEO plugin v27.3 - https:\/\/yoast.com\/product\/yoast-seo-wordpress\/ -->\n<title>Patron body - MARIA - bonnets A-C - Idonim Lingerie<\/title>\n<meta name=\"description\" content=\"Patron de couture lingerie &quot;Maria&quot; pour cr\u00e9er un body unique et \u00e9l\u00e9gant. Id\u00e9al pour d\u00e9buter en lingerie mais \u00e9galement pour les couturiers exp\u00e9riment\u00e9s.\" \/>\n<meta name=\"robots\" content=\"index, follow, max-snippet:-1, max-image-preview:large, max-video-preview:-1\" \/>\n<link rel=\"canonical\" href=\"https:\/\/idonim-lingerie.fr\/en\/product\/body-maria-pattern\/\" \/>\n<meta property=\"og:locale\" content=\"en_GB\" \/>\n<meta property=\"og:type\" content=\"article\" \/>\n<meta property=\"og:title\" content=\"Patron body - MARIA - bonnets A-C - Idonim Lingerie\" \/>\n<meta property=\"og:description\" content=\"Patron de couture lingerie &quot;Maria&quot; pour cr\u00e9er un body unique et \u00e9l\u00e9gant. Id\u00e9al pour d\u00e9buter en lingerie mais \u00e9galement pour les couturiers exp\u00e9riment\u00e9s.\" \/>\n<meta property=\"og:url\" content=\"https:\/\/idonim-lingerie.fr\/en\/product\/body-maria-pattern\/\" \/>\n<meta property=\"og:site_name\" content=\"Idonim Lingerie\" \/>\n<meta property=\"article:modified_time\" content=\"2026-03-07T09:17:02+00:00\" \/>\n<meta property=\"og:image\" content=\"https:\/\/idonim-lingerie.fr\/wp-content\/uploads\/2023\/07\/LIVRET-MARIA-REV_23_07_13-FR.png\" \/>\n\t<meta property=\"og:image:width\" content=\"420\" \/>\n\t<meta property=\"og:image:height\" content=\"595\" \/>\n\t<meta property=\"og:image:type\" content=\"image\/png\" \/>\n<meta name=\"twitter:card\" content=\"summary_large_image\" \/>\n<meta name=\"twitter:label1\" content=\"Estimated reading time\" \/>\n\t<meta name=\"twitter:data1\" content=\"2 minutes\" \/>\n<script type=\"application\/ld+json\" class=\"yoast-schema-graph\">{\"@context\":\"https:\\\/\\\/schema.org\",\"@graph\":[{\"@type\":\"WebPage\",\"@id\":\"https:\\\/\\\/idonim-lingerie.fr\\\/produit\\\/patron-body-maria\\\/\",\"url\":\"https:\\\/\\\/idonim-lingerie.fr\\\/produit\\\/patron-body-maria\\\/\",\"name\":\"Patron body - MARIA - bonnets A-C - Idonim Lingerie\",\"isPartOf\":{\"@id\":\"https:\\\/\\\/idonim-lingerie.fr\\\/#website\"},\"primaryImageOfPage\":{\"@id\":\"https:\\\/\\\/idonim-lingerie.fr\\\/produit\\\/patron-body-maria\\\/#primaryimage\"},\"image\":{\"@id\":\"https:\\\/\\\/idonim-lingerie.fr\\\/produit\\\/patron-body-maria\\\/#primaryimage\"},\"thumbnailUrl\":\"https:\\\/\\\/idonim-lingerie.fr\\\/wp-content\\\/uploads\\\/2023\\\/07\\\/LIVRET-MARIA-REV_23_07_13-FR.png\",\"datePublished\":\"2023-07-15T15:16:13+00:00\",\"dateModified\":\"2026-03-07T09:17:02+00:00\",\"description\":\"Patron de couture lingerie \\\"Maria\\\" pour cr\u00e9er un body unique et \u00e9l\u00e9gant. Id\u00e9al pour d\u00e9buter en lingerie mais \u00e9galement pour les couturiers exp\u00e9riment\u00e9s.\",\"breadcrumb\":{\"@id\":\"https:\\\/\\\/idonim-lingerie.fr\\\/produit\\\/patron-body-maria\\\/#breadcrumb\"},\"inLanguage\":\"en-GB\",\"potentialAction\":[{\"@type\":\"ReadAction\",\"target\":[\"https:\\\/\\\/idonim-lingerie.fr\\\/produit\\\/patron-body-maria\\\/\"]}]},{\"@type\":\"ImageObject\",\"inLanguage\":\"en-GB\",\"@id\":\"https:\\\/\\\/idonim-lingerie.fr\\\/produit\\\/patron-body-maria\\\/#primaryimage\",\"url\":\"https:\\\/\\\/idonim-lingerie.fr\\\/wp-content\\\/uploads\\\/2023\\\/07\\\/LIVRET-MARIA-REV_23_07_13-FR.png\",\"contentUrl\":\"https:\\\/\\\/idonim-lingerie.fr\\\/wp-content\\\/uploads\\\/2023\\\/07\\\/LIVRET-MARIA-REV_23_07_13-FR.png\",\"width\":420,\"height\":595},{\"@type\":\"BreadcrumbList\",\"@id\":\"https:\\\/\\\/idonim-lingerie.fr\\\/produit\\\/patron-body-maria\\\/#breadcrumb\",\"itemListElement\":[{\"@type\":\"ListItem\",\"position\":1,\"name\":\"Accueil\",\"item\":\"https:\\\/\\\/idonim-lingerie.fr\\\/en\\\/\"},{\"@type\":\"ListItem\",\"position\":2,\"name\":\"Boutique\",\"item\":\"https:\\\/\\\/idonim-lingerie.fr\\\/shop\\\/\"},{\"@type\":\"ListItem\",\"position\":3,\"name\":\"Patron body &#8211; MARIA &#8211; bonnets A-C\"}]},{\"@type\":\"WebSite\",\"@id\":\"https:\\\/\\\/idonim-lingerie.fr\\\/#website\",\"url\":\"https:\\\/\\\/idonim-lingerie.fr\\\/\",\"name\":\"Idonim Lingerie\",\"description\":\"Idonim offre une s\u00e9lection vari\u00e9e de tissus, dentelles et accessoires pour vos cr\u00e9ations. Livraison rapide. Ateliers P\u00e9dagogiques. Cr\u00e9ation De Qualit\u00e9. M\u00ealant Style Et Confort.\",\"publisher\":{\"@id\":\"https:\\\/\\\/idonim-lingerie.fr\\\/#organization\"},\"potentialAction\":[{\"@type\":\"SearchAction\",\"target\":{\"@type\":\"EntryPoint\",\"urlTemplate\":\"https:\\\/\\\/idonim-lingerie.fr\\\/?s={search_term_string}\"},\"query-input\":{\"@type\":\"PropertyValueSpecification\",\"valueRequired\":true,\"valueName\":\"search_term_string\"}}],\"inLanguage\":\"en-GB\"},{\"@type\":\"Organization\",\"@id\":\"https:\\\/\\\/idonim-lingerie.fr\\\/#organization\",\"name\":\"Idonim Lingerie\",\"url\":\"https:\\\/\\\/idonim-lingerie.fr\\\/\",\"logo\":{\"@type\":\"ImageObject\",\"inLanguage\":\"en-GB\",\"@id\":\"https:\\\/\\\/idonim-lingerie.fr\\\/#\\\/schema\\\/logo\\\/image\\\/\",\"url\":\"https:\\\/\\\/idonim-lingerie.fr\\\/wp-content\\\/uploads\\\/2025\\\/12\\\/idonim_h28.webp\",\"contentUrl\":\"https:\\\/\\\/idonim-lingerie.fr\\\/wp-content\\\/uploads\\\/2025\\\/12\\\/idonim_h28.webp\",\"width\":111,\"height\":28,\"caption\":\"Idonim Lingerie\"},\"image\":{\"@id\":\"https:\\\/\\\/idonim-lingerie.fr\\\/#\\\/schema\\\/logo\\\/image\\\/\"}}]}<\/script>\n<!-- \/ Yoast SEO plugin. -->","yoast_head_json":{"title":"Patron body - MARIA - bonnets A-C - Idonim Lingerie","description":"Patron de couture lingerie \"Maria\" pour cr\u00e9er un body unique et \u00e9l\u00e9gant. Id\u00e9al pour d\u00e9buter en lingerie mais \u00e9galement pour les couturiers exp\u00e9riment\u00e9s.","robots":{"index":"index","follow":"follow","max-snippet":"max-snippet:-1","max-image-preview":"max-image-preview:large","max-video-preview":"max-video-preview:-1"},"canonical":"https:\/\/idonim-lingerie.fr\/en\/product\/body-maria-pattern\/","og_locale":"en_GB","og_type":"article","og_title":"Patron body - MARIA - bonnets A-C - Idonim Lingerie","og_description":"Patron de couture lingerie \"Maria\" pour cr\u00e9er un body unique et \u00e9l\u00e9gant. Id\u00e9al pour d\u00e9buter en lingerie mais \u00e9galement pour les couturiers exp\u00e9riment\u00e9s.","og_url":"https:\/\/idonim-lingerie.fr\/en\/product\/body-maria-pattern\/","og_site_name":"Idonim Lingerie","article_modified_time":"2026-03-07T09:17:02+00:00","og_image":[{"width":420,"height":595,"url":"https:\/\/idonim-lingerie.fr\/wp-content\/uploads\/2023\/07\/LIVRET-MARIA-REV_23_07_13-FR.png","type":"image\/png"}],"twitter_card":"summary_large_image","twitter_misc":{"Estimated reading time":"2 minutes"},"schema":{"@context":"https:\/\/schema.org","@graph":[{"@type":"WebPage","@id":"https:\/\/idonim-lingerie.fr\/produit\/patron-body-maria\/","url":"https:\/\/idonim-lingerie.fr\/produit\/patron-body-maria\/","name":"Patron body - MARIA - bonnets A-C - Idonim Lingerie","isPartOf":{"@id":"https:\/\/idonim-lingerie.fr\/#website"},"primaryImageOfPage":{"@id":"https:\/\/idonim-lingerie.fr\/produit\/patron-body-maria\/#primaryimage"},"image":{"@id":"https:\/\/idonim-lingerie.fr\/produit\/patron-body-maria\/#primaryimage"},"thumbnailUrl":"https:\/\/idonim-lingerie.fr\/wp-content\/uploads\/2023\/07\/LIVRET-MARIA-REV_23_07_13-FR.png","datePublished":"2023-07-15T15:16:13+00:00","dateModified":"2026-03-07T09:17:02+00:00","description":"Patron de couture lingerie \"Maria\" pour cr\u00e9er un body unique et \u00e9l\u00e9gant. Id\u00e9al pour d\u00e9buter en lingerie mais \u00e9galement pour les couturiers exp\u00e9riment\u00e9s.","breadcrumb":{"@id":"https:\/\/idonim-lingerie.fr\/produit\/patron-body-maria\/#breadcrumb"},"inLanguage":"en-GB","potentialAction":[{"@type":"ReadAction","target":["https:\/\/idonim-lingerie.fr\/produit\/patron-body-maria\/"]}]},{"@type":"ImageObject","inLanguage":"en-GB","@id":"https:\/\/idonim-lingerie.fr\/produit\/patron-body-maria\/#primaryimage","url":"https:\/\/idonim-lingerie.fr\/wp-content\/uploads\/2023\/07\/LIVRET-MARIA-REV_23_07_13-FR.png","contentUrl":"https:\/\/idonim-lingerie.fr\/wp-content\/uploads\/2023\/07\/LIVRET-MARIA-REV_23_07_13-FR.png","width":420,"height":595},{"@type":"BreadcrumbList","@id":"https:\/\/idonim-lingerie.fr\/produit\/patron-body-maria\/#breadcrumb","itemListElement":[{"@type":"ListItem","position":1,"name":"Accueil","item":"https:\/\/idonim-lingerie.fr\/en\/"},{"@type":"ListItem","position":2,"name":"Boutique","item":"https:\/\/idonim-lingerie.fr\/shop\/"},{"@type":"ListItem","position":3,"name":"Patron body &#8211; MARIA &#8211; bonnets A-C"}]},{"@type":"WebSite","@id":"https:\/\/idonim-lingerie.fr\/#website","url":"https:\/\/idonim-lingerie.fr\/","name":"Idonim Lingerie","description":"Idonim offers a wide selection of fabrics, laces and accessories for your creations. Fast delivery. Educational workshops. Quality creation. Mixing Style and Comfort.","publisher":{"@id":"https:\/\/idonim-lingerie.fr\/#organization"},"potentialAction":[{"@type":"SearchAction","target":{"@type":"EntryPoint","urlTemplate":"https:\/\/idonim-lingerie.fr\/?s={search_term_string}"},"query-input":{"@type":"PropertyValueSpecification","valueRequired":true,"valueName":"search_term_string"}}],"inLanguage":"en-GB"},{"@type":"Organization","@id":"https:\/\/idonim-lingerie.fr\/#organization","name":"Idonim Lingerie","url":"https:\/\/idonim-lingerie.fr\/","logo":{"@type":"ImageObject","inLanguage":"en-GB","@id":"https:\/\/idonim-lingerie.fr\/#\/schema\/logo\/image\/","url":"https:\/\/idonim-lingerie.fr\/wp-content\/uploads\/2025\/12\/idonim_h28.webp","contentUrl":"https:\/\/idonim-lingerie.fr\/wp-content\/uploads\/2025\/12\/idonim_h28.webp","width":111,"height":28,"caption":"Idonim Lingerie"},"image":{"@id":"https:\/\/idonim-lingerie.fr\/#\/schema\/logo\/image\/"}}]}},"_links":{"self":[{"href":"https:\/\/idonim-lingerie.fr\/en\/wp-json\/wp\/v2\/product\/34364","targetHints":{"allow":["GET"]}}],"collection":[{"href":"https:\/\/idonim-lingerie.fr\/en\/wp-json\/wp\/v2\/product"}],"about":[{"href":"https:\/\/idonim-lingerie.fr\/en\/wp-json\/wp\/v2\/types\/product"}],"replies":[{"embeddable":true,"href":"https:\/\/idonim-lingerie.fr\/en\/wp-json\/wp\/v2\/comments?post=34364"}],"wp:featuredmedia":[{"embeddable":true,"href":"https:\/\/idonim-lingerie.fr\/en\/wp-json\/wp\/v2\/media\/34369"}],"wp:attachment":[{"href":"https:\/\/idonim-lingerie.fr\/en\/wp-json\/wp\/v2\/media?parent=34364"}],"wp:term":[{"taxonomy":"product_brand","embeddable":true,"href":"https:\/\/idonim-lingerie.fr\/en\/wp-json\/wp\/v2\/product_brand?post=34364"},{"taxonomy":"product_cat","embeddable":true,"href":"https:\/\/idonim-lingerie.fr\/en\/wp-json\/wp\/v2\/product_cat?post=34364"},{"taxonomy":"product_tag","embeddable":true,"href":"https:\/\/idonim-lingerie.fr\/en\/wp-json\/wp\/v2\/product_tag?post=34364"}],"curies":[{"name":"wp","href":"https:\/\/api.w.org\/{rel}","templated":true}]}}