{"id":33568,"date":"2023-05-13T09:25:23","date_gmt":"2023-05-13T07:25:23","guid":{"rendered":"https:\/\/idonim-lingerie.fr\/?post_type=product&#038;p=33568"},"modified":"2026-03-02T11:04:38","modified_gmt":"2026-03-02T10:04:38","slug":"embout-a-cordon-15x7mm-argent","status":"publish","type":"product","link":"https:\/\/idonim-lingerie.fr\/en\/product\/embout-a-cordon-15x7mm-argent\/","title":{"rendered":"Cord end 15x7mm - silver"},"content":{"rendered":"<p><span style=\"color: #b68457;\"><strong>Composition:<\/strong><\/span><\/p>\n<p>nickel-free, lead-free metal<\/p>\n<p>Eco responsible<\/p>\n<p>Origin : FRANCE<\/p>\n<p>&nbsp;<\/p>\n<p><span style=\"color: #b68457;\"><strong>Advice :<\/strong><\/span><\/p>","protected":false},"excerpt":{"rendered":"<p>Small metal cord end for swimwear. Perfect for your strap ends.<\/p>\n<p>Very nice high quality.<\/p>\n<p>Resistant to chlorine and sea water.<\/p>\n<p>Height \/ width and clearance: 15mm \/ 7mm and 5 and 6mm<\/p>\n<p>Colour: silver<\/p>\n<p>&nbsp;<\/p>\n<p><strong>Sold individually\u00a0<\/strong><\/p>","protected":false},"featured_media":33569,"comment_status":"closed","ping_status":"closed","template":"","meta":[],"product_brand":[],"product_cat":[200,180],"product_tag":[],"class_list":{"0":"post-33568","1":"product","2":"type-product","3":"status-publish","4":"has-post-thumbnail","6":"product_cat-accessoires-maillot-de-bain","7":"product_cat-espace-maillot-bain","8":"product_shipping_class-tissus-leges","10":"first","11":"instock","12":"taxable","13":"shipping-taxable","14":"purchasable","15":"product-type-simple"},"yoast_head":"<!-- This site is optimized with the Yoast SEO plugin v27.3 - https:\/\/yoast.com\/product\/yoast-seo-wordpress\/ -->\n<title>Embout \u00e0 cordon 15x7mm - argent - Idonim Lingerie<\/title>\n<meta name=\"robots\" content=\"index, follow, max-snippet:-1, max-image-preview:large, max-video-preview:-1\" \/>\n<link rel=\"canonical\" href=\"https:\/\/idonim-lingerie.fr\/en\/product\/embout-a-cordon-15x7mm-argent\/\" \/>\n<meta property=\"og:locale\" content=\"en_GB\" \/>\n<meta property=\"og:type\" content=\"article\" \/>\n<meta property=\"og:title\" content=\"Embout \u00e0 cordon 15x7mm - argent - Idonim Lingerie\" \/>\n<meta property=\"og:description\" content=\"Petit embout \u00e0 cordon m\u00e9tallique pour maillot de bain. Parfait pour vos extr\u00e9mit\u00e9s de bretelles.  Tr\u00e8s belle qualit\u00e9 haut de gamme.  R\u00e9sistant au chore et \u00e0 l&#039;eau de mer.  Hauteur \/ largeur et ouverture de passage : 15mm \/ 7mm et 5 et 6mm  Couleur : argent  &nbsp;  Vendu \u00e0 l&#039;unit\u00e9\u00a0\" \/>\n<meta property=\"og:url\" content=\"https:\/\/idonim-lingerie.fr\/en\/product\/embout-a-cordon-15x7mm-argent\/\" \/>\n<meta property=\"og:site_name\" content=\"Idonim Lingerie\" \/>\n<meta property=\"article:modified_time\" content=\"2026-03-02T10:04:38+00:00\" \/>\n<meta property=\"og:image\" content=\"https:\/\/idonim-lingerie.fr\/wp-content\/uploads\/2023\/05\/embout-cordon-argent-15x7-1.jpg\" \/>\n\t<meta property=\"og:image:width\" content=\"640\" \/>\n\t<meta property=\"og:image:height\" content=\"640\" \/>\n\t<meta property=\"og:image:type\" content=\"image\/jpeg\" \/>\n<meta name=\"twitter:card\" content=\"summary_large_image\" \/>\n<script type=\"application\/ld+json\" class=\"yoast-schema-graph\">{\"@context\":\"https:\\\/\\\/schema.org\",\"@graph\":[{\"@type\":\"WebPage\",\"@id\":\"https:\\\/\\\/idonim-lingerie.fr\\\/produit\\\/embout-a-cordon-15x7mm-argent\\\/\",\"url\":\"https:\\\/\\\/idonim-lingerie.fr\\\/produit\\\/embout-a-cordon-15x7mm-argent\\\/\",\"name\":\"Embout \u00e0 cordon 15x7mm - argent - Idonim Lingerie\",\"isPartOf\":{\"@id\":\"https:\\\/\\\/idonim-lingerie.fr\\\/#website\"},\"primaryImageOfPage\":{\"@id\":\"https:\\\/\\\/idonim-lingerie.fr\\\/produit\\\/embout-a-cordon-15x7mm-argent\\\/#primaryimage\"},\"image\":{\"@id\":\"https:\\\/\\\/idonim-lingerie.fr\\\/produit\\\/embout-a-cordon-15x7mm-argent\\\/#primaryimage\"},\"thumbnailUrl\":\"https:\\\/\\\/idonim-lingerie.fr\\\/wp-content\\\/uploads\\\/2023\\\/05\\\/embout-cordon-argent-15x7-1.jpg\",\"datePublished\":\"2023-05-13T07:25:23+00:00\",\"dateModified\":\"2026-03-02T10:04:38+00:00\",\"breadcrumb\":{\"@id\":\"https:\\\/\\\/idonim-lingerie.fr\\\/produit\\\/embout-a-cordon-15x7mm-argent\\\/#breadcrumb\"},\"inLanguage\":\"en-GB\",\"potentialAction\":[{\"@type\":\"ReadAction\",\"target\":[\"https:\\\/\\\/idonim-lingerie.fr\\\/produit\\\/embout-a-cordon-15x7mm-argent\\\/\"]}]},{\"@type\":\"ImageObject\",\"inLanguage\":\"en-GB\",\"@id\":\"https:\\\/\\\/idonim-lingerie.fr\\\/produit\\\/embout-a-cordon-15x7mm-argent\\\/#primaryimage\",\"url\":\"https:\\\/\\\/idonim-lingerie.fr\\\/wp-content\\\/uploads\\\/2023\\\/05\\\/embout-cordon-argent-15x7-1.jpg\",\"contentUrl\":\"https:\\\/\\\/idonim-lingerie.fr\\\/wp-content\\\/uploads\\\/2023\\\/05\\\/embout-cordon-argent-15x7-1.jpg\",\"width\":640,\"height\":640},{\"@type\":\"BreadcrumbList\",\"@id\":\"https:\\\/\\\/idonim-lingerie.fr\\\/produit\\\/embout-a-cordon-15x7mm-argent\\\/#breadcrumb\",\"itemListElement\":[{\"@type\":\"ListItem\",\"position\":1,\"name\":\"Accueil\",\"item\":\"https:\\\/\\\/idonim-lingerie.fr\\\/en\\\/\"},{\"@type\":\"ListItem\",\"position\":2,\"name\":\"Boutique\",\"item\":\"https:\\\/\\\/idonim-lingerie.fr\\\/shop\\\/\"},{\"@type\":\"ListItem\",\"position\":3,\"name\":\"Embout \u00e0 cordon 15x7mm &#8211; argent\"}]},{\"@type\":\"WebSite\",\"@id\":\"https:\\\/\\\/idonim-lingerie.fr\\\/#website\",\"url\":\"https:\\\/\\\/idonim-lingerie.fr\\\/\",\"name\":\"Idonim Lingerie\",\"description\":\"Idonim offre une s\u00e9lection vari\u00e9e de tissus, dentelles et accessoires pour vos cr\u00e9ations. Livraison rapide. Ateliers P\u00e9dagogiques. Cr\u00e9ation De Qualit\u00e9. M\u00ealant Style Et Confort.\",\"publisher\":{\"@id\":\"https:\\\/\\\/idonim-lingerie.fr\\\/#organization\"},\"potentialAction\":[{\"@type\":\"SearchAction\",\"target\":{\"@type\":\"EntryPoint\",\"urlTemplate\":\"https:\\\/\\\/idonim-lingerie.fr\\\/?s={search_term_string}\"},\"query-input\":{\"@type\":\"PropertyValueSpecification\",\"valueRequired\":true,\"valueName\":\"search_term_string\"}}],\"inLanguage\":\"en-GB\"},{\"@type\":\"Organization\",\"@id\":\"https:\\\/\\\/idonim-lingerie.fr\\\/#organization\",\"name\":\"Idonim Lingerie\",\"url\":\"https:\\\/\\\/idonim-lingerie.fr\\\/\",\"logo\":{\"@type\":\"ImageObject\",\"inLanguage\":\"en-GB\",\"@id\":\"https:\\\/\\\/idonim-lingerie.fr\\\/#\\\/schema\\\/logo\\\/image\\\/\",\"url\":\"https:\\\/\\\/idonim-lingerie.fr\\\/wp-content\\\/uploads\\\/2025\\\/12\\\/idonim_h28.webp\",\"contentUrl\":\"https:\\\/\\\/idonim-lingerie.fr\\\/wp-content\\\/uploads\\\/2025\\\/12\\\/idonim_h28.webp\",\"width\":111,\"height\":28,\"caption\":\"Idonim Lingerie\"},\"image\":{\"@id\":\"https:\\\/\\\/idonim-lingerie.fr\\\/#\\\/schema\\\/logo\\\/image\\\/\"}}]}<\/script>\n<!-- \/ Yoast SEO plugin. -->","yoast_head_json":{"title":"Embout \u00e0 cordon 15x7mm - argent - Idonim Lingerie","robots":{"index":"index","follow":"follow","max-snippet":"max-snippet:-1","max-image-preview":"max-image-preview:large","max-video-preview":"max-video-preview:-1"},"canonical":"https:\/\/idonim-lingerie.fr\/en\/product\/embout-a-cordon-15x7mm-argent\/","og_locale":"en_GB","og_type":"article","og_title":"Embout \u00e0 cordon 15x7mm - argent - Idonim Lingerie","og_description":"Petit embout \u00e0 cordon m\u00e9tallique pour maillot de bain. Parfait pour vos extr\u00e9mit\u00e9s de bretelles.  Tr\u00e8s belle qualit\u00e9 haut de gamme.  R\u00e9sistant au chore et \u00e0 l'eau de mer.  Hauteur \/ largeur et ouverture de passage : 15mm \/ 7mm et 5 et 6mm  Couleur : argent  &nbsp;  Vendu \u00e0 l'unit\u00e9\u00a0","og_url":"https:\/\/idonim-lingerie.fr\/en\/product\/embout-a-cordon-15x7mm-argent\/","og_site_name":"Idonim Lingerie","article_modified_time":"2026-03-02T10:04:38+00:00","og_image":[{"width":640,"height":640,"url":"https:\/\/idonim-lingerie.fr\/wp-content\/uploads\/2023\/05\/embout-cordon-argent-15x7-1.jpg","type":"image\/jpeg"}],"twitter_card":"summary_large_image","schema":{"@context":"https:\/\/schema.org","@graph":[{"@type":"WebPage","@id":"https:\/\/idonim-lingerie.fr\/produit\/embout-a-cordon-15x7mm-argent\/","url":"https:\/\/idonim-lingerie.fr\/produit\/embout-a-cordon-15x7mm-argent\/","name":"Embout \u00e0 cordon 15x7mm - argent - Idonim Lingerie","isPartOf":{"@id":"https:\/\/idonim-lingerie.fr\/#website"},"primaryImageOfPage":{"@id":"https:\/\/idonim-lingerie.fr\/produit\/embout-a-cordon-15x7mm-argent\/#primaryimage"},"image":{"@id":"https:\/\/idonim-lingerie.fr\/produit\/embout-a-cordon-15x7mm-argent\/#primaryimage"},"thumbnailUrl":"https:\/\/idonim-lingerie.fr\/wp-content\/uploads\/2023\/05\/embout-cordon-argent-15x7-1.jpg","datePublished":"2023-05-13T07:25:23+00:00","dateModified":"2026-03-02T10:04:38+00:00","breadcrumb":{"@id":"https:\/\/idonim-lingerie.fr\/produit\/embout-a-cordon-15x7mm-argent\/#breadcrumb"},"inLanguage":"en-GB","potentialAction":[{"@type":"ReadAction","target":["https:\/\/idonim-lingerie.fr\/produit\/embout-a-cordon-15x7mm-argent\/"]}]},{"@type":"ImageObject","inLanguage":"en-GB","@id":"https:\/\/idonim-lingerie.fr\/produit\/embout-a-cordon-15x7mm-argent\/#primaryimage","url":"https:\/\/idonim-lingerie.fr\/wp-content\/uploads\/2023\/05\/embout-cordon-argent-15x7-1.jpg","contentUrl":"https:\/\/idonim-lingerie.fr\/wp-content\/uploads\/2023\/05\/embout-cordon-argent-15x7-1.jpg","width":640,"height":640},{"@type":"BreadcrumbList","@id":"https:\/\/idonim-lingerie.fr\/produit\/embout-a-cordon-15x7mm-argent\/#breadcrumb","itemListElement":[{"@type":"ListItem","position":1,"name":"Accueil","item":"https:\/\/idonim-lingerie.fr\/en\/"},{"@type":"ListItem","position":2,"name":"Boutique","item":"https:\/\/idonim-lingerie.fr\/shop\/"},{"@type":"ListItem","position":3,"name":"Embout \u00e0 cordon 15x7mm &#8211; argent"}]},{"@type":"WebSite","@id":"https:\/\/idonim-lingerie.fr\/#website","url":"https:\/\/idonim-lingerie.fr\/","name":"Idonim Lingerie","description":"Idonim offers a wide selection of fabrics, laces and accessories for your creations. Fast delivery. Educational workshops. Quality creation. Mixing Style and Comfort.","publisher":{"@id":"https:\/\/idonim-lingerie.fr\/#organization"},"potentialAction":[{"@type":"SearchAction","target":{"@type":"EntryPoint","urlTemplate":"https:\/\/idonim-lingerie.fr\/?s={search_term_string}"},"query-input":{"@type":"PropertyValueSpecification","valueRequired":true,"valueName":"search_term_string"}}],"inLanguage":"en-GB"},{"@type":"Organization","@id":"https:\/\/idonim-lingerie.fr\/#organization","name":"Idonim Lingerie","url":"https:\/\/idonim-lingerie.fr\/","logo":{"@type":"ImageObject","inLanguage":"en-GB","@id":"https:\/\/idonim-lingerie.fr\/#\/schema\/logo\/image\/","url":"https:\/\/idonim-lingerie.fr\/wp-content\/uploads\/2025\/12\/idonim_h28.webp","contentUrl":"https:\/\/idonim-lingerie.fr\/wp-content\/uploads\/2025\/12\/idonim_h28.webp","width":111,"height":28,"caption":"Idonim Lingerie"},"image":{"@id":"https:\/\/idonim-lingerie.fr\/#\/schema\/logo\/image\/"}}]}},"_links":{"self":[{"href":"https:\/\/idonim-lingerie.fr\/en\/wp-json\/wp\/v2\/product\/33568","targetHints":{"allow":["GET"]}}],"collection":[{"href":"https:\/\/idonim-lingerie.fr\/en\/wp-json\/wp\/v2\/product"}],"about":[{"href":"https:\/\/idonim-lingerie.fr\/en\/wp-json\/wp\/v2\/types\/product"}],"replies":[{"embeddable":true,"href":"https:\/\/idonim-lingerie.fr\/en\/wp-json\/wp\/v2\/comments?post=33568"}],"wp:featuredmedia":[{"embeddable":true,"href":"https:\/\/idonim-lingerie.fr\/en\/wp-json\/wp\/v2\/media\/33569"}],"wp:attachment":[{"href":"https:\/\/idonim-lingerie.fr\/en\/wp-json\/wp\/v2\/media?parent=33568"}],"wp:term":[{"taxonomy":"product_brand","embeddable":true,"href":"https:\/\/idonim-lingerie.fr\/en\/wp-json\/wp\/v2\/product_brand?post=33568"},{"taxonomy":"product_cat","embeddable":true,"href":"https:\/\/idonim-lingerie.fr\/en\/wp-json\/wp\/v2\/product_cat?post=33568"},{"taxonomy":"product_tag","embeddable":true,"href":"https:\/\/idonim-lingerie.fr\/en\/wp-json\/wp\/v2\/product_tag?post=33568"}],"curies":[{"name":"wp","href":"https:\/\/api.w.org\/{rel}","templated":true}]}}