{"id":33090,"date":"2023-04-15T22:23:05","date_gmt":"2023-04-15T20:23:05","guid":{"rendered":"https:\/\/idonim-lingerie.fr\/?post_type=product&#038;p=33090"},"modified":"2026-04-06T10:48:30","modified_gmt":"2026-04-06T08:48:30","slug":"patron-culotte-haute-format-pdf","status":"publish","type":"product","link":"https:\/\/idonim-lingerie.fr\/en\/product\/patron-culotte-haute-format-pdf\/","title":{"rendered":"ANGELINA high waist pattern"},"content":{"rendered":"<p>All patterns come with an explanatory booklet.<\/p>\n<p>In pocket format, the pattern includes 1 A0 sheet<\/p>\n<p>In downloadable format, the pattern includes 18 A4 sheets and 1 A0 sheet.<\/p>\n<p>For the supplies you will need :<\/p>\n<p>- 40cm (0.44yd) of stretch fabric in 1.4m (1.5yd) width<\/p>\n<p>-25x25cm of cotton jersey for the bottom of the panties<\/p>\n<p>- 3m (3.3yd) of elastic.<\/p>\n<p>For versions B and C :<\/p>\n<p>- 30 - 40cm (0.3 - 0.44 yd) of stretch fabric in 1m (1.1yd) width for the yokes<\/p>\n<p>-40cm (0.4yd) of elastic rider \/ fol over (option model C)<\/p>\n<p><span style=\"color: #b68457;\"><strong> Level required : <\/strong><\/span><\/p>\n<p>- know how to use a sewing machine, have some knowledge of sewing<\/p>\n<p>- Difficulty: 3\/4<\/p>\n<p>&nbsp;<\/p>","protected":false},"excerpt":{"rendered":"<p>The high waisted brief revisited!<br \/>\nThe Angelina model is inspired by retro lines modernised by the different cuts proposed.<\/p>\n<p>A covering panty that is both comfortable and elegant thanks to its pretty inserts.<\/p>\n<p>From a base, 3 variants are proposed. But you can easily make other combinations than those proposed: the pieces are interchangeable.<br \/>\nIt's up to you to choose between simplicity and fantasy, transparency and opacity!<\/p>\n<p>The Idonim patterns are easy to understand and use. A step-by-step guide with photos will accompany you during the making of the panties.<\/p>\n<p>You will also find some additional tips and tricks for choosing your supplies (type of needle, appropriate textiles, assembly techniques ...)<\/p>\n<p>The Angelina panty is easy to make, provided you have some knowledge of sewing, know how to use a sewing machine and have sewn stretchy fabrics.<\/p>\n<p>Patterns and instructions available in English or French, in downloadable format or in a paper folder.<\/p>\n<p><strong>The pattern is sold with its instruction booklet<\/strong><strong> for sizes 34 to 50 (FR) \/ 02 to 18 (US) inclusive.<\/strong><\/p>\n<p>&nbsp;<\/p>\n<p>&nbsp;<\/p>","protected":false},"featured_media":33894,"comment_status":"closed","ping_status":"closed","template":"","meta":[],"product_brand":[],"product_cat":[270,266,192,156],"product_tag":[],"class_list":{"0":"post-33090","1":"product","2":"type-product","3":"status-publish","4":"has-post-thumbnail","6":"product_cat-patrons","7":"product_cat-patrons-culottes","8":"product_cat-patrons-expedies","9":"product_cat-patrons-pdf","11":"first","12":"instock","13":"taxable","14":"shipping-taxable","15":"purchasable","16":"product-type-variable"},"yoast_head":"<!-- This site is optimized with the Yoast SEO plugin v27.3 - https:\/\/yoast.com\/product\/yoast-seo-wordpress\/ -->\n<title>Patron culotte haute ANGELINA - Idonim Lingerie<\/title>\n<meta name=\"robots\" content=\"index, follow, max-snippet:-1, max-image-preview:large, max-video-preview:-1\" \/>\n<link rel=\"canonical\" href=\"https:\/\/idonim-lingerie.fr\/en\/product\/patron-culotte-haute-format-pdf\/\" \/>\n<meta property=\"og:locale\" content=\"en_GB\" \/>\n<meta property=\"og:type\" content=\"article\" \/>\n<meta property=\"og:title\" content=\"Patron culotte haute ANGELINA - Idonim Lingerie\" \/>\n<meta property=\"og:description\" content=\"La culotte haute revisit\u00e9e! Le mod\u00e8le Angelina s\u2019inspire de lignes r\u00e9tro modernis\u00e9e par les diff\u00e9rentes d\u00e9coupes propos\u00e9es.  Une culotte couvrante \u00e0 la fois confortable et \u00e9l\u00e9gante gr\u00e2ce \u00e0 ses jolis empi\u00e8cements.  A partir d\u2019une base, 3 variantes vous sont propos\u00e9es. Mais vous pourrez facilement r\u00e9aliser d\u2019autres associations que celles propos\u00e9es : les pi\u00e8ces sont interchangeables. A vous de jouer entre simplicit\u00e9 et fantaisie, transparence et opacit\u00e9!  Les patrons d\u2019Idonim sont simples de compr\u00e9hension et d\u2019utilisation. Un pas \u00e0 pas avec photos vous accompagnera durant la r\u00e9alisation de la culotte.  Vous trouverez \u00e9galement quelques conseils et astuces compl\u00e9mentaires pour choisir vos fournitures (type d\u2019aiguille, textiles appropri\u00e9s, techniques d\u2019assemblage \u2026)  La culotte Angelina est facile \u00e0 r\u00e9aliser, sous r\u00e9serve d\u2019avoir quelques notions de couture, de savoir utiliser une machine \u00e0 coudre et d\u2019avoir cousu des textiles extensibles.  Patron et instructions disponibles en version fran\u00e7aise ou anglaise, au format t\u00e9l\u00e9chargeable ou sous format pochette papier.  Le patron est vendu avec son livret d&#039;instructions pour les tailles 34 \u00e0 50 (FR) \/ 02 \u00e0 18 (US) inclus.  &nbsp;  &nbsp;\" \/>\n<meta property=\"og:url\" content=\"https:\/\/idonim-lingerie.fr\/en\/product\/patron-culotte-haute-format-pdf\/\" \/>\n<meta property=\"og:site_name\" content=\"Idonim Lingerie\" \/>\n<meta property=\"article:modified_time\" content=\"2026-04-06T08:48:30+00:00\" \/>\n<meta property=\"og:image\" content=\"https:\/\/idonim-lingerie.fr\/wp-content\/uploads\/2023\/04\/template-angelina-1.jpg\" \/>\n\t<meta property=\"og:image:width\" content=\"420\" \/>\n\t<meta property=\"og:image:height\" content=\"595\" \/>\n\t<meta property=\"og:image:type\" content=\"image\/jpeg\" \/>\n<meta name=\"twitter:card\" content=\"summary_large_image\" \/>\n<meta name=\"twitter:label1\" content=\"Estimated reading time\" \/>\n\t<meta name=\"twitter:data1\" content=\"1 minute\" \/>\n<script type=\"application\/ld+json\" class=\"yoast-schema-graph\">{\"@context\":\"https:\\\/\\\/schema.org\",\"@graph\":[{\"@type\":\"WebPage\",\"@id\":\"https:\\\/\\\/idonim-lingerie.fr\\\/produit\\\/patron-culotte-haute-format-pdf\\\/\",\"url\":\"https:\\\/\\\/idonim-lingerie.fr\\\/produit\\\/patron-culotte-haute-format-pdf\\\/\",\"name\":\"Patron culotte haute ANGELINA - Idonim Lingerie\",\"isPartOf\":{\"@id\":\"https:\\\/\\\/idonim-lingerie.fr\\\/#website\"},\"primaryImageOfPage\":{\"@id\":\"https:\\\/\\\/idonim-lingerie.fr\\\/produit\\\/patron-culotte-haute-format-pdf\\\/#primaryimage\"},\"image\":{\"@id\":\"https:\\\/\\\/idonim-lingerie.fr\\\/produit\\\/patron-culotte-haute-format-pdf\\\/#primaryimage\"},\"thumbnailUrl\":\"https:\\\/\\\/idonim-lingerie.fr\\\/wp-content\\\/uploads\\\/2023\\\/04\\\/template-angelina-1.jpg\",\"datePublished\":\"2023-04-15T20:23:05+00:00\",\"dateModified\":\"2026-04-06T08:48:30+00:00\",\"breadcrumb\":{\"@id\":\"https:\\\/\\\/idonim-lingerie.fr\\\/produit\\\/patron-culotte-haute-format-pdf\\\/#breadcrumb\"},\"inLanguage\":\"en-GB\",\"potentialAction\":[{\"@type\":\"ReadAction\",\"target\":[\"https:\\\/\\\/idonim-lingerie.fr\\\/produit\\\/patron-culotte-haute-format-pdf\\\/\"]}]},{\"@type\":\"ImageObject\",\"inLanguage\":\"en-GB\",\"@id\":\"https:\\\/\\\/idonim-lingerie.fr\\\/produit\\\/patron-culotte-haute-format-pdf\\\/#primaryimage\",\"url\":\"https:\\\/\\\/idonim-lingerie.fr\\\/wp-content\\\/uploads\\\/2023\\\/04\\\/template-angelina-1.jpg\",\"contentUrl\":\"https:\\\/\\\/idonim-lingerie.fr\\\/wp-content\\\/uploads\\\/2023\\\/04\\\/template-angelina-1.jpg\",\"width\":420,\"height\":595},{\"@type\":\"BreadcrumbList\",\"@id\":\"https:\\\/\\\/idonim-lingerie.fr\\\/produit\\\/patron-culotte-haute-format-pdf\\\/#breadcrumb\",\"itemListElement\":[{\"@type\":\"ListItem\",\"position\":1,\"name\":\"Accueil\",\"item\":\"https:\\\/\\\/idonim-lingerie.fr\\\/en\\\/\"},{\"@type\":\"ListItem\",\"position\":2,\"name\":\"Boutique\",\"item\":\"https:\\\/\\\/idonim-lingerie.fr\\\/shop\\\/\"},{\"@type\":\"ListItem\",\"position\":3,\"name\":\"Patron culotte haute ANGELINA\"}]},{\"@type\":\"WebSite\",\"@id\":\"https:\\\/\\\/idonim-lingerie.fr\\\/#website\",\"url\":\"https:\\\/\\\/idonim-lingerie.fr\\\/\",\"name\":\"Idonim Lingerie\",\"description\":\"Idonim offre une s\u00e9lection vari\u00e9e de tissus, dentelles et accessoires pour vos cr\u00e9ations. Livraison rapide. Ateliers P\u00e9dagogiques. Cr\u00e9ation De Qualit\u00e9. M\u00ealant Style Et Confort.\",\"publisher\":{\"@id\":\"https:\\\/\\\/idonim-lingerie.fr\\\/#organization\"},\"potentialAction\":[{\"@type\":\"SearchAction\",\"target\":{\"@type\":\"EntryPoint\",\"urlTemplate\":\"https:\\\/\\\/idonim-lingerie.fr\\\/?s={search_term_string}\"},\"query-input\":{\"@type\":\"PropertyValueSpecification\",\"valueRequired\":true,\"valueName\":\"search_term_string\"}}],\"inLanguage\":\"en-GB\"},{\"@type\":\"Organization\",\"@id\":\"https:\\\/\\\/idonim-lingerie.fr\\\/#organization\",\"name\":\"Idonim Lingerie\",\"url\":\"https:\\\/\\\/idonim-lingerie.fr\\\/\",\"logo\":{\"@type\":\"ImageObject\",\"inLanguage\":\"en-GB\",\"@id\":\"https:\\\/\\\/idonim-lingerie.fr\\\/#\\\/schema\\\/logo\\\/image\\\/\",\"url\":\"https:\\\/\\\/idonim-lingerie.fr\\\/wp-content\\\/uploads\\\/2025\\\/12\\\/idonim_h28.webp\",\"contentUrl\":\"https:\\\/\\\/idonim-lingerie.fr\\\/wp-content\\\/uploads\\\/2025\\\/12\\\/idonim_h28.webp\",\"width\":111,\"height\":28,\"caption\":\"Idonim Lingerie\"},\"image\":{\"@id\":\"https:\\\/\\\/idonim-lingerie.fr\\\/#\\\/schema\\\/logo\\\/image\\\/\"}}]}<\/script>\n<!-- \/ Yoast SEO plugin. -->","yoast_head_json":{"title":"Patron culotte haute ANGELINA - Idonim Lingerie","robots":{"index":"index","follow":"follow","max-snippet":"max-snippet:-1","max-image-preview":"max-image-preview:large","max-video-preview":"max-video-preview:-1"},"canonical":"https:\/\/idonim-lingerie.fr\/en\/product\/patron-culotte-haute-format-pdf\/","og_locale":"en_GB","og_type":"article","og_title":"Patron culotte haute ANGELINA - Idonim Lingerie","og_description":"La culotte haute revisit\u00e9e! Le mod\u00e8le Angelina s\u2019inspire de lignes r\u00e9tro modernis\u00e9e par les diff\u00e9rentes d\u00e9coupes propos\u00e9es.  Une culotte couvrante \u00e0 la fois confortable et \u00e9l\u00e9gante gr\u00e2ce \u00e0 ses jolis empi\u00e8cements.  A partir d\u2019une base, 3 variantes vous sont propos\u00e9es. Mais vous pourrez facilement r\u00e9aliser d\u2019autres associations que celles propos\u00e9es : les pi\u00e8ces sont interchangeables. A vous de jouer entre simplicit\u00e9 et fantaisie, transparence et opacit\u00e9!  Les patrons d\u2019Idonim sont simples de compr\u00e9hension et d\u2019utilisation. Un pas \u00e0 pas avec photos vous accompagnera durant la r\u00e9alisation de la culotte.  Vous trouverez \u00e9galement quelques conseils et astuces compl\u00e9mentaires pour choisir vos fournitures (type d\u2019aiguille, textiles appropri\u00e9s, techniques d\u2019assemblage \u2026)  La culotte Angelina est facile \u00e0 r\u00e9aliser, sous r\u00e9serve d\u2019avoir quelques notions de couture, de savoir utiliser une machine \u00e0 coudre et d\u2019avoir cousu des textiles extensibles.  Patron et instructions disponibles en version fran\u00e7aise ou anglaise, au format t\u00e9l\u00e9chargeable ou sous format pochette papier.  Le patron est vendu avec son livret d'instructions pour les tailles 34 \u00e0 50 (FR) \/ 02 \u00e0 18 (US) inclus.  &nbsp;  &nbsp;","og_url":"https:\/\/idonim-lingerie.fr\/en\/product\/patron-culotte-haute-format-pdf\/","og_site_name":"Idonim Lingerie","article_modified_time":"2026-04-06T08:48:30+00:00","og_image":[{"width":420,"height":595,"url":"https:\/\/idonim-lingerie.fr\/wp-content\/uploads\/2023\/04\/template-angelina-1.jpg","type":"image\/jpeg"}],"twitter_card":"summary_large_image","twitter_misc":{"Estimated reading time":"1 minute"},"schema":{"@context":"https:\/\/schema.org","@graph":[{"@type":"WebPage","@id":"https:\/\/idonim-lingerie.fr\/produit\/patron-culotte-haute-format-pdf\/","url":"https:\/\/idonim-lingerie.fr\/produit\/patron-culotte-haute-format-pdf\/","name":"Patron culotte haute ANGELINA - Idonim Lingerie","isPartOf":{"@id":"https:\/\/idonim-lingerie.fr\/#website"},"primaryImageOfPage":{"@id":"https:\/\/idonim-lingerie.fr\/produit\/patron-culotte-haute-format-pdf\/#primaryimage"},"image":{"@id":"https:\/\/idonim-lingerie.fr\/produit\/patron-culotte-haute-format-pdf\/#primaryimage"},"thumbnailUrl":"https:\/\/idonim-lingerie.fr\/wp-content\/uploads\/2023\/04\/template-angelina-1.jpg","datePublished":"2023-04-15T20:23:05+00:00","dateModified":"2026-04-06T08:48:30+00:00","breadcrumb":{"@id":"https:\/\/idonim-lingerie.fr\/produit\/patron-culotte-haute-format-pdf\/#breadcrumb"},"inLanguage":"en-GB","potentialAction":[{"@type":"ReadAction","target":["https:\/\/idonim-lingerie.fr\/produit\/patron-culotte-haute-format-pdf\/"]}]},{"@type":"ImageObject","inLanguage":"en-GB","@id":"https:\/\/idonim-lingerie.fr\/produit\/patron-culotte-haute-format-pdf\/#primaryimage","url":"https:\/\/idonim-lingerie.fr\/wp-content\/uploads\/2023\/04\/template-angelina-1.jpg","contentUrl":"https:\/\/idonim-lingerie.fr\/wp-content\/uploads\/2023\/04\/template-angelina-1.jpg","width":420,"height":595},{"@type":"BreadcrumbList","@id":"https:\/\/idonim-lingerie.fr\/produit\/patron-culotte-haute-format-pdf\/#breadcrumb","itemListElement":[{"@type":"ListItem","position":1,"name":"Accueil","item":"https:\/\/idonim-lingerie.fr\/en\/"},{"@type":"ListItem","position":2,"name":"Boutique","item":"https:\/\/idonim-lingerie.fr\/shop\/"},{"@type":"ListItem","position":3,"name":"Patron culotte haute ANGELINA"}]},{"@type":"WebSite","@id":"https:\/\/idonim-lingerie.fr\/#website","url":"https:\/\/idonim-lingerie.fr\/","name":"Idonim Lingerie","description":"Idonim offers a wide selection of fabrics, laces and accessories for your creations. Fast delivery. Educational workshops. Quality creation. Mixing Style and Comfort.","publisher":{"@id":"https:\/\/idonim-lingerie.fr\/#organization"},"potentialAction":[{"@type":"SearchAction","target":{"@type":"EntryPoint","urlTemplate":"https:\/\/idonim-lingerie.fr\/?s={search_term_string}"},"query-input":{"@type":"PropertyValueSpecification","valueRequired":true,"valueName":"search_term_string"}}],"inLanguage":"en-GB"},{"@type":"Organization","@id":"https:\/\/idonim-lingerie.fr\/#organization","name":"Idonim Lingerie","url":"https:\/\/idonim-lingerie.fr\/","logo":{"@type":"ImageObject","inLanguage":"en-GB","@id":"https:\/\/idonim-lingerie.fr\/#\/schema\/logo\/image\/","url":"https:\/\/idonim-lingerie.fr\/wp-content\/uploads\/2025\/12\/idonim_h28.webp","contentUrl":"https:\/\/idonim-lingerie.fr\/wp-content\/uploads\/2025\/12\/idonim_h28.webp","width":111,"height":28,"caption":"Idonim Lingerie"},"image":{"@id":"https:\/\/idonim-lingerie.fr\/#\/schema\/logo\/image\/"}}]}},"_links":{"self":[{"href":"https:\/\/idonim-lingerie.fr\/en\/wp-json\/wp\/v2\/product\/33090","targetHints":{"allow":["GET"]}}],"collection":[{"href":"https:\/\/idonim-lingerie.fr\/en\/wp-json\/wp\/v2\/product"}],"about":[{"href":"https:\/\/idonim-lingerie.fr\/en\/wp-json\/wp\/v2\/types\/product"}],"replies":[{"embeddable":true,"href":"https:\/\/idonim-lingerie.fr\/en\/wp-json\/wp\/v2\/comments?post=33090"}],"wp:featuredmedia":[{"embeddable":true,"href":"https:\/\/idonim-lingerie.fr\/en\/wp-json\/wp\/v2\/media\/33894"}],"wp:attachment":[{"href":"https:\/\/idonim-lingerie.fr\/en\/wp-json\/wp\/v2\/media?parent=33090"}],"wp:term":[{"taxonomy":"product_brand","embeddable":true,"href":"https:\/\/idonim-lingerie.fr\/en\/wp-json\/wp\/v2\/product_brand?post=33090"},{"taxonomy":"product_cat","embeddable":true,"href":"https:\/\/idonim-lingerie.fr\/en\/wp-json\/wp\/v2\/product_cat?post=33090"},{"taxonomy":"product_tag","embeddable":true,"href":"https:\/\/idonim-lingerie.fr\/en\/wp-json\/wp\/v2\/product_tag?post=33090"}],"curies":[{"name":"wp","href":"https:\/\/api.w.org\/{rel}","templated":true}]}}