{"id":32811,"date":"2023-03-27T18:37:11","date_gmt":"2023-03-27T16:37:11","guid":{"rendered":"https:\/\/idonim-lingerie.fr\/?post_type=product&#038;p=32811"},"modified":"2026-03-31T16:26:40","modified_gmt":"2026-03-31T14:26:40","slug":"powernet-fort-strong-serie-ii","status":"publish","type":"product","link":"https:\/\/idonim-lingerie.fr\/en\/product\/powernet-fort-strong-serie-ii\/","title":{"rendered":"POWERNET fort - Control"},"content":{"rendered":"<p><span style=\"color: #b68457;\"><strong>Composition:<\/strong><\/span><\/p>\n<p>84% N \/ 16% LY<\/p>\n<p>Approx. 180g\/m2<\/p>\n<p>Width: 190cm<\/p>\n<p>Elasticity in both directions FR (4 directions US)<\/p>\n<p>OEKO TEX 100 certified<\/p>\n<p>Origin : Italy<\/p>\n<p><span style=\"color: #b68457;\"><strong>Advice :<\/strong><\/span><\/p>\n<p>- Wash at 40\u00b0C max.<\/p>","protected":false},"excerpt":{"rendered":"<p>Ideal for making back bands for bras that need a very good support. I recommend it for large sizes.<\/p>\n<p>COMPRESSION CONTROL type powernet, very strong for making compression garments.<\/p>\n<p>It's high quality and very wide.<\/p>\n<p>The more stretchy direction being lengthwise; the less stretchy direction being widthwise<\/p>\n<p>You can also use it for lining pieces that require a lot of support.<\/p>\n<p>Depending on the batch and the colour, I advise you to wash the fabric before use to remove the primers used, which will allow the fabric to regain its suppleness.<\/p>\n<p>Available in various colours.<\/p>\n<p>&nbsp;<\/p>\n<p><strong>Sold in units of 10cm length (1 unit =10cm; to order 1m, select 10 units)\u00a0<\/strong><\/p>","protected":false},"featured_media":32851,"comment_status":"closed","ping_status":"closed","template":"","meta":[],"product_brand":[],"product_cat":[164,610,157],"product_tag":[],"class_list":{"0":"post-32811","1":"product","2":"type-product","3":"status-publish","4":"has-post-thumbnail","6":"product_cat-power-net-resilles","7":"product_cat-powernet-unis","8":"product_cat-tissus-lingerie","9":"product_shipping_class-tissus-lourds","11":"first","12":"instock","13":"taxable","14":"shipping-taxable","15":"purchasable","16":"product-type-variable"},"yoast_head":"<!-- This site is optimized with the Yoast SEO plugin v27.3 - https:\/\/yoast.com\/product\/yoast-seo-wordpress\/ -->\n<title>POWERNET fort - Control - Idonim Lingerie<\/title>\n<meta name=\"robots\" content=\"index, follow, max-snippet:-1, max-image-preview:large, max-video-preview:-1\" \/>\n<link rel=\"canonical\" href=\"https:\/\/idonim-lingerie.fr\/en\/product\/powernet-fort-strong-serie-ii\/\" \/>\n<meta property=\"og:locale\" content=\"en_GB\" \/>\n<meta property=\"og:type\" content=\"article\" \/>\n<meta property=\"og:title\" content=\"POWERNET fort - Control - Idonim Lingerie\" \/>\n<meta property=\"og:description\" content=\"Id\u00e9al pour r\u00e9aliser les bandes de dos des soutien-gorges n\u00e9cessitant un tr\u00e8s bon maintien. Je le pr\u00e9conise pour les grandes tailles.  Powernet de type CONTROLE COMPRESSION, tr\u00e8s solide pour r\u00e9aliser des v\u00eatements de compression.  Il est d&#039;une grande qualit\u00e9 et tr\u00e8s belle largeur.  Le sens le plus stretch \u00e9tant dans le sens de la longueur; stretch moindre dans le sens de la largeur  Vous pouvez aussi l&#039;utiliser pour doubler des pi\u00e8ces n\u00e9cessitant un grand maintien.  Suivant le lot et la teinte je vous conseille de laver le tissu avant utilisation pour enlever les appr\u00eats utilis\u00e9s ce qui permettra au textile de retrouver toute sa souplesse.  Existe en diff\u00e9rentes teintes.  &nbsp;  Vendu par unit\u00e9 de longueur de 10cm (1 unit\u00e9 =10cm; pour commander 1m, s\u00e9lectionner 10 unit\u00e9s)\u00a0\" \/>\n<meta property=\"og:url\" content=\"https:\/\/idonim-lingerie.fr\/en\/product\/powernet-fort-strong-serie-ii\/\" \/>\n<meta property=\"og:site_name\" content=\"Idonim Lingerie\" \/>\n<meta property=\"article:modified_time\" content=\"2026-03-31T14:26:40+00:00\" \/>\n<meta property=\"og:image\" content=\"https:\/\/idonim-lingerie.fr\/wp-content\/uploads\/2023\/03\/powernet-strong-control.jpg\" \/>\n\t<meta property=\"og:image:width\" content=\"640\" \/>\n\t<meta property=\"og:image:height\" content=\"640\" \/>\n\t<meta property=\"og:image:type\" content=\"image\/jpeg\" \/>\n<meta name=\"twitter:card\" content=\"summary_large_image\" \/>\n<meta name=\"twitter:label1\" content=\"Estimated reading time\" \/>\n\t<meta name=\"twitter:data1\" content=\"1 minute\" \/>\n<script type=\"application\/ld+json\" class=\"yoast-schema-graph\">{\"@context\":\"https:\\\/\\\/schema.org\",\"@graph\":[{\"@type\":\"WebPage\",\"@id\":\"https:\\\/\\\/idonim-lingerie.fr\\\/produit\\\/powernet-fort-strong-serie-ii\\\/\",\"url\":\"https:\\\/\\\/idonim-lingerie.fr\\\/produit\\\/powernet-fort-strong-serie-ii\\\/\",\"name\":\"POWERNET fort - Control - Idonim Lingerie\",\"isPartOf\":{\"@id\":\"https:\\\/\\\/idonim-lingerie.fr\\\/#website\"},\"primaryImageOfPage\":{\"@id\":\"https:\\\/\\\/idonim-lingerie.fr\\\/produit\\\/powernet-fort-strong-serie-ii\\\/#primaryimage\"},\"image\":{\"@id\":\"https:\\\/\\\/idonim-lingerie.fr\\\/produit\\\/powernet-fort-strong-serie-ii\\\/#primaryimage\"},\"thumbnailUrl\":\"https:\\\/\\\/idonim-lingerie.fr\\\/wp-content\\\/uploads\\\/2023\\\/03\\\/powernet-strong-control.jpg\",\"datePublished\":\"2023-03-27T16:37:11+00:00\",\"dateModified\":\"2026-03-31T14:26:40+00:00\",\"breadcrumb\":{\"@id\":\"https:\\\/\\\/idonim-lingerie.fr\\\/produit\\\/powernet-fort-strong-serie-ii\\\/#breadcrumb\"},\"inLanguage\":\"en-GB\",\"potentialAction\":[{\"@type\":\"ReadAction\",\"target\":[\"https:\\\/\\\/idonim-lingerie.fr\\\/produit\\\/powernet-fort-strong-serie-ii\\\/\"]}]},{\"@type\":\"ImageObject\",\"inLanguage\":\"en-GB\",\"@id\":\"https:\\\/\\\/idonim-lingerie.fr\\\/produit\\\/powernet-fort-strong-serie-ii\\\/#primaryimage\",\"url\":\"https:\\\/\\\/idonim-lingerie.fr\\\/wp-content\\\/uploads\\\/2023\\\/03\\\/powernet-strong-control.jpg\",\"contentUrl\":\"https:\\\/\\\/idonim-lingerie.fr\\\/wp-content\\\/uploads\\\/2023\\\/03\\\/powernet-strong-control.jpg\",\"width\":640,\"height\":640},{\"@type\":\"BreadcrumbList\",\"@id\":\"https:\\\/\\\/idonim-lingerie.fr\\\/produit\\\/powernet-fort-strong-serie-ii\\\/#breadcrumb\",\"itemListElement\":[{\"@type\":\"ListItem\",\"position\":1,\"name\":\"Accueil\",\"item\":\"https:\\\/\\\/idonim-lingerie.fr\\\/en\\\/\"},{\"@type\":\"ListItem\",\"position\":2,\"name\":\"Boutique\",\"item\":\"https:\\\/\\\/idonim-lingerie.fr\\\/shop\\\/\"},{\"@type\":\"ListItem\",\"position\":3,\"name\":\"POWERNET fort &#8211; Control\"}]},{\"@type\":\"WebSite\",\"@id\":\"https:\\\/\\\/idonim-lingerie.fr\\\/#website\",\"url\":\"https:\\\/\\\/idonim-lingerie.fr\\\/\",\"name\":\"Idonim Lingerie\",\"description\":\"Idonim offre une s\u00e9lection vari\u00e9e de tissus, dentelles et accessoires pour vos cr\u00e9ations. Livraison rapide. Ateliers P\u00e9dagogiques. Cr\u00e9ation De Qualit\u00e9. M\u00ealant Style Et Confort.\",\"publisher\":{\"@id\":\"https:\\\/\\\/idonim-lingerie.fr\\\/#organization\"},\"potentialAction\":[{\"@type\":\"SearchAction\",\"target\":{\"@type\":\"EntryPoint\",\"urlTemplate\":\"https:\\\/\\\/idonim-lingerie.fr\\\/?s={search_term_string}\"},\"query-input\":{\"@type\":\"PropertyValueSpecification\",\"valueRequired\":true,\"valueName\":\"search_term_string\"}}],\"inLanguage\":\"en-GB\"},{\"@type\":\"Organization\",\"@id\":\"https:\\\/\\\/idonim-lingerie.fr\\\/#organization\",\"name\":\"Idonim Lingerie\",\"url\":\"https:\\\/\\\/idonim-lingerie.fr\\\/\",\"logo\":{\"@type\":\"ImageObject\",\"inLanguage\":\"en-GB\",\"@id\":\"https:\\\/\\\/idonim-lingerie.fr\\\/#\\\/schema\\\/logo\\\/image\\\/\",\"url\":\"https:\\\/\\\/idonim-lingerie.fr\\\/wp-content\\\/uploads\\\/2025\\\/12\\\/idonim_h28.webp\",\"contentUrl\":\"https:\\\/\\\/idonim-lingerie.fr\\\/wp-content\\\/uploads\\\/2025\\\/12\\\/idonim_h28.webp\",\"width\":111,\"height\":28,\"caption\":\"Idonim Lingerie\"},\"image\":{\"@id\":\"https:\\\/\\\/idonim-lingerie.fr\\\/#\\\/schema\\\/logo\\\/image\\\/\"}}]}<\/script>\n<!-- \/ Yoast SEO plugin. -->","yoast_head_json":{"title":"POWERNET fort - Control - Idonim Lingerie","robots":{"index":"index","follow":"follow","max-snippet":"max-snippet:-1","max-image-preview":"max-image-preview:large","max-video-preview":"max-video-preview:-1"},"canonical":"https:\/\/idonim-lingerie.fr\/en\/product\/powernet-fort-strong-serie-ii\/","og_locale":"en_GB","og_type":"article","og_title":"POWERNET fort - Control - Idonim Lingerie","og_description":"Id\u00e9al pour r\u00e9aliser les bandes de dos des soutien-gorges n\u00e9cessitant un tr\u00e8s bon maintien. Je le pr\u00e9conise pour les grandes tailles.  Powernet de type CONTROLE COMPRESSION, tr\u00e8s solide pour r\u00e9aliser des v\u00eatements de compression.  Il est d'une grande qualit\u00e9 et tr\u00e8s belle largeur.  Le sens le plus stretch \u00e9tant dans le sens de la longueur; stretch moindre dans le sens de la largeur  Vous pouvez aussi l'utiliser pour doubler des pi\u00e8ces n\u00e9cessitant un grand maintien.  Suivant le lot et la teinte je vous conseille de laver le tissu avant utilisation pour enlever les appr\u00eats utilis\u00e9s ce qui permettra au textile de retrouver toute sa souplesse.  Existe en diff\u00e9rentes teintes.  &nbsp;  Vendu par unit\u00e9 de longueur de 10cm (1 unit\u00e9 =10cm; pour commander 1m, s\u00e9lectionner 10 unit\u00e9s)\u00a0","og_url":"https:\/\/idonim-lingerie.fr\/en\/product\/powernet-fort-strong-serie-ii\/","og_site_name":"Idonim Lingerie","article_modified_time":"2026-03-31T14:26:40+00:00","og_image":[{"width":640,"height":640,"url":"https:\/\/idonim-lingerie.fr\/wp-content\/uploads\/2023\/03\/powernet-strong-control.jpg","type":"image\/jpeg"}],"twitter_card":"summary_large_image","twitter_misc":{"Estimated reading time":"1 minute"},"schema":{"@context":"https:\/\/schema.org","@graph":[{"@type":"WebPage","@id":"https:\/\/idonim-lingerie.fr\/produit\/powernet-fort-strong-serie-ii\/","url":"https:\/\/idonim-lingerie.fr\/produit\/powernet-fort-strong-serie-ii\/","name":"POWERNET fort - Control - Idonim Lingerie","isPartOf":{"@id":"https:\/\/idonim-lingerie.fr\/#website"},"primaryImageOfPage":{"@id":"https:\/\/idonim-lingerie.fr\/produit\/powernet-fort-strong-serie-ii\/#primaryimage"},"image":{"@id":"https:\/\/idonim-lingerie.fr\/produit\/powernet-fort-strong-serie-ii\/#primaryimage"},"thumbnailUrl":"https:\/\/idonim-lingerie.fr\/wp-content\/uploads\/2023\/03\/powernet-strong-control.jpg","datePublished":"2023-03-27T16:37:11+00:00","dateModified":"2026-03-31T14:26:40+00:00","breadcrumb":{"@id":"https:\/\/idonim-lingerie.fr\/produit\/powernet-fort-strong-serie-ii\/#breadcrumb"},"inLanguage":"en-GB","potentialAction":[{"@type":"ReadAction","target":["https:\/\/idonim-lingerie.fr\/produit\/powernet-fort-strong-serie-ii\/"]}]},{"@type":"ImageObject","inLanguage":"en-GB","@id":"https:\/\/idonim-lingerie.fr\/produit\/powernet-fort-strong-serie-ii\/#primaryimage","url":"https:\/\/idonim-lingerie.fr\/wp-content\/uploads\/2023\/03\/powernet-strong-control.jpg","contentUrl":"https:\/\/idonim-lingerie.fr\/wp-content\/uploads\/2023\/03\/powernet-strong-control.jpg","width":640,"height":640},{"@type":"BreadcrumbList","@id":"https:\/\/idonim-lingerie.fr\/produit\/powernet-fort-strong-serie-ii\/#breadcrumb","itemListElement":[{"@type":"ListItem","position":1,"name":"Accueil","item":"https:\/\/idonim-lingerie.fr\/en\/"},{"@type":"ListItem","position":2,"name":"Boutique","item":"https:\/\/idonim-lingerie.fr\/shop\/"},{"@type":"ListItem","position":3,"name":"POWERNET fort &#8211; Control"}]},{"@type":"WebSite","@id":"https:\/\/idonim-lingerie.fr\/#website","url":"https:\/\/idonim-lingerie.fr\/","name":"Idonim Lingerie","description":"Idonim offers a wide selection of fabrics, laces and accessories for your creations. Fast delivery. Educational workshops. Quality creation. Mixing Style and Comfort.","publisher":{"@id":"https:\/\/idonim-lingerie.fr\/#organization"},"potentialAction":[{"@type":"SearchAction","target":{"@type":"EntryPoint","urlTemplate":"https:\/\/idonim-lingerie.fr\/?s={search_term_string}"},"query-input":{"@type":"PropertyValueSpecification","valueRequired":true,"valueName":"search_term_string"}}],"inLanguage":"en-GB"},{"@type":"Organization","@id":"https:\/\/idonim-lingerie.fr\/#organization","name":"Idonim Lingerie","url":"https:\/\/idonim-lingerie.fr\/","logo":{"@type":"ImageObject","inLanguage":"en-GB","@id":"https:\/\/idonim-lingerie.fr\/#\/schema\/logo\/image\/","url":"https:\/\/idonim-lingerie.fr\/wp-content\/uploads\/2025\/12\/idonim_h28.webp","contentUrl":"https:\/\/idonim-lingerie.fr\/wp-content\/uploads\/2025\/12\/idonim_h28.webp","width":111,"height":28,"caption":"Idonim Lingerie"},"image":{"@id":"https:\/\/idonim-lingerie.fr\/#\/schema\/logo\/image\/"}}]}},"_links":{"self":[{"href":"https:\/\/idonim-lingerie.fr\/en\/wp-json\/wp\/v2\/product\/32811","targetHints":{"allow":["GET"]}}],"collection":[{"href":"https:\/\/idonim-lingerie.fr\/en\/wp-json\/wp\/v2\/product"}],"about":[{"href":"https:\/\/idonim-lingerie.fr\/en\/wp-json\/wp\/v2\/types\/product"}],"replies":[{"embeddable":true,"href":"https:\/\/idonim-lingerie.fr\/en\/wp-json\/wp\/v2\/comments?post=32811"}],"wp:featuredmedia":[{"embeddable":true,"href":"https:\/\/idonim-lingerie.fr\/en\/wp-json\/wp\/v2\/media\/32851"}],"wp:attachment":[{"href":"https:\/\/idonim-lingerie.fr\/en\/wp-json\/wp\/v2\/media?parent=32811"}],"wp:term":[{"taxonomy":"product_brand","embeddable":true,"href":"https:\/\/idonim-lingerie.fr\/en\/wp-json\/wp\/v2\/product_brand?post=32811"},{"taxonomy":"product_cat","embeddable":true,"href":"https:\/\/idonim-lingerie.fr\/en\/wp-json\/wp\/v2\/product_cat?post=32811"},{"taxonomy":"product_tag","embeddable":true,"href":"https:\/\/idonim-lingerie.fr\/en\/wp-json\/wp\/v2\/product_tag?post=32811"}],"curies":[{"name":"wp","href":"https:\/\/api.w.org\/{rel}","templated":true}]}}