{"id":32098,"date":"2023-03-17T21:52:34","date_gmt":"2023-03-17T20:52:34","guid":{"rendered":"https:\/\/idonim-lingerie.fr\/?post_type=product&#038;p=32098"},"modified":"2025-10-05T02:08:59","modified_gmt":"2025-10-05T00:08:59","slug":"accessoires-chaine-25x40mm-or","status":"publish","type":"product","link":"https:\/\/idonim-lingerie.fr\/en\/product\/accessoires-chaine-25x40mm-or\/","title":{"rendered":"Accessories chains 25x40mm (PAIR) - Gold"},"content":{"rendered":"<p><span style=\"color: #b68457;\"><strong>Composition:<\/strong><\/span><\/p>\n<p>nickel-free, lead-free zamak metal<\/p>\n<p>Eco responsible<\/p>\n<p>Origin : CN<\/p>\n<p>&nbsp;<\/p>\n<p><span style=\"color: #b68457;\"><strong>Advice :<\/strong><\/span><\/p>","protected":false},"excerpt":{"rendered":"<p>Metal chain accessory to accessorise your swimwear. To embellish your bikini tops or bottoms.<\/p>\n<p>Very nice high quality.<\/p>\n<p>Resistant to chlorine and sea water.<\/p>\n<p>Length \/ width: 40mm \/ 25mm<\/p>\n<p>Colour: gold<\/p>\n<p>&nbsp;<\/p>\n<p><strong>Sold in pairs\u00a0<\/strong><\/p>","protected":false},"featured_media":32099,"comment_status":"closed","ping_status":"closed","template":"","meta":[],"product_brand":[],"product_cat":[200,180],"product_tag":[],"class_list":{"0":"post-32098","1":"product","2":"type-product","3":"status-publish","4":"has-post-thumbnail","6":"product_cat-accessoires-maillot-de-bain","7":"product_cat-espace-maillot-bain","8":"product_shipping_class-tissus-leges","10":"first","11":"instock","12":"sale","13":"taxable","14":"shipping-taxable","15":"purchasable","16":"product-type-simple"},"yoast_head":"<!-- This site is optimized with the Yoast SEO plugin v27.3 - https:\/\/yoast.com\/product\/yoast-seo-wordpress\/ -->\n<title>Accessoires chaines 25x40mm (PAIRE) - Or - Idonim Lingerie<\/title>\n<meta name=\"robots\" content=\"index, follow, max-snippet:-1, max-image-preview:large, max-video-preview:-1\" \/>\n<link rel=\"canonical\" href=\"https:\/\/idonim-lingerie.fr\/en\/product\/accessoires-chaine-25x40mm-or\/\" \/>\n<meta property=\"og:locale\" content=\"en_GB\" \/>\n<meta property=\"og:type\" content=\"article\" \/>\n<meta property=\"og:title\" content=\"Accessoires chaines 25x40mm (PAIRE) - Or - Idonim Lingerie\" \/>\n<meta property=\"og:description\" content=\"Accessoire en forme de cha\u00eene m\u00e9tallique pour accessoiriser vos maillots de bain. Pour agr\u00e9menter vos hauts ou bas de bikinis.  Tr\u00e8s belle qualit\u00e9 haut de gamme.  R\u00e9sistant au chore et \u00e0 l&#039;eau de mer.  Longueur \/ largeur : 40mm \/ 25mm  Couleur : or  &nbsp;  Vendu par paire\u00a0\" \/>\n<meta property=\"og:url\" content=\"https:\/\/idonim-lingerie.fr\/en\/product\/accessoires-chaine-25x40mm-or\/\" \/>\n<meta property=\"og:site_name\" content=\"Idonim Lingerie\" \/>\n<meta property=\"article:modified_time\" content=\"2025-10-05T00:08:59+00:00\" \/>\n<meta property=\"og:image\" content=\"https:\/\/idonim-lingerie.fr\/wp-content\/uploads\/2023\/03\/chaine-or-25x40mm.jpg\" \/>\n\t<meta property=\"og:image:width\" content=\"640\" \/>\n\t<meta property=\"og:image:height\" content=\"640\" \/>\n\t<meta property=\"og:image:type\" content=\"image\/jpeg\" \/>\n<meta name=\"twitter:card\" content=\"summary_large_image\" \/>\n<script type=\"application\/ld+json\" class=\"yoast-schema-graph\">{\"@context\":\"https:\\\/\\\/schema.org\",\"@graph\":[{\"@type\":\"WebPage\",\"@id\":\"https:\\\/\\\/idonim-lingerie.fr\\\/produit\\\/accessoires-chaine-25x40mm-or\\\/\",\"url\":\"https:\\\/\\\/idonim-lingerie.fr\\\/produit\\\/accessoires-chaine-25x40mm-or\\\/\",\"name\":\"Accessoires chaines 25x40mm (PAIRE) - Or - Idonim Lingerie\",\"isPartOf\":{\"@id\":\"https:\\\/\\\/idonim-lingerie.fr\\\/#website\"},\"primaryImageOfPage\":{\"@id\":\"https:\\\/\\\/idonim-lingerie.fr\\\/produit\\\/accessoires-chaine-25x40mm-or\\\/#primaryimage\"},\"image\":{\"@id\":\"https:\\\/\\\/idonim-lingerie.fr\\\/produit\\\/accessoires-chaine-25x40mm-or\\\/#primaryimage\"},\"thumbnailUrl\":\"https:\\\/\\\/idonim-lingerie.fr\\\/wp-content\\\/uploads\\\/2023\\\/03\\\/chaine-or-25x40mm.jpg\",\"datePublished\":\"2023-03-17T20:52:34+00:00\",\"dateModified\":\"2025-10-05T00:08:59+00:00\",\"breadcrumb\":{\"@id\":\"https:\\\/\\\/idonim-lingerie.fr\\\/produit\\\/accessoires-chaine-25x40mm-or\\\/#breadcrumb\"},\"inLanguage\":\"en-GB\",\"potentialAction\":[{\"@type\":\"ReadAction\",\"target\":[\"https:\\\/\\\/idonim-lingerie.fr\\\/produit\\\/accessoires-chaine-25x40mm-or\\\/\"]}]},{\"@type\":\"ImageObject\",\"inLanguage\":\"en-GB\",\"@id\":\"https:\\\/\\\/idonim-lingerie.fr\\\/produit\\\/accessoires-chaine-25x40mm-or\\\/#primaryimage\",\"url\":\"https:\\\/\\\/idonim-lingerie.fr\\\/wp-content\\\/uploads\\\/2023\\\/03\\\/chaine-or-25x40mm.jpg\",\"contentUrl\":\"https:\\\/\\\/idonim-lingerie.fr\\\/wp-content\\\/uploads\\\/2023\\\/03\\\/chaine-or-25x40mm.jpg\",\"width\":640,\"height\":640},{\"@type\":\"BreadcrumbList\",\"@id\":\"https:\\\/\\\/idonim-lingerie.fr\\\/produit\\\/accessoires-chaine-25x40mm-or\\\/#breadcrumb\",\"itemListElement\":[{\"@type\":\"ListItem\",\"position\":1,\"name\":\"Accueil\",\"item\":\"https:\\\/\\\/idonim-lingerie.fr\\\/en\\\/\"},{\"@type\":\"ListItem\",\"position\":2,\"name\":\"Boutique\",\"item\":\"https:\\\/\\\/idonim-lingerie.fr\\\/shop\\\/\"},{\"@type\":\"ListItem\",\"position\":3,\"name\":\"Accessoires chaines 25x40mm (PAIRE) &#8211; Or\"}]},{\"@type\":\"WebSite\",\"@id\":\"https:\\\/\\\/idonim-lingerie.fr\\\/#website\",\"url\":\"https:\\\/\\\/idonim-lingerie.fr\\\/\",\"name\":\"Idonim Lingerie\",\"description\":\"Idonim offre une s\u00e9lection vari\u00e9e de tissus, dentelles et accessoires pour vos cr\u00e9ations. Livraison rapide. Ateliers P\u00e9dagogiques. Cr\u00e9ation De Qualit\u00e9. M\u00ealant Style Et Confort.\",\"publisher\":{\"@id\":\"https:\\\/\\\/idonim-lingerie.fr\\\/#organization\"},\"potentialAction\":[{\"@type\":\"SearchAction\",\"target\":{\"@type\":\"EntryPoint\",\"urlTemplate\":\"https:\\\/\\\/idonim-lingerie.fr\\\/?s={search_term_string}\"},\"query-input\":{\"@type\":\"PropertyValueSpecification\",\"valueRequired\":true,\"valueName\":\"search_term_string\"}}],\"inLanguage\":\"en-GB\"},{\"@type\":\"Organization\",\"@id\":\"https:\\\/\\\/idonim-lingerie.fr\\\/#organization\",\"name\":\"Idonim Lingerie\",\"url\":\"https:\\\/\\\/idonim-lingerie.fr\\\/\",\"logo\":{\"@type\":\"ImageObject\",\"inLanguage\":\"en-GB\",\"@id\":\"https:\\\/\\\/idonim-lingerie.fr\\\/#\\\/schema\\\/logo\\\/image\\\/\",\"url\":\"https:\\\/\\\/idonim-lingerie.fr\\\/wp-content\\\/uploads\\\/2025\\\/12\\\/idonim_h28.webp\",\"contentUrl\":\"https:\\\/\\\/idonim-lingerie.fr\\\/wp-content\\\/uploads\\\/2025\\\/12\\\/idonim_h28.webp\",\"width\":111,\"height\":28,\"caption\":\"Idonim Lingerie\"},\"image\":{\"@id\":\"https:\\\/\\\/idonim-lingerie.fr\\\/#\\\/schema\\\/logo\\\/image\\\/\"}}]}<\/script>\n<!-- \/ Yoast SEO plugin. -->","yoast_head_json":{"title":"Accessoires chaines 25x40mm (PAIRE) - Or - Idonim Lingerie","robots":{"index":"index","follow":"follow","max-snippet":"max-snippet:-1","max-image-preview":"max-image-preview:large","max-video-preview":"max-video-preview:-1"},"canonical":"https:\/\/idonim-lingerie.fr\/en\/product\/accessoires-chaine-25x40mm-or\/","og_locale":"en_GB","og_type":"article","og_title":"Accessoires chaines 25x40mm (PAIRE) - Or - Idonim Lingerie","og_description":"Accessoire en forme de cha\u00eene m\u00e9tallique pour accessoiriser vos maillots de bain. Pour agr\u00e9menter vos hauts ou bas de bikinis.  Tr\u00e8s belle qualit\u00e9 haut de gamme.  R\u00e9sistant au chore et \u00e0 l'eau de mer.  Longueur \/ largeur : 40mm \/ 25mm  Couleur : or  &nbsp;  Vendu par paire\u00a0","og_url":"https:\/\/idonim-lingerie.fr\/en\/product\/accessoires-chaine-25x40mm-or\/","og_site_name":"Idonim Lingerie","article_modified_time":"2025-10-05T00:08:59+00:00","og_image":[{"width":640,"height":640,"url":"https:\/\/idonim-lingerie.fr\/wp-content\/uploads\/2023\/03\/chaine-or-25x40mm.jpg","type":"image\/jpeg"}],"twitter_card":"summary_large_image","schema":{"@context":"https:\/\/schema.org","@graph":[{"@type":"WebPage","@id":"https:\/\/idonim-lingerie.fr\/produit\/accessoires-chaine-25x40mm-or\/","url":"https:\/\/idonim-lingerie.fr\/produit\/accessoires-chaine-25x40mm-or\/","name":"Accessoires chaines 25x40mm (PAIRE) - Or - Idonim Lingerie","isPartOf":{"@id":"https:\/\/idonim-lingerie.fr\/#website"},"primaryImageOfPage":{"@id":"https:\/\/idonim-lingerie.fr\/produit\/accessoires-chaine-25x40mm-or\/#primaryimage"},"image":{"@id":"https:\/\/idonim-lingerie.fr\/produit\/accessoires-chaine-25x40mm-or\/#primaryimage"},"thumbnailUrl":"https:\/\/idonim-lingerie.fr\/wp-content\/uploads\/2023\/03\/chaine-or-25x40mm.jpg","datePublished":"2023-03-17T20:52:34+00:00","dateModified":"2025-10-05T00:08:59+00:00","breadcrumb":{"@id":"https:\/\/idonim-lingerie.fr\/produit\/accessoires-chaine-25x40mm-or\/#breadcrumb"},"inLanguage":"en-GB","potentialAction":[{"@type":"ReadAction","target":["https:\/\/idonim-lingerie.fr\/produit\/accessoires-chaine-25x40mm-or\/"]}]},{"@type":"ImageObject","inLanguage":"en-GB","@id":"https:\/\/idonim-lingerie.fr\/produit\/accessoires-chaine-25x40mm-or\/#primaryimage","url":"https:\/\/idonim-lingerie.fr\/wp-content\/uploads\/2023\/03\/chaine-or-25x40mm.jpg","contentUrl":"https:\/\/idonim-lingerie.fr\/wp-content\/uploads\/2023\/03\/chaine-or-25x40mm.jpg","width":640,"height":640},{"@type":"BreadcrumbList","@id":"https:\/\/idonim-lingerie.fr\/produit\/accessoires-chaine-25x40mm-or\/#breadcrumb","itemListElement":[{"@type":"ListItem","position":1,"name":"Accueil","item":"https:\/\/idonim-lingerie.fr\/en\/"},{"@type":"ListItem","position":2,"name":"Boutique","item":"https:\/\/idonim-lingerie.fr\/shop\/"},{"@type":"ListItem","position":3,"name":"Accessoires chaines 25x40mm (PAIRE) &#8211; Or"}]},{"@type":"WebSite","@id":"https:\/\/idonim-lingerie.fr\/#website","url":"https:\/\/idonim-lingerie.fr\/","name":"Idonim Lingerie","description":"Idonim offers a wide selection of fabrics, laces and accessories for your creations. Fast delivery. Educational workshops. Quality creation. Mixing Style and Comfort.","publisher":{"@id":"https:\/\/idonim-lingerie.fr\/#organization"},"potentialAction":[{"@type":"SearchAction","target":{"@type":"EntryPoint","urlTemplate":"https:\/\/idonim-lingerie.fr\/?s={search_term_string}"},"query-input":{"@type":"PropertyValueSpecification","valueRequired":true,"valueName":"search_term_string"}}],"inLanguage":"en-GB"},{"@type":"Organization","@id":"https:\/\/idonim-lingerie.fr\/#organization","name":"Idonim Lingerie","url":"https:\/\/idonim-lingerie.fr\/","logo":{"@type":"ImageObject","inLanguage":"en-GB","@id":"https:\/\/idonim-lingerie.fr\/#\/schema\/logo\/image\/","url":"https:\/\/idonim-lingerie.fr\/wp-content\/uploads\/2025\/12\/idonim_h28.webp","contentUrl":"https:\/\/idonim-lingerie.fr\/wp-content\/uploads\/2025\/12\/idonim_h28.webp","width":111,"height":28,"caption":"Idonim Lingerie"},"image":{"@id":"https:\/\/idonim-lingerie.fr\/#\/schema\/logo\/image\/"}}]}},"_links":{"self":[{"href":"https:\/\/idonim-lingerie.fr\/en\/wp-json\/wp\/v2\/product\/32098","targetHints":{"allow":["GET"]}}],"collection":[{"href":"https:\/\/idonim-lingerie.fr\/en\/wp-json\/wp\/v2\/product"}],"about":[{"href":"https:\/\/idonim-lingerie.fr\/en\/wp-json\/wp\/v2\/types\/product"}],"replies":[{"embeddable":true,"href":"https:\/\/idonim-lingerie.fr\/en\/wp-json\/wp\/v2\/comments?post=32098"}],"wp:featuredmedia":[{"embeddable":true,"href":"https:\/\/idonim-lingerie.fr\/en\/wp-json\/wp\/v2\/media\/32099"}],"wp:attachment":[{"href":"https:\/\/idonim-lingerie.fr\/en\/wp-json\/wp\/v2\/media?parent=32098"}],"wp:term":[{"taxonomy":"product_brand","embeddable":true,"href":"https:\/\/idonim-lingerie.fr\/en\/wp-json\/wp\/v2\/product_brand?post=32098"},{"taxonomy":"product_cat","embeddable":true,"href":"https:\/\/idonim-lingerie.fr\/en\/wp-json\/wp\/v2\/product_cat?post=32098"},{"taxonomy":"product_tag","embeddable":true,"href":"https:\/\/idonim-lingerie.fr\/en\/wp-json\/wp\/v2\/product_tag?post=32098"}],"curies":[{"name":"wp","href":"https:\/\/api.w.org\/{rel}","templated":true}]}}