{"id":30432,"date":"2022-12-21T12:06:06","date_gmt":"2022-12-21T11:06:06","guid":{"rendered":"https:\/\/idonim-lingerie.fr\/?post_type=product&#038;p=30432"},"modified":"2026-02-25T12:04:30","modified_gmt":"2026-02-25T11:04:30","slug":"noeud-satin-violet","status":"publish","type":"product","link":"https:\/\/idonim-lingerie.fr\/en\/product\/noeud-satin-violet\/","title":{"rendered":"satin bow - purple"},"content":{"rendered":"<p><span style=\"color: #b68457;\"><strong>Composition:<\/strong><\/span><\/p>\n<p>satin<\/p>\n<p>&nbsp;<\/p>\n<p><span style=\"color: #b68457;\"><strong>Advice :<\/strong><\/span><\/p>","protected":false},"excerpt":{"rendered":"<p>Satin bow width 25mm<\/p>\n<p>Colour: purple<\/p>\n<p><strong>Sold individually<\/strong><\/p>","protected":false},"featured_media":34141,"comment_status":"closed","ping_status":"closed","template":"","meta":[],"product_brand":[],"product_cat":[173],"product_tag":[],"class_list":{"0":"post-30432","1":"product","2":"type-product","3":"status-publish","4":"has-post-thumbnail","6":"product_cat-decoration","7":"product_shipping_class-hyper-light","9":"first","10":"instock","11":"taxable","12":"shipping-taxable","13":"purchasable","14":"product-type-simple"},"yoast_head":"<!-- This site is optimized with the Yoast SEO plugin v27.3 - https:\/\/yoast.com\/product\/yoast-seo-wordpress\/ -->\n<title>noeud satin - violet - Idonim Lingerie<\/title>\n<meta name=\"robots\" content=\"index, follow, max-snippet:-1, max-image-preview:large, max-video-preview:-1\" \/>\n<link rel=\"canonical\" href=\"https:\/\/idonim-lingerie.fr\/en\/product\/noeud-satin-violet\/\" \/>\n<meta property=\"og:locale\" content=\"en_GB\" \/>\n<meta property=\"og:type\" content=\"article\" \/>\n<meta property=\"og:title\" content=\"noeud satin - violet - Idonim Lingerie\" \/>\n<meta property=\"og:description\" content=\"Noeud satin largeur 25mm  Couleur : violet  Vendu \u00e0 l&#039;unit\u00e9\" \/>\n<meta property=\"og:url\" content=\"https:\/\/idonim-lingerie.fr\/en\/product\/noeud-satin-violet\/\" \/>\n<meta property=\"og:site_name\" content=\"Idonim Lingerie\" \/>\n<meta property=\"article:modified_time\" content=\"2026-02-25T11:04:30+00:00\" \/>\n<meta property=\"og:image\" content=\"https:\/\/idonim-lingerie.fr\/wp-content\/uploads\/2022\/12\/violet.jpg\" \/>\n\t<meta property=\"og:image:width\" content=\"640\" \/>\n\t<meta property=\"og:image:height\" content=\"640\" \/>\n\t<meta property=\"og:image:type\" content=\"image\/jpeg\" \/>\n<meta name=\"twitter:card\" content=\"summary_large_image\" \/>\n<script type=\"application\/ld+json\" class=\"yoast-schema-graph\">{\"@context\":\"https:\\\/\\\/schema.org\",\"@graph\":[{\"@type\":\"WebPage\",\"@id\":\"https:\\\/\\\/idonim-lingerie.fr\\\/produit\\\/noeud-satin-violet\\\/\",\"url\":\"https:\\\/\\\/idonim-lingerie.fr\\\/produit\\\/noeud-satin-violet\\\/\",\"name\":\"noeud satin - violet - Idonim Lingerie\",\"isPartOf\":{\"@id\":\"https:\\\/\\\/idonim-lingerie.fr\\\/#website\"},\"primaryImageOfPage\":{\"@id\":\"https:\\\/\\\/idonim-lingerie.fr\\\/produit\\\/noeud-satin-violet\\\/#primaryimage\"},\"image\":{\"@id\":\"https:\\\/\\\/idonim-lingerie.fr\\\/produit\\\/noeud-satin-violet\\\/#primaryimage\"},\"thumbnailUrl\":\"https:\\\/\\\/idonim-lingerie.fr\\\/wp-content\\\/uploads\\\/2022\\\/12\\\/violet.jpg\",\"datePublished\":\"2022-12-21T11:06:06+00:00\",\"dateModified\":\"2026-02-25T11:04:30+00:00\",\"breadcrumb\":{\"@id\":\"https:\\\/\\\/idonim-lingerie.fr\\\/produit\\\/noeud-satin-violet\\\/#breadcrumb\"},\"inLanguage\":\"en-GB\",\"potentialAction\":[{\"@type\":\"ReadAction\",\"target\":[\"https:\\\/\\\/idonim-lingerie.fr\\\/produit\\\/noeud-satin-violet\\\/\"]}]},{\"@type\":\"ImageObject\",\"inLanguage\":\"en-GB\",\"@id\":\"https:\\\/\\\/idonim-lingerie.fr\\\/produit\\\/noeud-satin-violet\\\/#primaryimage\",\"url\":\"https:\\\/\\\/idonim-lingerie.fr\\\/wp-content\\\/uploads\\\/2022\\\/12\\\/violet.jpg\",\"contentUrl\":\"https:\\\/\\\/idonim-lingerie.fr\\\/wp-content\\\/uploads\\\/2022\\\/12\\\/violet.jpg\",\"width\":640,\"height\":640},{\"@type\":\"BreadcrumbList\",\"@id\":\"https:\\\/\\\/idonim-lingerie.fr\\\/produit\\\/noeud-satin-violet\\\/#breadcrumb\",\"itemListElement\":[{\"@type\":\"ListItem\",\"position\":1,\"name\":\"Accueil\",\"item\":\"https:\\\/\\\/idonim-lingerie.fr\\\/en\\\/\"},{\"@type\":\"ListItem\",\"position\":2,\"name\":\"Boutique\",\"item\":\"https:\\\/\\\/idonim-lingerie.fr\\\/shop\\\/\"},{\"@type\":\"ListItem\",\"position\":3,\"name\":\"noeud satin &#8211; violet\"}]},{\"@type\":\"WebSite\",\"@id\":\"https:\\\/\\\/idonim-lingerie.fr\\\/#website\",\"url\":\"https:\\\/\\\/idonim-lingerie.fr\\\/\",\"name\":\"Idonim Lingerie\",\"description\":\"Idonim offre une s\u00e9lection vari\u00e9e de tissus, dentelles et accessoires pour vos cr\u00e9ations. Livraison rapide. Ateliers P\u00e9dagogiques. Cr\u00e9ation De Qualit\u00e9. M\u00ealant Style Et Confort.\",\"publisher\":{\"@id\":\"https:\\\/\\\/idonim-lingerie.fr\\\/#organization\"},\"potentialAction\":[{\"@type\":\"SearchAction\",\"target\":{\"@type\":\"EntryPoint\",\"urlTemplate\":\"https:\\\/\\\/idonim-lingerie.fr\\\/?s={search_term_string}\"},\"query-input\":{\"@type\":\"PropertyValueSpecification\",\"valueRequired\":true,\"valueName\":\"search_term_string\"}}],\"inLanguage\":\"en-GB\"},{\"@type\":\"Organization\",\"@id\":\"https:\\\/\\\/idonim-lingerie.fr\\\/#organization\",\"name\":\"Idonim Lingerie\",\"url\":\"https:\\\/\\\/idonim-lingerie.fr\\\/\",\"logo\":{\"@type\":\"ImageObject\",\"inLanguage\":\"en-GB\",\"@id\":\"https:\\\/\\\/idonim-lingerie.fr\\\/#\\\/schema\\\/logo\\\/image\\\/\",\"url\":\"https:\\\/\\\/idonim-lingerie.fr\\\/wp-content\\\/uploads\\\/2025\\\/12\\\/idonim_h28.webp\",\"contentUrl\":\"https:\\\/\\\/idonim-lingerie.fr\\\/wp-content\\\/uploads\\\/2025\\\/12\\\/idonim_h28.webp\",\"width\":111,\"height\":28,\"caption\":\"Idonim Lingerie\"},\"image\":{\"@id\":\"https:\\\/\\\/idonim-lingerie.fr\\\/#\\\/schema\\\/logo\\\/image\\\/\"}}]}<\/script>\n<!-- \/ Yoast SEO plugin. -->","yoast_head_json":{"title":"noeud satin - violet - Idonim Lingerie","robots":{"index":"index","follow":"follow","max-snippet":"max-snippet:-1","max-image-preview":"max-image-preview:large","max-video-preview":"max-video-preview:-1"},"canonical":"https:\/\/idonim-lingerie.fr\/en\/product\/noeud-satin-violet\/","og_locale":"en_GB","og_type":"article","og_title":"noeud satin - violet - Idonim Lingerie","og_description":"Noeud satin largeur 25mm  Couleur : violet  Vendu \u00e0 l'unit\u00e9","og_url":"https:\/\/idonim-lingerie.fr\/en\/product\/noeud-satin-violet\/","og_site_name":"Idonim Lingerie","article_modified_time":"2026-02-25T11:04:30+00:00","og_image":[{"width":640,"height":640,"url":"https:\/\/idonim-lingerie.fr\/wp-content\/uploads\/2022\/12\/violet.jpg","type":"image\/jpeg"}],"twitter_card":"summary_large_image","schema":{"@context":"https:\/\/schema.org","@graph":[{"@type":"WebPage","@id":"https:\/\/idonim-lingerie.fr\/produit\/noeud-satin-violet\/","url":"https:\/\/idonim-lingerie.fr\/produit\/noeud-satin-violet\/","name":"noeud satin - violet - Idonim Lingerie","isPartOf":{"@id":"https:\/\/idonim-lingerie.fr\/#website"},"primaryImageOfPage":{"@id":"https:\/\/idonim-lingerie.fr\/produit\/noeud-satin-violet\/#primaryimage"},"image":{"@id":"https:\/\/idonim-lingerie.fr\/produit\/noeud-satin-violet\/#primaryimage"},"thumbnailUrl":"https:\/\/idonim-lingerie.fr\/wp-content\/uploads\/2022\/12\/violet.jpg","datePublished":"2022-12-21T11:06:06+00:00","dateModified":"2026-02-25T11:04:30+00:00","breadcrumb":{"@id":"https:\/\/idonim-lingerie.fr\/produit\/noeud-satin-violet\/#breadcrumb"},"inLanguage":"en-GB","potentialAction":[{"@type":"ReadAction","target":["https:\/\/idonim-lingerie.fr\/produit\/noeud-satin-violet\/"]}]},{"@type":"ImageObject","inLanguage":"en-GB","@id":"https:\/\/idonim-lingerie.fr\/produit\/noeud-satin-violet\/#primaryimage","url":"https:\/\/idonim-lingerie.fr\/wp-content\/uploads\/2022\/12\/violet.jpg","contentUrl":"https:\/\/idonim-lingerie.fr\/wp-content\/uploads\/2022\/12\/violet.jpg","width":640,"height":640},{"@type":"BreadcrumbList","@id":"https:\/\/idonim-lingerie.fr\/produit\/noeud-satin-violet\/#breadcrumb","itemListElement":[{"@type":"ListItem","position":1,"name":"Accueil","item":"https:\/\/idonim-lingerie.fr\/en\/"},{"@type":"ListItem","position":2,"name":"Boutique","item":"https:\/\/idonim-lingerie.fr\/shop\/"},{"@type":"ListItem","position":3,"name":"noeud satin &#8211; violet"}]},{"@type":"WebSite","@id":"https:\/\/idonim-lingerie.fr\/#website","url":"https:\/\/idonim-lingerie.fr\/","name":"Idonim Lingerie","description":"Idonim offers a wide selection of fabrics, laces and accessories for your creations. Fast delivery. Educational workshops. Quality creation. Mixing Style and Comfort.","publisher":{"@id":"https:\/\/idonim-lingerie.fr\/#organization"},"potentialAction":[{"@type":"SearchAction","target":{"@type":"EntryPoint","urlTemplate":"https:\/\/idonim-lingerie.fr\/?s={search_term_string}"},"query-input":{"@type":"PropertyValueSpecification","valueRequired":true,"valueName":"search_term_string"}}],"inLanguage":"en-GB"},{"@type":"Organization","@id":"https:\/\/idonim-lingerie.fr\/#organization","name":"Idonim Lingerie","url":"https:\/\/idonim-lingerie.fr\/","logo":{"@type":"ImageObject","inLanguage":"en-GB","@id":"https:\/\/idonim-lingerie.fr\/#\/schema\/logo\/image\/","url":"https:\/\/idonim-lingerie.fr\/wp-content\/uploads\/2025\/12\/idonim_h28.webp","contentUrl":"https:\/\/idonim-lingerie.fr\/wp-content\/uploads\/2025\/12\/idonim_h28.webp","width":111,"height":28,"caption":"Idonim Lingerie"},"image":{"@id":"https:\/\/idonim-lingerie.fr\/#\/schema\/logo\/image\/"}}]}},"_links":{"self":[{"href":"https:\/\/idonim-lingerie.fr\/en\/wp-json\/wp\/v2\/product\/30432","targetHints":{"allow":["GET"]}}],"collection":[{"href":"https:\/\/idonim-lingerie.fr\/en\/wp-json\/wp\/v2\/product"}],"about":[{"href":"https:\/\/idonim-lingerie.fr\/en\/wp-json\/wp\/v2\/types\/product"}],"replies":[{"embeddable":true,"href":"https:\/\/idonim-lingerie.fr\/en\/wp-json\/wp\/v2\/comments?post=30432"}],"wp:featuredmedia":[{"embeddable":true,"href":"https:\/\/idonim-lingerie.fr\/en\/wp-json\/wp\/v2\/media\/34141"}],"wp:attachment":[{"href":"https:\/\/idonim-lingerie.fr\/en\/wp-json\/wp\/v2\/media?parent=30432"}],"wp:term":[{"taxonomy":"product_brand","embeddable":true,"href":"https:\/\/idonim-lingerie.fr\/en\/wp-json\/wp\/v2\/product_brand?post=30432"},{"taxonomy":"product_cat","embeddable":true,"href":"https:\/\/idonim-lingerie.fr\/en\/wp-json\/wp\/v2\/product_cat?post=30432"},{"taxonomy":"product_tag","embeddable":true,"href":"https:\/\/idonim-lingerie.fr\/en\/wp-json\/wp\/v2\/product_tag?post=30432"}],"curies":[{"name":"wp","href":"https:\/\/api.w.org\/{rel}","templated":true}]}}