{"id":28993,"date":"2022-09-27T18:39:45","date_gmt":"2022-09-27T16:39:45","guid":{"rendered":"https:\/\/idonim-lingerie.fr\/?post_type=product&#038;p=28993"},"modified":"2026-04-01T14:40:30","modified_gmt":"2026-04-01T12:40:30","slug":"maille-tulle-bielastique-noir-paillete","status":"publish","type":"product","link":"https:\/\/idonim-lingerie.fr\/en\/product\/maille-tulle-bielastique-noir-paillete\/","title":{"rendered":"BIELASTIC TULLE MESH - black glitter"},"content":{"rendered":"<p><span style=\"color: #b68457;\"><strong>Composition:<\/strong><\/span><\/p>\n<p>Approx. 80g\/m2<\/p>\n<p>PA \/ SP<\/p>\n<p>Width: 150cm<\/p>\n<p>Elasticity in all 4 directions (2 directions FR)<\/p>\n<p>Origin : EU<\/p>\n<p>&nbsp;<\/p>\n<p><span style=\"color: #b68457;\"><strong>Advice :<\/strong><\/span><\/p>\n<p>- Wash gently by hand at 40\u00b0C max.<\/p>\n<p>-Do not use a tumble dryer or steam iron<\/p>","protected":false},"excerpt":{"rendered":"<p><span class=\"goog-text-highlight\">This tulle is bi-stretch. Thanks to its softness and elasticity, it can be used in many areas<\/span><br \/>\n<span class=\"goog-text-highlight\">- for dance, tulle has its own particularity, very appreciated for its transparency and the fact that it is well stretched, it adapts to the shapes of your dancers<\/span><\/p>\n<p>- for the lingerie sector<\/p>\n<p><span class=\"goog-text-highlight\">- for clothing, tulle is also widely used in the manufacture of wedding dresses and veils, and decorations.<\/span><\/p>\n<p><span class=\"\">The product is printed with a glitter print<\/span><\/p>\n<p>It is a wonderful product<\/p>\n<p>Colour: black<\/p>\n<p><strong>Sold in units of 10cm<\/strong>\u00a0 (To order 1m length select 10 units)<\/p>\n<p>&nbsp;<\/p>","protected":false},"featured_media":0,"comment_status":"closed","ping_status":"closed","template":"","meta":[],"product_brand":[],"product_cat":[698,164,609,201],"product_tag":[],"class_list":{"0":"post-28993","1":"product","2":"type-product","3":"status-publish","5":"product_cat-articles-haut-de-gamme","6":"product_cat-power-net-resilles","7":"product_cat-powernet-imprime-ou-floque","8":"product_cat-sportswear-gym-danse","9":"product_shipping_class-tissus-leges","11":"first","12":"instock","13":"taxable","14":"shipping-taxable","15":"purchasable","16":"product-type-simple"},"yoast_head":"<!-- This site is optimized with the Yoast SEO plugin v27.3 - https:\/\/yoast.com\/product\/yoast-seo-wordpress\/ -->\n<title>MAILLE TULLE BIELASTIQUE - noir paillet\u00e9 - Idonim Lingerie<\/title>\n<meta name=\"robots\" content=\"index, follow, max-snippet:-1, max-image-preview:large, max-video-preview:-1\" \/>\n<link rel=\"canonical\" href=\"https:\/\/idonim-lingerie.fr\/en\/product\/maille-tulle-bielastique-noir-paillete\/\" \/>\n<meta property=\"og:locale\" content=\"en_GB\" \/>\n<meta property=\"og:type\" content=\"article\" \/>\n<meta property=\"og:title\" content=\"MAILLE TULLE BIELASTIQUE - noir paillet\u00e9 - Idonim Lingerie\" \/>\n<meta property=\"og:description\" content=\"Ce tulle est bi-stretch. Gr\u00e2ce \u00e0 sa douceur et son \u00e9lasticit\u00e9 il s&#039;int\u00e8gre parfaitement dans de nombreux secteurs - pour la danse, le tulle a sa particularit\u00e9, tr\u00e8s appr\u00e9ci\u00e9e pour sa transparence et le fait qu&#039;il soit bien \u00e9tir\u00e9 il s&#039;adapte aux formes de vos danseuses  - pour le secteur lingerie  - pour l&#039;habillement, le tulle est \u00e9galement largement utilis\u00e9 dans la confection de robes de mari\u00e9e et de voiles, et de d\u00e9corations.  Le produit est imprim\u00e9 avec un imprim\u00e9 paillet\u00e9  C&#039;est un produit magnifique  Couleur : noir  Vendu par unit\u00e9 de 10cm\u00a0 (Pour commander 1m de long s\u00e9lectionner 10 unit\u00e9s)  &nbsp;\" \/>\n<meta property=\"og:url\" content=\"https:\/\/idonim-lingerie.fr\/en\/product\/maille-tulle-bielastique-noir-paillete\/\" \/>\n<meta property=\"og:site_name\" content=\"Idonim Lingerie\" \/>\n<meta property=\"article:modified_time\" content=\"2026-04-01T12:40:30+00:00\" \/>\n<meta property=\"og:image\" content=\"https:\/\/idonim-lingerie.fr\/wp-content\/uploads\/2022\/09\/tulle-paillete-noir-1.jpg\" \/>\n\t<meta property=\"og:image:width\" content=\"800\" \/>\n\t<meta property=\"og:image:height\" content=\"800\" \/>\n\t<meta property=\"og:image:type\" content=\"image\/jpeg\" \/>\n<meta name=\"twitter:card\" content=\"summary_large_image\" \/>\n<script type=\"application\/ld+json\" class=\"yoast-schema-graph\">{\"@context\":\"https:\\\/\\\/schema.org\",\"@graph\":[{\"@type\":\"WebPage\",\"@id\":\"https:\\\/\\\/idonim-lingerie.fr\\\/produit\\\/maille-tulle-bielastique-noir-paillete\\\/\",\"url\":\"https:\\\/\\\/idonim-lingerie.fr\\\/produit\\\/maille-tulle-bielastique-noir-paillete\\\/\",\"name\":\"MAILLE TULLE BIELASTIQUE - noir paillet\u00e9 - Idonim Lingerie\",\"isPartOf\":{\"@id\":\"https:\\\/\\\/idonim-lingerie.fr\\\/#website\"},\"datePublished\":\"2022-09-27T16:39:45+00:00\",\"dateModified\":\"2026-04-01T12:40:30+00:00\",\"breadcrumb\":{\"@id\":\"https:\\\/\\\/idonim-lingerie.fr\\\/produit\\\/maille-tulle-bielastique-noir-paillete\\\/#breadcrumb\"},\"inLanguage\":\"en-GB\",\"potentialAction\":[{\"@type\":\"ReadAction\",\"target\":[\"https:\\\/\\\/idonim-lingerie.fr\\\/produit\\\/maille-tulle-bielastique-noir-paillete\\\/\"]}]},{\"@type\":\"BreadcrumbList\",\"@id\":\"https:\\\/\\\/idonim-lingerie.fr\\\/produit\\\/maille-tulle-bielastique-noir-paillete\\\/#breadcrumb\",\"itemListElement\":[{\"@type\":\"ListItem\",\"position\":1,\"name\":\"Accueil\",\"item\":\"https:\\\/\\\/idonim-lingerie.fr\\\/en\\\/\"},{\"@type\":\"ListItem\",\"position\":2,\"name\":\"Boutique\",\"item\":\"https:\\\/\\\/idonim-lingerie.fr\\\/shop\\\/\"},{\"@type\":\"ListItem\",\"position\":3,\"name\":\"MAILLE TULLE BIELASTIQUE &#8211; noir paillet\u00e9\"}]},{\"@type\":\"WebSite\",\"@id\":\"https:\\\/\\\/idonim-lingerie.fr\\\/#website\",\"url\":\"https:\\\/\\\/idonim-lingerie.fr\\\/\",\"name\":\"Idonim Lingerie\",\"description\":\"Idonim offre une s\u00e9lection vari\u00e9e de tissus, dentelles et accessoires pour vos cr\u00e9ations. Livraison rapide. Ateliers P\u00e9dagogiques. Cr\u00e9ation De Qualit\u00e9. M\u00ealant Style Et Confort.\",\"publisher\":{\"@id\":\"https:\\\/\\\/idonim-lingerie.fr\\\/#organization\"},\"potentialAction\":[{\"@type\":\"SearchAction\",\"target\":{\"@type\":\"EntryPoint\",\"urlTemplate\":\"https:\\\/\\\/idonim-lingerie.fr\\\/?s={search_term_string}\"},\"query-input\":{\"@type\":\"PropertyValueSpecification\",\"valueRequired\":true,\"valueName\":\"search_term_string\"}}],\"inLanguage\":\"en-GB\"},{\"@type\":\"Organization\",\"@id\":\"https:\\\/\\\/idonim-lingerie.fr\\\/#organization\",\"name\":\"Idonim Lingerie\",\"url\":\"https:\\\/\\\/idonim-lingerie.fr\\\/\",\"logo\":{\"@type\":\"ImageObject\",\"inLanguage\":\"en-GB\",\"@id\":\"https:\\\/\\\/idonim-lingerie.fr\\\/#\\\/schema\\\/logo\\\/image\\\/\",\"url\":\"https:\\\/\\\/idonim-lingerie.fr\\\/wp-content\\\/uploads\\\/2025\\\/12\\\/idonim_h28.webp\",\"contentUrl\":\"https:\\\/\\\/idonim-lingerie.fr\\\/wp-content\\\/uploads\\\/2025\\\/12\\\/idonim_h28.webp\",\"width\":111,\"height\":28,\"caption\":\"Idonim Lingerie\"},\"image\":{\"@id\":\"https:\\\/\\\/idonim-lingerie.fr\\\/#\\\/schema\\\/logo\\\/image\\\/\"}}]}<\/script>\n<!-- \/ Yoast SEO plugin. -->","yoast_head_json":{"title":"MAILLE TULLE BIELASTIQUE - noir paillet\u00e9 - Idonim Lingerie","robots":{"index":"index","follow":"follow","max-snippet":"max-snippet:-1","max-image-preview":"max-image-preview:large","max-video-preview":"max-video-preview:-1"},"canonical":"https:\/\/idonim-lingerie.fr\/en\/product\/maille-tulle-bielastique-noir-paillete\/","og_locale":"en_GB","og_type":"article","og_title":"MAILLE TULLE BIELASTIQUE - noir paillet\u00e9 - Idonim Lingerie","og_description":"Ce tulle est bi-stretch. Gr\u00e2ce \u00e0 sa douceur et son \u00e9lasticit\u00e9 il s'int\u00e8gre parfaitement dans de nombreux secteurs - pour la danse, le tulle a sa particularit\u00e9, tr\u00e8s appr\u00e9ci\u00e9e pour sa transparence et le fait qu'il soit bien \u00e9tir\u00e9 il s'adapte aux formes de vos danseuses  - pour le secteur lingerie  - pour l'habillement, le tulle est \u00e9galement largement utilis\u00e9 dans la confection de robes de mari\u00e9e et de voiles, et de d\u00e9corations.  Le produit est imprim\u00e9 avec un imprim\u00e9 paillet\u00e9  C'est un produit magnifique  Couleur : noir  Vendu par unit\u00e9 de 10cm\u00a0 (Pour commander 1m de long s\u00e9lectionner 10 unit\u00e9s)  &nbsp;","og_url":"https:\/\/idonim-lingerie.fr\/en\/product\/maille-tulle-bielastique-noir-paillete\/","og_site_name":"Idonim Lingerie","article_modified_time":"2026-04-01T12:40:30+00:00","og_image":[{"width":800,"height":800,"url":"https:\/\/idonim-lingerie.fr\/wp-content\/uploads\/2022\/09\/tulle-paillete-noir-1.jpg","type":"image\/jpeg"}],"twitter_card":"summary_large_image","schema":{"@context":"https:\/\/schema.org","@graph":[{"@type":"WebPage","@id":"https:\/\/idonim-lingerie.fr\/produit\/maille-tulle-bielastique-noir-paillete\/","url":"https:\/\/idonim-lingerie.fr\/produit\/maille-tulle-bielastique-noir-paillete\/","name":"MAILLE TULLE BIELASTIQUE - noir paillet\u00e9 - Idonim Lingerie","isPartOf":{"@id":"https:\/\/idonim-lingerie.fr\/#website"},"datePublished":"2022-09-27T16:39:45+00:00","dateModified":"2026-04-01T12:40:30+00:00","breadcrumb":{"@id":"https:\/\/idonim-lingerie.fr\/produit\/maille-tulle-bielastique-noir-paillete\/#breadcrumb"},"inLanguage":"en-GB","potentialAction":[{"@type":"ReadAction","target":["https:\/\/idonim-lingerie.fr\/produit\/maille-tulle-bielastique-noir-paillete\/"]}]},{"@type":"BreadcrumbList","@id":"https:\/\/idonim-lingerie.fr\/produit\/maille-tulle-bielastique-noir-paillete\/#breadcrumb","itemListElement":[{"@type":"ListItem","position":1,"name":"Accueil","item":"https:\/\/idonim-lingerie.fr\/en\/"},{"@type":"ListItem","position":2,"name":"Boutique","item":"https:\/\/idonim-lingerie.fr\/shop\/"},{"@type":"ListItem","position":3,"name":"MAILLE TULLE BIELASTIQUE &#8211; noir paillet\u00e9"}]},{"@type":"WebSite","@id":"https:\/\/idonim-lingerie.fr\/#website","url":"https:\/\/idonim-lingerie.fr\/","name":"Idonim Lingerie","description":"Idonim offers a wide selection of fabrics, laces and accessories for your creations. Fast delivery. Educational workshops. Quality creation. Mixing Style and Comfort.","publisher":{"@id":"https:\/\/idonim-lingerie.fr\/#organization"},"potentialAction":[{"@type":"SearchAction","target":{"@type":"EntryPoint","urlTemplate":"https:\/\/idonim-lingerie.fr\/?s={search_term_string}"},"query-input":{"@type":"PropertyValueSpecification","valueRequired":true,"valueName":"search_term_string"}}],"inLanguage":"en-GB"},{"@type":"Organization","@id":"https:\/\/idonim-lingerie.fr\/#organization","name":"Idonim Lingerie","url":"https:\/\/idonim-lingerie.fr\/","logo":{"@type":"ImageObject","inLanguage":"en-GB","@id":"https:\/\/idonim-lingerie.fr\/#\/schema\/logo\/image\/","url":"https:\/\/idonim-lingerie.fr\/wp-content\/uploads\/2025\/12\/idonim_h28.webp","contentUrl":"https:\/\/idonim-lingerie.fr\/wp-content\/uploads\/2025\/12\/idonim_h28.webp","width":111,"height":28,"caption":"Idonim Lingerie"},"image":{"@id":"https:\/\/idonim-lingerie.fr\/#\/schema\/logo\/image\/"}}]}},"_links":{"self":[{"href":"https:\/\/idonim-lingerie.fr\/en\/wp-json\/wp\/v2\/product\/28993","targetHints":{"allow":["GET"]}}],"collection":[{"href":"https:\/\/idonim-lingerie.fr\/en\/wp-json\/wp\/v2\/product"}],"about":[{"href":"https:\/\/idonim-lingerie.fr\/en\/wp-json\/wp\/v2\/types\/product"}],"replies":[{"embeddable":true,"href":"https:\/\/idonim-lingerie.fr\/en\/wp-json\/wp\/v2\/comments?post=28993"}],"wp:attachment":[{"href":"https:\/\/idonim-lingerie.fr\/en\/wp-json\/wp\/v2\/media?parent=28993"}],"wp:term":[{"taxonomy":"product_brand","embeddable":true,"href":"https:\/\/idonim-lingerie.fr\/en\/wp-json\/wp\/v2\/product_brand?post=28993"},{"taxonomy":"product_cat","embeddable":true,"href":"https:\/\/idonim-lingerie.fr\/en\/wp-json\/wp\/v2\/product_cat?post=28993"},{"taxonomy":"product_tag","embeddable":true,"href":"https:\/\/idonim-lingerie.fr\/en\/wp-json\/wp\/v2\/product_tag?post=28993"}],"curies":[{"name":"wp","href":"https:\/\/api.w.org\/{rel}","templated":true}]}}