{"id":28923,"date":"2022-09-21T18:52:23","date_gmt":"2022-09-21T16:52:23","guid":{"rendered":"https:\/\/idonim-lingerie.fr\/?post_type=product&#038;p=28923"},"modified":"2026-03-28T17:17:30","modified_gmt":"2026-03-28T16:17:30","slug":"jersey-de-coton-stretch-marine","status":"publish","type":"product","link":"https:\/\/idonim-lingerie.fr\/en\/product\/jersey-de-coton-stretch-marine\/","title":{"rendered":"Stretch cotton jersey - navy"},"content":{"rendered":"<p><span style=\"color: #b68457;\"><strong>Composition:<\/strong><\/span><\/p>\n<p>97% CO - 3% EA<\/p>\n<p>Approx. 120g\/m2<\/p>\n<p>Width: 180cm<\/p>\n<p>Origin: Europe<\/p>\n<p>&nbsp;<\/p>\n<p><span style=\"color: #b68457;\"><strong>Advice :<\/strong><\/span><\/p>","protected":false},"excerpt":{"rendered":"<p>This fabric is ideal for making cotton jersey underwear as well as knicker bottoms. It is soft and not too thick.<\/p>\n<p>You can also use it to make t-shirts and clothing.<\/p>\n<p>&nbsp;<\/p>\n<p>colour: navy<\/p>\n<p><strong>Sold in 10cm lengths (To order 1m, order 10 units)<\/strong><\/p>\n<p>2 units are enough and you will have enough fabric to make a few bottoms, ...<\/p>\n<p><strong>\u00a0\u00a0<\/strong><\/p>\n<p>&nbsp;<\/p>","protected":false},"featured_media":32554,"comment_status":"closed","ping_status":"closed","template":"","meta":[],"product_brand":[],"product_cat":[190,635,581,157],"product_tag":[],"class_list":{"0":"post-28923","1":"product","2":"type-product","3":"status-publish","4":"has-post-thumbnail","6":"product_cat-jersey","7":"product_cat-jersey-stretch","8":"product_cat-extensible-homme","9":"product_cat-tissus-lingerie","10":"product_shipping_class-tissus-lourds-en","12":"first","13":"instock","14":"taxable","15":"shipping-taxable","16":"purchasable","17":"product-type-simple"},"yoast_head":"<!-- This site is optimized with the Yoast SEO plugin v27.3 - https:\/\/yoast.com\/product\/yoast-seo-wordpress\/ -->\n<title>Jersey de coton stretch - marine - Idonim Lingerie<\/title>\n<meta name=\"description\" content=\"Jersey de coton avec une bonne extensibilit\u00e9 pour un confort parfait. Vous pourrez l&#039;utiliser pour la r\u00e9alisation de pi\u00e8ces de lingerie, t-shirts, ...\" \/>\n<meta name=\"robots\" content=\"index, follow, max-snippet:-1, max-image-preview:large, max-video-preview:-1\" \/>\n<link rel=\"canonical\" href=\"https:\/\/idonim-lingerie.fr\/en\/product\/jersey-de-coton-stretch-marine\/\" \/>\n<meta property=\"og:locale\" content=\"en_GB\" \/>\n<meta property=\"og:type\" content=\"article\" \/>\n<meta property=\"og:title\" content=\"Jersey de coton stretch - marine - Idonim Lingerie\" \/>\n<meta property=\"og:description\" content=\"Jersey de coton avec une bonne extensibilit\u00e9 pour un confort parfait. Vous pourrez l&#039;utiliser pour la r\u00e9alisation de pi\u00e8ces de lingerie, t-shirts, ...\" \/>\n<meta property=\"og:url\" content=\"https:\/\/idonim-lingerie.fr\/en\/product\/jersey-de-coton-stretch-marine\/\" \/>\n<meta property=\"og:site_name\" content=\"Idonim Lingerie\" \/>\n<meta property=\"article:modified_time\" content=\"2026-03-28T16:17:30+00:00\" \/>\n<meta property=\"og:image\" content=\"https:\/\/idonim-lingerie.fr\/wp-content\/uploads\/2022\/12\/jersey-coton-marine.jpg\" \/>\n\t<meta property=\"og:image:width\" content=\"640\" \/>\n\t<meta property=\"og:image:height\" content=\"640\" \/>\n\t<meta property=\"og:image:type\" content=\"image\/jpeg\" \/>\n<meta name=\"twitter:card\" content=\"summary_large_image\" \/>\n<meta name=\"twitter:label1\" content=\"Estimated reading time\" \/>\n\t<meta name=\"twitter:data1\" content=\"1 minute\" \/>\n<script type=\"application\/ld+json\" class=\"yoast-schema-graph\">{\"@context\":\"https:\\\/\\\/schema.org\",\"@graph\":[{\"@type\":\"WebPage\",\"@id\":\"https:\\\/\\\/idonim-lingerie.fr\\\/produit\\\/jersey-de-coton-stretch-marine\\\/\",\"url\":\"https:\\\/\\\/idonim-lingerie.fr\\\/produit\\\/jersey-de-coton-stretch-marine\\\/\",\"name\":\"Jersey de coton stretch - marine - Idonim Lingerie\",\"isPartOf\":{\"@id\":\"https:\\\/\\\/idonim-lingerie.fr\\\/#website\"},\"primaryImageOfPage\":{\"@id\":\"https:\\\/\\\/idonim-lingerie.fr\\\/produit\\\/jersey-de-coton-stretch-marine\\\/#primaryimage\"},\"image\":{\"@id\":\"https:\\\/\\\/idonim-lingerie.fr\\\/produit\\\/jersey-de-coton-stretch-marine\\\/#primaryimage\"},\"thumbnailUrl\":\"https:\\\/\\\/idonim-lingerie.fr\\\/wp-content\\\/uploads\\\/2022\\\/12\\\/jersey-coton-marine.jpg\",\"datePublished\":\"2022-09-21T16:52:23+00:00\",\"dateModified\":\"2026-03-28T16:17:30+00:00\",\"description\":\"Jersey de coton avec une bonne extensibilit\u00e9 pour un confort parfait. Vous pourrez l'utiliser pour la r\u00e9alisation de pi\u00e8ces de lingerie, t-shirts, ...\",\"breadcrumb\":{\"@id\":\"https:\\\/\\\/idonim-lingerie.fr\\\/produit\\\/jersey-de-coton-stretch-marine\\\/#breadcrumb\"},\"inLanguage\":\"en-GB\",\"potentialAction\":[{\"@type\":\"ReadAction\",\"target\":[\"https:\\\/\\\/idonim-lingerie.fr\\\/produit\\\/jersey-de-coton-stretch-marine\\\/\"]}]},{\"@type\":\"ImageObject\",\"inLanguage\":\"en-GB\",\"@id\":\"https:\\\/\\\/idonim-lingerie.fr\\\/produit\\\/jersey-de-coton-stretch-marine\\\/#primaryimage\",\"url\":\"https:\\\/\\\/idonim-lingerie.fr\\\/wp-content\\\/uploads\\\/2022\\\/12\\\/jersey-coton-marine.jpg\",\"contentUrl\":\"https:\\\/\\\/idonim-lingerie.fr\\\/wp-content\\\/uploads\\\/2022\\\/12\\\/jersey-coton-marine.jpg\",\"width\":640,\"height\":640,\"caption\":\"jersey coton marine\"},{\"@type\":\"BreadcrumbList\",\"@id\":\"https:\\\/\\\/idonim-lingerie.fr\\\/produit\\\/jersey-de-coton-stretch-marine\\\/#breadcrumb\",\"itemListElement\":[{\"@type\":\"ListItem\",\"position\":1,\"name\":\"Accueil\",\"item\":\"https:\\\/\\\/idonim-lingerie.fr\\\/en\\\/\"},{\"@type\":\"ListItem\",\"position\":2,\"name\":\"Boutique\",\"item\":\"https:\\\/\\\/idonim-lingerie.fr\\\/shop\\\/\"},{\"@type\":\"ListItem\",\"position\":3,\"name\":\"Jersey de coton stretch &#8211; marine\"}]},{\"@type\":\"WebSite\",\"@id\":\"https:\\\/\\\/idonim-lingerie.fr\\\/#website\",\"url\":\"https:\\\/\\\/idonim-lingerie.fr\\\/\",\"name\":\"Idonim Lingerie\",\"description\":\"Idonim offre une s\u00e9lection vari\u00e9e de tissus, dentelles et accessoires pour vos cr\u00e9ations. Livraison rapide. Ateliers P\u00e9dagogiques. Cr\u00e9ation De Qualit\u00e9. M\u00ealant Style Et Confort.\",\"publisher\":{\"@id\":\"https:\\\/\\\/idonim-lingerie.fr\\\/#organization\"},\"potentialAction\":[{\"@type\":\"SearchAction\",\"target\":{\"@type\":\"EntryPoint\",\"urlTemplate\":\"https:\\\/\\\/idonim-lingerie.fr\\\/?s={search_term_string}\"},\"query-input\":{\"@type\":\"PropertyValueSpecification\",\"valueRequired\":true,\"valueName\":\"search_term_string\"}}],\"inLanguage\":\"en-GB\"},{\"@type\":\"Organization\",\"@id\":\"https:\\\/\\\/idonim-lingerie.fr\\\/#organization\",\"name\":\"Idonim Lingerie\",\"url\":\"https:\\\/\\\/idonim-lingerie.fr\\\/\",\"logo\":{\"@type\":\"ImageObject\",\"inLanguage\":\"en-GB\",\"@id\":\"https:\\\/\\\/idonim-lingerie.fr\\\/#\\\/schema\\\/logo\\\/image\\\/\",\"url\":\"https:\\\/\\\/idonim-lingerie.fr\\\/wp-content\\\/uploads\\\/2025\\\/12\\\/idonim_h28.webp\",\"contentUrl\":\"https:\\\/\\\/idonim-lingerie.fr\\\/wp-content\\\/uploads\\\/2025\\\/12\\\/idonim_h28.webp\",\"width\":111,\"height\":28,\"caption\":\"Idonim Lingerie\"},\"image\":{\"@id\":\"https:\\\/\\\/idonim-lingerie.fr\\\/#\\\/schema\\\/logo\\\/image\\\/\"}}]}<\/script>\n<!-- \/ Yoast SEO plugin. -->","yoast_head_json":{"title":"Jersey de coton stretch - marine - Idonim Lingerie","description":"Cotton jersey with good stretch for perfect comfort. You can use it to make lingerie, T-shirts, etc.","robots":{"index":"index","follow":"follow","max-snippet":"max-snippet:-1","max-image-preview":"max-image-preview:large","max-video-preview":"max-video-preview:-1"},"canonical":"https:\/\/idonim-lingerie.fr\/en\/product\/jersey-de-coton-stretch-marine\/","og_locale":"en_GB","og_type":"article","og_title":"Jersey de coton stretch - marine - Idonim Lingerie","og_description":"Jersey de coton avec une bonne extensibilit\u00e9 pour un confort parfait. Vous pourrez l'utiliser pour la r\u00e9alisation de pi\u00e8ces de lingerie, t-shirts, ...","og_url":"https:\/\/idonim-lingerie.fr\/en\/product\/jersey-de-coton-stretch-marine\/","og_site_name":"Idonim Lingerie","article_modified_time":"2026-03-28T16:17:30+00:00","og_image":[{"width":640,"height":640,"url":"https:\/\/idonim-lingerie.fr\/wp-content\/uploads\/2022\/12\/jersey-coton-marine.jpg","type":"image\/jpeg"}],"twitter_card":"summary_large_image","twitter_misc":{"Estimated reading time":"1 minute"},"schema":{"@context":"https:\/\/schema.org","@graph":[{"@type":"WebPage","@id":"https:\/\/idonim-lingerie.fr\/produit\/jersey-de-coton-stretch-marine\/","url":"https:\/\/idonim-lingerie.fr\/produit\/jersey-de-coton-stretch-marine\/","name":"Jersey de coton stretch - marine - Idonim Lingerie","isPartOf":{"@id":"https:\/\/idonim-lingerie.fr\/#website"},"primaryImageOfPage":{"@id":"https:\/\/idonim-lingerie.fr\/produit\/jersey-de-coton-stretch-marine\/#primaryimage"},"image":{"@id":"https:\/\/idonim-lingerie.fr\/produit\/jersey-de-coton-stretch-marine\/#primaryimage"},"thumbnailUrl":"https:\/\/idonim-lingerie.fr\/wp-content\/uploads\/2022\/12\/jersey-coton-marine.jpg","datePublished":"2022-09-21T16:52:23+00:00","dateModified":"2026-03-28T16:17:30+00:00","description":"Cotton jersey with good stretch for perfect comfort. You can use it to make lingerie, T-shirts, etc.","breadcrumb":{"@id":"https:\/\/idonim-lingerie.fr\/produit\/jersey-de-coton-stretch-marine\/#breadcrumb"},"inLanguage":"en-GB","potentialAction":[{"@type":"ReadAction","target":["https:\/\/idonim-lingerie.fr\/produit\/jersey-de-coton-stretch-marine\/"]}]},{"@type":"ImageObject","inLanguage":"en-GB","@id":"https:\/\/idonim-lingerie.fr\/produit\/jersey-de-coton-stretch-marine\/#primaryimage","url":"https:\/\/idonim-lingerie.fr\/wp-content\/uploads\/2022\/12\/jersey-coton-marine.jpg","contentUrl":"https:\/\/idonim-lingerie.fr\/wp-content\/uploads\/2022\/12\/jersey-coton-marine.jpg","width":640,"height":640,"caption":"jersey coton marine"},{"@type":"BreadcrumbList","@id":"https:\/\/idonim-lingerie.fr\/produit\/jersey-de-coton-stretch-marine\/#breadcrumb","itemListElement":[{"@type":"ListItem","position":1,"name":"Accueil","item":"https:\/\/idonim-lingerie.fr\/en\/"},{"@type":"ListItem","position":2,"name":"Boutique","item":"https:\/\/idonim-lingerie.fr\/shop\/"},{"@type":"ListItem","position":3,"name":"Jersey de coton stretch &#8211; marine"}]},{"@type":"WebSite","@id":"https:\/\/idonim-lingerie.fr\/#website","url":"https:\/\/idonim-lingerie.fr\/","name":"Idonim Lingerie","description":"Idonim offers a wide selection of fabrics, laces and accessories for your creations. Fast delivery. Educational workshops. Quality creation. Mixing Style and Comfort.","publisher":{"@id":"https:\/\/idonim-lingerie.fr\/#organization"},"potentialAction":[{"@type":"SearchAction","target":{"@type":"EntryPoint","urlTemplate":"https:\/\/idonim-lingerie.fr\/?s={search_term_string}"},"query-input":{"@type":"PropertyValueSpecification","valueRequired":true,"valueName":"search_term_string"}}],"inLanguage":"en-GB"},{"@type":"Organization","@id":"https:\/\/idonim-lingerie.fr\/#organization","name":"Idonim Lingerie","url":"https:\/\/idonim-lingerie.fr\/","logo":{"@type":"ImageObject","inLanguage":"en-GB","@id":"https:\/\/idonim-lingerie.fr\/#\/schema\/logo\/image\/","url":"https:\/\/idonim-lingerie.fr\/wp-content\/uploads\/2025\/12\/idonim_h28.webp","contentUrl":"https:\/\/idonim-lingerie.fr\/wp-content\/uploads\/2025\/12\/idonim_h28.webp","width":111,"height":28,"caption":"Idonim Lingerie"},"image":{"@id":"https:\/\/idonim-lingerie.fr\/#\/schema\/logo\/image\/"}}]}},"_links":{"self":[{"href":"https:\/\/idonim-lingerie.fr\/en\/wp-json\/wp\/v2\/product\/28923","targetHints":{"allow":["GET"]}}],"collection":[{"href":"https:\/\/idonim-lingerie.fr\/en\/wp-json\/wp\/v2\/product"}],"about":[{"href":"https:\/\/idonim-lingerie.fr\/en\/wp-json\/wp\/v2\/types\/product"}],"replies":[{"embeddable":true,"href":"https:\/\/idonim-lingerie.fr\/en\/wp-json\/wp\/v2\/comments?post=28923"}],"wp:featuredmedia":[{"embeddable":true,"href":"https:\/\/idonim-lingerie.fr\/en\/wp-json\/wp\/v2\/media\/32554"}],"wp:attachment":[{"href":"https:\/\/idonim-lingerie.fr\/en\/wp-json\/wp\/v2\/media?parent=28923"}],"wp:term":[{"taxonomy":"product_brand","embeddable":true,"href":"https:\/\/idonim-lingerie.fr\/en\/wp-json\/wp\/v2\/product_brand?post=28923"},{"taxonomy":"product_cat","embeddable":true,"href":"https:\/\/idonim-lingerie.fr\/en\/wp-json\/wp\/v2\/product_cat?post=28923"},{"taxonomy":"product_tag","embeddable":true,"href":"https:\/\/idonim-lingerie.fr\/en\/wp-json\/wp\/v2\/product_tag?post=28923"}],"curies":[{"name":"wp","href":"https:\/\/api.w.org\/{rel}","templated":true}]}}