{"id":25911,"date":"2022-05-01T09:30:49","date_gmt":"2022-05-01T07:30:49","guid":{"rendered":"https:\/\/idonim-lingerie.fr\/?post_type=product&#038;p=25911"},"modified":"2026-03-31T09:37:12","modified_gmt":"2026-03-31T07:37:12","slug":"lycra-uni-serie-1-polyamide-marine","status":"publish","type":"product","link":"https:\/\/idonim-lingerie.fr\/en\/product\/lycra-uni-serie-1-polyamide-marine\/","title":{"rendered":"lycra lingerie series 1 - plain - navy"},"content":{"rendered":"<p><span style=\"color: #b68457;\"><strong>Composition:<\/strong><\/span><\/p>\n<p>85% N \/ 15% EA<\/p>\n<p>Approx. 150-160g\/m2<\/p>\n<p>Width: 160cm<\/p>\n<p>Elasticity in all 4 directions<\/p>\n<p>Origin : EU<\/p>\n<p><span style=\"color: #b68457;\"><strong>Advice :<\/strong><\/span><\/p>\n<p>- We strongly recommend the use of strech needles<\/p>\n<p>- Wash at 40\u00b0C max.<\/p>","protected":false},"excerpt":{"rendered":"<p data-start=\"130\" data-end=\"367\">Ce lycra marine a \u00e9t\u00e9 sp\u00e9cialement s\u00e9lectionn\u00e9 pour la couture de lingerie. Souple, confortable et dot\u00e9 d\u2019un tr\u00e8s beau rebond, il offre \u00e9galement une belle tenue, id\u00e9ale pour la r\u00e9alisation de nombreuses pi\u00e8ces d\u00e9licates et ajust\u00e9es.<\/p>\n<p data-start=\"369\" data-end=\"609\">Il conviendra parfaitement pour coudre des <strong data-start=\"412\" data-end=\"424\">culottes<\/strong>, <strong data-start=\"426\" data-end=\"435\">bodys<\/strong> and <strong data-start=\"439\" data-end=\"457\">soutiens-gorge<\/strong>. Pour une utilisation sur les <strong data-start=\"488\" data-end=\"516\">bonnets de soutien-gorge<\/strong>, il est conseill\u00e9 de le <strong data-start=\"541\" data-end=\"552\">doubler<\/strong> afin de le stabiliser et d\u2019obtenir un meilleur maintien.<\/p>\n<p data-start=\"611\" data-end=\"721\">Sa teinte marine en fait une base \u00e9l\u00e9gante, douce et facile \u00e0 associer dans vos cr\u00e9ations de lingerie.<\/p>\n<p data-start=\"723\" data-end=\"895\"><strong data-start=\"723\" data-end=\"741\">Sold by the metre<\/strong>, par multiple de <strong data-start=\"759\" data-end=\"768\">10 cm<\/strong>.<br data-start=\"769\" data-end=\"772\" \/>La quantit\u00e9 minimale de commande est de <strong data-start=\"812\" data-end=\"821\">10 cm<\/strong>.<br data-start=\"822\" data-end=\"825\" \/>Pour commander <strong data-start=\"840\" data-end=\"851\" data-is-only-node=\"\">1 m\u00e8tre<\/strong>, il convient de s\u00e9lectionner <strong data-start=\"881\" data-end=\"894\">10 unit\u00e9s<\/strong>.<\/p>","protected":false},"featured_media":44711,"comment_status":"closed","ping_status":"closed","template":"","meta":[],"product_brand":[],"product_cat":[159,651,157],"product_tag":[],"class_list":{"0":"post-25911","1":"product","2":"type-product","3":"status-publish","4":"has-post-thumbnail","6":"product_cat-extensibles-unis","7":"product_cat-lycra-serie-lingerie","8":"product_cat-tissus-lingerie","9":"product_shipping_class-tissus-lycra","11":"first","12":"instock","13":"taxable","14":"shipping-taxable","15":"purchasable","16":"product-type-simple"},"yoast_head":"<!-- This site is optimized with the Yoast SEO plugin v27.3 - https:\/\/yoast.com\/product\/yoast-seo-wordpress\/ -->\n<title>lycra lingerie s\u00e9rie 1 - uni - marine - Idonim Lingerie<\/title>\n<meta name=\"description\" content=\"Lycra marine sp\u00e9cial lingerie : souple, confortable et avec un beau rebond, id\u00e9al pour culottes, bodys et soutiens-gorge. Vendu au m\u00e8tre.\" \/>\n<meta name=\"robots\" content=\"index, follow, max-snippet:-1, max-image-preview:large, max-video-preview:-1\" \/>\n<link rel=\"canonical\" href=\"https:\/\/idonim-lingerie.fr\/en\/product\/lycra-uni-serie-1-polyamide-marine\/\" \/>\n<meta property=\"og:locale\" content=\"en_GB\" \/>\n<meta property=\"og:type\" content=\"article\" \/>\n<meta property=\"og:title\" content=\"lycra lingerie s\u00e9rie 1 - uni - marine - Idonim Lingerie\" \/>\n<meta property=\"og:description\" content=\"Lycra marine sp\u00e9cial lingerie : souple, confortable et avec un beau rebond, id\u00e9al pour culottes, bodys et soutiens-gorge. Vendu au m\u00e8tre.\" \/>\n<meta property=\"og:url\" content=\"https:\/\/idonim-lingerie.fr\/en\/product\/lycra-uni-serie-1-polyamide-marine\/\" \/>\n<meta property=\"og:site_name\" content=\"Idonim Lingerie\" \/>\n<meta property=\"article:modified_time\" content=\"2026-03-31T07:37:12+00:00\" \/>\n<meta property=\"og:image\" content=\"https:\/\/idonim-lingerie.fr\/wp-content\/uploads\/2022\/05\/lycra-uni-serie-1-marine.jpg\" \/>\n\t<meta property=\"og:image:width\" content=\"640\" \/>\n\t<meta property=\"og:image:height\" content=\"640\" \/>\n\t<meta property=\"og:image:type\" content=\"image\/jpeg\" \/>\n<meta name=\"twitter:card\" content=\"summary_large_image\" \/>\n<meta name=\"twitter:label1\" content=\"Estimated reading time\" \/>\n\t<meta name=\"twitter:data1\" content=\"1 minute\" \/>\n<script type=\"application\/ld+json\" class=\"yoast-schema-graph\">{\"@context\":\"https:\\\/\\\/schema.org\",\"@graph\":[{\"@type\":\"WebPage\",\"@id\":\"https:\\\/\\\/idonim-lingerie.fr\\\/produit\\\/lycra-uni-serie-1-polyamide-marine\\\/\",\"url\":\"https:\\\/\\\/idonim-lingerie.fr\\\/produit\\\/lycra-uni-serie-1-polyamide-marine\\\/\",\"name\":\"lycra lingerie s\u00e9rie 1 - uni - marine - Idonim Lingerie\",\"isPartOf\":{\"@id\":\"https:\\\/\\\/idonim-lingerie.fr\\\/#website\"},\"primaryImageOfPage\":{\"@id\":\"https:\\\/\\\/idonim-lingerie.fr\\\/produit\\\/lycra-uni-serie-1-polyamide-marine\\\/#primaryimage\"},\"image\":{\"@id\":\"https:\\\/\\\/idonim-lingerie.fr\\\/produit\\\/lycra-uni-serie-1-polyamide-marine\\\/#primaryimage\"},\"thumbnailUrl\":\"https:\\\/\\\/idonim-lingerie.fr\\\/wp-content\\\/uploads\\\/2022\\\/05\\\/lycra-uni-serie-1-marine.jpg\",\"datePublished\":\"2022-05-01T07:30:49+00:00\",\"dateModified\":\"2026-03-31T07:37:12+00:00\",\"description\":\"Lycra marine sp\u00e9cial lingerie : souple, confortable et avec un beau rebond, id\u00e9al pour culottes, bodys et soutiens-gorge. Vendu au m\u00e8tre.\",\"breadcrumb\":{\"@id\":\"https:\\\/\\\/idonim-lingerie.fr\\\/produit\\\/lycra-uni-serie-1-polyamide-marine\\\/#breadcrumb\"},\"inLanguage\":\"en-GB\",\"potentialAction\":[{\"@type\":\"ReadAction\",\"target\":[\"https:\\\/\\\/idonim-lingerie.fr\\\/produit\\\/lycra-uni-serie-1-polyamide-marine\\\/\"]}]},{\"@type\":\"ImageObject\",\"inLanguage\":\"en-GB\",\"@id\":\"https:\\\/\\\/idonim-lingerie.fr\\\/produit\\\/lycra-uni-serie-1-polyamide-marine\\\/#primaryimage\",\"url\":\"https:\\\/\\\/idonim-lingerie.fr\\\/wp-content\\\/uploads\\\/2022\\\/05\\\/lycra-uni-serie-1-marine.jpg\",\"contentUrl\":\"https:\\\/\\\/idonim-lingerie.fr\\\/wp-content\\\/uploads\\\/2022\\\/05\\\/lycra-uni-serie-1-marine.jpg\",\"width\":640,\"height\":640,\"caption\":\"lycra uni s\u00e9rie 1 marine\"},{\"@type\":\"BreadcrumbList\",\"@id\":\"https:\\\/\\\/idonim-lingerie.fr\\\/produit\\\/lycra-uni-serie-1-polyamide-marine\\\/#breadcrumb\",\"itemListElement\":[{\"@type\":\"ListItem\",\"position\":1,\"name\":\"Accueil\",\"item\":\"https:\\\/\\\/idonim-lingerie.fr\\\/en\\\/\"},{\"@type\":\"ListItem\",\"position\":2,\"name\":\"Boutique\",\"item\":\"https:\\\/\\\/idonim-lingerie.fr\\\/shop\\\/\"},{\"@type\":\"ListItem\",\"position\":3,\"name\":\"lycra lingerie s\u00e9rie 1 &#8211; uni &#8211; marine\"}]},{\"@type\":\"WebSite\",\"@id\":\"https:\\\/\\\/idonim-lingerie.fr\\\/#website\",\"url\":\"https:\\\/\\\/idonim-lingerie.fr\\\/\",\"name\":\"Idonim Lingerie\",\"description\":\"Idonim offre une s\u00e9lection vari\u00e9e de tissus, dentelles et accessoires pour vos cr\u00e9ations. Livraison rapide. Ateliers P\u00e9dagogiques. Cr\u00e9ation De Qualit\u00e9. M\u00ealant Style Et Confort.\",\"publisher\":{\"@id\":\"https:\\\/\\\/idonim-lingerie.fr\\\/#organization\"},\"potentialAction\":[{\"@type\":\"SearchAction\",\"target\":{\"@type\":\"EntryPoint\",\"urlTemplate\":\"https:\\\/\\\/idonim-lingerie.fr\\\/?s={search_term_string}\"},\"query-input\":{\"@type\":\"PropertyValueSpecification\",\"valueRequired\":true,\"valueName\":\"search_term_string\"}}],\"inLanguage\":\"en-GB\"},{\"@type\":\"Organization\",\"@id\":\"https:\\\/\\\/idonim-lingerie.fr\\\/#organization\",\"name\":\"Idonim Lingerie\",\"url\":\"https:\\\/\\\/idonim-lingerie.fr\\\/\",\"logo\":{\"@type\":\"ImageObject\",\"inLanguage\":\"en-GB\",\"@id\":\"https:\\\/\\\/idonim-lingerie.fr\\\/#\\\/schema\\\/logo\\\/image\\\/\",\"url\":\"https:\\\/\\\/idonim-lingerie.fr\\\/wp-content\\\/uploads\\\/2025\\\/12\\\/idonim_h28.webp\",\"contentUrl\":\"https:\\\/\\\/idonim-lingerie.fr\\\/wp-content\\\/uploads\\\/2025\\\/12\\\/idonim_h28.webp\",\"width\":111,\"height\":28,\"caption\":\"Idonim Lingerie\"},\"image\":{\"@id\":\"https:\\\/\\\/idonim-lingerie.fr\\\/#\\\/schema\\\/logo\\\/image\\\/\"}}]}<\/script>\n<!-- \/ Yoast SEO plugin. -->","yoast_head_json":{"title":"lycra lingerie s\u00e9rie 1 - uni - marine - Idonim Lingerie","description":"Lycra marine sp\u00e9cial lingerie : souple, confortable et avec un beau rebond, id\u00e9al pour culottes, bodys et soutiens-gorge. Vendu au m\u00e8tre.","robots":{"index":"index","follow":"follow","max-snippet":"max-snippet:-1","max-image-preview":"max-image-preview:large","max-video-preview":"max-video-preview:-1"},"canonical":"https:\/\/idonim-lingerie.fr\/en\/product\/lycra-uni-serie-1-polyamide-marine\/","og_locale":"en_GB","og_type":"article","og_title":"lycra lingerie s\u00e9rie 1 - uni - marine - Idonim Lingerie","og_description":"Lycra marine sp\u00e9cial lingerie : souple, confortable et avec un beau rebond, id\u00e9al pour culottes, bodys et soutiens-gorge. Vendu au m\u00e8tre.","og_url":"https:\/\/idonim-lingerie.fr\/en\/product\/lycra-uni-serie-1-polyamide-marine\/","og_site_name":"Idonim Lingerie","article_modified_time":"2026-03-31T07:37:12+00:00","og_image":[{"width":640,"height":640,"url":"https:\/\/idonim-lingerie.fr\/wp-content\/uploads\/2022\/05\/lycra-uni-serie-1-marine.jpg","type":"image\/jpeg"}],"twitter_card":"summary_large_image","twitter_misc":{"Estimated reading time":"1 minute"},"schema":{"@context":"https:\/\/schema.org","@graph":[{"@type":"WebPage","@id":"https:\/\/idonim-lingerie.fr\/produit\/lycra-uni-serie-1-polyamide-marine\/","url":"https:\/\/idonim-lingerie.fr\/produit\/lycra-uni-serie-1-polyamide-marine\/","name":"lycra lingerie s\u00e9rie 1 - uni - marine - Idonim Lingerie","isPartOf":{"@id":"https:\/\/idonim-lingerie.fr\/#website"},"primaryImageOfPage":{"@id":"https:\/\/idonim-lingerie.fr\/produit\/lycra-uni-serie-1-polyamide-marine\/#primaryimage"},"image":{"@id":"https:\/\/idonim-lingerie.fr\/produit\/lycra-uni-serie-1-polyamide-marine\/#primaryimage"},"thumbnailUrl":"https:\/\/idonim-lingerie.fr\/wp-content\/uploads\/2022\/05\/lycra-uni-serie-1-marine.jpg","datePublished":"2022-05-01T07:30:49+00:00","dateModified":"2026-03-31T07:37:12+00:00","description":"Lycra marine sp\u00e9cial lingerie : souple, confortable et avec un beau rebond, id\u00e9al pour culottes, bodys et soutiens-gorge. Vendu au m\u00e8tre.","breadcrumb":{"@id":"https:\/\/idonim-lingerie.fr\/produit\/lycra-uni-serie-1-polyamide-marine\/#breadcrumb"},"inLanguage":"en-GB","potentialAction":[{"@type":"ReadAction","target":["https:\/\/idonim-lingerie.fr\/produit\/lycra-uni-serie-1-polyamide-marine\/"]}]},{"@type":"ImageObject","inLanguage":"en-GB","@id":"https:\/\/idonim-lingerie.fr\/produit\/lycra-uni-serie-1-polyamide-marine\/#primaryimage","url":"https:\/\/idonim-lingerie.fr\/wp-content\/uploads\/2022\/05\/lycra-uni-serie-1-marine.jpg","contentUrl":"https:\/\/idonim-lingerie.fr\/wp-content\/uploads\/2022\/05\/lycra-uni-serie-1-marine.jpg","width":640,"height":640,"caption":"lycra uni s\u00e9rie 1 marine"},{"@type":"BreadcrumbList","@id":"https:\/\/idonim-lingerie.fr\/produit\/lycra-uni-serie-1-polyamide-marine\/#breadcrumb","itemListElement":[{"@type":"ListItem","position":1,"name":"Accueil","item":"https:\/\/idonim-lingerie.fr\/en\/"},{"@type":"ListItem","position":2,"name":"Boutique","item":"https:\/\/idonim-lingerie.fr\/shop\/"},{"@type":"ListItem","position":3,"name":"lycra lingerie s\u00e9rie 1 &#8211; uni &#8211; marine"}]},{"@type":"WebSite","@id":"https:\/\/idonim-lingerie.fr\/#website","url":"https:\/\/idonim-lingerie.fr\/","name":"Idonim Lingerie","description":"Idonim offers a wide selection of fabrics, laces and accessories for your creations. Fast delivery. Educational workshops. Quality creation. Mixing Style and Comfort.","publisher":{"@id":"https:\/\/idonim-lingerie.fr\/#organization"},"potentialAction":[{"@type":"SearchAction","target":{"@type":"EntryPoint","urlTemplate":"https:\/\/idonim-lingerie.fr\/?s={search_term_string}"},"query-input":{"@type":"PropertyValueSpecification","valueRequired":true,"valueName":"search_term_string"}}],"inLanguage":"en-GB"},{"@type":"Organization","@id":"https:\/\/idonim-lingerie.fr\/#organization","name":"Idonim Lingerie","url":"https:\/\/idonim-lingerie.fr\/","logo":{"@type":"ImageObject","inLanguage":"en-GB","@id":"https:\/\/idonim-lingerie.fr\/#\/schema\/logo\/image\/","url":"https:\/\/idonim-lingerie.fr\/wp-content\/uploads\/2025\/12\/idonim_h28.webp","contentUrl":"https:\/\/idonim-lingerie.fr\/wp-content\/uploads\/2025\/12\/idonim_h28.webp","width":111,"height":28,"caption":"Idonim Lingerie"},"image":{"@id":"https:\/\/idonim-lingerie.fr\/#\/schema\/logo\/image\/"}}]}},"_links":{"self":[{"href":"https:\/\/idonim-lingerie.fr\/en\/wp-json\/wp\/v2\/product\/25911","targetHints":{"allow":["GET"]}}],"collection":[{"href":"https:\/\/idonim-lingerie.fr\/en\/wp-json\/wp\/v2\/product"}],"about":[{"href":"https:\/\/idonim-lingerie.fr\/en\/wp-json\/wp\/v2\/types\/product"}],"replies":[{"embeddable":true,"href":"https:\/\/idonim-lingerie.fr\/en\/wp-json\/wp\/v2\/comments?post=25911"}],"wp:featuredmedia":[{"embeddable":true,"href":"https:\/\/idonim-lingerie.fr\/en\/wp-json\/wp\/v2\/media\/44711"}],"wp:attachment":[{"href":"https:\/\/idonim-lingerie.fr\/en\/wp-json\/wp\/v2\/media?parent=25911"}],"wp:term":[{"taxonomy":"product_brand","embeddable":true,"href":"https:\/\/idonim-lingerie.fr\/en\/wp-json\/wp\/v2\/product_brand?post=25911"},{"taxonomy":"product_cat","embeddable":true,"href":"https:\/\/idonim-lingerie.fr\/en\/wp-json\/wp\/v2\/product_cat?post=25911"},{"taxonomy":"product_tag","embeddable":true,"href":"https:\/\/idonim-lingerie.fr\/en\/wp-json\/wp\/v2\/product_tag?post=25911"}],"curies":[{"name":"wp","href":"https:\/\/api.w.org\/{rel}","templated":true}]}}