{"id":17831,"date":"2021-10-09T18:23:30","date_gmt":"2021-10-09T16:23:30","guid":{"rendered":"https:\/\/idonim-lingerie.fr\/?post_type=product&#038;p=17831"},"modified":"2026-03-14T01:08:00","modified_gmt":"2026-03-14T00:08:00","slug":"patron-tanga-pdf-gratuit-suzanne","status":"publish","type":"product","link":"https:\/\/idonim-lingerie.fr\/en\/product\/patron-tanga-pdf-gratuit-suzanne\/","title":{"rendered":"Patron tanga PDF gratuit &#8211; Suzanne"},"content":{"rendered":"<p>En version pdf t\u00e9l\u00e9chargeable tous les patrons sont imprimables sur papier format A4 (assemblage suivant rep\u00e8res).<\/p>\n<h3>Quel tissu pour ce patron de tanga<\/h3>\n<p>Ce patron est utilisable pour tous les textiles extensibles de type bi stretch exclusivement : nylon avec \u00e9lasthanne\/spandex\/lycra mais aussi jersey de coton, modal, r\u00e9silles, dentelles strechs \u2026<\/p>\n<h3>Que contient le PDF du patron ?<\/h3>\n<p>Ce patron est accompagn\u00e9 de son livret m\u00e9thodologique.<\/p>\n<p>&nbsp;<\/p>\n<h3 id=\"tailles\" style=\"color: #b68457;\"><strong> Size guide :<\/strong><\/h3>\n<p>voir tableau des tailles d&rsquo;Idonim et fournitures en page jointe du descriptif<\/p>\n<p><span style=\"color: #b68457;\"><strong> Level required : <\/strong><\/span><\/p>\n<p>- know how to use a sewing machine, have some knowledge of sewing and like precision<\/p>\n<p>- Difficulty: 1\/4<\/p>\n<h3>Patron tanga pdf free<\/h3>\n<p>We're offering this product free of charge, to help beginners get started at a lower cost. Afterwards, don't hesitate to discover our <a href=\"\/en\/c\/patron-body-femme\/\">body patterns<\/a>our <a href=\"https:\/\/idonim-lingerie.fr\/en\/c\/patterns\/swimwear-patterns\/\">swimming costume patterns<\/a>and <a href=\"https:\/\/idonim-lingerie.fr\/en\/c\/patterns\/bra-patterns\/\">our bra patterns.<\/a><\/p>\n<div id=\"model-response-message-contentr_d1314c92fc0251a4\" class=\"markdown markdown-main-panel\" dir=\"ltr\">\n<h3>Tanga vs. String: What are the differences?<\/h3>\n<p data-sourcepos=\"5:1-5:128\">The tanga and the thong are two types of women's underwear that differ in their cut and level of coverage.<\/p>\n<ul data-sourcepos=\"7:1-9:0\">\n<li data-sourcepos=\"7:1-7:200\"><strong>The thong<\/strong> G-strings: Characterised by a very thin back band that slips between the buttocks, g-strings offer minimal coverage. It's ideal for avoiding marks under tight-fitting clothes.<\/li>\n<li data-sourcepos=\"8:1-9:0\"><strong>The thong<\/strong> More coverage than a g-string, the tanga has a wider back band that rides slightly up the buttocks. It offers a compromise between the comfort of classic panties and the sexy look of a thong.<\/li>\n<\/ul>\n<p data-sourcepos=\"10:1-10:102\">In short, the choice between tanga and thong depends on your preferences for comfort and style.<\/p>\n<p data-sourcepos=\"10:1-10:102\">Design your first piece with our tanga pattern!<\/p>\n<\/div>","protected":false},"excerpt":{"rendered":"<h2>Utilisation du patron<\/h2>\n<p>&#8211; Tous les kits sont adapt\u00e9s \u00e0 ce patron de tanga.<br \/>\n&#8211; Avec ou sans empi\u00e8cement en dentelle sur le c\u00f4t\u00e9.<\/p>\n<p>The pattern does not include seam allowances, so these will need to be added.<\/p>\n<h2>T\u00e9l\u00e9chargement du PDF<\/h2>\n<p>&#8211; Pdf t\u00e9l\u00e9chargeable<br \/>\n&#8211; Impression de toutes les pi\u00e8ces du patron en format A4 pour votre imprimante.<br \/>\n&#8211; Le patron sera accessible depuis votre compte rubrique t\u00e9l\u00e9chargement<\/p>\n<p>Le patron est en langue fran\u00e7aise et anglaise; les instructions sont uniquement en fran\u00e7ais.<\/p>\n<p>&nbsp;<\/p>","protected":false},"featured_media":47687,"comment_status":"open","ping_status":"closed","template":"","meta":[],"product_brand":[],"product_cat":[705,270,266,699,156],"product_tag":[],"class_list":{"0":"post-17831","1":"product","2":"type-product","3":"status-publish","4":"has-post-thumbnail","6":"product_cat-patron-lingerie","7":"product_cat-patrons","8":"product_cat-patrons-culottes","9":"product_cat-patrons-debutants","10":"product_cat-patrons-pdf","11":"product_shipping_class-patrons","13":"first","14":"instock","15":"downloadable","16":"virtual","17":"taxable","18":"purchasable","19":"product-type-simple"},"yoast_head":"<!-- This site is optimized with the Yoast SEO plugin v27.3 - https:\/\/yoast.com\/product\/yoast-seo-wordpress\/ -->\n<title>Patron Tanga PDF Gratuit &quot;Suzanne&quot; - Idonim Lingerie<\/title>\n<meta name=\"description\" content=\"Patron tanga gratuit Suzanne PDF \u00e0 t\u00e9l\u00e9charger. Niveau d\u00e9butant, tailles 34-46, instructions d\u00e9taill\u00e9es. Plus de 900 t\u00e9l\u00e9chargements\" \/>\n<meta name=\"robots\" content=\"index, follow, max-snippet:-1, max-image-preview:large, max-video-preview:-1\" \/>\n<link rel=\"canonical\" href=\"https:\/\/idonim-lingerie.fr\/en\/product\/patron-tanga-pdf-gratuit-suzanne\/\" \/>\n<meta property=\"og:locale\" content=\"en_GB\" \/>\n<meta property=\"og:type\" content=\"article\" \/>\n<meta property=\"og:title\" content=\"Patron Tanga PDF Gratuit &quot;Suzanne&quot; - Idonim Lingerie\" \/>\n<meta property=\"og:description\" content=\"Patron tanga gratuit Suzanne PDF \u00e0 t\u00e9l\u00e9charger. Niveau d\u00e9butant, tailles 34-46, instructions d\u00e9taill\u00e9es. Plus de 900 t\u00e9l\u00e9chargements\" \/>\n<meta property=\"og:url\" content=\"https:\/\/idonim-lingerie.fr\/en\/product\/patron-tanga-pdf-gratuit-suzanne\/\" \/>\n<meta property=\"og:site_name\" content=\"Idonim Lingerie\" \/>\n<meta property=\"article:modified_time\" content=\"2026-03-14T00:08:00+00:00\" \/>\n<meta property=\"og:image\" content=\"https:\/\/idonim-lingerie.fr\/wp-content\/uploads\/2021\/10\/patron-tanga-dos.jpg\" \/>\n\t<meta property=\"og:image:width\" content=\"480\" \/>\n\t<meta property=\"og:image:height\" content=\"640\" \/>\n\t<meta property=\"og:image:type\" content=\"image\/jpeg\" \/>\n<meta name=\"twitter:card\" content=\"summary_large_image\" \/>\n<meta name=\"twitter:label1\" content=\"Estimated reading time\" \/>\n\t<meta name=\"twitter:data1\" content=\"2 minutes\" \/>\n<script type=\"application\/ld+json\" class=\"yoast-schema-graph\">{\"@context\":\"https:\\\/\\\/schema.org\",\"@graph\":[{\"@type\":\"WebPage\",\"@id\":\"https:\\\/\\\/idonim-lingerie.fr\\\/produit\\\/patron-tanga-pdf-gratuit-suzanne\\\/\",\"url\":\"https:\\\/\\\/idonim-lingerie.fr\\\/produit\\\/patron-tanga-pdf-gratuit-suzanne\\\/\",\"name\":\"Patron Tanga PDF Gratuit \\\"Suzanne\\\" - Idonim Lingerie\",\"isPartOf\":{\"@id\":\"https:\\\/\\\/idonim-lingerie.fr\\\/#website\"},\"primaryImageOfPage\":{\"@id\":\"https:\\\/\\\/idonim-lingerie.fr\\\/produit\\\/patron-tanga-pdf-gratuit-suzanne\\\/#primaryimage\"},\"image\":{\"@id\":\"https:\\\/\\\/idonim-lingerie.fr\\\/produit\\\/patron-tanga-pdf-gratuit-suzanne\\\/#primaryimage\"},\"thumbnailUrl\":\"https:\\\/\\\/idonim-lingerie.fr\\\/wp-content\\\/uploads\\\/2021\\\/10\\\/patron-tanga-dos.jpg\",\"datePublished\":\"2021-10-09T16:23:30+00:00\",\"dateModified\":\"2026-03-14T00:08:00+00:00\",\"description\":\"Patron tanga gratuit Suzanne PDF \u00e0 t\u00e9l\u00e9charger. Niveau d\u00e9butant, tailles 34-46, instructions d\u00e9taill\u00e9es. Plus de 900 t\u00e9l\u00e9chargements\",\"breadcrumb\":{\"@id\":\"https:\\\/\\\/idonim-lingerie.fr\\\/produit\\\/patron-tanga-pdf-gratuit-suzanne\\\/#breadcrumb\"},\"inLanguage\":\"en-GB\",\"potentialAction\":[{\"@type\":\"ReadAction\",\"target\":[\"https:\\\/\\\/idonim-lingerie.fr\\\/produit\\\/patron-tanga-pdf-gratuit-suzanne\\\/\"]}]},{\"@type\":\"ImageObject\",\"inLanguage\":\"en-GB\",\"@id\":\"https:\\\/\\\/idonim-lingerie.fr\\\/produit\\\/patron-tanga-pdf-gratuit-suzanne\\\/#primaryimage\",\"url\":\"https:\\\/\\\/idonim-lingerie.fr\\\/wp-content\\\/uploads\\\/2021\\\/10\\\/patron-tanga-dos.jpg\",\"contentUrl\":\"https:\\\/\\\/idonim-lingerie.fr\\\/wp-content\\\/uploads\\\/2021\\\/10\\\/patron-tanga-dos.jpg\",\"width\":480,\"height\":640,\"caption\":\"patron tanga\"},{\"@type\":\"BreadcrumbList\",\"@id\":\"https:\\\/\\\/idonim-lingerie.fr\\\/produit\\\/patron-tanga-pdf-gratuit-suzanne\\\/#breadcrumb\",\"itemListElement\":[{\"@type\":\"ListItem\",\"position\":1,\"name\":\"Accueil\",\"item\":\"https:\\\/\\\/idonim-lingerie.fr\\\/en\\\/\"},{\"@type\":\"ListItem\",\"position\":2,\"name\":\"Boutique\",\"item\":\"https:\\\/\\\/idonim-lingerie.fr\\\/shop\\\/\"},{\"@type\":\"ListItem\",\"position\":3,\"name\":\"Patron tanga PDF gratuit &#8211; Suzanne\"}]},{\"@type\":\"WebSite\",\"@id\":\"https:\\\/\\\/idonim-lingerie.fr\\\/#website\",\"url\":\"https:\\\/\\\/idonim-lingerie.fr\\\/\",\"name\":\"Idonim Lingerie\",\"description\":\"Idonim offre une s\u00e9lection vari\u00e9e de tissus, dentelles et accessoires pour vos cr\u00e9ations. Livraison rapide. Ateliers P\u00e9dagogiques. Cr\u00e9ation De Qualit\u00e9. M\u00ealant Style Et Confort.\",\"publisher\":{\"@id\":\"https:\\\/\\\/idonim-lingerie.fr\\\/#organization\"},\"potentialAction\":[{\"@type\":\"SearchAction\",\"target\":{\"@type\":\"EntryPoint\",\"urlTemplate\":\"https:\\\/\\\/idonim-lingerie.fr\\\/?s={search_term_string}\"},\"query-input\":{\"@type\":\"PropertyValueSpecification\",\"valueRequired\":true,\"valueName\":\"search_term_string\"}}],\"inLanguage\":\"en-GB\"},{\"@type\":\"Organization\",\"@id\":\"https:\\\/\\\/idonim-lingerie.fr\\\/#organization\",\"name\":\"Idonim Lingerie\",\"url\":\"https:\\\/\\\/idonim-lingerie.fr\\\/\",\"logo\":{\"@type\":\"ImageObject\",\"inLanguage\":\"en-GB\",\"@id\":\"https:\\\/\\\/idonim-lingerie.fr\\\/#\\\/schema\\\/logo\\\/image\\\/\",\"url\":\"https:\\\/\\\/idonim-lingerie.fr\\\/wp-content\\\/uploads\\\/2025\\\/12\\\/idonim_h28.webp\",\"contentUrl\":\"https:\\\/\\\/idonim-lingerie.fr\\\/wp-content\\\/uploads\\\/2025\\\/12\\\/idonim_h28.webp\",\"width\":111,\"height\":28,\"caption\":\"Idonim Lingerie\"},\"image\":{\"@id\":\"https:\\\/\\\/idonim-lingerie.fr\\\/#\\\/schema\\\/logo\\\/image\\\/\"}}]}<\/script>\n<!-- \/ Yoast SEO plugin. -->","yoast_head_json":{"title":"Patron Tanga PDF Gratuit \"Suzanne\" - Idonim Lingerie","description":"Patron tanga gratuit Suzanne PDF \u00e0 t\u00e9l\u00e9charger. Niveau d\u00e9butant, tailles 34-46, instructions d\u00e9taill\u00e9es. Plus de 900 t\u00e9l\u00e9chargements","robots":{"index":"index","follow":"follow","max-snippet":"max-snippet:-1","max-image-preview":"max-image-preview:large","max-video-preview":"max-video-preview:-1"},"canonical":"https:\/\/idonim-lingerie.fr\/en\/product\/patron-tanga-pdf-gratuit-suzanne\/","og_locale":"en_GB","og_type":"article","og_title":"Patron Tanga PDF Gratuit \"Suzanne\" - Idonim Lingerie","og_description":"Patron tanga gratuit Suzanne PDF \u00e0 t\u00e9l\u00e9charger. Niveau d\u00e9butant, tailles 34-46, instructions d\u00e9taill\u00e9es. Plus de 900 t\u00e9l\u00e9chargements","og_url":"https:\/\/idonim-lingerie.fr\/en\/product\/patron-tanga-pdf-gratuit-suzanne\/","og_site_name":"Idonim Lingerie","article_modified_time":"2026-03-14T00:08:00+00:00","og_image":[{"width":480,"height":640,"url":"https:\/\/idonim-lingerie.fr\/wp-content\/uploads\/2021\/10\/patron-tanga-dos.jpg","type":"image\/jpeg"}],"twitter_card":"summary_large_image","twitter_misc":{"Estimated reading time":"2 minutes"},"schema":{"@context":"https:\/\/schema.org","@graph":[{"@type":"WebPage","@id":"https:\/\/idonim-lingerie.fr\/produit\/patron-tanga-pdf-gratuit-suzanne\/","url":"https:\/\/idonim-lingerie.fr\/produit\/patron-tanga-pdf-gratuit-suzanne\/","name":"Patron Tanga PDF Gratuit \"Suzanne\" - Idonim Lingerie","isPartOf":{"@id":"https:\/\/idonim-lingerie.fr\/#website"},"primaryImageOfPage":{"@id":"https:\/\/idonim-lingerie.fr\/produit\/patron-tanga-pdf-gratuit-suzanne\/#primaryimage"},"image":{"@id":"https:\/\/idonim-lingerie.fr\/produit\/patron-tanga-pdf-gratuit-suzanne\/#primaryimage"},"thumbnailUrl":"https:\/\/idonim-lingerie.fr\/wp-content\/uploads\/2021\/10\/patron-tanga-dos.jpg","datePublished":"2021-10-09T16:23:30+00:00","dateModified":"2026-03-14T00:08:00+00:00","description":"Patron tanga gratuit Suzanne PDF \u00e0 t\u00e9l\u00e9charger. Niveau d\u00e9butant, tailles 34-46, instructions d\u00e9taill\u00e9es. Plus de 900 t\u00e9l\u00e9chargements","breadcrumb":{"@id":"https:\/\/idonim-lingerie.fr\/produit\/patron-tanga-pdf-gratuit-suzanne\/#breadcrumb"},"inLanguage":"en-GB","potentialAction":[{"@type":"ReadAction","target":["https:\/\/idonim-lingerie.fr\/produit\/patron-tanga-pdf-gratuit-suzanne\/"]}]},{"@type":"ImageObject","inLanguage":"en-GB","@id":"https:\/\/idonim-lingerie.fr\/produit\/patron-tanga-pdf-gratuit-suzanne\/#primaryimage","url":"https:\/\/idonim-lingerie.fr\/wp-content\/uploads\/2021\/10\/patron-tanga-dos.jpg","contentUrl":"https:\/\/idonim-lingerie.fr\/wp-content\/uploads\/2021\/10\/patron-tanga-dos.jpg","width":480,"height":640,"caption":"patron tanga"},{"@type":"BreadcrumbList","@id":"https:\/\/idonim-lingerie.fr\/produit\/patron-tanga-pdf-gratuit-suzanne\/#breadcrumb","itemListElement":[{"@type":"ListItem","position":1,"name":"Accueil","item":"https:\/\/idonim-lingerie.fr\/en\/"},{"@type":"ListItem","position":2,"name":"Boutique","item":"https:\/\/idonim-lingerie.fr\/shop\/"},{"@type":"ListItem","position":3,"name":"Patron tanga PDF gratuit &#8211; Suzanne"}]},{"@type":"WebSite","@id":"https:\/\/idonim-lingerie.fr\/#website","url":"https:\/\/idonim-lingerie.fr\/","name":"Idonim Lingerie","description":"Idonim offers a wide selection of fabrics, laces and accessories for your creations. Fast delivery. Educational workshops. Quality creation. Mixing Style and Comfort.","publisher":{"@id":"https:\/\/idonim-lingerie.fr\/#organization"},"potentialAction":[{"@type":"SearchAction","target":{"@type":"EntryPoint","urlTemplate":"https:\/\/idonim-lingerie.fr\/?s={search_term_string}"},"query-input":{"@type":"PropertyValueSpecification","valueRequired":true,"valueName":"search_term_string"}}],"inLanguage":"en-GB"},{"@type":"Organization","@id":"https:\/\/idonim-lingerie.fr\/#organization","name":"Idonim Lingerie","url":"https:\/\/idonim-lingerie.fr\/","logo":{"@type":"ImageObject","inLanguage":"en-GB","@id":"https:\/\/idonim-lingerie.fr\/#\/schema\/logo\/image\/","url":"https:\/\/idonim-lingerie.fr\/wp-content\/uploads\/2025\/12\/idonim_h28.webp","contentUrl":"https:\/\/idonim-lingerie.fr\/wp-content\/uploads\/2025\/12\/idonim_h28.webp","width":111,"height":28,"caption":"Idonim Lingerie"},"image":{"@id":"https:\/\/idonim-lingerie.fr\/#\/schema\/logo\/image\/"}}]}},"_links":{"self":[{"href":"https:\/\/idonim-lingerie.fr\/en\/wp-json\/wp\/v2\/product\/17831","targetHints":{"allow":["GET"]}}],"collection":[{"href":"https:\/\/idonim-lingerie.fr\/en\/wp-json\/wp\/v2\/product"}],"about":[{"href":"https:\/\/idonim-lingerie.fr\/en\/wp-json\/wp\/v2\/types\/product"}],"replies":[{"embeddable":true,"href":"https:\/\/idonim-lingerie.fr\/en\/wp-json\/wp\/v2\/comments?post=17831"}],"wp:featuredmedia":[{"embeddable":true,"href":"https:\/\/idonim-lingerie.fr\/en\/wp-json\/wp\/v2\/media\/47687"}],"wp:attachment":[{"href":"https:\/\/idonim-lingerie.fr\/en\/wp-json\/wp\/v2\/media?parent=17831"}],"wp:term":[{"taxonomy":"product_brand","embeddable":true,"href":"https:\/\/idonim-lingerie.fr\/en\/wp-json\/wp\/v2\/product_brand?post=17831"},{"taxonomy":"product_cat","embeddable":true,"href":"https:\/\/idonim-lingerie.fr\/en\/wp-json\/wp\/v2\/product_cat?post=17831"},{"taxonomy":"product_tag","embeddable":true,"href":"https:\/\/idonim-lingerie.fr\/en\/wp-json\/wp\/v2\/product_tag?post=17831"}],"curies":[{"name":"wp","href":"https:\/\/api.w.org\/{rel}","templated":true}]}}