{"id":17723,"date":"2021-10-09T18:22:45","date_gmt":"2021-10-09T16:22:45","guid":{"rendered":"https:\/\/idonim-lingerie.fr\/?post_type=product&#038;p=17723"},"modified":"2026-03-14T08:37:54","modified_gmt":"2026-03-14T07:37:54","slug":"embout-a-cordon-10x9-7mm-argent","status":"publish","type":"product","link":"https:\/\/idonim-lingerie.fr\/en\/product\/embout-a-cordon-10x9-7mm-argent\/","title":{"rendered":"Cord end 10\u00d79\/7mm - silver"},"content":{"rendered":"<p><span style=\"color: #b68457;\"><strong>Composition:<\/strong><\/span><\/p>\n<p>nickel-free, lead-free metal<\/p>\n<p>in zamak<\/p>\n<p>Origin : CN<\/p>\n<p>&nbsp;<\/p>\n<p><span style=\"color: #b68457;\"><strong>Advice :<\/strong><\/span><\/p>","protected":false},"excerpt":{"rendered":"<p>Small metal cord end for swimwear. Perfect for your strap ends.<\/p>\n<p>Very nice high quality.<\/p>\n<p>Resistant to chlorine and sea water.<\/p>\n<p>Height \/ width of opening: 10mm \/ 9-7mm and 5mm<\/p>\n<p>Colour: CN<\/p>\n<p>&nbsp;<\/p>\n<p><strong>Sold individually\u00a0<\/strong><\/p>","protected":false},"featured_media":32581,"comment_status":"closed","ping_status":"closed","template":"","meta":[],"product_brand":[],"product_cat":[200,180,162],"product_tag":[],"class_list":{"0":"post-17723","1":"product","2":"type-product","3":"status-publish","4":"has-post-thumbnail","6":"product_cat-accessoires-maillot-de-bain","7":"product_cat-espace-maillot-bain","8":"product_cat-fin-de-stock","9":"product_shipping_class-tissus-leges","11":"first","12":"instock","13":"sale","14":"taxable","15":"shipping-taxable","16":"purchasable","17":"product-type-simple"},"yoast_head":"<!-- This site is optimized with the Yoast SEO plugin v27.3 - https:\/\/yoast.com\/product\/yoast-seo-wordpress\/ -->\n<title>Embout \u00e0 cordon 10x9\/7mm - argent - Idonim Lingerie<\/title>\n<meta name=\"robots\" content=\"index, follow, max-snippet:-1, max-image-preview:large, max-video-preview:-1\" \/>\n<link rel=\"canonical\" href=\"https:\/\/idonim-lingerie.fr\/en\/product\/embout-a-cordon-10x9-7mm-argent\/\" \/>\n<meta property=\"og:locale\" content=\"en_GB\" \/>\n<meta property=\"og:type\" content=\"article\" \/>\n<meta property=\"og:title\" content=\"Embout \u00e0 cordon 10x9\/7mm - argent - Idonim Lingerie\" \/>\n<meta property=\"og:description\" content=\"Petit embout \u00e0 cordon m\u00e9tallique pour maillot de bain. Parfait pour vos extr\u00e9mit\u00e9s de bretelles.  Tr\u00e8s belle qualit\u00e9 haut de gamme.  R\u00e9sistant au chore et \u00e0 l&#039;eau de mer.  Hauteur \/ largeur ouverture de passage : 10mm \/ 9-7mm et 5mm  Couleur : CN  &nbsp;  Vendu \u00e0 l&#039;unit\u00e9\u00a0\" \/>\n<meta property=\"og:url\" content=\"https:\/\/idonim-lingerie.fr\/en\/product\/embout-a-cordon-10x9-7mm-argent\/\" \/>\n<meta property=\"og:site_name\" content=\"Idonim Lingerie\" \/>\n<meta property=\"article:modified_time\" content=\"2026-03-14T07:37:54+00:00\" \/>\n<meta property=\"og:image\" content=\"https:\/\/idonim-lingerie.fr\/wp-content\/uploads\/2021\/10\/embout-maillot-bain-argent-1.jpg\" \/>\n\t<meta property=\"og:image:width\" content=\"800\" \/>\n\t<meta property=\"og:image:height\" content=\"800\" \/>\n\t<meta property=\"og:image:type\" content=\"image\/jpeg\" \/>\n<meta name=\"twitter:card\" content=\"summary_large_image\" \/>\n<script type=\"application\/ld+json\" class=\"yoast-schema-graph\">{\"@context\":\"https:\\\/\\\/schema.org\",\"@graph\":[{\"@type\":\"WebPage\",\"@id\":\"https:\\\/\\\/idonim-lingerie.fr\\\/produit\\\/embout-a-cordon-10x9-7mm-argent\\\/\",\"url\":\"https:\\\/\\\/idonim-lingerie.fr\\\/produit\\\/embout-a-cordon-10x9-7mm-argent\\\/\",\"name\":\"Embout \u00e0 cordon 10x9\\\/7mm - argent - Idonim Lingerie\",\"isPartOf\":{\"@id\":\"https:\\\/\\\/idonim-lingerie.fr\\\/#website\"},\"primaryImageOfPage\":{\"@id\":\"https:\\\/\\\/idonim-lingerie.fr\\\/produit\\\/embout-a-cordon-10x9-7mm-argent\\\/#primaryimage\"},\"image\":{\"@id\":\"https:\\\/\\\/idonim-lingerie.fr\\\/produit\\\/embout-a-cordon-10x9-7mm-argent\\\/#primaryimage\"},\"thumbnailUrl\":\"https:\\\/\\\/idonim-lingerie.fr\\\/wp-content\\\/uploads\\\/2021\\\/10\\\/embout-maillot-bain-argent-1.jpg\",\"datePublished\":\"2021-10-09T16:22:45+00:00\",\"dateModified\":\"2026-03-14T07:37:54+00:00\",\"breadcrumb\":{\"@id\":\"https:\\\/\\\/idonim-lingerie.fr\\\/produit\\\/embout-a-cordon-10x9-7mm-argent\\\/#breadcrumb\"},\"inLanguage\":\"en-GB\",\"potentialAction\":[{\"@type\":\"ReadAction\",\"target\":[\"https:\\\/\\\/idonim-lingerie.fr\\\/produit\\\/embout-a-cordon-10x9-7mm-argent\\\/\"]}]},{\"@type\":\"ImageObject\",\"inLanguage\":\"en-GB\",\"@id\":\"https:\\\/\\\/idonim-lingerie.fr\\\/produit\\\/embout-a-cordon-10x9-7mm-argent\\\/#primaryimage\",\"url\":\"https:\\\/\\\/idonim-lingerie.fr\\\/wp-content\\\/uploads\\\/2021\\\/10\\\/embout-maillot-bain-argent-1.jpg\",\"contentUrl\":\"https:\\\/\\\/idonim-lingerie.fr\\\/wp-content\\\/uploads\\\/2021\\\/10\\\/embout-maillot-bain-argent-1.jpg\",\"width\":800,\"height\":800},{\"@type\":\"BreadcrumbList\",\"@id\":\"https:\\\/\\\/idonim-lingerie.fr\\\/produit\\\/embout-a-cordon-10x9-7mm-argent\\\/#breadcrumb\",\"itemListElement\":[{\"@type\":\"ListItem\",\"position\":1,\"name\":\"Accueil\",\"item\":\"https:\\\/\\\/idonim-lingerie.fr\\\/en\\\/\"},{\"@type\":\"ListItem\",\"position\":2,\"name\":\"Boutique\",\"item\":\"https:\\\/\\\/idonim-lingerie.fr\\\/shop\\\/\"},{\"@type\":\"ListItem\",\"position\":3,\"name\":\"Embout \u00e0 cordon 10&#215;9\\\/7mm &#8211; argent\"}]},{\"@type\":\"WebSite\",\"@id\":\"https:\\\/\\\/idonim-lingerie.fr\\\/#website\",\"url\":\"https:\\\/\\\/idonim-lingerie.fr\\\/\",\"name\":\"Idonim Lingerie\",\"description\":\"Idonim offre une s\u00e9lection vari\u00e9e de tissus, dentelles et accessoires pour vos cr\u00e9ations. Livraison rapide. Ateliers P\u00e9dagogiques. Cr\u00e9ation De Qualit\u00e9. M\u00ealant Style Et Confort.\",\"publisher\":{\"@id\":\"https:\\\/\\\/idonim-lingerie.fr\\\/#organization\"},\"potentialAction\":[{\"@type\":\"SearchAction\",\"target\":{\"@type\":\"EntryPoint\",\"urlTemplate\":\"https:\\\/\\\/idonim-lingerie.fr\\\/?s={search_term_string}\"},\"query-input\":{\"@type\":\"PropertyValueSpecification\",\"valueRequired\":true,\"valueName\":\"search_term_string\"}}],\"inLanguage\":\"en-GB\"},{\"@type\":\"Organization\",\"@id\":\"https:\\\/\\\/idonim-lingerie.fr\\\/#organization\",\"name\":\"Idonim Lingerie\",\"url\":\"https:\\\/\\\/idonim-lingerie.fr\\\/\",\"logo\":{\"@type\":\"ImageObject\",\"inLanguage\":\"en-GB\",\"@id\":\"https:\\\/\\\/idonim-lingerie.fr\\\/#\\\/schema\\\/logo\\\/image\\\/\",\"url\":\"https:\\\/\\\/idonim-lingerie.fr\\\/wp-content\\\/uploads\\\/2025\\\/12\\\/idonim_h28.webp\",\"contentUrl\":\"https:\\\/\\\/idonim-lingerie.fr\\\/wp-content\\\/uploads\\\/2025\\\/12\\\/idonim_h28.webp\",\"width\":111,\"height\":28,\"caption\":\"Idonim Lingerie\"},\"image\":{\"@id\":\"https:\\\/\\\/idonim-lingerie.fr\\\/#\\\/schema\\\/logo\\\/image\\\/\"}}]}<\/script>\n<!-- \/ Yoast SEO plugin. -->","yoast_head_json":{"title":"Embout \u00e0 cordon 10x9\/7mm - argent - Idonim Lingerie","robots":{"index":"index","follow":"follow","max-snippet":"max-snippet:-1","max-image-preview":"max-image-preview:large","max-video-preview":"max-video-preview:-1"},"canonical":"https:\/\/idonim-lingerie.fr\/en\/product\/embout-a-cordon-10x9-7mm-argent\/","og_locale":"en_GB","og_type":"article","og_title":"Embout \u00e0 cordon 10x9\/7mm - argent - Idonim Lingerie","og_description":"Petit embout \u00e0 cordon m\u00e9tallique pour maillot de bain. Parfait pour vos extr\u00e9mit\u00e9s de bretelles.  Tr\u00e8s belle qualit\u00e9 haut de gamme.  R\u00e9sistant au chore et \u00e0 l'eau de mer.  Hauteur \/ largeur ouverture de passage : 10mm \/ 9-7mm et 5mm  Couleur : CN  &nbsp;  Vendu \u00e0 l'unit\u00e9\u00a0","og_url":"https:\/\/idonim-lingerie.fr\/en\/product\/embout-a-cordon-10x9-7mm-argent\/","og_site_name":"Idonim Lingerie","article_modified_time":"2026-03-14T07:37:54+00:00","og_image":[{"width":800,"height":800,"url":"https:\/\/idonim-lingerie.fr\/wp-content\/uploads\/2021\/10\/embout-maillot-bain-argent-1.jpg","type":"image\/jpeg"}],"twitter_card":"summary_large_image","schema":{"@context":"https:\/\/schema.org","@graph":[{"@type":"WebPage","@id":"https:\/\/idonim-lingerie.fr\/produit\/embout-a-cordon-10x9-7mm-argent\/","url":"https:\/\/idonim-lingerie.fr\/produit\/embout-a-cordon-10x9-7mm-argent\/","name":"Embout \u00e0 cordon 10x9\/7mm - argent - Idonim Lingerie","isPartOf":{"@id":"https:\/\/idonim-lingerie.fr\/#website"},"primaryImageOfPage":{"@id":"https:\/\/idonim-lingerie.fr\/produit\/embout-a-cordon-10x9-7mm-argent\/#primaryimage"},"image":{"@id":"https:\/\/idonim-lingerie.fr\/produit\/embout-a-cordon-10x9-7mm-argent\/#primaryimage"},"thumbnailUrl":"https:\/\/idonim-lingerie.fr\/wp-content\/uploads\/2021\/10\/embout-maillot-bain-argent-1.jpg","datePublished":"2021-10-09T16:22:45+00:00","dateModified":"2026-03-14T07:37:54+00:00","breadcrumb":{"@id":"https:\/\/idonim-lingerie.fr\/produit\/embout-a-cordon-10x9-7mm-argent\/#breadcrumb"},"inLanguage":"en-GB","potentialAction":[{"@type":"ReadAction","target":["https:\/\/idonim-lingerie.fr\/produit\/embout-a-cordon-10x9-7mm-argent\/"]}]},{"@type":"ImageObject","inLanguage":"en-GB","@id":"https:\/\/idonim-lingerie.fr\/produit\/embout-a-cordon-10x9-7mm-argent\/#primaryimage","url":"https:\/\/idonim-lingerie.fr\/wp-content\/uploads\/2021\/10\/embout-maillot-bain-argent-1.jpg","contentUrl":"https:\/\/idonim-lingerie.fr\/wp-content\/uploads\/2021\/10\/embout-maillot-bain-argent-1.jpg","width":800,"height":800},{"@type":"BreadcrumbList","@id":"https:\/\/idonim-lingerie.fr\/produit\/embout-a-cordon-10x9-7mm-argent\/#breadcrumb","itemListElement":[{"@type":"ListItem","position":1,"name":"Accueil","item":"https:\/\/idonim-lingerie.fr\/en\/"},{"@type":"ListItem","position":2,"name":"Boutique","item":"https:\/\/idonim-lingerie.fr\/shop\/"},{"@type":"ListItem","position":3,"name":"Embout \u00e0 cordon 10&#215;9\/7mm &#8211; argent"}]},{"@type":"WebSite","@id":"https:\/\/idonim-lingerie.fr\/#website","url":"https:\/\/idonim-lingerie.fr\/","name":"Idonim Lingerie","description":"Idonim offers a wide selection of fabrics, laces and accessories for your creations. Fast delivery. Educational workshops. Quality creation. Mixing Style and Comfort.","publisher":{"@id":"https:\/\/idonim-lingerie.fr\/#organization"},"potentialAction":[{"@type":"SearchAction","target":{"@type":"EntryPoint","urlTemplate":"https:\/\/idonim-lingerie.fr\/?s={search_term_string}"},"query-input":{"@type":"PropertyValueSpecification","valueRequired":true,"valueName":"search_term_string"}}],"inLanguage":"en-GB"},{"@type":"Organization","@id":"https:\/\/idonim-lingerie.fr\/#organization","name":"Idonim Lingerie","url":"https:\/\/idonim-lingerie.fr\/","logo":{"@type":"ImageObject","inLanguage":"en-GB","@id":"https:\/\/idonim-lingerie.fr\/#\/schema\/logo\/image\/","url":"https:\/\/idonim-lingerie.fr\/wp-content\/uploads\/2025\/12\/idonim_h28.webp","contentUrl":"https:\/\/idonim-lingerie.fr\/wp-content\/uploads\/2025\/12\/idonim_h28.webp","width":111,"height":28,"caption":"Idonim Lingerie"},"image":{"@id":"https:\/\/idonim-lingerie.fr\/#\/schema\/logo\/image\/"}}]}},"_links":{"self":[{"href":"https:\/\/idonim-lingerie.fr\/en\/wp-json\/wp\/v2\/product\/17723","targetHints":{"allow":["GET"]}}],"collection":[{"href":"https:\/\/idonim-lingerie.fr\/en\/wp-json\/wp\/v2\/product"}],"about":[{"href":"https:\/\/idonim-lingerie.fr\/en\/wp-json\/wp\/v2\/types\/product"}],"replies":[{"embeddable":true,"href":"https:\/\/idonim-lingerie.fr\/en\/wp-json\/wp\/v2\/comments?post=17723"}],"wp:featuredmedia":[{"embeddable":true,"href":"https:\/\/idonim-lingerie.fr\/en\/wp-json\/wp\/v2\/media\/32581"}],"wp:attachment":[{"href":"https:\/\/idonim-lingerie.fr\/en\/wp-json\/wp\/v2\/media?parent=17723"}],"wp:term":[{"taxonomy":"product_brand","embeddable":true,"href":"https:\/\/idonim-lingerie.fr\/en\/wp-json\/wp\/v2\/product_brand?post=17723"},{"taxonomy":"product_cat","embeddable":true,"href":"https:\/\/idonim-lingerie.fr\/en\/wp-json\/wp\/v2\/product_cat?post=17723"},{"taxonomy":"product_tag","embeddable":true,"href":"https:\/\/idonim-lingerie.fr\/en\/wp-json\/wp\/v2\/product_tag?post=17723"}],"curies":[{"name":"wp","href":"https:\/\/api.w.org\/{rel}","templated":true}]}}