{"id":17368,"date":"2021-10-09T17:27:39","date_gmt":"2021-10-09T15:27:39","guid":{"rendered":"https:\/\/idonim-lingerie.fr\/?post_type=product&#038;p=17368"},"modified":"2026-03-31T14:32:36","modified_gmt":"2026-03-31T12:32:36","slug":"long-bra-underwires","status":"publish","type":"product","link":"https:\/\/idonim-lingerie.fr\/en\/product\/long-bra-underwires\/","title":{"rendered":"underwires for bras - long"},"content":{"rendered":"<p><span style=\"color: #b68457;\"><strong>Composition:<\/strong><\/span><\/p>\n<p>PET coated carbon steel<\/p>\n<p>nickel-free<\/p>\n<p>Origin : FRANCE<\/p>\n<p>&nbsp;<\/p>\n<p><span style=\"color: #b68457;\"><strong>Advice :<\/strong><\/span><\/p>","protected":false},"excerpt":{"rendered":"<p>Underwires for long bras.<\/p>\n<p>Also suitable for swimwear.<\/p>\n<p>Underwiring often used for a classic bra. For the same size, their length is a little longer than regular underwires.<\/p>\n<p>I recommend these underwires for bras with deeper cups.<\/p>\n<p>&nbsp;<\/p>\n<p>Wire width 20 size 85\/90<\/p>\n<p>Wire width 22 size 95\/100\/105<\/p>\n<p>Wire width 24 for all sizes from 110<\/p>\n<p>&nbsp;<\/p>\n<p>Several sizes are available.<\/p>\n<p>&nbsp;<\/p>\n<p><strong>Sold in pairs<\/strong><\/p>","protected":false},"featured_media":45311,"comment_status":"closed","ping_status":"closed","template":"","meta":[],"product_brand":[],"product_cat":[183],"product_tag":[],"class_list":{"0":"post-17368","1":"product","2":"type-product","3":"status-publish","4":"has-post-thumbnail","6":"product_cat-armatures-separateurs","7":"product_shipping_class-tissus-leges","9":"first","10":"instock","11":"taxable","12":"shipping-taxable","13":"purchasable","14":"product-type-variable"},"yoast_head":"<!-- This site is optimized with the Yoast SEO plugin v27.3 - https:\/\/yoast.com\/product\/yoast-seo-wordpress\/ -->\n<title>armatures de soutien gorge - longue - Idonim Lingerie<\/title>\n<meta name=\"description\" content=\"Longue armature en acier rev\u00eatu, solide, adapt\u00e9e \u00e0 vos soutien gorges, bustiers, maillots de bain ou v\u00eatement de pr\u00eat \u00e0 porter.\" \/>\n<meta name=\"robots\" content=\"index, follow, max-snippet:-1, max-image-preview:large, max-video-preview:-1\" \/>\n<link rel=\"canonical\" href=\"https:\/\/idonim-lingerie.fr\/en\/product\/long-bra-underwires\/\" \/>\n<meta property=\"og:locale\" content=\"en_GB\" \/>\n<meta property=\"og:type\" content=\"article\" \/>\n<meta property=\"og:title\" content=\"armatures de soutien gorge - longue - Idonim Lingerie\" \/>\n<meta property=\"og:description\" content=\"Longue armature en acier rev\u00eatu, solide, adapt\u00e9e \u00e0 vos soutien gorges, bustiers, maillots de bain ou v\u00eatement de pr\u00eat \u00e0 porter.\" \/>\n<meta property=\"og:url\" content=\"https:\/\/idonim-lingerie.fr\/en\/product\/long-bra-underwires\/\" \/>\n<meta property=\"og:site_name\" content=\"Idonim Lingerie\" \/>\n<meta property=\"article:modified_time\" content=\"2026-03-31T12:32:36+00:00\" \/>\n<meta property=\"og:image\" content=\"https:\/\/idonim-lingerie.fr\/wp-content\/uploads\/2021\/10\/armatures-profil-long.jpg\" \/>\n\t<meta property=\"og:image:width\" content=\"640\" \/>\n\t<meta property=\"og:image:height\" content=\"640\" \/>\n\t<meta property=\"og:image:type\" content=\"image\/jpeg\" \/>\n<meta name=\"twitter:card\" content=\"summary_large_image\" \/>\n<meta name=\"twitter:label1\" content=\"Estimated reading time\" \/>\n\t<meta name=\"twitter:data1\" content=\"1 minute\" \/>\n<script type=\"application\/ld+json\" class=\"yoast-schema-graph\">{\"@context\":\"https:\\\/\\\/schema.org\",\"@graph\":[{\"@type\":\"WebPage\",\"@id\":\"https:\\\/\\\/idonim-lingerie.fr\\\/produit\\\/armatures-de-soutien-gorge-longue\\\/\",\"url\":\"https:\\\/\\\/idonim-lingerie.fr\\\/produit\\\/armatures-de-soutien-gorge-longue\\\/\",\"name\":\"armatures de soutien gorge - longue - Idonim Lingerie\",\"isPartOf\":{\"@id\":\"https:\\\/\\\/idonim-lingerie.fr\\\/#website\"},\"primaryImageOfPage\":{\"@id\":\"https:\\\/\\\/idonim-lingerie.fr\\\/produit\\\/armatures-de-soutien-gorge-longue\\\/#primaryimage\"},\"image\":{\"@id\":\"https:\\\/\\\/idonim-lingerie.fr\\\/produit\\\/armatures-de-soutien-gorge-longue\\\/#primaryimage\"},\"thumbnailUrl\":\"https:\\\/\\\/idonim-lingerie.fr\\\/wp-content\\\/uploads\\\/2021\\\/10\\\/armatures-profil-long.jpg\",\"datePublished\":\"2021-10-09T15:27:39+00:00\",\"dateModified\":\"2026-03-31T12:32:36+00:00\",\"description\":\"Longue armature en acier rev\u00eatu, solide, adapt\u00e9e \u00e0 vos soutien gorges, bustiers, maillots de bain ou v\u00eatement de pr\u00eat \u00e0 porter.\",\"breadcrumb\":{\"@id\":\"https:\\\/\\\/idonim-lingerie.fr\\\/produit\\\/armatures-de-soutien-gorge-longue\\\/#breadcrumb\"},\"inLanguage\":\"en-GB\",\"potentialAction\":[{\"@type\":\"ReadAction\",\"target\":[\"https:\\\/\\\/idonim-lingerie.fr\\\/produit\\\/armatures-de-soutien-gorge-longue\\\/\"]}]},{\"@type\":\"ImageObject\",\"inLanguage\":\"en-GB\",\"@id\":\"https:\\\/\\\/idonim-lingerie.fr\\\/produit\\\/armatures-de-soutien-gorge-longue\\\/#primaryimage\",\"url\":\"https:\\\/\\\/idonim-lingerie.fr\\\/wp-content\\\/uploads\\\/2021\\\/10\\\/armatures-profil-long.jpg\",\"contentUrl\":\"https:\\\/\\\/idonim-lingerie.fr\\\/wp-content\\\/uploads\\\/2021\\\/10\\\/armatures-profil-long.jpg\",\"width\":640,\"height\":640,\"caption\":\"armatures profil long\"},{\"@type\":\"BreadcrumbList\",\"@id\":\"https:\\\/\\\/idonim-lingerie.fr\\\/produit\\\/armatures-de-soutien-gorge-longue\\\/#breadcrumb\",\"itemListElement\":[{\"@type\":\"ListItem\",\"position\":1,\"name\":\"Accueil\",\"item\":\"https:\\\/\\\/idonim-lingerie.fr\\\/en\\\/\"},{\"@type\":\"ListItem\",\"position\":2,\"name\":\"Boutique\",\"item\":\"https:\\\/\\\/idonim-lingerie.fr\\\/shop\\\/\"},{\"@type\":\"ListItem\",\"position\":3,\"name\":\"armatures de soutien gorge &#8211; longue\"}]},{\"@type\":\"WebSite\",\"@id\":\"https:\\\/\\\/idonim-lingerie.fr\\\/#website\",\"url\":\"https:\\\/\\\/idonim-lingerie.fr\\\/\",\"name\":\"Idonim Lingerie\",\"description\":\"Idonim offre une s\u00e9lection vari\u00e9e de tissus, dentelles et accessoires pour vos cr\u00e9ations. Livraison rapide. Ateliers P\u00e9dagogiques. Cr\u00e9ation De Qualit\u00e9. M\u00ealant Style Et Confort.\",\"publisher\":{\"@id\":\"https:\\\/\\\/idonim-lingerie.fr\\\/#organization\"},\"potentialAction\":[{\"@type\":\"SearchAction\",\"target\":{\"@type\":\"EntryPoint\",\"urlTemplate\":\"https:\\\/\\\/idonim-lingerie.fr\\\/?s={search_term_string}\"},\"query-input\":{\"@type\":\"PropertyValueSpecification\",\"valueRequired\":true,\"valueName\":\"search_term_string\"}}],\"inLanguage\":\"en-GB\"},{\"@type\":\"Organization\",\"@id\":\"https:\\\/\\\/idonim-lingerie.fr\\\/#organization\",\"name\":\"Idonim Lingerie\",\"url\":\"https:\\\/\\\/idonim-lingerie.fr\\\/\",\"logo\":{\"@type\":\"ImageObject\",\"inLanguage\":\"en-GB\",\"@id\":\"https:\\\/\\\/idonim-lingerie.fr\\\/#\\\/schema\\\/logo\\\/image\\\/\",\"url\":\"https:\\\/\\\/idonim-lingerie.fr\\\/wp-content\\\/uploads\\\/2025\\\/12\\\/idonim_h28.webp\",\"contentUrl\":\"https:\\\/\\\/idonim-lingerie.fr\\\/wp-content\\\/uploads\\\/2025\\\/12\\\/idonim_h28.webp\",\"width\":111,\"height\":28,\"caption\":\"Idonim Lingerie\"},\"image\":{\"@id\":\"https:\\\/\\\/idonim-lingerie.fr\\\/#\\\/schema\\\/logo\\\/image\\\/\"}}]}<\/script>\n<!-- \/ Yoast SEO plugin. -->","yoast_head_json":{"title":"underwired bra - long - Idonim Lingerie","description":"Long, strong, coated steel underwire for bras, bustiers, swimwear or ready-to-wear garments.","robots":{"index":"index","follow":"follow","max-snippet":"max-snippet:-1","max-image-preview":"max-image-preview:large","max-video-preview":"max-video-preview:-1"},"canonical":"https:\/\/idonim-lingerie.fr\/en\/product\/long-bra-underwires\/","og_locale":"en_GB","og_type":"article","og_title":"armatures de soutien gorge - longue - Idonim Lingerie","og_description":"Longue armature en acier rev\u00eatu, solide, adapt\u00e9e \u00e0 vos soutien gorges, bustiers, maillots de bain ou v\u00eatement de pr\u00eat \u00e0 porter.","og_url":"https:\/\/idonim-lingerie.fr\/en\/product\/long-bra-underwires\/","og_site_name":"Idonim Lingerie","article_modified_time":"2026-03-31T12:32:36+00:00","og_image":[{"width":640,"height":640,"url":"https:\/\/idonim-lingerie.fr\/wp-content\/uploads\/2021\/10\/armatures-profil-long.jpg","type":"image\/jpeg"}],"twitter_card":"summary_large_image","twitter_misc":{"Estimated reading time":"1 minute"},"schema":{"@context":"https:\/\/schema.org","@graph":[{"@type":"WebPage","@id":"https:\/\/idonim-lingerie.fr\/produit\/armatures-de-soutien-gorge-longue\/","url":"https:\/\/idonim-lingerie.fr\/produit\/armatures-de-soutien-gorge-longue\/","name":"underwired bra - long - Idonim Lingerie","isPartOf":{"@id":"https:\/\/idonim-lingerie.fr\/#website"},"primaryImageOfPage":{"@id":"https:\/\/idonim-lingerie.fr\/produit\/armatures-de-soutien-gorge-longue\/#primaryimage"},"image":{"@id":"https:\/\/idonim-lingerie.fr\/produit\/armatures-de-soutien-gorge-longue\/#primaryimage"},"thumbnailUrl":"https:\/\/idonim-lingerie.fr\/wp-content\/uploads\/2021\/10\/armatures-profil-long.jpg","datePublished":"2021-10-09T15:27:39+00:00","dateModified":"2026-03-31T12:32:36+00:00","description":"Long, strong, coated steel underwire for bras, bustiers, swimwear or ready-to-wear garments.","breadcrumb":{"@id":"https:\/\/idonim-lingerie.fr\/produit\/armatures-de-soutien-gorge-longue\/#breadcrumb"},"inLanguage":"en-GB","potentialAction":[{"@type":"ReadAction","target":["https:\/\/idonim-lingerie.fr\/produit\/armatures-de-soutien-gorge-longue\/"]}]},{"@type":"ImageObject","inLanguage":"en-GB","@id":"https:\/\/idonim-lingerie.fr\/produit\/armatures-de-soutien-gorge-longue\/#primaryimage","url":"https:\/\/idonim-lingerie.fr\/wp-content\/uploads\/2021\/10\/armatures-profil-long.jpg","contentUrl":"https:\/\/idonim-lingerie.fr\/wp-content\/uploads\/2021\/10\/armatures-profil-long.jpg","width":640,"height":640,"caption":"armatures profil long"},{"@type":"BreadcrumbList","@id":"https:\/\/idonim-lingerie.fr\/produit\/armatures-de-soutien-gorge-longue\/#breadcrumb","itemListElement":[{"@type":"ListItem","position":1,"name":"Accueil","item":"https:\/\/idonim-lingerie.fr\/en\/"},{"@type":"ListItem","position":2,"name":"Boutique","item":"https:\/\/idonim-lingerie.fr\/shop\/"},{"@type":"ListItem","position":3,"name":"armatures de soutien gorge &#8211; longue"}]},{"@type":"WebSite","@id":"https:\/\/idonim-lingerie.fr\/#website","url":"https:\/\/idonim-lingerie.fr\/","name":"Idonim Lingerie","description":"Idonim offers a wide selection of fabrics, laces and accessories for your creations. Fast delivery. Educational workshops. Quality creation. Mixing Style and Comfort.","publisher":{"@id":"https:\/\/idonim-lingerie.fr\/#organization"},"potentialAction":[{"@type":"SearchAction","target":{"@type":"EntryPoint","urlTemplate":"https:\/\/idonim-lingerie.fr\/?s={search_term_string}"},"query-input":{"@type":"PropertyValueSpecification","valueRequired":true,"valueName":"search_term_string"}}],"inLanguage":"en-GB"},{"@type":"Organization","@id":"https:\/\/idonim-lingerie.fr\/#organization","name":"Idonim Lingerie","url":"https:\/\/idonim-lingerie.fr\/","logo":{"@type":"ImageObject","inLanguage":"en-GB","@id":"https:\/\/idonim-lingerie.fr\/#\/schema\/logo\/image\/","url":"https:\/\/idonim-lingerie.fr\/wp-content\/uploads\/2025\/12\/idonim_h28.webp","contentUrl":"https:\/\/idonim-lingerie.fr\/wp-content\/uploads\/2025\/12\/idonim_h28.webp","width":111,"height":28,"caption":"Idonim Lingerie"},"image":{"@id":"https:\/\/idonim-lingerie.fr\/#\/schema\/logo\/image\/"}}]}},"_links":{"self":[{"href":"https:\/\/idonim-lingerie.fr\/en\/wp-json\/wp\/v2\/product\/17368","targetHints":{"allow":["GET"]}}],"collection":[{"href":"https:\/\/idonim-lingerie.fr\/en\/wp-json\/wp\/v2\/product"}],"about":[{"href":"https:\/\/idonim-lingerie.fr\/en\/wp-json\/wp\/v2\/types\/product"}],"replies":[{"embeddable":true,"href":"https:\/\/idonim-lingerie.fr\/en\/wp-json\/wp\/v2\/comments?post=17368"}],"wp:featuredmedia":[{"embeddable":true,"href":"https:\/\/idonim-lingerie.fr\/en\/wp-json\/wp\/v2\/media\/45311"}],"wp:attachment":[{"href":"https:\/\/idonim-lingerie.fr\/en\/wp-json\/wp\/v2\/media?parent=17368"}],"wp:term":[{"taxonomy":"product_brand","embeddable":true,"href":"https:\/\/idonim-lingerie.fr\/en\/wp-json\/wp\/v2\/product_brand?post=17368"},{"taxonomy":"product_cat","embeddable":true,"href":"https:\/\/idonim-lingerie.fr\/en\/wp-json\/wp\/v2\/product_cat?post=17368"},{"taxonomy":"product_tag","embeddable":true,"href":"https:\/\/idonim-lingerie.fr\/en\/wp-json\/wp\/v2\/product_tag?post=17368"}],"curies":[{"name":"wp","href":"https:\/\/api.w.org\/{rel}","templated":true}]}}