{"id":16952,"date":"2021-10-09T17:24:09","date_gmt":"2021-10-09T15:24:09","guid":{"rendered":"https:\/\/idonim-lingerie.fr\/?post_type=product&#038;p=16952"},"modified":"2026-03-26T15:27:30","modified_gmt":"2026-03-26T14:27:30","slug":"patron-soutien-gorge-luccia-format-pdf","status":"publish","type":"product","link":"https:\/\/idonim-lingerie.fr\/en\/product\/patron-soutien-gorge-luccia-format-pdf\/","title":{"rendered":"Underwired bra pattern - LUCCIA"},"content":{"rendered":"<p>All downloadable patterns can be printed on A4 or A0 pdf paper.<\/p>\n<p>This model is presented lined with a lace top. It can be made in different textiles... So let your creativity run wild.<\/p>\n<p>A descriptive and methodological booklet accompanies the patterns. The booklet includes very detailed step-by-step instructions with photos that will assist you throughout the process.<\/p>\n<p><strong>To make the bra you will need :<\/strong><\/p>\n<p><strong>- 50cm x 75cm fabric up to size 90 or 1.5m lace and 30x130cm from size 95 or 2.5m lace\u00a0<\/strong><\/p>\n<p><strong>- 50cm x 75cm lining \/ marquisette\u00a0<\/strong><\/p>\n<p><strong>- 50cm x 75cm of powernet up to size 90 and 30x130cm from size 95 or 2.5m of lace<\/strong><\/p>\n<p><strong>- 3.5m of 12mm elastic support up to size 90 and 1m of 15mm width + 2m of 12mm width from size 95 upwards<\/strong><\/p>\n<p><strong>-1.5 to 2m of 12mm elastic straps up to size 90 and 15mm from size 95 upwards<\/strong><\/p>\n<p><strong>- 2 rings and 2 strap width adjusters<\/strong><\/p>\n<p><strong>- 1 3\u00d73 attachment<\/strong><\/p>\n<p><strong>-1m of frame cover<\/strong><\/p>\n<p><strong>-1 pair of Regular frames<\/strong><\/p>\n<p><strong>-possibly 1 or more decorative knots<\/strong><\/p>\n<p><span style=\"color: #b68457;\"><strong> Size guide :<\/strong><\/span><\/p>\n<p>The pattern is given for sizes 85\/90\/95\/100\/105\/110 and 115 at A, B, C and D cups.<\/p>\n<p><span style=\"color: #b68457;\"><strong> Level required : <\/strong><\/span><\/p>\n<p>- know how to use a sewing machine, have some knowledge of sewing<\/p>\n<p>- Difficulty: 3\/4<\/p>\n<p>&nbsp;<\/p>","protected":false},"excerpt":{"rendered":"<p>I suggest you make an underwired bra, with a comfortable, interlocking shape.<\/p>\n<p>The cup is made of 3 pieces. The upper part of the top cup is made of lace for more femininity.<\/p>\n<p>Some additional tips and advice are included with the pattern to help it evolve: modification of the back, height of the back fastener, etc.<\/p>\n<p>The pattern is available as a downloadable version or in a paper pack. The pattern is available in French and English.<\/p>\n<p>&nbsp;<\/p>\n<p><strong>Sold for sizes 85 to 115 inclusive - available in A, B, C and D cups; but also includes sizes 80 C\/D, 120 A\/B\/C, 125 A\/B and 130A<\/strong><\/p>\n<p><strong>French sizes<\/strong><\/p>","protected":false},"featured_media":40797,"comment_status":"closed","ping_status":"closed","template":"","meta":[],"product_brand":[],"product_cat":[270,192,156,262],"product_tag":[],"class_list":{"0":"post-16952","1":"product","2":"type-product","3":"status-publish","4":"has-post-thumbnail","6":"product_cat-patrons","7":"product_cat-patrons-expedies","8":"product_cat-patrons-pdf","9":"product_cat-patrons-soutien-gorges","11":"first","12":"instock","13":"taxable","14":"shipping-taxable","15":"purchasable","16":"product-type-variable"},"yoast_head":"<!-- This site is optimized with the Yoast SEO plugin v27.3 - https:\/\/yoast.com\/product\/yoast-seo-wordpress\/ -->\n<title>Patron soutien gorge \u00e0 armatures - LUCCIA - Idonim Lingerie<\/title>\n<meta name=\"description\" content=\"Patron de couture lingerie pour cr\u00e9er un soutien gorge \u00e0 armatures. Vous serez guid\u00e9 avec des instructions claires et un pas \u00e0 pas avec des photos.\" \/>\n<meta name=\"robots\" content=\"index, follow, max-snippet:-1, max-image-preview:large, max-video-preview:-1\" \/>\n<link rel=\"canonical\" href=\"https:\/\/idonim-lingerie.fr\/en\/product\/patron-soutien-gorge-luccia-format-pdf\/\" \/>\n<meta property=\"og:locale\" content=\"en_GB\" \/>\n<meta property=\"og:type\" content=\"article\" \/>\n<meta property=\"og:title\" content=\"Patron soutien gorge \u00e0 armatures - LUCCIA - Idonim Lingerie\" \/>\n<meta property=\"og:description\" content=\"Patron de couture lingerie pour cr\u00e9er un soutien gorge \u00e0 armatures. Vous serez guid\u00e9 avec des instructions claires et un pas \u00e0 pas avec des photos.\" \/>\n<meta property=\"og:url\" content=\"https:\/\/idonim-lingerie.fr\/en\/product\/patron-soutien-gorge-luccia-format-pdf\/\" \/>\n<meta property=\"og:site_name\" content=\"Idonim Lingerie\" \/>\n<meta property=\"article:modified_time\" content=\"2026-03-26T14:27:30+00:00\" \/>\n<meta property=\"og:image\" content=\"https:\/\/idonim-lingerie.fr\/wp-content\/uploads\/2021\/10\/patron-soutien-gorge-luccia-3.jpg\" \/>\n\t<meta property=\"og:image:width\" content=\"420\" \/>\n\t<meta property=\"og:image:height\" content=\"595\" \/>\n\t<meta property=\"og:image:type\" content=\"image\/jpeg\" \/>\n<meta name=\"twitter:card\" content=\"summary_large_image\" \/>\n<meta name=\"twitter:label1\" content=\"Estimated reading time\" \/>\n\t<meta name=\"twitter:data1\" content=\"2 minutes\" \/>\n<script type=\"application\/ld+json\" class=\"yoast-schema-graph\">{\"@context\":\"https:\\\/\\\/schema.org\",\"@graph\":[{\"@type\":\"WebPage\",\"@id\":\"https:\\\/\\\/idonim-lingerie.fr\\\/produit\\\/patron-soutien-gorge-luccia-format-pdf\\\/\",\"url\":\"https:\\\/\\\/idonim-lingerie.fr\\\/produit\\\/patron-soutien-gorge-luccia-format-pdf\\\/\",\"name\":\"Patron soutien gorge \u00e0 armatures - LUCCIA - Idonim Lingerie\",\"isPartOf\":{\"@id\":\"https:\\\/\\\/idonim-lingerie.fr\\\/#website\"},\"primaryImageOfPage\":{\"@id\":\"https:\\\/\\\/idonim-lingerie.fr\\\/produit\\\/patron-soutien-gorge-luccia-format-pdf\\\/#primaryimage\"},\"image\":{\"@id\":\"https:\\\/\\\/idonim-lingerie.fr\\\/produit\\\/patron-soutien-gorge-luccia-format-pdf\\\/#primaryimage\"},\"thumbnailUrl\":\"https:\\\/\\\/idonim-lingerie.fr\\\/wp-content\\\/uploads\\\/2021\\\/10\\\/patron-soutien-gorge-luccia-3.jpg\",\"datePublished\":\"2021-10-09T15:24:09+00:00\",\"dateModified\":\"2026-03-26T14:27:30+00:00\",\"description\":\"Patron de couture lingerie pour cr\u00e9er un soutien gorge \u00e0 armatures. Vous serez guid\u00e9 avec des instructions claires et un pas \u00e0 pas avec des photos.\",\"breadcrumb\":{\"@id\":\"https:\\\/\\\/idonim-lingerie.fr\\\/produit\\\/patron-soutien-gorge-luccia-format-pdf\\\/#breadcrumb\"},\"inLanguage\":\"en-GB\",\"potentialAction\":[{\"@type\":\"ReadAction\",\"target\":[\"https:\\\/\\\/idonim-lingerie.fr\\\/produit\\\/patron-soutien-gorge-luccia-format-pdf\\\/\"]}]},{\"@type\":\"ImageObject\",\"inLanguage\":\"en-GB\",\"@id\":\"https:\\\/\\\/idonim-lingerie.fr\\\/produit\\\/patron-soutien-gorge-luccia-format-pdf\\\/#primaryimage\",\"url\":\"https:\\\/\\\/idonim-lingerie.fr\\\/wp-content\\\/uploads\\\/2021\\\/10\\\/patron-soutien-gorge-luccia-3.jpg\",\"contentUrl\":\"https:\\\/\\\/idonim-lingerie.fr\\\/wp-content\\\/uploads\\\/2021\\\/10\\\/patron-soutien-gorge-luccia-3.jpg\",\"width\":420,\"height\":595,\"caption\":\"patron soutien gorge luccia\"},{\"@type\":\"BreadcrumbList\",\"@id\":\"https:\\\/\\\/idonim-lingerie.fr\\\/produit\\\/patron-soutien-gorge-luccia-format-pdf\\\/#breadcrumb\",\"itemListElement\":[{\"@type\":\"ListItem\",\"position\":1,\"name\":\"Accueil\",\"item\":\"https:\\\/\\\/idonim-lingerie.fr\\\/en\\\/\"},{\"@type\":\"ListItem\",\"position\":2,\"name\":\"Boutique\",\"item\":\"https:\\\/\\\/idonim-lingerie.fr\\\/shop\\\/\"},{\"@type\":\"ListItem\",\"position\":3,\"name\":\"Patron soutien gorge \u00e0 armatures &#8211; LUCCIA\"}]},{\"@type\":\"WebSite\",\"@id\":\"https:\\\/\\\/idonim-lingerie.fr\\\/#website\",\"url\":\"https:\\\/\\\/idonim-lingerie.fr\\\/\",\"name\":\"Idonim Lingerie\",\"description\":\"Idonim offre une s\u00e9lection vari\u00e9e de tissus, dentelles et accessoires pour vos cr\u00e9ations. Livraison rapide. Ateliers P\u00e9dagogiques. Cr\u00e9ation De Qualit\u00e9. M\u00ealant Style Et Confort.\",\"publisher\":{\"@id\":\"https:\\\/\\\/idonim-lingerie.fr\\\/#organization\"},\"potentialAction\":[{\"@type\":\"SearchAction\",\"target\":{\"@type\":\"EntryPoint\",\"urlTemplate\":\"https:\\\/\\\/idonim-lingerie.fr\\\/?s={search_term_string}\"},\"query-input\":{\"@type\":\"PropertyValueSpecification\",\"valueRequired\":true,\"valueName\":\"search_term_string\"}}],\"inLanguage\":\"en-GB\"},{\"@type\":\"Organization\",\"@id\":\"https:\\\/\\\/idonim-lingerie.fr\\\/#organization\",\"name\":\"Idonim Lingerie\",\"url\":\"https:\\\/\\\/idonim-lingerie.fr\\\/\",\"logo\":{\"@type\":\"ImageObject\",\"inLanguage\":\"en-GB\",\"@id\":\"https:\\\/\\\/idonim-lingerie.fr\\\/#\\\/schema\\\/logo\\\/image\\\/\",\"url\":\"https:\\\/\\\/idonim-lingerie.fr\\\/wp-content\\\/uploads\\\/2025\\\/12\\\/idonim_h28.webp\",\"contentUrl\":\"https:\\\/\\\/idonim-lingerie.fr\\\/wp-content\\\/uploads\\\/2025\\\/12\\\/idonim_h28.webp\",\"width\":111,\"height\":28,\"caption\":\"Idonim Lingerie\"},\"image\":{\"@id\":\"https:\\\/\\\/idonim-lingerie.fr\\\/#\\\/schema\\\/logo\\\/image\\\/\"}}]}<\/script>\n<!-- \/ Yoast SEO plugin. -->","yoast_head_json":{"title":"Patron soutien gorge \u00e0 armatures - LUCCIA - Idonim Lingerie","description":"Patron de couture lingerie pour cr\u00e9er un soutien gorge \u00e0 armatures. Vous serez guid\u00e9 avec des instructions claires et un pas \u00e0 pas avec des photos.","robots":{"index":"index","follow":"follow","max-snippet":"max-snippet:-1","max-image-preview":"max-image-preview:large","max-video-preview":"max-video-preview:-1"},"canonical":"https:\/\/idonim-lingerie.fr\/en\/product\/patron-soutien-gorge-luccia-format-pdf\/","og_locale":"en_GB","og_type":"article","og_title":"Patron soutien gorge \u00e0 armatures - LUCCIA - Idonim Lingerie","og_description":"Patron de couture lingerie pour cr\u00e9er un soutien gorge \u00e0 armatures. Vous serez guid\u00e9 avec des instructions claires et un pas \u00e0 pas avec des photos.","og_url":"https:\/\/idonim-lingerie.fr\/en\/product\/patron-soutien-gorge-luccia-format-pdf\/","og_site_name":"Idonim Lingerie","article_modified_time":"2026-03-26T14:27:30+00:00","og_image":[{"width":420,"height":595,"url":"https:\/\/idonim-lingerie.fr\/wp-content\/uploads\/2021\/10\/patron-soutien-gorge-luccia-3.jpg","type":"image\/jpeg"}],"twitter_card":"summary_large_image","twitter_misc":{"Estimated reading time":"2 minutes"},"schema":{"@context":"https:\/\/schema.org","@graph":[{"@type":"WebPage","@id":"https:\/\/idonim-lingerie.fr\/produit\/patron-soutien-gorge-luccia-format-pdf\/","url":"https:\/\/idonim-lingerie.fr\/produit\/patron-soutien-gorge-luccia-format-pdf\/","name":"Patron soutien gorge \u00e0 armatures - LUCCIA - Idonim Lingerie","isPartOf":{"@id":"https:\/\/idonim-lingerie.fr\/#website"},"primaryImageOfPage":{"@id":"https:\/\/idonim-lingerie.fr\/produit\/patron-soutien-gorge-luccia-format-pdf\/#primaryimage"},"image":{"@id":"https:\/\/idonim-lingerie.fr\/produit\/patron-soutien-gorge-luccia-format-pdf\/#primaryimage"},"thumbnailUrl":"https:\/\/idonim-lingerie.fr\/wp-content\/uploads\/2021\/10\/patron-soutien-gorge-luccia-3.jpg","datePublished":"2021-10-09T15:24:09+00:00","dateModified":"2026-03-26T14:27:30+00:00","description":"Patron de couture lingerie pour cr\u00e9er un soutien gorge \u00e0 armatures. Vous serez guid\u00e9 avec des instructions claires et un pas \u00e0 pas avec des photos.","breadcrumb":{"@id":"https:\/\/idonim-lingerie.fr\/produit\/patron-soutien-gorge-luccia-format-pdf\/#breadcrumb"},"inLanguage":"en-GB","potentialAction":[{"@type":"ReadAction","target":["https:\/\/idonim-lingerie.fr\/produit\/patron-soutien-gorge-luccia-format-pdf\/"]}]},{"@type":"ImageObject","inLanguage":"en-GB","@id":"https:\/\/idonim-lingerie.fr\/produit\/patron-soutien-gorge-luccia-format-pdf\/#primaryimage","url":"https:\/\/idonim-lingerie.fr\/wp-content\/uploads\/2021\/10\/patron-soutien-gorge-luccia-3.jpg","contentUrl":"https:\/\/idonim-lingerie.fr\/wp-content\/uploads\/2021\/10\/patron-soutien-gorge-luccia-3.jpg","width":420,"height":595,"caption":"patron soutien gorge luccia"},{"@type":"BreadcrumbList","@id":"https:\/\/idonim-lingerie.fr\/produit\/patron-soutien-gorge-luccia-format-pdf\/#breadcrumb","itemListElement":[{"@type":"ListItem","position":1,"name":"Accueil","item":"https:\/\/idonim-lingerie.fr\/en\/"},{"@type":"ListItem","position":2,"name":"Boutique","item":"https:\/\/idonim-lingerie.fr\/shop\/"},{"@type":"ListItem","position":3,"name":"Patron soutien gorge \u00e0 armatures &#8211; LUCCIA"}]},{"@type":"WebSite","@id":"https:\/\/idonim-lingerie.fr\/#website","url":"https:\/\/idonim-lingerie.fr\/","name":"Idonim Lingerie","description":"Idonim offers a wide selection of fabrics, laces and accessories for your creations. Fast delivery. Educational workshops. Quality creation. Mixing Style and Comfort.","publisher":{"@id":"https:\/\/idonim-lingerie.fr\/#organization"},"potentialAction":[{"@type":"SearchAction","target":{"@type":"EntryPoint","urlTemplate":"https:\/\/idonim-lingerie.fr\/?s={search_term_string}"},"query-input":{"@type":"PropertyValueSpecification","valueRequired":true,"valueName":"search_term_string"}}],"inLanguage":"en-GB"},{"@type":"Organization","@id":"https:\/\/idonim-lingerie.fr\/#organization","name":"Idonim Lingerie","url":"https:\/\/idonim-lingerie.fr\/","logo":{"@type":"ImageObject","inLanguage":"en-GB","@id":"https:\/\/idonim-lingerie.fr\/#\/schema\/logo\/image\/","url":"https:\/\/idonim-lingerie.fr\/wp-content\/uploads\/2025\/12\/idonim_h28.webp","contentUrl":"https:\/\/idonim-lingerie.fr\/wp-content\/uploads\/2025\/12\/idonim_h28.webp","width":111,"height":28,"caption":"Idonim Lingerie"},"image":{"@id":"https:\/\/idonim-lingerie.fr\/#\/schema\/logo\/image\/"}}]}},"_links":{"self":[{"href":"https:\/\/idonim-lingerie.fr\/en\/wp-json\/wp\/v2\/product\/16952","targetHints":{"allow":["GET"]}}],"collection":[{"href":"https:\/\/idonim-lingerie.fr\/en\/wp-json\/wp\/v2\/product"}],"about":[{"href":"https:\/\/idonim-lingerie.fr\/en\/wp-json\/wp\/v2\/types\/product"}],"replies":[{"embeddable":true,"href":"https:\/\/idonim-lingerie.fr\/en\/wp-json\/wp\/v2\/comments?post=16952"}],"wp:featuredmedia":[{"embeddable":true,"href":"https:\/\/idonim-lingerie.fr\/en\/wp-json\/wp\/v2\/media\/40797"}],"wp:attachment":[{"href":"https:\/\/idonim-lingerie.fr\/en\/wp-json\/wp\/v2\/media?parent=16952"}],"wp:term":[{"taxonomy":"product_brand","embeddable":true,"href":"https:\/\/idonim-lingerie.fr\/en\/wp-json\/wp\/v2\/product_brand?post=16952"},{"taxonomy":"product_cat","embeddable":true,"href":"https:\/\/idonim-lingerie.fr\/en\/wp-json\/wp\/v2\/product_cat?post=16952"},{"taxonomy":"product_tag","embeddable":true,"href":"https:\/\/idonim-lingerie.fr\/en\/wp-json\/wp\/v2\/product_tag?post=16952"}],"curies":[{"name":"wp","href":"https:\/\/api.w.org\/{rel}","templated":true}]}}