{"id":16761,"date":"2021-10-09T17:22:14","date_gmt":"2021-10-09T15:22:14","guid":{"rendered":"https:\/\/idonim-lingerie.fr\/?post_type=product&#038;p=16761"},"modified":"2026-03-31T11:06:13","modified_gmt":"2026-03-31T09:06:13","slug":"patron-culotte-slip-first-t34-a-42-format-pochette-papier","status":"publish","type":"product","link":"https:\/\/idonim-lingerie.fr\/en\/product\/patron-culotte-slip-first-t34-a-42-format-pochette-papier\/","title":{"rendered":"FIRST panties pattern"},"content":{"rendered":"<p>All patterns come with an explanatory booklet.<\/p>\n<p>In pocket format, the pattern includes 1 A0 sheet<\/p>\n<p>In downloadable format, the pattern includes 18 A4 sheets and 1 A0 sheet.<\/p>\n<p>Use only stretch fabrics: nylon with elastane\/spandex\/lycra, but also cotton jersey, modal, fishnet, stretch lace, etc. Let your creativity run wild.<\/p>\n<p>A descriptive and methodological booklet accompanies the patterns. This includes very detailed step-by-step instructions with photos.<\/p>\n<p><strong>Supplies :<\/strong><\/p>\n<p>Model A<br \/>\n0.30m of fabric - up to and including size 40<br \/>\n0.35m of fabric - from size 40 upwards<\/p>\n<p>Model B<br \/>\n0.35m of fabric - up to and including size 40<br \/>\n0.4m of fabric - from size 40 upwards<\/p>\n<p>Bottom lining<br \/>\n25cm x 25cm cotton jersey<\/p>\n<p>3m elastic band 10mm wide<\/p>\n<p>Optional :<\/p>\n<p>Model A : 15 x 50cm of lace<br \/>\nModel B: 40cm of lace braid approximately 20mm wide for the front and 40cm of braid at least 70mm wide for the back.<\/p>\n<p>&nbsp;<\/p>\n<p><span style=\"color: #b68457;\"><strong> Size guide :<\/strong><\/span><\/p>\n<p>&nbsp;<\/p>\n<p><span style=\"color: #b68457;\"><strong> Level required : <\/strong><\/span><\/p>\n<p>- know how to use a sewing machine, have some knowledge of sewing and like precision<\/p>\n<p>- Difficulty: 2\/4<\/p>","protected":false},"excerpt":{"rendered":"<p>First is the basic panty that everyone should have every day. An ideal pattern for getting started in lingerie sewing.<\/p>\n<p>With just one pattern, you can choose from a range of panty designs.<br \/>\n- low-waisted model A with or without side yoke<br \/>\n- model B with high waist with or without lace applications<\/p>\n<p>Make this model a must-have, both comfortable and elegant ... after all, why choose between the two?<\/p>\n<p>It's up to you to choose between simplicity and fantasy, transparency and opacity!<\/p>\n<p>The boss is in French<\/p>\n<p>The pattern is available in paper or downloadable format.<\/p>\n<p><strong>Sold with instruction booklet from size 36 to 50 (French sizes)<\/strong><\/p>\n<p>Quels tissus choisir pour obtenir un beau r\u00e9sultat ? Vous trouverez un article pr\u00e9cis sur le blog <a href=\"https:\/\/idonim-lingerie.fr\/en\/quel-tissu-choisir-pour-realiser-la-culotte-first\/\">ici<\/a>.<\/p>","protected":false},"featured_media":35578,"comment_status":"closed","ping_status":"closed","template":"","meta":[],"product_brand":[],"product_cat":[270,266,699,192,156],"product_tag":[],"class_list":{"0":"post-16761","1":"product","2":"type-product","3":"status-publish","4":"has-post-thumbnail","6":"product_cat-patrons","7":"product_cat-patrons-culottes","8":"product_cat-patrons-debutants","9":"product_cat-patrons-expedies","10":"product_cat-patrons-pdf","11":"product_shipping_class-patrons","13":"first","14":"instock","15":"taxable","16":"shipping-taxable","17":"purchasable","18":"product-type-variable"},"yoast_head":"<!-- This site is optimized with the Yoast SEO plugin v27.3 - https:\/\/yoast.com\/product\/yoast-seo-wordpress\/ -->\n<title>Patron culotte-slip FIRST - Idonim Lingerie<\/title>\n<meta name=\"description\" content=\"La culotte FIRST a \u00e9t\u00e9 pens\u00e9e comme la culotte essentielle : confortable, accessible, d\u00e9clinable en version basse ou haute. Cr\u00e9\u00e9 en France.\" \/>\n<meta name=\"robots\" content=\"index, follow, max-snippet:-1, max-image-preview:large, max-video-preview:-1\" \/>\n<link rel=\"canonical\" href=\"https:\/\/idonim-lingerie.fr\/en\/product\/patron-culotte-slip-first-t34-a-42-format-pochette-papier\/\" \/>\n<meta property=\"og:locale\" content=\"en_GB\" \/>\n<meta property=\"og:type\" content=\"article\" \/>\n<meta property=\"og:title\" content=\"Patron culotte-slip FIRST - Idonim Lingerie\" \/>\n<meta property=\"og:description\" content=\"La culotte FIRST a \u00e9t\u00e9 pens\u00e9e comme la culotte essentielle : confortable, accessible, d\u00e9clinable en version basse ou haute. Cr\u00e9\u00e9 en France.\" \/>\n<meta property=\"og:url\" content=\"https:\/\/idonim-lingerie.fr\/en\/product\/patron-culotte-slip-first-t34-a-42-format-pochette-papier\/\" \/>\n<meta property=\"og:site_name\" content=\"Idonim Lingerie\" \/>\n<meta property=\"article:modified_time\" content=\"2026-03-31T09:06:13+00:00\" \/>\n<meta property=\"og:image\" content=\"https:\/\/idonim-lingerie.fr\/wp-content\/uploads\/2021\/10\/LIVRET-CULOTTE-FIRST.jpg\" \/>\n\t<meta property=\"og:image:width\" content=\"420\" \/>\n\t<meta property=\"og:image:height\" content=\"595\" \/>\n\t<meta property=\"og:image:type\" content=\"image\/jpeg\" \/>\n<meta name=\"twitter:card\" content=\"summary_large_image\" \/>\n<meta name=\"twitter:label1\" content=\"Estimated reading time\" \/>\n\t<meta name=\"twitter:data1\" content=\"2 minutes\" \/>\n<script type=\"application\/ld+json\" class=\"yoast-schema-graph\">{\"@context\":\"https:\\\/\\\/schema.org\",\"@graph\":[{\"@type\":\"WebPage\",\"@id\":\"https:\\\/\\\/idonim-lingerie.fr\\\/produit\\\/patron-culotte-slip-first-t34-a-42-format-pochette-papier\\\/\",\"url\":\"https:\\\/\\\/idonim-lingerie.fr\\\/produit\\\/patron-culotte-slip-first-t34-a-42-format-pochette-papier\\\/\",\"name\":\"Patron culotte-slip FIRST - Idonim Lingerie\",\"isPartOf\":{\"@id\":\"https:\\\/\\\/idonim-lingerie.fr\\\/#website\"},\"primaryImageOfPage\":{\"@id\":\"https:\\\/\\\/idonim-lingerie.fr\\\/produit\\\/patron-culotte-slip-first-t34-a-42-format-pochette-papier\\\/#primaryimage\"},\"image\":{\"@id\":\"https:\\\/\\\/idonim-lingerie.fr\\\/produit\\\/patron-culotte-slip-first-t34-a-42-format-pochette-papier\\\/#primaryimage\"},\"thumbnailUrl\":\"https:\\\/\\\/idonim-lingerie.fr\\\/wp-content\\\/uploads\\\/2021\\\/10\\\/LIVRET-CULOTTE-FIRST.jpg\",\"datePublished\":\"2021-10-09T15:22:14+00:00\",\"dateModified\":\"2026-03-31T09:06:13+00:00\",\"description\":\"La culotte FIRST a \u00e9t\u00e9 pens\u00e9e comme la culotte essentielle : confortable, accessible, d\u00e9clinable en version basse ou haute. Cr\u00e9\u00e9 en France.\",\"breadcrumb\":{\"@id\":\"https:\\\/\\\/idonim-lingerie.fr\\\/produit\\\/patron-culotte-slip-first-t34-a-42-format-pochette-papier\\\/#breadcrumb\"},\"inLanguage\":\"en-GB\",\"potentialAction\":[{\"@type\":\"ReadAction\",\"target\":[\"https:\\\/\\\/idonim-lingerie.fr\\\/produit\\\/patron-culotte-slip-first-t34-a-42-format-pochette-papier\\\/\"]}]},{\"@type\":\"ImageObject\",\"inLanguage\":\"en-GB\",\"@id\":\"https:\\\/\\\/idonim-lingerie.fr\\\/produit\\\/patron-culotte-slip-first-t34-a-42-format-pochette-papier\\\/#primaryimage\",\"url\":\"https:\\\/\\\/idonim-lingerie.fr\\\/wp-content\\\/uploads\\\/2021\\\/10\\\/LIVRET-CULOTTE-FIRST.jpg\",\"contentUrl\":\"https:\\\/\\\/idonim-lingerie.fr\\\/wp-content\\\/uploads\\\/2021\\\/10\\\/LIVRET-CULOTTE-FIRST.jpg\",\"width\":420,\"height\":595},{\"@type\":\"BreadcrumbList\",\"@id\":\"https:\\\/\\\/idonim-lingerie.fr\\\/produit\\\/patron-culotte-slip-first-t34-a-42-format-pochette-papier\\\/#breadcrumb\",\"itemListElement\":[{\"@type\":\"ListItem\",\"position\":1,\"name\":\"Accueil\",\"item\":\"https:\\\/\\\/idonim-lingerie.fr\\\/en\\\/\"},{\"@type\":\"ListItem\",\"position\":2,\"name\":\"Boutique\",\"item\":\"https:\\\/\\\/idonim-lingerie.fr\\\/shop\\\/\"},{\"@type\":\"ListItem\",\"position\":3,\"name\":\"Patron culotte-slip FIRST\"}]},{\"@type\":\"WebSite\",\"@id\":\"https:\\\/\\\/idonim-lingerie.fr\\\/#website\",\"url\":\"https:\\\/\\\/idonim-lingerie.fr\\\/\",\"name\":\"Idonim Lingerie\",\"description\":\"Idonim offre une s\u00e9lection vari\u00e9e de tissus, dentelles et accessoires pour vos cr\u00e9ations. Livraison rapide. Ateliers P\u00e9dagogiques. Cr\u00e9ation De Qualit\u00e9. M\u00ealant Style Et Confort.\",\"publisher\":{\"@id\":\"https:\\\/\\\/idonim-lingerie.fr\\\/#organization\"},\"potentialAction\":[{\"@type\":\"SearchAction\",\"target\":{\"@type\":\"EntryPoint\",\"urlTemplate\":\"https:\\\/\\\/idonim-lingerie.fr\\\/?s={search_term_string}\"},\"query-input\":{\"@type\":\"PropertyValueSpecification\",\"valueRequired\":true,\"valueName\":\"search_term_string\"}}],\"inLanguage\":\"en-GB\"},{\"@type\":\"Organization\",\"@id\":\"https:\\\/\\\/idonim-lingerie.fr\\\/#organization\",\"name\":\"Idonim Lingerie\",\"url\":\"https:\\\/\\\/idonim-lingerie.fr\\\/\",\"logo\":{\"@type\":\"ImageObject\",\"inLanguage\":\"en-GB\",\"@id\":\"https:\\\/\\\/idonim-lingerie.fr\\\/#\\\/schema\\\/logo\\\/image\\\/\",\"url\":\"https:\\\/\\\/idonim-lingerie.fr\\\/wp-content\\\/uploads\\\/2025\\\/12\\\/idonim_h28.webp\",\"contentUrl\":\"https:\\\/\\\/idonim-lingerie.fr\\\/wp-content\\\/uploads\\\/2025\\\/12\\\/idonim_h28.webp\",\"width\":111,\"height\":28,\"caption\":\"Idonim Lingerie\"},\"image\":{\"@id\":\"https:\\\/\\\/idonim-lingerie.fr\\\/#\\\/schema\\\/logo\\\/image\\\/\"}}]}<\/script>\n<!-- \/ Yoast SEO plugin. -->","yoast_head_json":{"title":"Patron culotte-slip FIRST - Idonim Lingerie","description":"La culotte FIRST a \u00e9t\u00e9 pens\u00e9e comme la culotte essentielle : confortable, accessible, d\u00e9clinable en version basse ou haute. Cr\u00e9\u00e9 en France.","robots":{"index":"index","follow":"follow","max-snippet":"max-snippet:-1","max-image-preview":"max-image-preview:large","max-video-preview":"max-video-preview:-1"},"canonical":"https:\/\/idonim-lingerie.fr\/en\/product\/patron-culotte-slip-first-t34-a-42-format-pochette-papier\/","og_locale":"en_GB","og_type":"article","og_title":"Patron culotte-slip FIRST - Idonim Lingerie","og_description":"La culotte FIRST a \u00e9t\u00e9 pens\u00e9e comme la culotte essentielle : confortable, accessible, d\u00e9clinable en version basse ou haute. Cr\u00e9\u00e9 en France.","og_url":"https:\/\/idonim-lingerie.fr\/en\/product\/patron-culotte-slip-first-t34-a-42-format-pochette-papier\/","og_site_name":"Idonim Lingerie","article_modified_time":"2026-03-31T09:06:13+00:00","og_image":[{"width":420,"height":595,"url":"https:\/\/idonim-lingerie.fr\/wp-content\/uploads\/2021\/10\/LIVRET-CULOTTE-FIRST.jpg","type":"image\/jpeg"}],"twitter_card":"summary_large_image","twitter_misc":{"Estimated reading time":"2 minutes"},"schema":{"@context":"https:\/\/schema.org","@graph":[{"@type":"WebPage","@id":"https:\/\/idonim-lingerie.fr\/produit\/patron-culotte-slip-first-t34-a-42-format-pochette-papier\/","url":"https:\/\/idonim-lingerie.fr\/produit\/patron-culotte-slip-first-t34-a-42-format-pochette-papier\/","name":"Patron culotte-slip FIRST - Idonim Lingerie","isPartOf":{"@id":"https:\/\/idonim-lingerie.fr\/#website"},"primaryImageOfPage":{"@id":"https:\/\/idonim-lingerie.fr\/produit\/patron-culotte-slip-first-t34-a-42-format-pochette-papier\/#primaryimage"},"image":{"@id":"https:\/\/idonim-lingerie.fr\/produit\/patron-culotte-slip-first-t34-a-42-format-pochette-papier\/#primaryimage"},"thumbnailUrl":"https:\/\/idonim-lingerie.fr\/wp-content\/uploads\/2021\/10\/LIVRET-CULOTTE-FIRST.jpg","datePublished":"2021-10-09T15:22:14+00:00","dateModified":"2026-03-31T09:06:13+00:00","description":"La culotte FIRST a \u00e9t\u00e9 pens\u00e9e comme la culotte essentielle : confortable, accessible, d\u00e9clinable en version basse ou haute. Cr\u00e9\u00e9 en France.","breadcrumb":{"@id":"https:\/\/idonim-lingerie.fr\/produit\/patron-culotte-slip-first-t34-a-42-format-pochette-papier\/#breadcrumb"},"inLanguage":"en-GB","potentialAction":[{"@type":"ReadAction","target":["https:\/\/idonim-lingerie.fr\/produit\/patron-culotte-slip-first-t34-a-42-format-pochette-papier\/"]}]},{"@type":"ImageObject","inLanguage":"en-GB","@id":"https:\/\/idonim-lingerie.fr\/produit\/patron-culotte-slip-first-t34-a-42-format-pochette-papier\/#primaryimage","url":"https:\/\/idonim-lingerie.fr\/wp-content\/uploads\/2021\/10\/LIVRET-CULOTTE-FIRST.jpg","contentUrl":"https:\/\/idonim-lingerie.fr\/wp-content\/uploads\/2021\/10\/LIVRET-CULOTTE-FIRST.jpg","width":420,"height":595},{"@type":"BreadcrumbList","@id":"https:\/\/idonim-lingerie.fr\/produit\/patron-culotte-slip-first-t34-a-42-format-pochette-papier\/#breadcrumb","itemListElement":[{"@type":"ListItem","position":1,"name":"Accueil","item":"https:\/\/idonim-lingerie.fr\/en\/"},{"@type":"ListItem","position":2,"name":"Boutique","item":"https:\/\/idonim-lingerie.fr\/shop\/"},{"@type":"ListItem","position":3,"name":"Patron culotte-slip FIRST"}]},{"@type":"WebSite","@id":"https:\/\/idonim-lingerie.fr\/#website","url":"https:\/\/idonim-lingerie.fr\/","name":"Idonim Lingerie","description":"Idonim offers a wide selection of fabrics, laces and accessories for your creations. Fast delivery. Educational workshops. Quality creation. Mixing Style and Comfort.","publisher":{"@id":"https:\/\/idonim-lingerie.fr\/#organization"},"potentialAction":[{"@type":"SearchAction","target":{"@type":"EntryPoint","urlTemplate":"https:\/\/idonim-lingerie.fr\/?s={search_term_string}"},"query-input":{"@type":"PropertyValueSpecification","valueRequired":true,"valueName":"search_term_string"}}],"inLanguage":"en-GB"},{"@type":"Organization","@id":"https:\/\/idonim-lingerie.fr\/#organization","name":"Idonim Lingerie","url":"https:\/\/idonim-lingerie.fr\/","logo":{"@type":"ImageObject","inLanguage":"en-GB","@id":"https:\/\/idonim-lingerie.fr\/#\/schema\/logo\/image\/","url":"https:\/\/idonim-lingerie.fr\/wp-content\/uploads\/2025\/12\/idonim_h28.webp","contentUrl":"https:\/\/idonim-lingerie.fr\/wp-content\/uploads\/2025\/12\/idonim_h28.webp","width":111,"height":28,"caption":"Idonim Lingerie"},"image":{"@id":"https:\/\/idonim-lingerie.fr\/#\/schema\/logo\/image\/"}}]}},"_links":{"self":[{"href":"https:\/\/idonim-lingerie.fr\/en\/wp-json\/wp\/v2\/product\/16761","targetHints":{"allow":["GET"]}}],"collection":[{"href":"https:\/\/idonim-lingerie.fr\/en\/wp-json\/wp\/v2\/product"}],"about":[{"href":"https:\/\/idonim-lingerie.fr\/en\/wp-json\/wp\/v2\/types\/product"}],"replies":[{"embeddable":true,"href":"https:\/\/idonim-lingerie.fr\/en\/wp-json\/wp\/v2\/comments?post=16761"}],"wp:featuredmedia":[{"embeddable":true,"href":"https:\/\/idonim-lingerie.fr\/en\/wp-json\/wp\/v2\/media\/35578"}],"wp:attachment":[{"href":"https:\/\/idonim-lingerie.fr\/en\/wp-json\/wp\/v2\/media?parent=16761"}],"wp:term":[{"taxonomy":"product_brand","embeddable":true,"href":"https:\/\/idonim-lingerie.fr\/en\/wp-json\/wp\/v2\/product_brand?post=16761"},{"taxonomy":"product_cat","embeddable":true,"href":"https:\/\/idonim-lingerie.fr\/en\/wp-json\/wp\/v2\/product_cat?post=16761"},{"taxonomy":"product_tag","embeddable":true,"href":"https:\/\/idonim-lingerie.fr\/en\/wp-json\/wp\/v2\/product_tag?post=16761"}],"curies":[{"name":"wp","href":"https:\/\/api.w.org\/{rel}","templated":true}]}}