{"id":16751,"date":"2021-10-09T17:22:12","date_gmt":"2021-10-09T15:22:12","guid":{"rendered":"https:\/\/idonim-lingerie.fr\/?post_type=product&#038;p=16751"},"modified":"2026-03-26T15:27:30","modified_gmt":"2026-03-26T14:27:30","slug":"patron-boxer-homme-ambroise-s-m-l-xl-xxl-format-pdf","status":"publish","type":"product","link":"https:\/\/idonim-lingerie.fr\/en\/product\/patron-boxer-homme-ambroise-s-m-l-xl-xxl-format-pdf\/","title":{"rendered":"Patron Boxer homme &#8211; Ambroise"},"content":{"rendered":"<p>This pattern can be used for all stretchy textiles exclusively: nylon with elastane\/spandex\/lycra but also cotton\/viscose jersey, modal, ...<\/p>\n<p>A descriptive and methodological booklet accompanies the pattern.<\/p>\n<p>In downloadable format, the pattern includes 15 A4 sheets and 1 A1 sheet.<\/p>\n<p>The instructions are very detailed, with step-by-step instructions and photos.<\/p>\n<p>&nbsp;<\/p>\n<p>List of supplies :<\/p>\n<p>-50x150cm of stretch fabric<\/p>\n<p>-25x50cm jersey for lining the gusset and centre front<\/p>\n<p>-1m wide elastic for waist 30 to 40mm wide<\/p>\n<p><span style=\"color: #b68457;\"><strong> Size guide :<\/strong><\/span><\/p>\n<p>size S: waist size 77 to 81cm<\/p>\n<p>size M: waist size 82 to 86cm<\/p>\n<p>size L: waist size 87 to 91cm<\/p>\n<p>size XL : waist size 92 to 96cm<\/p>\n<p>size XXL : waist size 97 to 101cm<\/p>\n<p>&nbsp;<\/p>\n<p><span style=\"color: #b68457;\"><strong> Level required : <\/strong><\/span><\/p>\n<p>- know how to use a sewing machine, have some knowledge of sewing and like precision<\/p>\n<p>Optional: serger and\/or seamer<\/p>\n<p>- Difficulty: 2\/4<\/p>","protected":false},"excerpt":{"rendered":"<p data-start=\"294\" data-end=\"376\">Un basique du vestiaire masculin que tout le monde devrait avoir dans son armoire.<\/p>\n<p data-start=\"378\" data-end=\"621\">Le patron <strong data-start=\"388\" data-end=\"400\">Ambroise<\/strong> vous permet de r\u00e9aliser un <strong data-start=\"428\" data-end=\"487\">boxer homme confortable, moderne et parfaitement ajust\u00e9<\/strong>, id\u00e9al pour le quotidien. Sa coupe est pens\u00e9e pour offrir <strong data-start=\"546\" data-end=\"620\">un bon maintien, une grande libert\u00e9 de mouvement et un confort optimal<\/strong>.<\/p>\n<p data-start=\"623\" data-end=\"792\">Ce mod\u00e8le est particuli\u00e8rement adapt\u00e9 aux <strong data-start=\"665\" data-end=\"688\">mailles extensibles<\/strong> comme le jersey de coton ou les tissus lycra, parfaits pour un sous-v\u00eatement doux et agr\u00e9able \u00e0 porter.<\/p>\n<p data-start=\"794\" data-end=\"948\">Que vous cousiez pour vous, pour un proche ou pour compl\u00e9ter votre garde-robe faite main, <strong data-start=\"884\" data-end=\"948\">Ambroise est un indispensable simple et efficace \u00e0 r\u00e9aliser.<\/strong><\/p>\n<p data-start=\"977\" data-end=\"1019\">Le patron est disponible en deux formats :<\/p>\n<p data-start=\"1021\" data-end=\"1051\"><strong data-start=\"1021\" data-end=\"1051\">-Version PDF t\u00e9l\u00e9chargeable<\/strong><\/p>\n<ul data-start=\"1052\" data-end=\"1247\">\n<li data-section-id=\"m3r8bl\" data-start=\"1052\" data-end=\"1124\">\n<p data-start=\"1054\" data-end=\"1124\">Patron imprimable en <strong data-start=\"1075\" data-end=\"1088\">format A4<\/strong> (avec assemblage guid\u00e9 par rep\u00e8res)<\/p>\n<\/li>\n<li data-section-id=\"1vvxmbi\" data-start=\"1125\" data-end=\"1209\">\n<p data-start=\"1127\" data-end=\"1209\">Patron \u00e9galement disponible en <strong data-start=\"1158\" data-end=\"1171\">format A1<\/strong> pour une impression en une seule page<\/p>\n<\/li>\n<li data-section-id=\"59x4qv\" data-start=\"1210\" data-end=\"1247\">\n<p data-start=\"1212\" data-end=\"1247\">T\u00e9l\u00e9chargement imm\u00e9diat apr\u00e8s achat avec ses instructions au format pdf<\/p>\n<\/li>\n<\/ul>\n<p data-start=\"1249\" data-end=\"1276\"><strong data-start=\"1249\" data-end=\"1276\">&#8211; Version pochette papier<\/strong><\/p>\n<ul data-start=\"1277\" data-end=\"1336\">\n<li data-section-id=\"hy49ce\" data-start=\"1277\" data-end=\"1309\">\n<p data-start=\"1279\" data-end=\"1309\">Patron imprim\u00e9 pr\u00eat \u00e0 l\u2019emploi<\/p>\n<\/li>\n<li data-section-id=\"qsofmv\" data-start=\"1310\" data-end=\"1336\">\n<p data-start=\"1312\" data-end=\"1336\">Livret explicatif inclus<\/p>\n<\/li>\n<\/ul>\n<p data-section-id=\"z544z8\" data-start=\"1343\" data-end=\"1363\">Tailles incluses :<\/p>\n<p data-start=\"1365\" data-end=\"1417\">Le patron est propos\u00e9 en planche multi-tailles :<\/p>\n<p data-start=\"1419\" data-end=\"1443\">S \u2013 M \u2013 L \u2013 XL \u2013 XXL<\/p>\n<h3 data-section-id=\"lnsu4y\" data-start=\"1450\" data-end=\"1460\">Language<\/h3>\n<p data-start=\"1462\" data-end=\"1527\">Le patron est actuellement disponible <strong data-start=\"1500\" data-end=\"1526\">uniquement en fran\u00e7ais<\/strong>.<\/p>\n<h3 data-section-id=\"nsulhk\" data-start=\"1534\" data-end=\"1555\">Niveau de couture<\/h3>\n<p data-start=\"1557\" data-end=\"1694\">Accessible aux couturiers et couturi\u00e8res <strong data-start=\"1598\" data-end=\"1628\">d\u00e9butants \u00e0 interm\u00e9diaires<\/strong> souhaitant se lancer dans la couture de sous-v\u00eatements masculins.<\/p>\n<p data-start=\"1557\" data-end=\"1694\"><strong>Sold individually<\/strong><\/p>\n<p data-start=\"1557\" data-end=\"1694\"><span data-start=\"1704\" data-end=\"1873\">Vous ne savez pas quel tissu utiliser ? Un article complet vous aidera sur le blog : <a href=\"https:\/\/idonim-lingerie.fr\/en\/quel-tissu-choisir-pour-realiser-un-boxer-homme\/\">ici<\/a><\/span><\/p>\n<p data-start=\"1557\" data-end=\"1694\"><em data-start=\"1704\" data-end=\"1873\">Pour r\u00e9aliser votre boxer Ambroise, privil\u00e9giez un tissu extensible confortable comme un jersey de coton extensible ou un lycra souple, associ\u00e9 \u00e0 un \u00e9lastique de ceinture adapt\u00e9.<\/em><\/p>\n<p data-start=\"1557\" data-end=\"1694\">","protected":false},"featured_media":48701,"comment_status":"closed","ping_status":"closed","template":"","meta":[],"product_brand":[],"product_cat":[334,270,699,192,156],"product_tag":[],"class_list":{"0":"post-16751","1":"product","2":"type-product","3":"status-publish","4":"has-post-thumbnail","6":"product_cat-patron-hommes","7":"product_cat-patrons","8":"product_cat-patrons-debutants","9":"product_cat-patrons-expedies","10":"product_cat-patrons-pdf","11":"product_shipping_class-patrons","13":"first","14":"instock","15":"taxable","16":"shipping-taxable","17":"purchasable","18":"product-type-variable"},"yoast_head":"<!-- This site is optimized with the Yoast SEO plugin v27.3 - https:\/\/yoast.com\/product\/yoast-seo-wordpress\/ -->\n<title>Patron Boxer homme - Ambroise - Idonim Lingerie<\/title>\n<meta name=\"description\" content=\"Patron de couture boxer homme Ambroise : r\u00e9alisez un sous-v\u00eatement confortable et moderne. De la taille S \u00e0 XXL. Facile \u00e0 r\u00e9aliser niveau d\u00e9butant.\" \/>\n<meta name=\"robots\" content=\"index, follow, max-snippet:-1, max-image-preview:large, max-video-preview:-1\" \/>\n<link rel=\"canonical\" href=\"https:\/\/idonim-lingerie.fr\/en\/product\/patron-boxer-homme-ambroise-s-m-l-xl-xxl-format-pdf\/\" \/>\n<meta property=\"og:locale\" content=\"en_GB\" \/>\n<meta property=\"og:type\" content=\"article\" \/>\n<meta property=\"og:title\" content=\"Patron Boxer homme - Ambroise - Idonim Lingerie\" \/>\n<meta property=\"og:description\" content=\"Patron de couture boxer homme Ambroise : r\u00e9alisez un sous-v\u00eatement confortable et moderne. De la taille S \u00e0 XXL. Facile \u00e0 r\u00e9aliser niveau d\u00e9butant.\" \/>\n<meta property=\"og:url\" content=\"https:\/\/idonim-lingerie.fr\/en\/product\/patron-boxer-homme-ambroise-s-m-l-xl-xxl-format-pdf\/\" \/>\n<meta property=\"og:site_name\" content=\"Idonim Lingerie\" \/>\n<meta property=\"article:modified_time\" content=\"2026-03-26T14:27:30+00:00\" \/>\n<meta property=\"og:image\" content=\"https:\/\/idonim-lingerie.fr\/wp-content\/uploads\/2026\/03\/boxer-homme-imprime-bleu-petrole.png\" \/>\n\t<meta property=\"og:image:width\" content=\"800\" \/>\n\t<meta property=\"og:image:height\" content=\"1200\" \/>\n\t<meta property=\"og:image:type\" content=\"image\/png\" \/>\n<meta name=\"twitter:card\" content=\"summary_large_image\" \/>\n<meta name=\"twitter:label1\" content=\"Estimated reading time\" \/>\n\t<meta name=\"twitter:data1\" content=\"1 minute\" \/>\n<script type=\"application\/ld+json\" class=\"yoast-schema-graph\">{\"@context\":\"https:\\\/\\\/schema.org\",\"@graph\":[{\"@type\":\"WebPage\",\"@id\":\"https:\\\/\\\/idonim-lingerie.fr\\\/produit\\\/patron-boxer-homme-ambroise-s-m-l-xl-xxl-format-pdf\\\/\",\"url\":\"https:\\\/\\\/idonim-lingerie.fr\\\/produit\\\/patron-boxer-homme-ambroise-s-m-l-xl-xxl-format-pdf\\\/\",\"name\":\"Patron Boxer homme - Ambroise - Idonim Lingerie\",\"isPartOf\":{\"@id\":\"https:\\\/\\\/idonim-lingerie.fr\\\/#website\"},\"primaryImageOfPage\":{\"@id\":\"https:\\\/\\\/idonim-lingerie.fr\\\/produit\\\/patron-boxer-homme-ambroise-s-m-l-xl-xxl-format-pdf\\\/#primaryimage\"},\"image\":{\"@id\":\"https:\\\/\\\/idonim-lingerie.fr\\\/produit\\\/patron-boxer-homme-ambroise-s-m-l-xl-xxl-format-pdf\\\/#primaryimage\"},\"thumbnailUrl\":\"https:\\\/\\\/idonim-lingerie.fr\\\/wp-content\\\/uploads\\\/2026\\\/03\\\/boxer-homme-imprime-bleu-petrole.png\",\"datePublished\":\"2021-10-09T15:22:12+00:00\",\"dateModified\":\"2026-03-26T14:27:30+00:00\",\"description\":\"Patron de couture boxer homme Ambroise : r\u00e9alisez un sous-v\u00eatement confortable et moderne. De la taille S \u00e0 XXL. Facile \u00e0 r\u00e9aliser niveau d\u00e9butant.\",\"breadcrumb\":{\"@id\":\"https:\\\/\\\/idonim-lingerie.fr\\\/produit\\\/patron-boxer-homme-ambroise-s-m-l-xl-xxl-format-pdf\\\/#breadcrumb\"},\"inLanguage\":\"en-GB\",\"potentialAction\":[{\"@type\":\"ReadAction\",\"target\":[\"https:\\\/\\\/idonim-lingerie.fr\\\/produit\\\/patron-boxer-homme-ambroise-s-m-l-xl-xxl-format-pdf\\\/\"]}]},{\"@type\":\"ImageObject\",\"inLanguage\":\"en-GB\",\"@id\":\"https:\\\/\\\/idonim-lingerie.fr\\\/produit\\\/patron-boxer-homme-ambroise-s-m-l-xl-xxl-format-pdf\\\/#primaryimage\",\"url\":\"https:\\\/\\\/idonim-lingerie.fr\\\/wp-content\\\/uploads\\\/2026\\\/03\\\/boxer-homme-imprime-bleu-petrole.png\",\"contentUrl\":\"https:\\\/\\\/idonim-lingerie.fr\\\/wp-content\\\/uploads\\\/2026\\\/03\\\/boxer-homme-imprime-bleu-petrole.png\",\"width\":800,\"height\":1200,\"caption\":\"boxer homme imprim\u00e9 bleu p\u00e9trole\"},{\"@type\":\"BreadcrumbList\",\"@id\":\"https:\\\/\\\/idonim-lingerie.fr\\\/produit\\\/patron-boxer-homme-ambroise-s-m-l-xl-xxl-format-pdf\\\/#breadcrumb\",\"itemListElement\":[{\"@type\":\"ListItem\",\"position\":1,\"name\":\"Accueil\",\"item\":\"https:\\\/\\\/idonim-lingerie.fr\\\/en\\\/\"},{\"@type\":\"ListItem\",\"position\":2,\"name\":\"Boutique\",\"item\":\"https:\\\/\\\/idonim-lingerie.fr\\\/shop\\\/\"},{\"@type\":\"ListItem\",\"position\":3,\"name\":\"Patron Boxer homme &#8211; Ambroise\"}]},{\"@type\":\"WebSite\",\"@id\":\"https:\\\/\\\/idonim-lingerie.fr\\\/#website\",\"url\":\"https:\\\/\\\/idonim-lingerie.fr\\\/\",\"name\":\"Idonim Lingerie\",\"description\":\"Idonim offre une s\u00e9lection vari\u00e9e de tissus, dentelles et accessoires pour vos cr\u00e9ations. Livraison rapide. Ateliers P\u00e9dagogiques. Cr\u00e9ation De Qualit\u00e9. M\u00ealant Style Et Confort.\",\"publisher\":{\"@id\":\"https:\\\/\\\/idonim-lingerie.fr\\\/#organization\"},\"potentialAction\":[{\"@type\":\"SearchAction\",\"target\":{\"@type\":\"EntryPoint\",\"urlTemplate\":\"https:\\\/\\\/idonim-lingerie.fr\\\/?s={search_term_string}\"},\"query-input\":{\"@type\":\"PropertyValueSpecification\",\"valueRequired\":true,\"valueName\":\"search_term_string\"}}],\"inLanguage\":\"en-GB\"},{\"@type\":\"Organization\",\"@id\":\"https:\\\/\\\/idonim-lingerie.fr\\\/#organization\",\"name\":\"Idonim Lingerie\",\"url\":\"https:\\\/\\\/idonim-lingerie.fr\\\/\",\"logo\":{\"@type\":\"ImageObject\",\"inLanguage\":\"en-GB\",\"@id\":\"https:\\\/\\\/idonim-lingerie.fr\\\/#\\\/schema\\\/logo\\\/image\\\/\",\"url\":\"https:\\\/\\\/idonim-lingerie.fr\\\/wp-content\\\/uploads\\\/2025\\\/12\\\/idonim_h28.webp\",\"contentUrl\":\"https:\\\/\\\/idonim-lingerie.fr\\\/wp-content\\\/uploads\\\/2025\\\/12\\\/idonim_h28.webp\",\"width\":111,\"height\":28,\"caption\":\"Idonim Lingerie\"},\"image\":{\"@id\":\"https:\\\/\\\/idonim-lingerie.fr\\\/#\\\/schema\\\/logo\\\/image\\\/\"}}]}<\/script>\n<!-- \/ Yoast SEO plugin. -->","yoast_head_json":{"title":"Patron Boxer homme - Ambroise - Idonim Lingerie","description":"Patron de couture boxer homme Ambroise : r\u00e9alisez un sous-v\u00eatement confortable et moderne. De la taille S \u00e0 XXL. Facile \u00e0 r\u00e9aliser niveau d\u00e9butant.","robots":{"index":"index","follow":"follow","max-snippet":"max-snippet:-1","max-image-preview":"max-image-preview:large","max-video-preview":"max-video-preview:-1"},"canonical":"https:\/\/idonim-lingerie.fr\/en\/product\/patron-boxer-homme-ambroise-s-m-l-xl-xxl-format-pdf\/","og_locale":"en_GB","og_type":"article","og_title":"Patron Boxer homme - Ambroise - Idonim Lingerie","og_description":"Patron de couture boxer homme Ambroise : r\u00e9alisez un sous-v\u00eatement confortable et moderne. De la taille S \u00e0 XXL. Facile \u00e0 r\u00e9aliser niveau d\u00e9butant.","og_url":"https:\/\/idonim-lingerie.fr\/en\/product\/patron-boxer-homme-ambroise-s-m-l-xl-xxl-format-pdf\/","og_site_name":"Idonim Lingerie","article_modified_time":"2026-03-26T14:27:30+00:00","og_image":[{"width":800,"height":1200,"url":"https:\/\/idonim-lingerie.fr\/wp-content\/uploads\/2026\/03\/boxer-homme-imprime-bleu-petrole.png","type":"image\/png"}],"twitter_card":"summary_large_image","twitter_misc":{"Estimated reading time":"1 minute"},"schema":{"@context":"https:\/\/schema.org","@graph":[{"@type":"WebPage","@id":"https:\/\/idonim-lingerie.fr\/produit\/patron-boxer-homme-ambroise-s-m-l-xl-xxl-format-pdf\/","url":"https:\/\/idonim-lingerie.fr\/produit\/patron-boxer-homme-ambroise-s-m-l-xl-xxl-format-pdf\/","name":"Patron Boxer homme - Ambroise - Idonim Lingerie","isPartOf":{"@id":"https:\/\/idonim-lingerie.fr\/#website"},"primaryImageOfPage":{"@id":"https:\/\/idonim-lingerie.fr\/produit\/patron-boxer-homme-ambroise-s-m-l-xl-xxl-format-pdf\/#primaryimage"},"image":{"@id":"https:\/\/idonim-lingerie.fr\/produit\/patron-boxer-homme-ambroise-s-m-l-xl-xxl-format-pdf\/#primaryimage"},"thumbnailUrl":"https:\/\/idonim-lingerie.fr\/wp-content\/uploads\/2026\/03\/boxer-homme-imprime-bleu-petrole.png","datePublished":"2021-10-09T15:22:12+00:00","dateModified":"2026-03-26T14:27:30+00:00","description":"Patron de couture boxer homme Ambroise : r\u00e9alisez un sous-v\u00eatement confortable et moderne. De la taille S \u00e0 XXL. Facile \u00e0 r\u00e9aliser niveau d\u00e9butant.","breadcrumb":{"@id":"https:\/\/idonim-lingerie.fr\/produit\/patron-boxer-homme-ambroise-s-m-l-xl-xxl-format-pdf\/#breadcrumb"},"inLanguage":"en-GB","potentialAction":[{"@type":"ReadAction","target":["https:\/\/idonim-lingerie.fr\/produit\/patron-boxer-homme-ambroise-s-m-l-xl-xxl-format-pdf\/"]}]},{"@type":"ImageObject","inLanguage":"en-GB","@id":"https:\/\/idonim-lingerie.fr\/produit\/patron-boxer-homme-ambroise-s-m-l-xl-xxl-format-pdf\/#primaryimage","url":"https:\/\/idonim-lingerie.fr\/wp-content\/uploads\/2026\/03\/boxer-homme-imprime-bleu-petrole.png","contentUrl":"https:\/\/idonim-lingerie.fr\/wp-content\/uploads\/2026\/03\/boxer-homme-imprime-bleu-petrole.png","width":800,"height":1200,"caption":"boxer homme imprim\u00e9 bleu p\u00e9trole"},{"@type":"BreadcrumbList","@id":"https:\/\/idonim-lingerie.fr\/produit\/patron-boxer-homme-ambroise-s-m-l-xl-xxl-format-pdf\/#breadcrumb","itemListElement":[{"@type":"ListItem","position":1,"name":"Accueil","item":"https:\/\/idonim-lingerie.fr\/en\/"},{"@type":"ListItem","position":2,"name":"Boutique","item":"https:\/\/idonim-lingerie.fr\/shop\/"},{"@type":"ListItem","position":3,"name":"Patron Boxer homme &#8211; Ambroise"}]},{"@type":"WebSite","@id":"https:\/\/idonim-lingerie.fr\/#website","url":"https:\/\/idonim-lingerie.fr\/","name":"Idonim Lingerie","description":"Idonim offers a wide selection of fabrics, laces and accessories for your creations. Fast delivery. Educational workshops. Quality creation. Mixing Style and Comfort.","publisher":{"@id":"https:\/\/idonim-lingerie.fr\/#organization"},"potentialAction":[{"@type":"SearchAction","target":{"@type":"EntryPoint","urlTemplate":"https:\/\/idonim-lingerie.fr\/?s={search_term_string}"},"query-input":{"@type":"PropertyValueSpecification","valueRequired":true,"valueName":"search_term_string"}}],"inLanguage":"en-GB"},{"@type":"Organization","@id":"https:\/\/idonim-lingerie.fr\/#organization","name":"Idonim Lingerie","url":"https:\/\/idonim-lingerie.fr\/","logo":{"@type":"ImageObject","inLanguage":"en-GB","@id":"https:\/\/idonim-lingerie.fr\/#\/schema\/logo\/image\/","url":"https:\/\/idonim-lingerie.fr\/wp-content\/uploads\/2025\/12\/idonim_h28.webp","contentUrl":"https:\/\/idonim-lingerie.fr\/wp-content\/uploads\/2025\/12\/idonim_h28.webp","width":111,"height":28,"caption":"Idonim Lingerie"},"image":{"@id":"https:\/\/idonim-lingerie.fr\/#\/schema\/logo\/image\/"}}]}},"_links":{"self":[{"href":"https:\/\/idonim-lingerie.fr\/en\/wp-json\/wp\/v2\/product\/16751","targetHints":{"allow":["GET"]}}],"collection":[{"href":"https:\/\/idonim-lingerie.fr\/en\/wp-json\/wp\/v2\/product"}],"about":[{"href":"https:\/\/idonim-lingerie.fr\/en\/wp-json\/wp\/v2\/types\/product"}],"replies":[{"embeddable":true,"href":"https:\/\/idonim-lingerie.fr\/en\/wp-json\/wp\/v2\/comments?post=16751"}],"wp:featuredmedia":[{"embeddable":true,"href":"https:\/\/idonim-lingerie.fr\/en\/wp-json\/wp\/v2\/media\/48701"}],"wp:attachment":[{"href":"https:\/\/idonim-lingerie.fr\/en\/wp-json\/wp\/v2\/media?parent=16751"}],"wp:term":[{"taxonomy":"product_brand","embeddable":true,"href":"https:\/\/idonim-lingerie.fr\/en\/wp-json\/wp\/v2\/product_brand?post=16751"},{"taxonomy":"product_cat","embeddable":true,"href":"https:\/\/idonim-lingerie.fr\/en\/wp-json\/wp\/v2\/product_cat?post=16751"},{"taxonomy":"product_tag","embeddable":true,"href":"https:\/\/idonim-lingerie.fr\/en\/wp-json\/wp\/v2\/product_tag?post=16751"}],"curies":[{"name":"wp","href":"https:\/\/api.w.org\/{rel}","templated":true}]}}