{"id":16716,"date":"2021-10-09T17:21:44","date_gmt":"2021-10-09T15:21:44","guid":{"rendered":"https:\/\/idonim-lingerie.fr\/?post_type=product&#038;p=16716"},"modified":"2026-04-01T10:23:03","modified_gmt":"2026-04-01T08:23:03","slug":"powernet-leger-light","status":"publish","type":"product","link":"https:\/\/idonim-lingerie.fr\/en\/product\/powernet-leger-light\/","title":{"rendered":"POWERNET lightweight \/ bi-stretch mesh"},"content":{"rendered":"<p><span style=\"color: #b68457;\"><strong>Composition:<\/strong><\/span><\/p>\n<p>91%PA \/ 9%SP approx 100g\/m2<\/p>\n<p>Width: 150cm<\/p>\n<p>Elasticity in both directions FR (4 directions US)<\/p>\n<p>Origin : EU<\/p>\n<p><span style=\"color: #b68457;\"><strong>Advice :<\/strong><\/span><\/p>\n<p>- Hand wash at max. 40\u00b0C<\/p>\n<p>-Do not use a tumble dryer or steam iron<\/p>\n<p>&nbsp;<\/p>","protected":false},"excerpt":{"rendered":"<p>Ideal for making back bands for bras that don't require very much support. You can also use it to line bras and cups that need to be elastic.<\/p>\n<p>It is not recommended for larger sizes and cannot be used alone for bra bottoms.<\/p>\n<p>This powernet is a little more sheathing and is thin and soft to the touch.<\/p>\n<p><span class=\"goog-text-highlight\">Also known as bi-stretch knitwear\/tulle; it also fits perfectly in many areas:<\/span><br \/>\n<span class=\"goog-text-highlight\">- for dance,\u00a0<\/span><br \/>\n<span class=\"goog-text-highlight\">- for clothing<\/span><\/p>\n<p>Several colours are available<\/p>\n<p>&nbsp;<\/p>\n<p><strong>Sold in units of 10cm<\/strong> (To order a 1m length order 10 units)<\/p>","protected":false},"featured_media":31676,"comment_status":"closed","ping_status":"closed","template":"","meta":[],"product_brand":[],"product_cat":[164,610,157],"product_tag":[],"class_list":{"0":"post-16716","1":"product","2":"type-product","3":"status-publish","4":"has-post-thumbnail","6":"product_cat-power-net-resilles","7":"product_cat-powernet-unis","8":"product_cat-tissus-lingerie","9":"product_shipping_class-tissus-leges","11":"first","12":"instock","13":"taxable","14":"shipping-taxable","15":"purchasable","16":"product-type-variable"},"yoast_head":"<!-- This site is optimized with the Yoast SEO plugin v27.3 - https:\/\/yoast.com\/product\/yoast-seo-wordpress\/ -->\n<title>POWERNET l\u00e9ger \/ maille-tulle bi-stretch - Idonim Lingerie<\/title>\n<meta name=\"robots\" content=\"index, follow, max-snippet:-1, max-image-preview:large, max-video-preview:-1\" \/>\n<link rel=\"canonical\" href=\"https:\/\/idonim-lingerie.fr\/en\/product\/powernet-leger-light\/\" \/>\n<meta property=\"og:locale\" content=\"en_GB\" \/>\n<meta property=\"og:type\" content=\"article\" \/>\n<meta property=\"og:title\" content=\"POWERNET l\u00e9ger \/ maille-tulle bi-stretch - Idonim Lingerie\" \/>\n<meta property=\"og:description\" content=\"Id\u00e9al pour r\u00e9aliser les bandes de dos des soutien-gorges n\u00e9cessitant pas un tr\u00e8s tr\u00e8s grand maintien. Vous pouvez \u00e9galement l&#039;utiliser pour doubler des brassi\u00e8res, bonnets qui n\u00e9cessitent d&#039;\u00eatre \u00e9lastiques.  Il n&#039;est pas pr\u00e9conis\u00e9 pour les grandes tailles et ne peut pas \u00eatre utilis\u00e9 seul pour les basques des soutien-gorges.  Ce powernet est peu plus gainant il est fin et doux au toucher.  Aussi appel\u00e9 maille\/tulle bi-stretch; il s&#039;int\u00e8gre \u00e9galement parfaitement dans de nombreux secteurs : - pour la danse,\u00a0 - pour l&#039;habillement  Plusieurs couleurs sont disponibles  &nbsp;  Vendu par unit\u00e9 de 10cm (Pour commander une longueur de 1m\u00a0 commandez 10 unit\u00e9s)\" \/>\n<meta property=\"og:url\" content=\"https:\/\/idonim-lingerie.fr\/en\/product\/powernet-leger-light\/\" \/>\n<meta property=\"og:site_name\" content=\"Idonim Lingerie\" \/>\n<meta property=\"article:modified_time\" content=\"2026-04-01T08:23:03+00:00\" \/>\n<meta property=\"og:image\" content=\"https:\/\/idonim-lingerie.fr\/wp-content\/uploads\/2021\/10\/powernet-leger.jpg\" \/>\n\t<meta property=\"og:image:width\" content=\"640\" \/>\n\t<meta property=\"og:image:height\" content=\"640\" \/>\n\t<meta property=\"og:image:type\" content=\"image\/jpeg\" \/>\n<meta name=\"twitter:card\" content=\"summary_large_image\" \/>\n<meta name=\"twitter:label1\" content=\"Estimated reading time\" \/>\n\t<meta name=\"twitter:data1\" content=\"1 minute\" \/>\n<script type=\"application\/ld+json\" class=\"yoast-schema-graph\">{\"@context\":\"https:\\\/\\\/schema.org\",\"@graph\":[{\"@type\":\"WebPage\",\"@id\":\"https:\\\/\\\/idonim-lingerie.fr\\\/produit\\\/powernet-leger-light\\\/\",\"url\":\"https:\\\/\\\/idonim-lingerie.fr\\\/produit\\\/powernet-leger-light\\\/\",\"name\":\"POWERNET l\u00e9ger \\\/ maille-tulle bi-stretch - Idonim Lingerie\",\"isPartOf\":{\"@id\":\"https:\\\/\\\/idonim-lingerie.fr\\\/#website\"},\"primaryImageOfPage\":{\"@id\":\"https:\\\/\\\/idonim-lingerie.fr\\\/produit\\\/powernet-leger-light\\\/#primaryimage\"},\"image\":{\"@id\":\"https:\\\/\\\/idonim-lingerie.fr\\\/produit\\\/powernet-leger-light\\\/#primaryimage\"},\"thumbnailUrl\":\"https:\\\/\\\/idonim-lingerie.fr\\\/wp-content\\\/uploads\\\/2021\\\/10\\\/powernet-leger.jpg\",\"datePublished\":\"2021-10-09T15:21:44+00:00\",\"dateModified\":\"2026-04-01T08:23:03+00:00\",\"breadcrumb\":{\"@id\":\"https:\\\/\\\/idonim-lingerie.fr\\\/produit\\\/powernet-leger-light\\\/#breadcrumb\"},\"inLanguage\":\"en-GB\",\"potentialAction\":[{\"@type\":\"ReadAction\",\"target\":[\"https:\\\/\\\/idonim-lingerie.fr\\\/produit\\\/powernet-leger-light\\\/\"]}]},{\"@type\":\"ImageObject\",\"inLanguage\":\"en-GB\",\"@id\":\"https:\\\/\\\/idonim-lingerie.fr\\\/produit\\\/powernet-leger-light\\\/#primaryimage\",\"url\":\"https:\\\/\\\/idonim-lingerie.fr\\\/wp-content\\\/uploads\\\/2021\\\/10\\\/powernet-leger.jpg\",\"contentUrl\":\"https:\\\/\\\/idonim-lingerie.fr\\\/wp-content\\\/uploads\\\/2021\\\/10\\\/powernet-leger.jpg\",\"width\":640,\"height\":640},{\"@type\":\"BreadcrumbList\",\"@id\":\"https:\\\/\\\/idonim-lingerie.fr\\\/produit\\\/powernet-leger-light\\\/#breadcrumb\",\"itemListElement\":[{\"@type\":\"ListItem\",\"position\":1,\"name\":\"Accueil\",\"item\":\"https:\\\/\\\/idonim-lingerie.fr\\\/en\\\/\"},{\"@type\":\"ListItem\",\"position\":2,\"name\":\"Boutique\",\"item\":\"https:\\\/\\\/idonim-lingerie.fr\\\/shop\\\/\"},{\"@type\":\"ListItem\",\"position\":3,\"name\":\"POWERNET l\u00e9ger \\\/ maille-tulle bi-stretch\"}]},{\"@type\":\"WebSite\",\"@id\":\"https:\\\/\\\/idonim-lingerie.fr\\\/#website\",\"url\":\"https:\\\/\\\/idonim-lingerie.fr\\\/\",\"name\":\"Idonim Lingerie\",\"description\":\"Idonim offre une s\u00e9lection vari\u00e9e de tissus, dentelles et accessoires pour vos cr\u00e9ations. Livraison rapide. Ateliers P\u00e9dagogiques. Cr\u00e9ation De Qualit\u00e9. M\u00ealant Style Et Confort.\",\"publisher\":{\"@id\":\"https:\\\/\\\/idonim-lingerie.fr\\\/#organization\"},\"potentialAction\":[{\"@type\":\"SearchAction\",\"target\":{\"@type\":\"EntryPoint\",\"urlTemplate\":\"https:\\\/\\\/idonim-lingerie.fr\\\/?s={search_term_string}\"},\"query-input\":{\"@type\":\"PropertyValueSpecification\",\"valueRequired\":true,\"valueName\":\"search_term_string\"}}],\"inLanguage\":\"en-GB\"},{\"@type\":\"Organization\",\"@id\":\"https:\\\/\\\/idonim-lingerie.fr\\\/#organization\",\"name\":\"Idonim Lingerie\",\"url\":\"https:\\\/\\\/idonim-lingerie.fr\\\/\",\"logo\":{\"@type\":\"ImageObject\",\"inLanguage\":\"en-GB\",\"@id\":\"https:\\\/\\\/idonim-lingerie.fr\\\/#\\\/schema\\\/logo\\\/image\\\/\",\"url\":\"https:\\\/\\\/idonim-lingerie.fr\\\/wp-content\\\/uploads\\\/2025\\\/12\\\/idonim_h28.webp\",\"contentUrl\":\"https:\\\/\\\/idonim-lingerie.fr\\\/wp-content\\\/uploads\\\/2025\\\/12\\\/idonim_h28.webp\",\"width\":111,\"height\":28,\"caption\":\"Idonim Lingerie\"},\"image\":{\"@id\":\"https:\\\/\\\/idonim-lingerie.fr\\\/#\\\/schema\\\/logo\\\/image\\\/\"}}]}<\/script>\n<!-- \/ Yoast SEO plugin. -->","yoast_head_json":{"title":"POWERNET l\u00e9ger \/ maille-tulle bi-stretch - Idonim Lingerie","robots":{"index":"index","follow":"follow","max-snippet":"max-snippet:-1","max-image-preview":"max-image-preview:large","max-video-preview":"max-video-preview:-1"},"canonical":"https:\/\/idonim-lingerie.fr\/en\/product\/powernet-leger-light\/","og_locale":"en_GB","og_type":"article","og_title":"POWERNET l\u00e9ger \/ maille-tulle bi-stretch - Idonim Lingerie","og_description":"Id\u00e9al pour r\u00e9aliser les bandes de dos des soutien-gorges n\u00e9cessitant pas un tr\u00e8s tr\u00e8s grand maintien. Vous pouvez \u00e9galement l'utiliser pour doubler des brassi\u00e8res, bonnets qui n\u00e9cessitent d'\u00eatre \u00e9lastiques.  Il n'est pas pr\u00e9conis\u00e9 pour les grandes tailles et ne peut pas \u00eatre utilis\u00e9 seul pour les basques des soutien-gorges.  Ce powernet est peu plus gainant il est fin et doux au toucher.  Aussi appel\u00e9 maille\/tulle bi-stretch; il s'int\u00e8gre \u00e9galement parfaitement dans de nombreux secteurs : - pour la danse,\u00a0 - pour l'habillement  Plusieurs couleurs sont disponibles  &nbsp;  Vendu par unit\u00e9 de 10cm (Pour commander une longueur de 1m\u00a0 commandez 10 unit\u00e9s)","og_url":"https:\/\/idonim-lingerie.fr\/en\/product\/powernet-leger-light\/","og_site_name":"Idonim Lingerie","article_modified_time":"2026-04-01T08:23:03+00:00","og_image":[{"width":640,"height":640,"url":"https:\/\/idonim-lingerie.fr\/wp-content\/uploads\/2021\/10\/powernet-leger.jpg","type":"image\/jpeg"}],"twitter_card":"summary_large_image","twitter_misc":{"Estimated reading time":"1 minute"},"schema":{"@context":"https:\/\/schema.org","@graph":[{"@type":"WebPage","@id":"https:\/\/idonim-lingerie.fr\/produit\/powernet-leger-light\/","url":"https:\/\/idonim-lingerie.fr\/produit\/powernet-leger-light\/","name":"POWERNET l\u00e9ger \/ maille-tulle bi-stretch - Idonim Lingerie","isPartOf":{"@id":"https:\/\/idonim-lingerie.fr\/#website"},"primaryImageOfPage":{"@id":"https:\/\/idonim-lingerie.fr\/produit\/powernet-leger-light\/#primaryimage"},"image":{"@id":"https:\/\/idonim-lingerie.fr\/produit\/powernet-leger-light\/#primaryimage"},"thumbnailUrl":"https:\/\/idonim-lingerie.fr\/wp-content\/uploads\/2021\/10\/powernet-leger.jpg","datePublished":"2021-10-09T15:21:44+00:00","dateModified":"2026-04-01T08:23:03+00:00","breadcrumb":{"@id":"https:\/\/idonim-lingerie.fr\/produit\/powernet-leger-light\/#breadcrumb"},"inLanguage":"en-GB","potentialAction":[{"@type":"ReadAction","target":["https:\/\/idonim-lingerie.fr\/produit\/powernet-leger-light\/"]}]},{"@type":"ImageObject","inLanguage":"en-GB","@id":"https:\/\/idonim-lingerie.fr\/produit\/powernet-leger-light\/#primaryimage","url":"https:\/\/idonim-lingerie.fr\/wp-content\/uploads\/2021\/10\/powernet-leger.jpg","contentUrl":"https:\/\/idonim-lingerie.fr\/wp-content\/uploads\/2021\/10\/powernet-leger.jpg","width":640,"height":640},{"@type":"BreadcrumbList","@id":"https:\/\/idonim-lingerie.fr\/produit\/powernet-leger-light\/#breadcrumb","itemListElement":[{"@type":"ListItem","position":1,"name":"Accueil","item":"https:\/\/idonim-lingerie.fr\/en\/"},{"@type":"ListItem","position":2,"name":"Boutique","item":"https:\/\/idonim-lingerie.fr\/shop\/"},{"@type":"ListItem","position":3,"name":"POWERNET l\u00e9ger \/ maille-tulle bi-stretch"}]},{"@type":"WebSite","@id":"https:\/\/idonim-lingerie.fr\/#website","url":"https:\/\/idonim-lingerie.fr\/","name":"Idonim Lingerie","description":"Idonim offers a wide selection of fabrics, laces and accessories for your creations. Fast delivery. Educational workshops. Quality creation. Mixing Style and Comfort.","publisher":{"@id":"https:\/\/idonim-lingerie.fr\/#organization"},"potentialAction":[{"@type":"SearchAction","target":{"@type":"EntryPoint","urlTemplate":"https:\/\/idonim-lingerie.fr\/?s={search_term_string}"},"query-input":{"@type":"PropertyValueSpecification","valueRequired":true,"valueName":"search_term_string"}}],"inLanguage":"en-GB"},{"@type":"Organization","@id":"https:\/\/idonim-lingerie.fr\/#organization","name":"Idonim Lingerie","url":"https:\/\/idonim-lingerie.fr\/","logo":{"@type":"ImageObject","inLanguage":"en-GB","@id":"https:\/\/idonim-lingerie.fr\/#\/schema\/logo\/image\/","url":"https:\/\/idonim-lingerie.fr\/wp-content\/uploads\/2025\/12\/idonim_h28.webp","contentUrl":"https:\/\/idonim-lingerie.fr\/wp-content\/uploads\/2025\/12\/idonim_h28.webp","width":111,"height":28,"caption":"Idonim Lingerie"},"image":{"@id":"https:\/\/idonim-lingerie.fr\/#\/schema\/logo\/image\/"}}]}},"_links":{"self":[{"href":"https:\/\/idonim-lingerie.fr\/en\/wp-json\/wp\/v2\/product\/16716","targetHints":{"allow":["GET"]}}],"collection":[{"href":"https:\/\/idonim-lingerie.fr\/en\/wp-json\/wp\/v2\/product"}],"about":[{"href":"https:\/\/idonim-lingerie.fr\/en\/wp-json\/wp\/v2\/types\/product"}],"replies":[{"embeddable":true,"href":"https:\/\/idonim-lingerie.fr\/en\/wp-json\/wp\/v2\/comments?post=16716"}],"wp:featuredmedia":[{"embeddable":true,"href":"https:\/\/idonim-lingerie.fr\/en\/wp-json\/wp\/v2\/media\/31676"}],"wp:attachment":[{"href":"https:\/\/idonim-lingerie.fr\/en\/wp-json\/wp\/v2\/media?parent=16716"}],"wp:term":[{"taxonomy":"product_brand","embeddable":true,"href":"https:\/\/idonim-lingerie.fr\/en\/wp-json\/wp\/v2\/product_brand?post=16716"},{"taxonomy":"product_cat","embeddable":true,"href":"https:\/\/idonim-lingerie.fr\/en\/wp-json\/wp\/v2\/product_cat?post=16716"},{"taxonomy":"product_tag","embeddable":true,"href":"https:\/\/idonim-lingerie.fr\/en\/wp-json\/wp\/v2\/product_tag?post=16716"}],"curies":[{"name":"wp","href":"https:\/\/api.w.org\/{rel}","templated":true}]}}