{"id":16554,"date":"2021-10-09T17:19:49","date_gmt":"2021-10-09T15:19:49","guid":{"rendered":"https:\/\/idonim-lingerie.fr\/?post_type=product&#038;p=16554"},"modified":"2026-04-04T12:14:40","modified_gmt":"2026-04-04T10:14:40","slug":"regleurs-18mm","status":"publish","type":"product","link":"https:\/\/idonim-lingerie.fr\/en\/product\/regleurs-18mm\/","title":{"rendered":"18mm adjusters"},"content":{"rendered":"<p><span style=\"color: #b68457;\"><strong>Composition:<\/strong><\/span><\/p>\n<p>nickel-free lead-free<\/p>\n<p>En Zamak<\/p>\n<p>French manufacture<\/p>\n<p><span style=\"color: #b68457;\"><strong>Advice :<\/strong><\/span><\/p>","protected":false},"excerpt":{"rendered":"<p data-start=\"356\" data-end=\"619\">Chez Idonim, chaque d\u00e9tail compte \u2014 surtout lorsqu\u2019il s\u2019agit des accessoires qui assurent la tenue de vos bretelles.<br data-start=\"472\" data-end=\"475\" \/>Nos <strong data-start=\"479\" data-end=\"502\">r\u00e9gleurs m\u00e9talliques 18mm <\/strong>sont con\u00e7us pour garantir <strong data-start=\"564\" data-end=\"575\">qualit\u00e9<\/strong>, <strong data-start=\"577\" data-end=\"591\">durabilit\u00e9<\/strong> and <strong data-start=\"595\" data-end=\"618\">finesse de finition<\/strong>.<\/p>\n<p data-start=\"735\" data-end=\"959\"><strong data-start=\"740\" data-end=\"765\">French manufacture<\/strong> : un gage de savoir-faire et de constance dans la qualit\u00e9.<br data-start=\"824\" data-end=\"827\" \/>&#8211; Une r\u00e9sistance parfaite m\u00eame sur les mati\u00e8res extensibles.<br data-start=\"888\" data-end=\"891\" \/>&#8211; Une finition \u00e9l\u00e9gante pour sublimer toutes vos cr\u00e9ations couture.<\/p>\n<p data-start=\"961\" data-end=\"1025\">En r\u00e9sum\u00e9 : de petits r\u00e9gleurs \u2026 pour un maintien irr\u00e9prochable.<\/p>\n<p>Seawater and chlorine resistant.<\/p>\n<p>Plusieurs teintes disponibles. Les anneaux or contienne une <strong data-start=\"521\" data-end=\"536\">pointe d\u2019or pour una qualit\u00e9 irr\u00e9prochable<\/strong><\/p>\n<p><strong>Sold in pairs<\/strong><\/p>","protected":false},"featured_media":32271,"comment_status":"closed","ping_status":"closed","template":"","meta":[],"product_brand":[],"product_cat":[182,170],"product_tag":[],"class_list":{"0":"post-16554","1":"product","2":"type-product","3":"status-publish","4":"has-post-thumbnail","6":"product_cat-anneaux-regleurs-18mm","7":"product_cat-anneaux-regleurs","8":"product_shipping_class-hyper-light","10":"first","11":"instock","12":"taxable","13":"shipping-taxable","14":"purchasable","15":"product-type-variable"},"yoast_head":"<!-- This site is optimized with the Yoast SEO plugin v27.3 - https:\/\/yoast.com\/product\/yoast-seo-wordpress\/ -->\n<title>R\u00e9gleurs 18mm - Idonim Lingerie<\/title>\n<meta name=\"description\" content=\"Nos r\u00e9gleurs pour bretelles 18mm sont des accessoires de lingerie fabriqu\u00e9s en France pour garantir \u00e9l\u00e9gance, solidit\u00e9 et tenue durable de vos cr\u00e9ations.\" \/>\n<meta name=\"robots\" content=\"index, follow, max-snippet:-1, max-image-preview:large, max-video-preview:-1\" \/>\n<link rel=\"canonical\" href=\"https:\/\/idonim-lingerie.fr\/en\/product\/regleurs-18mm\/\" \/>\n<meta property=\"og:locale\" content=\"en_GB\" \/>\n<meta property=\"og:type\" content=\"article\" \/>\n<meta property=\"og:title\" content=\"R\u00e9gleurs 18mm - Idonim Lingerie\" \/>\n<meta property=\"og:description\" content=\"Nos r\u00e9gleurs pour bretelles 18mm sont des accessoires de lingerie fabriqu\u00e9s en France pour garantir \u00e9l\u00e9gance, solidit\u00e9 et tenue durable de vos cr\u00e9ations.\" \/>\n<meta property=\"og:url\" content=\"https:\/\/idonim-lingerie.fr\/en\/product\/regleurs-18mm\/\" \/>\n<meta property=\"og:site_name\" content=\"Idonim Lingerie\" \/>\n<meta property=\"article:modified_time\" content=\"2026-04-04T10:14:40+00:00\" \/>\n<meta property=\"og:image\" content=\"https:\/\/idonim-lingerie.fr\/wp-content\/uploads\/2021\/10\/regleurs-18mm-1.jpg\" \/>\n\t<meta property=\"og:image:width\" content=\"640\" \/>\n\t<meta property=\"og:image:height\" content=\"640\" \/>\n\t<meta property=\"og:image:type\" content=\"image\/jpeg\" \/>\n<meta name=\"twitter:card\" content=\"summary_large_image\" \/>\n<meta name=\"twitter:label1\" content=\"Estimated reading time\" \/>\n\t<meta name=\"twitter:data1\" content=\"1 minute\" \/>\n<script type=\"application\/ld+json\" class=\"yoast-schema-graph\">{\"@context\":\"https:\\\/\\\/schema.org\",\"@graph\":[{\"@type\":\"WebPage\",\"@id\":\"https:\\\/\\\/idonim-lingerie.fr\\\/produit\\\/regleurs-18mm\\\/\",\"url\":\"https:\\\/\\\/idonim-lingerie.fr\\\/produit\\\/regleurs-18mm\\\/\",\"name\":\"R\u00e9gleurs 18mm - Idonim Lingerie\",\"isPartOf\":{\"@id\":\"https:\\\/\\\/idonim-lingerie.fr\\\/#website\"},\"primaryImageOfPage\":{\"@id\":\"https:\\\/\\\/idonim-lingerie.fr\\\/produit\\\/regleurs-18mm\\\/#primaryimage\"},\"image\":{\"@id\":\"https:\\\/\\\/idonim-lingerie.fr\\\/produit\\\/regleurs-18mm\\\/#primaryimage\"},\"thumbnailUrl\":\"https:\\\/\\\/idonim-lingerie.fr\\\/wp-content\\\/uploads\\\/2021\\\/10\\\/regleurs-18mm-1.jpg\",\"datePublished\":\"2021-10-09T15:19:49+00:00\",\"dateModified\":\"2026-04-04T10:14:40+00:00\",\"description\":\"Nos r\u00e9gleurs pour bretelles 18mm sont des accessoires de lingerie fabriqu\u00e9s en France pour garantir \u00e9l\u00e9gance, solidit\u00e9 et tenue durable de vos cr\u00e9ations.\",\"breadcrumb\":{\"@id\":\"https:\\\/\\\/idonim-lingerie.fr\\\/produit\\\/regleurs-18mm\\\/#breadcrumb\"},\"inLanguage\":\"en-GB\",\"potentialAction\":[{\"@type\":\"ReadAction\",\"target\":[\"https:\\\/\\\/idonim-lingerie.fr\\\/produit\\\/regleurs-18mm\\\/\"]}]},{\"@type\":\"ImageObject\",\"inLanguage\":\"en-GB\",\"@id\":\"https:\\\/\\\/idonim-lingerie.fr\\\/produit\\\/regleurs-18mm\\\/#primaryimage\",\"url\":\"https:\\\/\\\/idonim-lingerie.fr\\\/wp-content\\\/uploads\\\/2021\\\/10\\\/regleurs-18mm-1.jpg\",\"contentUrl\":\"https:\\\/\\\/idonim-lingerie.fr\\\/wp-content\\\/uploads\\\/2021\\\/10\\\/regleurs-18mm-1.jpg\",\"width\":640,\"height\":640},{\"@type\":\"BreadcrumbList\",\"@id\":\"https:\\\/\\\/idonim-lingerie.fr\\\/produit\\\/regleurs-18mm\\\/#breadcrumb\",\"itemListElement\":[{\"@type\":\"ListItem\",\"position\":1,\"name\":\"Accueil\",\"item\":\"https:\\\/\\\/idonim-lingerie.fr\\\/en\\\/\"},{\"@type\":\"ListItem\",\"position\":2,\"name\":\"Boutique\",\"item\":\"https:\\\/\\\/idonim-lingerie.fr\\\/shop\\\/\"},{\"@type\":\"ListItem\",\"position\":3,\"name\":\"R\u00e9gleurs 18mm\"}]},{\"@type\":\"WebSite\",\"@id\":\"https:\\\/\\\/idonim-lingerie.fr\\\/#website\",\"url\":\"https:\\\/\\\/idonim-lingerie.fr\\\/\",\"name\":\"Idonim Lingerie\",\"description\":\"Idonim offre une s\u00e9lection vari\u00e9e de tissus, dentelles et accessoires pour vos cr\u00e9ations. Livraison rapide. Ateliers P\u00e9dagogiques. Cr\u00e9ation De Qualit\u00e9. M\u00ealant Style Et Confort.\",\"publisher\":{\"@id\":\"https:\\\/\\\/idonim-lingerie.fr\\\/#organization\"},\"potentialAction\":[{\"@type\":\"SearchAction\",\"target\":{\"@type\":\"EntryPoint\",\"urlTemplate\":\"https:\\\/\\\/idonim-lingerie.fr\\\/?s={search_term_string}\"},\"query-input\":{\"@type\":\"PropertyValueSpecification\",\"valueRequired\":true,\"valueName\":\"search_term_string\"}}],\"inLanguage\":\"en-GB\"},{\"@type\":\"Organization\",\"@id\":\"https:\\\/\\\/idonim-lingerie.fr\\\/#organization\",\"name\":\"Idonim Lingerie\",\"url\":\"https:\\\/\\\/idonim-lingerie.fr\\\/\",\"logo\":{\"@type\":\"ImageObject\",\"inLanguage\":\"en-GB\",\"@id\":\"https:\\\/\\\/idonim-lingerie.fr\\\/#\\\/schema\\\/logo\\\/image\\\/\",\"url\":\"https:\\\/\\\/idonim-lingerie.fr\\\/wp-content\\\/uploads\\\/2025\\\/12\\\/idonim_h28.webp\",\"contentUrl\":\"https:\\\/\\\/idonim-lingerie.fr\\\/wp-content\\\/uploads\\\/2025\\\/12\\\/idonim_h28.webp\",\"width\":111,\"height\":28,\"caption\":\"Idonim Lingerie\"},\"image\":{\"@id\":\"https:\\\/\\\/idonim-lingerie.fr\\\/#\\\/schema\\\/logo\\\/image\\\/\"}}]}<\/script>\n<!-- \/ Yoast SEO plugin. -->","yoast_head_json":{"title":"R\u00e9gleurs 18mm - Idonim Lingerie","description":"Nos r\u00e9gleurs pour bretelles 18mm sont des accessoires de lingerie fabriqu\u00e9s en France pour garantir \u00e9l\u00e9gance, solidit\u00e9 et tenue durable de vos cr\u00e9ations.","robots":{"index":"index","follow":"follow","max-snippet":"max-snippet:-1","max-image-preview":"max-image-preview:large","max-video-preview":"max-video-preview:-1"},"canonical":"https:\/\/idonim-lingerie.fr\/en\/product\/regleurs-18mm\/","og_locale":"en_GB","og_type":"article","og_title":"R\u00e9gleurs 18mm - Idonim Lingerie","og_description":"Nos r\u00e9gleurs pour bretelles 18mm sont des accessoires de lingerie fabriqu\u00e9s en France pour garantir \u00e9l\u00e9gance, solidit\u00e9 et tenue durable de vos cr\u00e9ations.","og_url":"https:\/\/idonim-lingerie.fr\/en\/product\/regleurs-18mm\/","og_site_name":"Idonim Lingerie","article_modified_time":"2026-04-04T10:14:40+00:00","og_image":[{"width":640,"height":640,"url":"https:\/\/idonim-lingerie.fr\/wp-content\/uploads\/2021\/10\/regleurs-18mm-1.jpg","type":"image\/jpeg"}],"twitter_card":"summary_large_image","twitter_misc":{"Estimated reading time":"1 minute"},"schema":{"@context":"https:\/\/schema.org","@graph":[{"@type":"WebPage","@id":"https:\/\/idonim-lingerie.fr\/produit\/regleurs-18mm\/","url":"https:\/\/idonim-lingerie.fr\/produit\/regleurs-18mm\/","name":"R\u00e9gleurs 18mm - Idonim Lingerie","isPartOf":{"@id":"https:\/\/idonim-lingerie.fr\/#website"},"primaryImageOfPage":{"@id":"https:\/\/idonim-lingerie.fr\/produit\/regleurs-18mm\/#primaryimage"},"image":{"@id":"https:\/\/idonim-lingerie.fr\/produit\/regleurs-18mm\/#primaryimage"},"thumbnailUrl":"https:\/\/idonim-lingerie.fr\/wp-content\/uploads\/2021\/10\/regleurs-18mm-1.jpg","datePublished":"2021-10-09T15:19:49+00:00","dateModified":"2026-04-04T10:14:40+00:00","description":"Nos r\u00e9gleurs pour bretelles 18mm sont des accessoires de lingerie fabriqu\u00e9s en France pour garantir \u00e9l\u00e9gance, solidit\u00e9 et tenue durable de vos cr\u00e9ations.","breadcrumb":{"@id":"https:\/\/idonim-lingerie.fr\/produit\/regleurs-18mm\/#breadcrumb"},"inLanguage":"en-GB","potentialAction":[{"@type":"ReadAction","target":["https:\/\/idonim-lingerie.fr\/produit\/regleurs-18mm\/"]}]},{"@type":"ImageObject","inLanguage":"en-GB","@id":"https:\/\/idonim-lingerie.fr\/produit\/regleurs-18mm\/#primaryimage","url":"https:\/\/idonim-lingerie.fr\/wp-content\/uploads\/2021\/10\/regleurs-18mm-1.jpg","contentUrl":"https:\/\/idonim-lingerie.fr\/wp-content\/uploads\/2021\/10\/regleurs-18mm-1.jpg","width":640,"height":640},{"@type":"BreadcrumbList","@id":"https:\/\/idonim-lingerie.fr\/produit\/regleurs-18mm\/#breadcrumb","itemListElement":[{"@type":"ListItem","position":1,"name":"Accueil","item":"https:\/\/idonim-lingerie.fr\/en\/"},{"@type":"ListItem","position":2,"name":"Boutique","item":"https:\/\/idonim-lingerie.fr\/shop\/"},{"@type":"ListItem","position":3,"name":"R\u00e9gleurs 18mm"}]},{"@type":"WebSite","@id":"https:\/\/idonim-lingerie.fr\/#website","url":"https:\/\/idonim-lingerie.fr\/","name":"Idonim Lingerie","description":"Idonim offers a wide selection of fabrics, laces and accessories for your creations. Fast delivery. Educational workshops. Quality creation. Mixing Style and Comfort.","publisher":{"@id":"https:\/\/idonim-lingerie.fr\/#organization"},"potentialAction":[{"@type":"SearchAction","target":{"@type":"EntryPoint","urlTemplate":"https:\/\/idonim-lingerie.fr\/?s={search_term_string}"},"query-input":{"@type":"PropertyValueSpecification","valueRequired":true,"valueName":"search_term_string"}}],"inLanguage":"en-GB"},{"@type":"Organization","@id":"https:\/\/idonim-lingerie.fr\/#organization","name":"Idonim Lingerie","url":"https:\/\/idonim-lingerie.fr\/","logo":{"@type":"ImageObject","inLanguage":"en-GB","@id":"https:\/\/idonim-lingerie.fr\/#\/schema\/logo\/image\/","url":"https:\/\/idonim-lingerie.fr\/wp-content\/uploads\/2025\/12\/idonim_h28.webp","contentUrl":"https:\/\/idonim-lingerie.fr\/wp-content\/uploads\/2025\/12\/idonim_h28.webp","width":111,"height":28,"caption":"Idonim Lingerie"},"image":{"@id":"https:\/\/idonim-lingerie.fr\/#\/schema\/logo\/image\/"}}]}},"_links":{"self":[{"href":"https:\/\/idonim-lingerie.fr\/en\/wp-json\/wp\/v2\/product\/16554","targetHints":{"allow":["GET"]}}],"collection":[{"href":"https:\/\/idonim-lingerie.fr\/en\/wp-json\/wp\/v2\/product"}],"about":[{"href":"https:\/\/idonim-lingerie.fr\/en\/wp-json\/wp\/v2\/types\/product"}],"replies":[{"embeddable":true,"href":"https:\/\/idonim-lingerie.fr\/en\/wp-json\/wp\/v2\/comments?post=16554"}],"wp:featuredmedia":[{"embeddable":true,"href":"https:\/\/idonim-lingerie.fr\/en\/wp-json\/wp\/v2\/media\/32271"}],"wp:attachment":[{"href":"https:\/\/idonim-lingerie.fr\/en\/wp-json\/wp\/v2\/media?parent=16554"}],"wp:term":[{"taxonomy":"product_brand","embeddable":true,"href":"https:\/\/idonim-lingerie.fr\/en\/wp-json\/wp\/v2\/product_brand?post=16554"},{"taxonomy":"product_cat","embeddable":true,"href":"https:\/\/idonim-lingerie.fr\/en\/wp-json\/wp\/v2\/product_cat?post=16554"},{"taxonomy":"product_tag","embeddable":true,"href":"https:\/\/idonim-lingerie.fr\/en\/wp-json\/wp\/v2\/product_tag?post=16554"}],"curies":[{"name":"wp","href":"https:\/\/api.w.org\/{rel}","templated":true}]}}