{"id":16410,"date":"2021-10-09T17:17:50","date_gmt":"2021-10-09T15:17:50","guid":{"rendered":"https:\/\/idonim-lingerie.fr\/?post_type=product&#038;p=16410"},"modified":"2026-03-15T21:58:56","modified_gmt":"2026-03-15T20:58:56","slug":"19mm-pimpled-elastic","status":"publish","type":"product","link":"https:\/\/idonim-lingerie.fr\/en\/product\/19mm-pimpled-elastic\/","title":{"rendered":"Elastic with pins - 18 to 20mm"},"content":{"rendered":"<p><span style=\"color: #b68457;\"><strong>Composition:<\/strong><\/span><\/p>\n<p>85% N \/ 15%SP<\/p>\n<p>Latex-free and eco-friendly<\/p>\n<p>Origin: outside the EU<\/p>\n<p><span style=\"color: #b68457;\"><strong>Advice :<\/strong><\/span><\/p>","protected":false},"excerpt":{"rendered":"<p>Elastics that can be used for different applications such as waistbands for large size panties and bra straps for medium and large cups.<\/p>\n<p>These elastics are soft and supple. They have a picot edge and a velvet side.<\/p>\n<p>These elastics are not recommended for use as bra straps.<\/p>\n<p>Perfect as waistbands for your panties or as support bands for your bras.<\/p>\n<p>Colour: black\/white\/pale pink<\/p>\n<p>&nbsp;<\/p>\n<p>Width: 18 to 20mm depending on colour<\/p>\n<p>&nbsp;<\/p>\n<p><strong>Sold by the metre<\/strong><\/p>","protected":false},"featured_media":32430,"comment_status":"closed","ping_status":"closed","template":"","meta":[],"product_brand":[],"product_cat":[634,167,153],"product_tag":[],"class_list":{"0":"post-16410","1":"product","2":"type-product","3":"status-publish","4":"has-post-thumbnail","6":"product_cat-18-20mm","7":"product_cat-elastique-maintien-soutien-gorge","8":"product_cat-elastiques","9":"product_shipping_class-tissus-leges","11":"first","12":"instock","13":"taxable","14":"shipping-taxable","15":"purchasable","16":"product-type-variable"},"yoast_head":"<!-- This site is optimized with the Yoast SEO plugin v27.3 - https:\/\/yoast.com\/product\/yoast-seo-wordpress\/ -->\n<title>\u00c9lastique \u00e0 picots - 18 \u00e0 20mm - Idonim Lingerie<\/title>\n<meta name=\"robots\" content=\"index, follow, max-snippet:-1, max-image-preview:large, max-video-preview:-1\" \/>\n<link rel=\"canonical\" href=\"https:\/\/idonim-lingerie.fr\/en\/product\/19mm-pimpled-elastic\/\" \/>\n<meta property=\"og:locale\" content=\"en_GB\" \/>\n<meta property=\"og:type\" content=\"article\" \/>\n<meta property=\"og:title\" content=\"\u00c9lastique \u00e0 picots - 18 \u00e0 20mm - Idonim Lingerie\" \/>\n<meta property=\"og:description\" content=\"Elastiques pouvant \u00eatre utilis\u00e9s pour diff\u00e9rentes applications telles que les \u00e9lastiques de tailles des culottes grandes tailles et les bandes de maintien des soutien-gorges pour les moyens\u00a0 et grands bonnets.  Ces \u00e9lastiques sont doux, souples. Ils ont un bord \u00e0 picots et une face velours.  Ces \u00e9lastiques ne sont pas pr\u00e9conis\u00e9s pour \u00eatre utilis\u00e9s comme bretelles des soutien-gorges.  Parfait comme \u00e9lastiques de taille pour vos culottes ou \u00e9lastiques de maintien pour vos soutien-gorges.  Couleur : noir\/blanc\/rose p\u00e2le  &nbsp;  Largeur : 18 \u00e0 20mm selon teinte  &nbsp;  Vendu au m\u00e8tre\" \/>\n<meta property=\"og:url\" content=\"https:\/\/idonim-lingerie.fr\/en\/product\/19mm-pimpled-elastic\/\" \/>\n<meta property=\"og:site_name\" content=\"Idonim Lingerie\" \/>\n<meta property=\"article:modified_time\" content=\"2026-03-15T20:58:56+00:00\" \/>\n<meta property=\"og:image\" content=\"https:\/\/idonim-lingerie.fr\/wp-content\/uploads\/2021\/10\/IMG_1878.jpg\" \/>\n\t<meta property=\"og:image:width\" content=\"800\" \/>\n\t<meta property=\"og:image:height\" content=\"1067\" \/>\n\t<meta property=\"og:image:type\" content=\"image\/jpeg\" \/>\n<meta name=\"twitter:card\" content=\"summary_large_image\" \/>\n<script type=\"application\/ld+json\" class=\"yoast-schema-graph\">{\"@context\":\"https:\\\/\\\/schema.org\",\"@graph\":[{\"@type\":\"WebPage\",\"@id\":\"https:\\\/\\\/idonim-lingerie.fr\\\/produit\\\/elastique-a-picots-19mm\\\/\",\"url\":\"https:\\\/\\\/idonim-lingerie.fr\\\/produit\\\/elastique-a-picots-19mm\\\/\",\"name\":\"\u00c9lastique \u00e0 picots - 18 \u00e0 20mm - Idonim Lingerie\",\"isPartOf\":{\"@id\":\"https:\\\/\\\/idonim-lingerie.fr\\\/#website\"},\"primaryImageOfPage\":{\"@id\":\"https:\\\/\\\/idonim-lingerie.fr\\\/produit\\\/elastique-a-picots-19mm\\\/#primaryimage\"},\"image\":{\"@id\":\"https:\\\/\\\/idonim-lingerie.fr\\\/produit\\\/elastique-a-picots-19mm\\\/#primaryimage\"},\"thumbnailUrl\":\"https:\\\/\\\/idonim-lingerie.fr\\\/wp-content\\\/uploads\\\/2021\\\/10\\\/IMG_1878.jpg\",\"datePublished\":\"2021-10-09T15:17:50+00:00\",\"dateModified\":\"2026-03-15T20:58:56+00:00\",\"breadcrumb\":{\"@id\":\"https:\\\/\\\/idonim-lingerie.fr\\\/produit\\\/elastique-a-picots-19mm\\\/#breadcrumb\"},\"inLanguage\":\"en-GB\",\"potentialAction\":[{\"@type\":\"ReadAction\",\"target\":[\"https:\\\/\\\/idonim-lingerie.fr\\\/produit\\\/elastique-a-picots-19mm\\\/\"]}]},{\"@type\":\"ImageObject\",\"inLanguage\":\"en-GB\",\"@id\":\"https:\\\/\\\/idonim-lingerie.fr\\\/produit\\\/elastique-a-picots-19mm\\\/#primaryimage\",\"url\":\"https:\\\/\\\/idonim-lingerie.fr\\\/wp-content\\\/uploads\\\/2021\\\/10\\\/IMG_1878.jpg\",\"contentUrl\":\"https:\\\/\\\/idonim-lingerie.fr\\\/wp-content\\\/uploads\\\/2021\\\/10\\\/IMG_1878.jpg\",\"width\":800,\"height\":1067},{\"@type\":\"BreadcrumbList\",\"@id\":\"https:\\\/\\\/idonim-lingerie.fr\\\/produit\\\/elastique-a-picots-19mm\\\/#breadcrumb\",\"itemListElement\":[{\"@type\":\"ListItem\",\"position\":1,\"name\":\"Accueil\",\"item\":\"https:\\\/\\\/idonim-lingerie.fr\\\/en\\\/\"},{\"@type\":\"ListItem\",\"position\":2,\"name\":\"Boutique\",\"item\":\"https:\\\/\\\/idonim-lingerie.fr\\\/shop\\\/\"},{\"@type\":\"ListItem\",\"position\":3,\"name\":\"\u00c9lastique \u00e0 picots &#8211; 18 \u00e0 20mm\"}]},{\"@type\":\"WebSite\",\"@id\":\"https:\\\/\\\/idonim-lingerie.fr\\\/#website\",\"url\":\"https:\\\/\\\/idonim-lingerie.fr\\\/\",\"name\":\"Idonim Lingerie\",\"description\":\"Idonim offre une s\u00e9lection vari\u00e9e de tissus, dentelles et accessoires pour vos cr\u00e9ations. Livraison rapide. Ateliers P\u00e9dagogiques. Cr\u00e9ation De Qualit\u00e9. M\u00ealant Style Et Confort.\",\"publisher\":{\"@id\":\"https:\\\/\\\/idonim-lingerie.fr\\\/#organization\"},\"potentialAction\":[{\"@type\":\"SearchAction\",\"target\":{\"@type\":\"EntryPoint\",\"urlTemplate\":\"https:\\\/\\\/idonim-lingerie.fr\\\/?s={search_term_string}\"},\"query-input\":{\"@type\":\"PropertyValueSpecification\",\"valueRequired\":true,\"valueName\":\"search_term_string\"}}],\"inLanguage\":\"en-GB\"},{\"@type\":\"Organization\",\"@id\":\"https:\\\/\\\/idonim-lingerie.fr\\\/#organization\",\"name\":\"Idonim Lingerie\",\"url\":\"https:\\\/\\\/idonim-lingerie.fr\\\/\",\"logo\":{\"@type\":\"ImageObject\",\"inLanguage\":\"en-GB\",\"@id\":\"https:\\\/\\\/idonim-lingerie.fr\\\/#\\\/schema\\\/logo\\\/image\\\/\",\"url\":\"https:\\\/\\\/idonim-lingerie.fr\\\/wp-content\\\/uploads\\\/2025\\\/12\\\/idonim_h28.webp\",\"contentUrl\":\"https:\\\/\\\/idonim-lingerie.fr\\\/wp-content\\\/uploads\\\/2025\\\/12\\\/idonim_h28.webp\",\"width\":111,\"height\":28,\"caption\":\"Idonim Lingerie\"},\"image\":{\"@id\":\"https:\\\/\\\/idonim-lingerie.fr\\\/#\\\/schema\\\/logo\\\/image\\\/\"}}]}<\/script>\n<!-- \/ Yoast SEO plugin. -->","yoast_head_json":{"title":"Picot elastic - 18 to 20mm - Idonim Lingerie","robots":{"index":"index","follow":"follow","max-snippet":"max-snippet:-1","max-image-preview":"max-image-preview:large","max-video-preview":"max-video-preview:-1"},"canonical":"https:\/\/idonim-lingerie.fr\/en\/product\/19mm-pimpled-elastic\/","og_locale":"en_GB","og_type":"article","og_title":"\u00c9lastique \u00e0 picots - 18 \u00e0 20mm - Idonim Lingerie","og_description":"Elastiques pouvant \u00eatre utilis\u00e9s pour diff\u00e9rentes applications telles que les \u00e9lastiques de tailles des culottes grandes tailles et les bandes de maintien des soutien-gorges pour les moyens\u00a0 et grands bonnets.  Ces \u00e9lastiques sont doux, souples. Ils ont un bord \u00e0 picots et une face velours.  Ces \u00e9lastiques ne sont pas pr\u00e9conis\u00e9s pour \u00eatre utilis\u00e9s comme bretelles des soutien-gorges.  Parfait comme \u00e9lastiques de taille pour vos culottes ou \u00e9lastiques de maintien pour vos soutien-gorges.  Couleur : noir\/blanc\/rose p\u00e2le  &nbsp;  Largeur : 18 \u00e0 20mm selon teinte  &nbsp;  Vendu au m\u00e8tre","og_url":"https:\/\/idonim-lingerie.fr\/en\/product\/19mm-pimpled-elastic\/","og_site_name":"Idonim Lingerie","article_modified_time":"2026-03-15T20:58:56+00:00","og_image":[{"width":800,"height":1067,"url":"https:\/\/idonim-lingerie.fr\/wp-content\/uploads\/2021\/10\/IMG_1878.jpg","type":"image\/jpeg"}],"twitter_card":"summary_large_image","schema":{"@context":"https:\/\/schema.org","@graph":[{"@type":"WebPage","@id":"https:\/\/idonim-lingerie.fr\/produit\/elastique-a-picots-19mm\/","url":"https:\/\/idonim-lingerie.fr\/produit\/elastique-a-picots-19mm\/","name":"Picot elastic - 18 to 20mm - Idonim Lingerie","isPartOf":{"@id":"https:\/\/idonim-lingerie.fr\/#website"},"primaryImageOfPage":{"@id":"https:\/\/idonim-lingerie.fr\/produit\/elastique-a-picots-19mm\/#primaryimage"},"image":{"@id":"https:\/\/idonim-lingerie.fr\/produit\/elastique-a-picots-19mm\/#primaryimage"},"thumbnailUrl":"https:\/\/idonim-lingerie.fr\/wp-content\/uploads\/2021\/10\/IMG_1878.jpg","datePublished":"2021-10-09T15:17:50+00:00","dateModified":"2026-03-15T20:58:56+00:00","breadcrumb":{"@id":"https:\/\/idonim-lingerie.fr\/produit\/elastique-a-picots-19mm\/#breadcrumb"},"inLanguage":"en-GB","potentialAction":[{"@type":"ReadAction","target":["https:\/\/idonim-lingerie.fr\/produit\/elastique-a-picots-19mm\/"]}]},{"@type":"ImageObject","inLanguage":"en-GB","@id":"https:\/\/idonim-lingerie.fr\/produit\/elastique-a-picots-19mm\/#primaryimage","url":"https:\/\/idonim-lingerie.fr\/wp-content\/uploads\/2021\/10\/IMG_1878.jpg","contentUrl":"https:\/\/idonim-lingerie.fr\/wp-content\/uploads\/2021\/10\/IMG_1878.jpg","width":800,"height":1067},{"@type":"BreadcrumbList","@id":"https:\/\/idonim-lingerie.fr\/produit\/elastique-a-picots-19mm\/#breadcrumb","itemListElement":[{"@type":"ListItem","position":1,"name":"Accueil","item":"https:\/\/idonim-lingerie.fr\/en\/"},{"@type":"ListItem","position":2,"name":"Boutique","item":"https:\/\/idonim-lingerie.fr\/shop\/"},{"@type":"ListItem","position":3,"name":"\u00c9lastique \u00e0 picots &#8211; 18 \u00e0 20mm"}]},{"@type":"WebSite","@id":"https:\/\/idonim-lingerie.fr\/#website","url":"https:\/\/idonim-lingerie.fr\/","name":"Idonim Lingerie","description":"Idonim offers a wide selection of fabrics, laces and accessories for your creations. Fast delivery. Educational workshops. Quality creation. Mixing Style and Comfort.","publisher":{"@id":"https:\/\/idonim-lingerie.fr\/#organization"},"potentialAction":[{"@type":"SearchAction","target":{"@type":"EntryPoint","urlTemplate":"https:\/\/idonim-lingerie.fr\/?s={search_term_string}"},"query-input":{"@type":"PropertyValueSpecification","valueRequired":true,"valueName":"search_term_string"}}],"inLanguage":"en-GB"},{"@type":"Organization","@id":"https:\/\/idonim-lingerie.fr\/#organization","name":"Idonim Lingerie","url":"https:\/\/idonim-lingerie.fr\/","logo":{"@type":"ImageObject","inLanguage":"en-GB","@id":"https:\/\/idonim-lingerie.fr\/#\/schema\/logo\/image\/","url":"https:\/\/idonim-lingerie.fr\/wp-content\/uploads\/2025\/12\/idonim_h28.webp","contentUrl":"https:\/\/idonim-lingerie.fr\/wp-content\/uploads\/2025\/12\/idonim_h28.webp","width":111,"height":28,"caption":"Idonim Lingerie"},"image":{"@id":"https:\/\/idonim-lingerie.fr\/#\/schema\/logo\/image\/"}}]}},"_links":{"self":[{"href":"https:\/\/idonim-lingerie.fr\/en\/wp-json\/wp\/v2\/product\/16410","targetHints":{"allow":["GET"]}}],"collection":[{"href":"https:\/\/idonim-lingerie.fr\/en\/wp-json\/wp\/v2\/product"}],"about":[{"href":"https:\/\/idonim-lingerie.fr\/en\/wp-json\/wp\/v2\/types\/product"}],"replies":[{"embeddable":true,"href":"https:\/\/idonim-lingerie.fr\/en\/wp-json\/wp\/v2\/comments?post=16410"}],"wp:featuredmedia":[{"embeddable":true,"href":"https:\/\/idonim-lingerie.fr\/en\/wp-json\/wp\/v2\/media\/32430"}],"wp:attachment":[{"href":"https:\/\/idonim-lingerie.fr\/en\/wp-json\/wp\/v2\/media?parent=16410"}],"wp:term":[{"taxonomy":"product_brand","embeddable":true,"href":"https:\/\/idonim-lingerie.fr\/en\/wp-json\/wp\/v2\/product_brand?post=16410"},{"taxonomy":"product_cat","embeddable":true,"href":"https:\/\/idonim-lingerie.fr\/en\/wp-json\/wp\/v2\/product_cat?post=16410"},{"taxonomy":"product_tag","embeddable":true,"href":"https:\/\/idonim-lingerie.fr\/en\/wp-json\/wp\/v2\/product_tag?post=16410"}],"curies":[{"name":"wp","href":"https:\/\/api.w.org\/{rel}","templated":true}]}}