{"id":5754,"date":"2021-09-13T17:44:30","date_gmt":"2021-09-13T15:44:30","guid":{"rendered":"https:\/\/idonim-lingerie.fr\/?page_id=5754"},"modified":"2025-07-22T14:24:25","modified_gmt":"2025-07-22T12:24:25","slug":"legal-information","status":"publish","type":"page","link":"https:\/\/idonim-lingerie.fr\/en\/mentions-legales\/","title":{"rendered":"Legal information"},"content":{"rendered":"<div class=\"wpb-content-wrapper\"><div  class=\"sec_row container\"><div class=\"vc_row wpb_row vc_row-fluid\"><div class=\"wpb_column vc_column_container vc_col-sm-12 et-dark-column\"><div class=\"vc_column-inner\"><div class=\"wpb_wrapper\">\n\t<div class=\"wpb_text_column wpb_content_element\" >\n\t\t<div class=\"wpb_wrapper\">\n\t\t\t<h2><strong>Identity<\/strong><\/h2>\n<p><!-- \/wp:post-content --><\/p>\n<p><!-- wp:paragraph -->The https:\/\/www.idonim-lingerie.fr website (hereinafter referred to as the \"Site\") is published and operated by Idonim SASU, a company incorporated under French law with a share capital of 1000 euros, whose registered office is located at Cit\u00e9 de l'habitat, Cellule 108 route de Thann, 68460 Lutterbach, registered in the MULHOUSE Trade and Companies Register under number 768 769 RCS.<\/p>\n<p><!-- \/wp:paragraph --><\/p>\n<p><!-- wp:paragraph -->Legal representative: Ms Chantal Petit<\/p>\n<p><!-- \/wp:paragraph --><\/p>\n<p><!-- wp:paragraph -->VAT number : FR 75 847768769<\/p>\n<p><!-- \/wp:paragraph --><\/p>\n<p><!-- wp:paragraph -->Siret number: 847768769 00014<\/p>\n<p><!-- \/wp:paragraph --><\/p>\n<p>&nbsp;<\/p>\n<p><!-- wp:heading --><\/p>\n<h2><strong>Contact<\/strong><\/h2>\n<p><!-- \/wp:heading --><\/p>\n<p><!-- wp:paragraph -->Our customer relations department can be reached via our contact form or by e-mail:\u00a0<a href=\"mailto:chantal@idonim-lingerie.fr\">chantal@idonim-lingerie.fr<\/a><\/p>\n<p><!-- \/wp:paragraph --><\/p>\n<p>&nbsp;<\/p>\n<p><!-- wp:heading --><\/p>\n<h2><strong>Design<\/strong><\/h2>\n<p><!-- \/wp:heading --><\/p>\n<p><!-- wp:paragraph -->The site was designed by David Bartra, a db-conception company.<\/p>\n<p><!-- \/wp:paragraph --><\/p>\n<p>&nbsp;<\/p>\n<p><!-- wp:heading --><\/p>\n<h2><strong>Host<\/strong><\/h2>\n<p><!-- \/wp:heading --><\/p>\n<p><!-- wp:paragraph -->The Site is hosted by :<\/p>\n<p><!-- \/wp:paragraph --><\/p>\n<p><!-- wp:paragraph -->Planet Hoster<\/p>\n<p><!-- \/wp:paragraph --><\/p>\n<p><!-- wp:paragraph -->4416 Louis-B.-Mayer<\/p>\n<p><!-- \/wp:paragraph --><\/p>\n<p><!-- wp:paragraph -->Laval, Quebec<\/p>\n<p><!-- \/wp:paragraph --><\/p>\n<p><!-- wp:paragraph -->Canada<\/p>\n<p><!-- \/wp:paragraph --><\/p>\n<p><!-- wp:paragraph -->H7P 0G1<\/p>\n<p><!-- \/wp:paragraph --><\/p>\n<p><!-- wp:paragraph -->Telephone: 0 805 080 426<\/p>\n<p><!-- \/wp:paragraph --><\/p>\n<p>&nbsp;<\/p>\n<p><!-- wp:heading --><\/p>\n<h2><strong>Intellectual property<\/strong><\/h2>\n<p><!-- \/wp:heading --><\/p>\n<p><!-- wp:paragraph -->The Site is an intellectual work protected by law. Its content, including texts, illustrations, photographs and presentations are strictly reserved under copyright law and intellectual property law. The same applies to the database contained on the Site. Idonim SASU grants you a limited, non-exclusive, revocable licence, without right of sublicence, on the content of the Site, for simple access, navigation and use linked to the Site. This licence does not grant you any other right, in particular the right of commercial exploitation of these contents.<\/p>\n<p><!-- \/wp:paragraph --><\/p>\n<p>&nbsp;<\/p>\n<p><!-- wp:heading --><\/p>\n<h2><strong>Brands<\/strong><\/h2>\n<p><!-- \/wp:heading --><\/p>\n<p><!-- wp:paragraph -->The company names, trademarks and distinctive signs appearing on the Site are protected by French and international law. Any use, reproduction, distribution or representation of all or part of one of the aforementioned signs without express written authorisation is prohibited.<\/p>\n<p><!-- \/wp:paragraph --><\/p>\n<p>&nbsp;<\/p>\n<p><!-- wp:heading --><\/p>\n<h2><strong>Personal data<\/strong><\/h2>\n<p><!-- \/wp:heading --><\/p>\n<p><!-- wp:paragraph -->For information on the collection, processing and use of your personal data, please refer to our privacy statement.\u00a0<a href=\"https:\/\/idonim-lingerie.fr\/en\/politique-de-confidentialite\/\">privacy policy<\/a>.<\/p>\n<p><!-- \/wp:paragraph --><\/p>\n<p>&nbsp;<\/p>\n<p><!-- wp:heading --><\/p>\n<h2><strong>Limitation of liability<\/strong><\/h2>\n<p><!-- \/wp:heading --><\/p>\n<p><!-- wp:paragraph -->We endeavour to ensure, to the best of our ability, that the information published on the Site is accurate and up-to-date. We reserve the right to correct and modify the content of the Site at any time and without notice. It is the responsibility of visitors to the Site to verify the information provided on the Site by other means, including by contacting us directly. We do not accept any liability (a) for any inaccuracies, errors or omissions in the information available on the Site, (b) for damages resulting from any modification of the information on the Site caused by fraudulent manipulation by third parties and (c) for any damages, (c) for any damage, direct or indirect, whatever the cause, origin, nature or consequences, caused as a result of access by any person to the Site or the impossibility of accessing it, as well as the use of the Site and\/or the credit given to any information coming directly or indirectly from the latter. The aforementioned limitations of liability shall not apply in the event of serious or intentional misconduct on the part of Idonim SASU and\/or the death of a consumer or bodily harm caused to the latter, resulting from a misconduct on the part of Idonim SASU.<\/p>\n<p><!-- \/wp:paragraph --><\/p>\n<p>&nbsp;<\/p>\n\n\t\t<\/div>\n\t<\/div>\n<\/div><\/div><\/div><\/div><\/div><\/div>","protected":false},"excerpt":{"rendered":"Identit\u00e9 Le site https:\/\/www.idonim-lingerie.fr (ci-apr\u00e8s d\u00e9nomm\u00e9 le \u00ab Site \u00bb) est \u00e9dit\u00e9 et exploit\u00e9 par la soci\u00e9t\u00e9 Idonim SASU, soci\u00e9t\u00e9 de droit fran\u00e7ais au capital social de 1000 euros, dont le si\u00e8ge social est situ\u00e9 au Cit\u00e9 de l\u2019habitat, Cellule 108 route de Thann, 68460 Lutterbach, immatricul\u00e9e au Registre du [...]","protected":false},"author":1,"featured_media":0,"parent":0,"menu_order":0,"comment_status":"closed","ping_status":"closed","template":"","meta":{"footnotes":""},"class_list":["post-5754","page","type-page","status-publish","hentry"],"yoast_head":"<!-- This site is optimized with the Yoast SEO plugin v27.3 - https:\/\/yoast.com\/product\/yoast-seo-wordpress\/ -->\n<title>Mentions l\u00e9gales - Idonim Lingerie<\/title>\n<meta name=\"robots\" content=\"index, follow, max-snippet:-1, max-image-preview:large, max-video-preview:-1\" \/>\n<link rel=\"canonical\" href=\"https:\/\/idonim-lingerie.fr\/en\/legal-information\/\" \/>\n<meta property=\"og:locale\" content=\"en_GB\" \/>\n<meta property=\"og:type\" content=\"article\" \/>\n<meta property=\"og:title\" content=\"Mentions l\u00e9gales - Idonim Lingerie\" \/>\n<meta property=\"og:url\" content=\"https:\/\/idonim-lingerie.fr\/en\/legal-information\/\" \/>\n<meta property=\"og:site_name\" content=\"Idonim Lingerie\" \/>\n<meta property=\"article:modified_time\" content=\"2025-07-22T12:24:25+00:00\" \/>\n<meta name=\"twitter:card\" content=\"summary_large_image\" \/>\n<meta name=\"twitter:label1\" content=\"Estimated reading time\" \/>\n\t<meta name=\"twitter:data1\" content=\"3 minutes\" \/>\n<script type=\"application\/ld+json\" class=\"yoast-schema-graph\">{\"@context\":\"https:\\\/\\\/schema.org\",\"@graph\":[{\"@type\":\"WebPage\",\"@id\":\"https:\\\/\\\/idonim-lingerie.fr\\\/mentions-legales\\\/\",\"url\":\"https:\\\/\\\/idonim-lingerie.fr\\\/mentions-legales\\\/\",\"name\":\"Mentions l\u00e9gales - Idonim Lingerie\",\"isPartOf\":{\"@id\":\"https:\\\/\\\/idonim-lingerie.fr\\\/#website\"},\"datePublished\":\"2021-09-13T15:44:30+00:00\",\"dateModified\":\"2025-07-22T12:24:25+00:00\",\"breadcrumb\":{\"@id\":\"https:\\\/\\\/idonim-lingerie.fr\\\/mentions-legales\\\/#breadcrumb\"},\"inLanguage\":\"en-GB\",\"potentialAction\":[{\"@type\":\"ReadAction\",\"target\":[\"https:\\\/\\\/idonim-lingerie.fr\\\/mentions-legales\\\/\"]}]},{\"@type\":\"BreadcrumbList\",\"@id\":\"https:\\\/\\\/idonim-lingerie.fr\\\/mentions-legales\\\/#breadcrumb\",\"itemListElement\":[{\"@type\":\"ListItem\",\"position\":1,\"name\":\"Accueil\",\"item\":\"https:\\\/\\\/idonim-lingerie.fr\\\/en\\\/\"},{\"@type\":\"ListItem\",\"position\":2,\"name\":\"Mentions l\u00e9gales\"}]},{\"@type\":\"WebSite\",\"@id\":\"https:\\\/\\\/idonim-lingerie.fr\\\/#website\",\"url\":\"https:\\\/\\\/idonim-lingerie.fr\\\/\",\"name\":\"Idonim Lingerie\",\"description\":\"Idonim offre une s\u00e9lection vari\u00e9e de tissus, dentelles et accessoires pour vos cr\u00e9ations. Livraison rapide. Ateliers P\u00e9dagogiques. Cr\u00e9ation De Qualit\u00e9. M\u00ealant Style Et Confort.\",\"publisher\":{\"@id\":\"https:\\\/\\\/idonim-lingerie.fr\\\/#organization\"},\"potentialAction\":[{\"@type\":\"SearchAction\",\"target\":{\"@type\":\"EntryPoint\",\"urlTemplate\":\"https:\\\/\\\/idonim-lingerie.fr\\\/?s={search_term_string}\"},\"query-input\":{\"@type\":\"PropertyValueSpecification\",\"valueRequired\":true,\"valueName\":\"search_term_string\"}}],\"inLanguage\":\"en-GB\"},{\"@type\":\"Organization\",\"@id\":\"https:\\\/\\\/idonim-lingerie.fr\\\/#organization\",\"name\":\"Idonim Lingerie\",\"url\":\"https:\\\/\\\/idonim-lingerie.fr\\\/\",\"logo\":{\"@type\":\"ImageObject\",\"inLanguage\":\"en-GB\",\"@id\":\"https:\\\/\\\/idonim-lingerie.fr\\\/#\\\/schema\\\/logo\\\/image\\\/\",\"url\":\"https:\\\/\\\/idonim-lingerie.fr\\\/wp-content\\\/uploads\\\/2025\\\/12\\\/idonim_h28.webp\",\"contentUrl\":\"https:\\\/\\\/idonim-lingerie.fr\\\/wp-content\\\/uploads\\\/2025\\\/12\\\/idonim_h28.webp\",\"width\":111,\"height\":28,\"caption\":\"Idonim Lingerie\"},\"image\":{\"@id\":\"https:\\\/\\\/idonim-lingerie.fr\\\/#\\\/schema\\\/logo\\\/image\\\/\"}}]}<\/script>\n<!-- \/ Yoast SEO plugin. -->","yoast_head_json":{"title":"Legal information - Idonim Lingerie","robots":{"index":"index","follow":"follow","max-snippet":"max-snippet:-1","max-image-preview":"max-image-preview:large","max-video-preview":"max-video-preview:-1"},"canonical":"https:\/\/idonim-lingerie.fr\/en\/legal-information\/","og_locale":"en_GB","og_type":"article","og_title":"Mentions l\u00e9gales - Idonim Lingerie","og_url":"https:\/\/idonim-lingerie.fr\/en\/legal-information\/","og_site_name":"Idonim Lingerie","article_modified_time":"2025-07-22T12:24:25+00:00","twitter_card":"summary_large_image","twitter_misc":{"Estimated reading time":"3 minutes"},"schema":{"@context":"https:\/\/schema.org","@graph":[{"@type":"WebPage","@id":"https:\/\/idonim-lingerie.fr\/mentions-legales\/","url":"https:\/\/idonim-lingerie.fr\/mentions-legales\/","name":"Legal information - Idonim Lingerie","isPartOf":{"@id":"https:\/\/idonim-lingerie.fr\/#website"},"datePublished":"2021-09-13T15:44:30+00:00","dateModified":"2025-07-22T12:24:25+00:00","breadcrumb":{"@id":"https:\/\/idonim-lingerie.fr\/mentions-legales\/#breadcrumb"},"inLanguage":"en-GB","potentialAction":[{"@type":"ReadAction","target":["https:\/\/idonim-lingerie.fr\/mentions-legales\/"]}]},{"@type":"BreadcrumbList","@id":"https:\/\/idonim-lingerie.fr\/mentions-legales\/#breadcrumb","itemListElement":[{"@type":"ListItem","position":1,"name":"Accueil","item":"https:\/\/idonim-lingerie.fr\/en\/"},{"@type":"ListItem","position":2,"name":"Mentions l\u00e9gales"}]},{"@type":"WebSite","@id":"https:\/\/idonim-lingerie.fr\/#website","url":"https:\/\/idonim-lingerie.fr\/","name":"Idonim Lingerie","description":"Idonim offers a wide selection of fabrics, laces and accessories for your creations. Fast delivery. Educational workshops. Quality creation. Mixing Style and Comfort.","publisher":{"@id":"https:\/\/idonim-lingerie.fr\/#organization"},"potentialAction":[{"@type":"SearchAction","target":{"@type":"EntryPoint","urlTemplate":"https:\/\/idonim-lingerie.fr\/?s={search_term_string}"},"query-input":{"@type":"PropertyValueSpecification","valueRequired":true,"valueName":"search_term_string"}}],"inLanguage":"en-GB"},{"@type":"Organization","@id":"https:\/\/idonim-lingerie.fr\/#organization","name":"Idonim Lingerie","url":"https:\/\/idonim-lingerie.fr\/","logo":{"@type":"ImageObject","inLanguage":"en-GB","@id":"https:\/\/idonim-lingerie.fr\/#\/schema\/logo\/image\/","url":"https:\/\/idonim-lingerie.fr\/wp-content\/uploads\/2025\/12\/idonim_h28.webp","contentUrl":"https:\/\/idonim-lingerie.fr\/wp-content\/uploads\/2025\/12\/idonim_h28.webp","width":111,"height":28,"caption":"Idonim Lingerie"},"image":{"@id":"https:\/\/idonim-lingerie.fr\/#\/schema\/logo\/image\/"}}]}},"_links":{"self":[{"href":"https:\/\/idonim-lingerie.fr\/en\/wp-json\/wp\/v2\/pages\/5754","targetHints":{"allow":["GET"]}}],"collection":[{"href":"https:\/\/idonim-lingerie.fr\/en\/wp-json\/wp\/v2\/pages"}],"about":[{"href":"https:\/\/idonim-lingerie.fr\/en\/wp-json\/wp\/v2\/types\/page"}],"author":[{"embeddable":true,"href":"https:\/\/idonim-lingerie.fr\/en\/wp-json\/wp\/v2\/users\/1"}],"replies":[{"embeddable":true,"href":"https:\/\/idonim-lingerie.fr\/en\/wp-json\/wp\/v2\/comments?post=5754"}],"version-history":[{"count":3,"href":"https:\/\/idonim-lingerie.fr\/en\/wp-json\/wp\/v2\/pages\/5754\/revisions"}],"predecessor-version":[{"id":45690,"href":"https:\/\/idonim-lingerie.fr\/en\/wp-json\/wp\/v2\/pages\/5754\/revisions\/45690"}],"wp:attachment":[{"href":"https:\/\/idonim-lingerie.fr\/en\/wp-json\/wp\/v2\/media?parent=5754"}],"curies":[{"name":"wp","href":"https:\/\/api.w.org\/{rel}","templated":true}]}}