{"id":47368,"date":"2025-12-03T10:25:30","date_gmt":"2025-12-03T09:25:30","guid":{"rendered":"https:\/\/idonim-lingerie.fr\/?page_id=47368"},"modified":"2025-12-03T10:26:50","modified_gmt":"2025-12-03T09:26:50","slug":"explorer","status":"publish","type":"page","link":"https:\/\/idonim-lingerie.fr\/en\/explorer\/","title":{"rendered":"Explorer"},"content":{"rendered":"","protected":false},"excerpt":{"rendered":"","protected":false},"author":1,"featured_media":0,"parent":0,"menu_order":0,"comment_status":"closed","ping_status":"closed","template":"explorer\/template-explorer.php","meta":{"footnotes":""},"class_list":["post-47368","page","type-page","status-publish","hentry"],"yoast_head":"<!-- This site is optimized with the Yoast SEO plugin v27.3 - https:\/\/yoast.com\/product\/yoast-seo-wordpress\/ -->\n<title>Explorer nos fournitures lingeries - Idonim Lingerie<\/title>\n<meta name=\"description\" content=\"Trouver la fourniture ou le kit de lingerie qui vous convient \u00e0 travers nos plus de 110 cat\u00e9gories tri\u00e9 par ordre alphab\u00e9tique\" \/>\n<meta name=\"robots\" content=\"index, follow, max-snippet:-1, max-image-preview:large, max-video-preview:-1\" \/>\n<link rel=\"canonical\" href=\"https:\/\/idonim-lingerie.fr\/en\/explorer\/\" \/>\n<meta property=\"og:locale\" content=\"en_GB\" \/>\n<meta property=\"og:type\" content=\"article\" \/>\n<meta property=\"og:title\" content=\"Explorer nos fournitures lingeries - Idonim Lingerie\" \/>\n<meta property=\"og:description\" content=\"Trouver la fourniture ou le kit de lingerie qui vous convient \u00e0 travers nos plus de 110 cat\u00e9gories tri\u00e9 par ordre alphab\u00e9tique\" \/>\n<meta property=\"og:url\" content=\"https:\/\/idonim-lingerie.fr\/en\/explorer\/\" \/>\n<meta property=\"og:site_name\" content=\"Idonim Lingerie\" \/>\n<meta property=\"article:modified_time\" content=\"2025-12-03T09:26:50+00:00\" \/>\n<meta name=\"twitter:card\" content=\"summary_large_image\" \/>\n<script type=\"application\/ld+json\" class=\"yoast-schema-graph\">{\"@context\":\"https:\\\/\\\/schema.org\",\"@graph\":[{\"@type\":\"WebPage\",\"@id\":\"https:\\\/\\\/idonim-lingerie.fr\\\/explorer\\\/\",\"url\":\"https:\\\/\\\/idonim-lingerie.fr\\\/explorer\\\/\",\"name\":\"Explorer nos fournitures lingeries - Idonim Lingerie\",\"isPartOf\":{\"@id\":\"https:\\\/\\\/idonim-lingerie.fr\\\/#website\"},\"datePublished\":\"2025-12-03T09:25:30+00:00\",\"dateModified\":\"2025-12-03T09:26:50+00:00\",\"description\":\"Trouver la fourniture ou le kit de lingerie qui vous convient \u00e0 travers nos plus de 110 cat\u00e9gories tri\u00e9 par ordre alphab\u00e9tique\",\"breadcrumb\":{\"@id\":\"https:\\\/\\\/idonim-lingerie.fr\\\/explorer\\\/#breadcrumb\"},\"inLanguage\":\"en-GB\",\"potentialAction\":[{\"@type\":\"ReadAction\",\"target\":[\"https:\\\/\\\/idonim-lingerie.fr\\\/explorer\\\/\"]}]},{\"@type\":\"BreadcrumbList\",\"@id\":\"https:\\\/\\\/idonim-lingerie.fr\\\/explorer\\\/#breadcrumb\",\"itemListElement\":[{\"@type\":\"ListItem\",\"position\":1,\"name\":\"Accueil\",\"item\":\"https:\\\/\\\/idonim-lingerie.fr\\\/en\\\/\"},{\"@type\":\"ListItem\",\"position\":2,\"name\":\"Explorer\"}]},{\"@type\":\"WebSite\",\"@id\":\"https:\\\/\\\/idonim-lingerie.fr\\\/#website\",\"url\":\"https:\\\/\\\/idonim-lingerie.fr\\\/\",\"name\":\"Idonim Lingerie\",\"description\":\"Idonim offre une s\u00e9lection vari\u00e9e de tissus, dentelles et accessoires pour vos cr\u00e9ations. Livraison rapide. Ateliers P\u00e9dagogiques. Cr\u00e9ation De Qualit\u00e9. M\u00ealant Style Et Confort.\",\"publisher\":{\"@id\":\"https:\\\/\\\/idonim-lingerie.fr\\\/#organization\"},\"potentialAction\":[{\"@type\":\"SearchAction\",\"target\":{\"@type\":\"EntryPoint\",\"urlTemplate\":\"https:\\\/\\\/idonim-lingerie.fr\\\/?s={search_term_string}\"},\"query-input\":{\"@type\":\"PropertyValueSpecification\",\"valueRequired\":true,\"valueName\":\"search_term_string\"}}],\"inLanguage\":\"en-GB\"},{\"@type\":\"Organization\",\"@id\":\"https:\\\/\\\/idonim-lingerie.fr\\\/#organization\",\"name\":\"Idonim Lingerie\",\"url\":\"https:\\\/\\\/idonim-lingerie.fr\\\/\",\"logo\":{\"@type\":\"ImageObject\",\"inLanguage\":\"en-GB\",\"@id\":\"https:\\\/\\\/idonim-lingerie.fr\\\/#\\\/schema\\\/logo\\\/image\\\/\",\"url\":\"https:\\\/\\\/idonim-lingerie.fr\\\/wp-content\\\/uploads\\\/2025\\\/12\\\/idonim_h28.webp\",\"contentUrl\":\"https:\\\/\\\/idonim-lingerie.fr\\\/wp-content\\\/uploads\\\/2025\\\/12\\\/idonim_h28.webp\",\"width\":111,\"height\":28,\"caption\":\"Idonim Lingerie\"},\"image\":{\"@id\":\"https:\\\/\\\/idonim-lingerie.fr\\\/#\\\/schema\\\/logo\\\/image\\\/\"}}]}<\/script>\n<!-- \/ Yoast SEO plugin. -->","yoast_head_json":{"title":"Explorer nos fournitures lingeries - Idonim Lingerie","description":"Trouver la fourniture ou le kit de lingerie qui vous convient \u00e0 travers nos plus de 110 cat\u00e9gories tri\u00e9 par ordre alphab\u00e9tique","robots":{"index":"index","follow":"follow","max-snippet":"max-snippet:-1","max-image-preview":"max-image-preview:large","max-video-preview":"max-video-preview:-1"},"canonical":"https:\/\/idonim-lingerie.fr\/en\/explorer\/","og_locale":"en_GB","og_type":"article","og_title":"Explorer nos fournitures lingeries - Idonim Lingerie","og_description":"Trouver la fourniture ou le kit de lingerie qui vous convient \u00e0 travers nos plus de 110 cat\u00e9gories tri\u00e9 par ordre alphab\u00e9tique","og_url":"https:\/\/idonim-lingerie.fr\/en\/explorer\/","og_site_name":"Idonim Lingerie","article_modified_time":"2025-12-03T09:26:50+00:00","twitter_card":"summary_large_image","schema":{"@context":"https:\/\/schema.org","@graph":[{"@type":"WebPage","@id":"https:\/\/idonim-lingerie.fr\/explorer\/","url":"https:\/\/idonim-lingerie.fr\/explorer\/","name":"Explorer nos fournitures lingeries - Idonim Lingerie","isPartOf":{"@id":"https:\/\/idonim-lingerie.fr\/#website"},"datePublished":"2025-12-03T09:25:30+00:00","dateModified":"2025-12-03T09:26:50+00:00","description":"Trouver la fourniture ou le kit de lingerie qui vous convient \u00e0 travers nos plus de 110 cat\u00e9gories tri\u00e9 par ordre alphab\u00e9tique","breadcrumb":{"@id":"https:\/\/idonim-lingerie.fr\/explorer\/#breadcrumb"},"inLanguage":"en-GB","potentialAction":[{"@type":"ReadAction","target":["https:\/\/idonim-lingerie.fr\/explorer\/"]}]},{"@type":"BreadcrumbList","@id":"https:\/\/idonim-lingerie.fr\/explorer\/#breadcrumb","itemListElement":[{"@type":"ListItem","position":1,"name":"Accueil","item":"https:\/\/idonim-lingerie.fr\/en\/"},{"@type":"ListItem","position":2,"name":"Explorer"}]},{"@type":"WebSite","@id":"https:\/\/idonim-lingerie.fr\/#website","url":"https:\/\/idonim-lingerie.fr\/","name":"Idonim Lingerie","description":"Idonim offers a wide selection of fabrics, laces and accessories for your creations. Fast delivery. Educational workshops. Quality creation. Mixing Style and Comfort.","publisher":{"@id":"https:\/\/idonim-lingerie.fr\/#organization"},"potentialAction":[{"@type":"SearchAction","target":{"@type":"EntryPoint","urlTemplate":"https:\/\/idonim-lingerie.fr\/?s={search_term_string}"},"query-input":{"@type":"PropertyValueSpecification","valueRequired":true,"valueName":"search_term_string"}}],"inLanguage":"en-GB"},{"@type":"Organization","@id":"https:\/\/idonim-lingerie.fr\/#organization","name":"Idonim Lingerie","url":"https:\/\/idonim-lingerie.fr\/","logo":{"@type":"ImageObject","inLanguage":"en-GB","@id":"https:\/\/idonim-lingerie.fr\/#\/schema\/logo\/image\/","url":"https:\/\/idonim-lingerie.fr\/wp-content\/uploads\/2025\/12\/idonim_h28.webp","contentUrl":"https:\/\/idonim-lingerie.fr\/wp-content\/uploads\/2025\/12\/idonim_h28.webp","width":111,"height":28,"caption":"Idonim Lingerie"},"image":{"@id":"https:\/\/idonim-lingerie.fr\/#\/schema\/logo\/image\/"}}]}},"_links":{"self":[{"href":"https:\/\/idonim-lingerie.fr\/en\/wp-json\/wp\/v2\/pages\/47368","targetHints":{"allow":["GET"]}}],"collection":[{"href":"https:\/\/idonim-lingerie.fr\/en\/wp-json\/wp\/v2\/pages"}],"about":[{"href":"https:\/\/idonim-lingerie.fr\/en\/wp-json\/wp\/v2\/types\/page"}],"author":[{"embeddable":true,"href":"https:\/\/idonim-lingerie.fr\/en\/wp-json\/wp\/v2\/users\/1"}],"replies":[{"embeddable":true,"href":"https:\/\/idonim-lingerie.fr\/en\/wp-json\/wp\/v2\/comments?post=47368"}],"version-history":[{"count":1,"href":"https:\/\/idonim-lingerie.fr\/en\/wp-json\/wp\/v2\/pages\/47368\/revisions"}],"predecessor-version":[{"id":47369,"href":"https:\/\/idonim-lingerie.fr\/en\/wp-json\/wp\/v2\/pages\/47368\/revisions\/47369"}],"wp:attachment":[{"href":"https:\/\/idonim-lingerie.fr\/en\/wp-json\/wp\/v2\/media?parent=47368"}],"curies":[{"name":"wp","href":"https:\/\/api.w.org\/{rel}","templated":true}]}}