{"id":43218,"date":"2025-02-10T18:22:23","date_gmt":"2025-02-10T17:22:23","guid":{"rendered":"https:\/\/idonim-lingerie.fr\/?page_id=43218"},"modified":"2025-02-10T18:22:23","modified_gmt":"2025-02-10T17:22:23","slug":"sitemap","status":"publish","type":"page","link":"https:\/\/idonim-lingerie.fr\/en\/sitemap\/","title":{"rendered":"Sitemap"},"content":{"rendered":"<div id=\"wp_sitemap\"><ul id=\"wp_sitemap_item\" class=\"wpsstyle-1\"><li><a href=\"https:\/\/idonim-lingerie.fr\/en\/meilleur-tissu-pour-sous-vetement\/\">Quel est le meilleur tissu pour coudre ses sous-v\u00eatements ?<\/a><\/li><li><a href=\"https:\/\/idonim-lingerie.fr\/en\/coudre-un-elastique-large-pour-un-boxer-avec-votre-machine-a-coudre\/\">Coudre un \u00e9lastique large pour un boxer avec votre machine \u00e0 coudre<\/a><\/li><li><a href=\"https:\/\/idonim-lingerie.fr\/en\/quel-tissu-choisir-pour-realiser-un-boxer-homme\/\">Quel tissu choisir pour r\u00e9aliser un boxer ou slip homme ?<\/a><\/li><li><a href=\"https:\/\/idonim-lingerie.fr\/en\/coudre-elastique-a-la-taille\/\">Coudre un \u00e9lastique \u00e0 la taille<\/a><\/li><li><a href=\"https:\/\/idonim-lingerie.fr\/en\/elastiques-des-finitions-propres\/\">Elastiques : des finitions propres<\/a><\/li><li><a href=\"https:\/\/idonim-lingerie.fr\/en\/idonim-arrive-sur-youtube\/\">Idonim arrive sur YouTube\u2728<\/a><\/li><li><a href=\"https:\/\/idonim-lingerie.fr\/en\/pourquoi-choisir-une-dentelle-large-pour-un-kimono\/\">Pourquoi choisir une dentelle large pour un kimono ?<\/a><\/li><li><a href=\"https:\/\/idonim-lingerie.fr\/en\/quel-tissu-choisir-pour-realiser-la-culotte-first\/\">Quel tissu choisir pour r\u00e9aliser la culotte First<\/a><\/li><li><a href=\"https:\/\/idonim-lingerie.fr\/en\/quel-tissu-choisir-pour-realiser-le-body-serena-ii\/\">Quel tissu choisir pour r\u00e9aliser le body SERENA II ?<\/a><\/li><li><a href=\"https:\/\/idonim-lingerie.fr\/en\/comment-calculer-la-longueur-dun-elastique\/\">Comment calculer la longueur d\u2019un \u00e9lastique ?<\/a><\/li><li><a href=\"https:\/\/idonim-lingerie.fr\/en\/nouveau-patron-de-soutien-gorge-ludivine\/\">Nouveau patron de soutien-gorge LUDIVINE! \u2728<\/a><\/li><li><a href=\"https:\/\/idonim-lingerie.fr\/en\/comment-patronner-les-tailles-jumelles-dun-soutien-gorge\/\">How to pattern twin bra sizes<\/a><\/li><li><a href=\"https:\/\/idonim-lingerie.fr\/en\/comment-determiner-la-taille-de-son-soutien-gorge\/\">How do you determine the right bra size?<\/a><\/li><li><a href=\"https:\/\/idonim-lingerie.fr\/en\/les-kits-soutien-gorges\/\">Throat support kits<\/a><\/li><li><a href=\"https:\/\/idonim-lingerie.fr\/en\/quel-tissu-choisir-pour-coudre-son-maillot-de-bain\/\">What fabric should I choose to sew my swimming costume?<\/a><\/li><li><a href=\"https:\/\/idonim-lingerie.fr\/en\/comment-laver-le-lycra\/\">How to wash lycra<\/a><\/li><li><a href=\"https:\/\/idonim-lingerie.fr\/en\/tutoriel-realiser-une-bride\/\">Tutorial - making a bridle<\/a><\/li><li><a href=\"https:\/\/idonim-lingerie.fr\/en\/tutoriel-hack-des-patrons-de-la-nuisette-louise-et-du-short-laura\/\">Tutoriel \u2013 \u00a0\u00bbhack\u00a0\u00bb des patrons LOUISE, LAURA ou LOLA<\/a><\/li><li><a href=\"https:\/\/idonim-lingerie.fr\/en\/le-patronage-dune-vetement-extensible-partie-3-creer-un-bloc-de-base-pret-a-porter\/\">Stretch garment patternmaking - part 3 - creating a basic ready-to-wear block<\/a><\/li><li><a href=\"https:\/\/idonim-lingerie.fr\/en\/le-patronage-partie-5-quels-taux-de-reduction-pour-quelles-applications\/\">Patronage - part 5 - what reduction rates? some practical examples?<\/a><\/li><li><a href=\"https:\/\/idonim-lingerie.fr\/en\/adaptation-dun-patron-extensible-partie-3-a-lhorizontal\/\">Adapting an expandable pattern - part 3 - horizontally<\/a><\/li><li><a href=\"https:\/\/idonim-lingerie.fr\/en\/le-patronage-vetement-extensible-partie-4-les-lignes-de-tension-et-points-ancrage\/\">Stretch garment patternmaking - part 4 - tension lines and anchor points<\/a><\/li><li><a href=\"https:\/\/idonim-lingerie.fr\/en\/la-patronage-dun-vetement-extensible-partie-2-papier-ou-dao\/\">Stretch garment pattern making - part 2 - paper or CAD<\/a><\/li><li><a href=\"https:\/\/idonim-lingerie.fr\/en\/adaptation-dun-patron-partie-1-les-bases\/\">Adapting an extensible pattern - part 1 - the basic data<\/a><\/li><li><a href=\"https:\/\/idonim-lingerie.fr\/en\/le-patronage-partie-1-les-bases\/\">Stretch garment patternmaking - part 1 - the basics<\/a><\/li><li><a href=\"https:\/\/idonim-lingerie.fr\/en\/quelles-finitions-pour-vos-hauts-bonnets-de-soutien-gorges\/\">What finish for your bra cups?<\/a><\/li><li><a href=\"https:\/\/idonim-lingerie.fr\/en\/conception-et-assemblage-de-pieces-realisees-en-reverso\/\">Design and assembly of reverso parts<\/a><\/li><li><a href=\"https:\/\/idonim-lingerie.fr\/en\/tutoriels-le-patron-mila\/\">Tutorials - how to double the front and back of a MILA swimming costume<\/a><\/li><li><a href=\"https:\/\/idonim-lingerie.fr\/en\/coudre-les-elastiques\/\">Sewing lingerie elastics<\/a><\/li><li><a href=\"https:\/\/idonim-lingerie.fr\/en\/positionner-et-decouper-la-dentelle\/\">Positioning and cutting the lace<\/a><\/li><li><a href=\"https:\/\/idonim-lingerie.fr\/en\/armatures-tableau-dequivalence-des-tailles-fr-eu-us-uk\/\">Underwires - size equivalence chart FR - EU - US - UK<\/a><\/li><li><a href=\"https:\/\/idonim-lingerie.fr\/en\/realiser-une-bretelle-en-tissu\/\">Making a fabric strap<\/a><\/li><li><a href=\"https:\/\/idonim-lingerie.fr\/en\/coudre-les-dentelles-et-textiles-tres-fins\/\">Sewing lace and very fine textiles<\/a><\/li><li><a href=\"https:\/\/idonim-lingerie.fr\/en\/couture-sandwich-et-maillot-de-bain\/\">Couture \u00ab\u00a0sandwich\u00a0\u00bb et maillot de bain<\/a><\/li><li><a href=\"https:\/\/idonim-lingerie.fr\/en\/curvy\/\">Curvy? But what is it?<\/a><\/li><li><a href=\"https:\/\/idonim-lingerie.fr\/en\/le-maillot-de-bain-un-vetement-tres-technique\/\">The swimming costume - a highly technical garment!<\/a><\/li><li><a href=\"https:\/\/idonim-lingerie.fr\/en\/patron-de-maillot-de-bain-versus-patron-de-body\/\">Swimming costume versus bodysuit<\/a><\/li><li><a href=\"https:\/\/idonim-lingerie.fr\/en\/position-du-bassin-et-adaptation-de-patron\/\">Adapting an expandable pattern - part 2 - vertical adaptation<\/a><\/li><li><a href=\"https:\/\/idonim-lingerie.fr\/en\/la-toile-dun-soutien-gorge\/\">The fabric of a bra<\/a><\/li><li><a href=\"https:\/\/idonim-lingerie.fr\/en\/les-elastiques\/\">Elastic bands<\/a><\/li><li><a href=\"https:\/\/idonim-lingerie.fr\/en\/quest-ce-quun-tissu-stretch\/\">What is stretch fabric?<\/a><\/li><li><a href=\"https:\/\/idonim-lingerie.fr\/en\/le-powernet-quest-ce-que-cest\/\">What is the Powernet?<\/a><\/li><li><a href=\"https:\/\/idonim-lingerie.fr\/en\/les-agrafes-dos\/\">Back staples<\/a><\/li><li><a href=\"https:\/\/idonim-lingerie.fr\/en\/guide-des-tissus-et-des-fournitures-pour-son-maillot-de-bain\/\">Guide to swimwear supplies.<\/a><\/li><li><a href=\"https:\/\/idonim-lingerie.fr\/en\/et-si-on-parlait-patron-de-maillot-de-bain\/\">Let's talk about swimming costume patterns.<\/a><\/li><li><a href=\"https:\/\/idonim-lingerie.fr\/en\/les-armatures-comment-les-choisir\/\">Armatures - How to choose them?<\/a><\/li><li><a href=\"https:\/\/idonim-lingerie.fr\/en\/couleurs-et-teintes\/\">Colours and shades<\/a><\/li><li><a href=\"https:\/\/idonim-lingerie.fr\/en\/quel-fil-utiliser-pour-coudre-de-la-lingerie\/\">Which thread to use for sewing lingerie<\/a><\/li><li><a href=\"https:\/\/idonim-lingerie.fr\/en\/couture-lingerie-nos-meilleurs-amis\/\">Sewing lingerie: our best \"friends\"!<\/a><\/li><li><a href=\"https:\/\/idonim-lingerie.fr\/en\/marquisette-ou-maille-doublure\/\">Marquisette or Knitted Lining?<\/a><\/li><\/ul><\/div>\n<div id=\"wp_sitemap\"><ul id=\"wp_sitemap_item\" class=\"wpsstyle-1\"><li><a href=\"https:\/\/idonim-lingerie.fr\/en\/patron-tanga-gratuit\/\">Patron Tanga Gratuit \u2013 T\u00e9l\u00e9chargement Imm\u00e9diat<\/a><\/li><li><a href=\"https:\/\/idonim-lingerie.fr\/en\/patron-couture-sous-vetements\/\">Patron couture sous-v\u00eatements femme<\/a><\/li><li><a href=\"https:\/\/idonim-lingerie.fr\/en\/patron-robe-nuisette-louise\/\">Patron robe nuisette LOUISE \u00e0 coudre soi-m\u00eame<\/a><\/li><li><a href=\"https:\/\/idonim-lingerie.fr\/en\/couture-lingerie\/\">Couture lingerie<\/a><\/li><li><a href=\"https:\/\/idonim-lingerie.fr\/en\/elastique-pour-soutien-gorge\/\">Elastique pour soutien gorge<\/a><\/li><li><a href=\"https:\/\/idonim-lingerie.fr\/en\/elastique-pour-culotte\/\">\u00c9lastique pour culotte<\/a><\/li><li><a href=\"https:\/\/idonim-lingerie.fr\/en\/patron-pyjama-pdf\/\">Patron Pyjama pdf<\/a><\/li><li><a href=\"https:\/\/idonim-lingerie.fr\/en\/explorer\/\">Explorer<\/a><\/li><li><a href=\"https:\/\/idonim-lingerie.fr\/en\/nos-avis\/\">Nos avis<\/a><\/li><li><a href=\"https:\/\/idonim-lingerie.fr\/en\/tissus-dentelle-rouge\/\">Tissus dentelle rouge<\/a><\/li><li><a href=\"https:\/\/idonim-lingerie.fr\/en\/tissus-dentelle-ivoire\/\">Tissus dentelle ivoire<\/a><\/li><li><a href=\"https:\/\/idonim-lingerie.fr\/en\/tissus-dentelle-par-couleur\/\">Tissus Dentelle par couleur<\/a><\/li><li><a href=\"https:\/\/idonim-lingerie.fr\/en\/merci-de-votre-inscription-a-la-newsletter\/\">Merci de votre inscription \u00e0 la newsletter<\/a><\/li><li><a href=\"https:\/\/idonim-lingerie.fr\/en\/reserver-atelier\/\">Book workshop<\/a><\/li><li><a href=\"https:\/\/idonim-lingerie.fr\/en\/sitemap\/\">Sitemap<\/a><\/li><li><a href=\"https:\/\/idonim-lingerie.fr\/en\/shop-2\/\">Shop<\/a><\/li><li><a href=\"https:\/\/idonim-lingerie.fr\/en\/order\/\">Order<\/a><\/li><li><a href=\"https:\/\/idonim-lingerie.fr\/en\/legal-notice\/\">Legal Notice<\/a><\/li><li><a href=\"https:\/\/idonim-lingerie.fr\/en\/shop\/\">Shop<\/a><\/li><li><a href=\"https:\/\/idonim-lingerie.fr\/en\/in-regards-to\/\">In regards to<\/a><\/li><li><a href=\"https:\/\/idonim-lingerie.fr\/en\/track-my-package\/\">Track my package<\/a><\/li><li><a href=\"https:\/\/idonim-lingerie.fr\/en\/wish-list\/\">Wish list<\/a><\/li><li><a href=\"https:\/\/idonim-lingerie.fr\/en\/delivery-and-transport\/\">Delivery and transport<\/a><\/li><li><a href=\"https:\/\/idonim-lingerie.fr\/en\/wishlist\/\">Wishlist<\/a><\/li><li><a href=\"https:\/\/idonim-lingerie.fr\/en\/my-account\/\">My account<\/a><\/li><li><a href=\"https:\/\/idonim-lingerie.fr\/en\/privacy-and-cookies-policy\/\">Privacy and cookies policy<\/a><\/li><li><a href=\"https:\/\/idonim-lingerie.fr\/en\/lingerie-making-workshop\/\">Lingerie making workshop<\/a><\/li><li><a href=\"https:\/\/idonim-lingerie.fr\/en\/basket\/\">Card<\/a><\/li><li><a href=\"https:\/\/idonim-lingerie.fr\/en\/terms-of-sales\/\">Terms of Sales<\/a><\/li><li><a href=\"https:\/\/idonim-lingerie.fr\/en\/gallery\/\">Gallery<\/a><\/li><li><a href=\"https:\/\/idonim-lingerie.fr\/en\/example-page\/\">Example page<\/a><\/li><li><a href=\"https:\/\/idonim-lingerie.fr\/en\/promotional-products\/\">Promotional products<\/a><\/li><li><a href=\"https:\/\/idonim-lingerie.fr\/en\/faqs\/\">FAQ\u2019s<\/a><\/li><li><a href=\"https:\/\/idonim-lingerie.fr\/en\/home\/\">Home<\/a><\/li><li><a href=\"https:\/\/idonim-lingerie.fr\/en\/checkout\/\">Checkout<\/a><\/li><li><a href=\"https:\/\/idonim-lingerie.fr\/en\/new-arrivals\/\">New arrivals<\/a><\/li><li><a href=\"https:\/\/idonim-lingerie.fr\/en\/newspaper\/\">Blog<\/a><\/li><li><a href=\"https:\/\/idonim-lingerie.fr\/en\/livraison-et-transport\/\">Delivery and Transport<\/a><\/li><li><a href=\"https:\/\/idonim-lingerie.fr\/en\/ateliers-confection-lingerie\/\">Lingerie workshop<\/a><\/li><li><a href=\"https:\/\/idonim-lingerie.fr\/en\/galerie\/\">Gallery<\/a><\/li><li><a href=\"https:\/\/idonim-lingerie.fr\/en\/produits-en-promotion\/\">Promotional products<\/a><\/li><li><a href=\"https:\/\/idonim-lingerie.fr\/en\/nouveautes\/\">News<\/a><\/li><li><a href=\"https:\/\/idonim-lingerie.fr\/en\/mentions-legales\/\">Legal information<\/a><\/li><li><a href=\"https:\/\/idonim-lingerie.fr\/en\/liste-de-souhaits\/\">Wish list<\/a><\/li><li><a href=\"https:\/\/idonim-lingerie.fr\/en\/panier\/\">Basket<\/a><\/li><li><a href=\"https:\/\/idonim-lingerie.fr\/en\/commander\/\">Order<\/a><\/li><li><a href=\"https:\/\/idonim-lingerie.fr\/en\/mon-compte\/\">My account<\/a><\/li><li><a href=\"https:\/\/idonim-lingerie.fr\/en\/checkout\/\">Checkout<\/a><\/li><li><a href=\"https:\/\/idonim-lingerie.fr\/en\/page-d-exemple\/\">Example page<\/a><\/li><li><a href=\"https:\/\/idonim-lingerie.fr\/en\/politique-confidentialite-cookies\/\">Privacy and Cookie Policy<\/a><\/li><li><a href=\"https:\/\/idonim-lingerie.fr\/en\/contact\/\">Contact<\/a><\/li><li><a href=\"https:\/\/idonim-lingerie.fr\/en\/\">Home<\/a><\/li><li><a href=\"https:\/\/idonim-lingerie.fr\/en\/a-propos\/\">About us<\/a><\/li><li><a href=\"https:\/\/idonim-lingerie.fr\/en\/tracker-colis\/\">Track my package<\/a><\/li><li><a href=\"https:\/\/idonim-lingerie.fr\/en\/terms-conditions\/\">General terms and conditions of sale<\/a><\/li><li><a href=\"https:\/\/idonim-lingerie.fr\/en\/faqs\/\">FAQ\u2019s<\/a><\/li><li><a href=\"https:\/\/idonim-lingerie.fr\/en\/blog\/\">Blog<\/a><\/li><li><a href=\"https:\/\/idonim-lingerie.fr\/en\/wishlist\/\">Wishlist<\/a><\/li><li><a href=\"https:\/\/idonim-lingerie.fr\/en\/boutique\/\">Shop<\/a><\/li><li><a href=\"https:\/\/idonim-lingerie.fr\/en\/shop\/\">Shop<\/a><\/li><\/ul><\/div>","protected":false},"excerpt":{"rendered":"","protected":false},"author":1,"featured_media":0,"parent":0,"menu_order":0,"comment_status":"closed","ping_status":"closed","template":"","meta":{"footnotes":""},"class_list":["post-43218","page","type-page","status-publish","hentry"],"yoast_head":"<!-- This site is optimized with the Yoast SEO plugin v27.6 - https:\/\/yoast.com\/product\/yoast-seo-wordpress\/ -->\n<title>Sitemap - Idonim Lingerie<\/title>\n<meta name=\"robots\" content=\"index, follow, max-snippet:-1, max-image-preview:large, max-video-preview:-1\" \/>\n<link rel=\"canonical\" href=\"https:\/\/idonim-lingerie.fr\/en\/sitemap\/\" \/>\n<meta property=\"og:locale\" content=\"en_GB\" \/>\n<meta property=\"og:type\" content=\"article\" \/>\n<meta property=\"og:title\" content=\"Sitemap - Idonim Lingerie\" \/>\n<meta property=\"og:url\" content=\"https:\/\/idonim-lingerie.fr\/en\/sitemap\/\" \/>\n<meta property=\"og:site_name\" content=\"Idonim Lingerie\" \/>\n<meta name=\"twitter:card\" content=\"summary_large_image\" \/>\n<meta name=\"twitter:label1\" content=\"Estimated reading time\" \/>\n\t<meta name=\"twitter:data1\" content=\"1 minute\" \/>\n<script type=\"application\/ld+json\" class=\"yoast-schema-graph\">{\"@context\":\"https:\\\/\\\/schema.org\",\"@graph\":[{\"@type\":\"WebPage\",\"@id\":\"https:\\\/\\\/idonim-lingerie.fr\\\/sitemap\\\/\",\"url\":\"https:\\\/\\\/idonim-lingerie.fr\\\/sitemap\\\/\",\"name\":\"Sitemap - Idonim Lingerie\",\"isPartOf\":{\"@id\":\"https:\\\/\\\/idonim-lingerie.fr\\\/#website\"},\"datePublished\":\"2025-02-10T17:22:23+00:00\",\"breadcrumb\":{\"@id\":\"https:\\\/\\\/idonim-lingerie.fr\\\/sitemap\\\/#breadcrumb\"},\"inLanguage\":\"en-GB\",\"potentialAction\":[{\"@type\":\"ReadAction\",\"target\":[\"https:\\\/\\\/idonim-lingerie.fr\\\/sitemap\\\/\"]}]},{\"@type\":\"BreadcrumbList\",\"@id\":\"https:\\\/\\\/idonim-lingerie.fr\\\/sitemap\\\/#breadcrumb\",\"itemListElement\":[{\"@type\":\"ListItem\",\"position\":1,\"name\":\"Accueil\",\"item\":\"https:\\\/\\\/idonim-lingerie.fr\\\/\"},{\"@type\":\"ListItem\",\"position\":2,\"name\":\"Sitemap\"}]},{\"@type\":\"WebSite\",\"@id\":\"https:\\\/\\\/idonim-lingerie.fr\\\/#website\",\"url\":\"https:\\\/\\\/idonim-lingerie.fr\\\/\",\"name\":\"Idonim Lingerie\",\"description\":\"Idonim offre une s\u00e9lection vari\u00e9e de tissus, dentelles et accessoires pour vos cr\u00e9ations. Livraison rapide. Ateliers P\u00e9dagogiques. Cr\u00e9ation De Qualit\u00e9. M\u00ealant Style Et Confort.\",\"publisher\":{\"@id\":\"https:\\\/\\\/idonim-lingerie.fr\\\/#organization\"},\"potentialAction\":[{\"@type\":\"SearchAction\",\"target\":{\"@type\":\"EntryPoint\",\"urlTemplate\":\"https:\\\/\\\/idonim-lingerie.fr\\\/?s={search_term_string}\"},\"query-input\":{\"@type\":\"PropertyValueSpecification\",\"valueRequired\":true,\"valueName\":\"search_term_string\"}}],\"inLanguage\":\"en-GB\"},{\"@type\":\"Organization\",\"@id\":\"https:\\\/\\\/idonim-lingerie.fr\\\/#organization\",\"name\":\"Idonim Lingerie\",\"url\":\"https:\\\/\\\/idonim-lingerie.fr\\\/\",\"logo\":{\"@type\":\"ImageObject\",\"inLanguage\":\"en-GB\",\"@id\":\"https:\\\/\\\/idonim-lingerie.fr\\\/#\\\/schema\\\/logo\\\/image\\\/\",\"url\":\"https:\\\/\\\/idonim-lingerie.fr\\\/wp-content\\\/uploads\\\/2025\\\/12\\\/idonim_h28.webp\",\"contentUrl\":\"https:\\\/\\\/idonim-lingerie.fr\\\/wp-content\\\/uploads\\\/2025\\\/12\\\/idonim_h28.webp\",\"width\":111,\"height\":28,\"caption\":\"Idonim Lingerie\"},\"image\":{\"@id\":\"https:\\\/\\\/idonim-lingerie.fr\\\/#\\\/schema\\\/logo\\\/image\\\/\"}}]}<\/script>\n<!-- \/ Yoast SEO plugin. -->","yoast_head_json":{"title":"Sitemap - Idonim Lingerie","robots":{"index":"index","follow":"follow","max-snippet":"max-snippet:-1","max-image-preview":"max-image-preview:large","max-video-preview":"max-video-preview:-1"},"canonical":"https:\/\/idonim-lingerie.fr\/en\/sitemap\/","og_locale":"en_GB","og_type":"article","og_title":"Sitemap - Idonim Lingerie","og_url":"https:\/\/idonim-lingerie.fr\/en\/sitemap\/","og_site_name":"Idonim Lingerie","twitter_card":"summary_large_image","twitter_misc":{"Estimated reading time":"1 minute"},"schema":{"@context":"https:\/\/schema.org","@graph":[{"@type":"WebPage","@id":"https:\/\/idonim-lingerie.fr\/sitemap\/","url":"https:\/\/idonim-lingerie.fr\/sitemap\/","name":"Sitemap - Idonim Lingerie","isPartOf":{"@id":"https:\/\/idonim-lingerie.fr\/#website"},"datePublished":"2025-02-10T17:22:23+00:00","breadcrumb":{"@id":"https:\/\/idonim-lingerie.fr\/sitemap\/#breadcrumb"},"inLanguage":"en-GB","potentialAction":[{"@type":"ReadAction","target":["https:\/\/idonim-lingerie.fr\/sitemap\/"]}]},{"@type":"BreadcrumbList","@id":"https:\/\/idonim-lingerie.fr\/sitemap\/#breadcrumb","itemListElement":[{"@type":"ListItem","position":1,"name":"Accueil","item":"https:\/\/idonim-lingerie.fr\/"},{"@type":"ListItem","position":2,"name":"Sitemap"}]},{"@type":"WebSite","@id":"https:\/\/idonim-lingerie.fr\/#website","url":"https:\/\/idonim-lingerie.fr\/","name":"Idonim Lingerie","description":"Idonim offers a wide selection of fabrics, laces and accessories for your creations. Fast delivery. Educational workshops. Quality creation. Mixing Style and Comfort.","publisher":{"@id":"https:\/\/idonim-lingerie.fr\/#organization"},"potentialAction":[{"@type":"SearchAction","target":{"@type":"EntryPoint","urlTemplate":"https:\/\/idonim-lingerie.fr\/?s={search_term_string}"},"query-input":{"@type":"PropertyValueSpecification","valueRequired":true,"valueName":"search_term_string"}}],"inLanguage":"en-GB"},{"@type":"Organization","@id":"https:\/\/idonim-lingerie.fr\/#organization","name":"Idonim Lingerie","url":"https:\/\/idonim-lingerie.fr\/","logo":{"@type":"ImageObject","inLanguage":"en-GB","@id":"https:\/\/idonim-lingerie.fr\/#\/schema\/logo\/image\/","url":"https:\/\/idonim-lingerie.fr\/wp-content\/uploads\/2025\/12\/idonim_h28.webp","contentUrl":"https:\/\/idonim-lingerie.fr\/wp-content\/uploads\/2025\/12\/idonim_h28.webp","width":111,"height":28,"caption":"Idonim Lingerie"},"image":{"@id":"https:\/\/idonim-lingerie.fr\/#\/schema\/logo\/image\/"}}]}},"_links":{"self":[{"href":"https:\/\/idonim-lingerie.fr\/en\/wp-json\/wp\/v2\/pages\/43218","targetHints":{"allow":["GET"]}}],"collection":[{"href":"https:\/\/idonim-lingerie.fr\/en\/wp-json\/wp\/v2\/pages"}],"about":[{"href":"https:\/\/idonim-lingerie.fr\/en\/wp-json\/wp\/v2\/types\/page"}],"author":[{"embeddable":true,"href":"https:\/\/idonim-lingerie.fr\/en\/wp-json\/wp\/v2\/users\/1"}],"replies":[{"embeddable":true,"href":"https:\/\/idonim-lingerie.fr\/en\/wp-json\/wp\/v2\/comments?post=43218"}],"version-history":[{"count":1,"href":"https:\/\/idonim-lingerie.fr\/en\/wp-json\/wp\/v2\/pages\/43218\/revisions"}],"predecessor-version":[{"id":43219,"href":"https:\/\/idonim-lingerie.fr\/en\/wp-json\/wp\/v2\/pages\/43218\/revisions\/43219"}],"wp:attachment":[{"href":"https:\/\/idonim-lingerie.fr\/en\/wp-json\/wp\/v2\/media?parent=43218"}],"curies":[{"name":"wp","href":"https:\/\/api.w.org\/{rel}","templated":true}]}}